{"id":23343,"date":"2024-10-06T18:02:23","date_gmt":"2024-10-06T15:02:23","guid":{"rendered":"https:\/\/nirigs.com\/produit\/leader-price-chips-a-lancienne-extra-fine-150-g\/"},"modified":"2025-02-02T14:59:03","modified_gmt":"2025-02-02T11:59:03","slug":"leader-price-chips-a-lancienne-extra-fine-150-g","status":"publish","type":"product","link":"https:\/\/nirigs.com\/en\/product\/leader-price-chips-a-lancienne-extra-fine-150-g\/","title":{"rendered":"Leader Price &#8211; Chips \u00e0 l&rsquo;ancienne extra fine &#8211; 150 g"},"content":{"rendered":"<p>Les <strong>chips \u00e0 l&rsquo;ancienne extra fines<\/strong> de <strong>Leader Price<\/strong> sont pr\u00e9par\u00e9es selon une m\u00e9thode traditionnelle, offrant une texture croustillante et l\u00e9g\u00e8re. Elles sont finement tranch\u00e9es et d\u00e9licatement sal\u00e9es pour rehausser leur saveur naturelle. Parfaites pour un ap\u00e9ritif ou pour accompagner vos repas, ces chips s\u00e9duiront les amateurs de snacks authentiques et savoureux.<\/p>\n<h4><strong>Ingredients:<\/strong><\/h4>\n<p>Pommes de terre, huile de tournesol, sel.<\/p>\n<h4><strong>Allerg\u00e8nes :<\/strong><\/h4>\n<p>Peut contenir des traces de c\u00e9r\u00e9ales, lait, moutarde, c\u00e9leri.<\/p>","protected":false},"excerpt":{"rendered":"<p>Les chips \u00e0 l&rsquo;ancienne extra fines de Leader Price sont pr\u00e9par\u00e9es selon une m\u00e9thode traditionnelle, offrant une texture croustillante et<\/p>","protected":false},"featured_media":25303,"comment_status":"open","ping_status":"closed","template":"","meta":[],"pwb-brand":[1166],"product_brand":[],"product_cat":[1127,1126,275],"product_tag":[],"class_list":{"0":"post-23343","1":"product","2":"type-product","3":"status-publish","4":"has-post-thumbnail","6":"pwb-brand-leader-price","7":"product_cat-chips","8":"product_cat-en-cas-et-friandises","9":"product_cat-epicerie","11":"first","12":"instock","13":"shipping-taxable","14":"purchasable","15":"product-type-simple"},"yoast_head":"<!-- This site is optimized with the Yoast SEO plugin v27.1.1 - https:\/\/yoast.com\/product\/yoast-seo-wordpress\/ -->\n<title>Leader Price - Chips \u00e0 l&#039;ancienne extra fine - 150 g - NIRIGS<\/title>\n<meta name=\"robots\" content=\"index, follow, max-snippet:-1, max-image-preview:large, max-video-preview:-1\" \/>\n<link rel=\"canonical\" href=\"https:\/\/nirigs.com\/en\/product\/leader-price-chips-a-lancienne-extra-fine-150-g\/\" \/>\n<meta property=\"og:locale\" content=\"en_US\" \/>\n<meta property=\"og:type\" content=\"article\" \/>\n<meta property=\"og:title\" content=\"Leader Price - Chips \u00e0 l&#039;ancienne extra fine - 150 g - NIRIGS\" \/>\n<meta property=\"og:description\" content=\"Les chips \u00e0 l&rsquo;ancienne extra fines de Leader Price sont pr\u00e9par\u00e9es selon une m\u00e9thode traditionnelle, offrant une texture croustillante et\" \/>\n<meta property=\"og:url\" content=\"https:\/\/nirigs.com\/en\/product\/leader-price-chips-a-lancienne-extra-fine-150-g\/\" \/>\n<meta property=\"og:site_name\" content=\"NIRIGS\" \/>\n<meta property=\"article:modified_time\" content=\"2025-02-02T11:59:03+00:00\" \/>\n<meta property=\"og:image\" content=\"https:\/\/nirigs.com\/wp-content\/uploads\/2024\/10\/Leader-Price-Chips-a-lancienne-extra-fine-150-g.jpg\" \/>\n\t<meta property=\"og:image:width\" content=\"1000\" \/>\n\t<meta property=\"og:image:height\" content=\"1000\" \/>\n\t<meta property=\"og:image:type\" content=\"image\/jpeg\" \/>\n<meta name=\"twitter:card\" content=\"summary_large_image\" \/>\n<script type=\"application\/ld+json\" class=\"yoast-schema-graph\">{\"@context\":\"https:\/\/schema.org\",\"@graph\":[{\"@type\":\"WebPage\",\"@id\":\"https:\/\/nirigs.com\/product\/leader-price-chips-a-lancienne-extra-fine-150-g\/\",\"url\":\"https:\/\/nirigs.com\/product\/leader-price-chips-a-lancienne-extra-fine-150-g\/\",\"name\":\"Leader Price - Chips \u00e0 l'ancienne extra fine - 150 g - NIRIGS\",\"isPartOf\":{\"@id\":\"https:\/\/nirigs.com\/#website\"},\"primaryImageOfPage\":{\"@id\":\"https:\/\/nirigs.com\/product\/leader-price-chips-a-lancienne-extra-fine-150-g\/#primaryimage\"},\"image\":{\"@id\":\"https:\/\/nirigs.com\/product\/leader-price-chips-a-lancienne-extra-fine-150-g\/#primaryimage\"},\"thumbnailUrl\":\"https:\/\/nirigs.com\/wp-content\/uploads\/2024\/10\/Leader-Price-Chips-a-lancienne-extra-fine-150-g.jpg\",\"datePublished\":\"2024-10-06T15:02:23+00:00\",\"dateModified\":\"2025-02-02T11:59:03+00:00\",\"breadcrumb\":{\"@id\":\"https:\/\/nirigs.com\/product\/leader-price-chips-a-lancienne-extra-fine-150-g\/#breadcrumb\"},\"inLanguage\":\"en-US\",\"potentialAction\":[{\"@type\":\"ReadAction\",\"target\":[\"https:\/\/nirigs.com\/product\/leader-price-chips-a-lancienne-extra-fine-150-g\/\"]}]},{\"@type\":\"ImageObject\",\"inLanguage\":\"en-US\",\"@id\":\"https:\/\/nirigs.com\/product\/leader-price-chips-a-lancienne-extra-fine-150-g\/#primaryimage\",\"url\":\"https:\/\/nirigs.com\/wp-content\/uploads\/2024\/10\/Leader-Price-Chips-a-lancienne-extra-fine-150-g.jpg\",\"contentUrl\":\"https:\/\/nirigs.com\/wp-content\/uploads\/2024\/10\/Leader-Price-Chips-a-lancienne-extra-fine-150-g.jpg\",\"width\":1000,\"height\":1000},{\"@type\":\"BreadcrumbList\",\"@id\":\"https:\/\/nirigs.com\/product\/leader-price-chips-a-lancienne-extra-fine-150-g\/#breadcrumb\",\"itemListElement\":[{\"@type\":\"ListItem\",\"position\":1,\"name\":\"Home\",\"item\":\"https:\/\/nirigs.com\/\"},{\"@type\":\"ListItem\",\"position\":2,\"name\":\"Parcourir\",\"item\":\"https:\/\/nirigs.com\/boutique\/\"},{\"@type\":\"ListItem\",\"position\":3,\"name\":\"Leader Price &#8211; Chips \u00e0 l&rsquo;ancienne extra fine &#8211; 150 g\"}]},{\"@type\":\"WebSite\",\"@id\":\"https:\/\/nirigs.com\/#website\",\"url\":\"https:\/\/nirigs.com\/\",\"name\":\"Nirigs.com\",\"description\":\"Simplifiez vos achats du quotidien \u00e0 Djibouti\",\"publisher\":{\"@id\":\"https:\/\/nirigs.com\/#organization\"},\"potentialAction\":[{\"@type\":\"SearchAction\",\"target\":{\"@type\":\"EntryPoint\",\"urlTemplate\":\"https:\/\/nirigs.com\/?s={search_term_string}\"},\"query-input\":{\"@type\":\"PropertyValueSpecification\",\"valueRequired\":true,\"valueName\":\"search_term_string\"}}],\"inLanguage\":\"en-US\"},{\"@type\":\"Organization\",\"@id\":\"https:\/\/nirigs.com\/#organization\",\"name\":\"Nirigs\",\"url\":\"https:\/\/nirigs.com\/\",\"logo\":{\"@type\":\"ImageObject\",\"inLanguage\":\"en-US\",\"@id\":\"https:\/\/nirigs.com\/#\/schema\/logo\/image\/\",\"url\":\"https:\/\/nirigs.com\/wp-content\/uploads\/2025\/04\/Design-sans-titre-27.png\",\"contentUrl\":\"https:\/\/nirigs.com\/wp-content\/uploads\/2025\/04\/Design-sans-titre-27.png\",\"width\":500,\"height\":500,\"caption\":\"Nirigs\"},\"image\":{\"@id\":\"https:\/\/nirigs.com\/#\/schema\/logo\/image\/\"}}]}<\/script>\n<!-- \/ Yoast SEO plugin. -->","yoast_head_json":{"title":"Leader Price - Chips \u00e0 l'ancienne extra fine - 150 g - NIRIGS","robots":{"index":"index","follow":"follow","max-snippet":"max-snippet:-1","max-image-preview":"max-image-preview:large","max-video-preview":"max-video-preview:-1"},"canonical":"https:\/\/nirigs.com\/en\/product\/leader-price-chips-a-lancienne-extra-fine-150-g\/","og_locale":"en_US","og_type":"article","og_title":"Leader Price - Chips \u00e0 l'ancienne extra fine - 150 g - NIRIGS","og_description":"Les chips \u00e0 l&rsquo;ancienne extra fines de Leader Price sont pr\u00e9par\u00e9es selon une m\u00e9thode traditionnelle, offrant une texture croustillante et","og_url":"https:\/\/nirigs.com\/en\/product\/leader-price-chips-a-lancienne-extra-fine-150-g\/","og_site_name":"NIRIGS","article_modified_time":"2025-02-02T11:59:03+00:00","og_image":[{"width":1000,"height":1000,"url":"https:\/\/nirigs.com\/wp-content\/uploads\/2024\/10\/Leader-Price-Chips-a-lancienne-extra-fine-150-g.jpg","type":"image\/jpeg"}],"twitter_card":"summary_large_image","schema":{"@context":"https:\/\/schema.org","@graph":[{"@type":"WebPage","@id":"https:\/\/nirigs.com\/product\/leader-price-chips-a-lancienne-extra-fine-150-g\/","url":"https:\/\/nirigs.com\/product\/leader-price-chips-a-lancienne-extra-fine-150-g\/","name":"Leader Price - Chips \u00e0 l'ancienne extra fine - 150 g - NIRIGS","isPartOf":{"@id":"https:\/\/nirigs.com\/#website"},"primaryImageOfPage":{"@id":"https:\/\/nirigs.com\/product\/leader-price-chips-a-lancienne-extra-fine-150-g\/#primaryimage"},"image":{"@id":"https:\/\/nirigs.com\/product\/leader-price-chips-a-lancienne-extra-fine-150-g\/#primaryimage"},"thumbnailUrl":"https:\/\/nirigs.com\/wp-content\/uploads\/2024\/10\/Leader-Price-Chips-a-lancienne-extra-fine-150-g.jpg","datePublished":"2024-10-06T15:02:23+00:00","dateModified":"2025-02-02T11:59:03+00:00","breadcrumb":{"@id":"https:\/\/nirigs.com\/product\/leader-price-chips-a-lancienne-extra-fine-150-g\/#breadcrumb"},"inLanguage":"en-US","potentialAction":[{"@type":"ReadAction","target":["https:\/\/nirigs.com\/product\/leader-price-chips-a-lancienne-extra-fine-150-g\/"]}]},{"@type":"ImageObject","inLanguage":"en-US","@id":"https:\/\/nirigs.com\/product\/leader-price-chips-a-lancienne-extra-fine-150-g\/#primaryimage","url":"https:\/\/nirigs.com\/wp-content\/uploads\/2024\/10\/Leader-Price-Chips-a-lancienne-extra-fine-150-g.jpg","contentUrl":"https:\/\/nirigs.com\/wp-content\/uploads\/2024\/10\/Leader-Price-Chips-a-lancienne-extra-fine-150-g.jpg","width":1000,"height":1000},{"@type":"BreadcrumbList","@id":"https:\/\/nirigs.com\/product\/leader-price-chips-a-lancienne-extra-fine-150-g\/#breadcrumb","itemListElement":[{"@type":"ListItem","position":1,"name":"Home","item":"https:\/\/nirigs.com\/"},{"@type":"ListItem","position":2,"name":"Parcourir","item":"https:\/\/nirigs.com\/boutique\/"},{"@type":"ListItem","position":3,"name":"Leader Price &#8211; Chips \u00e0 l&rsquo;ancienne extra fine &#8211; 150 g"}]},{"@type":"WebSite","@id":"https:\/\/nirigs.com\/#website","url":"https:\/\/nirigs.com\/","name":"Nirigs.com","description":"Simplifiez vos achats du quotidien \u00e0 Djibouti","publisher":{"@id":"https:\/\/nirigs.com\/#organization"},"potentialAction":[{"@type":"SearchAction","target":{"@type":"EntryPoint","urlTemplate":"https:\/\/nirigs.com\/?s={search_term_string}"},"query-input":{"@type":"PropertyValueSpecification","valueRequired":true,"valueName":"search_term_string"}}],"inLanguage":"en-US"},{"@type":"Organization","@id":"https:\/\/nirigs.com\/#organization","name":"Nirigs","url":"https:\/\/nirigs.com\/","logo":{"@type":"ImageObject","inLanguage":"en-US","@id":"https:\/\/nirigs.com\/#\/schema\/logo\/image\/","url":"https:\/\/nirigs.com\/wp-content\/uploads\/2025\/04\/Design-sans-titre-27.png","contentUrl":"https:\/\/nirigs.com\/wp-content\/uploads\/2025\/04\/Design-sans-titre-27.png","width":500,"height":500,"caption":"Nirigs"},"image":{"@id":"https:\/\/nirigs.com\/#\/schema\/logo\/image\/"}}]}},"brands":[{"id":1166,"name":"Leader Price","slug":"leader-price"}],"_links":{"self":[{"href":"https:\/\/nirigs.com\/en\/wp-json\/wp\/v2\/product\/23343","targetHints":{"allow":["GET"]}}],"collection":[{"href":"https:\/\/nirigs.com\/en\/wp-json\/wp\/v2\/product"}],"about":[{"href":"https:\/\/nirigs.com\/en\/wp-json\/wp\/v2\/types\/product"}],"replies":[{"embeddable":true,"href":"https:\/\/nirigs.com\/en\/wp-json\/wp\/v2\/comments?post=23343"}],"version-history":[{"count":3,"href":"https:\/\/nirigs.com\/en\/wp-json\/wp\/v2\/product\/23343\/revisions"}],"predecessor-version":[{"id":23808,"href":"https:\/\/nirigs.com\/en\/wp-json\/wp\/v2\/product\/23343\/revisions\/23808"}],"wp:featuredmedia":[{"embeddable":true,"href":"https:\/\/nirigs.com\/en\/wp-json\/wp\/v2\/media\/25303"}],"wp:attachment":[{"href":"https:\/\/nirigs.com\/en\/wp-json\/wp\/v2\/media?parent=23343"}],"wp:term":[{"taxonomy":"pwb-brand","embeddable":true,"href":"https:\/\/nirigs.com\/en\/wp-json\/wp\/v2\/pwb-brand?post=23343"},{"taxonomy":"product_brand","embeddable":true,"href":"https:\/\/nirigs.com\/en\/wp-json\/wp\/v2\/product_brand?post=23343"},{"taxonomy":"product_cat","embeddable":true,"href":"https:\/\/nirigs.com\/en\/wp-json\/wp\/v2\/product_cat?post=23343"},{"taxonomy":"product_tag","embeddable":true,"href":"https:\/\/nirigs.com\/en\/wp-json\/wp\/v2\/product_tag?post=23343"}],"curies":[{"name":"wp","href":"https:\/\/api.w.org\/{rel}","templated":true}]}}