{"id":23330,"date":"2024-10-06T18:02:18","date_gmt":"2024-10-06T15:02:18","guid":{"rendered":"https:\/\/nirigs.com\/produit\/leader-price-gel-wc-fraicheur-marine-750-ml\/"},"modified":"2025-02-02T15:01:25","modified_gmt":"2025-02-02T12:01:25","slug":"leader-price-gel-wc-fraicheur-marine-750-ml","status":"publish","type":"product","link":"https:\/\/nirigs.com\/en\/product\/leader-price-gel-wc-fraicheur-marine-750-ml\/","title":{"rendered":"Leader Price &#8211; Gel wc fra\u00eecheur marine &#8211; 750 ml"},"content":{"rendered":"<p>Le <strong>gel WC fra\u00eecheur marine<\/strong> de <strong>Leader Price<\/strong> est con\u00e7u pour nettoyer et d\u00e9sinfecter efficacement les toilettes tout en laissant une agr\u00e9able sensation de fra\u00eecheur marine. Gr\u00e2ce \u00e0 sa formule nettoyante et d\u00e9tartrante, ce gel \u00e9limine les salet\u00e9s, les bact\u00e9ries et le tartre, tout en procurant une fra\u00eecheur durable. Il adh\u00e8re bien aux parois pour une action longue dur\u00e9e.<\/p>\n<h4><strong>Ingredients:<\/strong><\/h4>\n<p>Aqua, tensioactifs anioniques, acide citrique, agents de conservation, parfum (fra\u00eecheur marine).<\/p>\n<h4><strong>Manual :<\/strong><\/h4>\n<ol>\n<li>Soulever la lunette des toilettes.<\/li>\n<li>Appliquer g\u00e9n\u00e9reusement le produit sous le rebord de la cuvette en pressant l\u00e9g\u00e8rement.<\/li>\n<li>Laisser agir pendant 10 \u00e0 15 minutes pour un nettoyage en profondeur.<\/li>\n<li>Brosser si n\u00e9cessaire, puis tirer la chasse d\u2019eau.<\/li>\n<\/ol>\n<h4><strong>Precautions for use :<\/strong><\/h4>\n<ul>\n<li>Keep out of reach of children.<\/li>\n<li>Ne pas avaler. En cas d&rsquo;ingestion, consulter imm\u00e9diatement un m\u00e9decin.<\/li>\n<li>En cas de contact avec les yeux, rincer abondamment \u00e0 l&rsquo;eau claire.<\/li>\n<li>Ne pas m\u00e9langer avec d&rsquo;autres produits chimiques.<\/li>\n<\/ul>","protected":false},"excerpt":{"rendered":"<p>Le gel WC fra\u00eecheur marine de Leader Price est con\u00e7u pour nettoyer et d\u00e9sinfecter efficacement les toilettes tout en laissant<\/p>","protected":false},"featured_media":25343,"comment_status":"open","ping_status":"closed","template":"","meta":[],"pwb-brand":[1166],"product_brand":[],"product_cat":[948,275,959,961],"product_tag":[],"class_list":{"0":"post-23330","1":"product","2":"type-product","3":"status-publish","4":"has-post-thumbnail","6":"pwb-brand-leader-price","7":"product_cat-entretien-de-la-maison-et-nettoyage","8":"product_cat-epicerie","9":"product_cat-nettoyants-menagers","10":"product_cat-nettoyants-wc","12":"first","13":"instock","14":"shipping-taxable","15":"purchasable","16":"product-type-simple"},"yoast_head":"<!-- This site is optimized with the Yoast SEO plugin v27.1.1 - https:\/\/yoast.com\/product\/yoast-seo-wordpress\/ -->\n<title>Leader Price - Gel wc fra\u00eecheur marine - 750 ml - NIRIGS<\/title>\n<meta name=\"robots\" content=\"index, follow, max-snippet:-1, max-image-preview:large, max-video-preview:-1\" \/>\n<link rel=\"canonical\" href=\"https:\/\/nirigs.com\/en\/product\/leader-price-gel-wc-fraicheur-marine-750-ml\/\" \/>\n<meta property=\"og:locale\" content=\"en_US\" \/>\n<meta property=\"og:type\" content=\"article\" \/>\n<meta property=\"og:title\" content=\"Leader Price - Gel wc fra\u00eecheur marine - 750 ml - NIRIGS\" \/>\n<meta property=\"og:description\" content=\"Le gel WC fra\u00eecheur marine de Leader Price est con\u00e7u pour nettoyer et d\u00e9sinfecter efficacement les toilettes tout en laissant\" \/>\n<meta property=\"og:url\" content=\"https:\/\/nirigs.com\/en\/product\/leader-price-gel-wc-fraicheur-marine-750-ml\/\" \/>\n<meta property=\"og:site_name\" content=\"NIRIGS\" \/>\n<meta property=\"article:modified_time\" content=\"2025-02-02T12:01:25+00:00\" \/>\n<meta property=\"og:image\" content=\"https:\/\/nirigs.com\/wp-content\/uploads\/2024\/10\/Leader-Price-Gel-wc-fraicheur-marine-750-ml.jpg\" \/>\n\t<meta property=\"og:image:width\" content=\"1000\" \/>\n\t<meta property=\"og:image:height\" content=\"1000\" \/>\n\t<meta property=\"og:image:type\" content=\"image\/jpeg\" \/>\n<meta name=\"twitter:card\" content=\"summary_large_image\" \/>\n<meta name=\"twitter:label1\" content=\"Est. reading time\" \/>\n\t<meta name=\"twitter:data1\" content=\"1 minute\" \/>\n<script type=\"application\/ld+json\" class=\"yoast-schema-graph\">{\"@context\":\"https:\/\/schema.org\",\"@graph\":[{\"@type\":\"WebPage\",\"@id\":\"https:\/\/nirigs.com\/product\/leader-price-gel-wc-fraicheur-marine-750-ml\/\",\"url\":\"https:\/\/nirigs.com\/product\/leader-price-gel-wc-fraicheur-marine-750-ml\/\",\"name\":\"Leader Price - Gel wc fra\u00eecheur marine - 750 ml - NIRIGS\",\"isPartOf\":{\"@id\":\"https:\/\/nirigs.com\/#website\"},\"primaryImageOfPage\":{\"@id\":\"https:\/\/nirigs.com\/product\/leader-price-gel-wc-fraicheur-marine-750-ml\/#primaryimage\"},\"image\":{\"@id\":\"https:\/\/nirigs.com\/product\/leader-price-gel-wc-fraicheur-marine-750-ml\/#primaryimage\"},\"thumbnailUrl\":\"https:\/\/nirigs.com\/wp-content\/uploads\/2024\/10\/Leader-Price-Gel-wc-fraicheur-marine-750-ml.jpg\",\"datePublished\":\"2024-10-06T15:02:18+00:00\",\"dateModified\":\"2025-02-02T12:01:25+00:00\",\"breadcrumb\":{\"@id\":\"https:\/\/nirigs.com\/product\/leader-price-gel-wc-fraicheur-marine-750-ml\/#breadcrumb\"},\"inLanguage\":\"en-US\",\"potentialAction\":[{\"@type\":\"ReadAction\",\"target\":[\"https:\/\/nirigs.com\/product\/leader-price-gel-wc-fraicheur-marine-750-ml\/\"]}]},{\"@type\":\"ImageObject\",\"inLanguage\":\"en-US\",\"@id\":\"https:\/\/nirigs.com\/product\/leader-price-gel-wc-fraicheur-marine-750-ml\/#primaryimage\",\"url\":\"https:\/\/nirigs.com\/wp-content\/uploads\/2024\/10\/Leader-Price-Gel-wc-fraicheur-marine-750-ml.jpg\",\"contentUrl\":\"https:\/\/nirigs.com\/wp-content\/uploads\/2024\/10\/Leader-Price-Gel-wc-fraicheur-marine-750-ml.jpg\",\"width\":1000,\"height\":1000},{\"@type\":\"BreadcrumbList\",\"@id\":\"https:\/\/nirigs.com\/product\/leader-price-gel-wc-fraicheur-marine-750-ml\/#breadcrumb\",\"itemListElement\":[{\"@type\":\"ListItem\",\"position\":1,\"name\":\"Home\",\"item\":\"https:\/\/nirigs.com\/\"},{\"@type\":\"ListItem\",\"position\":2,\"name\":\"Parcourir\",\"item\":\"https:\/\/nirigs.com\/boutique\/\"},{\"@type\":\"ListItem\",\"position\":3,\"name\":\"Leader Price &#8211; Gel wc fra\u00eecheur marine &#8211; 750 ml\"}]},{\"@type\":\"WebSite\",\"@id\":\"https:\/\/nirigs.com\/#website\",\"url\":\"https:\/\/nirigs.com\/\",\"name\":\"Nirigs.com\",\"description\":\"Simplifiez vos achats du quotidien \u00e0 Djibouti\",\"publisher\":{\"@id\":\"https:\/\/nirigs.com\/#organization\"},\"potentialAction\":[{\"@type\":\"SearchAction\",\"target\":{\"@type\":\"EntryPoint\",\"urlTemplate\":\"https:\/\/nirigs.com\/?s={search_term_string}\"},\"query-input\":{\"@type\":\"PropertyValueSpecification\",\"valueRequired\":true,\"valueName\":\"search_term_string\"}}],\"inLanguage\":\"en-US\"},{\"@type\":\"Organization\",\"@id\":\"https:\/\/nirigs.com\/#organization\",\"name\":\"Nirigs\",\"url\":\"https:\/\/nirigs.com\/\",\"logo\":{\"@type\":\"ImageObject\",\"inLanguage\":\"en-US\",\"@id\":\"https:\/\/nirigs.com\/#\/schema\/logo\/image\/\",\"url\":\"https:\/\/nirigs.com\/wp-content\/uploads\/2025\/04\/Design-sans-titre-27.png\",\"contentUrl\":\"https:\/\/nirigs.com\/wp-content\/uploads\/2025\/04\/Design-sans-titre-27.png\",\"width\":500,\"height\":500,\"caption\":\"Nirigs\"},\"image\":{\"@id\":\"https:\/\/nirigs.com\/#\/schema\/logo\/image\/\"}}]}<\/script>\n<!-- \/ Yoast SEO plugin. -->","yoast_head_json":{"title":"Leader Price - Gel wc fra\u00eecheur marine - 750 ml - NIRIGS","robots":{"index":"index","follow":"follow","max-snippet":"max-snippet:-1","max-image-preview":"max-image-preview:large","max-video-preview":"max-video-preview:-1"},"canonical":"https:\/\/nirigs.com\/en\/product\/leader-price-gel-wc-fraicheur-marine-750-ml\/","og_locale":"en_US","og_type":"article","og_title":"Leader Price - Gel wc fra\u00eecheur marine - 750 ml - NIRIGS","og_description":"Le gel WC fra\u00eecheur marine de Leader Price est con\u00e7u pour nettoyer et d\u00e9sinfecter efficacement les toilettes tout en laissant","og_url":"https:\/\/nirigs.com\/en\/product\/leader-price-gel-wc-fraicheur-marine-750-ml\/","og_site_name":"NIRIGS","article_modified_time":"2025-02-02T12:01:25+00:00","og_image":[{"width":1000,"height":1000,"url":"https:\/\/nirigs.com\/wp-content\/uploads\/2024\/10\/Leader-Price-Gel-wc-fraicheur-marine-750-ml.jpg","type":"image\/jpeg"}],"twitter_card":"summary_large_image","twitter_misc":{"Est. reading time":"1 minute"},"schema":{"@context":"https:\/\/schema.org","@graph":[{"@type":"WebPage","@id":"https:\/\/nirigs.com\/product\/leader-price-gel-wc-fraicheur-marine-750-ml\/","url":"https:\/\/nirigs.com\/product\/leader-price-gel-wc-fraicheur-marine-750-ml\/","name":"Leader Price - Gel wc fra\u00eecheur marine - 750 ml - NIRIGS","isPartOf":{"@id":"https:\/\/nirigs.com\/#website"},"primaryImageOfPage":{"@id":"https:\/\/nirigs.com\/product\/leader-price-gel-wc-fraicheur-marine-750-ml\/#primaryimage"},"image":{"@id":"https:\/\/nirigs.com\/product\/leader-price-gel-wc-fraicheur-marine-750-ml\/#primaryimage"},"thumbnailUrl":"https:\/\/nirigs.com\/wp-content\/uploads\/2024\/10\/Leader-Price-Gel-wc-fraicheur-marine-750-ml.jpg","datePublished":"2024-10-06T15:02:18+00:00","dateModified":"2025-02-02T12:01:25+00:00","breadcrumb":{"@id":"https:\/\/nirigs.com\/product\/leader-price-gel-wc-fraicheur-marine-750-ml\/#breadcrumb"},"inLanguage":"en-US","potentialAction":[{"@type":"ReadAction","target":["https:\/\/nirigs.com\/product\/leader-price-gel-wc-fraicheur-marine-750-ml\/"]}]},{"@type":"ImageObject","inLanguage":"en-US","@id":"https:\/\/nirigs.com\/product\/leader-price-gel-wc-fraicheur-marine-750-ml\/#primaryimage","url":"https:\/\/nirigs.com\/wp-content\/uploads\/2024\/10\/Leader-Price-Gel-wc-fraicheur-marine-750-ml.jpg","contentUrl":"https:\/\/nirigs.com\/wp-content\/uploads\/2024\/10\/Leader-Price-Gel-wc-fraicheur-marine-750-ml.jpg","width":1000,"height":1000},{"@type":"BreadcrumbList","@id":"https:\/\/nirigs.com\/product\/leader-price-gel-wc-fraicheur-marine-750-ml\/#breadcrumb","itemListElement":[{"@type":"ListItem","position":1,"name":"Home","item":"https:\/\/nirigs.com\/"},{"@type":"ListItem","position":2,"name":"Parcourir","item":"https:\/\/nirigs.com\/boutique\/"},{"@type":"ListItem","position":3,"name":"Leader Price &#8211; Gel wc fra\u00eecheur marine &#8211; 750 ml"}]},{"@type":"WebSite","@id":"https:\/\/nirigs.com\/#website","url":"https:\/\/nirigs.com\/","name":"Nirigs.com","description":"Simplifiez vos achats du quotidien \u00e0 Djibouti","publisher":{"@id":"https:\/\/nirigs.com\/#organization"},"potentialAction":[{"@type":"SearchAction","target":{"@type":"EntryPoint","urlTemplate":"https:\/\/nirigs.com\/?s={search_term_string}"},"query-input":{"@type":"PropertyValueSpecification","valueRequired":true,"valueName":"search_term_string"}}],"inLanguage":"en-US"},{"@type":"Organization","@id":"https:\/\/nirigs.com\/#organization","name":"Nirigs","url":"https:\/\/nirigs.com\/","logo":{"@type":"ImageObject","inLanguage":"en-US","@id":"https:\/\/nirigs.com\/#\/schema\/logo\/image\/","url":"https:\/\/nirigs.com\/wp-content\/uploads\/2025\/04\/Design-sans-titre-27.png","contentUrl":"https:\/\/nirigs.com\/wp-content\/uploads\/2025\/04\/Design-sans-titre-27.png","width":500,"height":500,"caption":"Nirigs"},"image":{"@id":"https:\/\/nirigs.com\/#\/schema\/logo\/image\/"}}]}},"brands":[{"id":1166,"name":"Leader Price","slug":"leader-price"}],"_links":{"self":[{"href":"https:\/\/nirigs.com\/en\/wp-json\/wp\/v2\/product\/23330","targetHints":{"allow":["GET"]}}],"collection":[{"href":"https:\/\/nirigs.com\/en\/wp-json\/wp\/v2\/product"}],"about":[{"href":"https:\/\/nirigs.com\/en\/wp-json\/wp\/v2\/types\/product"}],"replies":[{"embeddable":true,"href":"https:\/\/nirigs.com\/en\/wp-json\/wp\/v2\/comments?post=23330"}],"version-history":[{"count":2,"href":"https:\/\/nirigs.com\/en\/wp-json\/wp\/v2\/product\/23330\/revisions"}],"predecessor-version":[{"id":25354,"href":"https:\/\/nirigs.com\/en\/wp-json\/wp\/v2\/product\/23330\/revisions\/25354"}],"wp:featuredmedia":[{"embeddable":true,"href":"https:\/\/nirigs.com\/en\/wp-json\/wp\/v2\/media\/25343"}],"wp:attachment":[{"href":"https:\/\/nirigs.com\/en\/wp-json\/wp\/v2\/media?parent=23330"}],"wp:term":[{"taxonomy":"pwb-brand","embeddable":true,"href":"https:\/\/nirigs.com\/en\/wp-json\/wp\/v2\/pwb-brand?post=23330"},{"taxonomy":"product_brand","embeddable":true,"href":"https:\/\/nirigs.com\/en\/wp-json\/wp\/v2\/product_brand?post=23330"},{"taxonomy":"product_cat","embeddable":true,"href":"https:\/\/nirigs.com\/en\/wp-json\/wp\/v2\/product_cat?post=23330"},{"taxonomy":"product_tag","embeddable":true,"href":"https:\/\/nirigs.com\/en\/wp-json\/wp\/v2\/product_tag?post=23330"}],"curies":[{"name":"wp","href":"https:\/\/api.w.org\/{rel}","templated":true}]}}