{"id":23315,"date":"2024-10-06T18:02:13","date_gmt":"2024-10-06T15:02:13","guid":{"rendered":"https:\/\/nirigs.com\/produit\/sanytol-desinfectant-linge-anti-odeurs-fleurs-blanches-1-5-l\/"},"modified":"2025-02-02T16:40:04","modified_gmt":"2025-02-02T13:40:04","slug":"sanytol-desinfectant-linge-anti-odeurs-fleurs-blanches-1-5-l","status":"publish","type":"product","link":"https:\/\/nirigs.com\/en\/product\/sanytol-desinfectant-linge-anti-odeurs-fleurs-blanches-1-5-l\/","title":{"rendered":"Sanytol &#8211; D\u00e9sinfectant linge anti odeurs fleurs blanches &#8211; 1.5 L"},"content":{"rendered":"<p>Le <strong>d\u00e9sinfectant linge anti-odeurs<\/strong> de <strong>Sanytol<\/strong>, au parfum de <strong>fleurs blanches<\/strong>, \u00e9limine efficacement les mauvaises odeurs et 99,9 % des bact\u00e9ries, champignons et virus pr\u00e9sents sur le linge, m\u00eame \u00e0 basse temp\u00e9rature. Ce d\u00e9sinfectant est parfait pour les v\u00eatements de sport, les linges de maison ou les textiles en contact avec des animaux. Il assure une propret\u00e9 impeccable tout en laissant un parfum agr\u00e9able et frais de fleurs blanches.<\/p>\n<h4><strong>Ingredients:<\/strong><\/h4>\n<p>Aqua, agents d\u00e9sinfectants (chlorure de benzalkonium), parfum, conservateurs.<\/p>\n<h4><strong>Advantages :<\/strong><\/h4>\n<ul>\n<li><strong>D\u00e9sinfection compl\u00e8te :<\/strong> \u00c9limine 99,9 % des bact\u00e9ries, champignons et virus sur le linge.<\/li>\n<li><strong>Neutralisation des odeurs :<\/strong> Combat les mauvaises odeurs et laisse un parfum frais et durable de fleurs blanches.<\/li>\n<li><strong>Efficace \u00e0 basse temp\u00e9rature :<\/strong> D\u00e9sinfecte et neutralise les odeurs m\u00eame \u00e0 30\u00b0C.<\/li>\n<li><strong>Convient \u00e0 tous les types de textiles :<\/strong> Adapt\u00e9 pour le coton, les synth\u00e9tiques et les tissus d\u00e9licats.<\/li>\n<li><strong>Respecte les fibres et les couleurs :<\/strong> Maintient la qualit\u00e9 des v\u00eatements sans les ab\u00eemer.<\/li>\n<\/ul>\n<h4><strong>Manual :<\/strong><\/h4>\n<ol>\n<li><strong>En machine :<\/strong> Verser 80 ml dans le bac assouplissant de la machine, en plus de votre lessive habituelle.<\/li>\n<li><strong>\u00c0 la main :<\/strong> Diluer 80 ml dans 2,5 litres d&rsquo;eau, laisser tremper pendant 15 minutes, puis rincer abondamment.<\/li>\n<\/ol>\n<h4><strong>Precautions for use :<\/strong><\/h4>\n<ul>\n<li>Keep out of reach of children.<\/li>\n<li>Do not ingest. If swallowed, seek medical advice immediately.<\/li>\n<li>Avoid contact with eyes. In case of contact, rinse with plenty of water.<\/li>\n<\/ul>","protected":false},"excerpt":{"rendered":"<p>Le d\u00e9sinfectant linge anti-odeurs de Sanytol, au parfum de fleurs blanches, \u00e9limine efficacement les mauvaises odeurs et 99,9 % des<\/p>","protected":false},"featured_media":25414,"comment_status":"open","ping_status":"closed","template":"","meta":[],"pwb-brand":[1198],"product_brand":[],"product_cat":[1197,948,275,954],"product_tag":[],"class_list":{"0":"post-23315","1":"product","2":"type-product","3":"status-publish","4":"has-post-thumbnail","6":"pwb-brand-sanytol","7":"product_cat-desinfectant-pour-linge","8":"product_cat-entretien-de-la-maison-et-nettoyage","9":"product_cat-epicerie","10":"product_cat-lessive","12":"first","13":"instock","14":"shipping-taxable","15":"purchasable","16":"product-type-simple"},"yoast_head":"<!-- This site is optimized with the Yoast SEO plugin v27.1.1 - https:\/\/yoast.com\/product\/yoast-seo-wordpress\/ -->\n<title>Sanytol - D\u00e9sinfectant linge anti odeurs fleurs blanches - 1.5 L - NIRIGS<\/title>\n<meta name=\"robots\" content=\"index, follow, max-snippet:-1, max-image-preview:large, max-video-preview:-1\" \/>\n<link rel=\"canonical\" href=\"https:\/\/nirigs.com\/en\/product\/sanytol-desinfectant-linge-anti-odeurs-fleurs-blanches-1-5-l\/\" \/>\n<meta property=\"og:locale\" content=\"en_US\" \/>\n<meta property=\"og:type\" content=\"article\" \/>\n<meta property=\"og:title\" content=\"Sanytol - D\u00e9sinfectant linge anti odeurs fleurs blanches - 1.5 L - NIRIGS\" \/>\n<meta property=\"og:description\" content=\"Le d\u00e9sinfectant linge anti-odeurs de Sanytol, au parfum de fleurs blanches, \u00e9limine efficacement les mauvaises odeurs et 99,9 % des\" \/>\n<meta property=\"og:url\" content=\"https:\/\/nirigs.com\/en\/product\/sanytol-desinfectant-linge-anti-odeurs-fleurs-blanches-1-5-l\/\" \/>\n<meta property=\"og:site_name\" content=\"NIRIGS\" \/>\n<meta property=\"article:modified_time\" content=\"2025-02-02T13:40:04+00:00\" \/>\n<meta property=\"og:image\" content=\"https:\/\/nirigs.com\/wp-content\/uploads\/2024\/10\/Sanytol-Desinfectant-linge-anti-odeurs-fleurs-blanches-1.5-L.jpg\" \/>\n\t<meta property=\"og:image:width\" content=\"1000\" \/>\n\t<meta property=\"og:image:height\" content=\"1000\" \/>\n\t<meta property=\"og:image:type\" content=\"image\/jpeg\" \/>\n<meta name=\"twitter:card\" content=\"summary_large_image\" \/>\n<meta name=\"twitter:label1\" content=\"Est. reading time\" \/>\n\t<meta name=\"twitter:data1\" content=\"1 minute\" \/>\n<script type=\"application\/ld+json\" class=\"yoast-schema-graph\">{\"@context\":\"https:\/\/schema.org\",\"@graph\":[{\"@type\":\"WebPage\",\"@id\":\"https:\/\/nirigs.com\/product\/sanytol-desinfectant-linge-anti-odeurs-fleurs-blanches-1-5-l\/\",\"url\":\"https:\/\/nirigs.com\/product\/sanytol-desinfectant-linge-anti-odeurs-fleurs-blanches-1-5-l\/\",\"name\":\"Sanytol - D\u00e9sinfectant linge anti odeurs fleurs blanches - 1.5 L - NIRIGS\",\"isPartOf\":{\"@id\":\"https:\/\/nirigs.com\/#website\"},\"primaryImageOfPage\":{\"@id\":\"https:\/\/nirigs.com\/product\/sanytol-desinfectant-linge-anti-odeurs-fleurs-blanches-1-5-l\/#primaryimage\"},\"image\":{\"@id\":\"https:\/\/nirigs.com\/product\/sanytol-desinfectant-linge-anti-odeurs-fleurs-blanches-1-5-l\/#primaryimage\"},\"thumbnailUrl\":\"https:\/\/nirigs.com\/wp-content\/uploads\/2024\/10\/Sanytol-Desinfectant-linge-anti-odeurs-fleurs-blanches-1.5-L.jpg\",\"datePublished\":\"2024-10-06T15:02:13+00:00\",\"dateModified\":\"2025-02-02T13:40:04+00:00\",\"breadcrumb\":{\"@id\":\"https:\/\/nirigs.com\/product\/sanytol-desinfectant-linge-anti-odeurs-fleurs-blanches-1-5-l\/#breadcrumb\"},\"inLanguage\":\"en-US\",\"potentialAction\":[{\"@type\":\"ReadAction\",\"target\":[\"https:\/\/nirigs.com\/product\/sanytol-desinfectant-linge-anti-odeurs-fleurs-blanches-1-5-l\/\"]}]},{\"@type\":\"ImageObject\",\"inLanguage\":\"en-US\",\"@id\":\"https:\/\/nirigs.com\/product\/sanytol-desinfectant-linge-anti-odeurs-fleurs-blanches-1-5-l\/#primaryimage\",\"url\":\"https:\/\/nirigs.com\/wp-content\/uploads\/2024\/10\/Sanytol-Desinfectant-linge-anti-odeurs-fleurs-blanches-1.5-L.jpg\",\"contentUrl\":\"https:\/\/nirigs.com\/wp-content\/uploads\/2024\/10\/Sanytol-Desinfectant-linge-anti-odeurs-fleurs-blanches-1.5-L.jpg\",\"width\":1000,\"height\":1000},{\"@type\":\"BreadcrumbList\",\"@id\":\"https:\/\/nirigs.com\/product\/sanytol-desinfectant-linge-anti-odeurs-fleurs-blanches-1-5-l\/#breadcrumb\",\"itemListElement\":[{\"@type\":\"ListItem\",\"position\":1,\"name\":\"Home\",\"item\":\"https:\/\/nirigs.com\/\"},{\"@type\":\"ListItem\",\"position\":2,\"name\":\"Parcourir\",\"item\":\"https:\/\/nirigs.com\/boutique\/\"},{\"@type\":\"ListItem\",\"position\":3,\"name\":\"Sanytol &#8211; D\u00e9sinfectant linge anti odeurs fleurs blanches &#8211; 1.5 L\"}]},{\"@type\":\"WebSite\",\"@id\":\"https:\/\/nirigs.com\/#website\",\"url\":\"https:\/\/nirigs.com\/\",\"name\":\"Nirigs.com\",\"description\":\"Simplifiez vos achats du quotidien \u00e0 Djibouti\",\"publisher\":{\"@id\":\"https:\/\/nirigs.com\/#organization\"},\"potentialAction\":[{\"@type\":\"SearchAction\",\"target\":{\"@type\":\"EntryPoint\",\"urlTemplate\":\"https:\/\/nirigs.com\/?s={search_term_string}\"},\"query-input\":{\"@type\":\"PropertyValueSpecification\",\"valueRequired\":true,\"valueName\":\"search_term_string\"}}],\"inLanguage\":\"en-US\"},{\"@type\":\"Organization\",\"@id\":\"https:\/\/nirigs.com\/#organization\",\"name\":\"Nirigs\",\"url\":\"https:\/\/nirigs.com\/\",\"logo\":{\"@type\":\"ImageObject\",\"inLanguage\":\"en-US\",\"@id\":\"https:\/\/nirigs.com\/#\/schema\/logo\/image\/\",\"url\":\"https:\/\/nirigs.com\/wp-content\/uploads\/2025\/04\/Design-sans-titre-27.png\",\"contentUrl\":\"https:\/\/nirigs.com\/wp-content\/uploads\/2025\/04\/Design-sans-titre-27.png\",\"width\":500,\"height\":500,\"caption\":\"Nirigs\"},\"image\":{\"@id\":\"https:\/\/nirigs.com\/#\/schema\/logo\/image\/\"}}]}<\/script>\n<!-- \/ Yoast SEO plugin. -->","yoast_head_json":{"title":"Sanytol - D\u00e9sinfectant linge anti odeurs fleurs blanches - 1.5 L - NIRIGS","robots":{"index":"index","follow":"follow","max-snippet":"max-snippet:-1","max-image-preview":"max-image-preview:large","max-video-preview":"max-video-preview:-1"},"canonical":"https:\/\/nirigs.com\/en\/product\/sanytol-desinfectant-linge-anti-odeurs-fleurs-blanches-1-5-l\/","og_locale":"en_US","og_type":"article","og_title":"Sanytol - D\u00e9sinfectant linge anti odeurs fleurs blanches - 1.5 L - NIRIGS","og_description":"Le d\u00e9sinfectant linge anti-odeurs de Sanytol, au parfum de fleurs blanches, \u00e9limine efficacement les mauvaises odeurs et 99,9 % des","og_url":"https:\/\/nirigs.com\/en\/product\/sanytol-desinfectant-linge-anti-odeurs-fleurs-blanches-1-5-l\/","og_site_name":"NIRIGS","article_modified_time":"2025-02-02T13:40:04+00:00","og_image":[{"width":1000,"height":1000,"url":"https:\/\/nirigs.com\/wp-content\/uploads\/2024\/10\/Sanytol-Desinfectant-linge-anti-odeurs-fleurs-blanches-1.5-L.jpg","type":"image\/jpeg"}],"twitter_card":"summary_large_image","twitter_misc":{"Est. reading time":"1 minute"},"schema":{"@context":"https:\/\/schema.org","@graph":[{"@type":"WebPage","@id":"https:\/\/nirigs.com\/product\/sanytol-desinfectant-linge-anti-odeurs-fleurs-blanches-1-5-l\/","url":"https:\/\/nirigs.com\/product\/sanytol-desinfectant-linge-anti-odeurs-fleurs-blanches-1-5-l\/","name":"Sanytol - D\u00e9sinfectant linge anti odeurs fleurs blanches - 1.5 L - NIRIGS","isPartOf":{"@id":"https:\/\/nirigs.com\/#website"},"primaryImageOfPage":{"@id":"https:\/\/nirigs.com\/product\/sanytol-desinfectant-linge-anti-odeurs-fleurs-blanches-1-5-l\/#primaryimage"},"image":{"@id":"https:\/\/nirigs.com\/product\/sanytol-desinfectant-linge-anti-odeurs-fleurs-blanches-1-5-l\/#primaryimage"},"thumbnailUrl":"https:\/\/nirigs.com\/wp-content\/uploads\/2024\/10\/Sanytol-Desinfectant-linge-anti-odeurs-fleurs-blanches-1.5-L.jpg","datePublished":"2024-10-06T15:02:13+00:00","dateModified":"2025-02-02T13:40:04+00:00","breadcrumb":{"@id":"https:\/\/nirigs.com\/product\/sanytol-desinfectant-linge-anti-odeurs-fleurs-blanches-1-5-l\/#breadcrumb"},"inLanguage":"en-US","potentialAction":[{"@type":"ReadAction","target":["https:\/\/nirigs.com\/product\/sanytol-desinfectant-linge-anti-odeurs-fleurs-blanches-1-5-l\/"]}]},{"@type":"ImageObject","inLanguage":"en-US","@id":"https:\/\/nirigs.com\/product\/sanytol-desinfectant-linge-anti-odeurs-fleurs-blanches-1-5-l\/#primaryimage","url":"https:\/\/nirigs.com\/wp-content\/uploads\/2024\/10\/Sanytol-Desinfectant-linge-anti-odeurs-fleurs-blanches-1.5-L.jpg","contentUrl":"https:\/\/nirigs.com\/wp-content\/uploads\/2024\/10\/Sanytol-Desinfectant-linge-anti-odeurs-fleurs-blanches-1.5-L.jpg","width":1000,"height":1000},{"@type":"BreadcrumbList","@id":"https:\/\/nirigs.com\/product\/sanytol-desinfectant-linge-anti-odeurs-fleurs-blanches-1-5-l\/#breadcrumb","itemListElement":[{"@type":"ListItem","position":1,"name":"Home","item":"https:\/\/nirigs.com\/"},{"@type":"ListItem","position":2,"name":"Parcourir","item":"https:\/\/nirigs.com\/boutique\/"},{"@type":"ListItem","position":3,"name":"Sanytol &#8211; D\u00e9sinfectant linge anti odeurs fleurs blanches &#8211; 1.5 L"}]},{"@type":"WebSite","@id":"https:\/\/nirigs.com\/#website","url":"https:\/\/nirigs.com\/","name":"Nirigs.com","description":"Simplifiez vos achats du quotidien \u00e0 Djibouti","publisher":{"@id":"https:\/\/nirigs.com\/#organization"},"potentialAction":[{"@type":"SearchAction","target":{"@type":"EntryPoint","urlTemplate":"https:\/\/nirigs.com\/?s={search_term_string}"},"query-input":{"@type":"PropertyValueSpecification","valueRequired":true,"valueName":"search_term_string"}}],"inLanguage":"en-US"},{"@type":"Organization","@id":"https:\/\/nirigs.com\/#organization","name":"Nirigs","url":"https:\/\/nirigs.com\/","logo":{"@type":"ImageObject","inLanguage":"en-US","@id":"https:\/\/nirigs.com\/#\/schema\/logo\/image\/","url":"https:\/\/nirigs.com\/wp-content\/uploads\/2025\/04\/Design-sans-titre-27.png","contentUrl":"https:\/\/nirigs.com\/wp-content\/uploads\/2025\/04\/Design-sans-titre-27.png","width":500,"height":500,"caption":"Nirigs"},"image":{"@id":"https:\/\/nirigs.com\/#\/schema\/logo\/image\/"}}]}},"brands":[{"id":1198,"name":"Sanytol","slug":"sanytol"}],"_links":{"self":[{"href":"https:\/\/nirigs.com\/en\/wp-json\/wp\/v2\/product\/23315","targetHints":{"allow":["GET"]}}],"collection":[{"href":"https:\/\/nirigs.com\/en\/wp-json\/wp\/v2\/product"}],"about":[{"href":"https:\/\/nirigs.com\/en\/wp-json\/wp\/v2\/types\/product"}],"replies":[{"embeddable":true,"href":"https:\/\/nirigs.com\/en\/wp-json\/wp\/v2\/comments?post=23315"}],"version-history":[{"count":2,"href":"https:\/\/nirigs.com\/en\/wp-json\/wp\/v2\/product\/23315\/revisions"}],"predecessor-version":[{"id":25412,"href":"https:\/\/nirigs.com\/en\/wp-json\/wp\/v2\/product\/23315\/revisions\/25412"}],"wp:featuredmedia":[{"embeddable":true,"href":"https:\/\/nirigs.com\/en\/wp-json\/wp\/v2\/media\/25414"}],"wp:attachment":[{"href":"https:\/\/nirigs.com\/en\/wp-json\/wp\/v2\/media?parent=23315"}],"wp:term":[{"taxonomy":"pwb-brand","embeddable":true,"href":"https:\/\/nirigs.com\/en\/wp-json\/wp\/v2\/pwb-brand?post=23315"},{"taxonomy":"product_brand","embeddable":true,"href":"https:\/\/nirigs.com\/en\/wp-json\/wp\/v2\/product_brand?post=23315"},{"taxonomy":"product_cat","embeddable":true,"href":"https:\/\/nirigs.com\/en\/wp-json\/wp\/v2\/product_cat?post=23315"},{"taxonomy":"product_tag","embeddable":true,"href":"https:\/\/nirigs.com\/en\/wp-json\/wp\/v2\/product_tag?post=23315"}],"curies":[{"name":"wp","href":"https:\/\/api.w.org\/{rel}","templated":true}]}}