{"id":23309,"date":"2024-10-06T18:02:11","date_gmt":"2024-10-06T15:02:11","guid":{"rendered":"https:\/\/nirigs.com\/produit\/joyceplus-detergent-a-vaiselle-citron-1-l\/"},"modified":"2025-02-02T16:42:07","modified_gmt":"2025-02-02T13:42:07","slug":"joyceplus-detergent-a-vaiselle-citron-1-l","status":"publish","type":"product","link":"https:\/\/nirigs.com\/en\/product\/joyceplus-detergent-a-vaiselle-citron-1-l\/","title":{"rendered":"Joyceplus - Lemon dishwashing detergent - 1 L"},"content":{"rendered":"<p>Joyceplus Lemon Dishwashing Detergent is a powerful and effective cleaner, specially formulated to remove stubborn grease and food residues. Its gentle formula is enriched with a pleasant lemon fragrance, leaving a fresh sensation after every wash. This detergent is suitable for all types of crockery and offers fast, thorough cleaning while being gentle on the hands.<\/p>\n<h4>Ingredients:<\/h4>\n<p>Anionic surfactants (less than 5%), Non-ionic surfactants (less than 5%), Lemon fragrance, Preservatives, Purified water, Stabilizer.<\/p>\n<h4>Advantages:<\/h4>\n<ul>\n<li>Effective against grease and food residues<\/li>\n<li>Fresh, pleasant lemon fragrance<\/li>\n<li>Gentle hand formula<\/li>\n<li>Economical to use, with only a small quantity required for thorough cleaning<\/li>\n<li>Suitable for all types of crockery<\/li>\n<\/ul>\n<h4>Instructions for use:<\/h4>\n<ol>\n<li>Pour a small amount of detergent onto a sponge or directly into the water.<\/li>\n<li>Scrub dishes to remove dirt and grease.<\/li>\n<li>Rinse thoroughly with clean water.<\/li>\n<li>Allow to dry or wipe with a clean cloth.<\/li>\n<\/ol>\n<h4>Precautions for use:<\/h4>\n<ul>\n<li>Avoid contact with eyes. In case of contact, rinse with plenty of water.<\/li>\n<li>Keep out of reach of children.<\/li>\n<li>Do not ingest. If swallowed, seek medical advice immediately and show product packaging or label.<\/li>\n<li>Store in a cool, dry place, out of direct sunlight.<\/li>\n<\/ul>","protected":false},"excerpt":{"rendered":"<p>Joyceplus D\u00e9tergent \u00e0 Vaisselle Citron est un nettoyant puissant et efficace, sp\u00e9cialement formul\u00e9 pour \u00e9liminer les graisses tenaces et les<\/p>","protected":false},"featured_media":25429,"comment_status":"open","ping_status":"closed","template":"","meta":[],"pwb-brand":[1178],"product_brand":[],"product_cat":[948,275,1179,1180],"product_tag":[],"class_list":{"0":"post-23309","1":"product","2":"type-product","3":"status-publish","4":"has-post-thumbnail","6":"pwb-brand-joyceplus","7":"product_cat-entretien-de-la-maison-et-nettoyage","8":"product_cat-epicerie","9":"product_cat-lave-vaisselle","10":"product_cat-liquide-vaisselle","12":"first","13":"instock","14":"shipping-taxable","15":"purchasable","16":"product-type-simple"},"yoast_head":"<!-- This site is optimized with the Yoast SEO plugin v27.1.1 - https:\/\/yoast.com\/product\/yoast-seo-wordpress\/ -->\n<title>Joyceplus - D\u00e9tergent \u00e0 vaiselle citron - 1 L - NIRIGS<\/title>\n<meta name=\"robots\" content=\"index, follow, max-snippet:-1, max-image-preview:large, max-video-preview:-1\" \/>\n<link rel=\"canonical\" href=\"https:\/\/nirigs.com\/en\/product\/joyceplus-detergent-a-vaiselle-citron-1-l\/\" \/>\n<meta property=\"og:locale\" content=\"en_US\" \/>\n<meta property=\"og:type\" content=\"article\" \/>\n<meta property=\"og:title\" content=\"Joyceplus - D\u00e9tergent \u00e0 vaiselle citron - 1 L - NIRIGS\" \/>\n<meta property=\"og:description\" content=\"Joyceplus D\u00e9tergent \u00e0 Vaisselle Citron est un nettoyant puissant et efficace, sp\u00e9cialement formul\u00e9 pour \u00e9liminer les graisses tenaces et les\" \/>\n<meta property=\"og:url\" content=\"https:\/\/nirigs.com\/en\/product\/joyceplus-detergent-a-vaiselle-citron-1-l\/\" \/>\n<meta property=\"og:site_name\" content=\"NIRIGS\" \/>\n<meta property=\"article:modified_time\" content=\"2025-02-02T13:42:07+00:00\" \/>\n<meta property=\"og:image\" content=\"https:\/\/nirigs.com\/wp-content\/uploads\/2024\/10\/Joyceplus-Detergent-a-vaiselle-citron-1-L.jpg\" \/>\n\t<meta property=\"og:image:width\" content=\"1000\" \/>\n\t<meta property=\"og:image:height\" content=\"1000\" \/>\n\t<meta property=\"og:image:type\" content=\"image\/jpeg\" \/>\n<meta name=\"twitter:card\" content=\"summary_large_image\" \/>\n<meta name=\"twitter:label1\" content=\"Est. reading time\" \/>\n\t<meta name=\"twitter:data1\" content=\"1 minute\" \/>\n<script type=\"application\/ld+json\" class=\"yoast-schema-graph\">{\"@context\":\"https:\/\/schema.org\",\"@graph\":[{\"@type\":\"WebPage\",\"@id\":\"https:\/\/nirigs.com\/en\/product\/joyceplus-detergent-a-vaiselle-citron-1-l\/\",\"url\":\"https:\/\/nirigs.com\/en\/product\/joyceplus-detergent-a-vaiselle-citron-1-l\/\",\"name\":\"Joyceplus - D\u00e9tergent \u00e0 vaiselle citron - 1 L - NIRIGS\",\"isPartOf\":{\"@id\":\"https:\/\/nirigs.com\/#website\"},\"primaryImageOfPage\":{\"@id\":\"https:\/\/nirigs.com\/en\/product\/joyceplus-detergent-a-vaiselle-citron-1-l\/#primaryimage\"},\"image\":{\"@id\":\"https:\/\/nirigs.com\/en\/product\/joyceplus-detergent-a-vaiselle-citron-1-l\/#primaryimage\"},\"thumbnailUrl\":\"https:\/\/nirigs.com\/wp-content\/uploads\/2024\/10\/Joyceplus-Detergent-a-vaiselle-citron-1-L.jpg\",\"datePublished\":\"2024-10-06T15:02:11+00:00\",\"dateModified\":\"2025-02-02T13:42:07+00:00\",\"breadcrumb\":{\"@id\":\"https:\/\/nirigs.com\/en\/product\/joyceplus-detergent-a-vaiselle-citron-1-l\/#breadcrumb\"},\"inLanguage\":\"en-US\",\"potentialAction\":[{\"@type\":\"ReadAction\",\"target\":[\"https:\/\/nirigs.com\/en\/product\/joyceplus-detergent-a-vaiselle-citron-1-l\/\"]}]},{\"@type\":\"ImageObject\",\"inLanguage\":\"en-US\",\"@id\":\"https:\/\/nirigs.com\/en\/product\/joyceplus-detergent-a-vaiselle-citron-1-l\/#primaryimage\",\"url\":\"https:\/\/nirigs.com\/wp-content\/uploads\/2024\/10\/Joyceplus-Detergent-a-vaiselle-citron-1-L.jpg\",\"contentUrl\":\"https:\/\/nirigs.com\/wp-content\/uploads\/2024\/10\/Joyceplus-Detergent-a-vaiselle-citron-1-L.jpg\",\"width\":1000,\"height\":1000},{\"@type\":\"BreadcrumbList\",\"@id\":\"https:\/\/nirigs.com\/en\/product\/joyceplus-detergent-a-vaiselle-citron-1-l\/#breadcrumb\",\"itemListElement\":[{\"@type\":\"ListItem\",\"position\":1,\"name\":\"Home\",\"item\":\"https:\/\/nirigs.com\/\"},{\"@type\":\"ListItem\",\"position\":2,\"name\":\"Parcourir\",\"item\":\"https:\/\/nirigs.com\/boutique\/\"},{\"@type\":\"ListItem\",\"position\":3,\"name\":\"Joyceplus &#8211; D\u00e9tergent \u00e0 vaiselle citron &#8211; 1 L\"}]},{\"@type\":\"WebSite\",\"@id\":\"https:\/\/nirigs.com\/#website\",\"url\":\"https:\/\/nirigs.com\/\",\"name\":\"Nirigs.com\",\"description\":\"Simplifiez vos achats du quotidien \u00e0 Djibouti\",\"publisher\":{\"@id\":\"https:\/\/nirigs.com\/#organization\"},\"potentialAction\":[{\"@type\":\"SearchAction\",\"target\":{\"@type\":\"EntryPoint\",\"urlTemplate\":\"https:\/\/nirigs.com\/?s={search_term_string}\"},\"query-input\":{\"@type\":\"PropertyValueSpecification\",\"valueRequired\":true,\"valueName\":\"search_term_string\"}}],\"inLanguage\":\"en-US\"},{\"@type\":\"Organization\",\"@id\":\"https:\/\/nirigs.com\/#organization\",\"name\":\"Nirigs\",\"url\":\"https:\/\/nirigs.com\/\",\"logo\":{\"@type\":\"ImageObject\",\"inLanguage\":\"en-US\",\"@id\":\"https:\/\/nirigs.com\/#\/schema\/logo\/image\/\",\"url\":\"https:\/\/nirigs.com\/wp-content\/uploads\/2025\/04\/Design-sans-titre-27.png\",\"contentUrl\":\"https:\/\/nirigs.com\/wp-content\/uploads\/2025\/04\/Design-sans-titre-27.png\",\"width\":500,\"height\":500,\"caption\":\"Nirigs\"},\"image\":{\"@id\":\"https:\/\/nirigs.com\/#\/schema\/logo\/image\/\"}}]}<\/script>\n<!-- \/ Yoast SEO plugin. -->","yoast_head_json":{"title":"Joyceplus - D\u00e9tergent \u00e0 vaiselle citron - 1 L - NIRIGS","robots":{"index":"index","follow":"follow","max-snippet":"max-snippet:-1","max-image-preview":"max-image-preview:large","max-video-preview":"max-video-preview:-1"},"canonical":"https:\/\/nirigs.com\/en\/product\/joyceplus-detergent-a-vaiselle-citron-1-l\/","og_locale":"en_US","og_type":"article","og_title":"Joyceplus - D\u00e9tergent \u00e0 vaiselle citron - 1 L - NIRIGS","og_description":"Joyceplus D\u00e9tergent \u00e0 Vaisselle Citron est un nettoyant puissant et efficace, sp\u00e9cialement formul\u00e9 pour \u00e9liminer les graisses tenaces et les","og_url":"https:\/\/nirigs.com\/en\/product\/joyceplus-detergent-a-vaiselle-citron-1-l\/","og_site_name":"NIRIGS","article_modified_time":"2025-02-02T13:42:07+00:00","og_image":[{"width":1000,"height":1000,"url":"https:\/\/nirigs.com\/wp-content\/uploads\/2024\/10\/Joyceplus-Detergent-a-vaiselle-citron-1-L.jpg","type":"image\/jpeg"}],"twitter_card":"summary_large_image","twitter_misc":{"Est. reading time":"1 minute"},"schema":{"@context":"https:\/\/schema.org","@graph":[{"@type":"WebPage","@id":"https:\/\/nirigs.com\/en\/product\/joyceplus-detergent-a-vaiselle-citron-1-l\/","url":"https:\/\/nirigs.com\/en\/product\/joyceplus-detergent-a-vaiselle-citron-1-l\/","name":"Joyceplus - D\u00e9tergent \u00e0 vaiselle citron - 1 L - NIRIGS","isPartOf":{"@id":"https:\/\/nirigs.com\/#website"},"primaryImageOfPage":{"@id":"https:\/\/nirigs.com\/en\/product\/joyceplus-detergent-a-vaiselle-citron-1-l\/#primaryimage"},"image":{"@id":"https:\/\/nirigs.com\/en\/product\/joyceplus-detergent-a-vaiselle-citron-1-l\/#primaryimage"},"thumbnailUrl":"https:\/\/nirigs.com\/wp-content\/uploads\/2024\/10\/Joyceplus-Detergent-a-vaiselle-citron-1-L.jpg","datePublished":"2024-10-06T15:02:11+00:00","dateModified":"2025-02-02T13:42:07+00:00","breadcrumb":{"@id":"https:\/\/nirigs.com\/en\/product\/joyceplus-detergent-a-vaiselle-citron-1-l\/#breadcrumb"},"inLanguage":"en-US","potentialAction":[{"@type":"ReadAction","target":["https:\/\/nirigs.com\/en\/product\/joyceplus-detergent-a-vaiselle-citron-1-l\/"]}]},{"@type":"ImageObject","inLanguage":"en-US","@id":"https:\/\/nirigs.com\/en\/product\/joyceplus-detergent-a-vaiselle-citron-1-l\/#primaryimage","url":"https:\/\/nirigs.com\/wp-content\/uploads\/2024\/10\/Joyceplus-Detergent-a-vaiselle-citron-1-L.jpg","contentUrl":"https:\/\/nirigs.com\/wp-content\/uploads\/2024\/10\/Joyceplus-Detergent-a-vaiselle-citron-1-L.jpg","width":1000,"height":1000},{"@type":"BreadcrumbList","@id":"https:\/\/nirigs.com\/en\/product\/joyceplus-detergent-a-vaiselle-citron-1-l\/#breadcrumb","itemListElement":[{"@type":"ListItem","position":1,"name":"Home","item":"https:\/\/nirigs.com\/"},{"@type":"ListItem","position":2,"name":"Parcourir","item":"https:\/\/nirigs.com\/boutique\/"},{"@type":"ListItem","position":3,"name":"Joyceplus &#8211; D\u00e9tergent \u00e0 vaiselle citron &#8211; 1 L"}]},{"@type":"WebSite","@id":"https:\/\/nirigs.com\/#website","url":"https:\/\/nirigs.com\/","name":"Nirigs.com","description":"Simplifiez vos achats du quotidien \u00e0 Djibouti","publisher":{"@id":"https:\/\/nirigs.com\/#organization"},"potentialAction":[{"@type":"SearchAction","target":{"@type":"EntryPoint","urlTemplate":"https:\/\/nirigs.com\/?s={search_term_string}"},"query-input":{"@type":"PropertyValueSpecification","valueRequired":true,"valueName":"search_term_string"}}],"inLanguage":"en-US"},{"@type":"Organization","@id":"https:\/\/nirigs.com\/#organization","name":"Nirigs","url":"https:\/\/nirigs.com\/","logo":{"@type":"ImageObject","inLanguage":"en-US","@id":"https:\/\/nirigs.com\/#\/schema\/logo\/image\/","url":"https:\/\/nirigs.com\/wp-content\/uploads\/2025\/04\/Design-sans-titre-27.png","contentUrl":"https:\/\/nirigs.com\/wp-content\/uploads\/2025\/04\/Design-sans-titre-27.png","width":500,"height":500,"caption":"Nirigs"},"image":{"@id":"https:\/\/nirigs.com\/#\/schema\/logo\/image\/"}}]}},"brands":[{"id":1178,"name":"Joyceplus","slug":"joyceplus"}],"_links":{"self":[{"href":"https:\/\/nirigs.com\/en\/wp-json\/wp\/v2\/product\/23309","targetHints":{"allow":["GET"]}}],"collection":[{"href":"https:\/\/nirigs.com\/en\/wp-json\/wp\/v2\/product"}],"about":[{"href":"https:\/\/nirigs.com\/en\/wp-json\/wp\/v2\/types\/product"}],"replies":[{"embeddable":true,"href":"https:\/\/nirigs.com\/en\/wp-json\/wp\/v2\/comments?post=23309"}],"version-history":[{"count":3,"href":"https:\/\/nirigs.com\/en\/wp-json\/wp\/v2\/product\/23309\/revisions"}],"predecessor-version":[{"id":25432,"href":"https:\/\/nirigs.com\/en\/wp-json\/wp\/v2\/product\/23309\/revisions\/25432"}],"wp:featuredmedia":[{"embeddable":true,"href":"https:\/\/nirigs.com\/en\/wp-json\/wp\/v2\/media\/25429"}],"wp:attachment":[{"href":"https:\/\/nirigs.com\/en\/wp-json\/wp\/v2\/media?parent=23309"}],"wp:term":[{"taxonomy":"pwb-brand","embeddable":true,"href":"https:\/\/nirigs.com\/en\/wp-json\/wp\/v2\/pwb-brand?post=23309"},{"taxonomy":"product_brand","embeddable":true,"href":"https:\/\/nirigs.com\/en\/wp-json\/wp\/v2\/product_brand?post=23309"},{"taxonomy":"product_cat","embeddable":true,"href":"https:\/\/nirigs.com\/en\/wp-json\/wp\/v2\/product_cat?post=23309"},{"taxonomy":"product_tag","embeddable":true,"href":"https:\/\/nirigs.com\/en\/wp-json\/wp\/v2\/product_tag?post=23309"}],"curies":[{"name":"wp","href":"https:\/\/api.w.org\/{rel}","templated":true}]}}