{"id":23288,"date":"2024-10-06T18:02:03","date_gmt":"2024-10-06T15:02:03","guid":{"rendered":"https:\/\/nirigs.com\/produit\/brix-desinfectant-nettoyant-multi-usages-citron-3l\/"},"modified":"2025-02-02T16:56:17","modified_gmt":"2025-02-02T13:56:17","slug":"brix-desinfectant-nettoyant-multi-usages-citron-3l","status":"publish","type":"product","link":"https:\/\/nirigs.com\/en\/product\/brix-desinfectant-nettoyant-multi-usages-citron-3l\/","title":{"rendered":"Brix - Disinfectant multi-purpose cleaner lemon - 3L"},"content":{"rendered":"<p>Brix Disinfectant Multi-Purpose Cleaner is an effective solution for cleaning and disinfecting a variety of surfaces. Infused with lemon, it is designed to remove dirt, stains and germs, while leaving a pleasantly clean scent. Ideal for everyday use in homes, offices, public buildings and sanitary facilities.<\/p>\n<h4>Ingredients:<\/h4>\n<p>Water, Non-ionic surfactants, Benzalkonium chloride (disinfectant), Lemon fragrance, Emulsifiers, Preservatives.<\/p>\n<h4>Advantages :<\/h4>\n<ul>\n<li>Disinfects and cleans: Eliminates up to 99.9% of common bacteria, viruses and fungi.<\/li>\n<li>Versatile: Can be used on a wide variety of surfaces such as floors, walls, worktops and washrooms.<\/li>\n<li>Fresh fragrance: Leaves a pleasant pine fragrance for a long-lasting feeling of freshness.<\/li>\n<li>Non-corrosive: Gentle on treated surfaces, it leaves no traces or sticky residues.<\/li>\n<li>Large capacity: 3-litre capacity for a wide range of uses, ideal for households or large surfaces.<\/li>\n<\/ul>\n<h4>Manual :<\/h4>\n<ol>\n<li>Dilution for daily use :\n<ul>\n<li>Dilute 100 ml of product in 5 liters of water to clean surfaces such as floors, walls and tiles.<\/li>\n<\/ul>\n<\/li>\n<li>Use undiluted for heavily soiled areas or areas requiring extra disinfection:\n<ul>\n<li>Apply directly to the surface to be cleaned, rub if necessary, then rinse thoroughly with clean water.<\/li>\n<\/ul>\n<\/li>\n<li>For washrooms :\n<ul>\n<li>Apply undiluted to areas such as toilets, baths and washbasins, leave for a few minutes, then rinse.<\/li>\n<\/ul>\n<\/li>\n<\/ol>\n<h4>Precautions :<\/h4>\n<ul>\n<li>Keep out of reach of children.<\/li>\n<li>Avoid contact with eyes. In case of contact, rinse immediately with plenty of water and seek medical advice if necessary.<\/li>\n<li>Do not ingest. In case of accidental ingestion, seek medical advice immediately and show product label.<\/li>\n<li>Store away from heat and direct sunlight.<\/li>\n<li>Do not mix with other chemicals (especially bleach).<\/li>\n<\/ul>","protected":false},"excerpt":{"rendered":"<p>Le Brix D\u00e9sinfectant Nettoyant Multi-usages est une solution efficace pour le nettoyage et la d\u00e9sinfection de diverses surfaces. Infus\u00e9 avec<\/p>","protected":false},"featured_media":25533,"comment_status":"open","ping_status":"closed","template":"","meta":[],"pwb-brand":[1205],"product_brand":[],"product_cat":[948,275,959,963],"product_tag":[],"class_list":{"0":"post-23288","1":"product","2":"type-product","3":"status-publish","4":"has-post-thumbnail","6":"pwb-brand-brix","7":"product_cat-entretien-de-la-maison-et-nettoyage","8":"product_cat-epicerie","9":"product_cat-nettoyants-menagers","10":"product_cat-nettoyants-multi-usage","12":"first","13":"instock","14":"shipping-taxable","15":"purchasable","16":"product-type-simple"},"yoast_head":"<!-- This site is optimized with the Yoast SEO plugin v27.4 - https:\/\/yoast.com\/product\/yoast-seo-wordpress\/ -->\n<title>Brix - D\u00e9sinfectant nettoyant multi-usages citron - 3L - NIRIGS<\/title>\n<meta name=\"robots\" content=\"index, follow, max-snippet:-1, max-image-preview:large, max-video-preview:-1\" \/>\n<link rel=\"canonical\" href=\"https:\/\/nirigs.com\/en\/product\/brix-desinfectant-nettoyant-multi-usages-citron-3l\/\" \/>\n<meta property=\"og:locale\" content=\"en_US\" \/>\n<meta property=\"og:type\" content=\"article\" \/>\n<meta property=\"og:title\" content=\"Brix - D\u00e9sinfectant nettoyant multi-usages citron - 3L - NIRIGS\" \/>\n<meta property=\"og:description\" content=\"Le Brix D\u00e9sinfectant Nettoyant Multi-usages est une solution efficace pour le nettoyage et la d\u00e9sinfection de diverses surfaces. Infus\u00e9 avec\" \/>\n<meta property=\"og:url\" content=\"https:\/\/nirigs.com\/en\/product\/brix-desinfectant-nettoyant-multi-usages-citron-3l\/\" \/>\n<meta property=\"og:site_name\" content=\"NIRIGS\" \/>\n<meta property=\"article:modified_time\" content=\"2025-02-02T13:56:17+00:00\" \/>\n<meta property=\"og:image\" content=\"https:\/\/nirigs.com\/wp-content\/uploads\/2024\/10\/Brix-Desinfectant-nettoyant-multi-usages-citron-3L.jpg\" \/>\n\t<meta property=\"og:image:width\" content=\"1000\" \/>\n\t<meta property=\"og:image:height\" content=\"1000\" \/>\n\t<meta property=\"og:image:type\" content=\"image\/jpeg\" \/>\n<meta name=\"twitter:card\" content=\"summary_large_image\" \/>\n<meta name=\"twitter:label1\" content=\"Est. reading time\" \/>\n\t<meta name=\"twitter:data1\" content=\"2 minutes\" \/>\n<script type=\"application\/ld+json\" class=\"yoast-schema-graph\">{\"@context\":\"https:\\\/\\\/schema.org\",\"@graph\":[{\"@type\":\"WebPage\",\"@id\":\"https:\\\/\\\/nirigs.com\\\/product\\\/brix-desinfectant-nettoyant-multi-usages-citron-3l\\\/\",\"url\":\"https:\\\/\\\/nirigs.com\\\/product\\\/brix-desinfectant-nettoyant-multi-usages-citron-3l\\\/\",\"name\":\"Brix - D\u00e9sinfectant nettoyant multi-usages citron - 3L - NIRIGS\",\"isPartOf\":{\"@id\":\"https:\\\/\\\/nirigs.com\\\/#website\"},\"primaryImageOfPage\":{\"@id\":\"https:\\\/\\\/nirigs.com\\\/product\\\/brix-desinfectant-nettoyant-multi-usages-citron-3l\\\/#primaryimage\"},\"image\":{\"@id\":\"https:\\\/\\\/nirigs.com\\\/product\\\/brix-desinfectant-nettoyant-multi-usages-citron-3l\\\/#primaryimage\"},\"thumbnailUrl\":\"https:\\\/\\\/nirigs.com\\\/wp-content\\\/uploads\\\/2024\\\/10\\\/Brix-Desinfectant-nettoyant-multi-usages-citron-3L.jpg\",\"datePublished\":\"2024-10-06T15:02:03+00:00\",\"dateModified\":\"2025-02-02T13:56:17+00:00\",\"breadcrumb\":{\"@id\":\"https:\\\/\\\/nirigs.com\\\/product\\\/brix-desinfectant-nettoyant-multi-usages-citron-3l\\\/#breadcrumb\"},\"inLanguage\":\"en-US\",\"potentialAction\":[{\"@type\":\"ReadAction\",\"target\":[\"https:\\\/\\\/nirigs.com\\\/product\\\/brix-desinfectant-nettoyant-multi-usages-citron-3l\\\/\"]}]},{\"@type\":\"ImageObject\",\"inLanguage\":\"en-US\",\"@id\":\"https:\\\/\\\/nirigs.com\\\/product\\\/brix-desinfectant-nettoyant-multi-usages-citron-3l\\\/#primaryimage\",\"url\":\"https:\\\/\\\/nirigs.com\\\/wp-content\\\/uploads\\\/2024\\\/10\\\/Brix-Desinfectant-nettoyant-multi-usages-citron-3L.jpg\",\"contentUrl\":\"https:\\\/\\\/nirigs.com\\\/wp-content\\\/uploads\\\/2024\\\/10\\\/Brix-Desinfectant-nettoyant-multi-usages-citron-3L.jpg\",\"width\":1000,\"height\":1000},{\"@type\":\"BreadcrumbList\",\"@id\":\"https:\\\/\\\/nirigs.com\\\/product\\\/brix-desinfectant-nettoyant-multi-usages-citron-3l\\\/#breadcrumb\",\"itemListElement\":[{\"@type\":\"ListItem\",\"position\":1,\"name\":\"Home\",\"item\":\"https:\\\/\\\/nirigs.com\\\/\"},{\"@type\":\"ListItem\",\"position\":2,\"name\":\"Parcourir\",\"item\":\"https:\\\/\\\/nirigs.com\\\/boutique\\\/\"},{\"@type\":\"ListItem\",\"position\":3,\"name\":\"Brix &#8211; D\u00e9sinfectant nettoyant multi-usages citron &#8211; 3L\"}]},{\"@type\":\"WebSite\",\"@id\":\"https:\\\/\\\/nirigs.com\\\/#website\",\"url\":\"https:\\\/\\\/nirigs.com\\\/\",\"name\":\"Nirigs.com\",\"description\":\"Simplifiez vos achats du quotidien \u00e0 Djibouti\",\"publisher\":{\"@id\":\"https:\\\/\\\/nirigs.com\\\/#organization\"},\"potentialAction\":[{\"@type\":\"SearchAction\",\"target\":{\"@type\":\"EntryPoint\",\"urlTemplate\":\"https:\\\/\\\/nirigs.com\\\/?s={search_term_string}\"},\"query-input\":{\"@type\":\"PropertyValueSpecification\",\"valueRequired\":true,\"valueName\":\"search_term_string\"}}],\"inLanguage\":\"en-US\"},{\"@type\":\"Organization\",\"@id\":\"https:\\\/\\\/nirigs.com\\\/#organization\",\"name\":\"Nirigs\",\"url\":\"https:\\\/\\\/nirigs.com\\\/\",\"logo\":{\"@type\":\"ImageObject\",\"inLanguage\":\"en-US\",\"@id\":\"https:\\\/\\\/nirigs.com\\\/#\\\/schema\\\/logo\\\/image\\\/\",\"url\":\"https:\\\/\\\/nirigs.com\\\/wp-content\\\/uploads\\\/2025\\\/04\\\/Design-sans-titre-27.png\",\"contentUrl\":\"https:\\\/\\\/nirigs.com\\\/wp-content\\\/uploads\\\/2025\\\/04\\\/Design-sans-titre-27.png\",\"width\":500,\"height\":500,\"caption\":\"Nirigs\"},\"image\":{\"@id\":\"https:\\\/\\\/nirigs.com\\\/#\\\/schema\\\/logo\\\/image\\\/\"}}]}<\/script>\n<!-- \/ Yoast SEO plugin. -->","yoast_head_json":{"title":"Brix - D\u00e9sinfectant nettoyant multi-usages citron - 3L - NIRIGS","robots":{"index":"index","follow":"follow","max-snippet":"max-snippet:-1","max-image-preview":"max-image-preview:large","max-video-preview":"max-video-preview:-1"},"canonical":"https:\/\/nirigs.com\/en\/product\/brix-desinfectant-nettoyant-multi-usages-citron-3l\/","og_locale":"en_US","og_type":"article","og_title":"Brix - D\u00e9sinfectant nettoyant multi-usages citron - 3L - NIRIGS","og_description":"Le Brix D\u00e9sinfectant Nettoyant Multi-usages est une solution efficace pour le nettoyage et la d\u00e9sinfection de diverses surfaces. Infus\u00e9 avec","og_url":"https:\/\/nirigs.com\/en\/product\/brix-desinfectant-nettoyant-multi-usages-citron-3l\/","og_site_name":"NIRIGS","article_modified_time":"2025-02-02T13:56:17+00:00","og_image":[{"width":1000,"height":1000,"url":"https:\/\/nirigs.com\/wp-content\/uploads\/2024\/10\/Brix-Desinfectant-nettoyant-multi-usages-citron-3L.jpg","type":"image\/jpeg"}],"twitter_card":"summary_large_image","twitter_misc":{"Est. reading time":"2 minutes"},"schema":{"@context":"https:\/\/schema.org","@graph":[{"@type":"WebPage","@id":"https:\/\/nirigs.com\/product\/brix-desinfectant-nettoyant-multi-usages-citron-3l\/","url":"https:\/\/nirigs.com\/product\/brix-desinfectant-nettoyant-multi-usages-citron-3l\/","name":"Brix - D\u00e9sinfectant nettoyant multi-usages citron - 3L - NIRIGS","isPartOf":{"@id":"https:\/\/nirigs.com\/#website"},"primaryImageOfPage":{"@id":"https:\/\/nirigs.com\/product\/brix-desinfectant-nettoyant-multi-usages-citron-3l\/#primaryimage"},"image":{"@id":"https:\/\/nirigs.com\/product\/brix-desinfectant-nettoyant-multi-usages-citron-3l\/#primaryimage"},"thumbnailUrl":"https:\/\/nirigs.com\/wp-content\/uploads\/2024\/10\/Brix-Desinfectant-nettoyant-multi-usages-citron-3L.jpg","datePublished":"2024-10-06T15:02:03+00:00","dateModified":"2025-02-02T13:56:17+00:00","breadcrumb":{"@id":"https:\/\/nirigs.com\/product\/brix-desinfectant-nettoyant-multi-usages-citron-3l\/#breadcrumb"},"inLanguage":"en-US","potentialAction":[{"@type":"ReadAction","target":["https:\/\/nirigs.com\/product\/brix-desinfectant-nettoyant-multi-usages-citron-3l\/"]}]},{"@type":"ImageObject","inLanguage":"en-US","@id":"https:\/\/nirigs.com\/product\/brix-desinfectant-nettoyant-multi-usages-citron-3l\/#primaryimage","url":"https:\/\/nirigs.com\/wp-content\/uploads\/2024\/10\/Brix-Desinfectant-nettoyant-multi-usages-citron-3L.jpg","contentUrl":"https:\/\/nirigs.com\/wp-content\/uploads\/2024\/10\/Brix-Desinfectant-nettoyant-multi-usages-citron-3L.jpg","width":1000,"height":1000},{"@type":"BreadcrumbList","@id":"https:\/\/nirigs.com\/product\/brix-desinfectant-nettoyant-multi-usages-citron-3l\/#breadcrumb","itemListElement":[{"@type":"ListItem","position":1,"name":"Home","item":"https:\/\/nirigs.com\/"},{"@type":"ListItem","position":2,"name":"Parcourir","item":"https:\/\/nirigs.com\/boutique\/"},{"@type":"ListItem","position":3,"name":"Brix &#8211; D\u00e9sinfectant nettoyant multi-usages citron &#8211; 3L"}]},{"@type":"WebSite","@id":"https:\/\/nirigs.com\/#website","url":"https:\/\/nirigs.com\/","name":"Nirigs.com","description":"Simplifiez vos achats du quotidien \u00e0 Djibouti","publisher":{"@id":"https:\/\/nirigs.com\/#organization"},"potentialAction":[{"@type":"SearchAction","target":{"@type":"EntryPoint","urlTemplate":"https:\/\/nirigs.com\/?s={search_term_string}"},"query-input":{"@type":"PropertyValueSpecification","valueRequired":true,"valueName":"search_term_string"}}],"inLanguage":"en-US"},{"@type":"Organization","@id":"https:\/\/nirigs.com\/#organization","name":"Nirigs","url":"https:\/\/nirigs.com\/","logo":{"@type":"ImageObject","inLanguage":"en-US","@id":"https:\/\/nirigs.com\/#\/schema\/logo\/image\/","url":"https:\/\/nirigs.com\/wp-content\/uploads\/2025\/04\/Design-sans-titre-27.png","contentUrl":"https:\/\/nirigs.com\/wp-content\/uploads\/2025\/04\/Design-sans-titre-27.png","width":500,"height":500,"caption":"Nirigs"},"image":{"@id":"https:\/\/nirigs.com\/#\/schema\/logo\/image\/"}}]}},"brands":[{"id":1205,"name":"Brix","slug":"brix"}],"_links":{"self":[{"href":"https:\/\/nirigs.com\/en\/wp-json\/wp\/v2\/product\/23288","targetHints":{"allow":["GET"]}}],"collection":[{"href":"https:\/\/nirigs.com\/en\/wp-json\/wp\/v2\/product"}],"about":[{"href":"https:\/\/nirigs.com\/en\/wp-json\/wp\/v2\/types\/product"}],"replies":[{"embeddable":true,"href":"https:\/\/nirigs.com\/en\/wp-json\/wp\/v2\/comments?post=23288"}],"version-history":[{"count":3,"href":"https:\/\/nirigs.com\/en\/wp-json\/wp\/v2\/product\/23288\/revisions"}],"predecessor-version":[{"id":25530,"href":"https:\/\/nirigs.com\/en\/wp-json\/wp\/v2\/product\/23288\/revisions\/25530"}],"wp:featuredmedia":[{"embeddable":true,"href":"https:\/\/nirigs.com\/en\/wp-json\/wp\/v2\/media\/25533"}],"wp:attachment":[{"href":"https:\/\/nirigs.com\/en\/wp-json\/wp\/v2\/media?parent=23288"}],"wp:term":[{"taxonomy":"pwb-brand","embeddable":true,"href":"https:\/\/nirigs.com\/en\/wp-json\/wp\/v2\/pwb-brand?post=23288"},{"taxonomy":"product_brand","embeddable":true,"href":"https:\/\/nirigs.com\/en\/wp-json\/wp\/v2\/product_brand?post=23288"},{"taxonomy":"product_cat","embeddable":true,"href":"https:\/\/nirigs.com\/en\/wp-json\/wp\/v2\/product_cat?post=23288"},{"taxonomy":"product_tag","embeddable":true,"href":"https:\/\/nirigs.com\/en\/wp-json\/wp\/v2\/product_tag?post=23288"}],"curies":[{"name":"wp","href":"https:\/\/api.w.org\/{rel}","templated":true}]}}