{"id":23276,"date":"2024-10-06T18:01:59","date_gmt":"2024-10-06T15:01:59","guid":{"rendered":"https:\/\/nirigs.com\/produit\/blondor-bee-balls-mais-extrude-avec-miel-375-g\/"},"modified":"2025-03-13T10:36:44","modified_gmt":"2025-03-13T07:36:44","slug":"blondor-bee-balls-mais-extrude-avec-miel-375-g","status":"publish","type":"product","link":"https:\/\/nirigs.com\/en\/product\/blondor-bee-balls-mais-extrude-avec-miel-375-g\/","title":{"rendered":"Blondor - Bee balls - Extruded corn with honey - 375 g"},"content":{"rendered":"<p>Les Bee Balls de Blondor sont des boules croustillantes de ma\u00efs extrud\u00e9, enrob\u00e9es de d\u00e9licieux miel. Ce snack l\u00e9ger et gourmand est id\u00e9al pour une pause sucr\u00e9e \u00e0 tout moment de la journ\u00e9e. Le ma\u00efs souffl\u00e9 est croquant \u00e0 l\u2019ext\u00e9rieur et fondant \u00e0 l\u2019int\u00e9rieur, offrant une texture agr\u00e9able, associ\u00e9e \u00e0 la douceur naturelle du miel.<\/p>\n<h4><strong>Ingredients:<\/strong><\/h4>\n<p>Ma\u00efs extrud\u00e9 (70 %), miel (20 %), sucre, sirop de glucose, ar\u00f4me naturel, huile de tournesol.<\/p>\n<h4><strong>Advantages :<\/strong><\/h4>\n<ul>\n<li><strong>Snack l\u00e9ger :<\/strong> Faible en calories, parfait pour une petite faim sans culpabilit\u00e9.<\/li>\n<li><strong>Source naturelle d&rsquo;\u00e9nergie :<\/strong> Le miel est un sucrant naturel et un bon apport \u00e9nerg\u00e9tique.<\/li>\n<li><strong>Croustillant et fondant :<\/strong> Texture agr\u00e9able avec une combinaison de croustillant \u00e0 l\u2019ext\u00e9rieur et fondant \u00e0 l\u2019int\u00e9rieur.<\/li>\n<li><strong>Sans colorants artificiels :<\/strong> Produit naturel, sans additifs ni conservateurs.<\/li>\n<li><strong>Id\u00e9al pour les enfants et les adultes :<\/strong> Un plaisir pour tous les \u00e2ges, facile \u00e0 emporter partout.<\/li>\n<\/ul>\n<h4><strong>Manual :<\/strong><\/h4>\n<p>Pr\u00eat \u00e0 consommer. Savourez ces d\u00e9licieuses boules de ma\u00efs au miel \u00e0 tout moment de la journ\u00e9e, lors de vos pauses ou pour accompagner vos moments de d\u00e9tente.<\/p>\n<h4><strong>Precautions for use :<\/strong><\/h4>\n<ul>\n<li>Store in a cool, dry place, out of direct sunlight.<\/li>\n<li>Refermer le sachet apr\u00e8s ouverture pour maintenir le croustillant.<\/li>\n<\/ul>","protected":false},"excerpt":{"rendered":"<p>Les Bee Balls de Blondor sont des boules croustillantes de ma\u00efs extrud\u00e9, enrob\u00e9es de d\u00e9licieux miel. Ce snack l\u00e9ger et<\/p>","protected":false},"featured_media":25479,"comment_status":"open","ping_status":"closed","template":"","meta":[],"pwb-brand":[1207],"product_brand":[],"product_cat":[941,942,275],"product_tag":[],"class_list":{"0":"post-23276","1":"product","2":"type-product","3":"status-publish","4":"has-post-thumbnail","6":"pwb-brand-blondor","7":"product_cat-cereales-pour-petit-dejeuner","8":"product_cat-cereales-pretes-a-consommer","9":"product_cat-epicerie","11":"first","12":"instock","13":"shipping-taxable","14":"purchasable","15":"product-type-simple"},"yoast_head":"<!-- This site is optimized with the Yoast SEO plugin v27.4 - https:\/\/yoast.com\/product\/yoast-seo-wordpress\/ -->\n<title>Blondor - Bee balls - Ma\u00efs extrud\u00e9 avec miel - 375 g - NIRIGS<\/title>\n<meta name=\"robots\" content=\"index, follow, max-snippet:-1, max-image-preview:large, max-video-preview:-1\" \/>\n<link rel=\"canonical\" href=\"https:\/\/nirigs.com\/en\/product\/blondor-bee-balls-mais-extrude-avec-miel-375-g\/\" \/>\n<meta property=\"og:locale\" content=\"en_US\" \/>\n<meta property=\"og:type\" content=\"article\" \/>\n<meta property=\"og:title\" content=\"Blondor - Bee balls - Ma\u00efs extrud\u00e9 avec miel - 375 g - NIRIGS\" \/>\n<meta property=\"og:description\" content=\"Les Bee Balls de Blondor sont des boules croustillantes de ma\u00efs extrud\u00e9, enrob\u00e9es de d\u00e9licieux miel. Ce snack l\u00e9ger et\" \/>\n<meta property=\"og:url\" content=\"https:\/\/nirigs.com\/en\/product\/blondor-bee-balls-mais-extrude-avec-miel-375-g\/\" \/>\n<meta property=\"og:site_name\" content=\"NIRIGS\" \/>\n<meta property=\"article:modified_time\" content=\"2025-03-13T07:36:44+00:00\" \/>\n<meta property=\"og:image\" content=\"https:\/\/nirigs.com\/wp-content\/uploads\/2024\/10\/Blondor-\u2013-Bee-balls-\u2013-Mais-extrude-avec-miel-\u2013-375-g.jpg\" \/>\n\t<meta property=\"og:image:width\" content=\"1000\" \/>\n\t<meta property=\"og:image:height\" content=\"1000\" \/>\n\t<meta property=\"og:image:type\" content=\"image\/jpeg\" \/>\n<meta name=\"twitter:card\" content=\"summary_large_image\" \/>\n<meta name=\"twitter:label1\" content=\"Est. reading time\" \/>\n\t<meta name=\"twitter:data1\" content=\"1 minute\" \/>\n<script type=\"application\/ld+json\" class=\"yoast-schema-graph\">{\"@context\":\"https:\\\/\\\/schema.org\",\"@graph\":[{\"@type\":\"WebPage\",\"@id\":\"https:\\\/\\\/nirigs.com\\\/product\\\/blondor-bee-balls-mais-extrude-avec-miel-375-g\\\/\",\"url\":\"https:\\\/\\\/nirigs.com\\\/product\\\/blondor-bee-balls-mais-extrude-avec-miel-375-g\\\/\",\"name\":\"Blondor - Bee balls - Ma\u00efs extrud\u00e9 avec miel - 375 g - NIRIGS\",\"isPartOf\":{\"@id\":\"https:\\\/\\\/nirigs.com\\\/#website\"},\"primaryImageOfPage\":{\"@id\":\"https:\\\/\\\/nirigs.com\\\/product\\\/blondor-bee-balls-mais-extrude-avec-miel-375-g\\\/#primaryimage\"},\"image\":{\"@id\":\"https:\\\/\\\/nirigs.com\\\/product\\\/blondor-bee-balls-mais-extrude-avec-miel-375-g\\\/#primaryimage\"},\"thumbnailUrl\":\"https:\\\/\\\/nirigs.com\\\/wp-content\\\/uploads\\\/2024\\\/10\\\/Blondor-\u2013-Bee-balls-\u2013-Mais-extrude-avec-miel-\u2013-375-g.jpg\",\"datePublished\":\"2024-10-06T15:01:59+00:00\",\"dateModified\":\"2025-03-13T07:36:44+00:00\",\"breadcrumb\":{\"@id\":\"https:\\\/\\\/nirigs.com\\\/product\\\/blondor-bee-balls-mais-extrude-avec-miel-375-g\\\/#breadcrumb\"},\"inLanguage\":\"en-US\",\"potentialAction\":[{\"@type\":\"ReadAction\",\"target\":[\"https:\\\/\\\/nirigs.com\\\/product\\\/blondor-bee-balls-mais-extrude-avec-miel-375-g\\\/\"]}]},{\"@type\":\"ImageObject\",\"inLanguage\":\"en-US\",\"@id\":\"https:\\\/\\\/nirigs.com\\\/product\\\/blondor-bee-balls-mais-extrude-avec-miel-375-g\\\/#primaryimage\",\"url\":\"https:\\\/\\\/nirigs.com\\\/wp-content\\\/uploads\\\/2024\\\/10\\\/Blondor-\u2013-Bee-balls-\u2013-Mais-extrude-avec-miel-\u2013-375-g.jpg\",\"contentUrl\":\"https:\\\/\\\/nirigs.com\\\/wp-content\\\/uploads\\\/2024\\\/10\\\/Blondor-\u2013-Bee-balls-\u2013-Mais-extrude-avec-miel-\u2013-375-g.jpg\",\"width\":1000,\"height\":1000},{\"@type\":\"BreadcrumbList\",\"@id\":\"https:\\\/\\\/nirigs.com\\\/product\\\/blondor-bee-balls-mais-extrude-avec-miel-375-g\\\/#breadcrumb\",\"itemListElement\":[{\"@type\":\"ListItem\",\"position\":1,\"name\":\"Home\",\"item\":\"https:\\\/\\\/nirigs.com\\\/\"},{\"@type\":\"ListItem\",\"position\":2,\"name\":\"Parcourir\",\"item\":\"https:\\\/\\\/nirigs.com\\\/boutique\\\/\"},{\"@type\":\"ListItem\",\"position\":3,\"name\":\"Blondor &#8211; Bee balls &#8211; Ma\u00efs extrud\u00e9 avec miel &#8211; 375 g\"}]},{\"@type\":\"WebSite\",\"@id\":\"https:\\\/\\\/nirigs.com\\\/#website\",\"url\":\"https:\\\/\\\/nirigs.com\\\/\",\"name\":\"Nirigs.com\",\"description\":\"Simplifiez vos achats du quotidien \u00e0 Djibouti\",\"publisher\":{\"@id\":\"https:\\\/\\\/nirigs.com\\\/#organization\"},\"potentialAction\":[{\"@type\":\"SearchAction\",\"target\":{\"@type\":\"EntryPoint\",\"urlTemplate\":\"https:\\\/\\\/nirigs.com\\\/?s={search_term_string}\"},\"query-input\":{\"@type\":\"PropertyValueSpecification\",\"valueRequired\":true,\"valueName\":\"search_term_string\"}}],\"inLanguage\":\"en-US\"},{\"@type\":\"Organization\",\"@id\":\"https:\\\/\\\/nirigs.com\\\/#organization\",\"name\":\"Nirigs\",\"url\":\"https:\\\/\\\/nirigs.com\\\/\",\"logo\":{\"@type\":\"ImageObject\",\"inLanguage\":\"en-US\",\"@id\":\"https:\\\/\\\/nirigs.com\\\/#\\\/schema\\\/logo\\\/image\\\/\",\"url\":\"https:\\\/\\\/nirigs.com\\\/wp-content\\\/uploads\\\/2025\\\/04\\\/Design-sans-titre-27.png\",\"contentUrl\":\"https:\\\/\\\/nirigs.com\\\/wp-content\\\/uploads\\\/2025\\\/04\\\/Design-sans-titre-27.png\",\"width\":500,\"height\":500,\"caption\":\"Nirigs\"},\"image\":{\"@id\":\"https:\\\/\\\/nirigs.com\\\/#\\\/schema\\\/logo\\\/image\\\/\"}}]}<\/script>\n<!-- \/ Yoast SEO plugin. -->","yoast_head_json":{"title":"Blondor - Bee balls - Ma\u00efs extrud\u00e9 avec miel - 375 g - NIRIGS","robots":{"index":"index","follow":"follow","max-snippet":"max-snippet:-1","max-image-preview":"max-image-preview:large","max-video-preview":"max-video-preview:-1"},"canonical":"https:\/\/nirigs.com\/en\/product\/blondor-bee-balls-mais-extrude-avec-miel-375-g\/","og_locale":"en_US","og_type":"article","og_title":"Blondor - Bee balls - Ma\u00efs extrud\u00e9 avec miel - 375 g - NIRIGS","og_description":"Les Bee Balls de Blondor sont des boules croustillantes de ma\u00efs extrud\u00e9, enrob\u00e9es de d\u00e9licieux miel. Ce snack l\u00e9ger et","og_url":"https:\/\/nirigs.com\/en\/product\/blondor-bee-balls-mais-extrude-avec-miel-375-g\/","og_site_name":"NIRIGS","article_modified_time":"2025-03-13T07:36:44+00:00","og_image":[{"width":1000,"height":1000,"url":"https:\/\/nirigs.com\/wp-content\/uploads\/2024\/10\/Blondor-\u2013-Bee-balls-\u2013-Mais-extrude-avec-miel-\u2013-375-g.jpg","type":"image\/jpeg"}],"twitter_card":"summary_large_image","twitter_misc":{"Est. reading time":"1 minute"},"schema":{"@context":"https:\/\/schema.org","@graph":[{"@type":"WebPage","@id":"https:\/\/nirigs.com\/product\/blondor-bee-balls-mais-extrude-avec-miel-375-g\/","url":"https:\/\/nirigs.com\/product\/blondor-bee-balls-mais-extrude-avec-miel-375-g\/","name":"Blondor - Bee balls - Ma\u00efs extrud\u00e9 avec miel - 375 g - NIRIGS","isPartOf":{"@id":"https:\/\/nirigs.com\/#website"},"primaryImageOfPage":{"@id":"https:\/\/nirigs.com\/product\/blondor-bee-balls-mais-extrude-avec-miel-375-g\/#primaryimage"},"image":{"@id":"https:\/\/nirigs.com\/product\/blondor-bee-balls-mais-extrude-avec-miel-375-g\/#primaryimage"},"thumbnailUrl":"https:\/\/nirigs.com\/wp-content\/uploads\/2024\/10\/Blondor-\u2013-Bee-balls-\u2013-Mais-extrude-avec-miel-\u2013-375-g.jpg","datePublished":"2024-10-06T15:01:59+00:00","dateModified":"2025-03-13T07:36:44+00:00","breadcrumb":{"@id":"https:\/\/nirigs.com\/product\/blondor-bee-balls-mais-extrude-avec-miel-375-g\/#breadcrumb"},"inLanguage":"en-US","potentialAction":[{"@type":"ReadAction","target":["https:\/\/nirigs.com\/product\/blondor-bee-balls-mais-extrude-avec-miel-375-g\/"]}]},{"@type":"ImageObject","inLanguage":"en-US","@id":"https:\/\/nirigs.com\/product\/blondor-bee-balls-mais-extrude-avec-miel-375-g\/#primaryimage","url":"https:\/\/nirigs.com\/wp-content\/uploads\/2024\/10\/Blondor-\u2013-Bee-balls-\u2013-Mais-extrude-avec-miel-\u2013-375-g.jpg","contentUrl":"https:\/\/nirigs.com\/wp-content\/uploads\/2024\/10\/Blondor-\u2013-Bee-balls-\u2013-Mais-extrude-avec-miel-\u2013-375-g.jpg","width":1000,"height":1000},{"@type":"BreadcrumbList","@id":"https:\/\/nirigs.com\/product\/blondor-bee-balls-mais-extrude-avec-miel-375-g\/#breadcrumb","itemListElement":[{"@type":"ListItem","position":1,"name":"Home","item":"https:\/\/nirigs.com\/"},{"@type":"ListItem","position":2,"name":"Parcourir","item":"https:\/\/nirigs.com\/boutique\/"},{"@type":"ListItem","position":3,"name":"Blondor &#8211; Bee balls &#8211; Ma\u00efs extrud\u00e9 avec miel &#8211; 375 g"}]},{"@type":"WebSite","@id":"https:\/\/nirigs.com\/#website","url":"https:\/\/nirigs.com\/","name":"Nirigs.com","description":"Simplifiez vos achats du quotidien \u00e0 Djibouti","publisher":{"@id":"https:\/\/nirigs.com\/#organization"},"potentialAction":[{"@type":"SearchAction","target":{"@type":"EntryPoint","urlTemplate":"https:\/\/nirigs.com\/?s={search_term_string}"},"query-input":{"@type":"PropertyValueSpecification","valueRequired":true,"valueName":"search_term_string"}}],"inLanguage":"en-US"},{"@type":"Organization","@id":"https:\/\/nirigs.com\/#organization","name":"Nirigs","url":"https:\/\/nirigs.com\/","logo":{"@type":"ImageObject","inLanguage":"en-US","@id":"https:\/\/nirigs.com\/#\/schema\/logo\/image\/","url":"https:\/\/nirigs.com\/wp-content\/uploads\/2025\/04\/Design-sans-titre-27.png","contentUrl":"https:\/\/nirigs.com\/wp-content\/uploads\/2025\/04\/Design-sans-titre-27.png","width":500,"height":500,"caption":"Nirigs"},"image":{"@id":"https:\/\/nirigs.com\/#\/schema\/logo\/image\/"}}]}},"brands":[{"id":1207,"name":"Blondor","slug":"blondor"}],"_links":{"self":[{"href":"https:\/\/nirigs.com\/en\/wp-json\/wp\/v2\/product\/23276","targetHints":{"allow":["GET"]}}],"collection":[{"href":"https:\/\/nirigs.com\/en\/wp-json\/wp\/v2\/product"}],"about":[{"href":"https:\/\/nirigs.com\/en\/wp-json\/wp\/v2\/types\/product"}],"replies":[{"embeddable":true,"href":"https:\/\/nirigs.com\/en\/wp-json\/wp\/v2\/comments?post=23276"}],"version-history":[{"count":3,"href":"https:\/\/nirigs.com\/en\/wp-json\/wp\/v2\/product\/23276\/revisions"}],"predecessor-version":[{"id":25478,"href":"https:\/\/nirigs.com\/en\/wp-json\/wp\/v2\/product\/23276\/revisions\/25478"}],"wp:featuredmedia":[{"embeddable":true,"href":"https:\/\/nirigs.com\/en\/wp-json\/wp\/v2\/media\/25479"}],"wp:attachment":[{"href":"https:\/\/nirigs.com\/en\/wp-json\/wp\/v2\/media?parent=23276"}],"wp:term":[{"taxonomy":"pwb-brand","embeddable":true,"href":"https:\/\/nirigs.com\/en\/wp-json\/wp\/v2\/pwb-brand?post=23276"},{"taxonomy":"product_brand","embeddable":true,"href":"https:\/\/nirigs.com\/en\/wp-json\/wp\/v2\/product_brand?post=23276"},{"taxonomy":"product_cat","embeddable":true,"href":"https:\/\/nirigs.com\/en\/wp-json\/wp\/v2\/product_cat?post=23276"},{"taxonomy":"product_tag","embeddable":true,"href":"https:\/\/nirigs.com\/en\/wp-json\/wp\/v2\/product_tag?post=23276"}],"curies":[{"name":"wp","href":"https:\/\/api.w.org\/{rel}","templated":true}]}}