{"id":23274,"date":"2024-10-06T18:01:58","date_gmt":"2024-10-06T15:01:58","guid":{"rendered":"https:\/\/nirigs.com\/produit\/blondor-crispy-honey-ble-dur-souffle-recouvert-de-miel-375-g\/"},"modified":"2025-03-13T10:36:58","modified_gmt":"2025-03-13T07:36:58","slug":"blondor-crispy-honey-ble-dur-souffle-recouvert-de-miel-375-g","status":"publish","type":"product","link":"https:\/\/nirigs.com\/en\/product\/blondor-crispy-honey-ble-dur-souffle-recouvert-de-miel-375-g\/","title":{"rendered":"Blondor - Crispy honey - Honey-covered puffed durum wheat - 375 g"},"content":{"rendered":"<p>Le Blondor Crispy Honey est un d\u00e9licieux snack \u00e0 base de bl\u00e9 dur souffl\u00e9, enrob\u00e9 d&rsquo;une fine couche de miel. Croustillant et sucr\u00e9, il est parfait pour une collation gourmande et naturelle. Ce m\u00e9lange de bl\u00e9 souffl\u00e9 l\u00e9ger et de miel sucr\u00e9 apporte une texture agr\u00e9able et une touche de douceur \u00e0 chaque bouch\u00e9e. Id\u00e9al pour une pause sucr\u00e9e ou pour accompagner votre petit-d\u00e9jeuner.<\/p>\n<h4><strong>Ingredients:<\/strong><\/h4>\n<p>Bl\u00e9 dur souffl\u00e9 (70 %), miel (15 %), sucre, sirop de glucose, ar\u00f4mes naturels.<\/p>\n<h4><strong>Advantages :<\/strong><\/h4>\n<ul>\n<li><strong>Source naturelle d\u2019\u00e9nergie :<\/strong> Le miel et le bl\u00e9 offrent un apport \u00e9nerg\u00e9tique id\u00e9al pour commencer la journ\u00e9e ou pour une pause rapide.<\/li>\n<li><strong>Croustillant et savoureux :<\/strong> Bl\u00e9 souffl\u00e9 l\u00e9ger avec une texture croustillante et un enrobage de miel sucr\u00e9.<\/li>\n<li><strong>Produit naturel :<\/strong> Sans colorants ni conservateurs ajout\u00e9s.<\/li>\n<li><strong>Facile \u00e0 consommer :<\/strong> Pr\u00eat \u00e0 d\u00e9guster \u00e0 tout moment de la journ\u00e9e, seul ou accompagn\u00e9 d&rsquo;un yaourt ou de lait.<\/li>\n<li><strong>Convient \u00e0 tous :<\/strong> Un plaisir simple qui convient aussi bien aux adultes qu&rsquo;aux enfants.<\/li>\n<\/ul>\n<h4><strong>Manual :<\/strong><\/h4>\n<p>Pr\u00eat \u00e0 consommer tel quel ou \u00e0 int\u00e9grer dans vos bols de c\u00e9r\u00e9ales avec du lait, ou encore en accompagnement avec des fruits pour un petit-d\u00e9jeuner complet.<\/p>\n<h4><strong>Precautions for use :<\/strong><\/h4>\n<ul>\n<li>Conserver dans un endroit frais et sec, \u00e0 l\u2019abri de l\u2019humidit\u00e9.<\/li>\n<li>Refermer le sachet apr\u00e8s chaque utilisation pour pr\u00e9server le croustillant.<\/li>\n<\/ul>\n<p>&nbsp;<\/p>","protected":false},"excerpt":{"rendered":"<p>Le Blondor Crispy Honey est un d\u00e9licieux snack \u00e0 base de bl\u00e9 dur souffl\u00e9, enrob\u00e9 d&rsquo;une fine couche de miel.<\/p>","protected":false},"featured_media":25481,"comment_status":"open","ping_status":"closed","template":"","meta":[],"pwb-brand":[1207],"product_brand":[],"product_cat":[941,942,275],"product_tag":[],"class_list":{"0":"post-23274","1":"product","2":"type-product","3":"status-publish","4":"has-post-thumbnail","6":"pwb-brand-blondor","7":"product_cat-cereales-pour-petit-dejeuner","8":"product_cat-cereales-pretes-a-consommer","9":"product_cat-epicerie","11":"first","12":"instock","13":"shipping-taxable","14":"purchasable","15":"product-type-simple"},"yoast_head":"<!-- This site is optimized with the Yoast SEO plugin v27.1.1 - https:\/\/yoast.com\/product\/yoast-seo-wordpress\/ -->\n<title>Blondor - Crispy honey - Bl\u00e9 dur souffl\u00e9 recouvert de miel - 375 g - NIRIGS<\/title>\n<meta name=\"robots\" content=\"index, follow, max-snippet:-1, max-image-preview:large, max-video-preview:-1\" \/>\n<link rel=\"canonical\" href=\"https:\/\/nirigs.com\/en\/product\/blondor-crispy-honey-ble-dur-souffle-recouvert-de-miel-375-g\/\" \/>\n<meta property=\"og:locale\" content=\"en_US\" \/>\n<meta property=\"og:type\" content=\"article\" \/>\n<meta property=\"og:title\" content=\"Blondor - Crispy honey - Bl\u00e9 dur souffl\u00e9 recouvert de miel - 375 g - NIRIGS\" \/>\n<meta property=\"og:description\" content=\"Le Blondor Crispy Honey est un d\u00e9licieux snack \u00e0 base de bl\u00e9 dur souffl\u00e9, enrob\u00e9 d&rsquo;une fine couche de miel.\" \/>\n<meta property=\"og:url\" content=\"https:\/\/nirigs.com\/en\/product\/blondor-crispy-honey-ble-dur-souffle-recouvert-de-miel-375-g\/\" \/>\n<meta property=\"og:site_name\" content=\"NIRIGS\" \/>\n<meta property=\"article:modified_time\" content=\"2025-03-13T07:36:58+00:00\" \/>\n<meta property=\"og:image\" content=\"https:\/\/nirigs.com\/wp-content\/uploads\/2024\/10\/Blondor-Crispy-honey-Ble-dur-souffle-recouvert-de-miel-375-g.jpg\" \/>\n\t<meta property=\"og:image:width\" content=\"1000\" \/>\n\t<meta property=\"og:image:height\" content=\"1000\" \/>\n\t<meta property=\"og:image:type\" content=\"image\/jpeg\" \/>\n<meta name=\"twitter:card\" content=\"summary_large_image\" \/>\n<meta name=\"twitter:label1\" content=\"Est. reading time\" \/>\n\t<meta name=\"twitter:data1\" content=\"1 minute\" \/>\n<script type=\"application\/ld+json\" class=\"yoast-schema-graph\">{\"@context\":\"https:\/\/schema.org\",\"@graph\":[{\"@type\":\"WebPage\",\"@id\":\"https:\/\/nirigs.com\/product\/blondor-crispy-honey-ble-dur-souffle-recouvert-de-miel-375-g\/\",\"url\":\"https:\/\/nirigs.com\/product\/blondor-crispy-honey-ble-dur-souffle-recouvert-de-miel-375-g\/\",\"name\":\"Blondor - Crispy honey - Bl\u00e9 dur souffl\u00e9 recouvert de miel - 375 g - NIRIGS\",\"isPartOf\":{\"@id\":\"https:\/\/nirigs.com\/#website\"},\"primaryImageOfPage\":{\"@id\":\"https:\/\/nirigs.com\/product\/blondor-crispy-honey-ble-dur-souffle-recouvert-de-miel-375-g\/#primaryimage\"},\"image\":{\"@id\":\"https:\/\/nirigs.com\/product\/blondor-crispy-honey-ble-dur-souffle-recouvert-de-miel-375-g\/#primaryimage\"},\"thumbnailUrl\":\"https:\/\/nirigs.com\/wp-content\/uploads\/2024\/10\/Blondor-Crispy-honey-Ble-dur-souffle-recouvert-de-miel-375-g.jpg\",\"datePublished\":\"2024-10-06T15:01:58+00:00\",\"dateModified\":\"2025-03-13T07:36:58+00:00\",\"breadcrumb\":{\"@id\":\"https:\/\/nirigs.com\/product\/blondor-crispy-honey-ble-dur-souffle-recouvert-de-miel-375-g\/#breadcrumb\"},\"inLanguage\":\"en-US\",\"potentialAction\":[{\"@type\":\"ReadAction\",\"target\":[\"https:\/\/nirigs.com\/product\/blondor-crispy-honey-ble-dur-souffle-recouvert-de-miel-375-g\/\"]}]},{\"@type\":\"ImageObject\",\"inLanguage\":\"en-US\",\"@id\":\"https:\/\/nirigs.com\/product\/blondor-crispy-honey-ble-dur-souffle-recouvert-de-miel-375-g\/#primaryimage\",\"url\":\"https:\/\/nirigs.com\/wp-content\/uploads\/2024\/10\/Blondor-Crispy-honey-Ble-dur-souffle-recouvert-de-miel-375-g.jpg\",\"contentUrl\":\"https:\/\/nirigs.com\/wp-content\/uploads\/2024\/10\/Blondor-Crispy-honey-Ble-dur-souffle-recouvert-de-miel-375-g.jpg\",\"width\":1000,\"height\":1000},{\"@type\":\"BreadcrumbList\",\"@id\":\"https:\/\/nirigs.com\/product\/blondor-crispy-honey-ble-dur-souffle-recouvert-de-miel-375-g\/#breadcrumb\",\"itemListElement\":[{\"@type\":\"ListItem\",\"position\":1,\"name\":\"Home\",\"item\":\"https:\/\/nirigs.com\/\"},{\"@type\":\"ListItem\",\"position\":2,\"name\":\"Parcourir\",\"item\":\"https:\/\/nirigs.com\/boutique\/\"},{\"@type\":\"ListItem\",\"position\":3,\"name\":\"Blondor &#8211; Crispy honey &#8211; Bl\u00e9 dur souffl\u00e9 recouvert de miel &#8211; 375 g\"}]},{\"@type\":\"WebSite\",\"@id\":\"https:\/\/nirigs.com\/#website\",\"url\":\"https:\/\/nirigs.com\/\",\"name\":\"Nirigs.com\",\"description\":\"Simplifiez vos achats du quotidien \u00e0 Djibouti\",\"publisher\":{\"@id\":\"https:\/\/nirigs.com\/#organization\"},\"potentialAction\":[{\"@type\":\"SearchAction\",\"target\":{\"@type\":\"EntryPoint\",\"urlTemplate\":\"https:\/\/nirigs.com\/?s={search_term_string}\"},\"query-input\":{\"@type\":\"PropertyValueSpecification\",\"valueRequired\":true,\"valueName\":\"search_term_string\"}}],\"inLanguage\":\"en-US\"},{\"@type\":\"Organization\",\"@id\":\"https:\/\/nirigs.com\/#organization\",\"name\":\"Nirigs\",\"url\":\"https:\/\/nirigs.com\/\",\"logo\":{\"@type\":\"ImageObject\",\"inLanguage\":\"en-US\",\"@id\":\"https:\/\/nirigs.com\/#\/schema\/logo\/image\/\",\"url\":\"https:\/\/nirigs.com\/wp-content\/uploads\/2025\/04\/Design-sans-titre-27.png\",\"contentUrl\":\"https:\/\/nirigs.com\/wp-content\/uploads\/2025\/04\/Design-sans-titre-27.png\",\"width\":500,\"height\":500,\"caption\":\"Nirigs\"},\"image\":{\"@id\":\"https:\/\/nirigs.com\/#\/schema\/logo\/image\/\"}}]}<\/script>\n<!-- \/ Yoast SEO plugin. -->","yoast_head_json":{"title":"Blondor - Crispy honey - Bl\u00e9 dur souffl\u00e9 recouvert de miel - 375 g - NIRIGS","robots":{"index":"index","follow":"follow","max-snippet":"max-snippet:-1","max-image-preview":"max-image-preview:large","max-video-preview":"max-video-preview:-1"},"canonical":"https:\/\/nirigs.com\/en\/product\/blondor-crispy-honey-ble-dur-souffle-recouvert-de-miel-375-g\/","og_locale":"en_US","og_type":"article","og_title":"Blondor - Crispy honey - Bl\u00e9 dur souffl\u00e9 recouvert de miel - 375 g - NIRIGS","og_description":"Le Blondor Crispy Honey est un d\u00e9licieux snack \u00e0 base de bl\u00e9 dur souffl\u00e9, enrob\u00e9 d&rsquo;une fine couche de miel.","og_url":"https:\/\/nirigs.com\/en\/product\/blondor-crispy-honey-ble-dur-souffle-recouvert-de-miel-375-g\/","og_site_name":"NIRIGS","article_modified_time":"2025-03-13T07:36:58+00:00","og_image":[{"width":1000,"height":1000,"url":"https:\/\/nirigs.com\/wp-content\/uploads\/2024\/10\/Blondor-Crispy-honey-Ble-dur-souffle-recouvert-de-miel-375-g.jpg","type":"image\/jpeg"}],"twitter_card":"summary_large_image","twitter_misc":{"Est. reading time":"1 minute"},"schema":{"@context":"https:\/\/schema.org","@graph":[{"@type":"WebPage","@id":"https:\/\/nirigs.com\/product\/blondor-crispy-honey-ble-dur-souffle-recouvert-de-miel-375-g\/","url":"https:\/\/nirigs.com\/product\/blondor-crispy-honey-ble-dur-souffle-recouvert-de-miel-375-g\/","name":"Blondor - Crispy honey - Bl\u00e9 dur souffl\u00e9 recouvert de miel - 375 g - NIRIGS","isPartOf":{"@id":"https:\/\/nirigs.com\/#website"},"primaryImageOfPage":{"@id":"https:\/\/nirigs.com\/product\/blondor-crispy-honey-ble-dur-souffle-recouvert-de-miel-375-g\/#primaryimage"},"image":{"@id":"https:\/\/nirigs.com\/product\/blondor-crispy-honey-ble-dur-souffle-recouvert-de-miel-375-g\/#primaryimage"},"thumbnailUrl":"https:\/\/nirigs.com\/wp-content\/uploads\/2024\/10\/Blondor-Crispy-honey-Ble-dur-souffle-recouvert-de-miel-375-g.jpg","datePublished":"2024-10-06T15:01:58+00:00","dateModified":"2025-03-13T07:36:58+00:00","breadcrumb":{"@id":"https:\/\/nirigs.com\/product\/blondor-crispy-honey-ble-dur-souffle-recouvert-de-miel-375-g\/#breadcrumb"},"inLanguage":"en-US","potentialAction":[{"@type":"ReadAction","target":["https:\/\/nirigs.com\/product\/blondor-crispy-honey-ble-dur-souffle-recouvert-de-miel-375-g\/"]}]},{"@type":"ImageObject","inLanguage":"en-US","@id":"https:\/\/nirigs.com\/product\/blondor-crispy-honey-ble-dur-souffle-recouvert-de-miel-375-g\/#primaryimage","url":"https:\/\/nirigs.com\/wp-content\/uploads\/2024\/10\/Blondor-Crispy-honey-Ble-dur-souffle-recouvert-de-miel-375-g.jpg","contentUrl":"https:\/\/nirigs.com\/wp-content\/uploads\/2024\/10\/Blondor-Crispy-honey-Ble-dur-souffle-recouvert-de-miel-375-g.jpg","width":1000,"height":1000},{"@type":"BreadcrumbList","@id":"https:\/\/nirigs.com\/product\/blondor-crispy-honey-ble-dur-souffle-recouvert-de-miel-375-g\/#breadcrumb","itemListElement":[{"@type":"ListItem","position":1,"name":"Home","item":"https:\/\/nirigs.com\/"},{"@type":"ListItem","position":2,"name":"Parcourir","item":"https:\/\/nirigs.com\/boutique\/"},{"@type":"ListItem","position":3,"name":"Blondor &#8211; Crispy honey &#8211; Bl\u00e9 dur souffl\u00e9 recouvert de miel &#8211; 375 g"}]},{"@type":"WebSite","@id":"https:\/\/nirigs.com\/#website","url":"https:\/\/nirigs.com\/","name":"Nirigs.com","description":"Simplifiez vos achats du quotidien \u00e0 Djibouti","publisher":{"@id":"https:\/\/nirigs.com\/#organization"},"potentialAction":[{"@type":"SearchAction","target":{"@type":"EntryPoint","urlTemplate":"https:\/\/nirigs.com\/?s={search_term_string}"},"query-input":{"@type":"PropertyValueSpecification","valueRequired":true,"valueName":"search_term_string"}}],"inLanguage":"en-US"},{"@type":"Organization","@id":"https:\/\/nirigs.com\/#organization","name":"Nirigs","url":"https:\/\/nirigs.com\/","logo":{"@type":"ImageObject","inLanguage":"en-US","@id":"https:\/\/nirigs.com\/#\/schema\/logo\/image\/","url":"https:\/\/nirigs.com\/wp-content\/uploads\/2025\/04\/Design-sans-titre-27.png","contentUrl":"https:\/\/nirigs.com\/wp-content\/uploads\/2025\/04\/Design-sans-titre-27.png","width":500,"height":500,"caption":"Nirigs"},"image":{"@id":"https:\/\/nirigs.com\/#\/schema\/logo\/image\/"}}]}},"brands":[{"id":1207,"name":"Blondor","slug":"blondor"}],"_links":{"self":[{"href":"https:\/\/nirigs.com\/en\/wp-json\/wp\/v2\/product\/23274","targetHints":{"allow":["GET"]}}],"collection":[{"href":"https:\/\/nirigs.com\/en\/wp-json\/wp\/v2\/product"}],"about":[{"href":"https:\/\/nirigs.com\/en\/wp-json\/wp\/v2\/types\/product"}],"replies":[{"embeddable":true,"href":"https:\/\/nirigs.com\/en\/wp-json\/wp\/v2\/comments?post=23274"}],"version-history":[{"count":3,"href":"https:\/\/nirigs.com\/en\/wp-json\/wp\/v2\/product\/23274\/revisions"}],"predecessor-version":[{"id":25487,"href":"https:\/\/nirigs.com\/en\/wp-json\/wp\/v2\/product\/23274\/revisions\/25487"}],"wp:featuredmedia":[{"embeddable":true,"href":"https:\/\/nirigs.com\/en\/wp-json\/wp\/v2\/media\/25481"}],"wp:attachment":[{"href":"https:\/\/nirigs.com\/en\/wp-json\/wp\/v2\/media?parent=23274"}],"wp:term":[{"taxonomy":"pwb-brand","embeddable":true,"href":"https:\/\/nirigs.com\/en\/wp-json\/wp\/v2\/pwb-brand?post=23274"},{"taxonomy":"product_brand","embeddable":true,"href":"https:\/\/nirigs.com\/en\/wp-json\/wp\/v2\/product_brand?post=23274"},{"taxonomy":"product_cat","embeddable":true,"href":"https:\/\/nirigs.com\/en\/wp-json\/wp\/v2\/product_cat?post=23274"},{"taxonomy":"product_tag","embeddable":true,"href":"https:\/\/nirigs.com\/en\/wp-json\/wp\/v2\/product_tag?post=23274"}],"curies":[{"name":"wp","href":"https:\/\/api.w.org\/{rel}","templated":true}]}}