{"id":23271,"date":"2024-10-06T18:01:56","date_gmt":"2024-10-06T15:01:56","guid":{"rendered":"https:\/\/nirigs.com\/produit\/leader-price-mouchoirs-colores-3-plis-x90-mouchoirs\/"},"modified":"2025-06-05T19:37:35","modified_gmt":"2025-06-05T16:37:35","slug":"leader-price-mouchoirs-colores-3-plis-x90-mouchoirs","status":"publish","type":"product","link":"https:\/\/nirigs.com\/en\/product\/leader-price-mouchoirs-colores-3-plis-x90-mouchoirs\/","title":{"rendered":"Leader Price &#8211; Mouchoirs color\u00e9s 3 plis x90 mouchoirs"},"content":{"rendered":"<p>Les mouchoirs color\u00e9s 3 plis de Leader Price sont con\u00e7us pour offrir un confort optimal et une douceur sup\u00e9rieure \u00e0 chaque utilisation. Gr\u00e2ce \u00e0 leur triple \u00e9paisseur, ces mouchoirs sont r\u00e9sistants et absorbants, id\u00e9als pour un usage quotidien. Le format pratique de 90 mouchoirs par bo\u00eete permet d&rsquo;en avoir toujours \u00e0 port\u00e9e de main, que ce soit \u00e0 la maison, au bureau ou en d\u00e9placement.<\/p>\n<h4>Ingredients:<\/h4>\n<p>Papier en cellulose et Encres alimentaires pour la coloration.<\/p>\n<h4>Advantages :<\/h4>\n<ul>\n<li>Douceur optimale : Le papier de qualit\u00e9 3 plis offre une sensation de douceur sur la peau.<\/li>\n<li>R\u00e9sistance : La triple \u00e9paisseur rend ces mouchoirs solides et absorbants, parfaits pour un usage intensif, sans risque de d\u00e9chirure.<\/li>\n<li>Format \u00e9conomique : Avec 90 mouchoirs par bo\u00eete, vous \u00eates assur\u00e9 d&rsquo;une longue dur\u00e9e d&rsquo;utilisation.<\/li>\n<li>Color\u00e9s : Des mouchoirs aux couleurs attrayantes pour apporter une touche de gaiet\u00e9 \u00e0 votre quotidien.<\/li>\n<\/ul>\n<h4>Manual :<\/h4>\n<p>Utilisez-le pour vous moucher, essuyer votre visage, ou toute autre utilisation n\u00e9cessitant un papier doux et absorbant.<\/p>\n<h4>Precautions :<\/h4>\n<ul>\n<li>Ne pas jeter dans les toilettes pour \u00e9viter tout risque d&rsquo;obstruction.<\/li>\n<li>Conserver dans un endroit sec, \u00e0 l&rsquo;abri de l&rsquo;humidit\u00e9.<\/li>\n<li>Tenir hors de port\u00e9e des jeunes enfants pour \u00e9viter toute ingestion accidentelle des parties non comestibles.<\/li>\n<\/ul>","protected":false},"excerpt":{"rendered":"<p>Les mouchoirs color\u00e9s 3 plis de Leader Price sont con\u00e7us pour offrir un confort optimal et une douceur sup\u00e9rieure \u00e0<\/p>","protected":false},"featured_media":25606,"comment_status":"open","ping_status":"closed","template":"","meta":[],"pwb-brand":[1166],"product_brand":[],"product_cat":[948,275,949,952],"product_tag":[],"class_list":{"0":"post-23271","1":"product","2":"type-product","3":"status-publish","4":"has-post-thumbnail","6":"pwb-brand-leader-price","7":"product_cat-entretien-de-la-maison-et-nettoyage","8":"product_cat-epicerie","9":"product_cat-essuie-tout-papier-toilette-et-mouchoirs","10":"product_cat-mouchoirs","12":"first","13":"instock","14":"shipping-taxable","15":"purchasable","16":"product-type-simple"},"yoast_head":"<!-- This site is optimized with the Yoast SEO plugin v27.1.1 - https:\/\/yoast.com\/product\/yoast-seo-wordpress\/ -->\n<title>Leader Price - Mouchoirs color\u00e9s 3 plis x90 mouchoirs - NIRIGS<\/title>\n<meta name=\"robots\" content=\"index, follow, max-snippet:-1, max-image-preview:large, max-video-preview:-1\" \/>\n<link rel=\"canonical\" href=\"https:\/\/nirigs.com\/en\/product\/leader-price-mouchoirs-colores-3-plis-x90-mouchoirs\/\" \/>\n<meta property=\"og:locale\" content=\"en_US\" \/>\n<meta property=\"og:type\" content=\"article\" \/>\n<meta property=\"og:title\" content=\"Leader Price - Mouchoirs color\u00e9s 3 plis x90 mouchoirs - NIRIGS\" \/>\n<meta property=\"og:description\" content=\"Les mouchoirs color\u00e9s 3 plis de Leader Price sont con\u00e7us pour offrir un confort optimal et une douceur sup\u00e9rieure \u00e0\" \/>\n<meta property=\"og:url\" content=\"https:\/\/nirigs.com\/en\/product\/leader-price-mouchoirs-colores-3-plis-x90-mouchoirs\/\" \/>\n<meta property=\"og:site_name\" content=\"NIRIGS\" \/>\n<meta property=\"article:modified_time\" content=\"2025-06-05T16:37:35+00:00\" \/>\n<meta property=\"og:image\" content=\"https:\/\/nirigs.com\/wp-content\/uploads\/2024\/10\/Leader-Price-Mouchoirs-colores-3-plis-x90-mouchoirs.jpg\" \/>\n\t<meta property=\"og:image:width\" content=\"1000\" \/>\n\t<meta property=\"og:image:height\" content=\"1000\" \/>\n\t<meta property=\"og:image:type\" content=\"image\/jpeg\" \/>\n<meta name=\"twitter:card\" content=\"summary_large_image\" \/>\n<meta name=\"twitter:label1\" content=\"Est. reading time\" \/>\n\t<meta name=\"twitter:data1\" content=\"1 minute\" \/>\n<script type=\"application\/ld+json\" class=\"yoast-schema-graph\">{\"@context\":\"https:\/\/schema.org\",\"@graph\":[{\"@type\":\"WebPage\",\"@id\":\"https:\/\/nirigs.com\/product\/leader-price-mouchoirs-colores-3-plis-x90-mouchoirs\/\",\"url\":\"https:\/\/nirigs.com\/product\/leader-price-mouchoirs-colores-3-plis-x90-mouchoirs\/\",\"name\":\"Leader Price - Mouchoirs color\u00e9s 3 plis x90 mouchoirs - NIRIGS\",\"isPartOf\":{\"@id\":\"https:\/\/nirigs.com\/#website\"},\"primaryImageOfPage\":{\"@id\":\"https:\/\/nirigs.com\/product\/leader-price-mouchoirs-colores-3-plis-x90-mouchoirs\/#primaryimage\"},\"image\":{\"@id\":\"https:\/\/nirigs.com\/product\/leader-price-mouchoirs-colores-3-plis-x90-mouchoirs\/#primaryimage\"},\"thumbnailUrl\":\"https:\/\/nirigs.com\/wp-content\/uploads\/2024\/10\/Leader-Price-Mouchoirs-colores-3-plis-x90-mouchoirs.jpg\",\"datePublished\":\"2024-10-06T15:01:56+00:00\",\"dateModified\":\"2025-06-05T16:37:35+00:00\",\"breadcrumb\":{\"@id\":\"https:\/\/nirigs.com\/product\/leader-price-mouchoirs-colores-3-plis-x90-mouchoirs\/#breadcrumb\"},\"inLanguage\":\"en-US\",\"potentialAction\":[{\"@type\":\"ReadAction\",\"target\":[\"https:\/\/nirigs.com\/product\/leader-price-mouchoirs-colores-3-plis-x90-mouchoirs\/\"]}]},{\"@type\":\"ImageObject\",\"inLanguage\":\"en-US\",\"@id\":\"https:\/\/nirigs.com\/product\/leader-price-mouchoirs-colores-3-plis-x90-mouchoirs\/#primaryimage\",\"url\":\"https:\/\/nirigs.com\/wp-content\/uploads\/2024\/10\/Leader-Price-Mouchoirs-colores-3-plis-x90-mouchoirs.jpg\",\"contentUrl\":\"https:\/\/nirigs.com\/wp-content\/uploads\/2024\/10\/Leader-Price-Mouchoirs-colores-3-plis-x90-mouchoirs.jpg\",\"width\":1000,\"height\":1000},{\"@type\":\"BreadcrumbList\",\"@id\":\"https:\/\/nirigs.com\/product\/leader-price-mouchoirs-colores-3-plis-x90-mouchoirs\/#breadcrumb\",\"itemListElement\":[{\"@type\":\"ListItem\",\"position\":1,\"name\":\"Home\",\"item\":\"https:\/\/nirigs.com\/\"},{\"@type\":\"ListItem\",\"position\":2,\"name\":\"Parcourir\",\"item\":\"https:\/\/nirigs.com\/boutique\/\"},{\"@type\":\"ListItem\",\"position\":3,\"name\":\"Leader Price &#8211; Mouchoirs color\u00e9s 3 plis x90 mouchoirs\"}]},{\"@type\":\"WebSite\",\"@id\":\"https:\/\/nirigs.com\/#website\",\"url\":\"https:\/\/nirigs.com\/\",\"name\":\"Nirigs.com\",\"description\":\"Simplifiez vos achats du quotidien \u00e0 Djibouti\",\"publisher\":{\"@id\":\"https:\/\/nirigs.com\/#organization\"},\"potentialAction\":[{\"@type\":\"SearchAction\",\"target\":{\"@type\":\"EntryPoint\",\"urlTemplate\":\"https:\/\/nirigs.com\/?s={search_term_string}\"},\"query-input\":{\"@type\":\"PropertyValueSpecification\",\"valueRequired\":true,\"valueName\":\"search_term_string\"}}],\"inLanguage\":\"en-US\"},{\"@type\":\"Organization\",\"@id\":\"https:\/\/nirigs.com\/#organization\",\"name\":\"Nirigs\",\"url\":\"https:\/\/nirigs.com\/\",\"logo\":{\"@type\":\"ImageObject\",\"inLanguage\":\"en-US\",\"@id\":\"https:\/\/nirigs.com\/#\/schema\/logo\/image\/\",\"url\":\"https:\/\/nirigs.com\/wp-content\/uploads\/2025\/04\/Design-sans-titre-27.png\",\"contentUrl\":\"https:\/\/nirigs.com\/wp-content\/uploads\/2025\/04\/Design-sans-titre-27.png\",\"width\":500,\"height\":500,\"caption\":\"Nirigs\"},\"image\":{\"@id\":\"https:\/\/nirigs.com\/#\/schema\/logo\/image\/\"}}]}<\/script>\n<!-- \/ Yoast SEO plugin. -->","yoast_head_json":{"title":"Leader Price - Mouchoirs color\u00e9s 3 plis x90 mouchoirs - NIRIGS","robots":{"index":"index","follow":"follow","max-snippet":"max-snippet:-1","max-image-preview":"max-image-preview:large","max-video-preview":"max-video-preview:-1"},"canonical":"https:\/\/nirigs.com\/en\/product\/leader-price-mouchoirs-colores-3-plis-x90-mouchoirs\/","og_locale":"en_US","og_type":"article","og_title":"Leader Price - Mouchoirs color\u00e9s 3 plis x90 mouchoirs - NIRIGS","og_description":"Les mouchoirs color\u00e9s 3 plis de Leader Price sont con\u00e7us pour offrir un confort optimal et une douceur sup\u00e9rieure \u00e0","og_url":"https:\/\/nirigs.com\/en\/product\/leader-price-mouchoirs-colores-3-plis-x90-mouchoirs\/","og_site_name":"NIRIGS","article_modified_time":"2025-06-05T16:37:35+00:00","og_image":[{"width":1000,"height":1000,"url":"https:\/\/nirigs.com\/wp-content\/uploads\/2024\/10\/Leader-Price-Mouchoirs-colores-3-plis-x90-mouchoirs.jpg","type":"image\/jpeg"}],"twitter_card":"summary_large_image","twitter_misc":{"Est. reading time":"1 minute"},"schema":{"@context":"https:\/\/schema.org","@graph":[{"@type":"WebPage","@id":"https:\/\/nirigs.com\/product\/leader-price-mouchoirs-colores-3-plis-x90-mouchoirs\/","url":"https:\/\/nirigs.com\/product\/leader-price-mouchoirs-colores-3-plis-x90-mouchoirs\/","name":"Leader Price - Mouchoirs color\u00e9s 3 plis x90 mouchoirs - NIRIGS","isPartOf":{"@id":"https:\/\/nirigs.com\/#website"},"primaryImageOfPage":{"@id":"https:\/\/nirigs.com\/product\/leader-price-mouchoirs-colores-3-plis-x90-mouchoirs\/#primaryimage"},"image":{"@id":"https:\/\/nirigs.com\/product\/leader-price-mouchoirs-colores-3-plis-x90-mouchoirs\/#primaryimage"},"thumbnailUrl":"https:\/\/nirigs.com\/wp-content\/uploads\/2024\/10\/Leader-Price-Mouchoirs-colores-3-plis-x90-mouchoirs.jpg","datePublished":"2024-10-06T15:01:56+00:00","dateModified":"2025-06-05T16:37:35+00:00","breadcrumb":{"@id":"https:\/\/nirigs.com\/product\/leader-price-mouchoirs-colores-3-plis-x90-mouchoirs\/#breadcrumb"},"inLanguage":"en-US","potentialAction":[{"@type":"ReadAction","target":["https:\/\/nirigs.com\/product\/leader-price-mouchoirs-colores-3-plis-x90-mouchoirs\/"]}]},{"@type":"ImageObject","inLanguage":"en-US","@id":"https:\/\/nirigs.com\/product\/leader-price-mouchoirs-colores-3-plis-x90-mouchoirs\/#primaryimage","url":"https:\/\/nirigs.com\/wp-content\/uploads\/2024\/10\/Leader-Price-Mouchoirs-colores-3-plis-x90-mouchoirs.jpg","contentUrl":"https:\/\/nirigs.com\/wp-content\/uploads\/2024\/10\/Leader-Price-Mouchoirs-colores-3-plis-x90-mouchoirs.jpg","width":1000,"height":1000},{"@type":"BreadcrumbList","@id":"https:\/\/nirigs.com\/product\/leader-price-mouchoirs-colores-3-plis-x90-mouchoirs\/#breadcrumb","itemListElement":[{"@type":"ListItem","position":1,"name":"Home","item":"https:\/\/nirigs.com\/"},{"@type":"ListItem","position":2,"name":"Parcourir","item":"https:\/\/nirigs.com\/boutique\/"},{"@type":"ListItem","position":3,"name":"Leader Price &#8211; Mouchoirs color\u00e9s 3 plis x90 mouchoirs"}]},{"@type":"WebSite","@id":"https:\/\/nirigs.com\/#website","url":"https:\/\/nirigs.com\/","name":"Nirigs.com","description":"Simplifiez vos achats du quotidien \u00e0 Djibouti","publisher":{"@id":"https:\/\/nirigs.com\/#organization"},"potentialAction":[{"@type":"SearchAction","target":{"@type":"EntryPoint","urlTemplate":"https:\/\/nirigs.com\/?s={search_term_string}"},"query-input":{"@type":"PropertyValueSpecification","valueRequired":true,"valueName":"search_term_string"}}],"inLanguage":"en-US"},{"@type":"Organization","@id":"https:\/\/nirigs.com\/#organization","name":"Nirigs","url":"https:\/\/nirigs.com\/","logo":{"@type":"ImageObject","inLanguage":"en-US","@id":"https:\/\/nirigs.com\/#\/schema\/logo\/image\/","url":"https:\/\/nirigs.com\/wp-content\/uploads\/2025\/04\/Design-sans-titre-27.png","contentUrl":"https:\/\/nirigs.com\/wp-content\/uploads\/2025\/04\/Design-sans-titre-27.png","width":500,"height":500,"caption":"Nirigs"},"image":{"@id":"https:\/\/nirigs.com\/#\/schema\/logo\/image\/"}}]}},"brands":[{"id":1166,"name":"Leader Price","slug":"leader-price"}],"_links":{"self":[{"href":"https:\/\/nirigs.com\/en\/wp-json\/wp\/v2\/product\/23271","targetHints":{"allow":["GET"]}}],"collection":[{"href":"https:\/\/nirigs.com\/en\/wp-json\/wp\/v2\/product"}],"about":[{"href":"https:\/\/nirigs.com\/en\/wp-json\/wp\/v2\/types\/product"}],"replies":[{"embeddable":true,"href":"https:\/\/nirigs.com\/en\/wp-json\/wp\/v2\/comments?post=23271"}],"version-history":[{"count":4,"href":"https:\/\/nirigs.com\/en\/wp-json\/wp\/v2\/product\/23271\/revisions"}],"predecessor-version":[{"id":25611,"href":"https:\/\/nirigs.com\/en\/wp-json\/wp\/v2\/product\/23271\/revisions\/25611"}],"wp:featuredmedia":[{"embeddable":true,"href":"https:\/\/nirigs.com\/en\/wp-json\/wp\/v2\/media\/25606"}],"wp:attachment":[{"href":"https:\/\/nirigs.com\/en\/wp-json\/wp\/v2\/media?parent=23271"}],"wp:term":[{"taxonomy":"pwb-brand","embeddable":true,"href":"https:\/\/nirigs.com\/en\/wp-json\/wp\/v2\/pwb-brand?post=23271"},{"taxonomy":"product_brand","embeddable":true,"href":"https:\/\/nirigs.com\/en\/wp-json\/wp\/v2\/product_brand?post=23271"},{"taxonomy":"product_cat","embeddable":true,"href":"https:\/\/nirigs.com\/en\/wp-json\/wp\/v2\/product_cat?post=23271"},{"taxonomy":"product_tag","embeddable":true,"href":"https:\/\/nirigs.com\/en\/wp-json\/wp\/v2\/product_tag?post=23271"}],"curies":[{"name":"wp","href":"https:\/\/api.w.org\/{rel}","templated":true}]}}