{"id":23270,"date":"2024-10-06T18:01:56","date_gmt":"2024-10-06T15:01:56","guid":{"rendered":"https:\/\/nirigs.com\/produit\/casino-mouchoirs-aloe-trois-epaisseurs-avec-lotion-enrichie-a-lextrait-daloe-vera-x80-mouchoirs-blancs\/"},"modified":"2025-03-13T10:38:15","modified_gmt":"2025-03-13T07:38:15","slug":"casino-mouchoirs-aloe-trois-epaisseurs-avec-lotion-enrichie-a-lextrait-daloe-vera-x80-mouchoirs-blancs","status":"publish","type":"product","link":"https:\/\/nirigs.com\/en\/product\/casino-mouchoirs-aloe-trois-epaisseurs-avec-lotion-enrichie-a-lextrait-daloe-vera-x80-mouchoirs-blancs\/","title":{"rendered":"Casino - Three-ply aloe facial tissue with lotion enriched with aloe vera extract x80 white tissues"},"content":{"rendered":"<p>Les mouchoirs Casino \u00e0 l&rsquo;Aloe Vera, dot\u00e9s de trois \u00e9paisseurs, sont enrichis en lotion avec extrait d&rsquo;aloe vera pour apporter douceur et confort aux peaux les plus sensibles. Con\u00e7us pour apaiser les irritations cutan\u00e9es, ces mouchoirs sont parfaits pour un usage quotidien, en particulier lors des p\u00e9riodes de rhume ou d&rsquo;allergies. La triple \u00e9paisseur garantit r\u00e9sistance et absorption tout en offrant une exp\u00e9rience douce et apaisante.<\/p>\n<h4><strong>Ingredients:<\/strong><\/h4>\n<p>Fibres de cellulose, lotion \u00e0 l&rsquo;aloe vera.<\/p>\n<h4><strong>Advantages :<\/strong><\/h4>\n<ul>\n<li><strong>Douceur suppl\u00e9mentaire :<\/strong> Enrichis en lotion d\u2019aloe vera, ces mouchoirs sont id\u00e9aux pour pr\u00e9venir les irritations cutan\u00e9es et apaiser la peau.<\/li>\n<li><strong>Triple \u00e9paisseur :<\/strong> Garantit une grande r\u00e9sistance et une absorption optimale, m\u00eame en cas d\u2019usage fr\u00e9quent.<\/li>\n<li><strong>Confort maximal :<\/strong> Parfaits pour les peaux sensibles, les mouchoirs sont doux au toucher tout en restant solides et efficaces.<\/li>\n<li><strong>Hydratation l\u00e9g\u00e8re :<\/strong> La lotion d\u2019aloe vera contribue \u00e0 maintenir la peau hydrat\u00e9e et douce, \u00e9vitant ainsi le dess\u00e8chement d\u00fb aux frottements.<\/li>\n<li><strong>Format g\u00e9n\u00e9reux :<\/strong> 80 mouchoirs, id\u00e9al pour une utilisation r\u00e9guli\u00e8re.<\/li>\n<\/ul>\n<h4><strong>Manual :<\/strong><\/h4>\n<p>Sortir un mouchoir de la bo\u00eete et l&rsquo;utiliser pour se moucher, nettoyer la peau ou absorber des liquides. Jeter apr\u00e8s usage.<\/p>\n<h4><strong>Precautions for use :<\/strong><\/h4>\n<ul>\n<li>Conserver dans un endroit sec pour pr\u00e9server la qualit\u00e9 des mouchoirs et \u00e9viter qu&rsquo;ils n&rsquo;absorbent l&rsquo;humidit\u00e9 ambiante.<\/li>\n<li>Tenir hors de port\u00e9e des enfants en bas \u00e2ge pour \u00e9viter tout risque d\u2019\u00e9touffement.<\/li>\n<\/ul>","protected":false},"excerpt":{"rendered":"<p>Les mouchoirs Casino \u00e0 l&rsquo;Aloe Vera, dot\u00e9s de trois \u00e9paisseurs, sont enrichis en lotion avec extrait d&rsquo;aloe vera pour apporter<\/p>","protected":false},"featured_media":25506,"comment_status":"open","ping_status":"closed","template":"","meta":[],"pwb-brand":[843],"product_brand":[],"product_cat":[948,275,949,952],"product_tag":[],"class_list":{"0":"post-23270","1":"product","2":"type-product","3":"status-publish","4":"has-post-thumbnail","6":"pwb-brand-casino","7":"product_cat-entretien-de-la-maison-et-nettoyage","8":"product_cat-epicerie","9":"product_cat-essuie-tout-papier-toilette-et-mouchoirs","10":"product_cat-mouchoirs","12":"first","13":"instock","14":"shipping-taxable","15":"purchasable","16":"product-type-simple"},"yoast_head":"<!-- This site is optimized with the Yoast SEO plugin v27.1.1 - https:\/\/yoast.com\/product\/yoast-seo-wordpress\/ -->\n<title>Casino - Mouchoirs aloe trois \u00e9paisseurs avec lotion enrichie \u00e0 l&#039;extrait d&#039;aloe vera x80 mouchoirs blancs - NIRIGS<\/title>\n<meta name=\"robots\" content=\"index, follow, max-snippet:-1, max-image-preview:large, max-video-preview:-1\" \/>\n<link rel=\"canonical\" href=\"https:\/\/nirigs.com\/en\/product\/casino-mouchoirs-aloe-trois-epaisseurs-avec-lotion-enrichie-a-lextrait-daloe-vera-x80-mouchoirs-blancs\/\" \/>\n<meta property=\"og:locale\" content=\"en_US\" \/>\n<meta property=\"og:type\" content=\"article\" \/>\n<meta property=\"og:title\" content=\"Casino - Mouchoirs aloe trois \u00e9paisseurs avec lotion enrichie \u00e0 l&#039;extrait d&#039;aloe vera x80 mouchoirs blancs - NIRIGS\" \/>\n<meta property=\"og:description\" content=\"Les mouchoirs Casino \u00e0 l&rsquo;Aloe Vera, dot\u00e9s de trois \u00e9paisseurs, sont enrichis en lotion avec extrait d&rsquo;aloe vera pour apporter\" \/>\n<meta property=\"og:url\" content=\"https:\/\/nirigs.com\/en\/product\/casino-mouchoirs-aloe-trois-epaisseurs-avec-lotion-enrichie-a-lextrait-daloe-vera-x80-mouchoirs-blancs\/\" \/>\n<meta property=\"og:site_name\" content=\"NIRIGS\" \/>\n<meta property=\"article:modified_time\" content=\"2025-03-13T07:38:15+00:00\" \/>\n<meta property=\"og:image\" content=\"https:\/\/nirigs.com\/wp-content\/uploads\/2024\/10\/Casino-Mouchoirs-aloe-trois-epaisseurs-avec-lotion-enrichie-a-lextrait-daloe-vera-x80-mouchoirs-blancs.jpg\" \/>\n\t<meta property=\"og:image:width\" content=\"1000\" \/>\n\t<meta property=\"og:image:height\" content=\"1000\" \/>\n\t<meta property=\"og:image:type\" content=\"image\/jpeg\" \/>\n<meta name=\"twitter:card\" content=\"summary_large_image\" \/>\n<meta name=\"twitter:label1\" content=\"Est. reading time\" \/>\n\t<meta name=\"twitter:data1\" content=\"1 minute\" \/>\n<script type=\"application\/ld+json\" class=\"yoast-schema-graph\">{\"@context\":\"https:\/\/schema.org\",\"@graph\":[{\"@type\":\"WebPage\",\"@id\":\"https:\/\/nirigs.com\/product\/casino-mouchoirs-aloe-trois-epaisseurs-avec-lotion-enrichie-a-lextrait-daloe-vera-x80-mouchoirs-blancs\/\",\"url\":\"https:\/\/nirigs.com\/product\/casino-mouchoirs-aloe-trois-epaisseurs-avec-lotion-enrichie-a-lextrait-daloe-vera-x80-mouchoirs-blancs\/\",\"name\":\"Casino - Mouchoirs aloe trois \u00e9paisseurs avec lotion enrichie \u00e0 l'extrait d'aloe vera x80 mouchoirs blancs - NIRIGS\",\"isPartOf\":{\"@id\":\"https:\/\/nirigs.com\/#website\"},\"primaryImageOfPage\":{\"@id\":\"https:\/\/nirigs.com\/product\/casino-mouchoirs-aloe-trois-epaisseurs-avec-lotion-enrichie-a-lextrait-daloe-vera-x80-mouchoirs-blancs\/#primaryimage\"},\"image\":{\"@id\":\"https:\/\/nirigs.com\/product\/casino-mouchoirs-aloe-trois-epaisseurs-avec-lotion-enrichie-a-lextrait-daloe-vera-x80-mouchoirs-blancs\/#primaryimage\"},\"thumbnailUrl\":\"https:\/\/nirigs.com\/wp-content\/uploads\/2024\/10\/Casino-Mouchoirs-aloe-trois-epaisseurs-avec-lotion-enrichie-a-lextrait-daloe-vera-x80-mouchoirs-blancs.jpg\",\"datePublished\":\"2024-10-06T15:01:56+00:00\",\"dateModified\":\"2025-03-13T07:38:15+00:00\",\"breadcrumb\":{\"@id\":\"https:\/\/nirigs.com\/product\/casino-mouchoirs-aloe-trois-epaisseurs-avec-lotion-enrichie-a-lextrait-daloe-vera-x80-mouchoirs-blancs\/#breadcrumb\"},\"inLanguage\":\"en-US\",\"potentialAction\":[{\"@type\":\"ReadAction\",\"target\":[\"https:\/\/nirigs.com\/product\/casino-mouchoirs-aloe-trois-epaisseurs-avec-lotion-enrichie-a-lextrait-daloe-vera-x80-mouchoirs-blancs\/\"]}]},{\"@type\":\"ImageObject\",\"inLanguage\":\"en-US\",\"@id\":\"https:\/\/nirigs.com\/product\/casino-mouchoirs-aloe-trois-epaisseurs-avec-lotion-enrichie-a-lextrait-daloe-vera-x80-mouchoirs-blancs\/#primaryimage\",\"url\":\"https:\/\/nirigs.com\/wp-content\/uploads\/2024\/10\/Casino-Mouchoirs-aloe-trois-epaisseurs-avec-lotion-enrichie-a-lextrait-daloe-vera-x80-mouchoirs-blancs.jpg\",\"contentUrl\":\"https:\/\/nirigs.com\/wp-content\/uploads\/2024\/10\/Casino-Mouchoirs-aloe-trois-epaisseurs-avec-lotion-enrichie-a-lextrait-daloe-vera-x80-mouchoirs-blancs.jpg\",\"width\":1000,\"height\":1000},{\"@type\":\"BreadcrumbList\",\"@id\":\"https:\/\/nirigs.com\/product\/casino-mouchoirs-aloe-trois-epaisseurs-avec-lotion-enrichie-a-lextrait-daloe-vera-x80-mouchoirs-blancs\/#breadcrumb\",\"itemListElement\":[{\"@type\":\"ListItem\",\"position\":1,\"name\":\"Home\",\"item\":\"https:\/\/nirigs.com\/\"},{\"@type\":\"ListItem\",\"position\":2,\"name\":\"Parcourir\",\"item\":\"https:\/\/nirigs.com\/boutique\/\"},{\"@type\":\"ListItem\",\"position\":3,\"name\":\"Casino &#8211; Mouchoirs aloe trois \u00e9paisseurs avec lotion enrichie \u00e0 l&rsquo;extrait d&rsquo;aloe vera x80 mouchoirs blancs\"}]},{\"@type\":\"WebSite\",\"@id\":\"https:\/\/nirigs.com\/#website\",\"url\":\"https:\/\/nirigs.com\/\",\"name\":\"Nirigs.com\",\"description\":\"Simplifiez vos achats du quotidien \u00e0 Djibouti\",\"publisher\":{\"@id\":\"https:\/\/nirigs.com\/#organization\"},\"potentialAction\":[{\"@type\":\"SearchAction\",\"target\":{\"@type\":\"EntryPoint\",\"urlTemplate\":\"https:\/\/nirigs.com\/?s={search_term_string}\"},\"query-input\":{\"@type\":\"PropertyValueSpecification\",\"valueRequired\":true,\"valueName\":\"search_term_string\"}}],\"inLanguage\":\"en-US\"},{\"@type\":\"Organization\",\"@id\":\"https:\/\/nirigs.com\/#organization\",\"name\":\"Nirigs\",\"url\":\"https:\/\/nirigs.com\/\",\"logo\":{\"@type\":\"ImageObject\",\"inLanguage\":\"en-US\",\"@id\":\"https:\/\/nirigs.com\/#\/schema\/logo\/image\/\",\"url\":\"https:\/\/nirigs.com\/wp-content\/uploads\/2025\/04\/Design-sans-titre-27.png\",\"contentUrl\":\"https:\/\/nirigs.com\/wp-content\/uploads\/2025\/04\/Design-sans-titre-27.png\",\"width\":500,\"height\":500,\"caption\":\"Nirigs\"},\"image\":{\"@id\":\"https:\/\/nirigs.com\/#\/schema\/logo\/image\/\"}}]}<\/script>\n<!-- \/ Yoast SEO plugin. -->","yoast_head_json":{"title":"Casino - Mouchoirs aloe trois \u00e9paisseurs avec lotion enrichie \u00e0 l'extrait d'aloe vera x80 mouchoirs blancs - NIRIGS","robots":{"index":"index","follow":"follow","max-snippet":"max-snippet:-1","max-image-preview":"max-image-preview:large","max-video-preview":"max-video-preview:-1"},"canonical":"https:\/\/nirigs.com\/en\/product\/casino-mouchoirs-aloe-trois-epaisseurs-avec-lotion-enrichie-a-lextrait-daloe-vera-x80-mouchoirs-blancs\/","og_locale":"en_US","og_type":"article","og_title":"Casino - Mouchoirs aloe trois \u00e9paisseurs avec lotion enrichie \u00e0 l'extrait d'aloe vera x80 mouchoirs blancs - NIRIGS","og_description":"Les mouchoirs Casino \u00e0 l&rsquo;Aloe Vera, dot\u00e9s de trois \u00e9paisseurs, sont enrichis en lotion avec extrait d&rsquo;aloe vera pour apporter","og_url":"https:\/\/nirigs.com\/en\/product\/casino-mouchoirs-aloe-trois-epaisseurs-avec-lotion-enrichie-a-lextrait-daloe-vera-x80-mouchoirs-blancs\/","og_site_name":"NIRIGS","article_modified_time":"2025-03-13T07:38:15+00:00","og_image":[{"width":1000,"height":1000,"url":"https:\/\/nirigs.com\/wp-content\/uploads\/2024\/10\/Casino-Mouchoirs-aloe-trois-epaisseurs-avec-lotion-enrichie-a-lextrait-daloe-vera-x80-mouchoirs-blancs.jpg","type":"image\/jpeg"}],"twitter_card":"summary_large_image","twitter_misc":{"Est. reading time":"1 minute"},"schema":{"@context":"https:\/\/schema.org","@graph":[{"@type":"WebPage","@id":"https:\/\/nirigs.com\/product\/casino-mouchoirs-aloe-trois-epaisseurs-avec-lotion-enrichie-a-lextrait-daloe-vera-x80-mouchoirs-blancs\/","url":"https:\/\/nirigs.com\/product\/casino-mouchoirs-aloe-trois-epaisseurs-avec-lotion-enrichie-a-lextrait-daloe-vera-x80-mouchoirs-blancs\/","name":"Casino - Mouchoirs aloe trois \u00e9paisseurs avec lotion enrichie \u00e0 l'extrait d'aloe vera x80 mouchoirs blancs - NIRIGS","isPartOf":{"@id":"https:\/\/nirigs.com\/#website"},"primaryImageOfPage":{"@id":"https:\/\/nirigs.com\/product\/casino-mouchoirs-aloe-trois-epaisseurs-avec-lotion-enrichie-a-lextrait-daloe-vera-x80-mouchoirs-blancs\/#primaryimage"},"image":{"@id":"https:\/\/nirigs.com\/product\/casino-mouchoirs-aloe-trois-epaisseurs-avec-lotion-enrichie-a-lextrait-daloe-vera-x80-mouchoirs-blancs\/#primaryimage"},"thumbnailUrl":"https:\/\/nirigs.com\/wp-content\/uploads\/2024\/10\/Casino-Mouchoirs-aloe-trois-epaisseurs-avec-lotion-enrichie-a-lextrait-daloe-vera-x80-mouchoirs-blancs.jpg","datePublished":"2024-10-06T15:01:56+00:00","dateModified":"2025-03-13T07:38:15+00:00","breadcrumb":{"@id":"https:\/\/nirigs.com\/product\/casino-mouchoirs-aloe-trois-epaisseurs-avec-lotion-enrichie-a-lextrait-daloe-vera-x80-mouchoirs-blancs\/#breadcrumb"},"inLanguage":"en-US","potentialAction":[{"@type":"ReadAction","target":["https:\/\/nirigs.com\/product\/casino-mouchoirs-aloe-trois-epaisseurs-avec-lotion-enrichie-a-lextrait-daloe-vera-x80-mouchoirs-blancs\/"]}]},{"@type":"ImageObject","inLanguage":"en-US","@id":"https:\/\/nirigs.com\/product\/casino-mouchoirs-aloe-trois-epaisseurs-avec-lotion-enrichie-a-lextrait-daloe-vera-x80-mouchoirs-blancs\/#primaryimage","url":"https:\/\/nirigs.com\/wp-content\/uploads\/2024\/10\/Casino-Mouchoirs-aloe-trois-epaisseurs-avec-lotion-enrichie-a-lextrait-daloe-vera-x80-mouchoirs-blancs.jpg","contentUrl":"https:\/\/nirigs.com\/wp-content\/uploads\/2024\/10\/Casino-Mouchoirs-aloe-trois-epaisseurs-avec-lotion-enrichie-a-lextrait-daloe-vera-x80-mouchoirs-blancs.jpg","width":1000,"height":1000},{"@type":"BreadcrumbList","@id":"https:\/\/nirigs.com\/product\/casino-mouchoirs-aloe-trois-epaisseurs-avec-lotion-enrichie-a-lextrait-daloe-vera-x80-mouchoirs-blancs\/#breadcrumb","itemListElement":[{"@type":"ListItem","position":1,"name":"Home","item":"https:\/\/nirigs.com\/"},{"@type":"ListItem","position":2,"name":"Parcourir","item":"https:\/\/nirigs.com\/boutique\/"},{"@type":"ListItem","position":3,"name":"Casino &#8211; Mouchoirs aloe trois \u00e9paisseurs avec lotion enrichie \u00e0 l&rsquo;extrait d&rsquo;aloe vera x80 mouchoirs blancs"}]},{"@type":"WebSite","@id":"https:\/\/nirigs.com\/#website","url":"https:\/\/nirigs.com\/","name":"Nirigs.com","description":"Simplifiez vos achats du quotidien \u00e0 Djibouti","publisher":{"@id":"https:\/\/nirigs.com\/#organization"},"potentialAction":[{"@type":"SearchAction","target":{"@type":"EntryPoint","urlTemplate":"https:\/\/nirigs.com\/?s={search_term_string}"},"query-input":{"@type":"PropertyValueSpecification","valueRequired":true,"valueName":"search_term_string"}}],"inLanguage":"en-US"},{"@type":"Organization","@id":"https:\/\/nirigs.com\/#organization","name":"Nirigs","url":"https:\/\/nirigs.com\/","logo":{"@type":"ImageObject","inLanguage":"en-US","@id":"https:\/\/nirigs.com\/#\/schema\/logo\/image\/","url":"https:\/\/nirigs.com\/wp-content\/uploads\/2025\/04\/Design-sans-titre-27.png","contentUrl":"https:\/\/nirigs.com\/wp-content\/uploads\/2025\/04\/Design-sans-titre-27.png","width":500,"height":500,"caption":"Nirigs"},"image":{"@id":"https:\/\/nirigs.com\/#\/schema\/logo\/image\/"}}]}},"brands":[{"id":843,"name":"Casino","slug":"casino"}],"_links":{"self":[{"href":"https:\/\/nirigs.com\/en\/wp-json\/wp\/v2\/product\/23270","targetHints":{"allow":["GET"]}}],"collection":[{"href":"https:\/\/nirigs.com\/en\/wp-json\/wp\/v2\/product"}],"about":[{"href":"https:\/\/nirigs.com\/en\/wp-json\/wp\/v2\/types\/product"}],"replies":[{"embeddable":true,"href":"https:\/\/nirigs.com\/en\/wp-json\/wp\/v2\/comments?post=23270"}],"version-history":[{"count":3,"href":"https:\/\/nirigs.com\/en\/wp-json\/wp\/v2\/product\/23270\/revisions"}],"predecessor-version":[{"id":25501,"href":"https:\/\/nirigs.com\/en\/wp-json\/wp\/v2\/product\/23270\/revisions\/25501"}],"wp:featuredmedia":[{"embeddable":true,"href":"https:\/\/nirigs.com\/en\/wp-json\/wp\/v2\/media\/25506"}],"wp:attachment":[{"href":"https:\/\/nirigs.com\/en\/wp-json\/wp\/v2\/media?parent=23270"}],"wp:term":[{"taxonomy":"pwb-brand","embeddable":true,"href":"https:\/\/nirigs.com\/en\/wp-json\/wp\/v2\/pwb-brand?post=23270"},{"taxonomy":"product_brand","embeddable":true,"href":"https:\/\/nirigs.com\/en\/wp-json\/wp\/v2\/product_brand?post=23270"},{"taxonomy":"product_cat","embeddable":true,"href":"https:\/\/nirigs.com\/en\/wp-json\/wp\/v2\/product_cat?post=23270"},{"taxonomy":"product_tag","embeddable":true,"href":"https:\/\/nirigs.com\/en\/wp-json\/wp\/v2\/product_tag?post=23270"}],"curies":[{"name":"wp","href":"https:\/\/api.w.org\/{rel}","templated":true}]}}