{"id":23269,"date":"2024-10-06T18:01:56","date_gmt":"2024-10-06T15:01:56","guid":{"rendered":"https:\/\/nirigs.com\/produit\/leader-price-mouchoirs-aloe-douceur-et-confort-triple-epaisseur-x80-mouchoirs-blancs\/"},"modified":"2025-03-13T10:38:29","modified_gmt":"2025-03-13T07:38:29","slug":"leader-price-mouchoirs-aloe-douceur-et-confort-triple-epaisseur-x80-mouchoirs-blancs","status":"publish","type":"product","link":"https:\/\/nirigs.com\/en\/product\/leader-price-mouchoirs-aloe-douceur-et-confort-triple-epaisseur-x80-mouchoirs-blancs\/","title":{"rendered":"Leader Price &#8211; Mouchoirs aloe douceur et confort triple \u00e9paisseur x80 mouchoirs blancs"},"content":{"rendered":"<p>Les mouchoirs Leader Price Aloe Douceur et Confort offrent une sensation de confort optimal gr\u00e2ce \u00e0 leur triple \u00e9paisseur. Ils sont enrichis \u00e0 l\u2019aloe vera pour apporter encore plus de douceur \u00e0 votre peau. Ces mouchoirs blancs ultra-r\u00e9sistants et d\u00e9licats sont parfaits pour le quotidien, que ce soit en cas de rhume, pour des soins de beaut\u00e9 ou simplement pour essuyer de petites salet\u00e9s. Leur format pratique de 80 unit\u00e9s permet de les emporter partout avec vous.<\/p>\n<h4>Ingredients:<\/h4>\n<p>Fibres de cellulose (papier) et Extrait d&rsquo;aloe vera.<\/p>\n<h4>Advantages :<\/h4>\n<ul>\n<li>Triple \u00e9paisseur : Pour une r\u00e9sistance et une absorption maximales.<\/li>\n<li>Douceur enrichie \u00e0 l\u2019aloe vera : Respecte la peau, m\u00eame sensible.<\/li>\n<li>Polyvalent : Id\u00e9al pour un usage quotidien, aussi bien pour les soins personnels que pour les petites t\u00e2ches de nettoyage.<\/li>\n<li>Format pratique : Bo\u00eete de 80 mouchoirs facile \u00e0 transporter.<\/li>\n<\/ul>\n<h4>Manual :<\/h4>\n<p>Utiliser selon vos besoins pour vous moucher, essuyer des larmes, du maquillage ou des petites salet\u00e9s.<\/p>\n<h4>Precautions :<\/h4>\n<ul>\n<li>Conserver dans un endroit sec, \u00e0 l\u2019abri de l\u2019humidit\u00e9.<\/li>\n<li>Ne pas jeter dans les toilettes, risque d\u2019obstruction.<\/li>\n<li>En cas d\u2019irritation de la peau, cesser l\u2019utilisation et consulter un m\u00e9decin si n\u00e9cessaire.<\/li>\n<\/ul>","protected":false},"excerpt":{"rendered":"<p>Les mouchoirs Leader Price Aloe Douceur et Confort offrent une sensation de confort optimal gr\u00e2ce \u00e0 leur triple \u00e9paisseur. Ils<\/p>","protected":false},"featured_media":25614,"comment_status":"open","ping_status":"closed","template":"","meta":[],"pwb-brand":[1166],"product_brand":[],"product_cat":[948,275,949,952],"product_tag":[],"class_list":{"0":"post-23269","1":"product","2":"type-product","3":"status-publish","4":"has-post-thumbnail","6":"pwb-brand-leader-price","7":"product_cat-entretien-de-la-maison-et-nettoyage","8":"product_cat-epicerie","9":"product_cat-essuie-tout-papier-toilette-et-mouchoirs","10":"product_cat-mouchoirs","12":"first","13":"instock","14":"shipping-taxable","15":"purchasable","16":"product-type-simple"},"yoast_head":"<!-- This site is optimized with the Yoast SEO plugin v27.1.1 - https:\/\/yoast.com\/product\/yoast-seo-wordpress\/ -->\n<title>Leader Price - Mouchoirs aloe douceur et confort triple \u00e9paisseur x80 mouchoirs blancs - NIRIGS<\/title>\n<meta name=\"robots\" content=\"index, follow, max-snippet:-1, max-image-preview:large, max-video-preview:-1\" \/>\n<link rel=\"canonical\" href=\"https:\/\/nirigs.com\/en\/product\/leader-price-mouchoirs-aloe-douceur-et-confort-triple-epaisseur-x80-mouchoirs-blancs\/\" \/>\n<meta property=\"og:locale\" content=\"en_US\" \/>\n<meta property=\"og:type\" content=\"article\" \/>\n<meta property=\"og:title\" content=\"Leader Price - Mouchoirs aloe douceur et confort triple \u00e9paisseur x80 mouchoirs blancs - NIRIGS\" \/>\n<meta property=\"og:description\" content=\"Les mouchoirs Leader Price Aloe Douceur et Confort offrent une sensation de confort optimal gr\u00e2ce \u00e0 leur triple \u00e9paisseur. Ils\" \/>\n<meta property=\"og:url\" content=\"https:\/\/nirigs.com\/en\/product\/leader-price-mouchoirs-aloe-douceur-et-confort-triple-epaisseur-x80-mouchoirs-blancs\/\" \/>\n<meta property=\"og:site_name\" content=\"NIRIGS\" \/>\n<meta property=\"article:modified_time\" content=\"2025-03-13T07:38:29+00:00\" \/>\n<meta property=\"og:image\" content=\"https:\/\/nirigs.com\/wp-content\/uploads\/2024\/10\/Leader-Price-Mouchoirs-aloe-douceur-et-confort-triple-epaisseur-x80-mouchoirs-blancs.jpg\" \/>\n\t<meta property=\"og:image:width\" content=\"1000\" \/>\n\t<meta property=\"og:image:height\" content=\"1000\" \/>\n\t<meta property=\"og:image:type\" content=\"image\/jpeg\" \/>\n<meta name=\"twitter:card\" content=\"summary_large_image\" \/>\n<meta name=\"twitter:label1\" content=\"Est. reading time\" \/>\n\t<meta name=\"twitter:data1\" content=\"1 minute\" \/>\n<script type=\"application\/ld+json\" class=\"yoast-schema-graph\">{\"@context\":\"https:\/\/schema.org\",\"@graph\":[{\"@type\":\"WebPage\",\"@id\":\"https:\/\/nirigs.com\/product\/leader-price-mouchoirs-aloe-douceur-et-confort-triple-epaisseur-x80-mouchoirs-blancs\/\",\"url\":\"https:\/\/nirigs.com\/product\/leader-price-mouchoirs-aloe-douceur-et-confort-triple-epaisseur-x80-mouchoirs-blancs\/\",\"name\":\"Leader Price - Mouchoirs aloe douceur et confort triple \u00e9paisseur x80 mouchoirs blancs - NIRIGS\",\"isPartOf\":{\"@id\":\"https:\/\/nirigs.com\/#website\"},\"primaryImageOfPage\":{\"@id\":\"https:\/\/nirigs.com\/product\/leader-price-mouchoirs-aloe-douceur-et-confort-triple-epaisseur-x80-mouchoirs-blancs\/#primaryimage\"},\"image\":{\"@id\":\"https:\/\/nirigs.com\/product\/leader-price-mouchoirs-aloe-douceur-et-confort-triple-epaisseur-x80-mouchoirs-blancs\/#primaryimage\"},\"thumbnailUrl\":\"https:\/\/nirigs.com\/wp-content\/uploads\/2024\/10\/Leader-Price-Mouchoirs-aloe-douceur-et-confort-triple-epaisseur-x80-mouchoirs-blancs.jpg\",\"datePublished\":\"2024-10-06T15:01:56+00:00\",\"dateModified\":\"2025-03-13T07:38:29+00:00\",\"breadcrumb\":{\"@id\":\"https:\/\/nirigs.com\/product\/leader-price-mouchoirs-aloe-douceur-et-confort-triple-epaisseur-x80-mouchoirs-blancs\/#breadcrumb\"},\"inLanguage\":\"en-US\",\"potentialAction\":[{\"@type\":\"ReadAction\",\"target\":[\"https:\/\/nirigs.com\/product\/leader-price-mouchoirs-aloe-douceur-et-confort-triple-epaisseur-x80-mouchoirs-blancs\/\"]}]},{\"@type\":\"ImageObject\",\"inLanguage\":\"en-US\",\"@id\":\"https:\/\/nirigs.com\/product\/leader-price-mouchoirs-aloe-douceur-et-confort-triple-epaisseur-x80-mouchoirs-blancs\/#primaryimage\",\"url\":\"https:\/\/nirigs.com\/wp-content\/uploads\/2024\/10\/Leader-Price-Mouchoirs-aloe-douceur-et-confort-triple-epaisseur-x80-mouchoirs-blancs.jpg\",\"contentUrl\":\"https:\/\/nirigs.com\/wp-content\/uploads\/2024\/10\/Leader-Price-Mouchoirs-aloe-douceur-et-confort-triple-epaisseur-x80-mouchoirs-blancs.jpg\",\"width\":1000,\"height\":1000},{\"@type\":\"BreadcrumbList\",\"@id\":\"https:\/\/nirigs.com\/product\/leader-price-mouchoirs-aloe-douceur-et-confort-triple-epaisseur-x80-mouchoirs-blancs\/#breadcrumb\",\"itemListElement\":[{\"@type\":\"ListItem\",\"position\":1,\"name\":\"Home\",\"item\":\"https:\/\/nirigs.com\/\"},{\"@type\":\"ListItem\",\"position\":2,\"name\":\"Parcourir\",\"item\":\"https:\/\/nirigs.com\/boutique\/\"},{\"@type\":\"ListItem\",\"position\":3,\"name\":\"Leader Price &#8211; Mouchoirs aloe douceur et confort triple \u00e9paisseur x80 mouchoirs blancs\"}]},{\"@type\":\"WebSite\",\"@id\":\"https:\/\/nirigs.com\/#website\",\"url\":\"https:\/\/nirigs.com\/\",\"name\":\"Nirigs.com\",\"description\":\"Simplifiez vos achats du quotidien \u00e0 Djibouti\",\"publisher\":{\"@id\":\"https:\/\/nirigs.com\/#organization\"},\"potentialAction\":[{\"@type\":\"SearchAction\",\"target\":{\"@type\":\"EntryPoint\",\"urlTemplate\":\"https:\/\/nirigs.com\/?s={search_term_string}\"},\"query-input\":{\"@type\":\"PropertyValueSpecification\",\"valueRequired\":true,\"valueName\":\"search_term_string\"}}],\"inLanguage\":\"en-US\"},{\"@type\":\"Organization\",\"@id\":\"https:\/\/nirigs.com\/#organization\",\"name\":\"Nirigs\",\"url\":\"https:\/\/nirigs.com\/\",\"logo\":{\"@type\":\"ImageObject\",\"inLanguage\":\"en-US\",\"@id\":\"https:\/\/nirigs.com\/#\/schema\/logo\/image\/\",\"url\":\"https:\/\/nirigs.com\/wp-content\/uploads\/2025\/04\/Design-sans-titre-27.png\",\"contentUrl\":\"https:\/\/nirigs.com\/wp-content\/uploads\/2025\/04\/Design-sans-titre-27.png\",\"width\":500,\"height\":500,\"caption\":\"Nirigs\"},\"image\":{\"@id\":\"https:\/\/nirigs.com\/#\/schema\/logo\/image\/\"}}]}<\/script>\n<!-- \/ Yoast SEO plugin. -->","yoast_head_json":{"title":"Leader Price - Mouchoirs aloe douceur et confort triple \u00e9paisseur x80 mouchoirs blancs - NIRIGS","robots":{"index":"index","follow":"follow","max-snippet":"max-snippet:-1","max-image-preview":"max-image-preview:large","max-video-preview":"max-video-preview:-1"},"canonical":"https:\/\/nirigs.com\/en\/product\/leader-price-mouchoirs-aloe-douceur-et-confort-triple-epaisseur-x80-mouchoirs-blancs\/","og_locale":"en_US","og_type":"article","og_title":"Leader Price - Mouchoirs aloe douceur et confort triple \u00e9paisseur x80 mouchoirs blancs - NIRIGS","og_description":"Les mouchoirs Leader Price Aloe Douceur et Confort offrent une sensation de confort optimal gr\u00e2ce \u00e0 leur triple \u00e9paisseur. Ils","og_url":"https:\/\/nirigs.com\/en\/product\/leader-price-mouchoirs-aloe-douceur-et-confort-triple-epaisseur-x80-mouchoirs-blancs\/","og_site_name":"NIRIGS","article_modified_time":"2025-03-13T07:38:29+00:00","og_image":[{"width":1000,"height":1000,"url":"https:\/\/nirigs.com\/wp-content\/uploads\/2024\/10\/Leader-Price-Mouchoirs-aloe-douceur-et-confort-triple-epaisseur-x80-mouchoirs-blancs.jpg","type":"image\/jpeg"}],"twitter_card":"summary_large_image","twitter_misc":{"Est. reading time":"1 minute"},"schema":{"@context":"https:\/\/schema.org","@graph":[{"@type":"WebPage","@id":"https:\/\/nirigs.com\/product\/leader-price-mouchoirs-aloe-douceur-et-confort-triple-epaisseur-x80-mouchoirs-blancs\/","url":"https:\/\/nirigs.com\/product\/leader-price-mouchoirs-aloe-douceur-et-confort-triple-epaisseur-x80-mouchoirs-blancs\/","name":"Leader Price - Mouchoirs aloe douceur et confort triple \u00e9paisseur x80 mouchoirs blancs - NIRIGS","isPartOf":{"@id":"https:\/\/nirigs.com\/#website"},"primaryImageOfPage":{"@id":"https:\/\/nirigs.com\/product\/leader-price-mouchoirs-aloe-douceur-et-confort-triple-epaisseur-x80-mouchoirs-blancs\/#primaryimage"},"image":{"@id":"https:\/\/nirigs.com\/product\/leader-price-mouchoirs-aloe-douceur-et-confort-triple-epaisseur-x80-mouchoirs-blancs\/#primaryimage"},"thumbnailUrl":"https:\/\/nirigs.com\/wp-content\/uploads\/2024\/10\/Leader-Price-Mouchoirs-aloe-douceur-et-confort-triple-epaisseur-x80-mouchoirs-blancs.jpg","datePublished":"2024-10-06T15:01:56+00:00","dateModified":"2025-03-13T07:38:29+00:00","breadcrumb":{"@id":"https:\/\/nirigs.com\/product\/leader-price-mouchoirs-aloe-douceur-et-confort-triple-epaisseur-x80-mouchoirs-blancs\/#breadcrumb"},"inLanguage":"en-US","potentialAction":[{"@type":"ReadAction","target":["https:\/\/nirigs.com\/product\/leader-price-mouchoirs-aloe-douceur-et-confort-triple-epaisseur-x80-mouchoirs-blancs\/"]}]},{"@type":"ImageObject","inLanguage":"en-US","@id":"https:\/\/nirigs.com\/product\/leader-price-mouchoirs-aloe-douceur-et-confort-triple-epaisseur-x80-mouchoirs-blancs\/#primaryimage","url":"https:\/\/nirigs.com\/wp-content\/uploads\/2024\/10\/Leader-Price-Mouchoirs-aloe-douceur-et-confort-triple-epaisseur-x80-mouchoirs-blancs.jpg","contentUrl":"https:\/\/nirigs.com\/wp-content\/uploads\/2024\/10\/Leader-Price-Mouchoirs-aloe-douceur-et-confort-triple-epaisseur-x80-mouchoirs-blancs.jpg","width":1000,"height":1000},{"@type":"BreadcrumbList","@id":"https:\/\/nirigs.com\/product\/leader-price-mouchoirs-aloe-douceur-et-confort-triple-epaisseur-x80-mouchoirs-blancs\/#breadcrumb","itemListElement":[{"@type":"ListItem","position":1,"name":"Home","item":"https:\/\/nirigs.com\/"},{"@type":"ListItem","position":2,"name":"Parcourir","item":"https:\/\/nirigs.com\/boutique\/"},{"@type":"ListItem","position":3,"name":"Leader Price &#8211; Mouchoirs aloe douceur et confort triple \u00e9paisseur x80 mouchoirs blancs"}]},{"@type":"WebSite","@id":"https:\/\/nirigs.com\/#website","url":"https:\/\/nirigs.com\/","name":"Nirigs.com","description":"Simplifiez vos achats du quotidien \u00e0 Djibouti","publisher":{"@id":"https:\/\/nirigs.com\/#organization"},"potentialAction":[{"@type":"SearchAction","target":{"@type":"EntryPoint","urlTemplate":"https:\/\/nirigs.com\/?s={search_term_string}"},"query-input":{"@type":"PropertyValueSpecification","valueRequired":true,"valueName":"search_term_string"}}],"inLanguage":"en-US"},{"@type":"Organization","@id":"https:\/\/nirigs.com\/#organization","name":"Nirigs","url":"https:\/\/nirigs.com\/","logo":{"@type":"ImageObject","inLanguage":"en-US","@id":"https:\/\/nirigs.com\/#\/schema\/logo\/image\/","url":"https:\/\/nirigs.com\/wp-content\/uploads\/2025\/04\/Design-sans-titre-27.png","contentUrl":"https:\/\/nirigs.com\/wp-content\/uploads\/2025\/04\/Design-sans-titre-27.png","width":500,"height":500,"caption":"Nirigs"},"image":{"@id":"https:\/\/nirigs.com\/#\/schema\/logo\/image\/"}}]}},"brands":[{"id":1166,"name":"Leader Price","slug":"leader-price"}],"_links":{"self":[{"href":"https:\/\/nirigs.com\/en\/wp-json\/wp\/v2\/product\/23269","targetHints":{"allow":["GET"]}}],"collection":[{"href":"https:\/\/nirigs.com\/en\/wp-json\/wp\/v2\/product"}],"about":[{"href":"https:\/\/nirigs.com\/en\/wp-json\/wp\/v2\/types\/product"}],"replies":[{"embeddable":true,"href":"https:\/\/nirigs.com\/en\/wp-json\/wp\/v2\/comments?post=23269"}],"version-history":[{"count":2,"href":"https:\/\/nirigs.com\/en\/wp-json\/wp\/v2\/product\/23269\/revisions"}],"predecessor-version":[{"id":25612,"href":"https:\/\/nirigs.com\/en\/wp-json\/wp\/v2\/product\/23269\/revisions\/25612"}],"wp:featuredmedia":[{"embeddable":true,"href":"https:\/\/nirigs.com\/en\/wp-json\/wp\/v2\/media\/25614"}],"wp:attachment":[{"href":"https:\/\/nirigs.com\/en\/wp-json\/wp\/v2\/media?parent=23269"}],"wp:term":[{"taxonomy":"pwb-brand","embeddable":true,"href":"https:\/\/nirigs.com\/en\/wp-json\/wp\/v2\/pwb-brand?post=23269"},{"taxonomy":"product_brand","embeddable":true,"href":"https:\/\/nirigs.com\/en\/wp-json\/wp\/v2\/product_brand?post=23269"},{"taxonomy":"product_cat","embeddable":true,"href":"https:\/\/nirigs.com\/en\/wp-json\/wp\/v2\/product_cat?post=23269"},{"taxonomy":"product_tag","embeddable":true,"href":"https:\/\/nirigs.com\/en\/wp-json\/wp\/v2\/product_tag?post=23269"}],"curies":[{"name":"wp","href":"https:\/\/api.w.org\/{rel}","templated":true}]}}