{"id":23262,"date":"2024-10-06T18:01:53","date_gmt":"2024-10-06T15:01:53","guid":{"rendered":"https:\/\/nirigs.com\/produit\/leader-price-papier-toilette-douceur-triple-epaisseur-moelleux-resistant-doux-x6-rouleaux\/"},"modified":"2025-06-07T00:18:36","modified_gmt":"2025-06-06T21:18:36","slug":"leader-price-papier-toilette-douceur-triple-epaisseur-moelleux-resistant-doux-x6-rouleaux","status":"publish","type":"product","link":"https:\/\/nirigs.com\/en\/product\/leader-price-papier-toilette-douceur-triple-epaisseur-moelleux-resistant-doux-x6-rouleaux\/","title":{"rendered":"Leader Price &#8211; Papier toilette douceur triple \u00e9paisseur moelleux r\u00e9sistant &#038; doux x6 rouleaux"},"content":{"rendered":"<p>Le papier toilette douceur de Leader Price est con\u00e7u pour offrir un confort optimal gr\u00e2ce \u00e0 sa triple \u00e9paisseur qui le rend \u00e0 la fois moelleux, r\u00e9sistant et doux. Il garantit une utilisation agr\u00e9able tout en \u00e9tant suffisamment solide pour offrir une efficacit\u00e9 maximale \u00e0 chaque usage.<\/p>\n<h4><strong>Ingredients:<\/strong><\/h4>\n<p>100 % fibres de cellulose.<\/p>\n<h4><strong>Advantages :<\/strong><\/h4>\n<ul>\n<li><strong>Triple \u00e9paisseur :<\/strong> Assure une solidit\u00e9 renforc\u00e9e, tout en \u00e9tant doux et confortable pour la peau.<\/li>\n<li><strong>Moelleux et confortable :<\/strong> Offrant une sensation de douceur au toucher, parfait pour les peaux sensibles.<\/li>\n<li><strong>R\u00e9sistant et absorbant :<\/strong> Plus efficace, ce papier toilette se d\u00e9chire moins facilement, ce qui permet une utilisation plus \u00e9conomique.<\/li>\n<li><strong>Practical format :<\/strong> Les 6 rouleaux sont id\u00e9aux pour une utilisation courante \u00e0 la maison.<\/li>\n<\/ul>\n<h4><strong>Manual :<\/strong><\/h4>\n<p>Utiliser comme papier toilette habituel. D\u00e9chirer \u00e0 la taille d\u00e9sir\u00e9e pour une utilisation confortable.<\/p>\n<h4><strong>Precautions for use :<\/strong><\/h4>\n<ul>\n<li>Conserver dans un endroit sec pour \u00e9viter que le papier toilette n&rsquo;absorbe l&rsquo;humidit\u00e9 et reste en bon \u00e9tat.<\/li>\n<li>Tenir hors de port\u00e9e des jeunes enfants pour \u00e9viter tout risque d&rsquo;ingestion accidentelle.<\/li>\n<\/ul>","protected":false},"excerpt":{"rendered":"<p>Le papier toilette douceur de Leader Price est con\u00e7u pour offrir un confort optimal gr\u00e2ce \u00e0 sa triple \u00e9paisseur qui<\/p>","protected":false},"featured_media":25513,"comment_status":"open","ping_status":"closed","template":"","meta":[],"pwb-brand":[1166],"product_brand":[],"product_cat":[948,275,949,953],"product_tag":[],"class_list":{"0":"post-23262","1":"product","2":"type-product","3":"status-publish","4":"has-post-thumbnail","6":"pwb-brand-leader-price","7":"product_cat-entretien-de-la-maison-et-nettoyage","8":"product_cat-epicerie","9":"product_cat-essuie-tout-papier-toilette-et-mouchoirs","10":"product_cat-papier-toilette","12":"first","13":"instock","14":"shipping-taxable","15":"purchasable","16":"product-type-simple"},"yoast_head":"<!-- This site is optimized with the Yoast SEO plugin v27.1.1 - https:\/\/yoast.com\/product\/yoast-seo-wordpress\/ -->\n<title>Leader Price - Papier toilette douceur triple \u00e9paisseur moelleux r\u00e9sistant &amp; doux x6 rouleaux - NIRIGS<\/title>\n<meta name=\"robots\" content=\"index, follow, max-snippet:-1, max-image-preview:large, max-video-preview:-1\" \/>\n<link rel=\"canonical\" href=\"https:\/\/nirigs.com\/en\/product\/leader-price-papier-toilette-douceur-triple-epaisseur-moelleux-resistant-doux-x6-rouleaux\/\" \/>\n<meta property=\"og:locale\" content=\"en_US\" \/>\n<meta property=\"og:type\" content=\"article\" \/>\n<meta property=\"og:title\" content=\"Leader Price - Papier toilette douceur triple \u00e9paisseur moelleux r\u00e9sistant &amp; doux x6 rouleaux - NIRIGS\" \/>\n<meta property=\"og:description\" content=\"Le papier toilette douceur de Leader Price est con\u00e7u pour offrir un confort optimal gr\u00e2ce \u00e0 sa triple \u00e9paisseur qui\" \/>\n<meta property=\"og:url\" content=\"https:\/\/nirigs.com\/en\/product\/leader-price-papier-toilette-douceur-triple-epaisseur-moelleux-resistant-doux-x6-rouleaux\/\" \/>\n<meta property=\"og:site_name\" content=\"NIRIGS\" \/>\n<meta property=\"article:modified_time\" content=\"2025-06-06T21:18:36+00:00\" \/>\n<meta property=\"og:image\" content=\"https:\/\/nirigs.com\/wp-content\/uploads\/2024\/10\/Leader-Price-Papier-toilette-douceur-triple-epaisseur-moelleux-resistant-doux-x6-rouleaux.jpg\" \/>\n\t<meta property=\"og:image:width\" content=\"1000\" \/>\n\t<meta property=\"og:image:height\" content=\"1000\" \/>\n\t<meta property=\"og:image:type\" content=\"image\/jpeg\" \/>\n<meta name=\"twitter:card\" content=\"summary_large_image\" \/>\n<meta name=\"twitter:label1\" content=\"Est. reading time\" \/>\n\t<meta name=\"twitter:data1\" content=\"1 minute\" \/>\n<script type=\"application\/ld+json\" class=\"yoast-schema-graph\">{\"@context\":\"https:\/\/schema.org\",\"@graph\":[{\"@type\":\"WebPage\",\"@id\":\"https:\/\/nirigs.com\/product\/leader-price-papier-toilette-douceur-triple-epaisseur-moelleux-resistant-doux-x6-rouleaux\/\",\"url\":\"https:\/\/nirigs.com\/product\/leader-price-papier-toilette-douceur-triple-epaisseur-moelleux-resistant-doux-x6-rouleaux\/\",\"name\":\"Leader Price - Papier toilette douceur triple \u00e9paisseur moelleux r\u00e9sistant & doux x6 rouleaux - NIRIGS\",\"isPartOf\":{\"@id\":\"https:\/\/nirigs.com\/#website\"},\"primaryImageOfPage\":{\"@id\":\"https:\/\/nirigs.com\/product\/leader-price-papier-toilette-douceur-triple-epaisseur-moelleux-resistant-doux-x6-rouleaux\/#primaryimage\"},\"image\":{\"@id\":\"https:\/\/nirigs.com\/product\/leader-price-papier-toilette-douceur-triple-epaisseur-moelleux-resistant-doux-x6-rouleaux\/#primaryimage\"},\"thumbnailUrl\":\"https:\/\/nirigs.com\/wp-content\/uploads\/2024\/10\/Leader-Price-Papier-toilette-douceur-triple-epaisseur-moelleux-resistant-doux-x6-rouleaux.jpg\",\"datePublished\":\"2024-10-06T15:01:53+00:00\",\"dateModified\":\"2025-06-06T21:18:36+00:00\",\"breadcrumb\":{\"@id\":\"https:\/\/nirigs.com\/product\/leader-price-papier-toilette-douceur-triple-epaisseur-moelleux-resistant-doux-x6-rouleaux\/#breadcrumb\"},\"inLanguage\":\"en-US\",\"potentialAction\":[{\"@type\":\"ReadAction\",\"target\":[\"https:\/\/nirigs.com\/product\/leader-price-papier-toilette-douceur-triple-epaisseur-moelleux-resistant-doux-x6-rouleaux\/\"]}]},{\"@type\":\"ImageObject\",\"inLanguage\":\"en-US\",\"@id\":\"https:\/\/nirigs.com\/product\/leader-price-papier-toilette-douceur-triple-epaisseur-moelleux-resistant-doux-x6-rouleaux\/#primaryimage\",\"url\":\"https:\/\/nirigs.com\/wp-content\/uploads\/2024\/10\/Leader-Price-Papier-toilette-douceur-triple-epaisseur-moelleux-resistant-doux-x6-rouleaux.jpg\",\"contentUrl\":\"https:\/\/nirigs.com\/wp-content\/uploads\/2024\/10\/Leader-Price-Papier-toilette-douceur-triple-epaisseur-moelleux-resistant-doux-x6-rouleaux.jpg\",\"width\":1000,\"height\":1000},{\"@type\":\"BreadcrumbList\",\"@id\":\"https:\/\/nirigs.com\/product\/leader-price-papier-toilette-douceur-triple-epaisseur-moelleux-resistant-doux-x6-rouleaux\/#breadcrumb\",\"itemListElement\":[{\"@type\":\"ListItem\",\"position\":1,\"name\":\"Home\",\"item\":\"https:\/\/nirigs.com\/\"},{\"@type\":\"ListItem\",\"position\":2,\"name\":\"Parcourir\",\"item\":\"https:\/\/nirigs.com\/boutique\/\"},{\"@type\":\"ListItem\",\"position\":3,\"name\":\"Leader Price &#8211; Papier toilette douceur triple \u00e9paisseur moelleux r\u00e9sistant &#038; doux x6 rouleaux\"}]},{\"@type\":\"WebSite\",\"@id\":\"https:\/\/nirigs.com\/#website\",\"url\":\"https:\/\/nirigs.com\/\",\"name\":\"Nirigs.com\",\"description\":\"Simplifiez vos achats du quotidien \u00e0 Djibouti\",\"publisher\":{\"@id\":\"https:\/\/nirigs.com\/#organization\"},\"potentialAction\":[{\"@type\":\"SearchAction\",\"target\":{\"@type\":\"EntryPoint\",\"urlTemplate\":\"https:\/\/nirigs.com\/?s={search_term_string}\"},\"query-input\":{\"@type\":\"PropertyValueSpecification\",\"valueRequired\":true,\"valueName\":\"search_term_string\"}}],\"inLanguage\":\"en-US\"},{\"@type\":\"Organization\",\"@id\":\"https:\/\/nirigs.com\/#organization\",\"name\":\"Nirigs\",\"url\":\"https:\/\/nirigs.com\/\",\"logo\":{\"@type\":\"ImageObject\",\"inLanguage\":\"en-US\",\"@id\":\"https:\/\/nirigs.com\/#\/schema\/logo\/image\/\",\"url\":\"https:\/\/nirigs.com\/wp-content\/uploads\/2025\/04\/Design-sans-titre-27.png\",\"contentUrl\":\"https:\/\/nirigs.com\/wp-content\/uploads\/2025\/04\/Design-sans-titre-27.png\",\"width\":500,\"height\":500,\"caption\":\"Nirigs\"},\"image\":{\"@id\":\"https:\/\/nirigs.com\/#\/schema\/logo\/image\/\"}}]}<\/script>\n<!-- \/ Yoast SEO plugin. -->","yoast_head_json":{"title":"Leader Price - Papier toilette douceur triple \u00e9paisseur moelleux r\u00e9sistant & doux x6 rouleaux - NIRIGS","robots":{"index":"index","follow":"follow","max-snippet":"max-snippet:-1","max-image-preview":"max-image-preview:large","max-video-preview":"max-video-preview:-1"},"canonical":"https:\/\/nirigs.com\/en\/product\/leader-price-papier-toilette-douceur-triple-epaisseur-moelleux-resistant-doux-x6-rouleaux\/","og_locale":"en_US","og_type":"article","og_title":"Leader Price - Papier toilette douceur triple \u00e9paisseur moelleux r\u00e9sistant & doux x6 rouleaux - NIRIGS","og_description":"Le papier toilette douceur de Leader Price est con\u00e7u pour offrir un confort optimal gr\u00e2ce \u00e0 sa triple \u00e9paisseur qui","og_url":"https:\/\/nirigs.com\/en\/product\/leader-price-papier-toilette-douceur-triple-epaisseur-moelleux-resistant-doux-x6-rouleaux\/","og_site_name":"NIRIGS","article_modified_time":"2025-06-06T21:18:36+00:00","og_image":[{"width":1000,"height":1000,"url":"https:\/\/nirigs.com\/wp-content\/uploads\/2024\/10\/Leader-Price-Papier-toilette-douceur-triple-epaisseur-moelleux-resistant-doux-x6-rouleaux.jpg","type":"image\/jpeg"}],"twitter_card":"summary_large_image","twitter_misc":{"Est. reading time":"1 minute"},"schema":{"@context":"https:\/\/schema.org","@graph":[{"@type":"WebPage","@id":"https:\/\/nirigs.com\/product\/leader-price-papier-toilette-douceur-triple-epaisseur-moelleux-resistant-doux-x6-rouleaux\/","url":"https:\/\/nirigs.com\/product\/leader-price-papier-toilette-douceur-triple-epaisseur-moelleux-resistant-doux-x6-rouleaux\/","name":"Leader Price - Papier toilette douceur triple \u00e9paisseur moelleux r\u00e9sistant & doux x6 rouleaux - NIRIGS","isPartOf":{"@id":"https:\/\/nirigs.com\/#website"},"primaryImageOfPage":{"@id":"https:\/\/nirigs.com\/product\/leader-price-papier-toilette-douceur-triple-epaisseur-moelleux-resistant-doux-x6-rouleaux\/#primaryimage"},"image":{"@id":"https:\/\/nirigs.com\/product\/leader-price-papier-toilette-douceur-triple-epaisseur-moelleux-resistant-doux-x6-rouleaux\/#primaryimage"},"thumbnailUrl":"https:\/\/nirigs.com\/wp-content\/uploads\/2024\/10\/Leader-Price-Papier-toilette-douceur-triple-epaisseur-moelleux-resistant-doux-x6-rouleaux.jpg","datePublished":"2024-10-06T15:01:53+00:00","dateModified":"2025-06-06T21:18:36+00:00","breadcrumb":{"@id":"https:\/\/nirigs.com\/product\/leader-price-papier-toilette-douceur-triple-epaisseur-moelleux-resistant-doux-x6-rouleaux\/#breadcrumb"},"inLanguage":"en-US","potentialAction":[{"@type":"ReadAction","target":["https:\/\/nirigs.com\/product\/leader-price-papier-toilette-douceur-triple-epaisseur-moelleux-resistant-doux-x6-rouleaux\/"]}]},{"@type":"ImageObject","inLanguage":"en-US","@id":"https:\/\/nirigs.com\/product\/leader-price-papier-toilette-douceur-triple-epaisseur-moelleux-resistant-doux-x6-rouleaux\/#primaryimage","url":"https:\/\/nirigs.com\/wp-content\/uploads\/2024\/10\/Leader-Price-Papier-toilette-douceur-triple-epaisseur-moelleux-resistant-doux-x6-rouleaux.jpg","contentUrl":"https:\/\/nirigs.com\/wp-content\/uploads\/2024\/10\/Leader-Price-Papier-toilette-douceur-triple-epaisseur-moelleux-resistant-doux-x6-rouleaux.jpg","width":1000,"height":1000},{"@type":"BreadcrumbList","@id":"https:\/\/nirigs.com\/product\/leader-price-papier-toilette-douceur-triple-epaisseur-moelleux-resistant-doux-x6-rouleaux\/#breadcrumb","itemListElement":[{"@type":"ListItem","position":1,"name":"Home","item":"https:\/\/nirigs.com\/"},{"@type":"ListItem","position":2,"name":"Parcourir","item":"https:\/\/nirigs.com\/boutique\/"},{"@type":"ListItem","position":3,"name":"Leader Price &#8211; Papier toilette douceur triple \u00e9paisseur moelleux r\u00e9sistant &#038; doux x6 rouleaux"}]},{"@type":"WebSite","@id":"https:\/\/nirigs.com\/#website","url":"https:\/\/nirigs.com\/","name":"Nirigs.com","description":"Simplifiez vos achats du quotidien \u00e0 Djibouti","publisher":{"@id":"https:\/\/nirigs.com\/#organization"},"potentialAction":[{"@type":"SearchAction","target":{"@type":"EntryPoint","urlTemplate":"https:\/\/nirigs.com\/?s={search_term_string}"},"query-input":{"@type":"PropertyValueSpecification","valueRequired":true,"valueName":"search_term_string"}}],"inLanguage":"en-US"},{"@type":"Organization","@id":"https:\/\/nirigs.com\/#organization","name":"Nirigs","url":"https:\/\/nirigs.com\/","logo":{"@type":"ImageObject","inLanguage":"en-US","@id":"https:\/\/nirigs.com\/#\/schema\/logo\/image\/","url":"https:\/\/nirigs.com\/wp-content\/uploads\/2025\/04\/Design-sans-titre-27.png","contentUrl":"https:\/\/nirigs.com\/wp-content\/uploads\/2025\/04\/Design-sans-titre-27.png","width":500,"height":500,"caption":"Nirigs"},"image":{"@id":"https:\/\/nirigs.com\/#\/schema\/logo\/image\/"}}]}},"brands":[{"id":1166,"name":"Leader Price","slug":"leader-price"}],"_links":{"self":[{"href":"https:\/\/nirigs.com\/en\/wp-json\/wp\/v2\/product\/23262","targetHints":{"allow":["GET"]}}],"collection":[{"href":"https:\/\/nirigs.com\/en\/wp-json\/wp\/v2\/product"}],"about":[{"href":"https:\/\/nirigs.com\/en\/wp-json\/wp\/v2\/types\/product"}],"replies":[{"embeddable":true,"href":"https:\/\/nirigs.com\/en\/wp-json\/wp\/v2\/comments?post=23262"}],"version-history":[{"count":3,"href":"https:\/\/nirigs.com\/en\/wp-json\/wp\/v2\/product\/23262\/revisions"}],"predecessor-version":[{"id":25516,"href":"https:\/\/nirigs.com\/en\/wp-json\/wp\/v2\/product\/23262\/revisions\/25516"}],"wp:featuredmedia":[{"embeddable":true,"href":"https:\/\/nirigs.com\/en\/wp-json\/wp\/v2\/media\/25513"}],"wp:attachment":[{"href":"https:\/\/nirigs.com\/en\/wp-json\/wp\/v2\/media?parent=23262"}],"wp:term":[{"taxonomy":"pwb-brand","embeddable":true,"href":"https:\/\/nirigs.com\/en\/wp-json\/wp\/v2\/pwb-brand?post=23262"},{"taxonomy":"product_brand","embeddable":true,"href":"https:\/\/nirigs.com\/en\/wp-json\/wp\/v2\/product_brand?post=23262"},{"taxonomy":"product_cat","embeddable":true,"href":"https:\/\/nirigs.com\/en\/wp-json\/wp\/v2\/product_cat?post=23262"},{"taxonomy":"product_tag","embeddable":true,"href":"https:\/\/nirigs.com\/en\/wp-json\/wp\/v2\/product_tag?post=23262"}],"curies":[{"name":"wp","href":"https:\/\/api.w.org\/{rel}","templated":true}]}}