{"id":23260,"date":"2024-10-06T18:01:53","date_gmt":"2024-10-06T15:01:53","guid":{"rendered":"https:\/\/nirigs.com\/produit\/leader-price-essuie-tout-compact-3-rouleaux-compacts-9-rouleaux-classiques-x3-rouleaux\/"},"modified":"2025-03-13T10:40:17","modified_gmt":"2025-03-13T07:40:17","slug":"leader-price-essuie-tout-compact-3-rouleaux-compacts-9-rouleaux-classiques-x3-rouleaux","status":"publish","type":"product","link":"https:\/\/nirigs.com\/en\/product\/leader-price-essuie-tout-compact-3-rouleaux-compacts-9-rouleaux-classiques-x3-rouleaux\/","title":{"rendered":"Leader Price - Compact wipers 3 compact rolls = 9 classic rolls x 3 rolls"},"content":{"rendered":"<p>L&rsquo;essuie-tout compact Leader Price offre une solution pratique et \u00e9conomique pour l\u2019entretien quotidien de votre maison. Gr\u00e2ce \u00e0 sa capacit\u00e9 absorbante et \u00e0 son format compact, un seul rouleau \u00e9quivaut \u00e0 trois rouleaux classiques. Il est id\u00e9al pour les t\u00e2ches m\u00e9nag\u00e8res, que ce soit pour essuyer les surfaces, nettoyer les liquides renvers\u00e9s ou s\u00e9cher vos mains. Sa structure compacte vous permet \u00e9galement de gagner de l\u2019espace de rangement tout en \u00e9tant plus respectueux de l&rsquo;environnement gr\u00e2ce \u00e0 la r\u00e9duction de l&#8217;emballage.<\/p>\n<h4>Ingredients:<\/h4>\n<p>Papier 100% cellulose.<\/p>\n<h4>Advantages :<\/h4>\n<ul>\n<li>Compact et \u00e9conomique : 3 rouleaux \u00e9quivalents \u00e0 9 rouleaux classiques, ce qui vous permet d\u2019\u00e9conomiser sur le stockage.<\/li>\n<li>Absorption maximale : Capacit\u00e9 d&rsquo;absorption rapide pour un nettoyage efficace et sans effort.<\/li>\n<li>Pratique : Format compact, id\u00e9al pour les espaces restreints et facile \u00e0 ranger.<\/li>\n<li>Respectueux de l&rsquo;environnement : R\u00e9duction des d\u00e9chets gr\u00e2ce \u00e0 un emballage optimis\u00e9 et moins de rouleaux \u00e0 acheter fr\u00e9quemment.<\/li>\n<\/ul>\n<h4>Manual :<\/h4>\n<ol>\n<li>D\u00e9roulez l&rsquo;essuie-tout et utilisez-le pour absorber les liquides, essuyer les surfaces ou s\u00e9cher vos mains.<\/li>\n<li>Jetez chaque feuille usag\u00e9e dans la poubelle apr\u00e8s utilisation.<\/li>\n<\/ol>\n<h4>Precautions :<\/h4>\n<ul>\n<li>Ne pas jeter dans les toilettes, ce produit n\u2019est pas biod\u00e9gradable.<\/li>\n<li>Tenir \u00e0 l\u2019\u00e9cart des flammes nues et des sources de chaleur.<\/li>\n<li>Garder hors de port\u00e9e des enfants pour \u00e9viter tout risque d&rsquo;\u00e9touffement.<\/li>\n<\/ul>","protected":false},"excerpt":{"rendered":"<p>L&rsquo;essuie-tout compact Leader Price offre une solution pratique et \u00e9conomique pour l\u2019entretien quotidien de votre maison. Gr\u00e2ce \u00e0 sa capacit\u00e9<\/p>","protected":false},"featured_media":25615,"comment_status":"open","ping_status":"closed","template":"","meta":[],"pwb-brand":[1166],"product_brand":[],"product_cat":[948,275,950,949],"product_tag":[],"class_list":{"0":"post-23260","1":"product","2":"type-product","3":"status-publish","4":"has-post-thumbnail","6":"pwb-brand-leader-price","7":"product_cat-entretien-de-la-maison-et-nettoyage","8":"product_cat-epicerie","9":"product_cat-essuie-tout","10":"product_cat-essuie-tout-papier-toilette-et-mouchoirs","12":"first","13":"instock","14":"shipping-taxable","15":"purchasable","16":"product-type-simple"},"yoast_head":"<!-- This site is optimized with the Yoast SEO plugin v27.1.1 - https:\/\/yoast.com\/product\/yoast-seo-wordpress\/ -->\n<title>Leader Price - Essuie tout compact 3 rouleaux compacts = 9 rouleaux classiques x3 rouleaux - NIRIGS<\/title>\n<meta name=\"robots\" content=\"index, follow, max-snippet:-1, max-image-preview:large, max-video-preview:-1\" \/>\n<link rel=\"canonical\" href=\"https:\/\/nirigs.com\/en\/product\/leader-price-essuie-tout-compact-3-rouleaux-compacts-9-rouleaux-classiques-x3-rouleaux\/\" \/>\n<meta property=\"og:locale\" content=\"en_US\" \/>\n<meta property=\"og:type\" content=\"article\" \/>\n<meta property=\"og:title\" content=\"Leader Price - Essuie tout compact 3 rouleaux compacts = 9 rouleaux classiques x3 rouleaux - NIRIGS\" \/>\n<meta property=\"og:description\" content=\"L&rsquo;essuie-tout compact Leader Price offre une solution pratique et \u00e9conomique pour l\u2019entretien quotidien de votre maison. Gr\u00e2ce \u00e0 sa capacit\u00e9\" \/>\n<meta property=\"og:url\" content=\"https:\/\/nirigs.com\/en\/product\/leader-price-essuie-tout-compact-3-rouleaux-compacts-9-rouleaux-classiques-x3-rouleaux\/\" \/>\n<meta property=\"og:site_name\" content=\"NIRIGS\" \/>\n<meta property=\"article:modified_time\" content=\"2025-03-13T07:40:17+00:00\" \/>\n<meta property=\"og:image\" content=\"https:\/\/nirigs.com\/wp-content\/uploads\/2024\/10\/Leader-Price-Essuie-tout-compact-3-rouleaux-compacts-9-rouleaux-classiques-x3-rouleaux.jpg\" \/>\n\t<meta property=\"og:image:width\" content=\"1000\" \/>\n\t<meta property=\"og:image:height\" content=\"1000\" \/>\n\t<meta property=\"og:image:type\" content=\"image\/jpeg\" \/>\n<meta name=\"twitter:card\" content=\"summary_large_image\" \/>\n<meta name=\"twitter:label1\" content=\"Est. reading time\" \/>\n\t<meta name=\"twitter:data1\" content=\"1 minute\" \/>\n<script type=\"application\/ld+json\" class=\"yoast-schema-graph\">{\"@context\":\"https:\/\/schema.org\",\"@graph\":[{\"@type\":\"WebPage\",\"@id\":\"https:\/\/nirigs.com\/product\/leader-price-essuie-tout-compact-3-rouleaux-compacts-9-rouleaux-classiques-x3-rouleaux\/\",\"url\":\"https:\/\/nirigs.com\/product\/leader-price-essuie-tout-compact-3-rouleaux-compacts-9-rouleaux-classiques-x3-rouleaux\/\",\"name\":\"Leader Price - Essuie tout compact 3 rouleaux compacts = 9 rouleaux classiques x3 rouleaux - NIRIGS\",\"isPartOf\":{\"@id\":\"https:\/\/nirigs.com\/#website\"},\"primaryImageOfPage\":{\"@id\":\"https:\/\/nirigs.com\/product\/leader-price-essuie-tout-compact-3-rouleaux-compacts-9-rouleaux-classiques-x3-rouleaux\/#primaryimage\"},\"image\":{\"@id\":\"https:\/\/nirigs.com\/product\/leader-price-essuie-tout-compact-3-rouleaux-compacts-9-rouleaux-classiques-x3-rouleaux\/#primaryimage\"},\"thumbnailUrl\":\"https:\/\/nirigs.com\/wp-content\/uploads\/2024\/10\/Leader-Price-Essuie-tout-compact-3-rouleaux-compacts-9-rouleaux-classiques-x3-rouleaux.jpg\",\"datePublished\":\"2024-10-06T15:01:53+00:00\",\"dateModified\":\"2025-03-13T07:40:17+00:00\",\"breadcrumb\":{\"@id\":\"https:\/\/nirigs.com\/product\/leader-price-essuie-tout-compact-3-rouleaux-compacts-9-rouleaux-classiques-x3-rouleaux\/#breadcrumb\"},\"inLanguage\":\"en-US\",\"potentialAction\":[{\"@type\":\"ReadAction\",\"target\":[\"https:\/\/nirigs.com\/product\/leader-price-essuie-tout-compact-3-rouleaux-compacts-9-rouleaux-classiques-x3-rouleaux\/\"]}]},{\"@type\":\"ImageObject\",\"inLanguage\":\"en-US\",\"@id\":\"https:\/\/nirigs.com\/product\/leader-price-essuie-tout-compact-3-rouleaux-compacts-9-rouleaux-classiques-x3-rouleaux\/#primaryimage\",\"url\":\"https:\/\/nirigs.com\/wp-content\/uploads\/2024\/10\/Leader-Price-Essuie-tout-compact-3-rouleaux-compacts-9-rouleaux-classiques-x3-rouleaux.jpg\",\"contentUrl\":\"https:\/\/nirigs.com\/wp-content\/uploads\/2024\/10\/Leader-Price-Essuie-tout-compact-3-rouleaux-compacts-9-rouleaux-classiques-x3-rouleaux.jpg\",\"width\":1000,\"height\":1000},{\"@type\":\"BreadcrumbList\",\"@id\":\"https:\/\/nirigs.com\/product\/leader-price-essuie-tout-compact-3-rouleaux-compacts-9-rouleaux-classiques-x3-rouleaux\/#breadcrumb\",\"itemListElement\":[{\"@type\":\"ListItem\",\"position\":1,\"name\":\"Home\",\"item\":\"https:\/\/nirigs.com\/\"},{\"@type\":\"ListItem\",\"position\":2,\"name\":\"Parcourir\",\"item\":\"https:\/\/nirigs.com\/boutique\/\"},{\"@type\":\"ListItem\",\"position\":3,\"name\":\"Leader Price &#8211; Essuie tout compact 3 rouleaux compacts = 9 rouleaux classiques x3 rouleaux\"}]},{\"@type\":\"WebSite\",\"@id\":\"https:\/\/nirigs.com\/#website\",\"url\":\"https:\/\/nirigs.com\/\",\"name\":\"Nirigs.com\",\"description\":\"Simplifiez vos achats du quotidien \u00e0 Djibouti\",\"publisher\":{\"@id\":\"https:\/\/nirigs.com\/#organization\"},\"potentialAction\":[{\"@type\":\"SearchAction\",\"target\":{\"@type\":\"EntryPoint\",\"urlTemplate\":\"https:\/\/nirigs.com\/?s={search_term_string}\"},\"query-input\":{\"@type\":\"PropertyValueSpecification\",\"valueRequired\":true,\"valueName\":\"search_term_string\"}}],\"inLanguage\":\"en-US\"},{\"@type\":\"Organization\",\"@id\":\"https:\/\/nirigs.com\/#organization\",\"name\":\"Nirigs\",\"url\":\"https:\/\/nirigs.com\/\",\"logo\":{\"@type\":\"ImageObject\",\"inLanguage\":\"en-US\",\"@id\":\"https:\/\/nirigs.com\/#\/schema\/logo\/image\/\",\"url\":\"https:\/\/nirigs.com\/wp-content\/uploads\/2025\/04\/Design-sans-titre-27.png\",\"contentUrl\":\"https:\/\/nirigs.com\/wp-content\/uploads\/2025\/04\/Design-sans-titre-27.png\",\"width\":500,\"height\":500,\"caption\":\"Nirigs\"},\"image\":{\"@id\":\"https:\/\/nirigs.com\/#\/schema\/logo\/image\/\"}}]}<\/script>\n<!-- \/ Yoast SEO plugin. -->","yoast_head_json":{"title":"Leader Price - Essuie tout compact 3 rouleaux compacts = 9 rouleaux classiques x3 rouleaux - NIRIGS","robots":{"index":"index","follow":"follow","max-snippet":"max-snippet:-1","max-image-preview":"max-image-preview:large","max-video-preview":"max-video-preview:-1"},"canonical":"https:\/\/nirigs.com\/en\/product\/leader-price-essuie-tout-compact-3-rouleaux-compacts-9-rouleaux-classiques-x3-rouleaux\/","og_locale":"en_US","og_type":"article","og_title":"Leader Price - Essuie tout compact 3 rouleaux compacts = 9 rouleaux classiques x3 rouleaux - NIRIGS","og_description":"L&rsquo;essuie-tout compact Leader Price offre une solution pratique et \u00e9conomique pour l\u2019entretien quotidien de votre maison. Gr\u00e2ce \u00e0 sa capacit\u00e9","og_url":"https:\/\/nirigs.com\/en\/product\/leader-price-essuie-tout-compact-3-rouleaux-compacts-9-rouleaux-classiques-x3-rouleaux\/","og_site_name":"NIRIGS","article_modified_time":"2025-03-13T07:40:17+00:00","og_image":[{"width":1000,"height":1000,"url":"https:\/\/nirigs.com\/wp-content\/uploads\/2024\/10\/Leader-Price-Essuie-tout-compact-3-rouleaux-compacts-9-rouleaux-classiques-x3-rouleaux.jpg","type":"image\/jpeg"}],"twitter_card":"summary_large_image","twitter_misc":{"Est. reading time":"1 minute"},"schema":{"@context":"https:\/\/schema.org","@graph":[{"@type":"WebPage","@id":"https:\/\/nirigs.com\/product\/leader-price-essuie-tout-compact-3-rouleaux-compacts-9-rouleaux-classiques-x3-rouleaux\/","url":"https:\/\/nirigs.com\/product\/leader-price-essuie-tout-compact-3-rouleaux-compacts-9-rouleaux-classiques-x3-rouleaux\/","name":"Leader Price - Essuie tout compact 3 rouleaux compacts = 9 rouleaux classiques x3 rouleaux - NIRIGS","isPartOf":{"@id":"https:\/\/nirigs.com\/#website"},"primaryImageOfPage":{"@id":"https:\/\/nirigs.com\/product\/leader-price-essuie-tout-compact-3-rouleaux-compacts-9-rouleaux-classiques-x3-rouleaux\/#primaryimage"},"image":{"@id":"https:\/\/nirigs.com\/product\/leader-price-essuie-tout-compact-3-rouleaux-compacts-9-rouleaux-classiques-x3-rouleaux\/#primaryimage"},"thumbnailUrl":"https:\/\/nirigs.com\/wp-content\/uploads\/2024\/10\/Leader-Price-Essuie-tout-compact-3-rouleaux-compacts-9-rouleaux-classiques-x3-rouleaux.jpg","datePublished":"2024-10-06T15:01:53+00:00","dateModified":"2025-03-13T07:40:17+00:00","breadcrumb":{"@id":"https:\/\/nirigs.com\/product\/leader-price-essuie-tout-compact-3-rouleaux-compacts-9-rouleaux-classiques-x3-rouleaux\/#breadcrumb"},"inLanguage":"en-US","potentialAction":[{"@type":"ReadAction","target":["https:\/\/nirigs.com\/product\/leader-price-essuie-tout-compact-3-rouleaux-compacts-9-rouleaux-classiques-x3-rouleaux\/"]}]},{"@type":"ImageObject","inLanguage":"en-US","@id":"https:\/\/nirigs.com\/product\/leader-price-essuie-tout-compact-3-rouleaux-compacts-9-rouleaux-classiques-x3-rouleaux\/#primaryimage","url":"https:\/\/nirigs.com\/wp-content\/uploads\/2024\/10\/Leader-Price-Essuie-tout-compact-3-rouleaux-compacts-9-rouleaux-classiques-x3-rouleaux.jpg","contentUrl":"https:\/\/nirigs.com\/wp-content\/uploads\/2024\/10\/Leader-Price-Essuie-tout-compact-3-rouleaux-compacts-9-rouleaux-classiques-x3-rouleaux.jpg","width":1000,"height":1000},{"@type":"BreadcrumbList","@id":"https:\/\/nirigs.com\/product\/leader-price-essuie-tout-compact-3-rouleaux-compacts-9-rouleaux-classiques-x3-rouleaux\/#breadcrumb","itemListElement":[{"@type":"ListItem","position":1,"name":"Home","item":"https:\/\/nirigs.com\/"},{"@type":"ListItem","position":2,"name":"Parcourir","item":"https:\/\/nirigs.com\/boutique\/"},{"@type":"ListItem","position":3,"name":"Leader Price &#8211; Essuie tout compact 3 rouleaux compacts = 9 rouleaux classiques x3 rouleaux"}]},{"@type":"WebSite","@id":"https:\/\/nirigs.com\/#website","url":"https:\/\/nirigs.com\/","name":"Nirigs.com","description":"Simplifiez vos achats du quotidien \u00e0 Djibouti","publisher":{"@id":"https:\/\/nirigs.com\/#organization"},"potentialAction":[{"@type":"SearchAction","target":{"@type":"EntryPoint","urlTemplate":"https:\/\/nirigs.com\/?s={search_term_string}"},"query-input":{"@type":"PropertyValueSpecification","valueRequired":true,"valueName":"search_term_string"}}],"inLanguage":"en-US"},{"@type":"Organization","@id":"https:\/\/nirigs.com\/#organization","name":"Nirigs","url":"https:\/\/nirigs.com\/","logo":{"@type":"ImageObject","inLanguage":"en-US","@id":"https:\/\/nirigs.com\/#\/schema\/logo\/image\/","url":"https:\/\/nirigs.com\/wp-content\/uploads\/2025\/04\/Design-sans-titre-27.png","contentUrl":"https:\/\/nirigs.com\/wp-content\/uploads\/2025\/04\/Design-sans-titre-27.png","width":500,"height":500,"caption":"Nirigs"},"image":{"@id":"https:\/\/nirigs.com\/#\/schema\/logo\/image\/"}}]}},"brands":[{"id":1166,"name":"Leader Price","slug":"leader-price"}],"_links":{"self":[{"href":"https:\/\/nirigs.com\/en\/wp-json\/wp\/v2\/product\/23260","targetHints":{"allow":["GET"]}}],"collection":[{"href":"https:\/\/nirigs.com\/en\/wp-json\/wp\/v2\/product"}],"about":[{"href":"https:\/\/nirigs.com\/en\/wp-json\/wp\/v2\/types\/product"}],"replies":[{"embeddable":true,"href":"https:\/\/nirigs.com\/en\/wp-json\/wp\/v2\/comments?post=23260"}],"version-history":[{"count":1,"href":"https:\/\/nirigs.com\/en\/wp-json\/wp\/v2\/product\/23260\/revisions"}],"predecessor-version":[{"id":25617,"href":"https:\/\/nirigs.com\/en\/wp-json\/wp\/v2\/product\/23260\/revisions\/25617"}],"wp:featuredmedia":[{"embeddable":true,"href":"https:\/\/nirigs.com\/en\/wp-json\/wp\/v2\/media\/25615"}],"wp:attachment":[{"href":"https:\/\/nirigs.com\/en\/wp-json\/wp\/v2\/media?parent=23260"}],"wp:term":[{"taxonomy":"pwb-brand","embeddable":true,"href":"https:\/\/nirigs.com\/en\/wp-json\/wp\/v2\/pwb-brand?post=23260"},{"taxonomy":"product_brand","embeddable":true,"href":"https:\/\/nirigs.com\/en\/wp-json\/wp\/v2\/product_brand?post=23260"},{"taxonomy":"product_cat","embeddable":true,"href":"https:\/\/nirigs.com\/en\/wp-json\/wp\/v2\/product_cat?post=23260"},{"taxonomy":"product_tag","embeddable":true,"href":"https:\/\/nirigs.com\/en\/wp-json\/wp\/v2\/product_tag?post=23260"}],"curies":[{"name":"wp","href":"https:\/\/api.w.org\/{rel}","templated":true}]}}