{"id":23243,"date":"2024-10-06T18:00:52","date_gmt":"2024-10-06T15:00:52","guid":{"rendered":"https:\/\/nirigs.com\/produit\/bledina-puree-de-pommes-poires-des-6-mois-130-g\/"},"modified":"2025-03-13T10:46:10","modified_gmt":"2025-03-13T07:46:10","slug":"bledina-puree-de-pommes-poires-des-6-mois-130-g","status":"publish","type":"product","link":"https:\/\/nirigs.com\/en\/product\/bledina-puree-de-pommes-poires-des-6-mois-130-g\/","title":{"rendered":"Bl\u00e9dina - Apple and Pear Puree - From 6 months - 130 g"},"content":{"rendered":"<p>La pur\u00e9e de pommes poires Bl\u00e9dina est une d\u00e9licieuse pr\u00e9paration destin\u00e9e aux b\u00e9b\u00e9s \u00e0 partir de 6 mois. Sa texture lisse et son go\u00fbt naturellement sucr\u00e9 en font une option id\u00e9ale pour introduire les fruits dans l\u2019alimentation de votre enfant. Facile \u00e0 dig\u00e9rer, elle est parfaite pour les premi\u00e8res d\u00e9couvertes gustatives.<\/p>\n<h4>Ingredients:<\/h4>\n<ul>\n<li>Pur\u00e9e de pommes 78 %, Pur\u00e9e de poires 22 %, Jus de citron concentr\u00e9.<\/li>\n<\/ul>\n<p><em>* No added sugars, gluten, colorants or preservatives, in compliance with current infant food regulations.<\/em><\/p>\n<h4>Advantages :<\/h4>\n<ul>\n<li>Natural and healthy: Made from 100 % natural fruit, with no added sugar, for a healthy diet from an early age.<\/li>\n<li>Easy to digest: specially designed for the still-fragile digestive system of babies aged 6 months and over.<\/li>\n<li>Dietary diversification: Gradually introduce fruit into baby's diet, with mild, natural flavors.<\/li>\n<li>Practical: Individual 130 g format, ideal for quick consumption and easy transport.<\/li>\n<li>Additive-free: complies with strict infant nutrition standards, avoiding preservatives, artificial coloring and flavoring.<\/li>\n<\/ul>\n<h4>Manual :<\/h4>\n<ol>\n<li>Before opening, gently shake the jar to homogenize the pur\u00e9e.<\/li>\n<li>Open the lid and pour into a small plate or spoon directly onto a plate.<\/li>\n<li>Give your baby the pur\u00e9e with a suitable spoon, at room temperature.<\/li>\n<li>If the pur\u00e9e is heated, stir well and check the temperature before serving.<\/li>\n<\/ol>\n<p>* Storage: Store in a cool, dry place. After opening, reseal and store in the refrigerator. Consume within 24 hours.<\/p>\n<h4>Precautions :<\/h4>\n<ul>\n<li>Never leave a baby unattended during meals.<\/li>\n<li>Do not reuse a pur\u00e9e that has already been started if it has been in direct contact with the baby's spoon.<\/li>\n<li>Make sure the packaging is intact before using the product.<\/li>\n<li>Do not reheat in the microwave in the original pot to avoid risk of burns.<\/li>\n<\/ul>","protected":false},"excerpt":{"rendered":"<p>La pur\u00e9e de pommes poires Bl\u00e9dina est une d\u00e9licieuse pr\u00e9paration destin\u00e9e aux b\u00e9b\u00e9s \u00e0 partir de 6 mois. Sa texture<\/p>","protected":false},"featured_media":25634,"comment_status":"open","ping_status":"closed","template":"","meta":[],"pwb-brand":[1176],"product_brand":[],"product_cat":[1060,274,1064],"product_tag":[],"class_list":{"0":"post-23243","1":"product","2":"type-product","3":"status-publish","4":"has-post-thumbnail","6":"pwb-brand-bledina","7":"product_cat-alimentation-produits-bebes","8":"product_cat-bebe-et-famille","9":"product_cat-gouters-et-desserts","11":"first","12":"instock","13":"shipping-taxable","14":"purchasable","15":"product-type-simple"},"yoast_head":"<!-- This site is optimized with the Yoast SEO plugin v27.4 - https:\/\/yoast.com\/product\/yoast-seo-wordpress\/ -->\n<title>Bl\u00e9dina - Pur\u00e9e de pommes poires d\u00e8s 6 mois - 130 g - NIRIGS<\/title>\n<meta name=\"robots\" content=\"index, follow, max-snippet:-1, max-image-preview:large, max-video-preview:-1\" \/>\n<link rel=\"canonical\" href=\"https:\/\/nirigs.com\/en\/product\/bledina-puree-de-pommes-poires-des-6-mois-130-g\/\" \/>\n<meta property=\"og:locale\" content=\"en_US\" \/>\n<meta property=\"og:type\" content=\"article\" \/>\n<meta property=\"og:title\" content=\"Bl\u00e9dina - Pur\u00e9e de pommes poires d\u00e8s 6 mois - 130 g - NIRIGS\" \/>\n<meta property=\"og:description\" content=\"La pur\u00e9e de pommes poires Bl\u00e9dina est une d\u00e9licieuse pr\u00e9paration destin\u00e9e aux b\u00e9b\u00e9s \u00e0 partir de 6 mois. Sa texture\" \/>\n<meta property=\"og:url\" content=\"https:\/\/nirigs.com\/en\/product\/bledina-puree-de-pommes-poires-des-6-mois-130-g\/\" \/>\n<meta property=\"og:site_name\" content=\"NIRIGS\" \/>\n<meta property=\"article:modified_time\" content=\"2025-03-13T07:46:10+00:00\" \/>\n<meta property=\"og:image\" content=\"https:\/\/nirigs.com\/wp-content\/uploads\/2024\/10\/Bledina-Puree-de-pommes-poires-des-6-mois-130-g.jpg\" \/>\n\t<meta property=\"og:image:width\" content=\"1000\" \/>\n\t<meta property=\"og:image:height\" content=\"1000\" \/>\n\t<meta property=\"og:image:type\" content=\"image\/jpeg\" \/>\n<meta name=\"twitter:card\" content=\"summary_large_image\" \/>\n<meta name=\"twitter:label1\" content=\"Est. reading time\" \/>\n\t<meta name=\"twitter:data1\" content=\"2 minutes\" \/>\n<script type=\"application\/ld+json\" class=\"yoast-schema-graph\">{\"@context\":\"https:\\\/\\\/schema.org\",\"@graph\":[{\"@type\":\"WebPage\",\"@id\":\"https:\\\/\\\/nirigs.com\\\/product\\\/bledina-puree-de-pommes-poires-des-6-mois-130-g\\\/\",\"url\":\"https:\\\/\\\/nirigs.com\\\/product\\\/bledina-puree-de-pommes-poires-des-6-mois-130-g\\\/\",\"name\":\"Bl\u00e9dina - Pur\u00e9e de pommes poires d\u00e8s 6 mois - 130 g - NIRIGS\",\"isPartOf\":{\"@id\":\"https:\\\/\\\/nirigs.com\\\/#website\"},\"primaryImageOfPage\":{\"@id\":\"https:\\\/\\\/nirigs.com\\\/product\\\/bledina-puree-de-pommes-poires-des-6-mois-130-g\\\/#primaryimage\"},\"image\":{\"@id\":\"https:\\\/\\\/nirigs.com\\\/product\\\/bledina-puree-de-pommes-poires-des-6-mois-130-g\\\/#primaryimage\"},\"thumbnailUrl\":\"https:\\\/\\\/nirigs.com\\\/wp-content\\\/uploads\\\/2024\\\/10\\\/Bledina-Puree-de-pommes-poires-des-6-mois-130-g.jpg\",\"datePublished\":\"2024-10-06T15:00:52+00:00\",\"dateModified\":\"2025-03-13T07:46:10+00:00\",\"breadcrumb\":{\"@id\":\"https:\\\/\\\/nirigs.com\\\/product\\\/bledina-puree-de-pommes-poires-des-6-mois-130-g\\\/#breadcrumb\"},\"inLanguage\":\"en-US\",\"potentialAction\":[{\"@type\":\"ReadAction\",\"target\":[\"https:\\\/\\\/nirigs.com\\\/product\\\/bledina-puree-de-pommes-poires-des-6-mois-130-g\\\/\"]}]},{\"@type\":\"ImageObject\",\"inLanguage\":\"en-US\",\"@id\":\"https:\\\/\\\/nirigs.com\\\/product\\\/bledina-puree-de-pommes-poires-des-6-mois-130-g\\\/#primaryimage\",\"url\":\"https:\\\/\\\/nirigs.com\\\/wp-content\\\/uploads\\\/2024\\\/10\\\/Bledina-Puree-de-pommes-poires-des-6-mois-130-g.jpg\",\"contentUrl\":\"https:\\\/\\\/nirigs.com\\\/wp-content\\\/uploads\\\/2024\\\/10\\\/Bledina-Puree-de-pommes-poires-des-6-mois-130-g.jpg\",\"width\":1000,\"height\":1000},{\"@type\":\"BreadcrumbList\",\"@id\":\"https:\\\/\\\/nirigs.com\\\/product\\\/bledina-puree-de-pommes-poires-des-6-mois-130-g\\\/#breadcrumb\",\"itemListElement\":[{\"@type\":\"ListItem\",\"position\":1,\"name\":\"Home\",\"item\":\"https:\\\/\\\/nirigs.com\\\/\"},{\"@type\":\"ListItem\",\"position\":2,\"name\":\"Parcourir\",\"item\":\"https:\\\/\\\/nirigs.com\\\/boutique\\\/\"},{\"@type\":\"ListItem\",\"position\":3,\"name\":\"Bl\u00e9dina &#8211; Pur\u00e9e de pommes poires d\u00e8s 6 mois &#8211; 130 g\"}]},{\"@type\":\"WebSite\",\"@id\":\"https:\\\/\\\/nirigs.com\\\/#website\",\"url\":\"https:\\\/\\\/nirigs.com\\\/\",\"name\":\"Nirigs.com\",\"description\":\"Simplifiez vos achats du quotidien \u00e0 Djibouti\",\"publisher\":{\"@id\":\"https:\\\/\\\/nirigs.com\\\/#organization\"},\"potentialAction\":[{\"@type\":\"SearchAction\",\"target\":{\"@type\":\"EntryPoint\",\"urlTemplate\":\"https:\\\/\\\/nirigs.com\\\/?s={search_term_string}\"},\"query-input\":{\"@type\":\"PropertyValueSpecification\",\"valueRequired\":true,\"valueName\":\"search_term_string\"}}],\"inLanguage\":\"en-US\"},{\"@type\":\"Organization\",\"@id\":\"https:\\\/\\\/nirigs.com\\\/#organization\",\"name\":\"Nirigs\",\"url\":\"https:\\\/\\\/nirigs.com\\\/\",\"logo\":{\"@type\":\"ImageObject\",\"inLanguage\":\"en-US\",\"@id\":\"https:\\\/\\\/nirigs.com\\\/#\\\/schema\\\/logo\\\/image\\\/\",\"url\":\"https:\\\/\\\/nirigs.com\\\/wp-content\\\/uploads\\\/2025\\\/04\\\/Design-sans-titre-27.png\",\"contentUrl\":\"https:\\\/\\\/nirigs.com\\\/wp-content\\\/uploads\\\/2025\\\/04\\\/Design-sans-titre-27.png\",\"width\":500,\"height\":500,\"caption\":\"Nirigs\"},\"image\":{\"@id\":\"https:\\\/\\\/nirigs.com\\\/#\\\/schema\\\/logo\\\/image\\\/\"}}]}<\/script>\n<!-- \/ Yoast SEO plugin. -->","yoast_head_json":{"title":"Bl\u00e9dina - Pur\u00e9e de pommes poires d\u00e8s 6 mois - 130 g - NIRIGS","robots":{"index":"index","follow":"follow","max-snippet":"max-snippet:-1","max-image-preview":"max-image-preview:large","max-video-preview":"max-video-preview:-1"},"canonical":"https:\/\/nirigs.com\/en\/product\/bledina-puree-de-pommes-poires-des-6-mois-130-g\/","og_locale":"en_US","og_type":"article","og_title":"Bl\u00e9dina - Pur\u00e9e de pommes poires d\u00e8s 6 mois - 130 g - NIRIGS","og_description":"La pur\u00e9e de pommes poires Bl\u00e9dina est une d\u00e9licieuse pr\u00e9paration destin\u00e9e aux b\u00e9b\u00e9s \u00e0 partir de 6 mois. Sa texture","og_url":"https:\/\/nirigs.com\/en\/product\/bledina-puree-de-pommes-poires-des-6-mois-130-g\/","og_site_name":"NIRIGS","article_modified_time":"2025-03-13T07:46:10+00:00","og_image":[{"width":1000,"height":1000,"url":"https:\/\/nirigs.com\/wp-content\/uploads\/2024\/10\/Bledina-Puree-de-pommes-poires-des-6-mois-130-g.jpg","type":"image\/jpeg"}],"twitter_card":"summary_large_image","twitter_misc":{"Est. reading time":"2 minutes"},"schema":{"@context":"https:\/\/schema.org","@graph":[{"@type":"WebPage","@id":"https:\/\/nirigs.com\/product\/bledina-puree-de-pommes-poires-des-6-mois-130-g\/","url":"https:\/\/nirigs.com\/product\/bledina-puree-de-pommes-poires-des-6-mois-130-g\/","name":"Bl\u00e9dina - Pur\u00e9e de pommes poires d\u00e8s 6 mois - 130 g - NIRIGS","isPartOf":{"@id":"https:\/\/nirigs.com\/#website"},"primaryImageOfPage":{"@id":"https:\/\/nirigs.com\/product\/bledina-puree-de-pommes-poires-des-6-mois-130-g\/#primaryimage"},"image":{"@id":"https:\/\/nirigs.com\/product\/bledina-puree-de-pommes-poires-des-6-mois-130-g\/#primaryimage"},"thumbnailUrl":"https:\/\/nirigs.com\/wp-content\/uploads\/2024\/10\/Bledina-Puree-de-pommes-poires-des-6-mois-130-g.jpg","datePublished":"2024-10-06T15:00:52+00:00","dateModified":"2025-03-13T07:46:10+00:00","breadcrumb":{"@id":"https:\/\/nirigs.com\/product\/bledina-puree-de-pommes-poires-des-6-mois-130-g\/#breadcrumb"},"inLanguage":"en-US","potentialAction":[{"@type":"ReadAction","target":["https:\/\/nirigs.com\/product\/bledina-puree-de-pommes-poires-des-6-mois-130-g\/"]}]},{"@type":"ImageObject","inLanguage":"en-US","@id":"https:\/\/nirigs.com\/product\/bledina-puree-de-pommes-poires-des-6-mois-130-g\/#primaryimage","url":"https:\/\/nirigs.com\/wp-content\/uploads\/2024\/10\/Bledina-Puree-de-pommes-poires-des-6-mois-130-g.jpg","contentUrl":"https:\/\/nirigs.com\/wp-content\/uploads\/2024\/10\/Bledina-Puree-de-pommes-poires-des-6-mois-130-g.jpg","width":1000,"height":1000},{"@type":"BreadcrumbList","@id":"https:\/\/nirigs.com\/product\/bledina-puree-de-pommes-poires-des-6-mois-130-g\/#breadcrumb","itemListElement":[{"@type":"ListItem","position":1,"name":"Home","item":"https:\/\/nirigs.com\/"},{"@type":"ListItem","position":2,"name":"Parcourir","item":"https:\/\/nirigs.com\/boutique\/"},{"@type":"ListItem","position":3,"name":"Bl\u00e9dina &#8211; Pur\u00e9e de pommes poires d\u00e8s 6 mois &#8211; 130 g"}]},{"@type":"WebSite","@id":"https:\/\/nirigs.com\/#website","url":"https:\/\/nirigs.com\/","name":"Nirigs.com","description":"Simplifiez vos achats du quotidien \u00e0 Djibouti","publisher":{"@id":"https:\/\/nirigs.com\/#organization"},"potentialAction":[{"@type":"SearchAction","target":{"@type":"EntryPoint","urlTemplate":"https:\/\/nirigs.com\/?s={search_term_string}"},"query-input":{"@type":"PropertyValueSpecification","valueRequired":true,"valueName":"search_term_string"}}],"inLanguage":"en-US"},{"@type":"Organization","@id":"https:\/\/nirigs.com\/#organization","name":"Nirigs","url":"https:\/\/nirigs.com\/","logo":{"@type":"ImageObject","inLanguage":"en-US","@id":"https:\/\/nirigs.com\/#\/schema\/logo\/image\/","url":"https:\/\/nirigs.com\/wp-content\/uploads\/2025\/04\/Design-sans-titre-27.png","contentUrl":"https:\/\/nirigs.com\/wp-content\/uploads\/2025\/04\/Design-sans-titre-27.png","width":500,"height":500,"caption":"Nirigs"},"image":{"@id":"https:\/\/nirigs.com\/#\/schema\/logo\/image\/"}}]}},"brands":[{"id":1176,"name":"Bl\u00e9dina","slug":"bledina"}],"_links":{"self":[{"href":"https:\/\/nirigs.com\/en\/wp-json\/wp\/v2\/product\/23243","targetHints":{"allow":["GET"]}}],"collection":[{"href":"https:\/\/nirigs.com\/en\/wp-json\/wp\/v2\/product"}],"about":[{"href":"https:\/\/nirigs.com\/en\/wp-json\/wp\/v2\/types\/product"}],"replies":[{"embeddable":true,"href":"https:\/\/nirigs.com\/en\/wp-json\/wp\/v2\/comments?post=23243"}],"version-history":[{"count":2,"href":"https:\/\/nirigs.com\/en\/wp-json\/wp\/v2\/product\/23243\/revisions"}],"predecessor-version":[{"id":25636,"href":"https:\/\/nirigs.com\/en\/wp-json\/wp\/v2\/product\/23243\/revisions\/25636"}],"wp:featuredmedia":[{"embeddable":true,"href":"https:\/\/nirigs.com\/en\/wp-json\/wp\/v2\/media\/25634"}],"wp:attachment":[{"href":"https:\/\/nirigs.com\/en\/wp-json\/wp\/v2\/media?parent=23243"}],"wp:term":[{"taxonomy":"pwb-brand","embeddable":true,"href":"https:\/\/nirigs.com\/en\/wp-json\/wp\/v2\/pwb-brand?post=23243"},{"taxonomy":"product_brand","embeddable":true,"href":"https:\/\/nirigs.com\/en\/wp-json\/wp\/v2\/product_brand?post=23243"},{"taxonomy":"product_cat","embeddable":true,"href":"https:\/\/nirigs.com\/en\/wp-json\/wp\/v2\/product_cat?post=23243"},{"taxonomy":"product_tag","embeddable":true,"href":"https:\/\/nirigs.com\/en\/wp-json\/wp\/v2\/product_tag?post=23243"}],"curies":[{"name":"wp","href":"https:\/\/api.w.org\/{rel}","templated":true}]}}