{"id":23221,"date":"2024-10-06T18:00:45","date_gmt":"2024-10-06T15:00:45","guid":{"rendered":"https:\/\/nirigs.com\/produit\/bledina-mini-lactes-fraise-des-6-mois-6x55-g\/"},"modified":"2025-03-13T11:11:07","modified_gmt":"2025-03-13T08:11:07","slug":"bledina-mini-lactes-fraise-des-6-mois-6x55-g","status":"publish","type":"product","link":"https:\/\/nirigs.com\/en\/product\/bledina-mini-lactes-fraise-des-6-mois-6x55-g\/","title":{"rendered":"Bl\u00e9dina - Mini Strawberry Milkshakes from 6 months - 6\u00d755 g"},"content":{"rendered":"<p>Les Mini lact\u00e9s fraise Bl\u00e9dina sont une d\u00e9licieuse et onctueuse pr\u00e9paration destin\u00e9e aux b\u00e9b\u00e9s d\u00e8s 6 mois. Con\u00e7us pour introduire les saveurs sucr\u00e9es tout en pr\u00e9servant la nutrition essentielle, ces mini laits sont parfaits pour \u00e9veiller les papilles des tout-petits. Chaque portion de 55 g est id\u00e9ale pour un dessert l\u00e9ger ou un go\u00fbter nourrissant.<\/p>\n<h4>Ingredients:<\/h4>\n<p>Lait \u00e9cr\u00e9m\u00e9 en poudre r\u00e9hydrat\u00e9 (LAIT) &#8211; Lait ferment\u00e9 pasteuris\u00e9 r\u00e9hydrat\u00e9 (LAIT) &#8211; Eau &#8211; Cr\u00e8me 8,50 % (LAIT) &#8211; Sucre- Pur\u00e9e de fraises 3,50 % &#8211; Amidon transform\u00e9 de ma\u00efs &#8211; Stabilisant : Pectine &#8211; Acidifiant : Acide citrique &#8211; Jus de carottes reconstitu\u00e9 \u00e0 base de jus concentr\u00e9* &#8211; Ar\u00f4me naturel &#8211; Epaississant : Farine de graines de caroube &#8211; Emulsifiant : Monodiglyc\u00e9rides de colza.<\/p>\n<p>* le jus de carotte est utilis\u00e9 pour sa couleur.<\/p>\n<h4>Advantages :<\/h4>\n<ul>\n<li>Suitable for babies: Specially formulated for children from 6 months of age, promoting a smooth transition to solid foods.<\/li>\n<li>Riche en saveurs : Un go\u00fbt sucr\u00e9 de fraise qui ravira les petits gourmets.<\/li>\n<li>Creamy texture: easy for babies to eat and digest.<\/li>\n<li>Source of vitamins: Enriched with essential vitamins to support growth and development.<\/li>\n<\/ul>\n<h4>Manual :<\/h4>\n<p>Do not add sugar. Consume as soon as opened. Do not consume remaining product.<\/p>\n<p>Because after 6 months of age, breast milk or follow-on milk should remain baby's main milk intake, we recommend that you offer baby 1, then gradually 2 cups of Mini milk per day, while respecting his appetite.<\/p>\n<h4>Precautions :<\/h4>\n<ul>\n<li>Do not give to babies under 6 months.<\/li>\n<li>Always check the temperature before giving to the child.<\/li>\n<li>Do not leave child unattended during mealtime.<\/li>\n<li>Store in a cool, dry place, away from direct light.<\/li>\n<\/ul>","protected":false},"excerpt":{"rendered":"<p>Les Mini lact\u00e9s fraise Bl\u00e9dina sont une d\u00e9licieuse et onctueuse pr\u00e9paration destin\u00e9e aux b\u00e9b\u00e9s d\u00e8s 6 mois. Con\u00e7us pour introduire<\/p>","protected":false},"featured_media":25647,"comment_status":"open","ping_status":"closed","template":"","meta":[],"pwb-brand":[1176],"product_brand":[],"product_cat":[1060,274,1064],"product_tag":[],"class_list":{"0":"post-23221","1":"product","2":"type-product","3":"status-publish","4":"has-post-thumbnail","6":"pwb-brand-bledina","7":"product_cat-alimentation-produits-bebes","8":"product_cat-bebe-et-famille","9":"product_cat-gouters-et-desserts","11":"first","12":"instock","13":"shipping-taxable","14":"purchasable","15":"product-type-simple"},"yoast_head":"<!-- This site is optimized with the Yoast SEO plugin v27.1.1 - https:\/\/yoast.com\/product\/yoast-seo-wordpress\/ -->\n<title>Bl\u00e9dina - Mini lact\u00e9s fraise d\u00e8s 6 mois - 6x55 g - NIRIGS<\/title>\n<meta name=\"robots\" content=\"index, follow, max-snippet:-1, max-image-preview:large, max-video-preview:-1\" \/>\n<link rel=\"canonical\" href=\"https:\/\/nirigs.com\/en\/product\/bledina-mini-lactes-fraise-des-6-mois-6x55-g\/\" \/>\n<meta property=\"og:locale\" content=\"en_US\" \/>\n<meta property=\"og:type\" content=\"article\" \/>\n<meta property=\"og:title\" content=\"Bl\u00e9dina - Mini lact\u00e9s fraise d\u00e8s 6 mois - 6x55 g - NIRIGS\" \/>\n<meta property=\"og:description\" content=\"Les Mini lact\u00e9s fraise Bl\u00e9dina sont une d\u00e9licieuse et onctueuse pr\u00e9paration destin\u00e9e aux b\u00e9b\u00e9s d\u00e8s 6 mois. Con\u00e7us pour introduire\" \/>\n<meta property=\"og:url\" content=\"https:\/\/nirigs.com\/en\/product\/bledina-mini-lactes-fraise-des-6-mois-6x55-g\/\" \/>\n<meta property=\"og:site_name\" content=\"NIRIGS\" \/>\n<meta property=\"article:modified_time\" content=\"2025-03-13T08:11:07+00:00\" \/>\n<meta property=\"og:image\" content=\"https:\/\/nirigs.com\/wp-content\/uploads\/2024\/10\/Bledina-Mini-lactes-fraise-des-6-mois-6x55-g.jpg\" \/>\n\t<meta property=\"og:image:width\" content=\"1000\" \/>\n\t<meta property=\"og:image:height\" content=\"1000\" \/>\n\t<meta property=\"og:image:type\" content=\"image\/jpeg\" \/>\n<meta name=\"twitter:card\" content=\"summary_large_image\" \/>\n<meta name=\"twitter:label1\" content=\"Est. reading time\" \/>\n\t<meta name=\"twitter:data1\" content=\"2 minutes\" \/>\n<script type=\"application\/ld+json\" class=\"yoast-schema-graph\">{\"@context\":\"https:\/\/schema.org\",\"@graph\":[{\"@type\":\"WebPage\",\"@id\":\"https:\/\/nirigs.com\/product\/bledina-mini-lactes-fraise-des-6-mois-6x55-g\/\",\"url\":\"https:\/\/nirigs.com\/product\/bledina-mini-lactes-fraise-des-6-mois-6x55-g\/\",\"name\":\"Bl\u00e9dina - Mini lact\u00e9s fraise d\u00e8s 6 mois - 6x55 g - NIRIGS\",\"isPartOf\":{\"@id\":\"https:\/\/nirigs.com\/#website\"},\"primaryImageOfPage\":{\"@id\":\"https:\/\/nirigs.com\/product\/bledina-mini-lactes-fraise-des-6-mois-6x55-g\/#primaryimage\"},\"image\":{\"@id\":\"https:\/\/nirigs.com\/product\/bledina-mini-lactes-fraise-des-6-mois-6x55-g\/#primaryimage\"},\"thumbnailUrl\":\"https:\/\/nirigs.com\/wp-content\/uploads\/2024\/10\/Bledina-Mini-lactes-fraise-des-6-mois-6x55-g.jpg\",\"datePublished\":\"2024-10-06T15:00:45+00:00\",\"dateModified\":\"2025-03-13T08:11:07+00:00\",\"breadcrumb\":{\"@id\":\"https:\/\/nirigs.com\/product\/bledina-mini-lactes-fraise-des-6-mois-6x55-g\/#breadcrumb\"},\"inLanguage\":\"en-US\",\"potentialAction\":[{\"@type\":\"ReadAction\",\"target\":[\"https:\/\/nirigs.com\/product\/bledina-mini-lactes-fraise-des-6-mois-6x55-g\/\"]}]},{\"@type\":\"ImageObject\",\"inLanguage\":\"en-US\",\"@id\":\"https:\/\/nirigs.com\/product\/bledina-mini-lactes-fraise-des-6-mois-6x55-g\/#primaryimage\",\"url\":\"https:\/\/nirigs.com\/wp-content\/uploads\/2024\/10\/Bledina-Mini-lactes-fraise-des-6-mois-6x55-g.jpg\",\"contentUrl\":\"https:\/\/nirigs.com\/wp-content\/uploads\/2024\/10\/Bledina-Mini-lactes-fraise-des-6-mois-6x55-g.jpg\",\"width\":1000,\"height\":1000},{\"@type\":\"BreadcrumbList\",\"@id\":\"https:\/\/nirigs.com\/product\/bledina-mini-lactes-fraise-des-6-mois-6x55-g\/#breadcrumb\",\"itemListElement\":[{\"@type\":\"ListItem\",\"position\":1,\"name\":\"Home\",\"item\":\"https:\/\/nirigs.com\/\"},{\"@type\":\"ListItem\",\"position\":2,\"name\":\"Parcourir\",\"item\":\"https:\/\/nirigs.com\/boutique\/\"},{\"@type\":\"ListItem\",\"position\":3,\"name\":\"Bl\u00e9dina &#8211; Mini lact\u00e9s fraise d\u00e8s 6 mois &#8211; 6&#215;55 g\"}]},{\"@type\":\"WebSite\",\"@id\":\"https:\/\/nirigs.com\/#website\",\"url\":\"https:\/\/nirigs.com\/\",\"name\":\"Nirigs.com\",\"description\":\"Simplifiez vos achats du quotidien \u00e0 Djibouti\",\"publisher\":{\"@id\":\"https:\/\/nirigs.com\/#organization\"},\"potentialAction\":[{\"@type\":\"SearchAction\",\"target\":{\"@type\":\"EntryPoint\",\"urlTemplate\":\"https:\/\/nirigs.com\/?s={search_term_string}\"},\"query-input\":{\"@type\":\"PropertyValueSpecification\",\"valueRequired\":true,\"valueName\":\"search_term_string\"}}],\"inLanguage\":\"en-US\"},{\"@type\":\"Organization\",\"@id\":\"https:\/\/nirigs.com\/#organization\",\"name\":\"Nirigs\",\"url\":\"https:\/\/nirigs.com\/\",\"logo\":{\"@type\":\"ImageObject\",\"inLanguage\":\"en-US\",\"@id\":\"https:\/\/nirigs.com\/#\/schema\/logo\/image\/\",\"url\":\"https:\/\/nirigs.com\/wp-content\/uploads\/2025\/04\/Design-sans-titre-27.png\",\"contentUrl\":\"https:\/\/nirigs.com\/wp-content\/uploads\/2025\/04\/Design-sans-titre-27.png\",\"width\":500,\"height\":500,\"caption\":\"Nirigs\"},\"image\":{\"@id\":\"https:\/\/nirigs.com\/#\/schema\/logo\/image\/\"}}]}<\/script>\n<!-- \/ Yoast SEO plugin. -->","yoast_head_json":{"title":"Bl\u00e9dina - Mini lact\u00e9s fraise d\u00e8s 6 mois - 6x55 g - NIRIGS","robots":{"index":"index","follow":"follow","max-snippet":"max-snippet:-1","max-image-preview":"max-image-preview:large","max-video-preview":"max-video-preview:-1"},"canonical":"https:\/\/nirigs.com\/en\/product\/bledina-mini-lactes-fraise-des-6-mois-6x55-g\/","og_locale":"en_US","og_type":"article","og_title":"Bl\u00e9dina - Mini lact\u00e9s fraise d\u00e8s 6 mois - 6x55 g - NIRIGS","og_description":"Les Mini lact\u00e9s fraise Bl\u00e9dina sont une d\u00e9licieuse et onctueuse pr\u00e9paration destin\u00e9e aux b\u00e9b\u00e9s d\u00e8s 6 mois. Con\u00e7us pour introduire","og_url":"https:\/\/nirigs.com\/en\/product\/bledina-mini-lactes-fraise-des-6-mois-6x55-g\/","og_site_name":"NIRIGS","article_modified_time":"2025-03-13T08:11:07+00:00","og_image":[{"width":1000,"height":1000,"url":"https:\/\/nirigs.com\/wp-content\/uploads\/2024\/10\/Bledina-Mini-lactes-fraise-des-6-mois-6x55-g.jpg","type":"image\/jpeg"}],"twitter_card":"summary_large_image","twitter_misc":{"Est. reading time":"2 minutes"},"schema":{"@context":"https:\/\/schema.org","@graph":[{"@type":"WebPage","@id":"https:\/\/nirigs.com\/product\/bledina-mini-lactes-fraise-des-6-mois-6x55-g\/","url":"https:\/\/nirigs.com\/product\/bledina-mini-lactes-fraise-des-6-mois-6x55-g\/","name":"Bl\u00e9dina - Mini lact\u00e9s fraise d\u00e8s 6 mois - 6x55 g - NIRIGS","isPartOf":{"@id":"https:\/\/nirigs.com\/#website"},"primaryImageOfPage":{"@id":"https:\/\/nirigs.com\/product\/bledina-mini-lactes-fraise-des-6-mois-6x55-g\/#primaryimage"},"image":{"@id":"https:\/\/nirigs.com\/product\/bledina-mini-lactes-fraise-des-6-mois-6x55-g\/#primaryimage"},"thumbnailUrl":"https:\/\/nirigs.com\/wp-content\/uploads\/2024\/10\/Bledina-Mini-lactes-fraise-des-6-mois-6x55-g.jpg","datePublished":"2024-10-06T15:00:45+00:00","dateModified":"2025-03-13T08:11:07+00:00","breadcrumb":{"@id":"https:\/\/nirigs.com\/product\/bledina-mini-lactes-fraise-des-6-mois-6x55-g\/#breadcrumb"},"inLanguage":"en-US","potentialAction":[{"@type":"ReadAction","target":["https:\/\/nirigs.com\/product\/bledina-mini-lactes-fraise-des-6-mois-6x55-g\/"]}]},{"@type":"ImageObject","inLanguage":"en-US","@id":"https:\/\/nirigs.com\/product\/bledina-mini-lactes-fraise-des-6-mois-6x55-g\/#primaryimage","url":"https:\/\/nirigs.com\/wp-content\/uploads\/2024\/10\/Bledina-Mini-lactes-fraise-des-6-mois-6x55-g.jpg","contentUrl":"https:\/\/nirigs.com\/wp-content\/uploads\/2024\/10\/Bledina-Mini-lactes-fraise-des-6-mois-6x55-g.jpg","width":1000,"height":1000},{"@type":"BreadcrumbList","@id":"https:\/\/nirigs.com\/product\/bledina-mini-lactes-fraise-des-6-mois-6x55-g\/#breadcrumb","itemListElement":[{"@type":"ListItem","position":1,"name":"Home","item":"https:\/\/nirigs.com\/"},{"@type":"ListItem","position":2,"name":"Parcourir","item":"https:\/\/nirigs.com\/boutique\/"},{"@type":"ListItem","position":3,"name":"Bl\u00e9dina &#8211; Mini lact\u00e9s fraise d\u00e8s 6 mois &#8211; 6&#215;55 g"}]},{"@type":"WebSite","@id":"https:\/\/nirigs.com\/#website","url":"https:\/\/nirigs.com\/","name":"Nirigs.com","description":"Simplifiez vos achats du quotidien \u00e0 Djibouti","publisher":{"@id":"https:\/\/nirigs.com\/#organization"},"potentialAction":[{"@type":"SearchAction","target":{"@type":"EntryPoint","urlTemplate":"https:\/\/nirigs.com\/?s={search_term_string}"},"query-input":{"@type":"PropertyValueSpecification","valueRequired":true,"valueName":"search_term_string"}}],"inLanguage":"en-US"},{"@type":"Organization","@id":"https:\/\/nirigs.com\/#organization","name":"Nirigs","url":"https:\/\/nirigs.com\/","logo":{"@type":"ImageObject","inLanguage":"en-US","@id":"https:\/\/nirigs.com\/#\/schema\/logo\/image\/","url":"https:\/\/nirigs.com\/wp-content\/uploads\/2025\/04\/Design-sans-titre-27.png","contentUrl":"https:\/\/nirigs.com\/wp-content\/uploads\/2025\/04\/Design-sans-titre-27.png","width":500,"height":500,"caption":"Nirigs"},"image":{"@id":"https:\/\/nirigs.com\/#\/schema\/logo\/image\/"}}]}},"brands":[{"id":1176,"name":"Bl\u00e9dina","slug":"bledina"}],"_links":{"self":[{"href":"https:\/\/nirigs.com\/en\/wp-json\/wp\/v2\/product\/23221","targetHints":{"allow":["GET"]}}],"collection":[{"href":"https:\/\/nirigs.com\/en\/wp-json\/wp\/v2\/product"}],"about":[{"href":"https:\/\/nirigs.com\/en\/wp-json\/wp\/v2\/types\/product"}],"replies":[{"embeddable":true,"href":"https:\/\/nirigs.com\/en\/wp-json\/wp\/v2\/comments?post=23221"}],"version-history":[{"count":4,"href":"https:\/\/nirigs.com\/en\/wp-json\/wp\/v2\/product\/23221\/revisions"}],"predecessor-version":[{"id":25668,"href":"https:\/\/nirigs.com\/en\/wp-json\/wp\/v2\/product\/23221\/revisions\/25668"}],"wp:featuredmedia":[{"embeddable":true,"href":"https:\/\/nirigs.com\/en\/wp-json\/wp\/v2\/media\/25647"}],"wp:attachment":[{"href":"https:\/\/nirigs.com\/en\/wp-json\/wp\/v2\/media?parent=23221"}],"wp:term":[{"taxonomy":"pwb-brand","embeddable":true,"href":"https:\/\/nirigs.com\/en\/wp-json\/wp\/v2\/pwb-brand?post=23221"},{"taxonomy":"product_brand","embeddable":true,"href":"https:\/\/nirigs.com\/en\/wp-json\/wp\/v2\/product_brand?post=23221"},{"taxonomy":"product_cat","embeddable":true,"href":"https:\/\/nirigs.com\/en\/wp-json\/wp\/v2\/product_cat?post=23221"},{"taxonomy":"product_tag","embeddable":true,"href":"https:\/\/nirigs.com\/en\/wp-json\/wp\/v2\/product_tag?post=23221"}],"curies":[{"name":"wp","href":"https:\/\/api.w.org\/{rel}","templated":true}]}}