{"id":23159,"date":"2024-10-06T18:00:22","date_gmt":"2024-10-06T15:00:22","guid":{"rendered":"https:\/\/nirigs.com\/produit\/virginia-green-garden-miel-naturel-400-g\/"},"modified":"2025-03-13T12:03:02","modified_gmt":"2025-03-13T09:03:02","slug":"virginia-green-garden-miel-naturel-400-g","status":"publish","type":"product","link":"https:\/\/nirigs.com\/en\/product\/virginia-green-garden-miel-naturel-400-g\/","title":{"rendered":"Virginia green garden - Natural Honey - 400 g"},"content":{"rendered":"<p>Le miel naturel Virginia Green Garden est un miel pur, 100% naturel, r\u00e9colt\u00e9 avec soin pour pr\u00e9server toutes ses qualit\u00e9s nutritionnelles. Issu de fleurs s\u00e9lectionn\u00e9es, il est id\u00e9al pour adoucir vos boissons, vos p\u00e2tisseries ou \u00e0 d\u00e9guster \u00e0 la cuill\u00e8re pour une touche de douceur.<\/p>\n<h4>Ingredients:<\/h4>\n<p>Miel 100% pur, sans additifs ni conservateurs.<\/p>\n<h4>Advantages:<\/h4>\n<ul>\n<li>100% naturel: Aucun traitement chimique ou additif ajout\u00e9.<\/li>\n<li>Riche en antioxydants: Contribue \u00e0 la lutte contre les radicaux libres.<\/li>\n<li>Source d\u2019\u00e9nergie naturelle: Apport rapide de glucides pour un regain d&rsquo;\u00e9nergie.<\/li>\n<li>Propri\u00e9t\u00e9s antibact\u00e9riennes et apaisantes: Id\u00e9al pour apaiser les maux de gorge et soutenir le syst\u00e8me immunitaire.<\/li>\n<\/ul>\n<h4>Instructions for use:<\/h4>\n<ol>\n<li>Utilisation: \u00c0 consommer tel quel, ou ajouter \u00e0 vos boissons chaudes, yaourts, c\u00e9r\u00e9ales, ou desserts.<\/li>\n<li>Conseil: Ne pas chauffer le miel \u00e0 plus de 40\u00b0C pour pr\u00e9server toutes ses propri\u00e9t\u00e9s.<\/li>\n<\/ol>\n<h4>Pr\u00e9cautions:<\/h4>\n<ul>\n<li>\u00c0 conserver dans un endroit frais et sec, \u00e0 l\u2019abri de la lumi\u00e8re directe.<\/li>\n<li>Ne pas donner aux nourrissons de moins de 1 an en raison du risque de botulisme infantile.<\/li>\n<li>Bien refermer le pot apr\u00e8s chaque utilisation pour \u00e9viter l&rsquo;humidit\u00e9.<\/li>\n<\/ul>","protected":false},"excerpt":{"rendered":"<p>Le miel naturel Virginia Green Garden est un miel pur, 100% naturel, r\u00e9colt\u00e9 avec soin pour pr\u00e9server toutes ses qualit\u00e9s<\/p>","protected":false},"featured_media":26166,"comment_status":"open","ping_status":"closed","template":"","meta":[],"pwb-brand":[1244],"product_brand":[],"product_cat":[944,275,945],"product_tag":[],"class_list":{"0":"post-23159","1":"product","2":"type-product","3":"status-publish","4":"has-post-thumbnail","6":"pwb-brand-virginia-green-garden","7":"product_cat-confiture-miel-et-pate-a-tartiner","8":"product_cat-epicerie","9":"product_cat-miel-confiture-miel-et-pate-a-tartiner","11":"first","12":"instock","13":"shipping-taxable","14":"purchasable","15":"product-type-simple"},"yoast_head":"<!-- This site is optimized with the Yoast SEO plugin v27.1.1 - https:\/\/yoast.com\/product\/yoast-seo-wordpress\/ -->\n<title>Virginia green garden - Miel naturel - 400 g - NIRIGS<\/title>\n<meta name=\"robots\" content=\"index, follow, max-snippet:-1, max-image-preview:large, max-video-preview:-1\" \/>\n<link rel=\"canonical\" href=\"https:\/\/nirigs.com\/en\/product\/virginia-green-garden-miel-naturel-400-g\/\" \/>\n<meta property=\"og:locale\" content=\"en_US\" \/>\n<meta property=\"og:type\" content=\"article\" \/>\n<meta property=\"og:title\" content=\"Virginia green garden - Miel naturel - 400 g - NIRIGS\" \/>\n<meta property=\"og:description\" content=\"Le miel naturel Virginia Green Garden est un miel pur, 100% naturel, r\u00e9colt\u00e9 avec soin pour pr\u00e9server toutes ses qualit\u00e9s\" \/>\n<meta property=\"og:url\" content=\"https:\/\/nirigs.com\/en\/product\/virginia-green-garden-miel-naturel-400-g\/\" \/>\n<meta property=\"og:site_name\" content=\"NIRIGS\" \/>\n<meta property=\"article:modified_time\" content=\"2025-03-13T09:03:02+00:00\" \/>\n<meta property=\"og:image\" content=\"https:\/\/nirigs.com\/wp-content\/uploads\/2024\/10\/Virginia-green-garden-Miel-naturel-400-g.jpg\" \/>\n\t<meta property=\"og:image:width\" content=\"1000\" \/>\n\t<meta property=\"og:image:height\" content=\"1000\" \/>\n\t<meta property=\"og:image:type\" content=\"image\/jpeg\" \/>\n<meta name=\"twitter:card\" content=\"summary_large_image\" \/>\n<meta name=\"twitter:label1\" content=\"Est. reading time\" \/>\n\t<meta name=\"twitter:data1\" content=\"1 minute\" \/>\n<script type=\"application\/ld+json\" class=\"yoast-schema-graph\">{\"@context\":\"https:\/\/schema.org\",\"@graph\":[{\"@type\":\"WebPage\",\"@id\":\"https:\/\/nirigs.com\/product\/virginia-green-garden-miel-naturel-400-g\/\",\"url\":\"https:\/\/nirigs.com\/product\/virginia-green-garden-miel-naturel-400-g\/\",\"name\":\"Virginia green garden - Miel naturel - 400 g - NIRIGS\",\"isPartOf\":{\"@id\":\"https:\/\/nirigs.com\/#website\"},\"primaryImageOfPage\":{\"@id\":\"https:\/\/nirigs.com\/product\/virginia-green-garden-miel-naturel-400-g\/#primaryimage\"},\"image\":{\"@id\":\"https:\/\/nirigs.com\/product\/virginia-green-garden-miel-naturel-400-g\/#primaryimage\"},\"thumbnailUrl\":\"https:\/\/nirigs.com\/wp-content\/uploads\/2024\/10\/Virginia-green-garden-Miel-naturel-400-g.jpg\",\"datePublished\":\"2024-10-06T15:00:22+00:00\",\"dateModified\":\"2025-03-13T09:03:02+00:00\",\"breadcrumb\":{\"@id\":\"https:\/\/nirigs.com\/product\/virginia-green-garden-miel-naturel-400-g\/#breadcrumb\"},\"inLanguage\":\"en-US\",\"potentialAction\":[{\"@type\":\"ReadAction\",\"target\":[\"https:\/\/nirigs.com\/product\/virginia-green-garden-miel-naturel-400-g\/\"]}]},{\"@type\":\"ImageObject\",\"inLanguage\":\"en-US\",\"@id\":\"https:\/\/nirigs.com\/product\/virginia-green-garden-miel-naturel-400-g\/#primaryimage\",\"url\":\"https:\/\/nirigs.com\/wp-content\/uploads\/2024\/10\/Virginia-green-garden-Miel-naturel-400-g.jpg\",\"contentUrl\":\"https:\/\/nirigs.com\/wp-content\/uploads\/2024\/10\/Virginia-green-garden-Miel-naturel-400-g.jpg\",\"width\":1000,\"height\":1000},{\"@type\":\"BreadcrumbList\",\"@id\":\"https:\/\/nirigs.com\/product\/virginia-green-garden-miel-naturel-400-g\/#breadcrumb\",\"itemListElement\":[{\"@type\":\"ListItem\",\"position\":1,\"name\":\"Home\",\"item\":\"https:\/\/nirigs.com\/\"},{\"@type\":\"ListItem\",\"position\":2,\"name\":\"Parcourir\",\"item\":\"https:\/\/nirigs.com\/boutique\/\"},{\"@type\":\"ListItem\",\"position\":3,\"name\":\"Virginia green garden &#8211; Miel naturel &#8211; 400 g\"}]},{\"@type\":\"WebSite\",\"@id\":\"https:\/\/nirigs.com\/#website\",\"url\":\"https:\/\/nirigs.com\/\",\"name\":\"Nirigs.com\",\"description\":\"Simplifiez vos achats du quotidien \u00e0 Djibouti\",\"publisher\":{\"@id\":\"https:\/\/nirigs.com\/#organization\"},\"potentialAction\":[{\"@type\":\"SearchAction\",\"target\":{\"@type\":\"EntryPoint\",\"urlTemplate\":\"https:\/\/nirigs.com\/?s={search_term_string}\"},\"query-input\":{\"@type\":\"PropertyValueSpecification\",\"valueRequired\":true,\"valueName\":\"search_term_string\"}}],\"inLanguage\":\"en-US\"},{\"@type\":\"Organization\",\"@id\":\"https:\/\/nirigs.com\/#organization\",\"name\":\"Nirigs\",\"url\":\"https:\/\/nirigs.com\/\",\"logo\":{\"@type\":\"ImageObject\",\"inLanguage\":\"en-US\",\"@id\":\"https:\/\/nirigs.com\/#\/schema\/logo\/image\/\",\"url\":\"https:\/\/nirigs.com\/wp-content\/uploads\/2025\/04\/Design-sans-titre-27.png\",\"contentUrl\":\"https:\/\/nirigs.com\/wp-content\/uploads\/2025\/04\/Design-sans-titre-27.png\",\"width\":500,\"height\":500,\"caption\":\"Nirigs\"},\"image\":{\"@id\":\"https:\/\/nirigs.com\/#\/schema\/logo\/image\/\"}}]}<\/script>\n<!-- \/ Yoast SEO plugin. -->","yoast_head_json":{"title":"Virginia green garden - Miel naturel - 400 g - NIRIGS","robots":{"index":"index","follow":"follow","max-snippet":"max-snippet:-1","max-image-preview":"max-image-preview:large","max-video-preview":"max-video-preview:-1"},"canonical":"https:\/\/nirigs.com\/en\/product\/virginia-green-garden-miel-naturel-400-g\/","og_locale":"en_US","og_type":"article","og_title":"Virginia green garden - Miel naturel - 400 g - NIRIGS","og_description":"Le miel naturel Virginia Green Garden est un miel pur, 100% naturel, r\u00e9colt\u00e9 avec soin pour pr\u00e9server toutes ses qualit\u00e9s","og_url":"https:\/\/nirigs.com\/en\/product\/virginia-green-garden-miel-naturel-400-g\/","og_site_name":"NIRIGS","article_modified_time":"2025-03-13T09:03:02+00:00","og_image":[{"width":1000,"height":1000,"url":"https:\/\/nirigs.com\/wp-content\/uploads\/2024\/10\/Virginia-green-garden-Miel-naturel-400-g.jpg","type":"image\/jpeg"}],"twitter_card":"summary_large_image","twitter_misc":{"Est. reading time":"1 minute"},"schema":{"@context":"https:\/\/schema.org","@graph":[{"@type":"WebPage","@id":"https:\/\/nirigs.com\/product\/virginia-green-garden-miel-naturel-400-g\/","url":"https:\/\/nirigs.com\/product\/virginia-green-garden-miel-naturel-400-g\/","name":"Virginia green garden - Miel naturel - 400 g - NIRIGS","isPartOf":{"@id":"https:\/\/nirigs.com\/#website"},"primaryImageOfPage":{"@id":"https:\/\/nirigs.com\/product\/virginia-green-garden-miel-naturel-400-g\/#primaryimage"},"image":{"@id":"https:\/\/nirigs.com\/product\/virginia-green-garden-miel-naturel-400-g\/#primaryimage"},"thumbnailUrl":"https:\/\/nirigs.com\/wp-content\/uploads\/2024\/10\/Virginia-green-garden-Miel-naturel-400-g.jpg","datePublished":"2024-10-06T15:00:22+00:00","dateModified":"2025-03-13T09:03:02+00:00","breadcrumb":{"@id":"https:\/\/nirigs.com\/product\/virginia-green-garden-miel-naturel-400-g\/#breadcrumb"},"inLanguage":"en-US","potentialAction":[{"@type":"ReadAction","target":["https:\/\/nirigs.com\/product\/virginia-green-garden-miel-naturel-400-g\/"]}]},{"@type":"ImageObject","inLanguage":"en-US","@id":"https:\/\/nirigs.com\/product\/virginia-green-garden-miel-naturel-400-g\/#primaryimage","url":"https:\/\/nirigs.com\/wp-content\/uploads\/2024\/10\/Virginia-green-garden-Miel-naturel-400-g.jpg","contentUrl":"https:\/\/nirigs.com\/wp-content\/uploads\/2024\/10\/Virginia-green-garden-Miel-naturel-400-g.jpg","width":1000,"height":1000},{"@type":"BreadcrumbList","@id":"https:\/\/nirigs.com\/product\/virginia-green-garden-miel-naturel-400-g\/#breadcrumb","itemListElement":[{"@type":"ListItem","position":1,"name":"Home","item":"https:\/\/nirigs.com\/"},{"@type":"ListItem","position":2,"name":"Parcourir","item":"https:\/\/nirigs.com\/boutique\/"},{"@type":"ListItem","position":3,"name":"Virginia green garden &#8211; Miel naturel &#8211; 400 g"}]},{"@type":"WebSite","@id":"https:\/\/nirigs.com\/#website","url":"https:\/\/nirigs.com\/","name":"Nirigs.com","description":"Simplifiez vos achats du quotidien \u00e0 Djibouti","publisher":{"@id":"https:\/\/nirigs.com\/#organization"},"potentialAction":[{"@type":"SearchAction","target":{"@type":"EntryPoint","urlTemplate":"https:\/\/nirigs.com\/?s={search_term_string}"},"query-input":{"@type":"PropertyValueSpecification","valueRequired":true,"valueName":"search_term_string"}}],"inLanguage":"en-US"},{"@type":"Organization","@id":"https:\/\/nirigs.com\/#organization","name":"Nirigs","url":"https:\/\/nirigs.com\/","logo":{"@type":"ImageObject","inLanguage":"en-US","@id":"https:\/\/nirigs.com\/#\/schema\/logo\/image\/","url":"https:\/\/nirigs.com\/wp-content\/uploads\/2025\/04\/Design-sans-titre-27.png","contentUrl":"https:\/\/nirigs.com\/wp-content\/uploads\/2025\/04\/Design-sans-titre-27.png","width":500,"height":500,"caption":"Nirigs"},"image":{"@id":"https:\/\/nirigs.com\/#\/schema\/logo\/image\/"}}]}},"brands":[{"id":1244,"name":"Virginia green garden","slug":"virginia-green-garden"}],"_links":{"self":[{"href":"https:\/\/nirigs.com\/en\/wp-json\/wp\/v2\/product\/23159","targetHints":{"allow":["GET"]}}],"collection":[{"href":"https:\/\/nirigs.com\/en\/wp-json\/wp\/v2\/product"}],"about":[{"href":"https:\/\/nirigs.com\/en\/wp-json\/wp\/v2\/types\/product"}],"replies":[{"embeddable":true,"href":"https:\/\/nirigs.com\/en\/wp-json\/wp\/v2\/comments?post=23159"}],"version-history":[{"count":3,"href":"https:\/\/nirigs.com\/en\/wp-json\/wp\/v2\/product\/23159\/revisions"}],"predecessor-version":[{"id":26182,"href":"https:\/\/nirigs.com\/en\/wp-json\/wp\/v2\/product\/23159\/revisions\/26182"}],"wp:featuredmedia":[{"embeddable":true,"href":"https:\/\/nirigs.com\/en\/wp-json\/wp\/v2\/media\/26166"}],"wp:attachment":[{"href":"https:\/\/nirigs.com\/en\/wp-json\/wp\/v2\/media?parent=23159"}],"wp:term":[{"taxonomy":"pwb-brand","embeddable":true,"href":"https:\/\/nirigs.com\/en\/wp-json\/wp\/v2\/pwb-brand?post=23159"},{"taxonomy":"product_brand","embeddable":true,"href":"https:\/\/nirigs.com\/en\/wp-json\/wp\/v2\/product_brand?post=23159"},{"taxonomy":"product_cat","embeddable":true,"href":"https:\/\/nirigs.com\/en\/wp-json\/wp\/v2\/product_cat?post=23159"},{"taxonomy":"product_tag","embeddable":true,"href":"https:\/\/nirigs.com\/en\/wp-json\/wp\/v2\/product_tag?post=23159"}],"curies":[{"name":"wp","href":"https:\/\/api.w.org\/{rel}","templated":true}]}}