{"id":23145,"date":"2024-10-06T18:00:15","date_gmt":"2024-10-06T15:00:15","guid":{"rendered":"https:\/\/nirigs.com\/produit\/grandmere-cafe-moulu-familial-genereux-250-g\/"},"modified":"2025-03-13T12:12:07","modified_gmt":"2025-03-13T09:12:07","slug":"grandmere-cafe-moulu-familial-genereux-250-g","status":"publish","type":"product","link":"https:\/\/nirigs.com\/en\/product\/grandmere-cafe-moulu-familial-genereux-250-g\/","title":{"rendered":"Grand&rsquo;M\u00e8re &#8211; Caf\u00e9 moulu familial g\u00e9n\u00e9reux &#8211; 250 g"},"content":{"rendered":"<p>Le caf\u00e9 Grand&rsquo;M\u00e8re Familial G\u00e9n\u00e9reux est un caf\u00e9 moulu \u00e0 la saveur douce et \u00e9quilibr\u00e9e. Id\u00e9al pour toute la famille, il offre une exp\u00e9rience de d\u00e9gustation authentique, marqu\u00e9e par des notes aromatiques riches. Pr\u00e9par\u00e9 \u00e0 partir de grains de caf\u00e9 soigneusement s\u00e9lectionn\u00e9s, ce caf\u00e9 convient parfaitement pour accompagner vos moments de convivialit\u00e9, du petit-d\u00e9jeuner \u00e0 la fin du repas. Un caf\u00e9 chaleureux qui invite \u00e0 partager.<\/p>\n<h4>Ingredients:<\/h4>\n<p>100% caf\u00e9 moulu pur Arabica et Robusta.<\/p>\n<h4>Advantages :<\/h4>\n<ul>\n<li>Ar\u00f4me g\u00e9n\u00e9reux : Un caf\u00e9 aux notes \u00e9quilibr\u00e9es et riches, parfait pour plaire \u00e0 toute la famille.<\/li>\n<li>Polyvalence : Convient pour diverses m\u00e9thodes de pr\u00e9paration (cafeti\u00e8re \u00e0 filtre, percolateur, etc.).<\/li>\n<li>Grains s\u00e9lectionn\u00e9s : Fabriqu\u00e9 \u00e0 partir de grains de caf\u00e9 de haute qualit\u00e9, soigneusement torr\u00e9fi\u00e9s pour offrir un go\u00fbt authentique et r\u00e9confortant.<\/li>\n<li>Format pratique : Ce format de 250 g est id\u00e9al pour une consommation r\u00e9guli\u00e8re \u00e0 la maison.<\/li>\n<\/ul>\n<h4>Manual :<\/h4>\n<ol>\n<li>Utilisez 1 \u00e0 2 cuill\u00e8res \u00e0 soupe de caf\u00e9 moulu par tasse selon votre pr\u00e9f\u00e9rence.<\/li>\n<li>Versez de l&rsquo;eau chaude ou faites passer \u00e0 la cafeti\u00e8re selon votre m\u00e9thode habituelle.<\/li>\n<li>Laissez infuser ou passez au filtre.<\/li>\n<li>Savourez votre caf\u00e9 Grand&rsquo;M\u00e8re, seul ou accompagn\u00e9 de sucre et\/ou de lait selon vos go\u00fbts.<\/li>\n<\/ol>\n<h4>Precautions :<\/h4>\n<ul>\n<li>Conserver dans un endroit frais et sec, \u00e0 l\u2019abri de la lumi\u00e8re et de l\u2019humidit\u00e9 pour pr\u00e9server la fra\u00eecheur.<\/li>\n<li>Une fois ouvert, il est conseill\u00e9 de bien refermer le paquet ou de transf\u00e9rer le caf\u00e9 dans une bo\u00eete herm\u00e9tique pour une meilleure conservation de ses ar\u00f4mes.<\/li>\n<li>Tenir hors de la port\u00e9e des enfants pour \u00e9viter toute ingestion accidentelle de caf\u00e9 moulu.<\/li>\n<\/ul>","protected":false},"excerpt":{"rendered":"<p>Le caf\u00e9 Grand&rsquo;M\u00e8re Familial G\u00e9n\u00e9reux est un caf\u00e9 moulu \u00e0 la saveur douce et \u00e9quilibr\u00e9e. Id\u00e9al pour toute la famille,<\/p>","protected":false},"featured_media":26216,"comment_status":"open","ping_status":"closed","template":"","meta":[],"pwb-brand":[1248],"product_brand":[],"product_cat":[940,1249,929,275],"product_tag":[],"class_list":{"0":"post-23145","1":"product","2":"type-product","3":"status-publish","4":"has-post-thumbnail","6":"pwb-brand-grandmere","7":"product_cat-cafe","8":"product_cat-cafe-moulu","9":"product_cat-cafe-the-et-boissons","10":"product_cat-epicerie","12":"first","13":"instock","14":"shipping-taxable","15":"purchasable","16":"product-type-simple"},"yoast_head":"<!-- This site is optimized with the Yoast SEO plugin v27.1.1 - https:\/\/yoast.com\/product\/yoast-seo-wordpress\/ -->\n<title>Grand&#039;M\u00e8re - Caf\u00e9 moulu familial g\u00e9n\u00e9reux - 250 g - NIRIGS<\/title>\n<meta name=\"robots\" content=\"index, follow, max-snippet:-1, max-image-preview:large, max-video-preview:-1\" \/>\n<link rel=\"canonical\" href=\"https:\/\/nirigs.com\/en\/product\/grandmere-cafe-moulu-familial-genereux-250-g\/\" \/>\n<meta property=\"og:locale\" content=\"en_US\" \/>\n<meta property=\"og:type\" content=\"article\" \/>\n<meta property=\"og:title\" content=\"Grand&#039;M\u00e8re - Caf\u00e9 moulu familial g\u00e9n\u00e9reux - 250 g - NIRIGS\" \/>\n<meta property=\"og:description\" content=\"Le caf\u00e9 Grand&rsquo;M\u00e8re Familial G\u00e9n\u00e9reux est un caf\u00e9 moulu \u00e0 la saveur douce et \u00e9quilibr\u00e9e. Id\u00e9al pour toute la famille,\" \/>\n<meta property=\"og:url\" content=\"https:\/\/nirigs.com\/en\/product\/grandmere-cafe-moulu-familial-genereux-250-g\/\" \/>\n<meta property=\"og:site_name\" content=\"NIRIGS\" \/>\n<meta property=\"article:modified_time\" content=\"2025-03-13T09:12:07+00:00\" \/>\n<meta property=\"og:image\" content=\"https:\/\/nirigs.com\/wp-content\/uploads\/2024\/10\/GrandMere-Cafe-moulu-familial-genereux-250-g.jpg\" \/>\n\t<meta property=\"og:image:width\" content=\"1000\" \/>\n\t<meta property=\"og:image:height\" content=\"1000\" \/>\n\t<meta property=\"og:image:type\" content=\"image\/jpeg\" \/>\n<meta name=\"twitter:card\" content=\"summary_large_image\" \/>\n<meta name=\"twitter:label1\" content=\"Est. reading time\" \/>\n\t<meta name=\"twitter:data1\" content=\"1 minute\" \/>\n<script type=\"application\/ld+json\" class=\"yoast-schema-graph\">{\"@context\":\"https:\/\/schema.org\",\"@graph\":[{\"@type\":\"WebPage\",\"@id\":\"https:\/\/nirigs.com\/ar\/product\/grandmere-cafe-moulu-familial-genereux-250-g\/\",\"url\":\"https:\/\/nirigs.com\/ar\/product\/grandmere-cafe-moulu-familial-genereux-250-g\/\",\"name\":\"Grand'M\u00e8re - Caf\u00e9 moulu familial g\u00e9n\u00e9reux - 250 g - NIRIGS\",\"isPartOf\":{\"@id\":\"https:\/\/nirigs.com\/#website\"},\"primaryImageOfPage\":{\"@id\":\"https:\/\/nirigs.com\/ar\/product\/grandmere-cafe-moulu-familial-genereux-250-g\/#primaryimage\"},\"image\":{\"@id\":\"https:\/\/nirigs.com\/ar\/product\/grandmere-cafe-moulu-familial-genereux-250-g\/#primaryimage\"},\"thumbnailUrl\":\"https:\/\/nirigs.com\/wp-content\/uploads\/2024\/10\/GrandMere-Cafe-moulu-familial-genereux-250-g.jpg\",\"datePublished\":\"2024-10-06T15:00:15+00:00\",\"dateModified\":\"2025-03-13T09:12:07+00:00\",\"breadcrumb\":{\"@id\":\"https:\/\/nirigs.com\/ar\/product\/grandmere-cafe-moulu-familial-genereux-250-g\/#breadcrumb\"},\"inLanguage\":\"en-US\",\"potentialAction\":[{\"@type\":\"ReadAction\",\"target\":[\"https:\/\/nirigs.com\/ar\/product\/grandmere-cafe-moulu-familial-genereux-250-g\/\"]}]},{\"@type\":\"ImageObject\",\"inLanguage\":\"en-US\",\"@id\":\"https:\/\/nirigs.com\/ar\/product\/grandmere-cafe-moulu-familial-genereux-250-g\/#primaryimage\",\"url\":\"https:\/\/nirigs.com\/wp-content\/uploads\/2024\/10\/GrandMere-Cafe-moulu-familial-genereux-250-g.jpg\",\"contentUrl\":\"https:\/\/nirigs.com\/wp-content\/uploads\/2024\/10\/GrandMere-Cafe-moulu-familial-genereux-250-g.jpg\",\"width\":1000,\"height\":1000},{\"@type\":\"BreadcrumbList\",\"@id\":\"https:\/\/nirigs.com\/ar\/product\/grandmere-cafe-moulu-familial-genereux-250-g\/#breadcrumb\",\"itemListElement\":[{\"@type\":\"ListItem\",\"position\":1,\"name\":\"Home\",\"item\":\"https:\/\/nirigs.com\/\"},{\"@type\":\"ListItem\",\"position\":2,\"name\":\"Parcourir\",\"item\":\"https:\/\/nirigs.com\/boutique\/\"},{\"@type\":\"ListItem\",\"position\":3,\"name\":\"Grand&rsquo;M\u00e8re &#8211; Caf\u00e9 moulu familial g\u00e9n\u00e9reux &#8211; 250 g\"}]},{\"@type\":\"WebSite\",\"@id\":\"https:\/\/nirigs.com\/#website\",\"url\":\"https:\/\/nirigs.com\/\",\"name\":\"Nirigs.com\",\"description\":\"Simplifiez vos achats du quotidien \u00e0 Djibouti\",\"publisher\":{\"@id\":\"https:\/\/nirigs.com\/#organization\"},\"potentialAction\":[{\"@type\":\"SearchAction\",\"target\":{\"@type\":\"EntryPoint\",\"urlTemplate\":\"https:\/\/nirigs.com\/?s={search_term_string}\"},\"query-input\":{\"@type\":\"PropertyValueSpecification\",\"valueRequired\":true,\"valueName\":\"search_term_string\"}}],\"inLanguage\":\"en-US\"},{\"@type\":\"Organization\",\"@id\":\"https:\/\/nirigs.com\/#organization\",\"name\":\"Nirigs\",\"url\":\"https:\/\/nirigs.com\/\",\"logo\":{\"@type\":\"ImageObject\",\"inLanguage\":\"en-US\",\"@id\":\"https:\/\/nirigs.com\/#\/schema\/logo\/image\/\",\"url\":\"https:\/\/nirigs.com\/wp-content\/uploads\/2025\/04\/Design-sans-titre-27.png\",\"contentUrl\":\"https:\/\/nirigs.com\/wp-content\/uploads\/2025\/04\/Design-sans-titre-27.png\",\"width\":500,\"height\":500,\"caption\":\"Nirigs\"},\"image\":{\"@id\":\"https:\/\/nirigs.com\/#\/schema\/logo\/image\/\"}}]}<\/script>\n<!-- \/ Yoast SEO plugin. -->","yoast_head_json":{"title":"Grand'M\u00e8re - Caf\u00e9 moulu familial g\u00e9n\u00e9reux - 250 g - NIRIGS","robots":{"index":"index","follow":"follow","max-snippet":"max-snippet:-1","max-image-preview":"max-image-preview:large","max-video-preview":"max-video-preview:-1"},"canonical":"https:\/\/nirigs.com\/en\/product\/grandmere-cafe-moulu-familial-genereux-250-g\/","og_locale":"en_US","og_type":"article","og_title":"Grand'M\u00e8re - Caf\u00e9 moulu familial g\u00e9n\u00e9reux - 250 g - NIRIGS","og_description":"Le caf\u00e9 Grand&rsquo;M\u00e8re Familial G\u00e9n\u00e9reux est un caf\u00e9 moulu \u00e0 la saveur douce et \u00e9quilibr\u00e9e. Id\u00e9al pour toute la famille,","og_url":"https:\/\/nirigs.com\/en\/product\/grandmere-cafe-moulu-familial-genereux-250-g\/","og_site_name":"NIRIGS","article_modified_time":"2025-03-13T09:12:07+00:00","og_image":[{"width":1000,"height":1000,"url":"https:\/\/nirigs.com\/wp-content\/uploads\/2024\/10\/GrandMere-Cafe-moulu-familial-genereux-250-g.jpg","type":"image\/jpeg"}],"twitter_card":"summary_large_image","twitter_misc":{"Est. reading time":"1 minute"},"schema":{"@context":"https:\/\/schema.org","@graph":[{"@type":"WebPage","@id":"https:\/\/nirigs.com\/ar\/product\/grandmere-cafe-moulu-familial-genereux-250-g\/","url":"https:\/\/nirigs.com\/ar\/product\/grandmere-cafe-moulu-familial-genereux-250-g\/","name":"Grand'M\u00e8re - Caf\u00e9 moulu familial g\u00e9n\u00e9reux - 250 g - NIRIGS","isPartOf":{"@id":"https:\/\/nirigs.com\/#website"},"primaryImageOfPage":{"@id":"https:\/\/nirigs.com\/ar\/product\/grandmere-cafe-moulu-familial-genereux-250-g\/#primaryimage"},"image":{"@id":"https:\/\/nirigs.com\/ar\/product\/grandmere-cafe-moulu-familial-genereux-250-g\/#primaryimage"},"thumbnailUrl":"https:\/\/nirigs.com\/wp-content\/uploads\/2024\/10\/GrandMere-Cafe-moulu-familial-genereux-250-g.jpg","datePublished":"2024-10-06T15:00:15+00:00","dateModified":"2025-03-13T09:12:07+00:00","breadcrumb":{"@id":"https:\/\/nirigs.com\/ar\/product\/grandmere-cafe-moulu-familial-genereux-250-g\/#breadcrumb"},"inLanguage":"en-US","potentialAction":[{"@type":"ReadAction","target":["https:\/\/nirigs.com\/ar\/product\/grandmere-cafe-moulu-familial-genereux-250-g\/"]}]},{"@type":"ImageObject","inLanguage":"en-US","@id":"https:\/\/nirigs.com\/ar\/product\/grandmere-cafe-moulu-familial-genereux-250-g\/#primaryimage","url":"https:\/\/nirigs.com\/wp-content\/uploads\/2024\/10\/GrandMere-Cafe-moulu-familial-genereux-250-g.jpg","contentUrl":"https:\/\/nirigs.com\/wp-content\/uploads\/2024\/10\/GrandMere-Cafe-moulu-familial-genereux-250-g.jpg","width":1000,"height":1000},{"@type":"BreadcrumbList","@id":"https:\/\/nirigs.com\/ar\/product\/grandmere-cafe-moulu-familial-genereux-250-g\/#breadcrumb","itemListElement":[{"@type":"ListItem","position":1,"name":"Home","item":"https:\/\/nirigs.com\/"},{"@type":"ListItem","position":2,"name":"Parcourir","item":"https:\/\/nirigs.com\/boutique\/"},{"@type":"ListItem","position":3,"name":"Grand&rsquo;M\u00e8re &#8211; Caf\u00e9 moulu familial g\u00e9n\u00e9reux &#8211; 250 g"}]},{"@type":"WebSite","@id":"https:\/\/nirigs.com\/#website","url":"https:\/\/nirigs.com\/","name":"Nirigs.com","description":"Simplifiez vos achats du quotidien \u00e0 Djibouti","publisher":{"@id":"https:\/\/nirigs.com\/#organization"},"potentialAction":[{"@type":"SearchAction","target":{"@type":"EntryPoint","urlTemplate":"https:\/\/nirigs.com\/?s={search_term_string}"},"query-input":{"@type":"PropertyValueSpecification","valueRequired":true,"valueName":"search_term_string"}}],"inLanguage":"en-US"},{"@type":"Organization","@id":"https:\/\/nirigs.com\/#organization","name":"Nirigs","url":"https:\/\/nirigs.com\/","logo":{"@type":"ImageObject","inLanguage":"en-US","@id":"https:\/\/nirigs.com\/#\/schema\/logo\/image\/","url":"https:\/\/nirigs.com\/wp-content\/uploads\/2025\/04\/Design-sans-titre-27.png","contentUrl":"https:\/\/nirigs.com\/wp-content\/uploads\/2025\/04\/Design-sans-titre-27.png","width":500,"height":500,"caption":"Nirigs"},"image":{"@id":"https:\/\/nirigs.com\/#\/schema\/logo\/image\/"}}]}},"brands":[{"id":1248,"name":"Grand'M\u00e8re","slug":"grandmere"}],"_links":{"self":[{"href":"https:\/\/nirigs.com\/en\/wp-json\/wp\/v2\/product\/23145","targetHints":{"allow":["GET"]}}],"collection":[{"href":"https:\/\/nirigs.com\/en\/wp-json\/wp\/v2\/product"}],"about":[{"href":"https:\/\/nirigs.com\/en\/wp-json\/wp\/v2\/types\/product"}],"replies":[{"embeddable":true,"href":"https:\/\/nirigs.com\/en\/wp-json\/wp\/v2\/comments?post=23145"}],"version-history":[{"count":3,"href":"https:\/\/nirigs.com\/en\/wp-json\/wp\/v2\/product\/23145\/revisions"}],"predecessor-version":[{"id":24579,"href":"https:\/\/nirigs.com\/en\/wp-json\/wp\/v2\/product\/23145\/revisions\/24579"}],"wp:featuredmedia":[{"embeddable":true,"href":"https:\/\/nirigs.com\/en\/wp-json\/wp\/v2\/media\/26216"}],"wp:attachment":[{"href":"https:\/\/nirigs.com\/en\/wp-json\/wp\/v2\/media?parent=23145"}],"wp:term":[{"taxonomy":"pwb-brand","embeddable":true,"href":"https:\/\/nirigs.com\/en\/wp-json\/wp\/v2\/pwb-brand?post=23145"},{"taxonomy":"product_brand","embeddable":true,"href":"https:\/\/nirigs.com\/en\/wp-json\/wp\/v2\/product_brand?post=23145"},{"taxonomy":"product_cat","embeddable":true,"href":"https:\/\/nirigs.com\/en\/wp-json\/wp\/v2\/product_cat?post=23145"},{"taxonomy":"product_tag","embeddable":true,"href":"https:\/\/nirigs.com\/en\/wp-json\/wp\/v2\/product_tag?post=23145"}],"curies":[{"name":"wp","href":"https:\/\/api.w.org\/{rel}","templated":true}]}}