{"id":23128,"date":"2024-10-06T18:00:10","date_gmt":"2024-10-06T15:00:10","guid":{"rendered":"https:\/\/nirigs.com\/produit\/maxwell-house-cafe-soluble-qualite-filtre-decafeine-110-tasses-200-g\/"},"modified":"2025-03-13T12:18:43","modified_gmt":"2025-03-13T09:18:43","slug":"maxwell-house-cafe-soluble-qualite-filtre-decafeine-110-tasses-200-g","status":"publish","type":"product","link":"https:\/\/nirigs.com\/en\/product\/maxwell-house-cafe-soluble-qualite-filtre-decafeine-110-tasses-200-g\/","title":{"rendered":"Maxwell House - Soluble coffee filter quality decaffeinated 110 cups - 200 g"},"content":{"rendered":"<p>Maxwell House brings you a filter-quality decaffeinated soluble coffee that combines pleasure and convenience. With its fine texture and rich aromas, this coffee offers a delicate taste experience, ideal for coffee lovers wishing to reduce their caffeine intake without compromising quality. The 200 g format makes around 110 cups of coffee, perfect for moments of relaxation or short coffee breaks during the day.<\/p>\n<h4>Ingredients:<\/h4>\n<p>100 % decaffeinated arabica coffee.<\/p>\n<h4>Advantages :<\/h4>\n<ul>\n<li>Caffeine-free: Enjoy the taste of coffee without the stimulating effects of caffeine, ideal for people who are sensitive or wish to limit their caffeine intake.<\/li>\n<li>Convenience: Instant coffee dissolves quickly in hot water for fast, easy preparation.<\/li>\n<li>Aromatic: Offers a rich, balanced taste reminiscent of classic filter coffee.<\/li>\n<li>Large format: A 200 g pot for up to 110 cups, perfect for daily use.<\/li>\n<li>Consistent quality: Consistent taste in every cup thanks to Maxwell House know-how.<\/li>\n<\/ul>\n<h4>Manual :<\/h4>\n<ol>\n<li>Heat 150 ml of water or milk.<\/li>\n<li>Add 1 to 2 teaspoons of Maxwell House Caf\u00e9 Soluble.<\/li>\n<li>Stir until completely dissolved.<\/li>\n<li>Enjoy warm.<\/li>\n<\/ol>\n<p><em>* You can adjust the amount of coffee according to your preferences for a stronger or lighter taste.<\/em><\/p>\n<h4>Precautions :<\/h4>\n<ul>\n<li>Store in a dry place, away from light and moisture.<\/li>\n<li>Close the lid tightly after each use to preserve the freshness of the aromas.<\/li>\n<li>Not suitable for young children due to low residual caffeine content.<\/li>\n<\/ul>","protected":false},"excerpt":{"rendered":"<p>Maxwell House vous propose un caf\u00e9 soluble d\u00e9caf\u00e9in\u00e9 de qualit\u00e9 filtre qui allie plaisir et praticit\u00e9. Avec sa texture fine<\/p>","protected":false},"featured_media":26267,"comment_status":"open","ping_status":"closed","template":"","meta":[],"pwb-brand":[1256],"product_brand":[],"product_cat":[940,1249,929,275],"product_tag":[],"class_list":{"0":"post-23128","1":"product","2":"type-product","3":"status-publish","4":"has-post-thumbnail","6":"pwb-brand-maxwell-house","7":"product_cat-cafe","8":"product_cat-cafe-moulu","9":"product_cat-cafe-the-et-boissons","10":"product_cat-epicerie","12":"first","13":"instock","14":"shipping-taxable","15":"purchasable","16":"product-type-simple"},"yoast_head":"<!-- This site is optimized with the Yoast SEO plugin v27.4 - https:\/\/yoast.com\/product\/yoast-seo-wordpress\/ -->\n<title>Maxwell House - Caf\u00e9 soluble qualit\u00e9 filtre d\u00e9caf\u00e9in\u00e9 110 tasses - 200 g - NIRIGS<\/title>\n<meta name=\"robots\" content=\"index, follow, max-snippet:-1, max-image-preview:large, max-video-preview:-1\" \/>\n<link rel=\"canonical\" href=\"https:\/\/nirigs.com\/en\/product\/maxwell-house-cafe-soluble-qualite-filtre-decafeine-110-tasses-200-g\/\" \/>\n<meta property=\"og:locale\" content=\"en_US\" \/>\n<meta property=\"og:type\" content=\"article\" \/>\n<meta property=\"og:title\" content=\"Maxwell House - Caf\u00e9 soluble qualit\u00e9 filtre d\u00e9caf\u00e9in\u00e9 110 tasses - 200 g - NIRIGS\" \/>\n<meta property=\"og:description\" content=\"Maxwell House vous propose un caf\u00e9 soluble d\u00e9caf\u00e9in\u00e9 de qualit\u00e9 filtre qui allie plaisir et praticit\u00e9. Avec sa texture fine\" \/>\n<meta property=\"og:url\" content=\"https:\/\/nirigs.com\/en\/product\/maxwell-house-cafe-soluble-qualite-filtre-decafeine-110-tasses-200-g\/\" \/>\n<meta property=\"og:site_name\" content=\"NIRIGS\" \/>\n<meta property=\"article:modified_time\" content=\"2025-03-13T09:18:43+00:00\" \/>\n<meta property=\"og:image\" content=\"https:\/\/nirigs.com\/wp-content\/uploads\/2024\/10\/Maxwell-House-Cafe-soluble-qualite-filtre-decafeine-110-tasses-200-g.jpg\" \/>\n\t<meta property=\"og:image:width\" content=\"1000\" \/>\n\t<meta property=\"og:image:height\" content=\"1000\" \/>\n\t<meta property=\"og:image:type\" content=\"image\/jpeg\" \/>\n<meta name=\"twitter:card\" content=\"summary_large_image\" \/>\n<meta name=\"twitter:label1\" content=\"Est. reading time\" \/>\n\t<meta name=\"twitter:data1\" content=\"1 minute\" \/>\n<script type=\"application\/ld+json\" class=\"yoast-schema-graph\">{\"@context\":\"https:\\\/\\\/schema.org\",\"@graph\":[{\"@type\":\"WebPage\",\"@id\":\"https:\\\/\\\/nirigs.com\\\/product\\\/maxwell-house-cafe-soluble-qualite-filtre-decafeine-110-tasses-200-g\\\/\",\"url\":\"https:\\\/\\\/nirigs.com\\\/product\\\/maxwell-house-cafe-soluble-qualite-filtre-decafeine-110-tasses-200-g\\\/\",\"name\":\"Maxwell House - Caf\u00e9 soluble qualit\u00e9 filtre d\u00e9caf\u00e9in\u00e9 110 tasses - 200 g - NIRIGS\",\"isPartOf\":{\"@id\":\"https:\\\/\\\/nirigs.com\\\/#website\"},\"primaryImageOfPage\":{\"@id\":\"https:\\\/\\\/nirigs.com\\\/product\\\/maxwell-house-cafe-soluble-qualite-filtre-decafeine-110-tasses-200-g\\\/#primaryimage\"},\"image\":{\"@id\":\"https:\\\/\\\/nirigs.com\\\/product\\\/maxwell-house-cafe-soluble-qualite-filtre-decafeine-110-tasses-200-g\\\/#primaryimage\"},\"thumbnailUrl\":\"https:\\\/\\\/nirigs.com\\\/wp-content\\\/uploads\\\/2024\\\/10\\\/Maxwell-House-Cafe-soluble-qualite-filtre-decafeine-110-tasses-200-g.jpg\",\"datePublished\":\"2024-10-06T15:00:10+00:00\",\"dateModified\":\"2025-03-13T09:18:43+00:00\",\"breadcrumb\":{\"@id\":\"https:\\\/\\\/nirigs.com\\\/product\\\/maxwell-house-cafe-soluble-qualite-filtre-decafeine-110-tasses-200-g\\\/#breadcrumb\"},\"inLanguage\":\"en-US\",\"potentialAction\":[{\"@type\":\"ReadAction\",\"target\":[\"https:\\\/\\\/nirigs.com\\\/product\\\/maxwell-house-cafe-soluble-qualite-filtre-decafeine-110-tasses-200-g\\\/\"]}]},{\"@type\":\"ImageObject\",\"inLanguage\":\"en-US\",\"@id\":\"https:\\\/\\\/nirigs.com\\\/product\\\/maxwell-house-cafe-soluble-qualite-filtre-decafeine-110-tasses-200-g\\\/#primaryimage\",\"url\":\"https:\\\/\\\/nirigs.com\\\/wp-content\\\/uploads\\\/2024\\\/10\\\/Maxwell-House-Cafe-soluble-qualite-filtre-decafeine-110-tasses-200-g.jpg\",\"contentUrl\":\"https:\\\/\\\/nirigs.com\\\/wp-content\\\/uploads\\\/2024\\\/10\\\/Maxwell-House-Cafe-soluble-qualite-filtre-decafeine-110-tasses-200-g.jpg\",\"width\":1000,\"height\":1000},{\"@type\":\"BreadcrumbList\",\"@id\":\"https:\\\/\\\/nirigs.com\\\/product\\\/maxwell-house-cafe-soluble-qualite-filtre-decafeine-110-tasses-200-g\\\/#breadcrumb\",\"itemListElement\":[{\"@type\":\"ListItem\",\"position\":1,\"name\":\"Home\",\"item\":\"https:\\\/\\\/nirigs.com\\\/\"},{\"@type\":\"ListItem\",\"position\":2,\"name\":\"Parcourir\",\"item\":\"https:\\\/\\\/nirigs.com\\\/boutique\\\/\"},{\"@type\":\"ListItem\",\"position\":3,\"name\":\"Maxwell House &#8211; Caf\u00e9 soluble qualit\u00e9 filtre d\u00e9caf\u00e9in\u00e9 110 tasses &#8211; 200 g\"}]},{\"@type\":\"WebSite\",\"@id\":\"https:\\\/\\\/nirigs.com\\\/#website\",\"url\":\"https:\\\/\\\/nirigs.com\\\/\",\"name\":\"Nirigs.com\",\"description\":\"Simplifiez vos achats du quotidien \u00e0 Djibouti\",\"publisher\":{\"@id\":\"https:\\\/\\\/nirigs.com\\\/#organization\"},\"potentialAction\":[{\"@type\":\"SearchAction\",\"target\":{\"@type\":\"EntryPoint\",\"urlTemplate\":\"https:\\\/\\\/nirigs.com\\\/?s={search_term_string}\"},\"query-input\":{\"@type\":\"PropertyValueSpecification\",\"valueRequired\":true,\"valueName\":\"search_term_string\"}}],\"inLanguage\":\"en-US\"},{\"@type\":\"Organization\",\"@id\":\"https:\\\/\\\/nirigs.com\\\/#organization\",\"name\":\"Nirigs\",\"url\":\"https:\\\/\\\/nirigs.com\\\/\",\"logo\":{\"@type\":\"ImageObject\",\"inLanguage\":\"en-US\",\"@id\":\"https:\\\/\\\/nirigs.com\\\/#\\\/schema\\\/logo\\\/image\\\/\",\"url\":\"https:\\\/\\\/nirigs.com\\\/wp-content\\\/uploads\\\/2025\\\/04\\\/Design-sans-titre-27.png\",\"contentUrl\":\"https:\\\/\\\/nirigs.com\\\/wp-content\\\/uploads\\\/2025\\\/04\\\/Design-sans-titre-27.png\",\"width\":500,\"height\":500,\"caption\":\"Nirigs\"},\"image\":{\"@id\":\"https:\\\/\\\/nirigs.com\\\/#\\\/schema\\\/logo\\\/image\\\/\"}}]}<\/script>\n<!-- \/ Yoast SEO plugin. -->","yoast_head_json":{"title":"Maxwell House - Caf\u00e9 soluble qualit\u00e9 filtre d\u00e9caf\u00e9in\u00e9 110 tasses - 200 g - NIRIGS","robots":{"index":"index","follow":"follow","max-snippet":"max-snippet:-1","max-image-preview":"max-image-preview:large","max-video-preview":"max-video-preview:-1"},"canonical":"https:\/\/nirigs.com\/en\/product\/maxwell-house-cafe-soluble-qualite-filtre-decafeine-110-tasses-200-g\/","og_locale":"en_US","og_type":"article","og_title":"Maxwell House - Caf\u00e9 soluble qualit\u00e9 filtre d\u00e9caf\u00e9in\u00e9 110 tasses - 200 g - NIRIGS","og_description":"Maxwell House vous propose un caf\u00e9 soluble d\u00e9caf\u00e9in\u00e9 de qualit\u00e9 filtre qui allie plaisir et praticit\u00e9. Avec sa texture fine","og_url":"https:\/\/nirigs.com\/en\/product\/maxwell-house-cafe-soluble-qualite-filtre-decafeine-110-tasses-200-g\/","og_site_name":"NIRIGS","article_modified_time":"2025-03-13T09:18:43+00:00","og_image":[{"width":1000,"height":1000,"url":"https:\/\/nirigs.com\/wp-content\/uploads\/2024\/10\/Maxwell-House-Cafe-soluble-qualite-filtre-decafeine-110-tasses-200-g.jpg","type":"image\/jpeg"}],"twitter_card":"summary_large_image","twitter_misc":{"Est. reading time":"1 minute"},"schema":{"@context":"https:\/\/schema.org","@graph":[{"@type":"WebPage","@id":"https:\/\/nirigs.com\/product\/maxwell-house-cafe-soluble-qualite-filtre-decafeine-110-tasses-200-g\/","url":"https:\/\/nirigs.com\/product\/maxwell-house-cafe-soluble-qualite-filtre-decafeine-110-tasses-200-g\/","name":"Maxwell House - Caf\u00e9 soluble qualit\u00e9 filtre d\u00e9caf\u00e9in\u00e9 110 tasses - 200 g - NIRIGS","isPartOf":{"@id":"https:\/\/nirigs.com\/#website"},"primaryImageOfPage":{"@id":"https:\/\/nirigs.com\/product\/maxwell-house-cafe-soluble-qualite-filtre-decafeine-110-tasses-200-g\/#primaryimage"},"image":{"@id":"https:\/\/nirigs.com\/product\/maxwell-house-cafe-soluble-qualite-filtre-decafeine-110-tasses-200-g\/#primaryimage"},"thumbnailUrl":"https:\/\/nirigs.com\/wp-content\/uploads\/2024\/10\/Maxwell-House-Cafe-soluble-qualite-filtre-decafeine-110-tasses-200-g.jpg","datePublished":"2024-10-06T15:00:10+00:00","dateModified":"2025-03-13T09:18:43+00:00","breadcrumb":{"@id":"https:\/\/nirigs.com\/product\/maxwell-house-cafe-soluble-qualite-filtre-decafeine-110-tasses-200-g\/#breadcrumb"},"inLanguage":"en-US","potentialAction":[{"@type":"ReadAction","target":["https:\/\/nirigs.com\/product\/maxwell-house-cafe-soluble-qualite-filtre-decafeine-110-tasses-200-g\/"]}]},{"@type":"ImageObject","inLanguage":"en-US","@id":"https:\/\/nirigs.com\/product\/maxwell-house-cafe-soluble-qualite-filtre-decafeine-110-tasses-200-g\/#primaryimage","url":"https:\/\/nirigs.com\/wp-content\/uploads\/2024\/10\/Maxwell-House-Cafe-soluble-qualite-filtre-decafeine-110-tasses-200-g.jpg","contentUrl":"https:\/\/nirigs.com\/wp-content\/uploads\/2024\/10\/Maxwell-House-Cafe-soluble-qualite-filtre-decafeine-110-tasses-200-g.jpg","width":1000,"height":1000},{"@type":"BreadcrumbList","@id":"https:\/\/nirigs.com\/product\/maxwell-house-cafe-soluble-qualite-filtre-decafeine-110-tasses-200-g\/#breadcrumb","itemListElement":[{"@type":"ListItem","position":1,"name":"Home","item":"https:\/\/nirigs.com\/"},{"@type":"ListItem","position":2,"name":"Parcourir","item":"https:\/\/nirigs.com\/boutique\/"},{"@type":"ListItem","position":3,"name":"Maxwell House &#8211; Caf\u00e9 soluble qualit\u00e9 filtre d\u00e9caf\u00e9in\u00e9 110 tasses &#8211; 200 g"}]},{"@type":"WebSite","@id":"https:\/\/nirigs.com\/#website","url":"https:\/\/nirigs.com\/","name":"Nirigs.com","description":"Simplifiez vos achats du quotidien \u00e0 Djibouti","publisher":{"@id":"https:\/\/nirigs.com\/#organization"},"potentialAction":[{"@type":"SearchAction","target":{"@type":"EntryPoint","urlTemplate":"https:\/\/nirigs.com\/?s={search_term_string}"},"query-input":{"@type":"PropertyValueSpecification","valueRequired":true,"valueName":"search_term_string"}}],"inLanguage":"en-US"},{"@type":"Organization","@id":"https:\/\/nirigs.com\/#organization","name":"Nirigs","url":"https:\/\/nirigs.com\/","logo":{"@type":"ImageObject","inLanguage":"en-US","@id":"https:\/\/nirigs.com\/#\/schema\/logo\/image\/","url":"https:\/\/nirigs.com\/wp-content\/uploads\/2025\/04\/Design-sans-titre-27.png","contentUrl":"https:\/\/nirigs.com\/wp-content\/uploads\/2025\/04\/Design-sans-titre-27.png","width":500,"height":500,"caption":"Nirigs"},"image":{"@id":"https:\/\/nirigs.com\/#\/schema\/logo\/image\/"}}]}},"brands":[{"id":1256,"name":"Maxwell House","slug":"maxwell-house"}],"_links":{"self":[{"href":"https:\/\/nirigs.com\/en\/wp-json\/wp\/v2\/product\/23128","targetHints":{"allow":["GET"]}}],"collection":[{"href":"https:\/\/nirigs.com\/en\/wp-json\/wp\/v2\/product"}],"about":[{"href":"https:\/\/nirigs.com\/en\/wp-json\/wp\/v2\/types\/product"}],"replies":[{"embeddable":true,"href":"https:\/\/nirigs.com\/en\/wp-json\/wp\/v2\/comments?post=23128"}],"version-history":[{"count":2,"href":"https:\/\/nirigs.com\/en\/wp-json\/wp\/v2\/product\/23128\/revisions"}],"predecessor-version":[{"id":26268,"href":"https:\/\/nirigs.com\/en\/wp-json\/wp\/v2\/product\/23128\/revisions\/26268"}],"wp:featuredmedia":[{"embeddable":true,"href":"https:\/\/nirigs.com\/en\/wp-json\/wp\/v2\/media\/26267"}],"wp:attachment":[{"href":"https:\/\/nirigs.com\/en\/wp-json\/wp\/v2\/media?parent=23128"}],"wp:term":[{"taxonomy":"pwb-brand","embeddable":true,"href":"https:\/\/nirigs.com\/en\/wp-json\/wp\/v2\/pwb-brand?post=23128"},{"taxonomy":"product_brand","embeddable":true,"href":"https:\/\/nirigs.com\/en\/wp-json\/wp\/v2\/product_brand?post=23128"},{"taxonomy":"product_cat","embeddable":true,"href":"https:\/\/nirigs.com\/en\/wp-json\/wp\/v2\/product_cat?post=23128"},{"taxonomy":"product_tag","embeddable":true,"href":"https:\/\/nirigs.com\/en\/wp-json\/wp\/v2\/product_tag?post=23128"}],"curies":[{"name":"wp","href":"https:\/\/api.w.org\/{rel}","templated":true}]}}