{"id":23127,"date":"2024-10-06T18:00:09","date_gmt":"2024-10-06T15:00:09","guid":{"rendered":"https:\/\/nirigs.com\/produit\/maxwell-house-preparation-instantane-aromatise-pour-cappucino-classique-280-g\/"},"modified":"2025-06-05T16:09:57","modified_gmt":"2025-06-05T13:09:57","slug":"maxwell-house-preparation-instantane-aromatise-pour-cappucino-classique-280-g","status":"publish","type":"product","link":"https:\/\/nirigs.com\/en\/product\/maxwell-house-preparation-instantane-aromatise-pour-cappucino-classique-280-g\/","title":{"rendered":"Maxwell House &#8211; Pr\u00e9paration instantan\u00e9 aromatis\u00e9 pour cappucino classique &#8211; 280 g"},"content":{"rendered":"<p>D\u00e9couvrez le plaisir d\u2019un cappuccino classique avec Maxwell House ! Cette pr\u00e9paration instantan\u00e9e aromatis\u00e9e vous offre une exp\u00e9rience caf\u00e9 riche et onctueuse, parfaite pour une pause gourmande \u00e0 tout moment de la journ\u00e9e. Il vous suffit d\u2019ajouter de l&rsquo;eau chaude pour d\u00e9guster une tasse au go\u00fbt doux et cr\u00e9meux, sans la n\u00e9cessit\u00e9 d\u2019une machine \u00e0 caf\u00e9 sp\u00e9cialis\u00e9e.<\/p>\n<h4>Ingredients:<\/h4>\n<p>Sucre, lactose (du lait), sirop de glucose, caf\u00e9 soluble (15 %), huile de coco, sel, \u00e9mulsifiants (E471, E472e), stabilisant (E340), antiagglom\u00e9rants (E551), ar\u00f4mes.<\/p>\n<h4>Advantages :<\/h4>\n<ul>\n<li>Facilit\u00e9 et rapidit\u00e9 : pr\u00e9paration instantan\u00e9e en quelques secondes.<\/li>\n<li>Go\u00fbt authentique : le plaisir d\u2019un cappuccino cr\u00e9meux avec une mousse g\u00e9n\u00e9reuse.<\/li>\n<li>Sans machine \u00e0 caf\u00e9 : id\u00e9al pour ceux qui recherchent la simplicit\u00e9.<\/li>\n<li>Pratique : parfait pour emporter au bureau ou en voyage.<\/li>\n<\/ul>\n<h4>Mode d\u2019emploi :<\/h4>\n<ol>\n<li>Versez 3 \u00e0 4 cuill\u00e8res \u00e0 caf\u00e9 (environ 18 g) de poudre dans une tasse.<\/li>\n<li>Ajoutez 150 ml d\u2019eau chaude, mais non bouillante.<\/li>\n<li>M\u00e9langez bien jusqu\u2019\u00e0 ce que la poudre soit compl\u00e8tement dissoute et que la mousse se forme.<\/li>\n<li>D\u00e9gustez votre cappuccino Maxwell House !<\/li>\n<\/ol>\n<h4>Precautions :<\/h4>\n<ul>\n<li>Conservez dans un endroit frais et sec.<\/li>\n<li>Refermez bien apr\u00e8s chaque utilisation pour pr\u00e9server la fra\u00eecheur.<\/li>\n<li>Contient du lait et peut contenir des traces de soja.<\/li>\n<li>Keep out of reach of children.<\/li>\n<\/ul>","protected":false},"excerpt":{"rendered":"<p>D\u00e9couvrez le plaisir d\u2019un cappuccino classique avec Maxwell House ! Cette pr\u00e9paration instantan\u00e9e aromatis\u00e9e vous offre une exp\u00e9rience caf\u00e9 riche<\/p>","protected":false},"featured_media":26270,"comment_status":"open","ping_status":"closed","template":"","meta":[],"pwb-brand":[1256],"product_brand":[],"product_cat":[940,1249,929,275],"product_tag":[],"class_list":{"0":"post-23127","1":"product","2":"type-product","3":"status-publish","4":"has-post-thumbnail","6":"pwb-brand-maxwell-house","7":"product_cat-cafe","8":"product_cat-cafe-moulu","9":"product_cat-cafe-the-et-boissons","10":"product_cat-epicerie","12":"first","13":"instock","14":"shipping-taxable","15":"purchasable","16":"product-type-simple"},"yoast_head":"<!-- This site is optimized with the Yoast SEO plugin v27.4 - https:\/\/yoast.com\/product\/yoast-seo-wordpress\/ -->\n<title>Maxwell House - Pr\u00e9paration instantan\u00e9 aromatis\u00e9 pour cappucino classique - 280 g - NIRIGS<\/title>\n<meta name=\"robots\" content=\"index, follow, max-snippet:-1, max-image-preview:large, max-video-preview:-1\" \/>\n<link rel=\"canonical\" href=\"https:\/\/nirigs.com\/en\/product\/maxwell-house-preparation-instantane-aromatise-pour-cappucino-classique-280-g\/\" \/>\n<meta property=\"og:locale\" content=\"en_US\" \/>\n<meta property=\"og:type\" content=\"article\" \/>\n<meta property=\"og:title\" content=\"Maxwell House - Pr\u00e9paration instantan\u00e9 aromatis\u00e9 pour cappucino classique - 280 g - NIRIGS\" \/>\n<meta property=\"og:description\" content=\"D\u00e9couvrez le plaisir d\u2019un cappuccino classique avec Maxwell House ! Cette pr\u00e9paration instantan\u00e9e aromatis\u00e9e vous offre une exp\u00e9rience caf\u00e9 riche\" \/>\n<meta property=\"og:url\" content=\"https:\/\/nirigs.com\/en\/product\/maxwell-house-preparation-instantane-aromatise-pour-cappucino-classique-280-g\/\" \/>\n<meta property=\"og:site_name\" content=\"NIRIGS\" \/>\n<meta property=\"article:modified_time\" content=\"2025-06-05T13:09:57+00:00\" \/>\n<meta property=\"og:image\" content=\"https:\/\/nirigs.com\/wp-content\/uploads\/2024\/10\/Maxwell-House-Preparation-instantane-aromatise-pour-cappucino-classique-280-g.jpg\" \/>\n\t<meta property=\"og:image:width\" content=\"1000\" \/>\n\t<meta property=\"og:image:height\" content=\"1000\" \/>\n\t<meta property=\"og:image:type\" content=\"image\/jpeg\" \/>\n<meta name=\"twitter:card\" content=\"summary_large_image\" \/>\n<meta name=\"twitter:label1\" content=\"Est. reading time\" \/>\n\t<meta name=\"twitter:data1\" content=\"1 minute\" \/>\n<script type=\"application\/ld+json\" class=\"yoast-schema-graph\">{\"@context\":\"https:\\\/\\\/schema.org\",\"@graph\":[{\"@type\":\"WebPage\",\"@id\":\"https:\\\/\\\/nirigs.com\\\/en\\\/product\\\/maxwell-house-preparation-instantane-aromatise-pour-cappucino-classique-280-g\\\/\",\"url\":\"https:\\\/\\\/nirigs.com\\\/en\\\/product\\\/maxwell-house-preparation-instantane-aromatise-pour-cappucino-classique-280-g\\\/\",\"name\":\"Maxwell House - Pr\u00e9paration instantan\u00e9 aromatis\u00e9 pour cappucino classique - 280 g - NIRIGS\",\"isPartOf\":{\"@id\":\"https:\\\/\\\/nirigs.com\\\/#website\"},\"primaryImageOfPage\":{\"@id\":\"https:\\\/\\\/nirigs.com\\\/en\\\/product\\\/maxwell-house-preparation-instantane-aromatise-pour-cappucino-classique-280-g\\\/#primaryimage\"},\"image\":{\"@id\":\"https:\\\/\\\/nirigs.com\\\/en\\\/product\\\/maxwell-house-preparation-instantane-aromatise-pour-cappucino-classique-280-g\\\/#primaryimage\"},\"thumbnailUrl\":\"https:\\\/\\\/nirigs.com\\\/wp-content\\\/uploads\\\/2024\\\/10\\\/Maxwell-House-Preparation-instantane-aromatise-pour-cappucino-classique-280-g.jpg\",\"datePublished\":\"2024-10-06T15:00:09+00:00\",\"dateModified\":\"2025-06-05T13:09:57+00:00\",\"breadcrumb\":{\"@id\":\"https:\\\/\\\/nirigs.com\\\/en\\\/product\\\/maxwell-house-preparation-instantane-aromatise-pour-cappucino-classique-280-g\\\/#breadcrumb\"},\"inLanguage\":\"en-US\",\"potentialAction\":[{\"@type\":\"ReadAction\",\"target\":[\"https:\\\/\\\/nirigs.com\\\/en\\\/product\\\/maxwell-house-preparation-instantane-aromatise-pour-cappucino-classique-280-g\\\/\"]}]},{\"@type\":\"ImageObject\",\"inLanguage\":\"en-US\",\"@id\":\"https:\\\/\\\/nirigs.com\\\/en\\\/product\\\/maxwell-house-preparation-instantane-aromatise-pour-cappucino-classique-280-g\\\/#primaryimage\",\"url\":\"https:\\\/\\\/nirigs.com\\\/wp-content\\\/uploads\\\/2024\\\/10\\\/Maxwell-House-Preparation-instantane-aromatise-pour-cappucino-classique-280-g.jpg\",\"contentUrl\":\"https:\\\/\\\/nirigs.com\\\/wp-content\\\/uploads\\\/2024\\\/10\\\/Maxwell-House-Preparation-instantane-aromatise-pour-cappucino-classique-280-g.jpg\",\"width\":1000,\"height\":1000},{\"@type\":\"BreadcrumbList\",\"@id\":\"https:\\\/\\\/nirigs.com\\\/en\\\/product\\\/maxwell-house-preparation-instantane-aromatise-pour-cappucino-classique-280-g\\\/#breadcrumb\",\"itemListElement\":[{\"@type\":\"ListItem\",\"position\":1,\"name\":\"Home\",\"item\":\"https:\\\/\\\/nirigs.com\\\/\"},{\"@type\":\"ListItem\",\"position\":2,\"name\":\"Parcourir\",\"item\":\"https:\\\/\\\/nirigs.com\\\/boutique\\\/\"},{\"@type\":\"ListItem\",\"position\":3,\"name\":\"Maxwell House &#8211; Pr\u00e9paration instantan\u00e9 aromatis\u00e9 pour cappucino classique &#8211; 280 g\"}]},{\"@type\":\"WebSite\",\"@id\":\"https:\\\/\\\/nirigs.com\\\/#website\",\"url\":\"https:\\\/\\\/nirigs.com\\\/\",\"name\":\"Nirigs.com\",\"description\":\"Simplifiez vos achats du quotidien \u00e0 Djibouti\",\"publisher\":{\"@id\":\"https:\\\/\\\/nirigs.com\\\/#organization\"},\"potentialAction\":[{\"@type\":\"SearchAction\",\"target\":{\"@type\":\"EntryPoint\",\"urlTemplate\":\"https:\\\/\\\/nirigs.com\\\/?s={search_term_string}\"},\"query-input\":{\"@type\":\"PropertyValueSpecification\",\"valueRequired\":true,\"valueName\":\"search_term_string\"}}],\"inLanguage\":\"en-US\"},{\"@type\":\"Organization\",\"@id\":\"https:\\\/\\\/nirigs.com\\\/#organization\",\"name\":\"Nirigs\",\"url\":\"https:\\\/\\\/nirigs.com\\\/\",\"logo\":{\"@type\":\"ImageObject\",\"inLanguage\":\"en-US\",\"@id\":\"https:\\\/\\\/nirigs.com\\\/#\\\/schema\\\/logo\\\/image\\\/\",\"url\":\"https:\\\/\\\/nirigs.com\\\/wp-content\\\/uploads\\\/2025\\\/04\\\/Design-sans-titre-27.png\",\"contentUrl\":\"https:\\\/\\\/nirigs.com\\\/wp-content\\\/uploads\\\/2025\\\/04\\\/Design-sans-titre-27.png\",\"width\":500,\"height\":500,\"caption\":\"Nirigs\"},\"image\":{\"@id\":\"https:\\\/\\\/nirigs.com\\\/#\\\/schema\\\/logo\\\/image\\\/\"}}]}<\/script>\n<!-- \/ Yoast SEO plugin. -->","yoast_head_json":{"title":"Maxwell House - Pr\u00e9paration instantan\u00e9 aromatis\u00e9 pour cappucino classique - 280 g - NIRIGS","robots":{"index":"index","follow":"follow","max-snippet":"max-snippet:-1","max-image-preview":"max-image-preview:large","max-video-preview":"max-video-preview:-1"},"canonical":"https:\/\/nirigs.com\/en\/product\/maxwell-house-preparation-instantane-aromatise-pour-cappucino-classique-280-g\/","og_locale":"en_US","og_type":"article","og_title":"Maxwell House - Pr\u00e9paration instantan\u00e9 aromatis\u00e9 pour cappucino classique - 280 g - NIRIGS","og_description":"D\u00e9couvrez le plaisir d\u2019un cappuccino classique avec Maxwell House ! Cette pr\u00e9paration instantan\u00e9e aromatis\u00e9e vous offre une exp\u00e9rience caf\u00e9 riche","og_url":"https:\/\/nirigs.com\/en\/product\/maxwell-house-preparation-instantane-aromatise-pour-cappucino-classique-280-g\/","og_site_name":"NIRIGS","article_modified_time":"2025-06-05T13:09:57+00:00","og_image":[{"width":1000,"height":1000,"url":"https:\/\/nirigs.com\/wp-content\/uploads\/2024\/10\/Maxwell-House-Preparation-instantane-aromatise-pour-cappucino-classique-280-g.jpg","type":"image\/jpeg"}],"twitter_card":"summary_large_image","twitter_misc":{"Est. reading time":"1 minute"},"schema":{"@context":"https:\/\/schema.org","@graph":[{"@type":"WebPage","@id":"https:\/\/nirigs.com\/en\/product\/maxwell-house-preparation-instantane-aromatise-pour-cappucino-classique-280-g\/","url":"https:\/\/nirigs.com\/en\/product\/maxwell-house-preparation-instantane-aromatise-pour-cappucino-classique-280-g\/","name":"Maxwell House - Pr\u00e9paration instantan\u00e9 aromatis\u00e9 pour cappucino classique - 280 g - NIRIGS","isPartOf":{"@id":"https:\/\/nirigs.com\/#website"},"primaryImageOfPage":{"@id":"https:\/\/nirigs.com\/en\/product\/maxwell-house-preparation-instantane-aromatise-pour-cappucino-classique-280-g\/#primaryimage"},"image":{"@id":"https:\/\/nirigs.com\/en\/product\/maxwell-house-preparation-instantane-aromatise-pour-cappucino-classique-280-g\/#primaryimage"},"thumbnailUrl":"https:\/\/nirigs.com\/wp-content\/uploads\/2024\/10\/Maxwell-House-Preparation-instantane-aromatise-pour-cappucino-classique-280-g.jpg","datePublished":"2024-10-06T15:00:09+00:00","dateModified":"2025-06-05T13:09:57+00:00","breadcrumb":{"@id":"https:\/\/nirigs.com\/en\/product\/maxwell-house-preparation-instantane-aromatise-pour-cappucino-classique-280-g\/#breadcrumb"},"inLanguage":"en-US","potentialAction":[{"@type":"ReadAction","target":["https:\/\/nirigs.com\/en\/product\/maxwell-house-preparation-instantane-aromatise-pour-cappucino-classique-280-g\/"]}]},{"@type":"ImageObject","inLanguage":"en-US","@id":"https:\/\/nirigs.com\/en\/product\/maxwell-house-preparation-instantane-aromatise-pour-cappucino-classique-280-g\/#primaryimage","url":"https:\/\/nirigs.com\/wp-content\/uploads\/2024\/10\/Maxwell-House-Preparation-instantane-aromatise-pour-cappucino-classique-280-g.jpg","contentUrl":"https:\/\/nirigs.com\/wp-content\/uploads\/2024\/10\/Maxwell-House-Preparation-instantane-aromatise-pour-cappucino-classique-280-g.jpg","width":1000,"height":1000},{"@type":"BreadcrumbList","@id":"https:\/\/nirigs.com\/en\/product\/maxwell-house-preparation-instantane-aromatise-pour-cappucino-classique-280-g\/#breadcrumb","itemListElement":[{"@type":"ListItem","position":1,"name":"Home","item":"https:\/\/nirigs.com\/"},{"@type":"ListItem","position":2,"name":"Parcourir","item":"https:\/\/nirigs.com\/boutique\/"},{"@type":"ListItem","position":3,"name":"Maxwell House &#8211; Pr\u00e9paration instantan\u00e9 aromatis\u00e9 pour cappucino classique &#8211; 280 g"}]},{"@type":"WebSite","@id":"https:\/\/nirigs.com\/#website","url":"https:\/\/nirigs.com\/","name":"Nirigs.com","description":"Simplifiez vos achats du quotidien \u00e0 Djibouti","publisher":{"@id":"https:\/\/nirigs.com\/#organization"},"potentialAction":[{"@type":"SearchAction","target":{"@type":"EntryPoint","urlTemplate":"https:\/\/nirigs.com\/?s={search_term_string}"},"query-input":{"@type":"PropertyValueSpecification","valueRequired":true,"valueName":"search_term_string"}}],"inLanguage":"en-US"},{"@type":"Organization","@id":"https:\/\/nirigs.com\/#organization","name":"Nirigs","url":"https:\/\/nirigs.com\/","logo":{"@type":"ImageObject","inLanguage":"en-US","@id":"https:\/\/nirigs.com\/#\/schema\/logo\/image\/","url":"https:\/\/nirigs.com\/wp-content\/uploads\/2025\/04\/Design-sans-titre-27.png","contentUrl":"https:\/\/nirigs.com\/wp-content\/uploads\/2025\/04\/Design-sans-titre-27.png","width":500,"height":500,"caption":"Nirigs"},"image":{"@id":"https:\/\/nirigs.com\/#\/schema\/logo\/image\/"}}]}},"brands":[{"id":1256,"name":"Maxwell House","slug":"maxwell-house"}],"_links":{"self":[{"href":"https:\/\/nirigs.com\/en\/wp-json\/wp\/v2\/product\/23127","targetHints":{"allow":["GET"]}}],"collection":[{"href":"https:\/\/nirigs.com\/en\/wp-json\/wp\/v2\/product"}],"about":[{"href":"https:\/\/nirigs.com\/en\/wp-json\/wp\/v2\/types\/product"}],"replies":[{"embeddable":true,"href":"https:\/\/nirigs.com\/en\/wp-json\/wp\/v2\/comments?post=23127"}],"version-history":[{"count":2,"href":"https:\/\/nirigs.com\/en\/wp-json\/wp\/v2\/product\/23127\/revisions"}],"predecessor-version":[{"id":26271,"href":"https:\/\/nirigs.com\/en\/wp-json\/wp\/v2\/product\/23127\/revisions\/26271"}],"wp:featuredmedia":[{"embeddable":true,"href":"https:\/\/nirigs.com\/en\/wp-json\/wp\/v2\/media\/26270"}],"wp:attachment":[{"href":"https:\/\/nirigs.com\/en\/wp-json\/wp\/v2\/media?parent=23127"}],"wp:term":[{"taxonomy":"pwb-brand","embeddable":true,"href":"https:\/\/nirigs.com\/en\/wp-json\/wp\/v2\/pwb-brand?post=23127"},{"taxonomy":"product_brand","embeddable":true,"href":"https:\/\/nirigs.com\/en\/wp-json\/wp\/v2\/product_brand?post=23127"},{"taxonomy":"product_cat","embeddable":true,"href":"https:\/\/nirigs.com\/en\/wp-json\/wp\/v2\/product_cat?post=23127"},{"taxonomy":"product_tag","embeddable":true,"href":"https:\/\/nirigs.com\/en\/wp-json\/wp\/v2\/product_tag?post=23127"}],"curies":[{"name":"wp","href":"https:\/\/api.w.org\/{rel}","templated":true}]}}