{"id":23113,"date":"2024-10-06T18:00:04","date_gmt":"2024-10-06T15:00:04","guid":{"rendered":"https:\/\/nirigs.com\/produit\/leader-price-selection-regal-gout-equilibre-dosettes-x36-250-g\/"},"modified":"2025-06-06T13:33:54","modified_gmt":"2025-06-06T10:33:54","slug":"leader-price-selection-regal-gout-equilibre-dosettes-x36-250-g","status":"publish","type":"product","link":"https:\/\/nirigs.com\/en\/product\/leader-price-selection-regal-gout-equilibre-dosettes-x36-250-g\/","title":{"rendered":"Leader Price - S\u00e9lection r\u00e9gal go\u00fbt \u00e9quilibr\u00e9 pods x36 - 250 g"},"content":{"rendered":"<p>Les dosettes Leader Price &#8211; S\u00e9lection R\u00e9gal Go\u00fbt \u00c9quilibr\u00e9 offrent une exp\u00e9rience caf\u00e9in\u00e9e de qualit\u00e9, alliant go\u00fbt et \u00e9quilibre. Chaque dosette est con\u00e7ue pour pr\u00e9server la fra\u00eecheur et l&rsquo;ar\u00f4me de votre caf\u00e9, vous permettant de d\u00e9guster une tasse savoureuse \u00e0 tout moment de la journ\u00e9e.<\/p>\n<h4>Ingredients:<\/h4>\n<p>Caf\u00e9 100% pur arabica.<\/p>\n<h4>Advantages :<\/h4>\n<ul>\n<li>Go\u00fbt \u00e9quilibr\u00e9 : Un m\u00e9lange harmonieux qui ravira les amateurs de caf\u00e9.<\/li>\n<li>Pratique : Dosettes individuelles pour une utilisation facile et rapide.<\/li>\n<li>Qualit\u00e9 sup\u00e9rieure : S\u00e9lection de grains de caf\u00e9 arabica pour une saveur douce et parfum\u00e9e.<\/li>\n<li>Emballage \u00e9co-responsable : Contribue \u00e0 la r\u00e9duction des d\u00e9chets.<\/li>\n<\/ul>\n<h4>Manual :<\/h4>\n<ol>\n<li>Ouvrez l&#8217;emballage et retirez une dosette.<\/li>\n<li>Ins\u00e9rez la dosette dans votre machine \u00e0 caf\u00e9 compatible.<\/li>\n<li>Lancez le cycle de pr\u00e9paration selon les instructions de votre machine.<\/li>\n<li>D\u00e9gustez votre caf\u00e9 chaud et savoureux.<\/li>\n<\/ol>\n<h4>Precautions :<\/h4>\n<ul>\n<li>Conserver dans un endroit frais et sec, \u00e0 l&rsquo;abri de la lumi\u00e8re.<\/li>\n<li>Ne pas consommer si l&#8217;emballage est endommag\u00e9.<\/li>\n<li>Keep out of reach of children.<\/li>\n<li>Ne pas ing\u00e9rer en cas d&rsquo;allergies connues aux produits \u00e0 base de caf\u00e9.<\/li>\n<\/ul>","protected":false},"excerpt":{"rendered":"<p>Les dosettes Leader Price &#8211; S\u00e9lection R\u00e9gal Go\u00fbt \u00c9quilibr\u00e9 offrent une exp\u00e9rience caf\u00e9in\u00e9e de qualit\u00e9, alliant go\u00fbt et \u00e9quilibre. Chaque<\/p>","protected":false},"featured_media":26313,"comment_status":"open","ping_status":"closed","template":"","meta":[],"pwb-brand":[1166],"product_brand":[],"product_cat":[940,1252,929,275],"product_tag":[],"class_list":{"0":"post-23113","1":"product","2":"type-product","3":"status-publish","4":"has-post-thumbnail","6":"pwb-brand-leader-price","7":"product_cat-cafe","8":"product_cat-cafe-en-dosettes","9":"product_cat-cafe-the-et-boissons","10":"product_cat-epicerie","12":"first","13":"instock","14":"shipping-taxable","15":"purchasable","16":"product-type-simple"},"yoast_head":"<!-- This site is optimized with the Yoast SEO plugin v27.1.1 - https:\/\/yoast.com\/product\/yoast-seo-wordpress\/ -->\n<title>Leader Price - S\u00e9lection r\u00e9gal go\u00fbt \u00e9quilibr\u00e9 dosettes x36 - 250 g - NIRIGS<\/title>\n<meta name=\"robots\" content=\"index, follow, max-snippet:-1, max-image-preview:large, max-video-preview:-1\" \/>\n<link rel=\"canonical\" href=\"https:\/\/nirigs.com\/en\/product\/leader-price-selection-regal-gout-equilibre-dosettes-x36-250-g\/\" \/>\n<meta property=\"og:locale\" content=\"en_US\" \/>\n<meta property=\"og:type\" content=\"article\" \/>\n<meta property=\"og:title\" content=\"Leader Price - S\u00e9lection r\u00e9gal go\u00fbt \u00e9quilibr\u00e9 dosettes x36 - 250 g - NIRIGS\" \/>\n<meta property=\"og:description\" content=\"Les dosettes Leader Price &#8211; S\u00e9lection R\u00e9gal Go\u00fbt \u00c9quilibr\u00e9 offrent une exp\u00e9rience caf\u00e9in\u00e9e de qualit\u00e9, alliant go\u00fbt et \u00e9quilibre. Chaque\" \/>\n<meta property=\"og:url\" content=\"https:\/\/nirigs.com\/en\/product\/leader-price-selection-regal-gout-equilibre-dosettes-x36-250-g\/\" \/>\n<meta property=\"og:site_name\" content=\"NIRIGS\" \/>\n<meta property=\"article:modified_time\" content=\"2025-06-06T10:33:54+00:00\" \/>\n<meta property=\"og:image\" content=\"https:\/\/nirigs.com\/wp-content\/uploads\/2024\/10\/Leader-Price-Selection-regal-gout-equilibre-dosettes-x36-250-g.jpg\" \/>\n\t<meta property=\"og:image:width\" content=\"1000\" \/>\n\t<meta property=\"og:image:height\" content=\"1000\" \/>\n\t<meta property=\"og:image:type\" content=\"image\/jpeg\" \/>\n<meta name=\"twitter:card\" content=\"summary_large_image\" \/>\n<meta name=\"twitter:label1\" content=\"Est. reading time\" \/>\n\t<meta name=\"twitter:data1\" content=\"1 minute\" \/>\n<script type=\"application\/ld+json\" class=\"yoast-schema-graph\">{\"@context\":\"https:\/\/schema.org\",\"@graph\":[{\"@type\":\"WebPage\",\"@id\":\"https:\/\/nirigs.com\/ar\/product\/leader-price-selection-regal-gout-equilibre-dosettes-x36-250-g\/\",\"url\":\"https:\/\/nirigs.com\/ar\/product\/leader-price-selection-regal-gout-equilibre-dosettes-x36-250-g\/\",\"name\":\"Leader Price - S\u00e9lection r\u00e9gal go\u00fbt \u00e9quilibr\u00e9 dosettes x36 - 250 g - NIRIGS\",\"isPartOf\":{\"@id\":\"https:\/\/nirigs.com\/#website\"},\"primaryImageOfPage\":{\"@id\":\"https:\/\/nirigs.com\/ar\/product\/leader-price-selection-regal-gout-equilibre-dosettes-x36-250-g\/#primaryimage\"},\"image\":{\"@id\":\"https:\/\/nirigs.com\/ar\/product\/leader-price-selection-regal-gout-equilibre-dosettes-x36-250-g\/#primaryimage\"},\"thumbnailUrl\":\"https:\/\/nirigs.com\/wp-content\/uploads\/2024\/10\/Leader-Price-Selection-regal-gout-equilibre-dosettes-x36-250-g.jpg\",\"datePublished\":\"2024-10-06T15:00:04+00:00\",\"dateModified\":\"2025-06-06T10:33:54+00:00\",\"breadcrumb\":{\"@id\":\"https:\/\/nirigs.com\/ar\/product\/leader-price-selection-regal-gout-equilibre-dosettes-x36-250-g\/#breadcrumb\"},\"inLanguage\":\"en-US\",\"potentialAction\":[{\"@type\":\"ReadAction\",\"target\":[\"https:\/\/nirigs.com\/ar\/product\/leader-price-selection-regal-gout-equilibre-dosettes-x36-250-g\/\"]}]},{\"@type\":\"ImageObject\",\"inLanguage\":\"en-US\",\"@id\":\"https:\/\/nirigs.com\/ar\/product\/leader-price-selection-regal-gout-equilibre-dosettes-x36-250-g\/#primaryimage\",\"url\":\"https:\/\/nirigs.com\/wp-content\/uploads\/2024\/10\/Leader-Price-Selection-regal-gout-equilibre-dosettes-x36-250-g.jpg\",\"contentUrl\":\"https:\/\/nirigs.com\/wp-content\/uploads\/2024\/10\/Leader-Price-Selection-regal-gout-equilibre-dosettes-x36-250-g.jpg\",\"width\":1000,\"height\":1000},{\"@type\":\"BreadcrumbList\",\"@id\":\"https:\/\/nirigs.com\/ar\/product\/leader-price-selection-regal-gout-equilibre-dosettes-x36-250-g\/#breadcrumb\",\"itemListElement\":[{\"@type\":\"ListItem\",\"position\":1,\"name\":\"Home\",\"item\":\"https:\/\/nirigs.com\/\"},{\"@type\":\"ListItem\",\"position\":2,\"name\":\"Parcourir\",\"item\":\"https:\/\/nirigs.com\/boutique\/\"},{\"@type\":\"ListItem\",\"position\":3,\"name\":\"Leader Price &#8211; S\u00e9lection r\u00e9gal go\u00fbt \u00e9quilibr\u00e9 dosettes x36 &#8211; 250 g\"}]},{\"@type\":\"WebSite\",\"@id\":\"https:\/\/nirigs.com\/#website\",\"url\":\"https:\/\/nirigs.com\/\",\"name\":\"Nirigs.com\",\"description\":\"Simplifiez vos achats du quotidien \u00e0 Djibouti\",\"publisher\":{\"@id\":\"https:\/\/nirigs.com\/#organization\"},\"potentialAction\":[{\"@type\":\"SearchAction\",\"target\":{\"@type\":\"EntryPoint\",\"urlTemplate\":\"https:\/\/nirigs.com\/?s={search_term_string}\"},\"query-input\":{\"@type\":\"PropertyValueSpecification\",\"valueRequired\":true,\"valueName\":\"search_term_string\"}}],\"inLanguage\":\"en-US\"},{\"@type\":\"Organization\",\"@id\":\"https:\/\/nirigs.com\/#organization\",\"name\":\"Nirigs\",\"url\":\"https:\/\/nirigs.com\/\",\"logo\":{\"@type\":\"ImageObject\",\"inLanguage\":\"en-US\",\"@id\":\"https:\/\/nirigs.com\/#\/schema\/logo\/image\/\",\"url\":\"https:\/\/nirigs.com\/wp-content\/uploads\/2025\/04\/Design-sans-titre-27.png\",\"contentUrl\":\"https:\/\/nirigs.com\/wp-content\/uploads\/2025\/04\/Design-sans-titre-27.png\",\"width\":500,\"height\":500,\"caption\":\"Nirigs\"},\"image\":{\"@id\":\"https:\/\/nirigs.com\/#\/schema\/logo\/image\/\"}}]}<\/script>\n<!-- \/ Yoast SEO plugin. -->","yoast_head_json":{"title":"Leader Price - S\u00e9lection r\u00e9gal go\u00fbt \u00e9quilibr\u00e9 dosettes x36 - 250 g - NIRIGS","robots":{"index":"index","follow":"follow","max-snippet":"max-snippet:-1","max-image-preview":"max-image-preview:large","max-video-preview":"max-video-preview:-1"},"canonical":"https:\/\/nirigs.com\/en\/product\/leader-price-selection-regal-gout-equilibre-dosettes-x36-250-g\/","og_locale":"en_US","og_type":"article","og_title":"Leader Price - S\u00e9lection r\u00e9gal go\u00fbt \u00e9quilibr\u00e9 dosettes x36 - 250 g - NIRIGS","og_description":"Les dosettes Leader Price &#8211; S\u00e9lection R\u00e9gal Go\u00fbt \u00c9quilibr\u00e9 offrent une exp\u00e9rience caf\u00e9in\u00e9e de qualit\u00e9, alliant go\u00fbt et \u00e9quilibre. Chaque","og_url":"https:\/\/nirigs.com\/en\/product\/leader-price-selection-regal-gout-equilibre-dosettes-x36-250-g\/","og_site_name":"NIRIGS","article_modified_time":"2025-06-06T10:33:54+00:00","og_image":[{"width":1000,"height":1000,"url":"https:\/\/nirigs.com\/wp-content\/uploads\/2024\/10\/Leader-Price-Selection-regal-gout-equilibre-dosettes-x36-250-g.jpg","type":"image\/jpeg"}],"twitter_card":"summary_large_image","twitter_misc":{"Est. reading time":"1 minute"},"schema":{"@context":"https:\/\/schema.org","@graph":[{"@type":"WebPage","@id":"https:\/\/nirigs.com\/ar\/product\/leader-price-selection-regal-gout-equilibre-dosettes-x36-250-g\/","url":"https:\/\/nirigs.com\/ar\/product\/leader-price-selection-regal-gout-equilibre-dosettes-x36-250-g\/","name":"Leader Price - S\u00e9lection r\u00e9gal go\u00fbt \u00e9quilibr\u00e9 dosettes x36 - 250 g - NIRIGS","isPartOf":{"@id":"https:\/\/nirigs.com\/#website"},"primaryImageOfPage":{"@id":"https:\/\/nirigs.com\/ar\/product\/leader-price-selection-regal-gout-equilibre-dosettes-x36-250-g\/#primaryimage"},"image":{"@id":"https:\/\/nirigs.com\/ar\/product\/leader-price-selection-regal-gout-equilibre-dosettes-x36-250-g\/#primaryimage"},"thumbnailUrl":"https:\/\/nirigs.com\/wp-content\/uploads\/2024\/10\/Leader-Price-Selection-regal-gout-equilibre-dosettes-x36-250-g.jpg","datePublished":"2024-10-06T15:00:04+00:00","dateModified":"2025-06-06T10:33:54+00:00","breadcrumb":{"@id":"https:\/\/nirigs.com\/ar\/product\/leader-price-selection-regal-gout-equilibre-dosettes-x36-250-g\/#breadcrumb"},"inLanguage":"en-US","potentialAction":[{"@type":"ReadAction","target":["https:\/\/nirigs.com\/ar\/product\/leader-price-selection-regal-gout-equilibre-dosettes-x36-250-g\/"]}]},{"@type":"ImageObject","inLanguage":"en-US","@id":"https:\/\/nirigs.com\/ar\/product\/leader-price-selection-regal-gout-equilibre-dosettes-x36-250-g\/#primaryimage","url":"https:\/\/nirigs.com\/wp-content\/uploads\/2024\/10\/Leader-Price-Selection-regal-gout-equilibre-dosettes-x36-250-g.jpg","contentUrl":"https:\/\/nirigs.com\/wp-content\/uploads\/2024\/10\/Leader-Price-Selection-regal-gout-equilibre-dosettes-x36-250-g.jpg","width":1000,"height":1000},{"@type":"BreadcrumbList","@id":"https:\/\/nirigs.com\/ar\/product\/leader-price-selection-regal-gout-equilibre-dosettes-x36-250-g\/#breadcrumb","itemListElement":[{"@type":"ListItem","position":1,"name":"Home","item":"https:\/\/nirigs.com\/"},{"@type":"ListItem","position":2,"name":"Parcourir","item":"https:\/\/nirigs.com\/boutique\/"},{"@type":"ListItem","position":3,"name":"Leader Price &#8211; S\u00e9lection r\u00e9gal go\u00fbt \u00e9quilibr\u00e9 dosettes x36 &#8211; 250 g"}]},{"@type":"WebSite","@id":"https:\/\/nirigs.com\/#website","url":"https:\/\/nirigs.com\/","name":"Nirigs.com","description":"Simplifiez vos achats du quotidien \u00e0 Djibouti","publisher":{"@id":"https:\/\/nirigs.com\/#organization"},"potentialAction":[{"@type":"SearchAction","target":{"@type":"EntryPoint","urlTemplate":"https:\/\/nirigs.com\/?s={search_term_string}"},"query-input":{"@type":"PropertyValueSpecification","valueRequired":true,"valueName":"search_term_string"}}],"inLanguage":"en-US"},{"@type":"Organization","@id":"https:\/\/nirigs.com\/#organization","name":"Nirigs","url":"https:\/\/nirigs.com\/","logo":{"@type":"ImageObject","inLanguage":"en-US","@id":"https:\/\/nirigs.com\/#\/schema\/logo\/image\/","url":"https:\/\/nirigs.com\/wp-content\/uploads\/2025\/04\/Design-sans-titre-27.png","contentUrl":"https:\/\/nirigs.com\/wp-content\/uploads\/2025\/04\/Design-sans-titre-27.png","width":500,"height":500,"caption":"Nirigs"},"image":{"@id":"https:\/\/nirigs.com\/#\/schema\/logo\/image\/"}}]}},"brands":[{"id":1166,"name":"Leader Price","slug":"leader-price"}],"_links":{"self":[{"href":"https:\/\/nirigs.com\/en\/wp-json\/wp\/v2\/product\/23113","targetHints":{"allow":["GET"]}}],"collection":[{"href":"https:\/\/nirigs.com\/en\/wp-json\/wp\/v2\/product"}],"about":[{"href":"https:\/\/nirigs.com\/en\/wp-json\/wp\/v2\/types\/product"}],"replies":[{"embeddable":true,"href":"https:\/\/nirigs.com\/en\/wp-json\/wp\/v2\/comments?post=23113"}],"version-history":[{"count":2,"href":"https:\/\/nirigs.com\/en\/wp-json\/wp\/v2\/product\/23113\/revisions"}],"predecessor-version":[{"id":26314,"href":"https:\/\/nirigs.com\/en\/wp-json\/wp\/v2\/product\/23113\/revisions\/26314"}],"wp:featuredmedia":[{"embeddable":true,"href":"https:\/\/nirigs.com\/en\/wp-json\/wp\/v2\/media\/26313"}],"wp:attachment":[{"href":"https:\/\/nirigs.com\/en\/wp-json\/wp\/v2\/media?parent=23113"}],"wp:term":[{"taxonomy":"pwb-brand","embeddable":true,"href":"https:\/\/nirigs.com\/en\/wp-json\/wp\/v2\/pwb-brand?post=23113"},{"taxonomy":"product_brand","embeddable":true,"href":"https:\/\/nirigs.com\/en\/wp-json\/wp\/v2\/product_brand?post=23113"},{"taxonomy":"product_cat","embeddable":true,"href":"https:\/\/nirigs.com\/en\/wp-json\/wp\/v2\/product_cat?post=23113"},{"taxonomy":"product_tag","embeddable":true,"href":"https:\/\/nirigs.com\/en\/wp-json\/wp\/v2\/product_tag?post=23113"}],"curies":[{"name":"wp","href":"https:\/\/api.w.org\/{rel}","templated":true}]}}