{"id":23078,"date":"2024-10-06T17:59:51","date_gmt":"2024-10-06T14:59:51","guid":{"rendered":"https:\/\/nirigs.com\/produit\/kellogs-smacks-400-g\/"},"modified":"2025-03-13T17:27:18","modified_gmt":"2025-03-13T14:27:18","slug":"kellogs-smacks-400-g","status":"publish","type":"product","link":"https:\/\/nirigs.com\/en\/product\/kellogs-smacks-400-g\/","title":{"rendered":"Kellog&rsquo;s &#8211;  Smacks &#8211; 400 g"},"content":{"rendered":"<p>Les C\u00e9r\u00e9ales Nesquik Bio sont une d\u00e9licieuse option de petit-d\u00e9jeuner pour les enfants et les adultes. Fabriqu\u00e9es \u00e0 partir d&rsquo;ingr\u00e9dients biologiques, elles allient le go\u00fbt chocolat\u00e9 que les enfants adorent avec une nutrition \u00e9quilibr\u00e9e, parfaites pour bien commencer la journ\u00e9e.<\/p>\n<h4>Ingredients:<\/h4>\n<p>Flocons de ma\u00efs (55%), sucre de canne, poudre de cacao maigre (7%), sirop de glucose, huile de tournesol, sel, ar\u00f4mes naturels, vitamines (vitamine B1, B2, B6, D, et acide folique).<\/p>\n<p>* Ingr\u00e9dients issus de l&rsquo;agriculture biologique.<\/p>\n<h4>Advantages :<\/h4>\n<ul>\n<li>Biologiques : Certifi\u00e9 bio, sans pesticides ni herbicides.<\/li>\n<li>Riche en fibres : Favorise une digestion saine.<\/li>\n<li>Vitamines et min\u00e9raux : Contient des vitamines essentielles pour le d\u00e9veloppement des enfants.<\/li>\n<li>Sans huile de palme : Pour une consommation plus responsable.<\/li>\n<li>D\u00e9licieux go\u00fbt chocolat\u00e9 : Appr\u00e9ci\u00e9 par les enfants, encourageant une alimentation saine.<\/li>\n<\/ul>\n<h4>Manual :<\/h4>\n<ol>\n<li>Versez une portion de C\u00e9r\u00e9ales Nesquik Bio dans un bol.<\/li>\n<li>Ajoutez du lait froid ou chaud selon votre pr\u00e9f\u00e9rence.<\/li>\n<li>M\u00e9langez et savourez votre petit-d\u00e9jeuner ou en-cas.<\/li>\n<li>Pour plus de plaisir, vous pouvez ajouter des fruits frais ou des noix.<\/li>\n<\/ol>\n<h4>Precautions :<\/h4>\n<ul>\n<li>Conserver dans un endroit frais et sec, \u00e0 l&rsquo;abri de la lumi\u00e8re.<\/li>\n<li>Ne pas d\u00e9passer la dose recommand\u00e9e si le produit est utilis\u00e9 dans le cadre d&rsquo;une alimentation \u00e9quilibr\u00e9e.<\/li>\n<li>Contient des allerg\u00e8nes potentiels : c\u00e9r\u00e9ales contenant du gluten. V\u00e9rifiez toujours la liste des ingr\u00e9dients pour d&rsquo;\u00e9ventuelles allergies.<\/li>\n<\/ul>","protected":false},"excerpt":{"rendered":"<p>Les C\u00e9r\u00e9ales Nesquik Bio sont une d\u00e9licieuse option de petit-d\u00e9jeuner pour les enfants et les adultes. Fabriqu\u00e9es \u00e0 partir d&rsquo;ingr\u00e9dients<\/p>","protected":false},"featured_media":26637,"comment_status":"open","ping_status":"closed","template":"","meta":[],"pwb-brand":[1265],"product_brand":[],"product_cat":[941,942,275],"product_tag":[],"class_list":{"0":"post-23078","1":"product","2":"type-product","3":"status-publish","4":"has-post-thumbnail","6":"pwb-brand-kellogs","7":"product_cat-cereales-pour-petit-dejeuner","8":"product_cat-cereales-pretes-a-consommer","9":"product_cat-epicerie","11":"first","12":"instock","13":"shipping-taxable","14":"purchasable","15":"product-type-simple"},"yoast_head":"<!-- This site is optimized with the Yoast SEO plugin v27.1.1 - https:\/\/yoast.com\/product\/yoast-seo-wordpress\/ -->\n<title>Kellog&#039;s - Smacks - 400 g - NIRIGS<\/title>\n<meta name=\"robots\" content=\"index, follow, max-snippet:-1, max-image-preview:large, max-video-preview:-1\" \/>\n<link rel=\"canonical\" href=\"https:\/\/nirigs.com\/en\/product\/kellogs-smacks-400-g\/\" \/>\n<meta property=\"og:locale\" content=\"en_US\" \/>\n<meta property=\"og:type\" content=\"article\" \/>\n<meta property=\"og:title\" content=\"Kellog&#039;s - Smacks - 400 g - NIRIGS\" \/>\n<meta property=\"og:description\" content=\"Les C\u00e9r\u00e9ales Nesquik Bio sont une d\u00e9licieuse option de petit-d\u00e9jeuner pour les enfants et les adultes. Fabriqu\u00e9es \u00e0 partir d&rsquo;ingr\u00e9dients\" \/>\n<meta property=\"og:url\" content=\"https:\/\/nirigs.com\/en\/product\/kellogs-smacks-400-g\/\" \/>\n<meta property=\"og:site_name\" content=\"NIRIGS\" \/>\n<meta property=\"article:modified_time\" content=\"2025-03-13T14:27:18+00:00\" \/>\n<meta property=\"og:image\" content=\"https:\/\/nirigs.com\/wp-content\/uploads\/2024\/10\/Kellogs-Smacks-400-g.jpg\" \/>\n\t<meta property=\"og:image:width\" content=\"1000\" \/>\n\t<meta property=\"og:image:height\" content=\"1000\" \/>\n\t<meta property=\"og:image:type\" content=\"image\/jpeg\" \/>\n<meta name=\"twitter:card\" content=\"summary_large_image\" \/>\n<meta name=\"twitter:label1\" content=\"Est. reading time\" \/>\n\t<meta name=\"twitter:data1\" content=\"1 minute\" \/>\n<script type=\"application\/ld+json\" class=\"yoast-schema-graph\">{\"@context\":\"https:\/\/schema.org\",\"@graph\":[{\"@type\":\"WebPage\",\"@id\":\"https:\/\/nirigs.com\/product\/kellogs-smacks-400-g\/\",\"url\":\"https:\/\/nirigs.com\/product\/kellogs-smacks-400-g\/\",\"name\":\"Kellog's - Smacks - 400 g - NIRIGS\",\"isPartOf\":{\"@id\":\"https:\/\/nirigs.com\/#website\"},\"primaryImageOfPage\":{\"@id\":\"https:\/\/nirigs.com\/product\/kellogs-smacks-400-g\/#primaryimage\"},\"image\":{\"@id\":\"https:\/\/nirigs.com\/product\/kellogs-smacks-400-g\/#primaryimage\"},\"thumbnailUrl\":\"https:\/\/nirigs.com\/wp-content\/uploads\/2024\/10\/Kellogs-Smacks-400-g.jpg\",\"datePublished\":\"2024-10-06T14:59:51+00:00\",\"dateModified\":\"2025-03-13T14:27:18+00:00\",\"breadcrumb\":{\"@id\":\"https:\/\/nirigs.com\/product\/kellogs-smacks-400-g\/#breadcrumb\"},\"inLanguage\":\"en-US\",\"potentialAction\":[{\"@type\":\"ReadAction\",\"target\":[\"https:\/\/nirigs.com\/product\/kellogs-smacks-400-g\/\"]}]},{\"@type\":\"ImageObject\",\"inLanguage\":\"en-US\",\"@id\":\"https:\/\/nirigs.com\/product\/kellogs-smacks-400-g\/#primaryimage\",\"url\":\"https:\/\/nirigs.com\/wp-content\/uploads\/2024\/10\/Kellogs-Smacks-400-g.jpg\",\"contentUrl\":\"https:\/\/nirigs.com\/wp-content\/uploads\/2024\/10\/Kellogs-Smacks-400-g.jpg\",\"width\":1000,\"height\":1000},{\"@type\":\"BreadcrumbList\",\"@id\":\"https:\/\/nirigs.com\/product\/kellogs-smacks-400-g\/#breadcrumb\",\"itemListElement\":[{\"@type\":\"ListItem\",\"position\":1,\"name\":\"Home\",\"item\":\"https:\/\/nirigs.com\/\"},{\"@type\":\"ListItem\",\"position\":2,\"name\":\"Parcourir\",\"item\":\"https:\/\/nirigs.com\/boutique\/\"},{\"@type\":\"ListItem\",\"position\":3,\"name\":\"Kellog&rsquo;s &#8211; Smacks &#8211; 400 g\"}]},{\"@type\":\"WebSite\",\"@id\":\"https:\/\/nirigs.com\/#website\",\"url\":\"https:\/\/nirigs.com\/\",\"name\":\"Nirigs.com\",\"description\":\"Simplifiez vos achats du quotidien \u00e0 Djibouti\",\"publisher\":{\"@id\":\"https:\/\/nirigs.com\/#organization\"},\"potentialAction\":[{\"@type\":\"SearchAction\",\"target\":{\"@type\":\"EntryPoint\",\"urlTemplate\":\"https:\/\/nirigs.com\/?s={search_term_string}\"},\"query-input\":{\"@type\":\"PropertyValueSpecification\",\"valueRequired\":true,\"valueName\":\"search_term_string\"}}],\"inLanguage\":\"en-US\"},{\"@type\":\"Organization\",\"@id\":\"https:\/\/nirigs.com\/#organization\",\"name\":\"Nirigs\",\"url\":\"https:\/\/nirigs.com\/\",\"logo\":{\"@type\":\"ImageObject\",\"inLanguage\":\"en-US\",\"@id\":\"https:\/\/nirigs.com\/#\/schema\/logo\/image\/\",\"url\":\"https:\/\/nirigs.com\/wp-content\/uploads\/2025\/04\/Design-sans-titre-27.png\",\"contentUrl\":\"https:\/\/nirigs.com\/wp-content\/uploads\/2025\/04\/Design-sans-titre-27.png\",\"width\":500,\"height\":500,\"caption\":\"Nirigs\"},\"image\":{\"@id\":\"https:\/\/nirigs.com\/#\/schema\/logo\/image\/\"}}]}<\/script>\n<!-- \/ Yoast SEO plugin. -->","yoast_head_json":{"title":"Kellog's - Smacks - 400 g - NIRIGS","robots":{"index":"index","follow":"follow","max-snippet":"max-snippet:-1","max-image-preview":"max-image-preview:large","max-video-preview":"max-video-preview:-1"},"canonical":"https:\/\/nirigs.com\/en\/product\/kellogs-smacks-400-g\/","og_locale":"en_US","og_type":"article","og_title":"Kellog's - Smacks - 400 g - NIRIGS","og_description":"Les C\u00e9r\u00e9ales Nesquik Bio sont une d\u00e9licieuse option de petit-d\u00e9jeuner pour les enfants et les adultes. Fabriqu\u00e9es \u00e0 partir d&rsquo;ingr\u00e9dients","og_url":"https:\/\/nirigs.com\/en\/product\/kellogs-smacks-400-g\/","og_site_name":"NIRIGS","article_modified_time":"2025-03-13T14:27:18+00:00","og_image":[{"width":1000,"height":1000,"url":"https:\/\/nirigs.com\/wp-content\/uploads\/2024\/10\/Kellogs-Smacks-400-g.jpg","type":"image\/jpeg"}],"twitter_card":"summary_large_image","twitter_misc":{"Est. reading time":"1 minute"},"schema":{"@context":"https:\/\/schema.org","@graph":[{"@type":"WebPage","@id":"https:\/\/nirigs.com\/product\/kellogs-smacks-400-g\/","url":"https:\/\/nirigs.com\/product\/kellogs-smacks-400-g\/","name":"Kellog's - Smacks - 400 g - NIRIGS","isPartOf":{"@id":"https:\/\/nirigs.com\/#website"},"primaryImageOfPage":{"@id":"https:\/\/nirigs.com\/product\/kellogs-smacks-400-g\/#primaryimage"},"image":{"@id":"https:\/\/nirigs.com\/product\/kellogs-smacks-400-g\/#primaryimage"},"thumbnailUrl":"https:\/\/nirigs.com\/wp-content\/uploads\/2024\/10\/Kellogs-Smacks-400-g.jpg","datePublished":"2024-10-06T14:59:51+00:00","dateModified":"2025-03-13T14:27:18+00:00","breadcrumb":{"@id":"https:\/\/nirigs.com\/product\/kellogs-smacks-400-g\/#breadcrumb"},"inLanguage":"en-US","potentialAction":[{"@type":"ReadAction","target":["https:\/\/nirigs.com\/product\/kellogs-smacks-400-g\/"]}]},{"@type":"ImageObject","inLanguage":"en-US","@id":"https:\/\/nirigs.com\/product\/kellogs-smacks-400-g\/#primaryimage","url":"https:\/\/nirigs.com\/wp-content\/uploads\/2024\/10\/Kellogs-Smacks-400-g.jpg","contentUrl":"https:\/\/nirigs.com\/wp-content\/uploads\/2024\/10\/Kellogs-Smacks-400-g.jpg","width":1000,"height":1000},{"@type":"BreadcrumbList","@id":"https:\/\/nirigs.com\/product\/kellogs-smacks-400-g\/#breadcrumb","itemListElement":[{"@type":"ListItem","position":1,"name":"Home","item":"https:\/\/nirigs.com\/"},{"@type":"ListItem","position":2,"name":"Parcourir","item":"https:\/\/nirigs.com\/boutique\/"},{"@type":"ListItem","position":3,"name":"Kellog&rsquo;s &#8211; Smacks &#8211; 400 g"}]},{"@type":"WebSite","@id":"https:\/\/nirigs.com\/#website","url":"https:\/\/nirigs.com\/","name":"Nirigs.com","description":"Simplifiez vos achats du quotidien \u00e0 Djibouti","publisher":{"@id":"https:\/\/nirigs.com\/#organization"},"potentialAction":[{"@type":"SearchAction","target":{"@type":"EntryPoint","urlTemplate":"https:\/\/nirigs.com\/?s={search_term_string}"},"query-input":{"@type":"PropertyValueSpecification","valueRequired":true,"valueName":"search_term_string"}}],"inLanguage":"en-US"},{"@type":"Organization","@id":"https:\/\/nirigs.com\/#organization","name":"Nirigs","url":"https:\/\/nirigs.com\/","logo":{"@type":"ImageObject","inLanguage":"en-US","@id":"https:\/\/nirigs.com\/#\/schema\/logo\/image\/","url":"https:\/\/nirigs.com\/wp-content\/uploads\/2025\/04\/Design-sans-titre-27.png","contentUrl":"https:\/\/nirigs.com\/wp-content\/uploads\/2025\/04\/Design-sans-titre-27.png","width":500,"height":500,"caption":"Nirigs"},"image":{"@id":"https:\/\/nirigs.com\/#\/schema\/logo\/image\/"}}]}},"brands":[{"id":1265,"name":"Kellog's","slug":"kellogs"}],"_links":{"self":[{"href":"https:\/\/nirigs.com\/en\/wp-json\/wp\/v2\/product\/23078","targetHints":{"allow":["GET"]}}],"collection":[{"href":"https:\/\/nirigs.com\/en\/wp-json\/wp\/v2\/product"}],"about":[{"href":"https:\/\/nirigs.com\/en\/wp-json\/wp\/v2\/types\/product"}],"replies":[{"embeddable":true,"href":"https:\/\/nirigs.com\/en\/wp-json\/wp\/v2\/comments?post=23078"}],"version-history":[{"count":3,"href":"https:\/\/nirigs.com\/en\/wp-json\/wp\/v2\/product\/23078\/revisions"}],"predecessor-version":[{"id":26636,"href":"https:\/\/nirigs.com\/en\/wp-json\/wp\/v2\/product\/23078\/revisions\/26636"}],"wp:featuredmedia":[{"embeddable":true,"href":"https:\/\/nirigs.com\/en\/wp-json\/wp\/v2\/media\/26637"}],"wp:attachment":[{"href":"https:\/\/nirigs.com\/en\/wp-json\/wp\/v2\/media?parent=23078"}],"wp:term":[{"taxonomy":"pwb-brand","embeddable":true,"href":"https:\/\/nirigs.com\/en\/wp-json\/wp\/v2\/pwb-brand?post=23078"},{"taxonomy":"product_brand","embeddable":true,"href":"https:\/\/nirigs.com\/en\/wp-json\/wp\/v2\/product_brand?post=23078"},{"taxonomy":"product_cat","embeddable":true,"href":"https:\/\/nirigs.com\/en\/wp-json\/wp\/v2\/product_cat?post=23078"},{"taxonomy":"product_tag","embeddable":true,"href":"https:\/\/nirigs.com\/en\/wp-json\/wp\/v2\/product_tag?post=23078"}],"curies":[{"name":"wp","href":"https:\/\/api.w.org\/{rel}","templated":true}]}}