{"id":23071,"date":"2024-10-06T17:59:49","date_gmt":"2024-10-06T14:59:49","guid":{"rendered":"https:\/\/nirigs.com\/produit\/leader-price-topcao-cereales-chocolatees-fourrage-au-chocolat-500-g\/"},"modified":"2025-03-13T17:27:35","modified_gmt":"2025-03-13T14:27:35","slug":"leader-price-topcao-cereales-chocolatees-fourrage-au-chocolat-500-g","status":"publish","type":"product","link":"https:\/\/nirigs.com\/en\/product\/leader-price-topcao-cereales-chocolatees-fourrage-au-chocolat-500-g\/","title":{"rendered":"Leader Price &#8211; Topcao &#8211; c\u00e9r\u00e9ales chocolat\u00e9es fourrage au chocolat &#8211; 500 g"},"content":{"rendered":"<p>Les c\u00e9r\u00e9ales Topcao de Leader Price sont des boules croustillantes enrob\u00e9es de chocolat, avec un c\u0153ur fondant au chocolat. Ces c\u00e9r\u00e9ales sont id\u00e9ales pour un petit-d\u00e9jeuner ou un go\u00fbter gourmand, pour bien d\u00e9marrer la journ\u00e9e avec une touche chocolat\u00e9e.<\/p>\n<h4>Ingredients:<\/h4>\n<p>Farine de bl\u00e9, sucre, cacao maigre en poudre, chocolat (sucre, p\u00e2te de cacao, beurre de cacao), mati\u00e8res grasses v\u00e9g\u00e9tales, sirop de glucose, poudre de lait \u00e9cr\u00e9m\u00e9, extrait de malt d\u2019orge, sel, \u00e9mulsifiant : l\u00e9cithine de soja, ar\u00f4me naturel de vanille.<\/p>\n<h4>Advantages :<\/h4>\n<ul>\n<li>Go\u00fbt gourmand : un m\u00e9lange parfait entre croustillant et fondant.<\/li>\n<li>Source d\u2019\u00e9nergie : id\u00e9al pour un petit-d\u00e9jeuner ou une collation.<\/li>\n<li>Appr\u00e9ci\u00e9 des enfants et des adultes : un plaisir pour toute la famille.<\/li>\n<li>Facile et rapide \u00e0 pr\u00e9parer : parfait pour les matins press\u00e9s.<\/li>\n<\/ul>\n<h4>Manual :<\/h4>\n<ol>\n<li>Versez une portion de c\u00e9r\u00e9ales (environ 30 \u00e0 40 g) dans un bol.<\/li>\n<li>Ajoutez du lait (froid ou chaud selon votre pr\u00e9f\u00e9rence).<\/li>\n<li>D\u00e9gustez imm\u00e9diatement pour conserver le croustillant.<\/li>\n<\/ol>\n<h4>Precautions :<\/h4>\n<ul>\n<li>\u00c0 conserver dans un endroit frais et sec, \u00e0 l\u2019abri de l\u2019humidit\u00e9.<\/li>\n<li>Bien refermer le paquet apr\u00e8s utilisation.<\/li>\n<li>Produit contenant du gluten, du soja et des produits laitiers ; ne convient pas aux personnes allergiques \u00e0 ces ingr\u00e9dients.<\/li>\n<\/ul>","protected":false},"excerpt":{"rendered":"<p>Les c\u00e9r\u00e9ales Topcao de Leader Price sont des boules croustillantes enrob\u00e9es de chocolat, avec un c\u0153ur fondant au chocolat. Ces<\/p>","protected":false},"featured_media":26711,"comment_status":"open","ping_status":"closed","template":"","meta":[],"pwb-brand":[],"product_brand":[],"product_cat":[941,942,275],"product_tag":[],"class_list":{"0":"post-23071","1":"product","2":"type-product","3":"status-publish","4":"has-post-thumbnail","6":"product_cat-cereales-pour-petit-dejeuner","7":"product_cat-cereales-pretes-a-consommer","8":"product_cat-epicerie","10":"first","11":"instock","12":"shipping-taxable","13":"purchasable","14":"product-type-simple"},"yoast_head":"<!-- This site is optimized with the Yoast SEO plugin v27.1.1 - https:\/\/yoast.com\/product\/yoast-seo-wordpress\/ -->\n<title>Leader Price - Topcao - c\u00e9r\u00e9ales chocolat\u00e9es fourrage au chocolat - 500 g - NIRIGS<\/title>\n<meta name=\"robots\" content=\"index, follow, max-snippet:-1, max-image-preview:large, max-video-preview:-1\" \/>\n<link rel=\"canonical\" href=\"https:\/\/nirigs.com\/en\/product\/leader-price-topcao-cereales-chocolatees-fourrage-au-chocolat-500-g\/\" \/>\n<meta property=\"og:locale\" content=\"en_US\" \/>\n<meta property=\"og:type\" content=\"article\" \/>\n<meta property=\"og:title\" content=\"Leader Price - Topcao - c\u00e9r\u00e9ales chocolat\u00e9es fourrage au chocolat - 500 g - NIRIGS\" \/>\n<meta property=\"og:description\" content=\"Les c\u00e9r\u00e9ales Topcao de Leader Price sont des boules croustillantes enrob\u00e9es de chocolat, avec un c\u0153ur fondant au chocolat. Ces\" \/>\n<meta property=\"og:url\" content=\"https:\/\/nirigs.com\/en\/product\/leader-price-topcao-cereales-chocolatees-fourrage-au-chocolat-500-g\/\" \/>\n<meta property=\"og:site_name\" content=\"NIRIGS\" \/>\n<meta property=\"article:modified_time\" content=\"2025-03-13T14:27:35+00:00\" \/>\n<meta property=\"og:image\" content=\"https:\/\/nirigs.com\/wp-content\/uploads\/2024\/10\/Leader-Price-Topcao-cereales-chocolatees-fourrage-au-chocolat-500-g.jpg\" \/>\n\t<meta property=\"og:image:width\" content=\"1000\" \/>\n\t<meta property=\"og:image:height\" content=\"1000\" \/>\n\t<meta property=\"og:image:type\" content=\"image\/jpeg\" \/>\n<meta name=\"twitter:card\" content=\"summary_large_image\" \/>\n<meta name=\"twitter:label1\" content=\"Est. reading time\" \/>\n\t<meta name=\"twitter:data1\" content=\"1 minute\" \/>\n<script type=\"application\/ld+json\" class=\"yoast-schema-graph\">{\"@context\":\"https:\/\/schema.org\",\"@graph\":[{\"@type\":\"WebPage\",\"@id\":\"https:\/\/nirigs.com\/product\/leader-price-topcao-cereales-chocolatees-fourrage-au-chocolat-500-g\/\",\"url\":\"https:\/\/nirigs.com\/product\/leader-price-topcao-cereales-chocolatees-fourrage-au-chocolat-500-g\/\",\"name\":\"Leader Price - Topcao - c\u00e9r\u00e9ales chocolat\u00e9es fourrage au chocolat - 500 g - NIRIGS\",\"isPartOf\":{\"@id\":\"https:\/\/nirigs.com\/#website\"},\"primaryImageOfPage\":{\"@id\":\"https:\/\/nirigs.com\/product\/leader-price-topcao-cereales-chocolatees-fourrage-au-chocolat-500-g\/#primaryimage\"},\"image\":{\"@id\":\"https:\/\/nirigs.com\/product\/leader-price-topcao-cereales-chocolatees-fourrage-au-chocolat-500-g\/#primaryimage\"},\"thumbnailUrl\":\"https:\/\/nirigs.com\/wp-content\/uploads\/2024\/10\/Leader-Price-Topcao-cereales-chocolatees-fourrage-au-chocolat-500-g.jpg\",\"datePublished\":\"2024-10-06T14:59:49+00:00\",\"dateModified\":\"2025-03-13T14:27:35+00:00\",\"breadcrumb\":{\"@id\":\"https:\/\/nirigs.com\/product\/leader-price-topcao-cereales-chocolatees-fourrage-au-chocolat-500-g\/#breadcrumb\"},\"inLanguage\":\"en-US\",\"potentialAction\":[{\"@type\":\"ReadAction\",\"target\":[\"https:\/\/nirigs.com\/product\/leader-price-topcao-cereales-chocolatees-fourrage-au-chocolat-500-g\/\"]}]},{\"@type\":\"ImageObject\",\"inLanguage\":\"en-US\",\"@id\":\"https:\/\/nirigs.com\/product\/leader-price-topcao-cereales-chocolatees-fourrage-au-chocolat-500-g\/#primaryimage\",\"url\":\"https:\/\/nirigs.com\/wp-content\/uploads\/2024\/10\/Leader-Price-Topcao-cereales-chocolatees-fourrage-au-chocolat-500-g.jpg\",\"contentUrl\":\"https:\/\/nirigs.com\/wp-content\/uploads\/2024\/10\/Leader-Price-Topcao-cereales-chocolatees-fourrage-au-chocolat-500-g.jpg\",\"width\":1000,\"height\":1000},{\"@type\":\"BreadcrumbList\",\"@id\":\"https:\/\/nirigs.com\/product\/leader-price-topcao-cereales-chocolatees-fourrage-au-chocolat-500-g\/#breadcrumb\",\"itemListElement\":[{\"@type\":\"ListItem\",\"position\":1,\"name\":\"Home\",\"item\":\"https:\/\/nirigs.com\/\"},{\"@type\":\"ListItem\",\"position\":2,\"name\":\"Parcourir\",\"item\":\"https:\/\/nirigs.com\/boutique\/\"},{\"@type\":\"ListItem\",\"position\":3,\"name\":\"Leader Price &#8211; Topcao &#8211; c\u00e9r\u00e9ales chocolat\u00e9es fourrage au chocolat &#8211; 500 g\"}]},{\"@type\":\"WebSite\",\"@id\":\"https:\/\/nirigs.com\/#website\",\"url\":\"https:\/\/nirigs.com\/\",\"name\":\"Nirigs.com\",\"description\":\"Simplifiez vos achats du quotidien \u00e0 Djibouti\",\"publisher\":{\"@id\":\"https:\/\/nirigs.com\/#organization\"},\"potentialAction\":[{\"@type\":\"SearchAction\",\"target\":{\"@type\":\"EntryPoint\",\"urlTemplate\":\"https:\/\/nirigs.com\/?s={search_term_string}\"},\"query-input\":{\"@type\":\"PropertyValueSpecification\",\"valueRequired\":true,\"valueName\":\"search_term_string\"}}],\"inLanguage\":\"en-US\"},{\"@type\":\"Organization\",\"@id\":\"https:\/\/nirigs.com\/#organization\",\"name\":\"Nirigs\",\"url\":\"https:\/\/nirigs.com\/\",\"logo\":{\"@type\":\"ImageObject\",\"inLanguage\":\"en-US\",\"@id\":\"https:\/\/nirigs.com\/#\/schema\/logo\/image\/\",\"url\":\"https:\/\/nirigs.com\/wp-content\/uploads\/2025\/04\/Design-sans-titre-27.png\",\"contentUrl\":\"https:\/\/nirigs.com\/wp-content\/uploads\/2025\/04\/Design-sans-titre-27.png\",\"width\":500,\"height\":500,\"caption\":\"Nirigs\"},\"image\":{\"@id\":\"https:\/\/nirigs.com\/#\/schema\/logo\/image\/\"}}]}<\/script>\n<!-- \/ Yoast SEO plugin. -->","yoast_head_json":{"title":"Leader Price - Topcao - c\u00e9r\u00e9ales chocolat\u00e9es fourrage au chocolat - 500 g - NIRIGS","robots":{"index":"index","follow":"follow","max-snippet":"max-snippet:-1","max-image-preview":"max-image-preview:large","max-video-preview":"max-video-preview:-1"},"canonical":"https:\/\/nirigs.com\/en\/product\/leader-price-topcao-cereales-chocolatees-fourrage-au-chocolat-500-g\/","og_locale":"en_US","og_type":"article","og_title":"Leader Price - Topcao - c\u00e9r\u00e9ales chocolat\u00e9es fourrage au chocolat - 500 g - NIRIGS","og_description":"Les c\u00e9r\u00e9ales Topcao de Leader Price sont des boules croustillantes enrob\u00e9es de chocolat, avec un c\u0153ur fondant au chocolat. Ces","og_url":"https:\/\/nirigs.com\/en\/product\/leader-price-topcao-cereales-chocolatees-fourrage-au-chocolat-500-g\/","og_site_name":"NIRIGS","article_modified_time":"2025-03-13T14:27:35+00:00","og_image":[{"width":1000,"height":1000,"url":"https:\/\/nirigs.com\/wp-content\/uploads\/2024\/10\/Leader-Price-Topcao-cereales-chocolatees-fourrage-au-chocolat-500-g.jpg","type":"image\/jpeg"}],"twitter_card":"summary_large_image","twitter_misc":{"Est. reading time":"1 minute"},"schema":{"@context":"https:\/\/schema.org","@graph":[{"@type":"WebPage","@id":"https:\/\/nirigs.com\/product\/leader-price-topcao-cereales-chocolatees-fourrage-au-chocolat-500-g\/","url":"https:\/\/nirigs.com\/product\/leader-price-topcao-cereales-chocolatees-fourrage-au-chocolat-500-g\/","name":"Leader Price - Topcao - c\u00e9r\u00e9ales chocolat\u00e9es fourrage au chocolat - 500 g - NIRIGS","isPartOf":{"@id":"https:\/\/nirigs.com\/#website"},"primaryImageOfPage":{"@id":"https:\/\/nirigs.com\/product\/leader-price-topcao-cereales-chocolatees-fourrage-au-chocolat-500-g\/#primaryimage"},"image":{"@id":"https:\/\/nirigs.com\/product\/leader-price-topcao-cereales-chocolatees-fourrage-au-chocolat-500-g\/#primaryimage"},"thumbnailUrl":"https:\/\/nirigs.com\/wp-content\/uploads\/2024\/10\/Leader-Price-Topcao-cereales-chocolatees-fourrage-au-chocolat-500-g.jpg","datePublished":"2024-10-06T14:59:49+00:00","dateModified":"2025-03-13T14:27:35+00:00","breadcrumb":{"@id":"https:\/\/nirigs.com\/product\/leader-price-topcao-cereales-chocolatees-fourrage-au-chocolat-500-g\/#breadcrumb"},"inLanguage":"en-US","potentialAction":[{"@type":"ReadAction","target":["https:\/\/nirigs.com\/product\/leader-price-topcao-cereales-chocolatees-fourrage-au-chocolat-500-g\/"]}]},{"@type":"ImageObject","inLanguage":"en-US","@id":"https:\/\/nirigs.com\/product\/leader-price-topcao-cereales-chocolatees-fourrage-au-chocolat-500-g\/#primaryimage","url":"https:\/\/nirigs.com\/wp-content\/uploads\/2024\/10\/Leader-Price-Topcao-cereales-chocolatees-fourrage-au-chocolat-500-g.jpg","contentUrl":"https:\/\/nirigs.com\/wp-content\/uploads\/2024\/10\/Leader-Price-Topcao-cereales-chocolatees-fourrage-au-chocolat-500-g.jpg","width":1000,"height":1000},{"@type":"BreadcrumbList","@id":"https:\/\/nirigs.com\/product\/leader-price-topcao-cereales-chocolatees-fourrage-au-chocolat-500-g\/#breadcrumb","itemListElement":[{"@type":"ListItem","position":1,"name":"Home","item":"https:\/\/nirigs.com\/"},{"@type":"ListItem","position":2,"name":"Parcourir","item":"https:\/\/nirigs.com\/boutique\/"},{"@type":"ListItem","position":3,"name":"Leader Price &#8211; Topcao &#8211; c\u00e9r\u00e9ales chocolat\u00e9es fourrage au chocolat &#8211; 500 g"}]},{"@type":"WebSite","@id":"https:\/\/nirigs.com\/#website","url":"https:\/\/nirigs.com\/","name":"Nirigs.com","description":"Simplifiez vos achats du quotidien \u00e0 Djibouti","publisher":{"@id":"https:\/\/nirigs.com\/#organization"},"potentialAction":[{"@type":"SearchAction","target":{"@type":"EntryPoint","urlTemplate":"https:\/\/nirigs.com\/?s={search_term_string}"},"query-input":{"@type":"PropertyValueSpecification","valueRequired":true,"valueName":"search_term_string"}}],"inLanguage":"en-US"},{"@type":"Organization","@id":"https:\/\/nirigs.com\/#organization","name":"Nirigs","url":"https:\/\/nirigs.com\/","logo":{"@type":"ImageObject","inLanguage":"en-US","@id":"https:\/\/nirigs.com\/#\/schema\/logo\/image\/","url":"https:\/\/nirigs.com\/wp-content\/uploads\/2025\/04\/Design-sans-titre-27.png","contentUrl":"https:\/\/nirigs.com\/wp-content\/uploads\/2025\/04\/Design-sans-titre-27.png","width":500,"height":500,"caption":"Nirigs"},"image":{"@id":"https:\/\/nirigs.com\/#\/schema\/logo\/image\/"}}]}},"brands":[],"_links":{"self":[{"href":"https:\/\/nirigs.com\/en\/wp-json\/wp\/v2\/product\/23071","targetHints":{"allow":["GET"]}}],"collection":[{"href":"https:\/\/nirigs.com\/en\/wp-json\/wp\/v2\/product"}],"about":[{"href":"https:\/\/nirigs.com\/en\/wp-json\/wp\/v2\/types\/product"}],"replies":[{"embeddable":true,"href":"https:\/\/nirigs.com\/en\/wp-json\/wp\/v2\/comments?post=23071"}],"version-history":[{"count":4,"href":"https:\/\/nirigs.com\/en\/wp-json\/wp\/v2\/product\/23071\/revisions"}],"predecessor-version":[{"id":26876,"href":"https:\/\/nirigs.com\/en\/wp-json\/wp\/v2\/product\/23071\/revisions\/26876"}],"wp:featuredmedia":[{"embeddable":true,"href":"https:\/\/nirigs.com\/en\/wp-json\/wp\/v2\/media\/26711"}],"wp:attachment":[{"href":"https:\/\/nirigs.com\/en\/wp-json\/wp\/v2\/media?parent=23071"}],"wp:term":[{"taxonomy":"pwb-brand","embeddable":true,"href":"https:\/\/nirigs.com\/en\/wp-json\/wp\/v2\/pwb-brand?post=23071"},{"taxonomy":"product_brand","embeddable":true,"href":"https:\/\/nirigs.com\/en\/wp-json\/wp\/v2\/product_brand?post=23071"},{"taxonomy":"product_cat","embeddable":true,"href":"https:\/\/nirigs.com\/en\/wp-json\/wp\/v2\/product_cat?post=23071"},{"taxonomy":"product_tag","embeddable":true,"href":"https:\/\/nirigs.com\/en\/wp-json\/wp\/v2\/product_tag?post=23071"}],"curies":[{"name":"wp","href":"https:\/\/api.w.org\/{rel}","templated":true}]}}