{"id":23070,"date":"2024-10-06T17:59:48","date_gmt":"2024-10-06T14:59:48","guid":{"rendered":"https:\/\/nirigs.com\/produit\/oreo-os-cereales-350-g\/"},"modified":"2025-03-13T17:29:29","modified_gmt":"2025-03-13T14:29:29","slug":"oreo-os-cereales-350-g","status":"publish","type":"product","link":"https:\/\/nirigs.com\/en\/product\/oreo-os-cereales-350-g\/","title":{"rendered":"Oreo &#8211; O&rsquo;s &#8211; C\u00e9reales &#8211; 350 g"},"content":{"rendered":"<p>Les c\u00e9r\u00e9ales Oreo O&rsquo;s vous apportent le go\u00fbt unique et iconique des biscuits Oreo dans un format de c\u00e9r\u00e9ales parfait pour le petit d\u00e9jeuner. En forme de petits anneaux et croquantes \u00e0 souhait, elles sont id\u00e9ales pour bien commencer la journ\u00e9e ou pour une collation gourmande. Savourez ce m\u00e9lange d\u00e9licieux de chocolat et de cr\u00e8me qui ravira les amateurs de saveurs sucr\u00e9es.<\/p>\n<h4><strong>Ingredients:<\/strong><\/h4>\n<p>Farine de bl\u00e9, sucre, cacao en poudre, poudre de lait \u00e9cr\u00e9m\u00e9, amidon de ma\u00efs, sel, carbonate de calcium, graisse v\u00e9g\u00e9tale, carbonate de sodium, \u00e9mulsifiants : l\u00e9cithine de soja, ar\u00f4mes, vitamines et min\u00e9raux.<\/p>\n<h4>Advantages :<\/h4>\n<ul>\n<li>Go\u00fbt unique des Oreo : Retrouve le go\u00fbt embl\u00e9matique des biscuits Oreo dans chaque bouch\u00e9e.<\/li>\n<li>Source de vitamines et de min\u00e9raux : Contient des \u00e9l\u00e9ments essentiels pour bien commencer la journ\u00e9e.<\/li>\n<li>Texture croquante : Apporte un contraste agr\u00e9able avec le lait ou les yaourts.<\/li>\n<li>Polyvalent : Peut \u00eatre consomm\u00e9 en petit d\u00e9jeuner ou en collation \u00e0 tout moment de la journ\u00e9e.<\/li>\n<\/ul>\n<h4>Manual :<\/h4>\n<ol>\n<li>Versez les c\u00e9r\u00e9ales Oreo O&rsquo;s dans un bol.<\/li>\n<li>Ajoutez du lait froid pour une exp\u00e9rience rafra\u00eechissante, ou du lait chaud pour plus de douceur.<\/li>\n<li>D\u00e9gustez les c\u00e9r\u00e9ales seules ou ajoutez des fruits frais pour une touche de fra\u00eecheur.<\/li>\n<\/ol>\n<h4>Pr\u00e9cautions d&rsquo;utilisation :<\/h4>\n<ul>\n<li>Contient du bl\u00e9, du lait et du soja. Peut \u00e9galement contenir des traces de fruits \u00e0 coque.<\/li>\n<li>Gardez les c\u00e9r\u00e9ales dans un endroit frais et sec pour pr\u00e9server leur croquant.<\/li>\n<li>Convient aux enfants de plus de 3 ans, sous la supervision d&rsquo;un adulte.<\/li>\n<\/ul>","protected":false},"excerpt":{"rendered":"<p>Les c\u00e9r\u00e9ales Oreo O&rsquo;s vous apportent le go\u00fbt unique et iconique des biscuits Oreo dans un format de c\u00e9r\u00e9ales parfait<\/p>","protected":false},"featured_media":26715,"comment_status":"open","ping_status":"closed","template":"","meta":[],"pwb-brand":[1266],"product_brand":[],"product_cat":[941,942,275],"product_tag":[],"class_list":{"0":"post-23070","1":"product","2":"type-product","3":"status-publish","4":"has-post-thumbnail","6":"pwb-brand-oreo","7":"product_cat-cereales-pour-petit-dejeuner","8":"product_cat-cereales-pretes-a-consommer","9":"product_cat-epicerie","11":"first","12":"instock","13":"shipping-taxable","14":"purchasable","15":"product-type-simple"},"yoast_head":"<!-- This site is optimized with the Yoast SEO plugin v27.1.1 - https:\/\/yoast.com\/product\/yoast-seo-wordpress\/ -->\n<title>Oreo - O&#039;s - C\u00e9reales - 350 g - NIRIGS<\/title>\n<meta name=\"robots\" content=\"index, follow, max-snippet:-1, max-image-preview:large, max-video-preview:-1\" \/>\n<link rel=\"canonical\" href=\"https:\/\/nirigs.com\/en\/product\/oreo-os-cereales-350-g\/\" \/>\n<meta property=\"og:locale\" content=\"en_US\" \/>\n<meta property=\"og:type\" content=\"article\" \/>\n<meta property=\"og:title\" content=\"Oreo - O&#039;s - C\u00e9reales - 350 g - NIRIGS\" \/>\n<meta property=\"og:description\" content=\"Les c\u00e9r\u00e9ales Oreo O&rsquo;s vous apportent le go\u00fbt unique et iconique des biscuits Oreo dans un format de c\u00e9r\u00e9ales parfait\" \/>\n<meta property=\"og:url\" content=\"https:\/\/nirigs.com\/en\/product\/oreo-os-cereales-350-g\/\" \/>\n<meta property=\"og:site_name\" content=\"NIRIGS\" \/>\n<meta property=\"article:modified_time\" content=\"2025-03-13T14:29:29+00:00\" \/>\n<meta property=\"og:image\" content=\"https:\/\/nirigs.com\/wp-content\/uploads\/2024\/10\/Oreo-Os-Cereales-350-g.jpg\" \/>\n\t<meta property=\"og:image:width\" content=\"1000\" \/>\n\t<meta property=\"og:image:height\" content=\"1000\" \/>\n\t<meta property=\"og:image:type\" content=\"image\/jpeg\" \/>\n<meta name=\"twitter:card\" content=\"summary_large_image\" \/>\n<meta name=\"twitter:label1\" content=\"Est. reading time\" \/>\n\t<meta name=\"twitter:data1\" content=\"1 minute\" \/>\n<script type=\"application\/ld+json\" class=\"yoast-schema-graph\">{\"@context\":\"https:\/\/schema.org\",\"@graph\":[{\"@type\":\"WebPage\",\"@id\":\"https:\/\/nirigs.com\/product\/oreo-os-cereales-350-g\/\",\"url\":\"https:\/\/nirigs.com\/product\/oreo-os-cereales-350-g\/\",\"name\":\"Oreo - O's - C\u00e9reales - 350 g - NIRIGS\",\"isPartOf\":{\"@id\":\"https:\/\/nirigs.com\/#website\"},\"primaryImageOfPage\":{\"@id\":\"https:\/\/nirigs.com\/product\/oreo-os-cereales-350-g\/#primaryimage\"},\"image\":{\"@id\":\"https:\/\/nirigs.com\/product\/oreo-os-cereales-350-g\/#primaryimage\"},\"thumbnailUrl\":\"https:\/\/nirigs.com\/wp-content\/uploads\/2024\/10\/Oreo-Os-Cereales-350-g.jpg\",\"datePublished\":\"2024-10-06T14:59:48+00:00\",\"dateModified\":\"2025-03-13T14:29:29+00:00\",\"breadcrumb\":{\"@id\":\"https:\/\/nirigs.com\/product\/oreo-os-cereales-350-g\/#breadcrumb\"},\"inLanguage\":\"en-US\",\"potentialAction\":[{\"@type\":\"ReadAction\",\"target\":[\"https:\/\/nirigs.com\/product\/oreo-os-cereales-350-g\/\"]}]},{\"@type\":\"ImageObject\",\"inLanguage\":\"en-US\",\"@id\":\"https:\/\/nirigs.com\/product\/oreo-os-cereales-350-g\/#primaryimage\",\"url\":\"https:\/\/nirigs.com\/wp-content\/uploads\/2024\/10\/Oreo-Os-Cereales-350-g.jpg\",\"contentUrl\":\"https:\/\/nirigs.com\/wp-content\/uploads\/2024\/10\/Oreo-Os-Cereales-350-g.jpg\",\"width\":1000,\"height\":1000},{\"@type\":\"BreadcrumbList\",\"@id\":\"https:\/\/nirigs.com\/product\/oreo-os-cereales-350-g\/#breadcrumb\",\"itemListElement\":[{\"@type\":\"ListItem\",\"position\":1,\"name\":\"Home\",\"item\":\"https:\/\/nirigs.com\/\"},{\"@type\":\"ListItem\",\"position\":2,\"name\":\"Parcourir\",\"item\":\"https:\/\/nirigs.com\/boutique\/\"},{\"@type\":\"ListItem\",\"position\":3,\"name\":\"Oreo &#8211; O&rsquo;s &#8211; C\u00e9reales &#8211; 350 g\"}]},{\"@type\":\"WebSite\",\"@id\":\"https:\/\/nirigs.com\/#website\",\"url\":\"https:\/\/nirigs.com\/\",\"name\":\"Nirigs.com\",\"description\":\"Simplifiez vos achats du quotidien \u00e0 Djibouti\",\"publisher\":{\"@id\":\"https:\/\/nirigs.com\/#organization\"},\"potentialAction\":[{\"@type\":\"SearchAction\",\"target\":{\"@type\":\"EntryPoint\",\"urlTemplate\":\"https:\/\/nirigs.com\/?s={search_term_string}\"},\"query-input\":{\"@type\":\"PropertyValueSpecification\",\"valueRequired\":true,\"valueName\":\"search_term_string\"}}],\"inLanguage\":\"en-US\"},{\"@type\":\"Organization\",\"@id\":\"https:\/\/nirigs.com\/#organization\",\"name\":\"Nirigs\",\"url\":\"https:\/\/nirigs.com\/\",\"logo\":{\"@type\":\"ImageObject\",\"inLanguage\":\"en-US\",\"@id\":\"https:\/\/nirigs.com\/#\/schema\/logo\/image\/\",\"url\":\"https:\/\/nirigs.com\/wp-content\/uploads\/2025\/04\/Design-sans-titre-27.png\",\"contentUrl\":\"https:\/\/nirigs.com\/wp-content\/uploads\/2025\/04\/Design-sans-titre-27.png\",\"width\":500,\"height\":500,\"caption\":\"Nirigs\"},\"image\":{\"@id\":\"https:\/\/nirigs.com\/#\/schema\/logo\/image\/\"}}]}<\/script>\n<!-- \/ Yoast SEO plugin. -->","yoast_head_json":{"title":"Oreo - O's - C\u00e9reales - 350 g - NIRIGS","robots":{"index":"index","follow":"follow","max-snippet":"max-snippet:-1","max-image-preview":"max-image-preview:large","max-video-preview":"max-video-preview:-1"},"canonical":"https:\/\/nirigs.com\/en\/product\/oreo-os-cereales-350-g\/","og_locale":"en_US","og_type":"article","og_title":"Oreo - O's - C\u00e9reales - 350 g - NIRIGS","og_description":"Les c\u00e9r\u00e9ales Oreo O&rsquo;s vous apportent le go\u00fbt unique et iconique des biscuits Oreo dans un format de c\u00e9r\u00e9ales parfait","og_url":"https:\/\/nirigs.com\/en\/product\/oreo-os-cereales-350-g\/","og_site_name":"NIRIGS","article_modified_time":"2025-03-13T14:29:29+00:00","og_image":[{"width":1000,"height":1000,"url":"https:\/\/nirigs.com\/wp-content\/uploads\/2024\/10\/Oreo-Os-Cereales-350-g.jpg","type":"image\/jpeg"}],"twitter_card":"summary_large_image","twitter_misc":{"Est. reading time":"1 minute"},"schema":{"@context":"https:\/\/schema.org","@graph":[{"@type":"WebPage","@id":"https:\/\/nirigs.com\/product\/oreo-os-cereales-350-g\/","url":"https:\/\/nirigs.com\/product\/oreo-os-cereales-350-g\/","name":"Oreo - O's - C\u00e9reales - 350 g - NIRIGS","isPartOf":{"@id":"https:\/\/nirigs.com\/#website"},"primaryImageOfPage":{"@id":"https:\/\/nirigs.com\/product\/oreo-os-cereales-350-g\/#primaryimage"},"image":{"@id":"https:\/\/nirigs.com\/product\/oreo-os-cereales-350-g\/#primaryimage"},"thumbnailUrl":"https:\/\/nirigs.com\/wp-content\/uploads\/2024\/10\/Oreo-Os-Cereales-350-g.jpg","datePublished":"2024-10-06T14:59:48+00:00","dateModified":"2025-03-13T14:29:29+00:00","breadcrumb":{"@id":"https:\/\/nirigs.com\/product\/oreo-os-cereales-350-g\/#breadcrumb"},"inLanguage":"en-US","potentialAction":[{"@type":"ReadAction","target":["https:\/\/nirigs.com\/product\/oreo-os-cereales-350-g\/"]}]},{"@type":"ImageObject","inLanguage":"en-US","@id":"https:\/\/nirigs.com\/product\/oreo-os-cereales-350-g\/#primaryimage","url":"https:\/\/nirigs.com\/wp-content\/uploads\/2024\/10\/Oreo-Os-Cereales-350-g.jpg","contentUrl":"https:\/\/nirigs.com\/wp-content\/uploads\/2024\/10\/Oreo-Os-Cereales-350-g.jpg","width":1000,"height":1000},{"@type":"BreadcrumbList","@id":"https:\/\/nirigs.com\/product\/oreo-os-cereales-350-g\/#breadcrumb","itemListElement":[{"@type":"ListItem","position":1,"name":"Home","item":"https:\/\/nirigs.com\/"},{"@type":"ListItem","position":2,"name":"Parcourir","item":"https:\/\/nirigs.com\/boutique\/"},{"@type":"ListItem","position":3,"name":"Oreo &#8211; O&rsquo;s &#8211; C\u00e9reales &#8211; 350 g"}]},{"@type":"WebSite","@id":"https:\/\/nirigs.com\/#website","url":"https:\/\/nirigs.com\/","name":"Nirigs.com","description":"Simplifiez vos achats du quotidien \u00e0 Djibouti","publisher":{"@id":"https:\/\/nirigs.com\/#organization"},"potentialAction":[{"@type":"SearchAction","target":{"@type":"EntryPoint","urlTemplate":"https:\/\/nirigs.com\/?s={search_term_string}"},"query-input":{"@type":"PropertyValueSpecification","valueRequired":true,"valueName":"search_term_string"}}],"inLanguage":"en-US"},{"@type":"Organization","@id":"https:\/\/nirigs.com\/#organization","name":"Nirigs","url":"https:\/\/nirigs.com\/","logo":{"@type":"ImageObject","inLanguage":"en-US","@id":"https:\/\/nirigs.com\/#\/schema\/logo\/image\/","url":"https:\/\/nirigs.com\/wp-content\/uploads\/2025\/04\/Design-sans-titre-27.png","contentUrl":"https:\/\/nirigs.com\/wp-content\/uploads\/2025\/04\/Design-sans-titre-27.png","width":500,"height":500,"caption":"Nirigs"},"image":{"@id":"https:\/\/nirigs.com\/#\/schema\/logo\/image\/"}}]}},"brands":[{"id":1266,"name":"Oreo","slug":"oreo"}],"_links":{"self":[{"href":"https:\/\/nirigs.com\/en\/wp-json\/wp\/v2\/product\/23070","targetHints":{"allow":["GET"]}}],"collection":[{"href":"https:\/\/nirigs.com\/en\/wp-json\/wp\/v2\/product"}],"about":[{"href":"https:\/\/nirigs.com\/en\/wp-json\/wp\/v2\/types\/product"}],"replies":[{"embeddable":true,"href":"https:\/\/nirigs.com\/en\/wp-json\/wp\/v2\/comments?post=23070"}],"version-history":[{"count":3,"href":"https:\/\/nirigs.com\/en\/wp-json\/wp\/v2\/product\/23070\/revisions"}],"predecessor-version":[{"id":24734,"href":"https:\/\/nirigs.com\/en\/wp-json\/wp\/v2\/product\/23070\/revisions\/24734"}],"wp:featuredmedia":[{"embeddable":true,"href":"https:\/\/nirigs.com\/en\/wp-json\/wp\/v2\/media\/26715"}],"wp:attachment":[{"href":"https:\/\/nirigs.com\/en\/wp-json\/wp\/v2\/media?parent=23070"}],"wp:term":[{"taxonomy":"pwb-brand","embeddable":true,"href":"https:\/\/nirigs.com\/en\/wp-json\/wp\/v2\/pwb-brand?post=23070"},{"taxonomy":"product_brand","embeddable":true,"href":"https:\/\/nirigs.com\/en\/wp-json\/wp\/v2\/product_brand?post=23070"},{"taxonomy":"product_cat","embeddable":true,"href":"https:\/\/nirigs.com\/en\/wp-json\/wp\/v2\/product_cat?post=23070"},{"taxonomy":"product_tag","embeddable":true,"href":"https:\/\/nirigs.com\/en\/wp-json\/wp\/v2\/product_tag?post=23070"}],"curies":[{"name":"wp","href":"https:\/\/api.w.org\/{rel}","templated":true}]}}