{"id":23061,"date":"2024-10-06T17:59:45","date_gmt":"2024-10-06T14:59:45","guid":{"rendered":"https:\/\/nirigs.com\/produit\/leaderprice-barres-cerealieres-au-chococlat-noir-125-g\/"},"modified":"2025-03-13T17:38:20","modified_gmt":"2025-03-13T14:38:20","slug":"leaderprice-barres-cerealieres-au-chococlat-noir-125-g","status":"publish","type":"product","link":"https:\/\/nirigs.com\/en\/product\/leaderprice-barres-cerealieres-au-chococlat-noir-125-g\/","title":{"rendered":"LeaderPrice - Dark chococlat cereal bars - 125 g"},"content":{"rendered":"<p>Les barres c\u00e9r\u00e9ali\u00e8res au chocolat noir LeaderPrice sont une collation d\u00e9licieuse et nutritive, id\u00e9ale pour les petites faims ou comme encas \u00e9nergisant. Confectionn\u00e9es avec des ingr\u00e9dients de qualit\u00e9, elles allient le croquant des c\u00e9r\u00e9ales \u00e0 la douceur du chocolat noir, pour un moment de plaisir gourmand sans culpabilit\u00e9.<\/p>\n<h4><strong>Ingredients:<\/strong><\/h4>\n<p>C\u00e9r\u00e9ales (flocons d&rsquo;avoine, riz souffl\u00e9), chocolat noir (minimum 50 % de cacao), sucre, sirop de glucose, huile de tournesol, \u00e9mulsifiant (l\u00e9cithine de soja), ar\u00f4me naturel.<\/p>\n<h4>Advantages :<\/h4>\n<ul>\n<li>Riche en fibres : Aide \u00e0 la digestion et contribue \u00e0 une sensation de sati\u00e9t\u00e9.<\/li>\n<li>Source d&rsquo;\u00e9nergie : Id\u00e9al pour un coup de boost avant ou apr\u00e8s l&rsquo;effort.<\/li>\n<li>Plaisir chocolat\u00e9 : Le chocolat noir offre un go\u00fbt intense et riche en antioxydants.<\/li>\n<li>Pratique : Facile \u00e0 emporter, parfait pour les collations \u00e0 l&rsquo;\u00e9cole, au travail ou lors des sorties.<\/li>\n<\/ul>\n<h4>Manual :<\/h4>\n<ol>\n<li>Consommer comme collation \u00e0 tout moment de la journ\u00e9e.<\/li>\n<li>Peut \u00eatre d\u00e9gust\u00e9 seul ou accompagn\u00e9 d\u2019un fruit ou d\u2019un yaourt pour un encas complet.<\/li>\n<\/ol>\n<h4>Precautions :<\/h4>\n<ul>\n<li>\u00c0 conserver dans un endroit frais et sec.<\/li>\n<li>V\u00e9rifier la date de p\u00e9remption avant consommation.<\/li>\n<li>Contient des allerg\u00e8nes : peut contenir des traces de fruits \u00e0 coque, de lait et de gluten.<\/li>\n<\/ul>","protected":false},"excerpt":{"rendered":"<p>Les barres c\u00e9r\u00e9ali\u00e8res au chocolat noir LeaderPrice sont une collation d\u00e9licieuse et nutritive, id\u00e9ale pour les petites faims ou comme<\/p>","protected":false},"featured_media":26740,"comment_status":"open","ping_status":"closed","template":"","meta":[],"pwb-brand":[1166],"product_brand":[],"product_cat":[941,942,275],"product_tag":[],"class_list":{"0":"post-23061","1":"product","2":"type-product","3":"status-publish","4":"has-post-thumbnail","6":"pwb-brand-leader-price","7":"product_cat-cereales-pour-petit-dejeuner","8":"product_cat-cereales-pretes-a-consommer","9":"product_cat-epicerie","11":"first","12":"instock","13":"shipping-taxable","14":"purchasable","15":"product-type-simple"},"yoast_head":"<!-- This site is optimized with the Yoast SEO plugin v27.1.1 - https:\/\/yoast.com\/product\/yoast-seo-wordpress\/ -->\n<title>LeaderPrice - Barres c\u00e9r\u00e9ali\u00e8res au chococlat noir - 125 g - NIRIGS<\/title>\n<meta name=\"robots\" content=\"index, follow, max-snippet:-1, max-image-preview:large, max-video-preview:-1\" \/>\n<link rel=\"canonical\" href=\"https:\/\/nirigs.com\/en\/product\/leaderprice-barres-cerealieres-au-chococlat-noir-125-g\/\" \/>\n<meta property=\"og:locale\" content=\"en_US\" \/>\n<meta property=\"og:type\" content=\"article\" \/>\n<meta property=\"og:title\" content=\"LeaderPrice - Barres c\u00e9r\u00e9ali\u00e8res au chococlat noir - 125 g - NIRIGS\" \/>\n<meta property=\"og:description\" content=\"Les barres c\u00e9r\u00e9ali\u00e8res au chocolat noir LeaderPrice sont une collation d\u00e9licieuse et nutritive, id\u00e9ale pour les petites faims ou comme\" \/>\n<meta property=\"og:url\" content=\"https:\/\/nirigs.com\/en\/product\/leaderprice-barres-cerealieres-au-chococlat-noir-125-g\/\" \/>\n<meta property=\"og:site_name\" content=\"NIRIGS\" \/>\n<meta property=\"article:modified_time\" content=\"2025-03-13T14:38:20+00:00\" \/>\n<meta property=\"og:image\" content=\"https:\/\/nirigs.com\/wp-content\/uploads\/2024\/10\/LeaderPrice-Barres-cerealieres-au-chococlat-noir-126-g.jpg\" \/>\n\t<meta property=\"og:image:width\" content=\"1000\" \/>\n\t<meta property=\"og:image:height\" content=\"1000\" \/>\n\t<meta property=\"og:image:type\" content=\"image\/jpeg\" \/>\n<meta name=\"twitter:card\" content=\"summary_large_image\" \/>\n<meta name=\"twitter:label1\" content=\"Est. reading time\" \/>\n\t<meta name=\"twitter:data1\" content=\"1 minute\" \/>\n<script type=\"application\/ld+json\" class=\"yoast-schema-graph\">{\"@context\":\"https:\/\/schema.org\",\"@graph\":[{\"@type\":\"WebPage\",\"@id\":\"https:\/\/nirigs.com\/product\/leaderprice-barres-cerealieres-au-chococlat-noir-125-g\/\",\"url\":\"https:\/\/nirigs.com\/product\/leaderprice-barres-cerealieres-au-chococlat-noir-125-g\/\",\"name\":\"LeaderPrice - Barres c\u00e9r\u00e9ali\u00e8res au chococlat noir - 125 g - NIRIGS\",\"isPartOf\":{\"@id\":\"https:\/\/nirigs.com\/#website\"},\"primaryImageOfPage\":{\"@id\":\"https:\/\/nirigs.com\/product\/leaderprice-barres-cerealieres-au-chococlat-noir-125-g\/#primaryimage\"},\"image\":{\"@id\":\"https:\/\/nirigs.com\/product\/leaderprice-barres-cerealieres-au-chococlat-noir-125-g\/#primaryimage\"},\"thumbnailUrl\":\"https:\/\/nirigs.com\/wp-content\/uploads\/2024\/10\/LeaderPrice-Barres-cerealieres-au-chococlat-noir-126-g.jpg\",\"datePublished\":\"2024-10-06T14:59:45+00:00\",\"dateModified\":\"2025-03-13T14:38:20+00:00\",\"breadcrumb\":{\"@id\":\"https:\/\/nirigs.com\/product\/leaderprice-barres-cerealieres-au-chococlat-noir-125-g\/#breadcrumb\"},\"inLanguage\":\"en-US\",\"potentialAction\":[{\"@type\":\"ReadAction\",\"target\":[\"https:\/\/nirigs.com\/product\/leaderprice-barres-cerealieres-au-chococlat-noir-125-g\/\"]}]},{\"@type\":\"ImageObject\",\"inLanguage\":\"en-US\",\"@id\":\"https:\/\/nirigs.com\/product\/leaderprice-barres-cerealieres-au-chococlat-noir-125-g\/#primaryimage\",\"url\":\"https:\/\/nirigs.com\/wp-content\/uploads\/2024\/10\/LeaderPrice-Barres-cerealieres-au-chococlat-noir-126-g.jpg\",\"contentUrl\":\"https:\/\/nirigs.com\/wp-content\/uploads\/2024\/10\/LeaderPrice-Barres-cerealieres-au-chococlat-noir-126-g.jpg\",\"width\":1000,\"height\":1000},{\"@type\":\"BreadcrumbList\",\"@id\":\"https:\/\/nirigs.com\/product\/leaderprice-barres-cerealieres-au-chococlat-noir-125-g\/#breadcrumb\",\"itemListElement\":[{\"@type\":\"ListItem\",\"position\":1,\"name\":\"Home\",\"item\":\"https:\/\/nirigs.com\/\"},{\"@type\":\"ListItem\",\"position\":2,\"name\":\"Parcourir\",\"item\":\"https:\/\/nirigs.com\/boutique\/\"},{\"@type\":\"ListItem\",\"position\":3,\"name\":\"LeaderPrice &#8211; Barres c\u00e9r\u00e9ali\u00e8res au chococlat noir &#8211; 125 g\"}]},{\"@type\":\"WebSite\",\"@id\":\"https:\/\/nirigs.com\/#website\",\"url\":\"https:\/\/nirigs.com\/\",\"name\":\"Nirigs.com\",\"description\":\"Simplifiez vos achats du quotidien \u00e0 Djibouti\",\"publisher\":{\"@id\":\"https:\/\/nirigs.com\/#organization\"},\"potentialAction\":[{\"@type\":\"SearchAction\",\"target\":{\"@type\":\"EntryPoint\",\"urlTemplate\":\"https:\/\/nirigs.com\/?s={search_term_string}\"},\"query-input\":{\"@type\":\"PropertyValueSpecification\",\"valueRequired\":true,\"valueName\":\"search_term_string\"}}],\"inLanguage\":\"en-US\"},{\"@type\":\"Organization\",\"@id\":\"https:\/\/nirigs.com\/#organization\",\"name\":\"Nirigs\",\"url\":\"https:\/\/nirigs.com\/\",\"logo\":{\"@type\":\"ImageObject\",\"inLanguage\":\"en-US\",\"@id\":\"https:\/\/nirigs.com\/#\/schema\/logo\/image\/\",\"url\":\"https:\/\/nirigs.com\/wp-content\/uploads\/2025\/04\/Design-sans-titre-27.png\",\"contentUrl\":\"https:\/\/nirigs.com\/wp-content\/uploads\/2025\/04\/Design-sans-titre-27.png\",\"width\":500,\"height\":500,\"caption\":\"Nirigs\"},\"image\":{\"@id\":\"https:\/\/nirigs.com\/#\/schema\/logo\/image\/\"}}]}<\/script>\n<!-- \/ Yoast SEO plugin. -->","yoast_head_json":{"title":"LeaderPrice - Barres c\u00e9r\u00e9ali\u00e8res au chococlat noir - 125 g - NIRIGS","robots":{"index":"index","follow":"follow","max-snippet":"max-snippet:-1","max-image-preview":"max-image-preview:large","max-video-preview":"max-video-preview:-1"},"canonical":"https:\/\/nirigs.com\/en\/product\/leaderprice-barres-cerealieres-au-chococlat-noir-125-g\/","og_locale":"en_US","og_type":"article","og_title":"LeaderPrice - Barres c\u00e9r\u00e9ali\u00e8res au chococlat noir - 125 g - NIRIGS","og_description":"Les barres c\u00e9r\u00e9ali\u00e8res au chocolat noir LeaderPrice sont une collation d\u00e9licieuse et nutritive, id\u00e9ale pour les petites faims ou comme","og_url":"https:\/\/nirigs.com\/en\/product\/leaderprice-barres-cerealieres-au-chococlat-noir-125-g\/","og_site_name":"NIRIGS","article_modified_time":"2025-03-13T14:38:20+00:00","og_image":[{"width":1000,"height":1000,"url":"https:\/\/nirigs.com\/wp-content\/uploads\/2024\/10\/LeaderPrice-Barres-cerealieres-au-chococlat-noir-126-g.jpg","type":"image\/jpeg"}],"twitter_card":"summary_large_image","twitter_misc":{"Est. reading time":"1 minute"},"schema":{"@context":"https:\/\/schema.org","@graph":[{"@type":"WebPage","@id":"https:\/\/nirigs.com\/product\/leaderprice-barres-cerealieres-au-chococlat-noir-125-g\/","url":"https:\/\/nirigs.com\/product\/leaderprice-barres-cerealieres-au-chococlat-noir-125-g\/","name":"LeaderPrice - Barres c\u00e9r\u00e9ali\u00e8res au chococlat noir - 125 g - NIRIGS","isPartOf":{"@id":"https:\/\/nirigs.com\/#website"},"primaryImageOfPage":{"@id":"https:\/\/nirigs.com\/product\/leaderprice-barres-cerealieres-au-chococlat-noir-125-g\/#primaryimage"},"image":{"@id":"https:\/\/nirigs.com\/product\/leaderprice-barres-cerealieres-au-chococlat-noir-125-g\/#primaryimage"},"thumbnailUrl":"https:\/\/nirigs.com\/wp-content\/uploads\/2024\/10\/LeaderPrice-Barres-cerealieres-au-chococlat-noir-126-g.jpg","datePublished":"2024-10-06T14:59:45+00:00","dateModified":"2025-03-13T14:38:20+00:00","breadcrumb":{"@id":"https:\/\/nirigs.com\/product\/leaderprice-barres-cerealieres-au-chococlat-noir-125-g\/#breadcrumb"},"inLanguage":"en-US","potentialAction":[{"@type":"ReadAction","target":["https:\/\/nirigs.com\/product\/leaderprice-barres-cerealieres-au-chococlat-noir-125-g\/"]}]},{"@type":"ImageObject","inLanguage":"en-US","@id":"https:\/\/nirigs.com\/product\/leaderprice-barres-cerealieres-au-chococlat-noir-125-g\/#primaryimage","url":"https:\/\/nirigs.com\/wp-content\/uploads\/2024\/10\/LeaderPrice-Barres-cerealieres-au-chococlat-noir-126-g.jpg","contentUrl":"https:\/\/nirigs.com\/wp-content\/uploads\/2024\/10\/LeaderPrice-Barres-cerealieres-au-chococlat-noir-126-g.jpg","width":1000,"height":1000},{"@type":"BreadcrumbList","@id":"https:\/\/nirigs.com\/product\/leaderprice-barres-cerealieres-au-chococlat-noir-125-g\/#breadcrumb","itemListElement":[{"@type":"ListItem","position":1,"name":"Home","item":"https:\/\/nirigs.com\/"},{"@type":"ListItem","position":2,"name":"Parcourir","item":"https:\/\/nirigs.com\/boutique\/"},{"@type":"ListItem","position":3,"name":"LeaderPrice &#8211; Barres c\u00e9r\u00e9ali\u00e8res au chococlat noir &#8211; 125 g"}]},{"@type":"WebSite","@id":"https:\/\/nirigs.com\/#website","url":"https:\/\/nirigs.com\/","name":"Nirigs.com","description":"Simplifiez vos achats du quotidien \u00e0 Djibouti","publisher":{"@id":"https:\/\/nirigs.com\/#organization"},"potentialAction":[{"@type":"SearchAction","target":{"@type":"EntryPoint","urlTemplate":"https:\/\/nirigs.com\/?s={search_term_string}"},"query-input":{"@type":"PropertyValueSpecification","valueRequired":true,"valueName":"search_term_string"}}],"inLanguage":"en-US"},{"@type":"Organization","@id":"https:\/\/nirigs.com\/#organization","name":"Nirigs","url":"https:\/\/nirigs.com\/","logo":{"@type":"ImageObject","inLanguage":"en-US","@id":"https:\/\/nirigs.com\/#\/schema\/logo\/image\/","url":"https:\/\/nirigs.com\/wp-content\/uploads\/2025\/04\/Design-sans-titre-27.png","contentUrl":"https:\/\/nirigs.com\/wp-content\/uploads\/2025\/04\/Design-sans-titre-27.png","width":500,"height":500,"caption":"Nirigs"},"image":{"@id":"https:\/\/nirigs.com\/#\/schema\/logo\/image\/"}}]}},"brands":[{"id":1166,"name":"Leader Price","slug":"leader-price"}],"_links":{"self":[{"href":"https:\/\/nirigs.com\/en\/wp-json\/wp\/v2\/product\/23061","targetHints":{"allow":["GET"]}}],"collection":[{"href":"https:\/\/nirigs.com\/en\/wp-json\/wp\/v2\/product"}],"about":[{"href":"https:\/\/nirigs.com\/en\/wp-json\/wp\/v2\/types\/product"}],"replies":[{"embeddable":true,"href":"https:\/\/nirigs.com\/en\/wp-json\/wp\/v2\/comments?post=23061"}],"version-history":[{"count":2,"href":"https:\/\/nirigs.com\/en\/wp-json\/wp\/v2\/product\/23061\/revisions"}],"predecessor-version":[{"id":26741,"href":"https:\/\/nirigs.com\/en\/wp-json\/wp\/v2\/product\/23061\/revisions\/26741"}],"wp:featuredmedia":[{"embeddable":true,"href":"https:\/\/nirigs.com\/en\/wp-json\/wp\/v2\/media\/26740"}],"wp:attachment":[{"href":"https:\/\/nirigs.com\/en\/wp-json\/wp\/v2\/media?parent=23061"}],"wp:term":[{"taxonomy":"pwb-brand","embeddable":true,"href":"https:\/\/nirigs.com\/en\/wp-json\/wp\/v2\/pwb-brand?post=23061"},{"taxonomy":"product_brand","embeddable":true,"href":"https:\/\/nirigs.com\/en\/wp-json\/wp\/v2\/product_brand?post=23061"},{"taxonomy":"product_cat","embeddable":true,"href":"https:\/\/nirigs.com\/en\/wp-json\/wp\/v2\/product_cat?post=23061"},{"taxonomy":"product_tag","embeddable":true,"href":"https:\/\/nirigs.com\/en\/wp-json\/wp\/v2\/product_tag?post=23061"}],"curies":[{"name":"wp","href":"https:\/\/api.w.org\/{rel}","templated":true}]}}