{"id":23047,"date":"2024-10-06T17:59:40","date_gmt":"2024-10-06T14:59:40","guid":{"rendered":"https:\/\/nirigs.com\/produit\/st-michel-petites-madeleines-la-vraie-recette-85-g\/"},"modified":"2025-03-13T17:41:39","modified_gmt":"2025-03-13T14:41:39","slug":"st-michel-petites-madeleines-la-vraie-recette-85-g","status":"publish","type":"product","link":"https:\/\/nirigs.com\/en\/product\/st-michel-petites-madeleines-la-vraie-recette-85-g\/","title":{"rendered":"St Michel - Petites madeleines the real recipe - 85 g"},"content":{"rendered":"<p>Les Petites Madeleines de St Michel, issues de la recette authentique, incarnent la tradition p\u00e2tissi\u00e8re fran\u00e7aise. Elles sont moelleuses, au go\u00fbt d\u00e9licat et l\u00e9g\u00e8rement sucr\u00e9, parfaites pour accompagner un moment de gourmandise. Ce sachet de 85 g est id\u00e9al pour une pause sucr\u00e9e \u00e0 tout moment de la journ\u00e9e.<\/p>\n<h4>Ingredients:<\/h4>\n<p>Farine de bl\u00e9, \u0153ufs frais, sucre, huile de tournesol, beurre (lait), poudre \u00e0 lever : bicarbonate de sodium, ar\u00f4me naturel. Sans colorants, ni conservateurs.<\/p>\n<h4>Advantages :<\/h4>\n<ul>\n<li>Fabriqu\u00e9es en France avec des ingr\u00e9dients soigneusement s\u00e9lectionn\u00e9s.<\/li>\n<li>Texture moelleuse et go\u00fbt authentique.<\/li>\n<li>Format pratique de 85 g, parfait pour une consommation individuelle ou en petit partage.<\/li>\n<li>Sans conservateurs ni colorants, pour une d\u00e9gustation naturelle et saine.<\/li>\n<li>Id\u00e9ales pour les petits d\u00e9jeuners, les go\u00fbters ou les petites pauses gourmandes.<\/li>\n<\/ul>\n<h4>Manual :<\/h4>\n<p>Pr\u00eates \u00e0 \u00eatre d\u00e9gust\u00e9es, elles se consomment \u00e0 tout moment de la journ\u00e9e, telles quelles ou accompagn\u00e9es d&rsquo;une boisson chaude pour accentuer leur moelleux.<\/p>\n<h4>Precautions :<\/h4>\n<ul>\n<li>Contient du gluten, des \u0153ufs et du lait : \u00e0 \u00e9viter en cas d&rsquo;allergies \u00e0 ces ingr\u00e9dients.<\/li>\n<li>Conserver dans un endroit sec, \u00e0 l\u2019abri de la chaleur et bien refermer le sachet apr\u00e8s ouverture pour pr\u00e9server la fra\u00eecheur du produit.<\/li>\n<\/ul>","protected":false},"excerpt":{"rendered":"<p>Les Petites Madeleines de St Michel, issues de la recette authentique, incarnent la tradition p\u00e2tissi\u00e8re fran\u00e7aise. Elles sont moelleuses, au<\/p>","protected":false},"featured_media":26780,"comment_status":"open","ping_status":"closed","template":"","meta":[],"pwb-brand":[1270],"product_brand":[],"product_cat":[1164,1126,275,1163],"product_tag":[],"class_list":{"0":"post-23047","1":"product","2":"type-product","3":"status-publish","4":"has-post-thumbnail","6":"pwb-brand-st-michel","7":"product_cat-biscuits-snacks","8":"product_cat-en-cas-et-friandises","9":"product_cat-epicerie","10":"product_cat-snacks","12":"first","13":"instock","14":"shipping-taxable","15":"purchasable","16":"product-type-simple"},"yoast_head":"<!-- This site is optimized with the Yoast SEO plugin v27.1.1 - https:\/\/yoast.com\/product\/yoast-seo-wordpress\/ -->\n<title>St Michel - Petites madeleines la vraie recette - 85 g - NIRIGS<\/title>\n<meta name=\"robots\" content=\"index, follow, max-snippet:-1, max-image-preview:large, max-video-preview:-1\" \/>\n<link rel=\"canonical\" href=\"https:\/\/nirigs.com\/en\/product\/st-michel-petites-madeleines-la-vraie-recette-85-g\/\" \/>\n<meta property=\"og:locale\" content=\"en_US\" \/>\n<meta property=\"og:type\" content=\"article\" \/>\n<meta property=\"og:title\" content=\"St Michel - Petites madeleines la vraie recette - 85 g - NIRIGS\" \/>\n<meta property=\"og:description\" content=\"Les Petites Madeleines de St Michel, issues de la recette authentique, incarnent la tradition p\u00e2tissi\u00e8re fran\u00e7aise. Elles sont moelleuses, au\" \/>\n<meta property=\"og:url\" content=\"https:\/\/nirigs.com\/en\/product\/st-michel-petites-madeleines-la-vraie-recette-85-g\/\" \/>\n<meta property=\"og:site_name\" content=\"NIRIGS\" \/>\n<meta property=\"article:modified_time\" content=\"2025-03-13T14:41:39+00:00\" \/>\n<meta property=\"og:image\" content=\"https:\/\/nirigs.com\/wp-content\/uploads\/2024\/10\/St-Michel-Petites-madeleines-la-vraie-recette-85-g.jpg\" \/>\n\t<meta property=\"og:image:width\" content=\"1000\" \/>\n\t<meta property=\"og:image:height\" content=\"1000\" \/>\n\t<meta property=\"og:image:type\" content=\"image\/jpeg\" \/>\n<meta name=\"twitter:card\" content=\"summary_large_image\" \/>\n<meta name=\"twitter:label1\" content=\"Est. reading time\" \/>\n\t<meta name=\"twitter:data1\" content=\"1 minute\" \/>\n<script type=\"application\/ld+json\" class=\"yoast-schema-graph\">{\"@context\":\"https:\/\/schema.org\",\"@graph\":[{\"@type\":\"WebPage\",\"@id\":\"https:\/\/nirigs.com\/ar\/product\/st-michel-petites-madeleines-la-vraie-recette-85-g\/\",\"url\":\"https:\/\/nirigs.com\/ar\/product\/st-michel-petites-madeleines-la-vraie-recette-85-g\/\",\"name\":\"St Michel - Petites madeleines la vraie recette - 85 g - NIRIGS\",\"isPartOf\":{\"@id\":\"https:\/\/nirigs.com\/#website\"},\"primaryImageOfPage\":{\"@id\":\"https:\/\/nirigs.com\/ar\/product\/st-michel-petites-madeleines-la-vraie-recette-85-g\/#primaryimage\"},\"image\":{\"@id\":\"https:\/\/nirigs.com\/ar\/product\/st-michel-petites-madeleines-la-vraie-recette-85-g\/#primaryimage\"},\"thumbnailUrl\":\"https:\/\/nirigs.com\/wp-content\/uploads\/2024\/10\/St-Michel-Petites-madeleines-la-vraie-recette-85-g.jpg\",\"datePublished\":\"2024-10-06T14:59:40+00:00\",\"dateModified\":\"2025-03-13T14:41:39+00:00\",\"breadcrumb\":{\"@id\":\"https:\/\/nirigs.com\/ar\/product\/st-michel-petites-madeleines-la-vraie-recette-85-g\/#breadcrumb\"},\"inLanguage\":\"en-US\",\"potentialAction\":[{\"@type\":\"ReadAction\",\"target\":[\"https:\/\/nirigs.com\/ar\/product\/st-michel-petites-madeleines-la-vraie-recette-85-g\/\"]}]},{\"@type\":\"ImageObject\",\"inLanguage\":\"en-US\",\"@id\":\"https:\/\/nirigs.com\/ar\/product\/st-michel-petites-madeleines-la-vraie-recette-85-g\/#primaryimage\",\"url\":\"https:\/\/nirigs.com\/wp-content\/uploads\/2024\/10\/St-Michel-Petites-madeleines-la-vraie-recette-85-g.jpg\",\"contentUrl\":\"https:\/\/nirigs.com\/wp-content\/uploads\/2024\/10\/St-Michel-Petites-madeleines-la-vraie-recette-85-g.jpg\",\"width\":1000,\"height\":1000},{\"@type\":\"BreadcrumbList\",\"@id\":\"https:\/\/nirigs.com\/ar\/product\/st-michel-petites-madeleines-la-vraie-recette-85-g\/#breadcrumb\",\"itemListElement\":[{\"@type\":\"ListItem\",\"position\":1,\"name\":\"Home\",\"item\":\"https:\/\/nirigs.com\/\"},{\"@type\":\"ListItem\",\"position\":2,\"name\":\"Parcourir\",\"item\":\"https:\/\/nirigs.com\/boutique\/\"},{\"@type\":\"ListItem\",\"position\":3,\"name\":\"St Michel &#8211; Petites madeleines la vraie recette &#8211; 85 g\"}]},{\"@type\":\"WebSite\",\"@id\":\"https:\/\/nirigs.com\/#website\",\"url\":\"https:\/\/nirigs.com\/\",\"name\":\"Nirigs.com\",\"description\":\"Simplifiez vos achats du quotidien \u00e0 Djibouti\",\"publisher\":{\"@id\":\"https:\/\/nirigs.com\/#organization\"},\"potentialAction\":[{\"@type\":\"SearchAction\",\"target\":{\"@type\":\"EntryPoint\",\"urlTemplate\":\"https:\/\/nirigs.com\/?s={search_term_string}\"},\"query-input\":{\"@type\":\"PropertyValueSpecification\",\"valueRequired\":true,\"valueName\":\"search_term_string\"}}],\"inLanguage\":\"en-US\"},{\"@type\":\"Organization\",\"@id\":\"https:\/\/nirigs.com\/#organization\",\"name\":\"Nirigs\",\"url\":\"https:\/\/nirigs.com\/\",\"logo\":{\"@type\":\"ImageObject\",\"inLanguage\":\"en-US\",\"@id\":\"https:\/\/nirigs.com\/#\/schema\/logo\/image\/\",\"url\":\"https:\/\/nirigs.com\/wp-content\/uploads\/2025\/04\/Design-sans-titre-27.png\",\"contentUrl\":\"https:\/\/nirigs.com\/wp-content\/uploads\/2025\/04\/Design-sans-titre-27.png\",\"width\":500,\"height\":500,\"caption\":\"Nirigs\"},\"image\":{\"@id\":\"https:\/\/nirigs.com\/#\/schema\/logo\/image\/\"}}]}<\/script>\n<!-- \/ Yoast SEO plugin. -->","yoast_head_json":{"title":"St Michel - Petites madeleines la vraie recette - 85 g - NIRIGS","robots":{"index":"index","follow":"follow","max-snippet":"max-snippet:-1","max-image-preview":"max-image-preview:large","max-video-preview":"max-video-preview:-1"},"canonical":"https:\/\/nirigs.com\/en\/product\/st-michel-petites-madeleines-la-vraie-recette-85-g\/","og_locale":"en_US","og_type":"article","og_title":"St Michel - Petites madeleines la vraie recette - 85 g - NIRIGS","og_description":"Les Petites Madeleines de St Michel, issues de la recette authentique, incarnent la tradition p\u00e2tissi\u00e8re fran\u00e7aise. Elles sont moelleuses, au","og_url":"https:\/\/nirigs.com\/en\/product\/st-michel-petites-madeleines-la-vraie-recette-85-g\/","og_site_name":"NIRIGS","article_modified_time":"2025-03-13T14:41:39+00:00","og_image":[{"width":1000,"height":1000,"url":"https:\/\/nirigs.com\/wp-content\/uploads\/2024\/10\/St-Michel-Petites-madeleines-la-vraie-recette-85-g.jpg","type":"image\/jpeg"}],"twitter_card":"summary_large_image","twitter_misc":{"Est. reading time":"1 minute"},"schema":{"@context":"https:\/\/schema.org","@graph":[{"@type":"WebPage","@id":"https:\/\/nirigs.com\/ar\/product\/st-michel-petites-madeleines-la-vraie-recette-85-g\/","url":"https:\/\/nirigs.com\/ar\/product\/st-michel-petites-madeleines-la-vraie-recette-85-g\/","name":"St Michel - Petites madeleines la vraie recette - 85 g - NIRIGS","isPartOf":{"@id":"https:\/\/nirigs.com\/#website"},"primaryImageOfPage":{"@id":"https:\/\/nirigs.com\/ar\/product\/st-michel-petites-madeleines-la-vraie-recette-85-g\/#primaryimage"},"image":{"@id":"https:\/\/nirigs.com\/ar\/product\/st-michel-petites-madeleines-la-vraie-recette-85-g\/#primaryimage"},"thumbnailUrl":"https:\/\/nirigs.com\/wp-content\/uploads\/2024\/10\/St-Michel-Petites-madeleines-la-vraie-recette-85-g.jpg","datePublished":"2024-10-06T14:59:40+00:00","dateModified":"2025-03-13T14:41:39+00:00","breadcrumb":{"@id":"https:\/\/nirigs.com\/ar\/product\/st-michel-petites-madeleines-la-vraie-recette-85-g\/#breadcrumb"},"inLanguage":"en-US","potentialAction":[{"@type":"ReadAction","target":["https:\/\/nirigs.com\/ar\/product\/st-michel-petites-madeleines-la-vraie-recette-85-g\/"]}]},{"@type":"ImageObject","inLanguage":"en-US","@id":"https:\/\/nirigs.com\/ar\/product\/st-michel-petites-madeleines-la-vraie-recette-85-g\/#primaryimage","url":"https:\/\/nirigs.com\/wp-content\/uploads\/2024\/10\/St-Michel-Petites-madeleines-la-vraie-recette-85-g.jpg","contentUrl":"https:\/\/nirigs.com\/wp-content\/uploads\/2024\/10\/St-Michel-Petites-madeleines-la-vraie-recette-85-g.jpg","width":1000,"height":1000},{"@type":"BreadcrumbList","@id":"https:\/\/nirigs.com\/ar\/product\/st-michel-petites-madeleines-la-vraie-recette-85-g\/#breadcrumb","itemListElement":[{"@type":"ListItem","position":1,"name":"Home","item":"https:\/\/nirigs.com\/"},{"@type":"ListItem","position":2,"name":"Parcourir","item":"https:\/\/nirigs.com\/boutique\/"},{"@type":"ListItem","position":3,"name":"St Michel &#8211; Petites madeleines la vraie recette &#8211; 85 g"}]},{"@type":"WebSite","@id":"https:\/\/nirigs.com\/#website","url":"https:\/\/nirigs.com\/","name":"Nirigs.com","description":"Simplifiez vos achats du quotidien \u00e0 Djibouti","publisher":{"@id":"https:\/\/nirigs.com\/#organization"},"potentialAction":[{"@type":"SearchAction","target":{"@type":"EntryPoint","urlTemplate":"https:\/\/nirigs.com\/?s={search_term_string}"},"query-input":{"@type":"PropertyValueSpecification","valueRequired":true,"valueName":"search_term_string"}}],"inLanguage":"en-US"},{"@type":"Organization","@id":"https:\/\/nirigs.com\/#organization","name":"Nirigs","url":"https:\/\/nirigs.com\/","logo":{"@type":"ImageObject","inLanguage":"en-US","@id":"https:\/\/nirigs.com\/#\/schema\/logo\/image\/","url":"https:\/\/nirigs.com\/wp-content\/uploads\/2025\/04\/Design-sans-titre-27.png","contentUrl":"https:\/\/nirigs.com\/wp-content\/uploads\/2025\/04\/Design-sans-titre-27.png","width":500,"height":500,"caption":"Nirigs"},"image":{"@id":"https:\/\/nirigs.com\/#\/schema\/logo\/image\/"}}]}},"brands":[{"id":1270,"name":"St Michel","slug":"st-michel"}],"_links":{"self":[{"href":"https:\/\/nirigs.com\/en\/wp-json\/wp\/v2\/product\/23047","targetHints":{"allow":["GET"]}}],"collection":[{"href":"https:\/\/nirigs.com\/en\/wp-json\/wp\/v2\/product"}],"about":[{"href":"https:\/\/nirigs.com\/en\/wp-json\/wp\/v2\/types\/product"}],"replies":[{"embeddable":true,"href":"https:\/\/nirigs.com\/en\/wp-json\/wp\/v2\/comments?post=23047"}],"version-history":[{"count":2,"href":"https:\/\/nirigs.com\/en\/wp-json\/wp\/v2\/product\/23047\/revisions"}],"predecessor-version":[{"id":26781,"href":"https:\/\/nirigs.com\/en\/wp-json\/wp\/v2\/product\/23047\/revisions\/26781"}],"wp:featuredmedia":[{"embeddable":true,"href":"https:\/\/nirigs.com\/en\/wp-json\/wp\/v2\/media\/26780"}],"wp:attachment":[{"href":"https:\/\/nirigs.com\/en\/wp-json\/wp\/v2\/media?parent=23047"}],"wp:term":[{"taxonomy":"pwb-brand","embeddable":true,"href":"https:\/\/nirigs.com\/en\/wp-json\/wp\/v2\/pwb-brand?post=23047"},{"taxonomy":"product_brand","embeddable":true,"href":"https:\/\/nirigs.com\/en\/wp-json\/wp\/v2\/product_brand?post=23047"},{"taxonomy":"product_cat","embeddable":true,"href":"https:\/\/nirigs.com\/en\/wp-json\/wp\/v2\/product_cat?post=23047"},{"taxonomy":"product_tag","embeddable":true,"href":"https:\/\/nirigs.com\/en\/wp-json\/wp\/v2\/product_tag?post=23047"}],"curies":[{"name":"wp","href":"https:\/\/api.w.org\/{rel}","templated":true}]}}