{"id":23045,"date":"2024-10-06T17:59:39","date_gmt":"2024-10-06T14:59:39","guid":{"rendered":"https:\/\/nirigs.com\/produit\/st-michel-petites-madeleines-aux-pepites-de-chocolat-400-g\/"},"modified":"2025-06-05T18:22:20","modified_gmt":"2025-06-05T15:22:20","slug":"st-michel-petites-madeleines-aux-pepites-de-chocolat-400-g","status":"publish","type":"product","link":"https:\/\/nirigs.com\/en\/product\/st-michel-petites-madeleines-aux-pepites-de-chocolat-400-g\/","title":{"rendered":"St Michel - Small chocolate chip madeleines - 400 g"},"content":{"rendered":"<p>Les petites madeleines aux p\u00e9pites de chocolat de St Michel sont de d\u00e9licieuses p\u00e2tisseries moelleuses, parfaites pour une pause gourmande. Fabriqu\u00e9es en France, elles allient le go\u00fbt fondant de la madeleine classique au croquant des p\u00e9pites de chocolat, offrant un plaisir unique \u00e0 chaque bouch\u00e9e. Ces madeleines sont emball\u00e9es dans un sachet refermable de 400 g, id\u00e9al pour pr\u00e9server leur fra\u00eecheur.<\/p>\n<h4>Ingredients:<\/h4>\n<p>Farine de bl\u00e9, \u0153ufs\u00a0frais, sucre, beurre, p\u00e9pites de chocolat (10 %), lait, sirop de glucose, poudre \u00e0 lever (E450, E500), sel, ar\u00f4mes naturels de vanille.<\/p>\n<h4>Advantages :<\/h4>\n<ul>\n<li>Ingr\u00e9dients simples et naturels : Fabriqu\u00e9es sans colorants ni conservateurs pour un go\u00fbt authentique.<\/li>\n<li>Made in France : Une qualit\u00e9 artisanale fran\u00e7aise.<\/li>\n<li>Texture moelleuse : Con\u00e7ues pour fondre en bouche.<\/li>\n<li>Facile \u00e0 emporter : Emballage refermable pour conserver la fra\u00eecheur et pour une collation pratique.<\/li>\n<\/ul>\n<h4>Mode d&rsquo;Emploi :<\/h4>\n<p>Pr\u00eates \u00e0 consommer, ces madeleines peuvent \u00eatre d\u00e9gust\u00e9es telles quelles ou l\u00e9g\u00e8rement r\u00e9chauff\u00e9es au four pour une texture encore plus fondante. Id\u00e9ales pour le petit-d\u00e9jeuner, le go\u00fbter ou pour accompagner une pause caf\u00e9.<\/p>\n<h4>Precautions :<\/h4>\n<ul>\n<li>Contient du bl\u00e9, des \u0153ufs, du lait, et du gluten.<\/li>\n<li>\u00c0 conserver dans un endroit sec et frais. Bien refermer le sachet apr\u00e8s ouverture pour conserver la fra\u00eecheur.<\/li>\n<li>\u00c0 consommer de pr\u00e9f\u00e9rence avant la date indiqu\u00e9e pour une saveur optimale.<\/li>\n<\/ul>","protected":false},"excerpt":{"rendered":"<p>Les petites madeleines aux p\u00e9pites de chocolat de St Michel sont de d\u00e9licieuses p\u00e2tisseries moelleuses, parfaites pour une pause gourmande.<\/p>","protected":false},"featured_media":26787,"comment_status":"open","ping_status":"closed","template":"","meta":[],"pwb-brand":[1270],"product_brand":[],"product_cat":[1164,1126,275,1163],"product_tag":[],"class_list":{"0":"post-23045","1":"product","2":"type-product","3":"status-publish","4":"has-post-thumbnail","6":"pwb-brand-st-michel","7":"product_cat-biscuits-snacks","8":"product_cat-en-cas-et-friandises","9":"product_cat-epicerie","10":"product_cat-snacks","12":"first","13":"instock","14":"shipping-taxable","15":"purchasable","16":"product-type-simple"},"yoast_head":"<!-- This site is optimized with the Yoast SEO plugin v27.1.1 - https:\/\/yoast.com\/product\/yoast-seo-wordpress\/ -->\n<title>St Michel - Petites madeleines aux p\u00e9pites de chocolat - 400 g - NIRIGS<\/title>\n<meta name=\"robots\" content=\"index, follow, max-snippet:-1, max-image-preview:large, max-video-preview:-1\" \/>\n<link rel=\"canonical\" href=\"https:\/\/nirigs.com\/en\/product\/st-michel-petites-madeleines-aux-pepites-de-chocolat-400-g\/\" \/>\n<meta property=\"og:locale\" content=\"en_US\" \/>\n<meta property=\"og:type\" content=\"article\" \/>\n<meta property=\"og:title\" content=\"St Michel - Petites madeleines aux p\u00e9pites de chocolat - 400 g - NIRIGS\" \/>\n<meta property=\"og:description\" content=\"Les petites madeleines aux p\u00e9pites de chocolat de St Michel sont de d\u00e9licieuses p\u00e2tisseries moelleuses, parfaites pour une pause gourmande.\" \/>\n<meta property=\"og:url\" content=\"https:\/\/nirigs.com\/en\/product\/st-michel-petites-madeleines-aux-pepites-de-chocolat-400-g\/\" \/>\n<meta property=\"og:site_name\" content=\"NIRIGS\" \/>\n<meta property=\"article:modified_time\" content=\"2025-06-05T15:22:20+00:00\" \/>\n<meta property=\"og:image\" content=\"https:\/\/nirigs.com\/wp-content\/uploads\/2024\/10\/St-Michel-Petites-madeleines-aux-pepites-de-chocolat-400-g.jpg\" \/>\n\t<meta property=\"og:image:width\" content=\"1000\" \/>\n\t<meta property=\"og:image:height\" content=\"1000\" \/>\n\t<meta property=\"og:image:type\" content=\"image\/jpeg\" \/>\n<meta name=\"twitter:card\" content=\"summary_large_image\" \/>\n<meta name=\"twitter:label1\" content=\"Est. reading time\" \/>\n\t<meta name=\"twitter:data1\" content=\"1 minute\" \/>\n<script type=\"application\/ld+json\" class=\"yoast-schema-graph\">{\"@context\":\"https:\/\/schema.org\",\"@graph\":[{\"@type\":\"WebPage\",\"@id\":\"https:\/\/nirigs.com\/product\/st-michel-petites-madeleines-aux-pepites-de-chocolat-400-g\/\",\"url\":\"https:\/\/nirigs.com\/product\/st-michel-petites-madeleines-aux-pepites-de-chocolat-400-g\/\",\"name\":\"St Michel - Petites madeleines aux p\u00e9pites de chocolat - 400 g - NIRIGS\",\"isPartOf\":{\"@id\":\"https:\/\/nirigs.com\/#website\"},\"primaryImageOfPage\":{\"@id\":\"https:\/\/nirigs.com\/product\/st-michel-petites-madeleines-aux-pepites-de-chocolat-400-g\/#primaryimage\"},\"image\":{\"@id\":\"https:\/\/nirigs.com\/product\/st-michel-petites-madeleines-aux-pepites-de-chocolat-400-g\/#primaryimage\"},\"thumbnailUrl\":\"https:\/\/nirigs.com\/wp-content\/uploads\/2024\/10\/St-Michel-Petites-madeleines-aux-pepites-de-chocolat-400-g.jpg\",\"datePublished\":\"2024-10-06T14:59:39+00:00\",\"dateModified\":\"2025-06-05T15:22:20+00:00\",\"breadcrumb\":{\"@id\":\"https:\/\/nirigs.com\/product\/st-michel-petites-madeleines-aux-pepites-de-chocolat-400-g\/#breadcrumb\"},\"inLanguage\":\"en-US\",\"potentialAction\":[{\"@type\":\"ReadAction\",\"target\":[\"https:\/\/nirigs.com\/product\/st-michel-petites-madeleines-aux-pepites-de-chocolat-400-g\/\"]}]},{\"@type\":\"ImageObject\",\"inLanguage\":\"en-US\",\"@id\":\"https:\/\/nirigs.com\/product\/st-michel-petites-madeleines-aux-pepites-de-chocolat-400-g\/#primaryimage\",\"url\":\"https:\/\/nirigs.com\/wp-content\/uploads\/2024\/10\/St-Michel-Petites-madeleines-aux-pepites-de-chocolat-400-g.jpg\",\"contentUrl\":\"https:\/\/nirigs.com\/wp-content\/uploads\/2024\/10\/St-Michel-Petites-madeleines-aux-pepites-de-chocolat-400-g.jpg\",\"width\":1000,\"height\":1000},{\"@type\":\"BreadcrumbList\",\"@id\":\"https:\/\/nirigs.com\/product\/st-michel-petites-madeleines-aux-pepites-de-chocolat-400-g\/#breadcrumb\",\"itemListElement\":[{\"@type\":\"ListItem\",\"position\":1,\"name\":\"Home\",\"item\":\"https:\/\/nirigs.com\/\"},{\"@type\":\"ListItem\",\"position\":2,\"name\":\"Parcourir\",\"item\":\"https:\/\/nirigs.com\/boutique\/\"},{\"@type\":\"ListItem\",\"position\":3,\"name\":\"St Michel &#8211; Petites madeleines aux p\u00e9pites de chocolat &#8211; 400 g\"}]},{\"@type\":\"WebSite\",\"@id\":\"https:\/\/nirigs.com\/#website\",\"url\":\"https:\/\/nirigs.com\/\",\"name\":\"Nirigs.com\",\"description\":\"Simplifiez vos achats du quotidien \u00e0 Djibouti\",\"publisher\":{\"@id\":\"https:\/\/nirigs.com\/#organization\"},\"potentialAction\":[{\"@type\":\"SearchAction\",\"target\":{\"@type\":\"EntryPoint\",\"urlTemplate\":\"https:\/\/nirigs.com\/?s={search_term_string}\"},\"query-input\":{\"@type\":\"PropertyValueSpecification\",\"valueRequired\":true,\"valueName\":\"search_term_string\"}}],\"inLanguage\":\"en-US\"},{\"@type\":\"Organization\",\"@id\":\"https:\/\/nirigs.com\/#organization\",\"name\":\"Nirigs\",\"url\":\"https:\/\/nirigs.com\/\",\"logo\":{\"@type\":\"ImageObject\",\"inLanguage\":\"en-US\",\"@id\":\"https:\/\/nirigs.com\/#\/schema\/logo\/image\/\",\"url\":\"https:\/\/nirigs.com\/wp-content\/uploads\/2025\/04\/Design-sans-titre-27.png\",\"contentUrl\":\"https:\/\/nirigs.com\/wp-content\/uploads\/2025\/04\/Design-sans-titre-27.png\",\"width\":500,\"height\":500,\"caption\":\"Nirigs\"},\"image\":{\"@id\":\"https:\/\/nirigs.com\/#\/schema\/logo\/image\/\"}}]}<\/script>\n<!-- \/ Yoast SEO plugin. -->","yoast_head_json":{"title":"St Michel - Petites madeleines aux p\u00e9pites de chocolat - 400 g - NIRIGS","robots":{"index":"index","follow":"follow","max-snippet":"max-snippet:-1","max-image-preview":"max-image-preview:large","max-video-preview":"max-video-preview:-1"},"canonical":"https:\/\/nirigs.com\/en\/product\/st-michel-petites-madeleines-aux-pepites-de-chocolat-400-g\/","og_locale":"en_US","og_type":"article","og_title":"St Michel - Petites madeleines aux p\u00e9pites de chocolat - 400 g - NIRIGS","og_description":"Les petites madeleines aux p\u00e9pites de chocolat de St Michel sont de d\u00e9licieuses p\u00e2tisseries moelleuses, parfaites pour une pause gourmande.","og_url":"https:\/\/nirigs.com\/en\/product\/st-michel-petites-madeleines-aux-pepites-de-chocolat-400-g\/","og_site_name":"NIRIGS","article_modified_time":"2025-06-05T15:22:20+00:00","og_image":[{"width":1000,"height":1000,"url":"https:\/\/nirigs.com\/wp-content\/uploads\/2024\/10\/St-Michel-Petites-madeleines-aux-pepites-de-chocolat-400-g.jpg","type":"image\/jpeg"}],"twitter_card":"summary_large_image","twitter_misc":{"Est. reading time":"1 minute"},"schema":{"@context":"https:\/\/schema.org","@graph":[{"@type":"WebPage","@id":"https:\/\/nirigs.com\/product\/st-michel-petites-madeleines-aux-pepites-de-chocolat-400-g\/","url":"https:\/\/nirigs.com\/product\/st-michel-petites-madeleines-aux-pepites-de-chocolat-400-g\/","name":"St Michel - Petites madeleines aux p\u00e9pites de chocolat - 400 g - NIRIGS","isPartOf":{"@id":"https:\/\/nirigs.com\/#website"},"primaryImageOfPage":{"@id":"https:\/\/nirigs.com\/product\/st-michel-petites-madeleines-aux-pepites-de-chocolat-400-g\/#primaryimage"},"image":{"@id":"https:\/\/nirigs.com\/product\/st-michel-petites-madeleines-aux-pepites-de-chocolat-400-g\/#primaryimage"},"thumbnailUrl":"https:\/\/nirigs.com\/wp-content\/uploads\/2024\/10\/St-Michel-Petites-madeleines-aux-pepites-de-chocolat-400-g.jpg","datePublished":"2024-10-06T14:59:39+00:00","dateModified":"2025-06-05T15:22:20+00:00","breadcrumb":{"@id":"https:\/\/nirigs.com\/product\/st-michel-petites-madeleines-aux-pepites-de-chocolat-400-g\/#breadcrumb"},"inLanguage":"en-US","potentialAction":[{"@type":"ReadAction","target":["https:\/\/nirigs.com\/product\/st-michel-petites-madeleines-aux-pepites-de-chocolat-400-g\/"]}]},{"@type":"ImageObject","inLanguage":"en-US","@id":"https:\/\/nirigs.com\/product\/st-michel-petites-madeleines-aux-pepites-de-chocolat-400-g\/#primaryimage","url":"https:\/\/nirigs.com\/wp-content\/uploads\/2024\/10\/St-Michel-Petites-madeleines-aux-pepites-de-chocolat-400-g.jpg","contentUrl":"https:\/\/nirigs.com\/wp-content\/uploads\/2024\/10\/St-Michel-Petites-madeleines-aux-pepites-de-chocolat-400-g.jpg","width":1000,"height":1000},{"@type":"BreadcrumbList","@id":"https:\/\/nirigs.com\/product\/st-michel-petites-madeleines-aux-pepites-de-chocolat-400-g\/#breadcrumb","itemListElement":[{"@type":"ListItem","position":1,"name":"Home","item":"https:\/\/nirigs.com\/"},{"@type":"ListItem","position":2,"name":"Parcourir","item":"https:\/\/nirigs.com\/boutique\/"},{"@type":"ListItem","position":3,"name":"St Michel &#8211; Petites madeleines aux p\u00e9pites de chocolat &#8211; 400 g"}]},{"@type":"WebSite","@id":"https:\/\/nirigs.com\/#website","url":"https:\/\/nirigs.com\/","name":"Nirigs.com","description":"Simplifiez vos achats du quotidien \u00e0 Djibouti","publisher":{"@id":"https:\/\/nirigs.com\/#organization"},"potentialAction":[{"@type":"SearchAction","target":{"@type":"EntryPoint","urlTemplate":"https:\/\/nirigs.com\/?s={search_term_string}"},"query-input":{"@type":"PropertyValueSpecification","valueRequired":true,"valueName":"search_term_string"}}],"inLanguage":"en-US"},{"@type":"Organization","@id":"https:\/\/nirigs.com\/#organization","name":"Nirigs","url":"https:\/\/nirigs.com\/","logo":{"@type":"ImageObject","inLanguage":"en-US","@id":"https:\/\/nirigs.com\/#\/schema\/logo\/image\/","url":"https:\/\/nirigs.com\/wp-content\/uploads\/2025\/04\/Design-sans-titre-27.png","contentUrl":"https:\/\/nirigs.com\/wp-content\/uploads\/2025\/04\/Design-sans-titre-27.png","width":500,"height":500,"caption":"Nirigs"},"image":{"@id":"https:\/\/nirigs.com\/#\/schema\/logo\/image\/"}}]}},"brands":[{"id":1270,"name":"St Michel","slug":"st-michel"}],"_links":{"self":[{"href":"https:\/\/nirigs.com\/en\/wp-json\/wp\/v2\/product\/23045","targetHints":{"allow":["GET"]}}],"collection":[{"href":"https:\/\/nirigs.com\/en\/wp-json\/wp\/v2\/product"}],"about":[{"href":"https:\/\/nirigs.com\/en\/wp-json\/wp\/v2\/types\/product"}],"replies":[{"embeddable":true,"href":"https:\/\/nirigs.com\/en\/wp-json\/wp\/v2\/comments?post=23045"}],"version-history":[{"count":3,"href":"https:\/\/nirigs.com\/en\/wp-json\/wp\/v2\/product\/23045\/revisions"}],"predecessor-version":[{"id":26788,"href":"https:\/\/nirigs.com\/en\/wp-json\/wp\/v2\/product\/23045\/revisions\/26788"}],"wp:featuredmedia":[{"embeddable":true,"href":"https:\/\/nirigs.com\/en\/wp-json\/wp\/v2\/media\/26787"}],"wp:attachment":[{"href":"https:\/\/nirigs.com\/en\/wp-json\/wp\/v2\/media?parent=23045"}],"wp:term":[{"taxonomy":"pwb-brand","embeddable":true,"href":"https:\/\/nirigs.com\/en\/wp-json\/wp\/v2\/pwb-brand?post=23045"},{"taxonomy":"product_brand","embeddable":true,"href":"https:\/\/nirigs.com\/en\/wp-json\/wp\/v2\/product_brand?post=23045"},{"taxonomy":"product_cat","embeddable":true,"href":"https:\/\/nirigs.com\/en\/wp-json\/wp\/v2\/product_cat?post=23045"},{"taxonomy":"product_tag","embeddable":true,"href":"https:\/\/nirigs.com\/en\/wp-json\/wp\/v2\/product_tag?post=23045"}],"curies":[{"name":"wp","href":"https:\/\/api.w.org\/{rel}","templated":true}]}}