{"id":23040,"date":"2024-10-06T17:59:38","date_gmt":"2024-10-06T14:59:38","guid":{"rendered":"https:\/\/nirigs.com\/produit\/la-boulangere-10-pains-au-lait-nature-350-g\/"},"modified":"2025-03-13T17:45:28","modified_gmt":"2025-03-13T14:45:28","slug":"la-boulangere-10-pains-au-lait-nature-350-g","status":"publish","type":"product","link":"https:\/\/nirigs.com\/en\/product\/la-boulangere-10-pains-au-lait-nature-350-g\/","title":{"rendered":"La Boulang\u00e8re - 10 plain milk breads -350 g"},"content":{"rendered":"<p>Les pains au lait nature de La Boulang\u00e8re sont des petits pains moelleux et savoureux, id\u00e9als pour les petits-d\u00e9jeuners ou les go\u00fbters. Offrant une texture douce et a\u00e9rienne, ces pains au lait sont parfaits pour accompagner des confitures, du beurre ou du chocolat \u00e0 tartiner. Ce pack de 10 pains, pesant 350 g, est pratique pour toute la famille et garantit des moments gourmands \u00e0 tout moment de la journ\u00e9e.<\/p>\n<h4>Ingredients:<\/h4>\n<p>Farine de bl\u00e9 T65, eau, beurre (4%), sucre, lait \u00e9cr\u00e9m\u00e9 en poudre, levure boulang\u00e8re, sel, extrait de malt d&rsquo;orge, gluten de bl\u00e9, oeufs entiers.<\/p>\n<p><em>* Peut contenir des traces de soja et de fruits \u00e0 coque.<\/em><\/p>\n<h4>Advantages :<\/h4>\n<ul>\n<li>Moelleux et savoureux : Ces pains au lait sont parfaits pour des moments gourmands.<\/li>\n<li>Pr\u00eat \u00e0 l&#8217;emploi : Id\u00e9al pour des go\u00fbters rapides ou pour accompagner vos petits-d\u00e9jeuners.<\/li>\n<li>Sans conservateurs artificiels : Un produit plus naturel pour une alimentation saine.<\/li>\n<li>Convient aux enfants : Sa taille et sa texture douce en font un en-cas id\u00e9al pour les plus jeunes.<\/li>\n<\/ul>\n<h4>Manual :<\/h4>\n<ul>\n<li>\u00c0 consommer nature ou accompagn\u00e9 de confiture, de beurre, de miel ou de chocolat \u00e0 tartiner selon vos pr\u00e9f\u00e9rences.<\/li>\n<li>\u00c0 chauffer l\u00e9g\u00e8rement au four ou au grille-pain pour retrouver le moelleux original.<\/li>\n<li>\u00c0 conserver dans un endroit frais et sec. Une fois ouvert, consommer rapidement pour pr\u00e9server la fra\u00eecheur du produit.<\/li>\n<\/ul>\n<h4>Precautions :<\/h4>\n<ul>\n<li>Contient du gluten, des \u0153ufs, et du lait. Peut contenir des traces de soja et de fruits \u00e0 coque.<\/li>\n<li>\u00c0 conserver \u00e0 l&rsquo;abri de l&rsquo;humidit\u00e9 pour \u00e9viter que les pains ne se dess\u00e8chent.<\/li>\n<li>Ne pas congeler apr\u00e8s ouverture afin de pr\u00e9server la texture moelleuse.<\/li>\n<\/ul>","protected":false},"excerpt":{"rendered":"<p>Les pains au lait nature de La Boulang\u00e8re sont des petits pains moelleux et savoureux, id\u00e9als pour les petits-d\u00e9jeuners ou<\/p>","protected":false},"featured_media":26544,"comment_status":"open","ping_status":"closed","template":"","meta":[],"pwb-brand":[1272],"product_brand":[],"product_cat":[1118,275,1116],"product_tag":[],"class_list":{"0":"post-23040","1":"product","2":"type-product","3":"status-publish","4":"has-post-thumbnail","6":"pwb-brand-la-boulangere","7":"product_cat-brioches-et-viennoiseries","8":"product_cat-epicerie","9":"product_cat-pains-et-patisseries","11":"first","12":"instock","13":"shipping-taxable","14":"purchasable","15":"product-type-simple"},"yoast_head":"<!-- This site is optimized with the Yoast SEO plugin v27.4 - https:\/\/yoast.com\/product\/yoast-seo-wordpress\/ -->\n<title>La Boulang\u00e8re - 10 pains au lait nature -350 g - NIRIGS<\/title>\n<meta name=\"robots\" content=\"index, follow, max-snippet:-1, max-image-preview:large, max-video-preview:-1\" \/>\n<link rel=\"canonical\" href=\"https:\/\/nirigs.com\/en\/product\/la-boulangere-10-pains-au-lait-nature-350-g\/\" \/>\n<meta property=\"og:locale\" content=\"en_US\" \/>\n<meta property=\"og:type\" content=\"article\" \/>\n<meta property=\"og:title\" content=\"La Boulang\u00e8re - 10 pains au lait nature -350 g - NIRIGS\" \/>\n<meta property=\"og:description\" content=\"Les pains au lait nature de La Boulang\u00e8re sont des petits pains moelleux et savoureux, id\u00e9als pour les petits-d\u00e9jeuners ou\" \/>\n<meta property=\"og:url\" content=\"https:\/\/nirigs.com\/en\/product\/la-boulangere-10-pains-au-lait-nature-350-g\/\" \/>\n<meta property=\"og:site_name\" content=\"NIRIGS\" \/>\n<meta property=\"article:modified_time\" content=\"2025-03-13T14:45:28+00:00\" \/>\n<meta property=\"og:image\" content=\"https:\/\/nirigs.com\/wp-content\/uploads\/2024\/10\/La-Boulangere-10-pains-au-lait-nature-350-g.jpg\" \/>\n\t<meta property=\"og:image:width\" content=\"1000\" \/>\n\t<meta property=\"og:image:height\" content=\"1000\" \/>\n\t<meta property=\"og:image:type\" content=\"image\/jpeg\" \/>\n<meta name=\"twitter:card\" content=\"summary_large_image\" \/>\n<meta name=\"twitter:label1\" content=\"Est. reading time\" \/>\n\t<meta name=\"twitter:data1\" content=\"1 minute\" \/>\n<script type=\"application\/ld+json\" class=\"yoast-schema-graph\">{\"@context\":\"https:\\\/\\\/schema.org\",\"@graph\":[{\"@type\":\"WebPage\",\"@id\":\"https:\\\/\\\/nirigs.com\\\/en\\\/product\\\/la-boulangere-10-pains-au-lait-nature-350-g\\\/\",\"url\":\"https:\\\/\\\/nirigs.com\\\/en\\\/product\\\/la-boulangere-10-pains-au-lait-nature-350-g\\\/\",\"name\":\"La Boulang\u00e8re - 10 pains au lait nature -350 g - NIRIGS\",\"isPartOf\":{\"@id\":\"https:\\\/\\\/nirigs.com\\\/#website\"},\"primaryImageOfPage\":{\"@id\":\"https:\\\/\\\/nirigs.com\\\/en\\\/product\\\/la-boulangere-10-pains-au-lait-nature-350-g\\\/#primaryimage\"},\"image\":{\"@id\":\"https:\\\/\\\/nirigs.com\\\/en\\\/product\\\/la-boulangere-10-pains-au-lait-nature-350-g\\\/#primaryimage\"},\"thumbnailUrl\":\"https:\\\/\\\/nirigs.com\\\/wp-content\\\/uploads\\\/2024\\\/10\\\/La-Boulangere-10-pains-au-lait-nature-350-g.jpg\",\"datePublished\":\"2024-10-06T14:59:38+00:00\",\"dateModified\":\"2025-03-13T14:45:28+00:00\",\"breadcrumb\":{\"@id\":\"https:\\\/\\\/nirigs.com\\\/en\\\/product\\\/la-boulangere-10-pains-au-lait-nature-350-g\\\/#breadcrumb\"},\"inLanguage\":\"en-US\",\"potentialAction\":[{\"@type\":\"ReadAction\",\"target\":[\"https:\\\/\\\/nirigs.com\\\/en\\\/product\\\/la-boulangere-10-pains-au-lait-nature-350-g\\\/\"]}]},{\"@type\":\"ImageObject\",\"inLanguage\":\"en-US\",\"@id\":\"https:\\\/\\\/nirigs.com\\\/en\\\/product\\\/la-boulangere-10-pains-au-lait-nature-350-g\\\/#primaryimage\",\"url\":\"https:\\\/\\\/nirigs.com\\\/wp-content\\\/uploads\\\/2024\\\/10\\\/La-Boulangere-10-pains-au-lait-nature-350-g.jpg\",\"contentUrl\":\"https:\\\/\\\/nirigs.com\\\/wp-content\\\/uploads\\\/2024\\\/10\\\/La-Boulangere-10-pains-au-lait-nature-350-g.jpg\",\"width\":1000,\"height\":1000},{\"@type\":\"BreadcrumbList\",\"@id\":\"https:\\\/\\\/nirigs.com\\\/en\\\/product\\\/la-boulangere-10-pains-au-lait-nature-350-g\\\/#breadcrumb\",\"itemListElement\":[{\"@type\":\"ListItem\",\"position\":1,\"name\":\"Home\",\"item\":\"https:\\\/\\\/nirigs.com\\\/\"},{\"@type\":\"ListItem\",\"position\":2,\"name\":\"Parcourir\",\"item\":\"https:\\\/\\\/nirigs.com\\\/boutique\\\/\"},{\"@type\":\"ListItem\",\"position\":3,\"name\":\"La Boulang\u00e8re &#8211; 10 pains au lait nature -350 g\"}]},{\"@type\":\"WebSite\",\"@id\":\"https:\\\/\\\/nirigs.com\\\/#website\",\"url\":\"https:\\\/\\\/nirigs.com\\\/\",\"name\":\"Nirigs.com\",\"description\":\"Simplifiez vos achats du quotidien \u00e0 Djibouti\",\"publisher\":{\"@id\":\"https:\\\/\\\/nirigs.com\\\/#organization\"},\"potentialAction\":[{\"@type\":\"SearchAction\",\"target\":{\"@type\":\"EntryPoint\",\"urlTemplate\":\"https:\\\/\\\/nirigs.com\\\/?s={search_term_string}\"},\"query-input\":{\"@type\":\"PropertyValueSpecification\",\"valueRequired\":true,\"valueName\":\"search_term_string\"}}],\"inLanguage\":\"en-US\"},{\"@type\":\"Organization\",\"@id\":\"https:\\\/\\\/nirigs.com\\\/#organization\",\"name\":\"Nirigs\",\"url\":\"https:\\\/\\\/nirigs.com\\\/\",\"logo\":{\"@type\":\"ImageObject\",\"inLanguage\":\"en-US\",\"@id\":\"https:\\\/\\\/nirigs.com\\\/#\\\/schema\\\/logo\\\/image\\\/\",\"url\":\"https:\\\/\\\/nirigs.com\\\/wp-content\\\/uploads\\\/2025\\\/04\\\/Design-sans-titre-27.png\",\"contentUrl\":\"https:\\\/\\\/nirigs.com\\\/wp-content\\\/uploads\\\/2025\\\/04\\\/Design-sans-titre-27.png\",\"width\":500,\"height\":500,\"caption\":\"Nirigs\"},\"image\":{\"@id\":\"https:\\\/\\\/nirigs.com\\\/#\\\/schema\\\/logo\\\/image\\\/\"}}]}<\/script>\n<!-- \/ Yoast SEO plugin. -->","yoast_head_json":{"title":"La Boulang\u00e8re - 10 pains au lait nature -350 g - NIRIGS","robots":{"index":"index","follow":"follow","max-snippet":"max-snippet:-1","max-image-preview":"max-image-preview:large","max-video-preview":"max-video-preview:-1"},"canonical":"https:\/\/nirigs.com\/en\/product\/la-boulangere-10-pains-au-lait-nature-350-g\/","og_locale":"en_US","og_type":"article","og_title":"La Boulang\u00e8re - 10 pains au lait nature -350 g - NIRIGS","og_description":"Les pains au lait nature de La Boulang\u00e8re sont des petits pains moelleux et savoureux, id\u00e9als pour les petits-d\u00e9jeuners ou","og_url":"https:\/\/nirigs.com\/en\/product\/la-boulangere-10-pains-au-lait-nature-350-g\/","og_site_name":"NIRIGS","article_modified_time":"2025-03-13T14:45:28+00:00","og_image":[{"width":1000,"height":1000,"url":"https:\/\/nirigs.com\/wp-content\/uploads\/2024\/10\/La-Boulangere-10-pains-au-lait-nature-350-g.jpg","type":"image\/jpeg"}],"twitter_card":"summary_large_image","twitter_misc":{"Est. reading time":"1 minute"},"schema":{"@context":"https:\/\/schema.org","@graph":[{"@type":"WebPage","@id":"https:\/\/nirigs.com\/en\/product\/la-boulangere-10-pains-au-lait-nature-350-g\/","url":"https:\/\/nirigs.com\/en\/product\/la-boulangere-10-pains-au-lait-nature-350-g\/","name":"La Boulang\u00e8re - 10 pains au lait nature -350 g - NIRIGS","isPartOf":{"@id":"https:\/\/nirigs.com\/#website"},"primaryImageOfPage":{"@id":"https:\/\/nirigs.com\/en\/product\/la-boulangere-10-pains-au-lait-nature-350-g\/#primaryimage"},"image":{"@id":"https:\/\/nirigs.com\/en\/product\/la-boulangere-10-pains-au-lait-nature-350-g\/#primaryimage"},"thumbnailUrl":"https:\/\/nirigs.com\/wp-content\/uploads\/2024\/10\/La-Boulangere-10-pains-au-lait-nature-350-g.jpg","datePublished":"2024-10-06T14:59:38+00:00","dateModified":"2025-03-13T14:45:28+00:00","breadcrumb":{"@id":"https:\/\/nirigs.com\/en\/product\/la-boulangere-10-pains-au-lait-nature-350-g\/#breadcrumb"},"inLanguage":"en-US","potentialAction":[{"@type":"ReadAction","target":["https:\/\/nirigs.com\/en\/product\/la-boulangere-10-pains-au-lait-nature-350-g\/"]}]},{"@type":"ImageObject","inLanguage":"en-US","@id":"https:\/\/nirigs.com\/en\/product\/la-boulangere-10-pains-au-lait-nature-350-g\/#primaryimage","url":"https:\/\/nirigs.com\/wp-content\/uploads\/2024\/10\/La-Boulangere-10-pains-au-lait-nature-350-g.jpg","contentUrl":"https:\/\/nirigs.com\/wp-content\/uploads\/2024\/10\/La-Boulangere-10-pains-au-lait-nature-350-g.jpg","width":1000,"height":1000},{"@type":"BreadcrumbList","@id":"https:\/\/nirigs.com\/en\/product\/la-boulangere-10-pains-au-lait-nature-350-g\/#breadcrumb","itemListElement":[{"@type":"ListItem","position":1,"name":"Home","item":"https:\/\/nirigs.com\/"},{"@type":"ListItem","position":2,"name":"Parcourir","item":"https:\/\/nirigs.com\/boutique\/"},{"@type":"ListItem","position":3,"name":"La Boulang\u00e8re &#8211; 10 pains au lait nature -350 g"}]},{"@type":"WebSite","@id":"https:\/\/nirigs.com\/#website","url":"https:\/\/nirigs.com\/","name":"Nirigs.com","description":"Simplifiez vos achats du quotidien \u00e0 Djibouti","publisher":{"@id":"https:\/\/nirigs.com\/#organization"},"potentialAction":[{"@type":"SearchAction","target":{"@type":"EntryPoint","urlTemplate":"https:\/\/nirigs.com\/?s={search_term_string}"},"query-input":{"@type":"PropertyValueSpecification","valueRequired":true,"valueName":"search_term_string"}}],"inLanguage":"en-US"},{"@type":"Organization","@id":"https:\/\/nirigs.com\/#organization","name":"Nirigs","url":"https:\/\/nirigs.com\/","logo":{"@type":"ImageObject","inLanguage":"en-US","@id":"https:\/\/nirigs.com\/#\/schema\/logo\/image\/","url":"https:\/\/nirigs.com\/wp-content\/uploads\/2025\/04\/Design-sans-titre-27.png","contentUrl":"https:\/\/nirigs.com\/wp-content\/uploads\/2025\/04\/Design-sans-titre-27.png","width":500,"height":500,"caption":"Nirigs"},"image":{"@id":"https:\/\/nirigs.com\/#\/schema\/logo\/image\/"}}]}},"brands":[{"id":1272,"name":"La Boulang\u00e8re","slug":"la-boulangere"}],"_links":{"self":[{"href":"https:\/\/nirigs.com\/en\/wp-json\/wp\/v2\/product\/23040","targetHints":{"allow":["GET"]}}],"collection":[{"href":"https:\/\/nirigs.com\/en\/wp-json\/wp\/v2\/product"}],"about":[{"href":"https:\/\/nirigs.com\/en\/wp-json\/wp\/v2\/types\/product"}],"replies":[{"embeddable":true,"href":"https:\/\/nirigs.com\/en\/wp-json\/wp\/v2\/comments?post=23040"}],"version-history":[{"count":2,"href":"https:\/\/nirigs.com\/en\/wp-json\/wp\/v2\/product\/23040\/revisions"}],"predecessor-version":[{"id":26545,"href":"https:\/\/nirigs.com\/en\/wp-json\/wp\/v2\/product\/23040\/revisions\/26545"}],"wp:featuredmedia":[{"embeddable":true,"href":"https:\/\/nirigs.com\/en\/wp-json\/wp\/v2\/media\/26544"}],"wp:attachment":[{"href":"https:\/\/nirigs.com\/en\/wp-json\/wp\/v2\/media?parent=23040"}],"wp:term":[{"taxonomy":"pwb-brand","embeddable":true,"href":"https:\/\/nirigs.com\/en\/wp-json\/wp\/v2\/pwb-brand?post=23040"},{"taxonomy":"product_brand","embeddable":true,"href":"https:\/\/nirigs.com\/en\/wp-json\/wp\/v2\/product_brand?post=23040"},{"taxonomy":"product_cat","embeddable":true,"href":"https:\/\/nirigs.com\/en\/wp-json\/wp\/v2\/product_cat?post=23040"},{"taxonomy":"product_tag","embeddable":true,"href":"https:\/\/nirigs.com\/en\/wp-json\/wp\/v2\/product_tag?post=23040"}],"curies":[{"name":"wp","href":"https:\/\/api.w.org\/{rel}","templated":true}]}}