{"id":22325,"date":"2024-10-02T17:36:26","date_gmt":"2024-10-02T14:36:26","guid":{"rendered":"https:\/\/nirigs.com\/?post_type=product&#038;p=22325"},"modified":"2025-04-22T11:54:02","modified_gmt":"2025-04-22T08:54:02","slug":"garnier-apres-shampoing-nourrissant-cheveux-secs-huiles-merveilleuses-argan-and-camelia-ultra-doux-200-ml","status":"publish","type":"product","link":"https:\/\/nirigs.com\/en\/product\/garnier-apres-shampoing-nourrissant-cheveux-secs-huiles-merveilleuses-argan-and-camelia-ultra-doux-200-ml\/","title":{"rendered":"GARNIER &#8211; Apr\u00e8s-shampoing Nourrissant Cheveux Secs Huiles Merveilleuses Argan and Cam\u00e9lia ULTRA DOUX &#8211; 200 ml"},"content":{"rendered":"<p>Apr\u00e8s-shampooing Garnier Ultra DOUX aux huiles d&rsquo;argan et de cam\u00e9lia pour cheveux secs.<\/p>\n<p>R\u00e9sultat : d\u00e9m\u00eal\u00e9s et nourris jusqu&rsquo;aux pointes, vos cheveux retrouvent toute leur souplesse et leur douceur. Ils redeviennent brillants et sont vraiment plus faciles \u00e0 coiffer. Ils resplendissent de beaut\u00e9.<\/p>\n<h4>Use<\/h4>\n<ul>\n<li>Versez une noisette d&rsquo;apr\u00e8s-shampooing dans vos mains.<\/li>\n<li>Appliquez le produit sur cheveux lav\u00e9s et rinc\u00e9s.<\/li>\n<li>R\u00e9partissez le produit sur l&rsquo;ensemble de la chevelure, des pointes vers les racines.<\/li>\n<li>Bien insister sur les pointes pour plus de d\u00e9m\u00ealage.<\/li>\n<\/ul>\n<h4>Ingredients<\/h4>\n<p>1161377 J &#8211; INGREDIENTS: AQUA \/ WATER &#8211; CETEARYL ALCOHOL &#8211; STEARAMIDOPROPYL DIMETHYLAMINE &#8211; ISOPROPYL MYRISTATE &#8211; CETYL ESTERS &#8211; HELIANTHUS ANNUUS SEED OIL \/ SUNFLOWER SEED OIL &#8211; ARGANIA SPINOSA KERNEL OIL &#8211; CAMELLIA OLEIFERA SEED OIL &#8211; SODIUM CHLORIDE &#8211; CAPRYLYL GLYCOL &#8211; TARTARIC ACID &#8211; TOCOPHEROL &#8211; BENZOIC ACID &#8211; CARAMEL &#8211; LINALOOL &#8211; GERANIOL &#8211; LIMONENE &#8211; CITRONELLOL &#8211; BENZYL ALCOHOL &#8211; PARFUM \/ FRAGRANCE (F.I.L. Z295646\/1).<\/p>","protected":false},"excerpt":{"rendered":"<p><br data-mce-bogus=\"1\"><\/p>","protected":false},"featured_media":22326,"comment_status":"open","ping_status":"closed","template":"","meta":[],"pwb-brand":[1091],"product_brand":[],"product_cat":[1025,267,1022,1024],"product_tag":[],"class_list":{"0":"post-22325","1":"product","2":"type-product","3":"status-publish","4":"has-post-thumbnail","6":"pwb-brand-garnier","7":"product_cat-apres-shampooings","8":"product_cat-beaute-et-soins","9":"product_cat-coiffures-et-soins-des-cheveux","10":"product_cat-soins-des-cheveux","12":"first","13":"instock","14":"shipping-taxable","15":"purchasable","16":"product-type-simple"},"yoast_head":"<!-- This site is optimized with the Yoast SEO plugin v27.4 - https:\/\/yoast.com\/product\/yoast-seo-wordpress\/ -->\n<title>GARNIER - Apr\u00e8s-shampoing Nourrissant Cheveux Secs Huiles Merveilleuses Argan and Cam\u00e9lia ULTRA DOUX - 200 ml - NIRIGS<\/title>\n<meta name=\"robots\" content=\"index, follow, max-snippet:-1, max-image-preview:large, max-video-preview:-1\" \/>\n<link rel=\"canonical\" href=\"https:\/\/nirigs.com\/en\/product\/garnier-apres-shampoing-nourrissant-cheveux-secs-huiles-merveilleuses-argan-and-camelia-ultra-doux-200-ml\/\" \/>\n<meta property=\"og:locale\" content=\"en_US\" \/>\n<meta property=\"og:type\" content=\"article\" \/>\n<meta property=\"og:title\" content=\"GARNIER - Apr\u00e8s-shampoing Nourrissant Cheveux Secs Huiles Merveilleuses Argan and Cam\u00e9lia ULTRA DOUX - 200 ml - NIRIGS\" \/>\n<meta property=\"og:url\" content=\"https:\/\/nirigs.com\/en\/product\/garnier-apres-shampoing-nourrissant-cheveux-secs-huiles-merveilleuses-argan-and-camelia-ultra-doux-200-ml\/\" \/>\n<meta property=\"og:site_name\" content=\"NIRIGS\" \/>\n<meta property=\"article:modified_time\" content=\"2025-04-22T08:54:02+00:00\" \/>\n<meta property=\"og:image\" content=\"https:\/\/nirigs.com\/wp-content\/uploads\/2024\/09\/GARNIER-Apres-shampoing-Nourrissant-Cheveux-Secs-Huiles-Merveilleuses-Argan-Camelia-ULTRA-DOUX-200ML.jpg\" \/>\n\t<meta property=\"og:image:width\" content=\"1000\" \/>\n\t<meta property=\"og:image:height\" content=\"1000\" \/>\n\t<meta property=\"og:image:type\" content=\"image\/jpeg\" \/>\n<meta name=\"twitter:card\" content=\"summary_large_image\" \/>\n<meta name=\"twitter:label1\" content=\"Est. reading time\" \/>\n\t<meta name=\"twitter:data1\" content=\"1 minute\" \/>\n<script type=\"application\/ld+json\" class=\"yoast-schema-graph\">{\"@context\":\"https:\\\/\\\/schema.org\",\"@graph\":[{\"@type\":\"WebPage\",\"@id\":\"https:\\\/\\\/nirigs.com\\\/product\\\/garnier-apres-shampoing-nourrissant-cheveux-secs-huiles-merveilleuses-argan-and-camelia-ultra-doux-200-ml\\\/\",\"url\":\"https:\\\/\\\/nirigs.com\\\/product\\\/garnier-apres-shampoing-nourrissant-cheveux-secs-huiles-merveilleuses-argan-and-camelia-ultra-doux-200-ml\\\/\",\"name\":\"GARNIER - Apr\u00e8s-shampoing Nourrissant Cheveux Secs Huiles Merveilleuses Argan and Cam\u00e9lia ULTRA DOUX - 200 ml - NIRIGS\",\"isPartOf\":{\"@id\":\"https:\\\/\\\/nirigs.com\\\/#website\"},\"primaryImageOfPage\":{\"@id\":\"https:\\\/\\\/nirigs.com\\\/product\\\/garnier-apres-shampoing-nourrissant-cheveux-secs-huiles-merveilleuses-argan-and-camelia-ultra-doux-200-ml\\\/#primaryimage\"},\"image\":{\"@id\":\"https:\\\/\\\/nirigs.com\\\/product\\\/garnier-apres-shampoing-nourrissant-cheveux-secs-huiles-merveilleuses-argan-and-camelia-ultra-doux-200-ml\\\/#primaryimage\"},\"thumbnailUrl\":\"https:\\\/\\\/nirigs.com\\\/wp-content\\\/uploads\\\/2024\\\/09\\\/GARNIER-Apres-shampoing-Nourrissant-Cheveux-Secs-Huiles-Merveilleuses-Argan-Camelia-ULTRA-DOUX-200ML.jpg\",\"datePublished\":\"2024-10-02T14:36:26+00:00\",\"dateModified\":\"2025-04-22T08:54:02+00:00\",\"breadcrumb\":{\"@id\":\"https:\\\/\\\/nirigs.com\\\/product\\\/garnier-apres-shampoing-nourrissant-cheveux-secs-huiles-merveilleuses-argan-and-camelia-ultra-doux-200-ml\\\/#breadcrumb\"},\"inLanguage\":\"en-US\",\"potentialAction\":[{\"@type\":\"ReadAction\",\"target\":[\"https:\\\/\\\/nirigs.com\\\/product\\\/garnier-apres-shampoing-nourrissant-cheveux-secs-huiles-merveilleuses-argan-and-camelia-ultra-doux-200-ml\\\/\"]}]},{\"@type\":\"ImageObject\",\"inLanguage\":\"en-US\",\"@id\":\"https:\\\/\\\/nirigs.com\\\/product\\\/garnier-apres-shampoing-nourrissant-cheveux-secs-huiles-merveilleuses-argan-and-camelia-ultra-doux-200-ml\\\/#primaryimage\",\"url\":\"https:\\\/\\\/nirigs.com\\\/wp-content\\\/uploads\\\/2024\\\/09\\\/GARNIER-Apres-shampoing-Nourrissant-Cheveux-Secs-Huiles-Merveilleuses-Argan-Camelia-ULTRA-DOUX-200ML.jpg\",\"contentUrl\":\"https:\\\/\\\/nirigs.com\\\/wp-content\\\/uploads\\\/2024\\\/09\\\/GARNIER-Apres-shampoing-Nourrissant-Cheveux-Secs-Huiles-Merveilleuses-Argan-Camelia-ULTRA-DOUX-200ML.jpg\",\"width\":1000,\"height\":1000},{\"@type\":\"BreadcrumbList\",\"@id\":\"https:\\\/\\\/nirigs.com\\\/product\\\/garnier-apres-shampoing-nourrissant-cheveux-secs-huiles-merveilleuses-argan-and-camelia-ultra-doux-200-ml\\\/#breadcrumb\",\"itemListElement\":[{\"@type\":\"ListItem\",\"position\":1,\"name\":\"Home\",\"item\":\"https:\\\/\\\/nirigs.com\\\/\"},{\"@type\":\"ListItem\",\"position\":2,\"name\":\"Parcourir\",\"item\":\"https:\\\/\\\/nirigs.com\\\/boutique\\\/\"},{\"@type\":\"ListItem\",\"position\":3,\"name\":\"GARNIER &#8211; Apr\u00e8s-shampoing Nourrissant Cheveux Secs Huiles Merveilleuses Argan and Cam\u00e9lia ULTRA DOUX &#8211; 200 ml\"}]},{\"@type\":\"WebSite\",\"@id\":\"https:\\\/\\\/nirigs.com\\\/#website\",\"url\":\"https:\\\/\\\/nirigs.com\\\/\",\"name\":\"Nirigs.com\",\"description\":\"Simplifiez vos achats du quotidien \u00e0 Djibouti\",\"publisher\":{\"@id\":\"https:\\\/\\\/nirigs.com\\\/#organization\"},\"potentialAction\":[{\"@type\":\"SearchAction\",\"target\":{\"@type\":\"EntryPoint\",\"urlTemplate\":\"https:\\\/\\\/nirigs.com\\\/?s={search_term_string}\"},\"query-input\":{\"@type\":\"PropertyValueSpecification\",\"valueRequired\":true,\"valueName\":\"search_term_string\"}}],\"inLanguage\":\"en-US\"},{\"@type\":\"Organization\",\"@id\":\"https:\\\/\\\/nirigs.com\\\/#organization\",\"name\":\"Nirigs\",\"url\":\"https:\\\/\\\/nirigs.com\\\/\",\"logo\":{\"@type\":\"ImageObject\",\"inLanguage\":\"en-US\",\"@id\":\"https:\\\/\\\/nirigs.com\\\/#\\\/schema\\\/logo\\\/image\\\/\",\"url\":\"https:\\\/\\\/nirigs.com\\\/wp-content\\\/uploads\\\/2025\\\/04\\\/Design-sans-titre-27.png\",\"contentUrl\":\"https:\\\/\\\/nirigs.com\\\/wp-content\\\/uploads\\\/2025\\\/04\\\/Design-sans-titre-27.png\",\"width\":500,\"height\":500,\"caption\":\"Nirigs\"},\"image\":{\"@id\":\"https:\\\/\\\/nirigs.com\\\/#\\\/schema\\\/logo\\\/image\\\/\"}}]}<\/script>\n<!-- \/ Yoast SEO plugin. -->","yoast_head_json":{"title":"GARNIER - Apr\u00e8s-shampoing Nourrissant Cheveux Secs Huiles Merveilleuses Argan and Cam\u00e9lia ULTRA DOUX - 200 ml - NIRIGS","robots":{"index":"index","follow":"follow","max-snippet":"max-snippet:-1","max-image-preview":"max-image-preview:large","max-video-preview":"max-video-preview:-1"},"canonical":"https:\/\/nirigs.com\/en\/product\/garnier-apres-shampoing-nourrissant-cheveux-secs-huiles-merveilleuses-argan-and-camelia-ultra-doux-200-ml\/","og_locale":"en_US","og_type":"article","og_title":"GARNIER - Apr\u00e8s-shampoing Nourrissant Cheveux Secs Huiles Merveilleuses Argan and Cam\u00e9lia ULTRA DOUX - 200 ml - NIRIGS","og_url":"https:\/\/nirigs.com\/en\/product\/garnier-apres-shampoing-nourrissant-cheveux-secs-huiles-merveilleuses-argan-and-camelia-ultra-doux-200-ml\/","og_site_name":"NIRIGS","article_modified_time":"2025-04-22T08:54:02+00:00","og_image":[{"width":1000,"height":1000,"url":"https:\/\/nirigs.com\/wp-content\/uploads\/2024\/09\/GARNIER-Apres-shampoing-Nourrissant-Cheveux-Secs-Huiles-Merveilleuses-Argan-Camelia-ULTRA-DOUX-200ML.jpg","type":"image\/jpeg"}],"twitter_card":"summary_large_image","twitter_misc":{"Est. reading time":"1 minute"},"schema":{"@context":"https:\/\/schema.org","@graph":[{"@type":"WebPage","@id":"https:\/\/nirigs.com\/product\/garnier-apres-shampoing-nourrissant-cheveux-secs-huiles-merveilleuses-argan-and-camelia-ultra-doux-200-ml\/","url":"https:\/\/nirigs.com\/product\/garnier-apres-shampoing-nourrissant-cheveux-secs-huiles-merveilleuses-argan-and-camelia-ultra-doux-200-ml\/","name":"GARNIER - Apr\u00e8s-shampoing Nourrissant Cheveux Secs Huiles Merveilleuses Argan and Cam\u00e9lia ULTRA DOUX - 200 ml - NIRIGS","isPartOf":{"@id":"https:\/\/nirigs.com\/#website"},"primaryImageOfPage":{"@id":"https:\/\/nirigs.com\/product\/garnier-apres-shampoing-nourrissant-cheveux-secs-huiles-merveilleuses-argan-and-camelia-ultra-doux-200-ml\/#primaryimage"},"image":{"@id":"https:\/\/nirigs.com\/product\/garnier-apres-shampoing-nourrissant-cheveux-secs-huiles-merveilleuses-argan-and-camelia-ultra-doux-200-ml\/#primaryimage"},"thumbnailUrl":"https:\/\/nirigs.com\/wp-content\/uploads\/2024\/09\/GARNIER-Apres-shampoing-Nourrissant-Cheveux-Secs-Huiles-Merveilleuses-Argan-Camelia-ULTRA-DOUX-200ML.jpg","datePublished":"2024-10-02T14:36:26+00:00","dateModified":"2025-04-22T08:54:02+00:00","breadcrumb":{"@id":"https:\/\/nirigs.com\/product\/garnier-apres-shampoing-nourrissant-cheveux-secs-huiles-merveilleuses-argan-and-camelia-ultra-doux-200-ml\/#breadcrumb"},"inLanguage":"en-US","potentialAction":[{"@type":"ReadAction","target":["https:\/\/nirigs.com\/product\/garnier-apres-shampoing-nourrissant-cheveux-secs-huiles-merveilleuses-argan-and-camelia-ultra-doux-200-ml\/"]}]},{"@type":"ImageObject","inLanguage":"en-US","@id":"https:\/\/nirigs.com\/product\/garnier-apres-shampoing-nourrissant-cheveux-secs-huiles-merveilleuses-argan-and-camelia-ultra-doux-200-ml\/#primaryimage","url":"https:\/\/nirigs.com\/wp-content\/uploads\/2024\/09\/GARNIER-Apres-shampoing-Nourrissant-Cheveux-Secs-Huiles-Merveilleuses-Argan-Camelia-ULTRA-DOUX-200ML.jpg","contentUrl":"https:\/\/nirigs.com\/wp-content\/uploads\/2024\/09\/GARNIER-Apres-shampoing-Nourrissant-Cheveux-Secs-Huiles-Merveilleuses-Argan-Camelia-ULTRA-DOUX-200ML.jpg","width":1000,"height":1000},{"@type":"BreadcrumbList","@id":"https:\/\/nirigs.com\/product\/garnier-apres-shampoing-nourrissant-cheveux-secs-huiles-merveilleuses-argan-and-camelia-ultra-doux-200-ml\/#breadcrumb","itemListElement":[{"@type":"ListItem","position":1,"name":"Home","item":"https:\/\/nirigs.com\/"},{"@type":"ListItem","position":2,"name":"Parcourir","item":"https:\/\/nirigs.com\/boutique\/"},{"@type":"ListItem","position":3,"name":"GARNIER &#8211; Apr\u00e8s-shampoing Nourrissant Cheveux Secs Huiles Merveilleuses Argan and Cam\u00e9lia ULTRA DOUX &#8211; 200 ml"}]},{"@type":"WebSite","@id":"https:\/\/nirigs.com\/#website","url":"https:\/\/nirigs.com\/","name":"Nirigs.com","description":"Simplifiez vos achats du quotidien \u00e0 Djibouti","publisher":{"@id":"https:\/\/nirigs.com\/#organization"},"potentialAction":[{"@type":"SearchAction","target":{"@type":"EntryPoint","urlTemplate":"https:\/\/nirigs.com\/?s={search_term_string}"},"query-input":{"@type":"PropertyValueSpecification","valueRequired":true,"valueName":"search_term_string"}}],"inLanguage":"en-US"},{"@type":"Organization","@id":"https:\/\/nirigs.com\/#organization","name":"Nirigs","url":"https:\/\/nirigs.com\/","logo":{"@type":"ImageObject","inLanguage":"en-US","@id":"https:\/\/nirigs.com\/#\/schema\/logo\/image\/","url":"https:\/\/nirigs.com\/wp-content\/uploads\/2025\/04\/Design-sans-titre-27.png","contentUrl":"https:\/\/nirigs.com\/wp-content\/uploads\/2025\/04\/Design-sans-titre-27.png","width":500,"height":500,"caption":"Nirigs"},"image":{"@id":"https:\/\/nirigs.com\/#\/schema\/logo\/image\/"}}]}},"brands":[{"id":1091,"name":"Garnier","slug":"garnier"}],"_links":{"self":[{"href":"https:\/\/nirigs.com\/en\/wp-json\/wp\/v2\/product\/22325","targetHints":{"allow":["GET"]}}],"collection":[{"href":"https:\/\/nirigs.com\/en\/wp-json\/wp\/v2\/product"}],"about":[{"href":"https:\/\/nirigs.com\/en\/wp-json\/wp\/v2\/types\/product"}],"replies":[{"embeddable":true,"href":"https:\/\/nirigs.com\/en\/wp-json\/wp\/v2\/comments?post=22325"}],"version-history":[{"count":9,"href":"https:\/\/nirigs.com\/en\/wp-json\/wp\/v2\/product\/22325\/revisions"}],"predecessor-version":[{"id":27019,"href":"https:\/\/nirigs.com\/en\/wp-json\/wp\/v2\/product\/22325\/revisions\/27019"}],"wp:featuredmedia":[{"embeddable":true,"href":"https:\/\/nirigs.com\/en\/wp-json\/wp\/v2\/media\/22326"}],"wp:attachment":[{"href":"https:\/\/nirigs.com\/en\/wp-json\/wp\/v2\/media?parent=22325"}],"wp:term":[{"taxonomy":"pwb-brand","embeddable":true,"href":"https:\/\/nirigs.com\/en\/wp-json\/wp\/v2\/pwb-brand?post=22325"},{"taxonomy":"product_brand","embeddable":true,"href":"https:\/\/nirigs.com\/en\/wp-json\/wp\/v2\/product_brand?post=22325"},{"taxonomy":"product_cat","embeddable":true,"href":"https:\/\/nirigs.com\/en\/wp-json\/wp\/v2\/product_cat?post=22325"},{"taxonomy":"product_tag","embeddable":true,"href":"https:\/\/nirigs.com\/en\/wp-json\/wp\/v2\/product_tag?post=22325"}],"curies":[{"name":"wp","href":"https:\/\/api.w.org\/{rel}","templated":true}]}}