{"id":22319,"date":"2024-10-02T17:47:18","date_gmt":"2024-10-02T14:47:18","guid":{"rendered":"https:\/\/nirigs.com\/?post_type=product&#038;p=22319"},"modified":"2025-04-22T11:34:05","modified_gmt":"2025-04-22T08:34:05","slug":"garnier-fructis-shampooing-nourrissant-pasteque-pour-cheveux-fins-350-ml","status":"publish","type":"product","link":"https:\/\/nirigs.com\/en\/product\/garnier-fructis-shampooing-nourrissant-pasteque-pour-cheveux-fins-350-ml\/","title":{"rendered":"Garnier &#8211; Fructis Shampooing Nourrissant Past\u00e8que, Pour Cheveux Fins &#8211; 350 ml"},"content":{"rendered":"<p>Garnier cr\u00e9e son nouveau shampooing vegan \u00e0 96% d&rsquo;ingr\u00e9dients d&rsquo;origine naturelle : Hair Food. Sa mousse l\u00e9g\u00e8re nettoie et repulpe les cheveux. Ils sont comme gorg\u00e9s d&rsquo;hydratation, en toute l\u00e9g\u00e8ret\u00e9.<\/p>\n<ul class=\"a-unordered-list a-vertical a-spacing-mini\">\n<li class=\"a-spacing-mini\"><span class=\"a-list-item\">Shampooing nourrissant \u00e0 la past\u00e8que pour les cheveux fins, Adapt\u00e9 \u00e0 tous les types de cheveux qu&rsquo;ils soient lisses ou boucl\u00e9s<\/span><\/li>\n<li class=\"a-spacing-mini\"><span class=\"a-list-item\">Formule v\u00e9gane aux huiles v\u00e9g\u00e9tales compos\u00e9e \u00e0 96% d&rsquo;ingr\u00e9dients d&rsquo;origine naturelle et biod\u00e9gradable \u00e0 96%, Test\u00e9e dermatologiquement, Sans silicone pour un toucher naturel.<\/span><\/li>\n<\/ul>\n<h4>Use<\/h4>\n<ul>\n<li>Appliquer le shampoing sur les cheveux<\/li>\n<li>Faire mousser.<\/li>\n<li>Rinse off.<\/li>\n<\/ul>\n<h4>Ingredients<\/h4>\n<p>1239525 B &#8211; INGREDIENTS: AQUA \/ WATER \u2022 SODIUM LAURYL SULFATE \u2022 COCO-GLUCOSIDE \u2022 COCO-BETAINE \u2022 PUNICA GRANATUM EXTRACT \u2022 COCOS NUCIFERA OIL \/ COCONUT OIL \u2022 CITRULLUS LANATUS FRUIT EXTRACT \/ WATERMELON FRUIT EXTRACT \u2022 GLYCERIN \u2022 GLYCERYL OLEATE \u2022 TRIETHYL CITRATE \u2022 LECITHIN \u2022 SODIUM CHLORIDE \u2022 SODIUM HYDROXIDE \u2022 HYDROGENATED PALM GLYCERIDES CITRATE \u2022 HYDROXYPROPYL GUAR HYDROXYPROPYLTRIMONIUM CHLORIDE \u2022 CITRIC ACID \u2022 TOCOPHEROL \u2022 ASCORBYL PALMITATE \u2022 SODIUM BENZOATE \u2022 SALICYLIC ACID \u2022 LINALOOL \u2022 GERANIOL \u2022 LIMONENE \u2022 CITRAL \u2022 BENZYL ALCOHOL \u2022 PARFUM \/ FRAGRANCE (F.I.L. C264959\/1).<\/p>","protected":false},"excerpt":{"rendered":"<p><br data-mce-bogus=\"1\"><\/p>","protected":false},"featured_media":22322,"comment_status":"open","ping_status":"closed","template":"","meta":[],"pwb-brand":[1091],"product_brand":[],"product_cat":[267,1022,1026,1024],"product_tag":[],"class_list":{"0":"post-22319","1":"product","2":"type-product","3":"status-publish","4":"has-post-thumbnail","6":"pwb-brand-garnier","7":"product_cat-beaute-et-soins","8":"product_cat-coiffures-et-soins-des-cheveux","9":"product_cat-shampooings","10":"product_cat-soins-des-cheveux","12":"first","13":"instock","14":"shipping-taxable","15":"purchasable","16":"product-type-simple"},"yoast_head":"<!-- This site is optimized with the Yoast SEO plugin v27.4 - https:\/\/yoast.com\/product\/yoast-seo-wordpress\/ -->\n<title>Garnier - Fructis Shampooing Nourrissant Past\u00e8que, Pour Cheveux Fins - 350 ml - NIRIGS<\/title>\n<meta name=\"robots\" content=\"index, follow, max-snippet:-1, max-image-preview:large, max-video-preview:-1\" \/>\n<link rel=\"canonical\" href=\"https:\/\/nirigs.com\/en\/product\/garnier-fructis-shampooing-nourrissant-pasteque-pour-cheveux-fins-350-ml\/\" \/>\n<meta property=\"og:locale\" content=\"en_US\" \/>\n<meta property=\"og:type\" content=\"article\" \/>\n<meta property=\"og:title\" content=\"Garnier - Fructis Shampooing Nourrissant Past\u00e8que, Pour Cheveux Fins - 350 ml - NIRIGS\" \/>\n<meta property=\"og:url\" content=\"https:\/\/nirigs.com\/en\/product\/garnier-fructis-shampooing-nourrissant-pasteque-pour-cheveux-fins-350-ml\/\" \/>\n<meta property=\"og:site_name\" content=\"NIRIGS\" \/>\n<meta property=\"article:modified_time\" content=\"2025-04-22T08:34:05+00:00\" \/>\n<meta property=\"og:image\" content=\"https:\/\/nirigs.com\/wp-content\/uploads\/2024\/09\/Garnier-Fructis-Shampooing-Nourrissant-Pasteque-Pour-Cheveux-Fins-350-ml-1.jpg\" \/>\n\t<meta property=\"og:image:width\" content=\"1000\" \/>\n\t<meta property=\"og:image:height\" content=\"1000\" \/>\n\t<meta property=\"og:image:type\" content=\"image\/jpeg\" \/>\n<meta name=\"twitter:card\" content=\"summary_large_image\" \/>\n<meta name=\"twitter:label1\" content=\"Est. reading time\" \/>\n\t<meta name=\"twitter:data1\" content=\"1 minute\" \/>\n<script type=\"application\/ld+json\" class=\"yoast-schema-graph\">{\"@context\":\"https:\\\/\\\/schema.org\",\"@graph\":[{\"@type\":\"WebPage\",\"@id\":\"https:\\\/\\\/nirigs.com\\\/product\\\/garnier-fructis-shampooing-nourrissant-pasteque-pour-cheveux-fins-350-ml\\\/\",\"url\":\"https:\\\/\\\/nirigs.com\\\/product\\\/garnier-fructis-shampooing-nourrissant-pasteque-pour-cheveux-fins-350-ml\\\/\",\"name\":\"Garnier - Fructis Shampooing Nourrissant Past\u00e8que, Pour Cheveux Fins - 350 ml - NIRIGS\",\"isPartOf\":{\"@id\":\"https:\\\/\\\/nirigs.com\\\/#website\"},\"primaryImageOfPage\":{\"@id\":\"https:\\\/\\\/nirigs.com\\\/product\\\/garnier-fructis-shampooing-nourrissant-pasteque-pour-cheveux-fins-350-ml\\\/#primaryimage\"},\"image\":{\"@id\":\"https:\\\/\\\/nirigs.com\\\/product\\\/garnier-fructis-shampooing-nourrissant-pasteque-pour-cheveux-fins-350-ml\\\/#primaryimage\"},\"thumbnailUrl\":\"https:\\\/\\\/nirigs.com\\\/wp-content\\\/uploads\\\/2024\\\/09\\\/Garnier-Fructis-Shampooing-Nourrissant-Pasteque-Pour-Cheveux-Fins-350-ml-1.jpg\",\"datePublished\":\"2024-10-02T14:47:18+00:00\",\"dateModified\":\"2025-04-22T08:34:05+00:00\",\"breadcrumb\":{\"@id\":\"https:\\\/\\\/nirigs.com\\\/product\\\/garnier-fructis-shampooing-nourrissant-pasteque-pour-cheveux-fins-350-ml\\\/#breadcrumb\"},\"inLanguage\":\"en-US\",\"potentialAction\":[{\"@type\":\"ReadAction\",\"target\":[\"https:\\\/\\\/nirigs.com\\\/product\\\/garnier-fructis-shampooing-nourrissant-pasteque-pour-cheveux-fins-350-ml\\\/\"]}]},{\"@type\":\"ImageObject\",\"inLanguage\":\"en-US\",\"@id\":\"https:\\\/\\\/nirigs.com\\\/product\\\/garnier-fructis-shampooing-nourrissant-pasteque-pour-cheveux-fins-350-ml\\\/#primaryimage\",\"url\":\"https:\\\/\\\/nirigs.com\\\/wp-content\\\/uploads\\\/2024\\\/09\\\/Garnier-Fructis-Shampooing-Nourrissant-Pasteque-Pour-Cheveux-Fins-350-ml-1.jpg\",\"contentUrl\":\"https:\\\/\\\/nirigs.com\\\/wp-content\\\/uploads\\\/2024\\\/09\\\/Garnier-Fructis-Shampooing-Nourrissant-Pasteque-Pour-Cheveux-Fins-350-ml-1.jpg\",\"width\":1000,\"height\":1000},{\"@type\":\"BreadcrumbList\",\"@id\":\"https:\\\/\\\/nirigs.com\\\/product\\\/garnier-fructis-shampooing-nourrissant-pasteque-pour-cheveux-fins-350-ml\\\/#breadcrumb\",\"itemListElement\":[{\"@type\":\"ListItem\",\"position\":1,\"name\":\"Home\",\"item\":\"https:\\\/\\\/nirigs.com\\\/\"},{\"@type\":\"ListItem\",\"position\":2,\"name\":\"Parcourir\",\"item\":\"https:\\\/\\\/nirigs.com\\\/boutique\\\/\"},{\"@type\":\"ListItem\",\"position\":3,\"name\":\"Garnier &#8211; Fructis Shampooing Nourrissant Past\u00e8que, Pour Cheveux Fins &#8211; 350 ml\"}]},{\"@type\":\"WebSite\",\"@id\":\"https:\\\/\\\/nirigs.com\\\/#website\",\"url\":\"https:\\\/\\\/nirigs.com\\\/\",\"name\":\"Nirigs.com\",\"description\":\"Simplifiez vos achats du quotidien \u00e0 Djibouti\",\"publisher\":{\"@id\":\"https:\\\/\\\/nirigs.com\\\/#organization\"},\"potentialAction\":[{\"@type\":\"SearchAction\",\"target\":{\"@type\":\"EntryPoint\",\"urlTemplate\":\"https:\\\/\\\/nirigs.com\\\/?s={search_term_string}\"},\"query-input\":{\"@type\":\"PropertyValueSpecification\",\"valueRequired\":true,\"valueName\":\"search_term_string\"}}],\"inLanguage\":\"en-US\"},{\"@type\":\"Organization\",\"@id\":\"https:\\\/\\\/nirigs.com\\\/#organization\",\"name\":\"Nirigs\",\"url\":\"https:\\\/\\\/nirigs.com\\\/\",\"logo\":{\"@type\":\"ImageObject\",\"inLanguage\":\"en-US\",\"@id\":\"https:\\\/\\\/nirigs.com\\\/#\\\/schema\\\/logo\\\/image\\\/\",\"url\":\"https:\\\/\\\/nirigs.com\\\/wp-content\\\/uploads\\\/2025\\\/04\\\/Design-sans-titre-27.png\",\"contentUrl\":\"https:\\\/\\\/nirigs.com\\\/wp-content\\\/uploads\\\/2025\\\/04\\\/Design-sans-titre-27.png\",\"width\":500,\"height\":500,\"caption\":\"Nirigs\"},\"image\":{\"@id\":\"https:\\\/\\\/nirigs.com\\\/#\\\/schema\\\/logo\\\/image\\\/\"}}]}<\/script>\n<!-- \/ Yoast SEO plugin. -->","yoast_head_json":{"title":"Garnier - Fructis Shampooing Nourrissant Past\u00e8que, Pour Cheveux Fins - 350 ml - NIRIGS","robots":{"index":"index","follow":"follow","max-snippet":"max-snippet:-1","max-image-preview":"max-image-preview:large","max-video-preview":"max-video-preview:-1"},"canonical":"https:\/\/nirigs.com\/en\/product\/garnier-fructis-shampooing-nourrissant-pasteque-pour-cheveux-fins-350-ml\/","og_locale":"en_US","og_type":"article","og_title":"Garnier - Fructis Shampooing Nourrissant Past\u00e8que, Pour Cheveux Fins - 350 ml - NIRIGS","og_url":"https:\/\/nirigs.com\/en\/product\/garnier-fructis-shampooing-nourrissant-pasteque-pour-cheveux-fins-350-ml\/","og_site_name":"NIRIGS","article_modified_time":"2025-04-22T08:34:05+00:00","og_image":[{"width":1000,"height":1000,"url":"https:\/\/nirigs.com\/wp-content\/uploads\/2024\/09\/Garnier-Fructis-Shampooing-Nourrissant-Pasteque-Pour-Cheveux-Fins-350-ml-1.jpg","type":"image\/jpeg"}],"twitter_card":"summary_large_image","twitter_misc":{"Est. reading time":"1 minute"},"schema":{"@context":"https:\/\/schema.org","@graph":[{"@type":"WebPage","@id":"https:\/\/nirigs.com\/product\/garnier-fructis-shampooing-nourrissant-pasteque-pour-cheveux-fins-350-ml\/","url":"https:\/\/nirigs.com\/product\/garnier-fructis-shampooing-nourrissant-pasteque-pour-cheveux-fins-350-ml\/","name":"Garnier - Fructis Shampooing Nourrissant Past\u00e8que, Pour Cheveux Fins - 350 ml - NIRIGS","isPartOf":{"@id":"https:\/\/nirigs.com\/#website"},"primaryImageOfPage":{"@id":"https:\/\/nirigs.com\/product\/garnier-fructis-shampooing-nourrissant-pasteque-pour-cheveux-fins-350-ml\/#primaryimage"},"image":{"@id":"https:\/\/nirigs.com\/product\/garnier-fructis-shampooing-nourrissant-pasteque-pour-cheveux-fins-350-ml\/#primaryimage"},"thumbnailUrl":"https:\/\/nirigs.com\/wp-content\/uploads\/2024\/09\/Garnier-Fructis-Shampooing-Nourrissant-Pasteque-Pour-Cheveux-Fins-350-ml-1.jpg","datePublished":"2024-10-02T14:47:18+00:00","dateModified":"2025-04-22T08:34:05+00:00","breadcrumb":{"@id":"https:\/\/nirigs.com\/product\/garnier-fructis-shampooing-nourrissant-pasteque-pour-cheveux-fins-350-ml\/#breadcrumb"},"inLanguage":"en-US","potentialAction":[{"@type":"ReadAction","target":["https:\/\/nirigs.com\/product\/garnier-fructis-shampooing-nourrissant-pasteque-pour-cheveux-fins-350-ml\/"]}]},{"@type":"ImageObject","inLanguage":"en-US","@id":"https:\/\/nirigs.com\/product\/garnier-fructis-shampooing-nourrissant-pasteque-pour-cheveux-fins-350-ml\/#primaryimage","url":"https:\/\/nirigs.com\/wp-content\/uploads\/2024\/09\/Garnier-Fructis-Shampooing-Nourrissant-Pasteque-Pour-Cheveux-Fins-350-ml-1.jpg","contentUrl":"https:\/\/nirigs.com\/wp-content\/uploads\/2024\/09\/Garnier-Fructis-Shampooing-Nourrissant-Pasteque-Pour-Cheveux-Fins-350-ml-1.jpg","width":1000,"height":1000},{"@type":"BreadcrumbList","@id":"https:\/\/nirigs.com\/product\/garnier-fructis-shampooing-nourrissant-pasteque-pour-cheveux-fins-350-ml\/#breadcrumb","itemListElement":[{"@type":"ListItem","position":1,"name":"Home","item":"https:\/\/nirigs.com\/"},{"@type":"ListItem","position":2,"name":"Parcourir","item":"https:\/\/nirigs.com\/boutique\/"},{"@type":"ListItem","position":3,"name":"Garnier &#8211; Fructis Shampooing Nourrissant Past\u00e8que, Pour Cheveux Fins &#8211; 350 ml"}]},{"@type":"WebSite","@id":"https:\/\/nirigs.com\/#website","url":"https:\/\/nirigs.com\/","name":"Nirigs.com","description":"Simplifiez vos achats du quotidien \u00e0 Djibouti","publisher":{"@id":"https:\/\/nirigs.com\/#organization"},"potentialAction":[{"@type":"SearchAction","target":{"@type":"EntryPoint","urlTemplate":"https:\/\/nirigs.com\/?s={search_term_string}"},"query-input":{"@type":"PropertyValueSpecification","valueRequired":true,"valueName":"search_term_string"}}],"inLanguage":"en-US"},{"@type":"Organization","@id":"https:\/\/nirigs.com\/#organization","name":"Nirigs","url":"https:\/\/nirigs.com\/","logo":{"@type":"ImageObject","inLanguage":"en-US","@id":"https:\/\/nirigs.com\/#\/schema\/logo\/image\/","url":"https:\/\/nirigs.com\/wp-content\/uploads\/2025\/04\/Design-sans-titre-27.png","contentUrl":"https:\/\/nirigs.com\/wp-content\/uploads\/2025\/04\/Design-sans-titre-27.png","width":500,"height":500,"caption":"Nirigs"},"image":{"@id":"https:\/\/nirigs.com\/#\/schema\/logo\/image\/"}}]}},"brands":[{"id":1091,"name":"Garnier","slug":"garnier"}],"_links":{"self":[{"href":"https:\/\/nirigs.com\/en\/wp-json\/wp\/v2\/product\/22319","targetHints":{"allow":["GET"]}}],"collection":[{"href":"https:\/\/nirigs.com\/en\/wp-json\/wp\/v2\/product"}],"about":[{"href":"https:\/\/nirigs.com\/en\/wp-json\/wp\/v2\/types\/product"}],"replies":[{"embeddable":true,"href":"https:\/\/nirigs.com\/en\/wp-json\/wp\/v2\/comments?post=22319"}],"version-history":[{"count":6,"href":"https:\/\/nirigs.com\/en\/wp-json\/wp\/v2\/product\/22319\/revisions"}],"predecessor-version":[{"id":26977,"href":"https:\/\/nirigs.com\/en\/wp-json\/wp\/v2\/product\/22319\/revisions\/26977"}],"wp:featuredmedia":[{"embeddable":true,"href":"https:\/\/nirigs.com\/en\/wp-json\/wp\/v2\/media\/22322"}],"wp:attachment":[{"href":"https:\/\/nirigs.com\/en\/wp-json\/wp\/v2\/media?parent=22319"}],"wp:term":[{"taxonomy":"pwb-brand","embeddable":true,"href":"https:\/\/nirigs.com\/en\/wp-json\/wp\/v2\/pwb-brand?post=22319"},{"taxonomy":"product_brand","embeddable":true,"href":"https:\/\/nirigs.com\/en\/wp-json\/wp\/v2\/product_brand?post=22319"},{"taxonomy":"product_cat","embeddable":true,"href":"https:\/\/nirigs.com\/en\/wp-json\/wp\/v2\/product_cat?post=22319"},{"taxonomy":"product_tag","embeddable":true,"href":"https:\/\/nirigs.com\/en\/wp-json\/wp\/v2\/product_tag?post=22319"}],"curies":[{"name":"wp","href":"https:\/\/api.w.org\/{rel}","templated":true}]}}