{"id":22307,"date":"2024-10-02T17:35:16","date_gmt":"2024-10-02T14:35:16","guid":{"rendered":"https:\/\/nirigs.com\/?post_type=product&#038;p=22307"},"modified":"2025-04-22T18:11:58","modified_gmt":"2025-04-22T15:11:58","slug":"franck-provost-expert-nutrition-apres-shampooing-cheveux-secs-750-ml","status":"publish","type":"product","link":"https:\/\/nirigs.com\/en\/product\/franck-provost-expert-nutrition-apres-shampooing-cheveux-secs-750-ml\/","title":{"rendered":"Franck Provost - Expert Nutrition - Conditioner - Dry Hair - 750 ml"},"content":{"rendered":"<p>Expert Nutrition Apr\u00e8s-shampooing\u00a0\u00a0pour cheveux Secs. Enrichi en filtre uv et en extrait de Karite, l&rsquo;apr\u00e8s-shampooing d\u00e9m\u00eale et nourrit vos cheveux pour une couleur plus belle, plus intense et plus \u00e9clatante.<\/p>\n<p>R\u00e9sultat : une couleur plus belle, plus intense et plus \u00e9clatante.<\/p>\n<h4>Use<\/h4>\n<ul>\n<li>Apr\u00e8s votre shampooing expert , appliquez sur vos longueurs.<\/li>\n<li>Massage, paying particular attention to the tips.<\/li>\n<li>Rinse thoroughly.<\/li>\n<\/ul>\n<h4>Ingredients<\/h4>\n<p>1184645 &#8211; INGREDIENTS: AQUA \/ WATER &#8211; CETEARYL ALCOHOL &#8211; ELAEIS GUINEENSIS OIL \/ PALM OIL &#8211; BEHENTRIMONIUM CHLORIDE &#8211; STEARAMIDOPROPYL DIMETHYLAMINE &#8211; GLYCERIN &#8211; COUMARIN &#8211; PHENOXYETHANOL &#8211; CHLORHEXIDINE DIHYDROCHLORIDE &#8211; LIMONENE &#8211; ISOPROPYL ALCOHOL &#8211; CITRIC ACID &#8211; BUTYROSPERMUM PARKII BUTTER \/ SHEA BUTTER &#8211; PARFUM \/ FRAGRANCE (F.I.L. C244677\/1).<\/p>","protected":false},"excerpt":{"rendered":"<p><br data-mce-bogus=\"1\"><\/p>","protected":false},"featured_media":22308,"comment_status":"open","ping_status":"closed","template":"","meta":[],"pwb-brand":[1093],"product_brand":[],"product_cat":[1025,267,1022,1024],"product_tag":[],"class_list":{"0":"post-22307","1":"product","2":"type-product","3":"status-publish","4":"has-post-thumbnail","6":"pwb-brand-franck-provost","7":"product_cat-apres-shampooings","8":"product_cat-beaute-et-soins","9":"product_cat-coiffures-et-soins-des-cheveux","10":"product_cat-soins-des-cheveux","12":"first","13":"instock","14":"shipping-taxable","15":"purchasable","16":"product-type-simple"},"yoast_head":"<!-- This site is optimized with the Yoast SEO plugin v27.4 - https:\/\/yoast.com\/product\/yoast-seo-wordpress\/ -->\n<title>Franck Provost - Expert Nutrition - Apres Shampooing - Cheveux Secs - 750 ml - NIRIGS<\/title>\n<meta name=\"robots\" content=\"index, follow, max-snippet:-1, max-image-preview:large, max-video-preview:-1\" \/>\n<link rel=\"canonical\" href=\"https:\/\/nirigs.com\/en\/product\/franck-provost-expert-nutrition-apres-shampooing-cheveux-secs-750-ml\/\" \/>\n<meta property=\"og:locale\" content=\"en_US\" \/>\n<meta property=\"og:type\" content=\"article\" \/>\n<meta property=\"og:title\" content=\"Franck Provost - Expert Nutrition - Apres Shampooing - Cheveux Secs - 750 ml - NIRIGS\" \/>\n<meta property=\"og:url\" content=\"https:\/\/nirigs.com\/en\/product\/franck-provost-expert-nutrition-apres-shampooing-cheveux-secs-750-ml\/\" \/>\n<meta property=\"og:site_name\" content=\"NIRIGS\" \/>\n<meta property=\"article:modified_time\" content=\"2025-04-22T15:11:58+00:00\" \/>\n<meta property=\"og:image\" content=\"https:\/\/nirigs.com\/wp-content\/uploads\/2024\/09\/Franck-Provost-Expert-Nutrition-Apres-Shampooing-Cheveux-Secs-750ml.jpg\" \/>\n\t<meta property=\"og:image:width\" content=\"1000\" \/>\n\t<meta property=\"og:image:height\" content=\"1000\" \/>\n\t<meta property=\"og:image:type\" content=\"image\/jpeg\" \/>\n<meta name=\"twitter:card\" content=\"summary_large_image\" \/>\n<meta name=\"twitter:label1\" content=\"Est. reading time\" \/>\n\t<meta name=\"twitter:data1\" content=\"1 minute\" \/>\n<script type=\"application\/ld+json\" class=\"yoast-schema-graph\">{\"@context\":\"https:\\\/\\\/schema.org\",\"@graph\":[{\"@type\":\"WebPage\",\"@id\":\"https:\\\/\\\/nirigs.com\\\/product\\\/franck-provost-expert-nutrition-apres-shampooing-cheveux-secs-750-ml\\\/\",\"url\":\"https:\\\/\\\/nirigs.com\\\/product\\\/franck-provost-expert-nutrition-apres-shampooing-cheveux-secs-750-ml\\\/\",\"name\":\"Franck Provost - Expert Nutrition - Apres Shampooing - Cheveux Secs - 750 ml - NIRIGS\",\"isPartOf\":{\"@id\":\"https:\\\/\\\/nirigs.com\\\/#website\"},\"primaryImageOfPage\":{\"@id\":\"https:\\\/\\\/nirigs.com\\\/product\\\/franck-provost-expert-nutrition-apres-shampooing-cheveux-secs-750-ml\\\/#primaryimage\"},\"image\":{\"@id\":\"https:\\\/\\\/nirigs.com\\\/product\\\/franck-provost-expert-nutrition-apres-shampooing-cheveux-secs-750-ml\\\/#primaryimage\"},\"thumbnailUrl\":\"https:\\\/\\\/nirigs.com\\\/wp-content\\\/uploads\\\/2024\\\/09\\\/Franck-Provost-Expert-Nutrition-Apres-Shampooing-Cheveux-Secs-750ml.jpg\",\"datePublished\":\"2024-10-02T14:35:16+00:00\",\"dateModified\":\"2025-04-22T15:11:58+00:00\",\"breadcrumb\":{\"@id\":\"https:\\\/\\\/nirigs.com\\\/product\\\/franck-provost-expert-nutrition-apres-shampooing-cheveux-secs-750-ml\\\/#breadcrumb\"},\"inLanguage\":\"en-US\",\"potentialAction\":[{\"@type\":\"ReadAction\",\"target\":[\"https:\\\/\\\/nirigs.com\\\/product\\\/franck-provost-expert-nutrition-apres-shampooing-cheveux-secs-750-ml\\\/\"]}]},{\"@type\":\"ImageObject\",\"inLanguage\":\"en-US\",\"@id\":\"https:\\\/\\\/nirigs.com\\\/product\\\/franck-provost-expert-nutrition-apres-shampooing-cheveux-secs-750-ml\\\/#primaryimage\",\"url\":\"https:\\\/\\\/nirigs.com\\\/wp-content\\\/uploads\\\/2024\\\/09\\\/Franck-Provost-Expert-Nutrition-Apres-Shampooing-Cheveux-Secs-750ml.jpg\",\"contentUrl\":\"https:\\\/\\\/nirigs.com\\\/wp-content\\\/uploads\\\/2024\\\/09\\\/Franck-Provost-Expert-Nutrition-Apres-Shampooing-Cheveux-Secs-750ml.jpg\",\"width\":1000,\"height\":1000},{\"@type\":\"BreadcrumbList\",\"@id\":\"https:\\\/\\\/nirigs.com\\\/product\\\/franck-provost-expert-nutrition-apres-shampooing-cheveux-secs-750-ml\\\/#breadcrumb\",\"itemListElement\":[{\"@type\":\"ListItem\",\"position\":1,\"name\":\"Home\",\"item\":\"https:\\\/\\\/nirigs.com\\\/\"},{\"@type\":\"ListItem\",\"position\":2,\"name\":\"Parcourir\",\"item\":\"https:\\\/\\\/nirigs.com\\\/boutique\\\/\"},{\"@type\":\"ListItem\",\"position\":3,\"name\":\"Franck Provost &#8211; Expert Nutrition &#8211; Apres Shampooing &#8211; Cheveux Secs &#8211; 750 ml\"}]},{\"@type\":\"WebSite\",\"@id\":\"https:\\\/\\\/nirigs.com\\\/#website\",\"url\":\"https:\\\/\\\/nirigs.com\\\/\",\"name\":\"Nirigs.com\",\"description\":\"Simplifiez vos achats du quotidien \u00e0 Djibouti\",\"publisher\":{\"@id\":\"https:\\\/\\\/nirigs.com\\\/#organization\"},\"potentialAction\":[{\"@type\":\"SearchAction\",\"target\":{\"@type\":\"EntryPoint\",\"urlTemplate\":\"https:\\\/\\\/nirigs.com\\\/?s={search_term_string}\"},\"query-input\":{\"@type\":\"PropertyValueSpecification\",\"valueRequired\":true,\"valueName\":\"search_term_string\"}}],\"inLanguage\":\"en-US\"},{\"@type\":\"Organization\",\"@id\":\"https:\\\/\\\/nirigs.com\\\/#organization\",\"name\":\"Nirigs\",\"url\":\"https:\\\/\\\/nirigs.com\\\/\",\"logo\":{\"@type\":\"ImageObject\",\"inLanguage\":\"en-US\",\"@id\":\"https:\\\/\\\/nirigs.com\\\/#\\\/schema\\\/logo\\\/image\\\/\",\"url\":\"https:\\\/\\\/nirigs.com\\\/wp-content\\\/uploads\\\/2025\\\/04\\\/Design-sans-titre-27.png\",\"contentUrl\":\"https:\\\/\\\/nirigs.com\\\/wp-content\\\/uploads\\\/2025\\\/04\\\/Design-sans-titre-27.png\",\"width\":500,\"height\":500,\"caption\":\"Nirigs\"},\"image\":{\"@id\":\"https:\\\/\\\/nirigs.com\\\/#\\\/schema\\\/logo\\\/image\\\/\"}}]}<\/script>\n<!-- \/ Yoast SEO plugin. -->","yoast_head_json":{"title":"Franck Provost - Expert Nutrition - Apres Shampooing - Cheveux Secs - 750 ml - NIRIGS","robots":{"index":"index","follow":"follow","max-snippet":"max-snippet:-1","max-image-preview":"max-image-preview:large","max-video-preview":"max-video-preview:-1"},"canonical":"https:\/\/nirigs.com\/en\/product\/franck-provost-expert-nutrition-apres-shampooing-cheveux-secs-750-ml\/","og_locale":"en_US","og_type":"article","og_title":"Franck Provost - Expert Nutrition - Apres Shampooing - Cheveux Secs - 750 ml - NIRIGS","og_url":"https:\/\/nirigs.com\/en\/product\/franck-provost-expert-nutrition-apres-shampooing-cheveux-secs-750-ml\/","og_site_name":"NIRIGS","article_modified_time":"2025-04-22T15:11:58+00:00","og_image":[{"width":1000,"height":1000,"url":"https:\/\/nirigs.com\/wp-content\/uploads\/2024\/09\/Franck-Provost-Expert-Nutrition-Apres-Shampooing-Cheveux-Secs-750ml.jpg","type":"image\/jpeg"}],"twitter_card":"summary_large_image","twitter_misc":{"Est. reading time":"1 minute"},"schema":{"@context":"https:\/\/schema.org","@graph":[{"@type":"WebPage","@id":"https:\/\/nirigs.com\/product\/franck-provost-expert-nutrition-apres-shampooing-cheveux-secs-750-ml\/","url":"https:\/\/nirigs.com\/product\/franck-provost-expert-nutrition-apres-shampooing-cheveux-secs-750-ml\/","name":"Franck Provost - Expert Nutrition - Apres Shampooing - Cheveux Secs - 750 ml - NIRIGS","isPartOf":{"@id":"https:\/\/nirigs.com\/#website"},"primaryImageOfPage":{"@id":"https:\/\/nirigs.com\/product\/franck-provost-expert-nutrition-apres-shampooing-cheveux-secs-750-ml\/#primaryimage"},"image":{"@id":"https:\/\/nirigs.com\/product\/franck-provost-expert-nutrition-apres-shampooing-cheveux-secs-750-ml\/#primaryimage"},"thumbnailUrl":"https:\/\/nirigs.com\/wp-content\/uploads\/2024\/09\/Franck-Provost-Expert-Nutrition-Apres-Shampooing-Cheveux-Secs-750ml.jpg","datePublished":"2024-10-02T14:35:16+00:00","dateModified":"2025-04-22T15:11:58+00:00","breadcrumb":{"@id":"https:\/\/nirigs.com\/product\/franck-provost-expert-nutrition-apres-shampooing-cheveux-secs-750-ml\/#breadcrumb"},"inLanguage":"en-US","potentialAction":[{"@type":"ReadAction","target":["https:\/\/nirigs.com\/product\/franck-provost-expert-nutrition-apres-shampooing-cheveux-secs-750-ml\/"]}]},{"@type":"ImageObject","inLanguage":"en-US","@id":"https:\/\/nirigs.com\/product\/franck-provost-expert-nutrition-apres-shampooing-cheveux-secs-750-ml\/#primaryimage","url":"https:\/\/nirigs.com\/wp-content\/uploads\/2024\/09\/Franck-Provost-Expert-Nutrition-Apres-Shampooing-Cheveux-Secs-750ml.jpg","contentUrl":"https:\/\/nirigs.com\/wp-content\/uploads\/2024\/09\/Franck-Provost-Expert-Nutrition-Apres-Shampooing-Cheveux-Secs-750ml.jpg","width":1000,"height":1000},{"@type":"BreadcrumbList","@id":"https:\/\/nirigs.com\/product\/franck-provost-expert-nutrition-apres-shampooing-cheveux-secs-750-ml\/#breadcrumb","itemListElement":[{"@type":"ListItem","position":1,"name":"Home","item":"https:\/\/nirigs.com\/"},{"@type":"ListItem","position":2,"name":"Parcourir","item":"https:\/\/nirigs.com\/boutique\/"},{"@type":"ListItem","position":3,"name":"Franck Provost &#8211; Expert Nutrition &#8211; Apres Shampooing &#8211; Cheveux Secs &#8211; 750 ml"}]},{"@type":"WebSite","@id":"https:\/\/nirigs.com\/#website","url":"https:\/\/nirigs.com\/","name":"Nirigs.com","description":"Simplifiez vos achats du quotidien \u00e0 Djibouti","publisher":{"@id":"https:\/\/nirigs.com\/#organization"},"potentialAction":[{"@type":"SearchAction","target":{"@type":"EntryPoint","urlTemplate":"https:\/\/nirigs.com\/?s={search_term_string}"},"query-input":{"@type":"PropertyValueSpecification","valueRequired":true,"valueName":"search_term_string"}}],"inLanguage":"en-US"},{"@type":"Organization","@id":"https:\/\/nirigs.com\/#organization","name":"Nirigs","url":"https:\/\/nirigs.com\/","logo":{"@type":"ImageObject","inLanguage":"en-US","@id":"https:\/\/nirigs.com\/#\/schema\/logo\/image\/","url":"https:\/\/nirigs.com\/wp-content\/uploads\/2025\/04\/Design-sans-titre-27.png","contentUrl":"https:\/\/nirigs.com\/wp-content\/uploads\/2025\/04\/Design-sans-titre-27.png","width":500,"height":500,"caption":"Nirigs"},"image":{"@id":"https:\/\/nirigs.com\/#\/schema\/logo\/image\/"}}]}},"brands":[{"id":1093,"name":"Franck Provost","slug":"franck-provost"}],"_links":{"self":[{"href":"https:\/\/nirigs.com\/en\/wp-json\/wp\/v2\/product\/22307","targetHints":{"allow":["GET"]}}],"collection":[{"href":"https:\/\/nirigs.com\/en\/wp-json\/wp\/v2\/product"}],"about":[{"href":"https:\/\/nirigs.com\/en\/wp-json\/wp\/v2\/types\/product"}],"replies":[{"embeddable":true,"href":"https:\/\/nirigs.com\/en\/wp-json\/wp\/v2\/comments?post=22307"}],"version-history":[{"count":7,"href":"https:\/\/nirigs.com\/en\/wp-json\/wp\/v2\/product\/22307\/revisions"}],"predecessor-version":[{"id":27025,"href":"https:\/\/nirigs.com\/en\/wp-json\/wp\/v2\/product\/22307\/revisions\/27025"}],"wp:featuredmedia":[{"embeddable":true,"href":"https:\/\/nirigs.com\/en\/wp-json\/wp\/v2\/media\/22308"}],"wp:attachment":[{"href":"https:\/\/nirigs.com\/en\/wp-json\/wp\/v2\/media?parent=22307"}],"wp:term":[{"taxonomy":"pwb-brand","embeddable":true,"href":"https:\/\/nirigs.com\/en\/wp-json\/wp\/v2\/pwb-brand?post=22307"},{"taxonomy":"product_brand","embeddable":true,"href":"https:\/\/nirigs.com\/en\/wp-json\/wp\/v2\/product_brand?post=22307"},{"taxonomy":"product_cat","embeddable":true,"href":"https:\/\/nirigs.com\/en\/wp-json\/wp\/v2\/product_cat?post=22307"},{"taxonomy":"product_tag","embeddable":true,"href":"https:\/\/nirigs.com\/en\/wp-json\/wp\/v2\/product_tag?post=22307"}],"curies":[{"name":"wp","href":"https:\/\/api.w.org\/{rel}","templated":true}]}}