{"id":22302,"date":"2024-10-02T17:35:53","date_gmt":"2024-10-02T14:35:53","guid":{"rendered":"https:\/\/nirigs.com\/?post_type=product&#038;p=22302"},"modified":"2025-04-22T18:11:30","modified_gmt":"2025-04-22T15:11:30","slug":"franck-provost-shampooing-cheveux-tres-secs-et-epais-karite-et-huile-de-macadamia-500-ml","status":"publish","type":"product","link":"https:\/\/nirigs.com\/en\/product\/franck-provost-shampooing-cheveux-tres-secs-et-epais-karite-et-huile-de-macadamia-500-ml\/","title":{"rendered":"Franck Provost - Very Dry and Thick Hair Shampoo with Shea and Macadamia Oil - 500 ml"},"content":{"rendered":"<p>Shampooing professionnel au karit\u00e9 &amp; huile de macadamia pour les cheveux tr\u00e8s secs et \u00e9pais. une chevelure ultra nourrie, hydrat\u00e9e, soyeuse et souple. Enrichi en karit\u00e9 &amp; huile de macadamia , ce shampooing nourrit intens\u00e9ment les cheveux.<\/p>\n<h4>Use<\/h4>\n<ul>\n<li>Appliquez sur cheveux mouill\u00e9s.<\/li>\n<li>Massez d\u00e9licatement le cuir chevelu et les longueurs.<\/li>\n<li>Rinse thoroughly.<\/li>\n<\/ul>\n<h4>Ingredients<\/h4>\n<p>1239883 A &#8211; INGREDIENTS: AQUA \/ WATER &#8211; SODIUM LAURETH SULFATE &#8211; COCAMIDOPROPYL BETAINE &#8211; GLYCOL DISTEARATE &#8211; GLYCERIN &#8211; MACADAMIA INTEGRIFOLIA SEED OIL &#8211; LINALOOL &#8211; CARBOMER &#8211; SODIUM CHLORIDE &#8211; SODIUM BENZOATE &#8211; SODIUM HYDROXIDE &#8211; COCO-BETAINE &#8211; HYDROXYPROPYL GUAR HYDROXYPROPYLTRIMONIUM CHLORIDE &#8211; CITRIC ACID &#8211; BUTYROSPERMUM PARKII BUTTER \/ SHEA BUTTER &#8211; PPG-5-CETETH-20 &#8211; PARFUM \/ FRAGRANCE (F.I.L. Z70026898\/1).<\/p>","protected":false},"excerpt":{"rendered":"<p><br data-mce-bogus=\"1\"><\/p>","protected":false},"featured_media":22304,"comment_status":"open","ping_status":"closed","template":"","meta":[],"pwb-brand":[1093],"product_brand":[],"product_cat":[267,1022,1026,1024],"product_tag":[],"class_list":{"0":"post-22302","1":"product","2":"type-product","3":"status-publish","4":"has-post-thumbnail","6":"pwb-brand-franck-provost","7":"product_cat-beaute-et-soins","8":"product_cat-coiffures-et-soins-des-cheveux","9":"product_cat-shampooings","10":"product_cat-soins-des-cheveux","12":"first","13":"instock","14":"shipping-taxable","15":"purchasable","16":"product-type-simple"},"yoast_head":"<!-- This site is optimized with the Yoast SEO plugin v27.4 - https:\/\/yoast.com\/product\/yoast-seo-wordpress\/ -->\n<title>Franck Provost - Shampooing Cheveux tr\u00e8s Secs et Epais Karit\u00e9 Et Huile de Macadamia - 500 ml - NIRIGS<\/title>\n<meta name=\"robots\" content=\"index, follow, max-snippet:-1, max-image-preview:large, max-video-preview:-1\" \/>\n<link rel=\"canonical\" href=\"https:\/\/nirigs.com\/en\/product\/franck-provost-shampooing-cheveux-tres-secs-et-epais-karite-et-huile-de-macadamia-500-ml\/\" \/>\n<meta property=\"og:locale\" content=\"en_US\" \/>\n<meta property=\"og:type\" content=\"article\" \/>\n<meta property=\"og:title\" content=\"Franck Provost - Shampooing Cheveux tr\u00e8s Secs et Epais Karit\u00e9 Et Huile de Macadamia - 500 ml - NIRIGS\" \/>\n<meta property=\"og:url\" content=\"https:\/\/nirigs.com\/en\/product\/franck-provost-shampooing-cheveux-tres-secs-et-epais-karite-et-huile-de-macadamia-500-ml\/\" \/>\n<meta property=\"og:site_name\" content=\"NIRIGS\" \/>\n<meta property=\"article:modified_time\" content=\"2025-04-22T15:11:30+00:00\" \/>\n<meta property=\"og:image\" content=\"https:\/\/nirigs.com\/wp-content\/uploads\/2024\/09\/F.PROVOST-Shampooing-Cheveux-tres-Secs-et-Epais-Karite-Huile-de-Macadamia-500ML.jpg\" \/>\n\t<meta property=\"og:image:width\" content=\"1000\" \/>\n\t<meta property=\"og:image:height\" content=\"1000\" \/>\n\t<meta property=\"og:image:type\" content=\"image\/jpeg\" \/>\n<meta name=\"twitter:card\" content=\"summary_large_image\" \/>\n<meta name=\"twitter:label1\" content=\"Est. reading time\" \/>\n\t<meta name=\"twitter:data1\" content=\"1 minute\" \/>\n<script type=\"application\/ld+json\" class=\"yoast-schema-graph\">{\"@context\":\"https:\\\/\\\/schema.org\",\"@graph\":[{\"@type\":\"WebPage\",\"@id\":\"https:\\\/\\\/nirigs.com\\\/product\\\/franck-provost-shampooing-cheveux-tres-secs-et-epais-karite-et-huile-de-macadamia-500-ml\\\/\",\"url\":\"https:\\\/\\\/nirigs.com\\\/product\\\/franck-provost-shampooing-cheveux-tres-secs-et-epais-karite-et-huile-de-macadamia-500-ml\\\/\",\"name\":\"Franck Provost - Shampooing Cheveux tr\u00e8s Secs et Epais Karit\u00e9 Et Huile de Macadamia - 500 ml - NIRIGS\",\"isPartOf\":{\"@id\":\"https:\\\/\\\/nirigs.com\\\/#website\"},\"primaryImageOfPage\":{\"@id\":\"https:\\\/\\\/nirigs.com\\\/product\\\/franck-provost-shampooing-cheveux-tres-secs-et-epais-karite-et-huile-de-macadamia-500-ml\\\/#primaryimage\"},\"image\":{\"@id\":\"https:\\\/\\\/nirigs.com\\\/product\\\/franck-provost-shampooing-cheveux-tres-secs-et-epais-karite-et-huile-de-macadamia-500-ml\\\/#primaryimage\"},\"thumbnailUrl\":\"https:\\\/\\\/nirigs.com\\\/wp-content\\\/uploads\\\/2024\\\/09\\\/F.PROVOST-Shampooing-Cheveux-tres-Secs-et-Epais-Karite-Huile-de-Macadamia-500ML.jpg\",\"datePublished\":\"2024-10-02T14:35:53+00:00\",\"dateModified\":\"2025-04-22T15:11:30+00:00\",\"breadcrumb\":{\"@id\":\"https:\\\/\\\/nirigs.com\\\/product\\\/franck-provost-shampooing-cheveux-tres-secs-et-epais-karite-et-huile-de-macadamia-500-ml\\\/#breadcrumb\"},\"inLanguage\":\"en-US\",\"potentialAction\":[{\"@type\":\"ReadAction\",\"target\":[\"https:\\\/\\\/nirigs.com\\\/product\\\/franck-provost-shampooing-cheveux-tres-secs-et-epais-karite-et-huile-de-macadamia-500-ml\\\/\"]}]},{\"@type\":\"ImageObject\",\"inLanguage\":\"en-US\",\"@id\":\"https:\\\/\\\/nirigs.com\\\/product\\\/franck-provost-shampooing-cheveux-tres-secs-et-epais-karite-et-huile-de-macadamia-500-ml\\\/#primaryimage\",\"url\":\"https:\\\/\\\/nirigs.com\\\/wp-content\\\/uploads\\\/2024\\\/09\\\/F.PROVOST-Shampooing-Cheveux-tres-Secs-et-Epais-Karite-Huile-de-Macadamia-500ML.jpg\",\"contentUrl\":\"https:\\\/\\\/nirigs.com\\\/wp-content\\\/uploads\\\/2024\\\/09\\\/F.PROVOST-Shampooing-Cheveux-tres-Secs-et-Epais-Karite-Huile-de-Macadamia-500ML.jpg\",\"width\":1000,\"height\":1000},{\"@type\":\"BreadcrumbList\",\"@id\":\"https:\\\/\\\/nirigs.com\\\/product\\\/franck-provost-shampooing-cheveux-tres-secs-et-epais-karite-et-huile-de-macadamia-500-ml\\\/#breadcrumb\",\"itemListElement\":[{\"@type\":\"ListItem\",\"position\":1,\"name\":\"Home\",\"item\":\"https:\\\/\\\/nirigs.com\\\/\"},{\"@type\":\"ListItem\",\"position\":2,\"name\":\"Parcourir\",\"item\":\"https:\\\/\\\/nirigs.com\\\/boutique\\\/\"},{\"@type\":\"ListItem\",\"position\":3,\"name\":\"Franck Provost &#8211; Shampooing Cheveux tr\u00e8s Secs et Epais Karit\u00e9 Et Huile de Macadamia &#8211; 500 ml\"}]},{\"@type\":\"WebSite\",\"@id\":\"https:\\\/\\\/nirigs.com\\\/#website\",\"url\":\"https:\\\/\\\/nirigs.com\\\/\",\"name\":\"Nirigs.com\",\"description\":\"Simplifiez vos achats du quotidien \u00e0 Djibouti\",\"publisher\":{\"@id\":\"https:\\\/\\\/nirigs.com\\\/#organization\"},\"potentialAction\":[{\"@type\":\"SearchAction\",\"target\":{\"@type\":\"EntryPoint\",\"urlTemplate\":\"https:\\\/\\\/nirigs.com\\\/?s={search_term_string}\"},\"query-input\":{\"@type\":\"PropertyValueSpecification\",\"valueRequired\":true,\"valueName\":\"search_term_string\"}}],\"inLanguage\":\"en-US\"},{\"@type\":\"Organization\",\"@id\":\"https:\\\/\\\/nirigs.com\\\/#organization\",\"name\":\"Nirigs\",\"url\":\"https:\\\/\\\/nirigs.com\\\/\",\"logo\":{\"@type\":\"ImageObject\",\"inLanguage\":\"en-US\",\"@id\":\"https:\\\/\\\/nirigs.com\\\/#\\\/schema\\\/logo\\\/image\\\/\",\"url\":\"https:\\\/\\\/nirigs.com\\\/wp-content\\\/uploads\\\/2025\\\/04\\\/Design-sans-titre-27.png\",\"contentUrl\":\"https:\\\/\\\/nirigs.com\\\/wp-content\\\/uploads\\\/2025\\\/04\\\/Design-sans-titre-27.png\",\"width\":500,\"height\":500,\"caption\":\"Nirigs\"},\"image\":{\"@id\":\"https:\\\/\\\/nirigs.com\\\/#\\\/schema\\\/logo\\\/image\\\/\"}}]}<\/script>\n<!-- \/ Yoast SEO plugin. -->","yoast_head_json":{"title":"Franck Provost - Shampooing Cheveux tr\u00e8s Secs et Epais Karit\u00e9 Et Huile de Macadamia - 500 ml - NIRIGS","robots":{"index":"index","follow":"follow","max-snippet":"max-snippet:-1","max-image-preview":"max-image-preview:large","max-video-preview":"max-video-preview:-1"},"canonical":"https:\/\/nirigs.com\/en\/product\/franck-provost-shampooing-cheveux-tres-secs-et-epais-karite-et-huile-de-macadamia-500-ml\/","og_locale":"en_US","og_type":"article","og_title":"Franck Provost - Shampooing Cheveux tr\u00e8s Secs et Epais Karit\u00e9 Et Huile de Macadamia - 500 ml - NIRIGS","og_url":"https:\/\/nirigs.com\/en\/product\/franck-provost-shampooing-cheveux-tres-secs-et-epais-karite-et-huile-de-macadamia-500-ml\/","og_site_name":"NIRIGS","article_modified_time":"2025-04-22T15:11:30+00:00","og_image":[{"width":1000,"height":1000,"url":"https:\/\/nirigs.com\/wp-content\/uploads\/2024\/09\/F.PROVOST-Shampooing-Cheveux-tres-Secs-et-Epais-Karite-Huile-de-Macadamia-500ML.jpg","type":"image\/jpeg"}],"twitter_card":"summary_large_image","twitter_misc":{"Est. reading time":"1 minute"},"schema":{"@context":"https:\/\/schema.org","@graph":[{"@type":"WebPage","@id":"https:\/\/nirigs.com\/product\/franck-provost-shampooing-cheveux-tres-secs-et-epais-karite-et-huile-de-macadamia-500-ml\/","url":"https:\/\/nirigs.com\/product\/franck-provost-shampooing-cheveux-tres-secs-et-epais-karite-et-huile-de-macadamia-500-ml\/","name":"Franck Provost - Shampooing Cheveux tr\u00e8s Secs et Epais Karit\u00e9 Et Huile de Macadamia - 500 ml - NIRIGS","isPartOf":{"@id":"https:\/\/nirigs.com\/#website"},"primaryImageOfPage":{"@id":"https:\/\/nirigs.com\/product\/franck-provost-shampooing-cheveux-tres-secs-et-epais-karite-et-huile-de-macadamia-500-ml\/#primaryimage"},"image":{"@id":"https:\/\/nirigs.com\/product\/franck-provost-shampooing-cheveux-tres-secs-et-epais-karite-et-huile-de-macadamia-500-ml\/#primaryimage"},"thumbnailUrl":"https:\/\/nirigs.com\/wp-content\/uploads\/2024\/09\/F.PROVOST-Shampooing-Cheveux-tres-Secs-et-Epais-Karite-Huile-de-Macadamia-500ML.jpg","datePublished":"2024-10-02T14:35:53+00:00","dateModified":"2025-04-22T15:11:30+00:00","breadcrumb":{"@id":"https:\/\/nirigs.com\/product\/franck-provost-shampooing-cheveux-tres-secs-et-epais-karite-et-huile-de-macadamia-500-ml\/#breadcrumb"},"inLanguage":"en-US","potentialAction":[{"@type":"ReadAction","target":["https:\/\/nirigs.com\/product\/franck-provost-shampooing-cheveux-tres-secs-et-epais-karite-et-huile-de-macadamia-500-ml\/"]}]},{"@type":"ImageObject","inLanguage":"en-US","@id":"https:\/\/nirigs.com\/product\/franck-provost-shampooing-cheveux-tres-secs-et-epais-karite-et-huile-de-macadamia-500-ml\/#primaryimage","url":"https:\/\/nirigs.com\/wp-content\/uploads\/2024\/09\/F.PROVOST-Shampooing-Cheveux-tres-Secs-et-Epais-Karite-Huile-de-Macadamia-500ML.jpg","contentUrl":"https:\/\/nirigs.com\/wp-content\/uploads\/2024\/09\/F.PROVOST-Shampooing-Cheveux-tres-Secs-et-Epais-Karite-Huile-de-Macadamia-500ML.jpg","width":1000,"height":1000},{"@type":"BreadcrumbList","@id":"https:\/\/nirigs.com\/product\/franck-provost-shampooing-cheveux-tres-secs-et-epais-karite-et-huile-de-macadamia-500-ml\/#breadcrumb","itemListElement":[{"@type":"ListItem","position":1,"name":"Home","item":"https:\/\/nirigs.com\/"},{"@type":"ListItem","position":2,"name":"Parcourir","item":"https:\/\/nirigs.com\/boutique\/"},{"@type":"ListItem","position":3,"name":"Franck Provost &#8211; Shampooing Cheveux tr\u00e8s Secs et Epais Karit\u00e9 Et Huile de Macadamia &#8211; 500 ml"}]},{"@type":"WebSite","@id":"https:\/\/nirigs.com\/#website","url":"https:\/\/nirigs.com\/","name":"Nirigs.com","description":"Simplifiez vos achats du quotidien \u00e0 Djibouti","publisher":{"@id":"https:\/\/nirigs.com\/#organization"},"potentialAction":[{"@type":"SearchAction","target":{"@type":"EntryPoint","urlTemplate":"https:\/\/nirigs.com\/?s={search_term_string}"},"query-input":{"@type":"PropertyValueSpecification","valueRequired":true,"valueName":"search_term_string"}}],"inLanguage":"en-US"},{"@type":"Organization","@id":"https:\/\/nirigs.com\/#organization","name":"Nirigs","url":"https:\/\/nirigs.com\/","logo":{"@type":"ImageObject","inLanguage":"en-US","@id":"https:\/\/nirigs.com\/#\/schema\/logo\/image\/","url":"https:\/\/nirigs.com\/wp-content\/uploads\/2025\/04\/Design-sans-titre-27.png","contentUrl":"https:\/\/nirigs.com\/wp-content\/uploads\/2025\/04\/Design-sans-titre-27.png","width":500,"height":500,"caption":"Nirigs"},"image":{"@id":"https:\/\/nirigs.com\/#\/schema\/logo\/image\/"}}]}},"brands":[{"id":1093,"name":"Franck Provost","slug":"franck-provost"}],"_links":{"self":[{"href":"https:\/\/nirigs.com\/en\/wp-json\/wp\/v2\/product\/22302","targetHints":{"allow":["GET"]}}],"collection":[{"href":"https:\/\/nirigs.com\/en\/wp-json\/wp\/v2\/product"}],"about":[{"href":"https:\/\/nirigs.com\/en\/wp-json\/wp\/v2\/types\/product"}],"replies":[{"embeddable":true,"href":"https:\/\/nirigs.com\/en\/wp-json\/wp\/v2\/comments?post=22302"}],"version-history":[{"count":9,"href":"https:\/\/nirigs.com\/en\/wp-json\/wp\/v2\/product\/22302\/revisions"}],"predecessor-version":[{"id":27023,"href":"https:\/\/nirigs.com\/en\/wp-json\/wp\/v2\/product\/22302\/revisions\/27023"}],"wp:featuredmedia":[{"embeddable":true,"href":"https:\/\/nirigs.com\/en\/wp-json\/wp\/v2\/media\/22304"}],"wp:attachment":[{"href":"https:\/\/nirigs.com\/en\/wp-json\/wp\/v2\/media?parent=22302"}],"wp:term":[{"taxonomy":"pwb-brand","embeddable":true,"href":"https:\/\/nirigs.com\/en\/wp-json\/wp\/v2\/pwb-brand?post=22302"},{"taxonomy":"product_brand","embeddable":true,"href":"https:\/\/nirigs.com\/en\/wp-json\/wp\/v2\/product_brand?post=22302"},{"taxonomy":"product_cat","embeddable":true,"href":"https:\/\/nirigs.com\/en\/wp-json\/wp\/v2\/product_cat?post=22302"},{"taxonomy":"product_tag","embeddable":true,"href":"https:\/\/nirigs.com\/en\/wp-json\/wp\/v2\/product_tag?post=22302"}],"curies":[{"name":"wp","href":"https:\/\/api.w.org\/{rel}","templated":true}]}}