{"id":22295,"date":"2024-10-02T17:35:26","date_gmt":"2024-10-02T14:35:26","guid":{"rendered":"https:\/\/nirigs.com\/?post_type=product&#038;p=22295"},"modified":"2025-04-22T18:11:41","modified_gmt":"2025-04-22T15:11:41","slug":"franck-provost-masque-professionnel-expert-reparation-masque-a-lhuile-de-jojoba-pour-cheveux-renforces-et-repares-400-ml","status":"publish","type":"product","link":"https:\/\/nirigs.com\/en\/product\/franck-provost-masque-professionnel-expert-reparation-masque-a-lhuile-de-jojoba-pour-cheveux-renforces-et-repares-400-ml\/","title":{"rendered":"Franck Provost - Expert Reparation Professional Mask, jojoba oil mask for strengthened and repaired hair - 400 ml"},"content":{"rendered":"<p>La gamme Expert Reparation est sp\u00e9cifique aux cheveux ab\u00eem\u00e9s et fragiles. Offre une routine compl\u00e8te avec shampooing, baume et masque. Enrichie en huile de jojoba, elle donne des cheveux r\u00e9par\u00e9s et renforc\u00e9s.<\/p>\n<ul class=\"a-unordered-list a-vertical a-spacing-mini\">\n<li class=\"a-spacing-mini\"><span class=\"a-list-item\">Masque professionnel<\/span><\/li>\n<li class=\"a-spacing-mini\"><span class=\"a-list-item\">Pour cheveux ab\u00eem\u00e9s ou fragiles<\/span><\/li>\n<li class=\"a-spacing-mini\"><span class=\"a-list-item\">La texture douce et cr\u00e9meuse agit sur la fibre capillaire pour lisser les fourches et rendre les cheveux d\u00e9m\u00ealables, sans les alourdir.<\/span><\/li>\n<\/ul>\n<h4>Use<\/h4>\n<ul>\n<li>Appliquer g\u00e9n\u00e9reusement le masque fondant sur cheveux humides en massant les longueurs.<\/li>\n<li>Attendez une minute et rincez.<\/li>\n<\/ul>\n<h4>Ingredients<\/h4>\n<p>Les listes d&rsquo;ingr\u00e9dients des produits L&rsquo;Or\u00e9al Paris sont r\u00e9guli\u00e8rement mises \u00e0 jour. Nous vous invitons donc \u00e0 lire la liste que vous trouverez sur l&#8217;emballage du produit pour vous assurer que les ingr\u00e9dients sont adapt\u00e9s \u00e0 votre usage personnel.<\/p>","protected":false},"excerpt":{"rendered":"<p><br data-mce-bogus=\"1\"><\/p>","protected":false},"featured_media":25721,"comment_status":"open","ping_status":"closed","template":"","meta":[],"pwb-brand":[1093],"product_brand":[],"product_cat":[267,1022,1024,1027],"product_tag":[],"class_list":{"0":"post-22295","1":"product","2":"type-product","3":"status-publish","4":"has-post-thumbnail","6":"pwb-brand-franck-provost","7":"product_cat-beaute-et-soins","8":"product_cat-coiffures-et-soins-des-cheveux","9":"product_cat-soins-des-cheveux","10":"product_cat-soins-et-masques-pour-les-cheveux","12":"first","13":"instock","14":"shipping-taxable","15":"purchasable","16":"product-type-simple"},"yoast_head":"<!-- This site is optimized with the Yoast SEO plugin v27.4 - https:\/\/yoast.com\/product\/yoast-seo-wordpress\/ -->\n<title>Franck Provost - Masque professionnel Expert Reparation, masque \u00e0 l&#039;huile de jojoba pour cheveux renforc\u00e9s et r\u00e9par\u00e9s - 400 ml - NIRIGS<\/title>\n<meta name=\"robots\" content=\"index, follow, max-snippet:-1, max-image-preview:large, max-video-preview:-1\" \/>\n<link rel=\"canonical\" href=\"https:\/\/nirigs.com\/en\/product\/franck-provost-masque-professionnel-expert-reparation-masque-a-lhuile-de-jojoba-pour-cheveux-renforces-et-repares-400-ml\/\" \/>\n<meta property=\"og:locale\" content=\"en_US\" \/>\n<meta property=\"og:type\" content=\"article\" \/>\n<meta property=\"og:title\" content=\"Franck Provost - Masque professionnel Expert Reparation, masque \u00e0 l&#039;huile de jojoba pour cheveux renforc\u00e9s et r\u00e9par\u00e9s - 400 ml - NIRIGS\" \/>\n<meta property=\"og:url\" content=\"https:\/\/nirigs.com\/en\/product\/franck-provost-masque-professionnel-expert-reparation-masque-a-lhuile-de-jojoba-pour-cheveux-renforces-et-repares-400-ml\/\" \/>\n<meta property=\"og:site_name\" content=\"NIRIGS\" \/>\n<meta property=\"article:modified_time\" content=\"2025-04-22T15:11:41+00:00\" \/>\n<meta property=\"og:image\" content=\"https:\/\/nirigs.com\/wp-content\/uploads\/2024\/10\/Franck-Provost-\u2013-Masque-professionnel-Expert-Reparation-masque-a-lhuile-de-jojoba-pour-cheveux-renforces-et-repares-\u2013-400-ml-4.jpg\" \/>\n\t<meta property=\"og:image:width\" content=\"1000\" \/>\n\t<meta property=\"og:image:height\" content=\"1000\" \/>\n\t<meta property=\"og:image:type\" content=\"image\/jpeg\" \/>\n<meta name=\"twitter:card\" content=\"summary_large_image\" \/>\n<meta name=\"twitter:label1\" content=\"Est. reading time\" \/>\n\t<meta name=\"twitter:data1\" content=\"1 minute\" \/>\n<script type=\"application\/ld+json\" class=\"yoast-schema-graph\">{\"@context\":\"https:\\\/\\\/schema.org\",\"@graph\":[{\"@type\":\"WebPage\",\"@id\":\"https:\\\/\\\/nirigs.com\\\/product\\\/franck-provost-masque-professionnel-expert-reparation-masque-a-lhuile-de-jojoba-pour-cheveux-renforces-et-repares-400-ml\\\/\",\"url\":\"https:\\\/\\\/nirigs.com\\\/product\\\/franck-provost-masque-professionnel-expert-reparation-masque-a-lhuile-de-jojoba-pour-cheveux-renforces-et-repares-400-ml\\\/\",\"name\":\"Franck Provost - Masque professionnel Expert Reparation, masque \u00e0 l'huile de jojoba pour cheveux renforc\u00e9s et r\u00e9par\u00e9s - 400 ml - NIRIGS\",\"isPartOf\":{\"@id\":\"https:\\\/\\\/nirigs.com\\\/#website\"},\"primaryImageOfPage\":{\"@id\":\"https:\\\/\\\/nirigs.com\\\/product\\\/franck-provost-masque-professionnel-expert-reparation-masque-a-lhuile-de-jojoba-pour-cheveux-renforces-et-repares-400-ml\\\/#primaryimage\"},\"image\":{\"@id\":\"https:\\\/\\\/nirigs.com\\\/product\\\/franck-provost-masque-professionnel-expert-reparation-masque-a-lhuile-de-jojoba-pour-cheveux-renforces-et-repares-400-ml\\\/#primaryimage\"},\"thumbnailUrl\":\"https:\\\/\\\/nirigs.com\\\/wp-content\\\/uploads\\\/2024\\\/10\\\/Franck-Provost-\u2013-Masque-professionnel-Expert-Reparation-masque-a-lhuile-de-jojoba-pour-cheveux-renforces-et-repares-\u2013-400-ml-4.jpg\",\"datePublished\":\"2024-10-02T14:35:26+00:00\",\"dateModified\":\"2025-04-22T15:11:41+00:00\",\"breadcrumb\":{\"@id\":\"https:\\\/\\\/nirigs.com\\\/product\\\/franck-provost-masque-professionnel-expert-reparation-masque-a-lhuile-de-jojoba-pour-cheveux-renforces-et-repares-400-ml\\\/#breadcrumb\"},\"inLanguage\":\"en-US\",\"potentialAction\":[{\"@type\":\"ReadAction\",\"target\":[\"https:\\\/\\\/nirigs.com\\\/product\\\/franck-provost-masque-professionnel-expert-reparation-masque-a-lhuile-de-jojoba-pour-cheveux-renforces-et-repares-400-ml\\\/\"]}]},{\"@type\":\"ImageObject\",\"inLanguage\":\"en-US\",\"@id\":\"https:\\\/\\\/nirigs.com\\\/product\\\/franck-provost-masque-professionnel-expert-reparation-masque-a-lhuile-de-jojoba-pour-cheveux-renforces-et-repares-400-ml\\\/#primaryimage\",\"url\":\"https:\\\/\\\/nirigs.com\\\/wp-content\\\/uploads\\\/2024\\\/10\\\/Franck-Provost-\u2013-Masque-professionnel-Expert-Reparation-masque-a-lhuile-de-jojoba-pour-cheveux-renforces-et-repares-\u2013-400-ml-4.jpg\",\"contentUrl\":\"https:\\\/\\\/nirigs.com\\\/wp-content\\\/uploads\\\/2024\\\/10\\\/Franck-Provost-\u2013-Masque-professionnel-Expert-Reparation-masque-a-lhuile-de-jojoba-pour-cheveux-renforces-et-repares-\u2013-400-ml-4.jpg\",\"width\":1000,\"height\":1000},{\"@type\":\"BreadcrumbList\",\"@id\":\"https:\\\/\\\/nirigs.com\\\/product\\\/franck-provost-masque-professionnel-expert-reparation-masque-a-lhuile-de-jojoba-pour-cheveux-renforces-et-repares-400-ml\\\/#breadcrumb\",\"itemListElement\":[{\"@type\":\"ListItem\",\"position\":1,\"name\":\"Home\",\"item\":\"https:\\\/\\\/nirigs.com\\\/\"},{\"@type\":\"ListItem\",\"position\":2,\"name\":\"Parcourir\",\"item\":\"https:\\\/\\\/nirigs.com\\\/boutique\\\/\"},{\"@type\":\"ListItem\",\"position\":3,\"name\":\"Franck Provost &#8211; Masque professionnel Expert Reparation, masque \u00e0 l&rsquo;huile de jojoba pour cheveux renforc\u00e9s et r\u00e9par\u00e9s &#8211; 400 ml\"}]},{\"@type\":\"WebSite\",\"@id\":\"https:\\\/\\\/nirigs.com\\\/#website\",\"url\":\"https:\\\/\\\/nirigs.com\\\/\",\"name\":\"Nirigs.com\",\"description\":\"Simplifiez vos achats du quotidien \u00e0 Djibouti\",\"publisher\":{\"@id\":\"https:\\\/\\\/nirigs.com\\\/#organization\"},\"potentialAction\":[{\"@type\":\"SearchAction\",\"target\":{\"@type\":\"EntryPoint\",\"urlTemplate\":\"https:\\\/\\\/nirigs.com\\\/?s={search_term_string}\"},\"query-input\":{\"@type\":\"PropertyValueSpecification\",\"valueRequired\":true,\"valueName\":\"search_term_string\"}}],\"inLanguage\":\"en-US\"},{\"@type\":\"Organization\",\"@id\":\"https:\\\/\\\/nirigs.com\\\/#organization\",\"name\":\"Nirigs\",\"url\":\"https:\\\/\\\/nirigs.com\\\/\",\"logo\":{\"@type\":\"ImageObject\",\"inLanguage\":\"en-US\",\"@id\":\"https:\\\/\\\/nirigs.com\\\/#\\\/schema\\\/logo\\\/image\\\/\",\"url\":\"https:\\\/\\\/nirigs.com\\\/wp-content\\\/uploads\\\/2025\\\/04\\\/Design-sans-titre-27.png\",\"contentUrl\":\"https:\\\/\\\/nirigs.com\\\/wp-content\\\/uploads\\\/2025\\\/04\\\/Design-sans-titre-27.png\",\"width\":500,\"height\":500,\"caption\":\"Nirigs\"},\"image\":{\"@id\":\"https:\\\/\\\/nirigs.com\\\/#\\\/schema\\\/logo\\\/image\\\/\"}}]}<\/script>\n<!-- \/ Yoast SEO plugin. -->","yoast_head_json":{"title":"Franck Provost - Masque professionnel Expert Reparation, masque \u00e0 l'huile de jojoba pour cheveux renforc\u00e9s et r\u00e9par\u00e9s - 400 ml - NIRIGS","robots":{"index":"index","follow":"follow","max-snippet":"max-snippet:-1","max-image-preview":"max-image-preview:large","max-video-preview":"max-video-preview:-1"},"canonical":"https:\/\/nirigs.com\/en\/product\/franck-provost-masque-professionnel-expert-reparation-masque-a-lhuile-de-jojoba-pour-cheveux-renforces-et-repares-400-ml\/","og_locale":"en_US","og_type":"article","og_title":"Franck Provost - Masque professionnel Expert Reparation, masque \u00e0 l'huile de jojoba pour cheveux renforc\u00e9s et r\u00e9par\u00e9s - 400 ml - NIRIGS","og_url":"https:\/\/nirigs.com\/en\/product\/franck-provost-masque-professionnel-expert-reparation-masque-a-lhuile-de-jojoba-pour-cheveux-renforces-et-repares-400-ml\/","og_site_name":"NIRIGS","article_modified_time":"2025-04-22T15:11:41+00:00","og_image":[{"width":1000,"height":1000,"url":"https:\/\/nirigs.com\/wp-content\/uploads\/2024\/10\/Franck-Provost-\u2013-Masque-professionnel-Expert-Reparation-masque-a-lhuile-de-jojoba-pour-cheveux-renforces-et-repares-\u2013-400-ml-4.jpg","type":"image\/jpeg"}],"twitter_card":"summary_large_image","twitter_misc":{"Est. reading time":"1 minute"},"schema":{"@context":"https:\/\/schema.org","@graph":[{"@type":"WebPage","@id":"https:\/\/nirigs.com\/product\/franck-provost-masque-professionnel-expert-reparation-masque-a-lhuile-de-jojoba-pour-cheveux-renforces-et-repares-400-ml\/","url":"https:\/\/nirigs.com\/product\/franck-provost-masque-professionnel-expert-reparation-masque-a-lhuile-de-jojoba-pour-cheveux-renforces-et-repares-400-ml\/","name":"Franck Provost - Masque professionnel Expert Reparation, masque \u00e0 l'huile de jojoba pour cheveux renforc\u00e9s et r\u00e9par\u00e9s - 400 ml - NIRIGS","isPartOf":{"@id":"https:\/\/nirigs.com\/#website"},"primaryImageOfPage":{"@id":"https:\/\/nirigs.com\/product\/franck-provost-masque-professionnel-expert-reparation-masque-a-lhuile-de-jojoba-pour-cheveux-renforces-et-repares-400-ml\/#primaryimage"},"image":{"@id":"https:\/\/nirigs.com\/product\/franck-provost-masque-professionnel-expert-reparation-masque-a-lhuile-de-jojoba-pour-cheveux-renforces-et-repares-400-ml\/#primaryimage"},"thumbnailUrl":"https:\/\/nirigs.com\/wp-content\/uploads\/2024\/10\/Franck-Provost-\u2013-Masque-professionnel-Expert-Reparation-masque-a-lhuile-de-jojoba-pour-cheveux-renforces-et-repares-\u2013-400-ml-4.jpg","datePublished":"2024-10-02T14:35:26+00:00","dateModified":"2025-04-22T15:11:41+00:00","breadcrumb":{"@id":"https:\/\/nirigs.com\/product\/franck-provost-masque-professionnel-expert-reparation-masque-a-lhuile-de-jojoba-pour-cheveux-renforces-et-repares-400-ml\/#breadcrumb"},"inLanguage":"en-US","potentialAction":[{"@type":"ReadAction","target":["https:\/\/nirigs.com\/product\/franck-provost-masque-professionnel-expert-reparation-masque-a-lhuile-de-jojoba-pour-cheveux-renforces-et-repares-400-ml\/"]}]},{"@type":"ImageObject","inLanguage":"en-US","@id":"https:\/\/nirigs.com\/product\/franck-provost-masque-professionnel-expert-reparation-masque-a-lhuile-de-jojoba-pour-cheveux-renforces-et-repares-400-ml\/#primaryimage","url":"https:\/\/nirigs.com\/wp-content\/uploads\/2024\/10\/Franck-Provost-\u2013-Masque-professionnel-Expert-Reparation-masque-a-lhuile-de-jojoba-pour-cheveux-renforces-et-repares-\u2013-400-ml-4.jpg","contentUrl":"https:\/\/nirigs.com\/wp-content\/uploads\/2024\/10\/Franck-Provost-\u2013-Masque-professionnel-Expert-Reparation-masque-a-lhuile-de-jojoba-pour-cheveux-renforces-et-repares-\u2013-400-ml-4.jpg","width":1000,"height":1000},{"@type":"BreadcrumbList","@id":"https:\/\/nirigs.com\/product\/franck-provost-masque-professionnel-expert-reparation-masque-a-lhuile-de-jojoba-pour-cheveux-renforces-et-repares-400-ml\/#breadcrumb","itemListElement":[{"@type":"ListItem","position":1,"name":"Home","item":"https:\/\/nirigs.com\/"},{"@type":"ListItem","position":2,"name":"Parcourir","item":"https:\/\/nirigs.com\/boutique\/"},{"@type":"ListItem","position":3,"name":"Franck Provost &#8211; Masque professionnel Expert Reparation, masque \u00e0 l&rsquo;huile de jojoba pour cheveux renforc\u00e9s et r\u00e9par\u00e9s &#8211; 400 ml"}]},{"@type":"WebSite","@id":"https:\/\/nirigs.com\/#website","url":"https:\/\/nirigs.com\/","name":"Nirigs.com","description":"Simplifiez vos achats du quotidien \u00e0 Djibouti","publisher":{"@id":"https:\/\/nirigs.com\/#organization"},"potentialAction":[{"@type":"SearchAction","target":{"@type":"EntryPoint","urlTemplate":"https:\/\/nirigs.com\/?s={search_term_string}"},"query-input":{"@type":"PropertyValueSpecification","valueRequired":true,"valueName":"search_term_string"}}],"inLanguage":"en-US"},{"@type":"Organization","@id":"https:\/\/nirigs.com\/#organization","name":"Nirigs","url":"https:\/\/nirigs.com\/","logo":{"@type":"ImageObject","inLanguage":"en-US","@id":"https:\/\/nirigs.com\/#\/schema\/logo\/image\/","url":"https:\/\/nirigs.com\/wp-content\/uploads\/2025\/04\/Design-sans-titre-27.png","contentUrl":"https:\/\/nirigs.com\/wp-content\/uploads\/2025\/04\/Design-sans-titre-27.png","width":500,"height":500,"caption":"Nirigs"},"image":{"@id":"https:\/\/nirigs.com\/#\/schema\/logo\/image\/"}}]}},"brands":[{"id":1093,"name":"Franck Provost","slug":"franck-provost"}],"_links":{"self":[{"href":"https:\/\/nirigs.com\/en\/wp-json\/wp\/v2\/product\/22295","targetHints":{"allow":["GET"]}}],"collection":[{"href":"https:\/\/nirigs.com\/en\/wp-json\/wp\/v2\/product"}],"about":[{"href":"https:\/\/nirigs.com\/en\/wp-json\/wp\/v2\/types\/product"}],"replies":[{"embeddable":true,"href":"https:\/\/nirigs.com\/en\/wp-json\/wp\/v2\/comments?post=22295"}],"version-history":[{"count":7,"href":"https:\/\/nirigs.com\/en\/wp-json\/wp\/v2\/product\/22295\/revisions"}],"predecessor-version":[{"id":27024,"href":"https:\/\/nirigs.com\/en\/wp-json\/wp\/v2\/product\/22295\/revisions\/27024"}],"wp:featuredmedia":[{"embeddable":true,"href":"https:\/\/nirigs.com\/en\/wp-json\/wp\/v2\/media\/25721"}],"wp:attachment":[{"href":"https:\/\/nirigs.com\/en\/wp-json\/wp\/v2\/media?parent=22295"}],"wp:term":[{"taxonomy":"pwb-brand","embeddable":true,"href":"https:\/\/nirigs.com\/en\/wp-json\/wp\/v2\/pwb-brand?post=22295"},{"taxonomy":"product_brand","embeddable":true,"href":"https:\/\/nirigs.com\/en\/wp-json\/wp\/v2\/product_brand?post=22295"},{"taxonomy":"product_cat","embeddable":true,"href":"https:\/\/nirigs.com\/en\/wp-json\/wp\/v2\/product_cat?post=22295"},{"taxonomy":"product_tag","embeddable":true,"href":"https:\/\/nirigs.com\/en\/wp-json\/wp\/v2\/product_tag?post=22295"}],"curies":[{"name":"wp","href":"https:\/\/api.w.org\/{rel}","templated":true}]}}