{"id":22268,"date":"2024-10-15T18:08:11","date_gmt":"2024-10-15T15:08:11","guid":{"rendered":"https:\/\/nirigs.com\/?post_type=product&#038;p=22268"},"modified":"2025-02-02T11:23:19","modified_gmt":"2025-02-02T08:23:19","slug":"ushuaia-bahia-do-brasil-argile-absorbante-et-parfum-baie-dacai-200-ml","status":"publish","type":"product","link":"https:\/\/nirigs.com\/en\/product\/ushuaia-bahia-do-brasil-argile-absorbante-et-parfum-baie-dacai-200-ml\/","title":{"rendered":"USHUA\u00cfA - BAHIA DO BRASIL ABSORBENT ARGILE and PERFUM BAIE D'A\u00c7A\u00cf - 200 ml"},"content":{"rendered":"<p>Ushuaia s\u2019inspire du rituel des bains d\u2019argile purifiants que r\u00e9alisent les femmes dans la r\u00e9gion de Bahia pour cr\u00e9er sa gamme de d\u00e9odorants. Une formule unique qui asocie l\u2019argile absorbante pour une efficacit\u00e9 d\u00e9odorante 48H et un parfum fruit\u00e9 longue tenue.<\/p>\n<p>L\u2019Argile dispose de vertus naturellement absorbantes et purifiantes, pour une efficacit\u00e9 anti-humidit\u00e9 et anti-odeurs 48H, sans traces sur les v\u00eatements. La Baie d\u2019A\u00e7a\u00ef, petite baie vitamin\u00e9e du Br\u00e9sil, rec\u00e8le un parfum unique aux notes suaves, gourmandes et toniques, pour une vague d\u2019\u00e9nergie imm\u00e9diate.<\/p>\n<p>Des d\u00e9odorants sans anti-transpirant synth\u00e9tique, sans parab\u00e8ne, sans alcool et test\u00e9s sous contr\u00f4le dermatologique.<\/p>\n<h4>Use<\/h4>\n<p>Bien agiter avant chaque utilisation. Vaporiser \u00e0 15cm des aisselles. A utiliser sur une peau propre.<\/p>\n<h4>Ingredient<\/h4>\n<p>Isobutane , alcohol denat. , triethyl citrate , glycerin , citric acid , benzyl alcohol , aqua \/ water , eugenol , vanilla planifolia extract \/ vanilla planifolia fruit extract , parfum \/ fragrance (f.i.l. c178437\/1).<\/p>","protected":false},"excerpt":{"rendered":"<p>Ushuaia s\u2019inspire du rituel des bains d\u2019argile purifiants que r\u00e9alisent les femmes dans la r\u00e9gion de Bahia pour cr\u00e9er sa<\/p>","protected":false},"featured_media":22269,"comment_status":"open","ping_status":"closed","template":"","meta":[],"pwb-brand":[1095],"product_brand":[],"product_cat":[1049,267,1079,1076],"product_tag":[],"class_list":{"0":"post-22268","1":"product","2":"type-product","3":"status-publish","4":"has-post-thumbnail","6":"pwb-brand-ushuaia","7":"product_cat-bain-savons-et-soin-du-corps","8":"product_cat-beaute-et-soins","9":"product_cat-deodorant","10":"product_cat-desodorisants-et-anti-transpirants","12":"first","13":"instock","14":"shipping-taxable","15":"purchasable","16":"product-type-simple"},"yoast_head":"<!-- This site is optimized with the Yoast SEO plugin v27.1.1 - https:\/\/yoast.com\/product\/yoast-seo-wordpress\/ -->\n<title>USHUA\u00cfA - BAHIA DO BRASIL ARGILE ABSORBANTE et PARFUM BAIE D\u2019A\u00c7A\u00cf \u2013 200 ml - NIRIGS<\/title>\n<meta name=\"robots\" content=\"index, follow, max-snippet:-1, max-image-preview:large, max-video-preview:-1\" \/>\n<link rel=\"canonical\" href=\"https:\/\/nirigs.com\/en\/product\/ushuaia-bahia-do-brasil-argile-absorbante-et-parfum-baie-dacai-200-ml\/\" \/>\n<meta property=\"og:locale\" content=\"en_US\" \/>\n<meta property=\"og:type\" content=\"article\" \/>\n<meta property=\"og:title\" content=\"USHUA\u00cfA - BAHIA DO BRASIL ARGILE ABSORBANTE et PARFUM BAIE D\u2019A\u00c7A\u00cf \u2013 200 ml - NIRIGS\" \/>\n<meta property=\"og:description\" content=\"Ushuaia s\u2019inspire du rituel des bains d\u2019argile purifiants que r\u00e9alisent les femmes dans la r\u00e9gion de Bahia pour cr\u00e9er sa\" \/>\n<meta property=\"og:url\" content=\"https:\/\/nirigs.com\/en\/product\/ushuaia-bahia-do-brasil-argile-absorbante-et-parfum-baie-dacai-200-ml\/\" \/>\n<meta property=\"og:site_name\" content=\"NIRIGS\" \/>\n<meta property=\"article:modified_time\" content=\"2025-02-02T08:23:19+00:00\" \/>\n<meta property=\"og:image\" content=\"https:\/\/nirigs.com\/wp-content\/uploads\/2024\/09\/USHUAIA-BAHIA-DO-BRASIL-ARGILE-ABSORBANTE-PARFUM-BAIE-DACAI-\u2013-200-ML.jpg\" \/>\n\t<meta property=\"og:image:width\" content=\"1000\" \/>\n\t<meta property=\"og:image:height\" content=\"1000\" \/>\n\t<meta property=\"og:image:type\" content=\"image\/jpeg\" \/>\n<meta name=\"twitter:card\" content=\"summary_large_image\" \/>\n<meta name=\"twitter:label1\" content=\"Est. reading time\" \/>\n\t<meta name=\"twitter:data1\" content=\"1 minute\" \/>\n<script type=\"application\/ld+json\" class=\"yoast-schema-graph\">{\"@context\":\"https:\/\/schema.org\",\"@graph\":[{\"@type\":\"WebPage\",\"@id\":\"https:\/\/nirigs.com\/product\/ushuaia-bahia-do-brasil-argile-absorbante-et-parfum-baie-dacai-200-ml\/\",\"url\":\"https:\/\/nirigs.com\/product\/ushuaia-bahia-do-brasil-argile-absorbante-et-parfum-baie-dacai-200-ml\/\",\"name\":\"USHUA\u00cfA - BAHIA DO BRASIL ARGILE ABSORBANTE et PARFUM BAIE D\u2019A\u00c7A\u00cf \u2013 200 ml - NIRIGS\",\"isPartOf\":{\"@id\":\"https:\/\/nirigs.com\/#website\"},\"primaryImageOfPage\":{\"@id\":\"https:\/\/nirigs.com\/product\/ushuaia-bahia-do-brasil-argile-absorbante-et-parfum-baie-dacai-200-ml\/#primaryimage\"},\"image\":{\"@id\":\"https:\/\/nirigs.com\/product\/ushuaia-bahia-do-brasil-argile-absorbante-et-parfum-baie-dacai-200-ml\/#primaryimage\"},\"thumbnailUrl\":\"https:\/\/nirigs.com\/wp-content\/uploads\/2024\/09\/USHUAIA-BAHIA-DO-BRASIL-ARGILE-ABSORBANTE-PARFUM-BAIE-DACAI-\u2013-200-ML.jpg\",\"datePublished\":\"2024-10-15T15:08:11+00:00\",\"dateModified\":\"2025-02-02T08:23:19+00:00\",\"breadcrumb\":{\"@id\":\"https:\/\/nirigs.com\/product\/ushuaia-bahia-do-brasil-argile-absorbante-et-parfum-baie-dacai-200-ml\/#breadcrumb\"},\"inLanguage\":\"en-US\",\"potentialAction\":[{\"@type\":\"ReadAction\",\"target\":[\"https:\/\/nirigs.com\/product\/ushuaia-bahia-do-brasil-argile-absorbante-et-parfum-baie-dacai-200-ml\/\"]}]},{\"@type\":\"ImageObject\",\"inLanguage\":\"en-US\",\"@id\":\"https:\/\/nirigs.com\/product\/ushuaia-bahia-do-brasil-argile-absorbante-et-parfum-baie-dacai-200-ml\/#primaryimage\",\"url\":\"https:\/\/nirigs.com\/wp-content\/uploads\/2024\/09\/USHUAIA-BAHIA-DO-BRASIL-ARGILE-ABSORBANTE-PARFUM-BAIE-DACAI-\u2013-200-ML.jpg\",\"contentUrl\":\"https:\/\/nirigs.com\/wp-content\/uploads\/2024\/09\/USHUAIA-BAHIA-DO-BRASIL-ARGILE-ABSORBANTE-PARFUM-BAIE-DACAI-\u2013-200-ML.jpg\",\"width\":1000,\"height\":1000},{\"@type\":\"BreadcrumbList\",\"@id\":\"https:\/\/nirigs.com\/product\/ushuaia-bahia-do-brasil-argile-absorbante-et-parfum-baie-dacai-200-ml\/#breadcrumb\",\"itemListElement\":[{\"@type\":\"ListItem\",\"position\":1,\"name\":\"Home\",\"item\":\"https:\/\/nirigs.com\/\"},{\"@type\":\"ListItem\",\"position\":2,\"name\":\"Parcourir\",\"item\":\"https:\/\/nirigs.com\/boutique\/\"},{\"@type\":\"ListItem\",\"position\":3,\"name\":\"USHUA\u00cfA &#8211; BAHIA DO BRASIL ARGILE ABSORBANTE et PARFUM BAIE D\u2019A\u00c7A\u00cf \u2013 200 ml\"}]},{\"@type\":\"WebSite\",\"@id\":\"https:\/\/nirigs.com\/#website\",\"url\":\"https:\/\/nirigs.com\/\",\"name\":\"Nirigs.com\",\"description\":\"Simplifiez vos achats du quotidien \u00e0 Djibouti\",\"publisher\":{\"@id\":\"https:\/\/nirigs.com\/#organization\"},\"potentialAction\":[{\"@type\":\"SearchAction\",\"target\":{\"@type\":\"EntryPoint\",\"urlTemplate\":\"https:\/\/nirigs.com\/?s={search_term_string}\"},\"query-input\":{\"@type\":\"PropertyValueSpecification\",\"valueRequired\":true,\"valueName\":\"search_term_string\"}}],\"inLanguage\":\"en-US\"},{\"@type\":\"Organization\",\"@id\":\"https:\/\/nirigs.com\/#organization\",\"name\":\"Nirigs\",\"url\":\"https:\/\/nirigs.com\/\",\"logo\":{\"@type\":\"ImageObject\",\"inLanguage\":\"en-US\",\"@id\":\"https:\/\/nirigs.com\/#\/schema\/logo\/image\/\",\"url\":\"https:\/\/nirigs.com\/wp-content\/uploads\/2025\/04\/Design-sans-titre-27.png\",\"contentUrl\":\"https:\/\/nirigs.com\/wp-content\/uploads\/2025\/04\/Design-sans-titre-27.png\",\"width\":500,\"height\":500,\"caption\":\"Nirigs\"},\"image\":{\"@id\":\"https:\/\/nirigs.com\/#\/schema\/logo\/image\/\"}}]}<\/script>\n<!-- \/ Yoast SEO plugin. -->","yoast_head_json":{"title":"USHUA\u00cfA - BAHIA DO BRASIL ARGILE ABSORBANTE et PARFUM BAIE D\u2019A\u00c7A\u00cf \u2013 200 ml - NIRIGS","robots":{"index":"index","follow":"follow","max-snippet":"max-snippet:-1","max-image-preview":"max-image-preview:large","max-video-preview":"max-video-preview:-1"},"canonical":"https:\/\/nirigs.com\/en\/product\/ushuaia-bahia-do-brasil-argile-absorbante-et-parfum-baie-dacai-200-ml\/","og_locale":"en_US","og_type":"article","og_title":"USHUA\u00cfA - BAHIA DO BRASIL ARGILE ABSORBANTE et PARFUM BAIE D\u2019A\u00c7A\u00cf \u2013 200 ml - NIRIGS","og_description":"Ushuaia s\u2019inspire du rituel des bains d\u2019argile purifiants que r\u00e9alisent les femmes dans la r\u00e9gion de Bahia pour cr\u00e9er sa","og_url":"https:\/\/nirigs.com\/en\/product\/ushuaia-bahia-do-brasil-argile-absorbante-et-parfum-baie-dacai-200-ml\/","og_site_name":"NIRIGS","article_modified_time":"2025-02-02T08:23:19+00:00","og_image":[{"width":1000,"height":1000,"url":"https:\/\/nirigs.com\/wp-content\/uploads\/2024\/09\/USHUAIA-BAHIA-DO-BRASIL-ARGILE-ABSORBANTE-PARFUM-BAIE-DACAI-\u2013-200-ML.jpg","type":"image\/jpeg"}],"twitter_card":"summary_large_image","twitter_misc":{"Est. reading time":"1 minute"},"schema":{"@context":"https:\/\/schema.org","@graph":[{"@type":"WebPage","@id":"https:\/\/nirigs.com\/product\/ushuaia-bahia-do-brasil-argile-absorbante-et-parfum-baie-dacai-200-ml\/","url":"https:\/\/nirigs.com\/product\/ushuaia-bahia-do-brasil-argile-absorbante-et-parfum-baie-dacai-200-ml\/","name":"USHUA\u00cfA - BAHIA DO BRASIL ARGILE ABSORBANTE et PARFUM BAIE D\u2019A\u00c7A\u00cf \u2013 200 ml - NIRIGS","isPartOf":{"@id":"https:\/\/nirigs.com\/#website"},"primaryImageOfPage":{"@id":"https:\/\/nirigs.com\/product\/ushuaia-bahia-do-brasil-argile-absorbante-et-parfum-baie-dacai-200-ml\/#primaryimage"},"image":{"@id":"https:\/\/nirigs.com\/product\/ushuaia-bahia-do-brasil-argile-absorbante-et-parfum-baie-dacai-200-ml\/#primaryimage"},"thumbnailUrl":"https:\/\/nirigs.com\/wp-content\/uploads\/2024\/09\/USHUAIA-BAHIA-DO-BRASIL-ARGILE-ABSORBANTE-PARFUM-BAIE-DACAI-\u2013-200-ML.jpg","datePublished":"2024-10-15T15:08:11+00:00","dateModified":"2025-02-02T08:23:19+00:00","breadcrumb":{"@id":"https:\/\/nirigs.com\/product\/ushuaia-bahia-do-brasil-argile-absorbante-et-parfum-baie-dacai-200-ml\/#breadcrumb"},"inLanguage":"en-US","potentialAction":[{"@type":"ReadAction","target":["https:\/\/nirigs.com\/product\/ushuaia-bahia-do-brasil-argile-absorbante-et-parfum-baie-dacai-200-ml\/"]}]},{"@type":"ImageObject","inLanguage":"en-US","@id":"https:\/\/nirigs.com\/product\/ushuaia-bahia-do-brasil-argile-absorbante-et-parfum-baie-dacai-200-ml\/#primaryimage","url":"https:\/\/nirigs.com\/wp-content\/uploads\/2024\/09\/USHUAIA-BAHIA-DO-BRASIL-ARGILE-ABSORBANTE-PARFUM-BAIE-DACAI-\u2013-200-ML.jpg","contentUrl":"https:\/\/nirigs.com\/wp-content\/uploads\/2024\/09\/USHUAIA-BAHIA-DO-BRASIL-ARGILE-ABSORBANTE-PARFUM-BAIE-DACAI-\u2013-200-ML.jpg","width":1000,"height":1000},{"@type":"BreadcrumbList","@id":"https:\/\/nirigs.com\/product\/ushuaia-bahia-do-brasil-argile-absorbante-et-parfum-baie-dacai-200-ml\/#breadcrumb","itemListElement":[{"@type":"ListItem","position":1,"name":"Home","item":"https:\/\/nirigs.com\/"},{"@type":"ListItem","position":2,"name":"Parcourir","item":"https:\/\/nirigs.com\/boutique\/"},{"@type":"ListItem","position":3,"name":"USHUA\u00cfA &#8211; BAHIA DO BRASIL ARGILE ABSORBANTE et PARFUM BAIE D\u2019A\u00c7A\u00cf \u2013 200 ml"}]},{"@type":"WebSite","@id":"https:\/\/nirigs.com\/#website","url":"https:\/\/nirigs.com\/","name":"Nirigs.com","description":"Simplifiez vos achats du quotidien \u00e0 Djibouti","publisher":{"@id":"https:\/\/nirigs.com\/#organization"},"potentialAction":[{"@type":"SearchAction","target":{"@type":"EntryPoint","urlTemplate":"https:\/\/nirigs.com\/?s={search_term_string}"},"query-input":{"@type":"PropertyValueSpecification","valueRequired":true,"valueName":"search_term_string"}}],"inLanguage":"en-US"},{"@type":"Organization","@id":"https:\/\/nirigs.com\/#organization","name":"Nirigs","url":"https:\/\/nirigs.com\/","logo":{"@type":"ImageObject","inLanguage":"en-US","@id":"https:\/\/nirigs.com\/#\/schema\/logo\/image\/","url":"https:\/\/nirigs.com\/wp-content\/uploads\/2025\/04\/Design-sans-titre-27.png","contentUrl":"https:\/\/nirigs.com\/wp-content\/uploads\/2025\/04\/Design-sans-titre-27.png","width":500,"height":500,"caption":"Nirigs"},"image":{"@id":"https:\/\/nirigs.com\/#\/schema\/logo\/image\/"}}]}},"brands":[{"id":1095,"name":"Ushua\u00efa","slug":"ushuaia"}],"_links":{"self":[{"href":"https:\/\/nirigs.com\/en\/wp-json\/wp\/v2\/product\/22268","targetHints":{"allow":["GET"]}}],"collection":[{"href":"https:\/\/nirigs.com\/en\/wp-json\/wp\/v2\/product"}],"about":[{"href":"https:\/\/nirigs.com\/en\/wp-json\/wp\/v2\/types\/product"}],"replies":[{"embeddable":true,"href":"https:\/\/nirigs.com\/en\/wp-json\/wp\/v2\/comments?post=22268"}],"version-history":[{"count":6,"href":"https:\/\/nirigs.com\/en\/wp-json\/wp\/v2\/product\/22268\/revisions"}],"predecessor-version":[{"id":25261,"href":"https:\/\/nirigs.com\/en\/wp-json\/wp\/v2\/product\/22268\/revisions\/25261"}],"wp:featuredmedia":[{"embeddable":true,"href":"https:\/\/nirigs.com\/en\/wp-json\/wp\/v2\/media\/22269"}],"wp:attachment":[{"href":"https:\/\/nirigs.com\/en\/wp-json\/wp\/v2\/media?parent=22268"}],"wp:term":[{"taxonomy":"pwb-brand","embeddable":true,"href":"https:\/\/nirigs.com\/en\/wp-json\/wp\/v2\/pwb-brand?post=22268"},{"taxonomy":"product_brand","embeddable":true,"href":"https:\/\/nirigs.com\/en\/wp-json\/wp\/v2\/product_brand?post=22268"},{"taxonomy":"product_cat","embeddable":true,"href":"https:\/\/nirigs.com\/en\/wp-json\/wp\/v2\/product_cat?post=22268"},{"taxonomy":"product_tag","embeddable":true,"href":"https:\/\/nirigs.com\/en\/wp-json\/wp\/v2\/product_tag?post=22268"}],"curies":[{"name":"wp","href":"https:\/\/api.w.org\/{rel}","templated":true}]}}