{"id":22241,"date":"2024-10-15T18:02:50","date_gmt":"2024-10-15T15:02:50","guid":{"rendered":"https:\/\/nirigs.com\/?post_type=product&#038;p=22241"},"modified":"2025-02-02T11:25:17","modified_gmt":"2025-02-02T08:25:17","slug":"odeon-face-and-body-scrub-honey-and-olive-300-ml","status":"publish","type":"product","link":"https:\/\/nirigs.com\/en\/product\/odeon-face-and-body-scrub-honey-and-olive-300-ml\/","title":{"rendered":"Odeon - Face and Body Scrub Honey and Olive - 300 ml"},"content":{"rendered":"<p>Le gommage pour le visage et le corps Odeon est compos\u00e9 d&rsquo;ingr\u00e9dients 100% naturels. Il contient des coquilles de noix en tant qu&rsquo;exfoliant et gomme d\u00e9licatement votre peau pour r\u00e9v\u00e9ler le teint \u00e9clatant qui se cache en dessous.<\/p>\n<p>Sa consistance plus \u00e9paisse lui permet de bien mousser sur la peau et de la baigner de tous ses bienfaits. Si vous avez souvent des boutons dans le dos, ce produit peut aider \u00e0 r\u00e9duire l&rsquo;inflammation et \u00e0 les ass\u00e9cher rapidement.<\/p>\n<p>Si vous avez souvent des boutons sur le dos, ce produit peut aider \u00e0 r\u00e9duire l&rsquo;inflammation et \u00e0 les ass\u00e9cher rapidement. Vous obtenez un dos clair et sans boutons, moins gras avec une utilisation continue.<\/p>\n<h4>Use<\/h4>\n<ul>\n<li>Humidifiez les zones d&rsquo;application et appliquez la quantit\u00e9 n\u00e9cessaire,<\/li>\n<li>Massez avec les doigts en effectuant des mouvements circulaires vers le haut pendant 3 \u00e0 5 minutes,<\/li>\n<li>Rincez et s\u00e9chez en tapotant.<\/li>\n<\/ul>\n<h4>Ingredients<\/h4>\n<p>Enrichi en extraits naturels de miel et d&rsquo;olive, et contenant des particules exfoliantes de coquille de noix.<\/p>","protected":false},"excerpt":{"rendered":"<p>Le gommage pour le visage et le corps Odeon est compos\u00e9 d&rsquo;ingr\u00e9dients 100% naturels. Il contient des coquilles de noix<\/p>","protected":false},"featured_media":22244,"comment_status":"open","ping_status":"closed","template":"","meta":[],"pwb-brand":[1098],"product_brand":[],"product_cat":[267,1047,1032,1029],"product_tag":[],"class_list":{"0":"post-22241","1":"product","2":"type-product","3":"status-publish","4":"has-post-thumbnail","6":"pwb-brand-odeon","7":"product_cat-beaute-et-soins","8":"product_cat-masques-pour-le-visage","9":"product_cat-soins-du-visage","10":"product_cat-soins-pour-la-peau","12":"first","13":"instock","14":"shipping-taxable","15":"purchasable","16":"product-type-simple"},"yoast_head":"<!-- This site is optimized with the Yoast SEO plugin v27.1.1 - https:\/\/yoast.com\/product\/yoast-seo-wordpress\/ -->\n<title>Odeon - Face and Body Scrub Honey and Olive - 300 ml - NIRIGS<\/title>\n<meta name=\"robots\" content=\"index, follow, max-snippet:-1, max-image-preview:large, max-video-preview:-1\" \/>\n<link rel=\"canonical\" href=\"https:\/\/nirigs.com\/en\/product\/odeon-face-and-body-scrub-honey-and-olive-300-ml\/\" \/>\n<meta property=\"og:locale\" content=\"en_US\" \/>\n<meta property=\"og:type\" content=\"article\" \/>\n<meta property=\"og:title\" content=\"Odeon - Face and Body Scrub Honey and Olive - 300 ml - NIRIGS\" \/>\n<meta property=\"og:description\" content=\"Le gommage pour le visage et le corps Odeon est compos\u00e9 d&rsquo;ingr\u00e9dients 100% naturels. Il contient des coquilles de noix\" \/>\n<meta property=\"og:url\" content=\"https:\/\/nirigs.com\/en\/product\/odeon-face-and-body-scrub-honey-and-olive-300-ml\/\" \/>\n<meta property=\"og:site_name\" content=\"NIRIGS\" \/>\n<meta property=\"article:modified_time\" content=\"2025-02-02T08:25:17+00:00\" \/>\n<meta property=\"og:image\" content=\"https:\/\/nirigs.com\/wp-content\/uploads\/2024\/09\/Odeon-Face-and-Body-Scrub-Honey-Olive-300Ml-1.jpg\" \/>\n\t<meta property=\"og:image:width\" content=\"1000\" \/>\n\t<meta property=\"og:image:height\" content=\"1000\" \/>\n\t<meta property=\"og:image:type\" content=\"image\/jpeg\" \/>\n<meta name=\"twitter:card\" content=\"summary_large_image\" \/>\n<meta name=\"twitter:label1\" content=\"Est. reading time\" \/>\n\t<meta name=\"twitter:data1\" content=\"1 minute\" \/>\n<script type=\"application\/ld+json\" class=\"yoast-schema-graph\">{\"@context\":\"https:\/\/schema.org\",\"@graph\":[{\"@type\":\"WebPage\",\"@id\":\"https:\/\/nirigs.com\/product\/odeon-face-and-body-scrub-honey-and-olive-300-ml\/\",\"url\":\"https:\/\/nirigs.com\/product\/odeon-face-and-body-scrub-honey-and-olive-300-ml\/\",\"name\":\"Odeon - Face and Body Scrub Honey and Olive - 300 ml - NIRIGS\",\"isPartOf\":{\"@id\":\"https:\/\/nirigs.com\/#website\"},\"primaryImageOfPage\":{\"@id\":\"https:\/\/nirigs.com\/product\/odeon-face-and-body-scrub-honey-and-olive-300-ml\/#primaryimage\"},\"image\":{\"@id\":\"https:\/\/nirigs.com\/product\/odeon-face-and-body-scrub-honey-and-olive-300-ml\/#primaryimage\"},\"thumbnailUrl\":\"https:\/\/nirigs.com\/wp-content\/uploads\/2024\/09\/Odeon-Face-and-Body-Scrub-Honey-Olive-300Ml-1.jpg\",\"datePublished\":\"2024-10-15T15:02:50+00:00\",\"dateModified\":\"2025-02-02T08:25:17+00:00\",\"breadcrumb\":{\"@id\":\"https:\/\/nirigs.com\/product\/odeon-face-and-body-scrub-honey-and-olive-300-ml\/#breadcrumb\"},\"inLanguage\":\"en-US\",\"potentialAction\":[{\"@type\":\"ReadAction\",\"target\":[\"https:\/\/nirigs.com\/product\/odeon-face-and-body-scrub-honey-and-olive-300-ml\/\"]}]},{\"@type\":\"ImageObject\",\"inLanguage\":\"en-US\",\"@id\":\"https:\/\/nirigs.com\/product\/odeon-face-and-body-scrub-honey-and-olive-300-ml\/#primaryimage\",\"url\":\"https:\/\/nirigs.com\/wp-content\/uploads\/2024\/09\/Odeon-Face-and-Body-Scrub-Honey-Olive-300Ml-1.jpg\",\"contentUrl\":\"https:\/\/nirigs.com\/wp-content\/uploads\/2024\/09\/Odeon-Face-and-Body-Scrub-Honey-Olive-300Ml-1.jpg\",\"width\":1000,\"height\":1000},{\"@type\":\"BreadcrumbList\",\"@id\":\"https:\/\/nirigs.com\/product\/odeon-face-and-body-scrub-honey-and-olive-300-ml\/#breadcrumb\",\"itemListElement\":[{\"@type\":\"ListItem\",\"position\":1,\"name\":\"Home\",\"item\":\"https:\/\/nirigs.com\/\"},{\"@type\":\"ListItem\",\"position\":2,\"name\":\"Parcourir\",\"item\":\"https:\/\/nirigs.com\/boutique\/\"},{\"@type\":\"ListItem\",\"position\":3,\"name\":\"Odeon &#8211; Face and Body Scrub Honey and Olive &#8211; 300 ml\"}]},{\"@type\":\"WebSite\",\"@id\":\"https:\/\/nirigs.com\/#website\",\"url\":\"https:\/\/nirigs.com\/\",\"name\":\"Nirigs.com\",\"description\":\"Simplifiez vos achats du quotidien \u00e0 Djibouti\",\"publisher\":{\"@id\":\"https:\/\/nirigs.com\/#organization\"},\"potentialAction\":[{\"@type\":\"SearchAction\",\"target\":{\"@type\":\"EntryPoint\",\"urlTemplate\":\"https:\/\/nirigs.com\/?s={search_term_string}\"},\"query-input\":{\"@type\":\"PropertyValueSpecification\",\"valueRequired\":true,\"valueName\":\"search_term_string\"}}],\"inLanguage\":\"en-US\"},{\"@type\":\"Organization\",\"@id\":\"https:\/\/nirigs.com\/#organization\",\"name\":\"Nirigs\",\"url\":\"https:\/\/nirigs.com\/\",\"logo\":{\"@type\":\"ImageObject\",\"inLanguage\":\"en-US\",\"@id\":\"https:\/\/nirigs.com\/#\/schema\/logo\/image\/\",\"url\":\"https:\/\/nirigs.com\/wp-content\/uploads\/2025\/04\/Design-sans-titre-27.png\",\"contentUrl\":\"https:\/\/nirigs.com\/wp-content\/uploads\/2025\/04\/Design-sans-titre-27.png\",\"width\":500,\"height\":500,\"caption\":\"Nirigs\"},\"image\":{\"@id\":\"https:\/\/nirigs.com\/#\/schema\/logo\/image\/\"}}]}<\/script>\n<!-- \/ Yoast SEO plugin. -->","yoast_head_json":{"title":"Odeon - Face and Body Scrub Honey and Olive - 300 ml - NIRIGS","robots":{"index":"index","follow":"follow","max-snippet":"max-snippet:-1","max-image-preview":"max-image-preview:large","max-video-preview":"max-video-preview:-1"},"canonical":"https:\/\/nirigs.com\/en\/product\/odeon-face-and-body-scrub-honey-and-olive-300-ml\/","og_locale":"en_US","og_type":"article","og_title":"Odeon - Face and Body Scrub Honey and Olive - 300 ml - NIRIGS","og_description":"Le gommage pour le visage et le corps Odeon est compos\u00e9 d&rsquo;ingr\u00e9dients 100% naturels. Il contient des coquilles de noix","og_url":"https:\/\/nirigs.com\/en\/product\/odeon-face-and-body-scrub-honey-and-olive-300-ml\/","og_site_name":"NIRIGS","article_modified_time":"2025-02-02T08:25:17+00:00","og_image":[{"width":1000,"height":1000,"url":"https:\/\/nirigs.com\/wp-content\/uploads\/2024\/09\/Odeon-Face-and-Body-Scrub-Honey-Olive-300Ml-1.jpg","type":"image\/jpeg"}],"twitter_card":"summary_large_image","twitter_misc":{"Est. reading time":"1 minute"},"schema":{"@context":"https:\/\/schema.org","@graph":[{"@type":"WebPage","@id":"https:\/\/nirigs.com\/product\/odeon-face-and-body-scrub-honey-and-olive-300-ml\/","url":"https:\/\/nirigs.com\/product\/odeon-face-and-body-scrub-honey-and-olive-300-ml\/","name":"Odeon - Face and Body Scrub Honey and Olive - 300 ml - NIRIGS","isPartOf":{"@id":"https:\/\/nirigs.com\/#website"},"primaryImageOfPage":{"@id":"https:\/\/nirigs.com\/product\/odeon-face-and-body-scrub-honey-and-olive-300-ml\/#primaryimage"},"image":{"@id":"https:\/\/nirigs.com\/product\/odeon-face-and-body-scrub-honey-and-olive-300-ml\/#primaryimage"},"thumbnailUrl":"https:\/\/nirigs.com\/wp-content\/uploads\/2024\/09\/Odeon-Face-and-Body-Scrub-Honey-Olive-300Ml-1.jpg","datePublished":"2024-10-15T15:02:50+00:00","dateModified":"2025-02-02T08:25:17+00:00","breadcrumb":{"@id":"https:\/\/nirigs.com\/product\/odeon-face-and-body-scrub-honey-and-olive-300-ml\/#breadcrumb"},"inLanguage":"en-US","potentialAction":[{"@type":"ReadAction","target":["https:\/\/nirigs.com\/product\/odeon-face-and-body-scrub-honey-and-olive-300-ml\/"]}]},{"@type":"ImageObject","inLanguage":"en-US","@id":"https:\/\/nirigs.com\/product\/odeon-face-and-body-scrub-honey-and-olive-300-ml\/#primaryimage","url":"https:\/\/nirigs.com\/wp-content\/uploads\/2024\/09\/Odeon-Face-and-Body-Scrub-Honey-Olive-300Ml-1.jpg","contentUrl":"https:\/\/nirigs.com\/wp-content\/uploads\/2024\/09\/Odeon-Face-and-Body-Scrub-Honey-Olive-300Ml-1.jpg","width":1000,"height":1000},{"@type":"BreadcrumbList","@id":"https:\/\/nirigs.com\/product\/odeon-face-and-body-scrub-honey-and-olive-300-ml\/#breadcrumb","itemListElement":[{"@type":"ListItem","position":1,"name":"Home","item":"https:\/\/nirigs.com\/"},{"@type":"ListItem","position":2,"name":"Parcourir","item":"https:\/\/nirigs.com\/boutique\/"},{"@type":"ListItem","position":3,"name":"Odeon &#8211; Face and Body Scrub Honey and Olive &#8211; 300 ml"}]},{"@type":"WebSite","@id":"https:\/\/nirigs.com\/#website","url":"https:\/\/nirigs.com\/","name":"Nirigs.com","description":"Simplifiez vos achats du quotidien \u00e0 Djibouti","publisher":{"@id":"https:\/\/nirigs.com\/#organization"},"potentialAction":[{"@type":"SearchAction","target":{"@type":"EntryPoint","urlTemplate":"https:\/\/nirigs.com\/?s={search_term_string}"},"query-input":{"@type":"PropertyValueSpecification","valueRequired":true,"valueName":"search_term_string"}}],"inLanguage":"en-US"},{"@type":"Organization","@id":"https:\/\/nirigs.com\/#organization","name":"Nirigs","url":"https:\/\/nirigs.com\/","logo":{"@type":"ImageObject","inLanguage":"en-US","@id":"https:\/\/nirigs.com\/#\/schema\/logo\/image\/","url":"https:\/\/nirigs.com\/wp-content\/uploads\/2025\/04\/Design-sans-titre-27.png","contentUrl":"https:\/\/nirigs.com\/wp-content\/uploads\/2025\/04\/Design-sans-titre-27.png","width":500,"height":500,"caption":"Nirigs"},"image":{"@id":"https:\/\/nirigs.com\/#\/schema\/logo\/image\/"}}]}},"brands":[{"id":1098,"name":"Odeon","slug":"odeon"}],"_links":{"self":[{"href":"https:\/\/nirigs.com\/en\/wp-json\/wp\/v2\/product\/22241","targetHints":{"allow":["GET"]}}],"collection":[{"href":"https:\/\/nirigs.com\/en\/wp-json\/wp\/v2\/product"}],"about":[{"href":"https:\/\/nirigs.com\/en\/wp-json\/wp\/v2\/types\/product"}],"replies":[{"embeddable":true,"href":"https:\/\/nirigs.com\/en\/wp-json\/wp\/v2\/comments?post=22241"}],"version-history":[{"count":8,"href":"https:\/\/nirigs.com\/en\/wp-json\/wp\/v2\/product\/22241\/revisions"}],"predecessor-version":[{"id":25282,"href":"https:\/\/nirigs.com\/en\/wp-json\/wp\/v2\/product\/22241\/revisions\/25282"}],"wp:featuredmedia":[{"embeddable":true,"href":"https:\/\/nirigs.com\/en\/wp-json\/wp\/v2\/media\/22244"}],"wp:attachment":[{"href":"https:\/\/nirigs.com\/en\/wp-json\/wp\/v2\/media?parent=22241"}],"wp:term":[{"taxonomy":"pwb-brand","embeddable":true,"href":"https:\/\/nirigs.com\/en\/wp-json\/wp\/v2\/pwb-brand?post=22241"},{"taxonomy":"product_brand","embeddable":true,"href":"https:\/\/nirigs.com\/en\/wp-json\/wp\/v2\/product_brand?post=22241"},{"taxonomy":"product_cat","embeddable":true,"href":"https:\/\/nirigs.com\/en\/wp-json\/wp\/v2\/product_cat?post=22241"},{"taxonomy":"product_tag","embeddable":true,"href":"https:\/\/nirigs.com\/en\/wp-json\/wp\/v2\/product_tag?post=22241"}],"curies":[{"name":"wp","href":"https:\/\/api.w.org\/{rel}","templated":true}]}}