{"id":22229,"date":"2024-10-02T18:10:03","date_gmt":"2024-10-02T15:10:03","guid":{"rendered":"https:\/\/nirigs.com\/?post_type=product&#038;p=22229"},"modified":"2025-03-13T17:59:07","modified_gmt":"2025-03-13T14:59:07","slug":"garnier-ultra-doux-shampooing-erable-guerisseur-250-ml","status":"publish","type":"product","link":"https:\/\/nirigs.com\/en\/product\/garnier-ultra-doux-shampooing-erable-guerisseur-250-ml\/","title":{"rendered":"GARNIER &#8211; ULTRA DOUX Shampooing Erable Gu\u00e9risseur &#8211; 250 ml"},"content":{"rendered":"<p>Le shampooing Ultra Doux \u00c9rable Gu\u00e9risseur de Garnier est notre rem\u00e8de r\u00e9parateur intense, \u00e0 base de s\u00e8ve d\u2019\u00e9rable canadien r\u00e9paratrice et d\u2019huile de ricin revitalisante. Les cheveux sont intens\u00e9ment nourris et renforc\u00e9s. Bouteille 100% recycl\u00e9e et recyclable, avec 30% de plastique provenant des oc\u00e9ans.<\/p>\n<h4>Use<\/h4>\n<ul>\n<li>Versez une noisette de shampooing dans vos mains.<\/li>\n<li>Appliquez le shampooing sur cheveux mouill\u00e9s.<\/li>\n<li>R\u00e9partissez le produit sur les longueurs et \u00e9mulsionnez pendant 1 minute en massant le cuir chevelu.<\/li>\n<li>\u00a0Rinse thoroughly.<\/li>\n<\/ul>\n<h4>Ingredients<\/h4>\n<p>AQUA \/ WATER \/ EAU \u2022\u00a0<span data-iopelement=\"SODIUM LAURETH SULFATE\">SODIUM LAURETH SULFATE<\/span>\u00a0\u2022\u00a0<span data-iopelement=\"GLYCOL DISTEARATE\">GLYCOL DISTEARATE<\/span>\u00a0\u2022\u00a0<span data-iopelement=\"COCAMIDOPROPYL BETAINE\">COCAMIDOPROPYL BETAINE<\/span>\u00a0\u2022\u00a0<span data-iopelement=\"DIMETHICONE\">DIMETHICONE<\/span>\u00a0\u2022\u00a0<span data-iopelement=\"SODIUM CHLORIDE\">SODIUM CHLORIDE<\/span>\u00a0\u2022 RICINUS COMMUNIS SEED OIL \/ CASTOR SEED OIL \u2022 PRUNUS AMYGDALUS DULCIS OIL \/ SWEET ALMOND OIL \u2022 ACER SACCHARUM EXTRACT \/ SUGAR MAPLE EXTRACT \u2022\u00a0<span data-iopelement=\"COCAMIDE MEA\">COCAMIDE MEA<\/span>\u00a0\u2022 STEARETH-6 \u2022\u00a0<span data-iopelement=\"FUMARIC ACID\">FUMARIC ACID<\/span>\u00a0\u2022\u00a0<span data-iopelement=\"CARBOMER\">CARBOMER<\/span>\u00a0\u2022 TRIDECETH-10 \u2022\u00a0<span data-iopelement=\"TRIDECETH-3\">TRIDECETH-3<\/span>\u00a0\u2022\u00a0<span data-iopelement=\"AMODIMETHICONE\">AMODIMETHICONE<\/span>\u00a0\u2022\u00a0<span data-iopelement=\"PEG-100 STEARATE\">PEG-100 STEARATE<\/span>\u00a0\u2022\u00a0<span data-iopelement=\"SODIUM HYDROXIDE\">SODIUM HYDROXIDE<\/span>\u00a0\u2022\u00a0<span data-iopelement=\"COCO-BETAINE\">COCO-BETAINE<\/span>\u00a0\u2022\u00a0<span data-iopelement=\"GUAR HYDROXYPROPYLTRIMONIUM CHLORIDE\">GUAR HYDROXYPROPYLTRIMONIUM CHLORIDE<\/span>\u00a0\u2022\u00a0<span data-iopelement=\"CITRIC ACID\">CITRIC ACID<\/span>\u00a0\u2022 ACETIC ACID \u2022\u00a0<span data-iopelement=\"HEXYLENE GLYCOL\">HEXYLENE GLYCOL<\/span>\u00a0\u2022\u00a0<span data-iopelement=\"SODIUM BENZOATE\">SODIUM BENZOATE<\/span>\u00a0\u2022\u00a0<span data-iopelement=\"SALICYLIC ACID\">SALICYLIC ACID<\/span>\u00a0\u2022\u00a0<span data-iopelement=\"PHENOXYETHANOL\">PHENOXYETHANOL<\/span>\u00a0\u2022\u00a0<span data-iopelement=\"CARAMEL\">CARAMEL<\/span>\u00a0\u2022 CI 14700 \/ RED 4 \u2022 CI 19140 \/ YELLOW 5 \u2022\u00a0<span data-iopelement=\"LINALOOL\">LINALOOL<\/span>\u00a0\u2022\u00a0<span data-iopelement=\"BENZYL ALCOHOL\">BENZYL ALCOHOL<\/span>\u00a0\u2022\u00a0<span data-iopelement=\"BENZYL SALICYLATE\">BENZYL SALICYLATE<\/span>\u00a0\u2022\u00a0<span data-iopelement=\"PARFUM \/ FRAGRANCE\">PARFUM \/ FRAGRANCE<\/span><\/p>","protected":false},"excerpt":{"rendered":"<p>Le shampooing Ultra Doux \u00c9rable Gu\u00e9risseur de Garnier est notre rem\u00e8de r\u00e9parateur intense, \u00e0 base de s\u00e8ve d\u2019\u00e9rable canadien r\u00e9paratrice<\/p>","protected":false},"featured_media":22231,"comment_status":"open","ping_status":"closed","template":"","meta":[],"pwb-brand":[1091],"product_brand":[],"product_cat":[267,1022,1026,1024],"product_tag":[],"class_list":{"0":"post-22229","1":"product","2":"type-product","3":"status-publish","4":"has-post-thumbnail","6":"pwb-brand-garnier","7":"product_cat-beaute-et-soins","8":"product_cat-coiffures-et-soins-des-cheveux","9":"product_cat-shampooings","10":"product_cat-soins-des-cheveux","12":"first","13":"instock","14":"shipping-taxable","15":"purchasable","16":"product-type-simple"},"yoast_head":"<!-- This site is optimized with the Yoast SEO plugin v27.4 - https:\/\/yoast.com\/product\/yoast-seo-wordpress\/ -->\n<title>GARNIER - ULTRA DOUX Shampooing Erable Gu\u00e9risseur - 250 ml - NIRIGS<\/title>\n<meta name=\"robots\" content=\"index, follow, max-snippet:-1, max-image-preview:large, max-video-preview:-1\" \/>\n<link rel=\"canonical\" href=\"https:\/\/nirigs.com\/en\/product\/garnier-ultra-doux-shampooing-erable-guerisseur-250-ml\/\" \/>\n<meta property=\"og:locale\" content=\"en_US\" \/>\n<meta property=\"og:type\" content=\"article\" \/>\n<meta property=\"og:title\" content=\"GARNIER - ULTRA DOUX Shampooing Erable Gu\u00e9risseur - 250 ml - NIRIGS\" \/>\n<meta property=\"og:description\" content=\"Le shampooing Ultra Doux \u00c9rable Gu\u00e9risseur de Garnier est notre rem\u00e8de r\u00e9parateur intense, \u00e0 base de s\u00e8ve d\u2019\u00e9rable canadien r\u00e9paratrice\" \/>\n<meta property=\"og:url\" content=\"https:\/\/nirigs.com\/en\/product\/garnier-ultra-doux-shampooing-erable-guerisseur-250-ml\/\" \/>\n<meta property=\"og:site_name\" content=\"NIRIGS\" \/>\n<meta property=\"article:modified_time\" content=\"2025-03-13T14:59:07+00:00\" \/>\n<meta property=\"og:image\" content=\"https:\/\/nirigs.com\/wp-content\/uploads\/2024\/09\/GARNIER-ULTRA-DOUX-Shampooing-Erable-Guerisseur-250ML-.jpg\" \/>\n\t<meta property=\"og:image:width\" content=\"1000\" \/>\n\t<meta property=\"og:image:height\" content=\"1000\" \/>\n\t<meta property=\"og:image:type\" content=\"image\/jpeg\" \/>\n<meta name=\"twitter:card\" content=\"summary_large_image\" \/>\n<meta name=\"twitter:label1\" content=\"Est. reading time\" \/>\n\t<meta name=\"twitter:data1\" content=\"1 minute\" \/>\n<script type=\"application\/ld+json\" class=\"yoast-schema-graph\">{\"@context\":\"https:\\\/\\\/schema.org\",\"@graph\":[{\"@type\":\"WebPage\",\"@id\":\"https:\\\/\\\/nirigs.com\\\/product\\\/garnier-ultra-doux-shampooing-erable-guerisseur-250-ml\\\/\",\"url\":\"https:\\\/\\\/nirigs.com\\\/product\\\/garnier-ultra-doux-shampooing-erable-guerisseur-250-ml\\\/\",\"name\":\"GARNIER - ULTRA DOUX Shampooing Erable Gu\u00e9risseur - 250 ml - NIRIGS\",\"isPartOf\":{\"@id\":\"https:\\\/\\\/nirigs.com\\\/#website\"},\"primaryImageOfPage\":{\"@id\":\"https:\\\/\\\/nirigs.com\\\/product\\\/garnier-ultra-doux-shampooing-erable-guerisseur-250-ml\\\/#primaryimage\"},\"image\":{\"@id\":\"https:\\\/\\\/nirigs.com\\\/product\\\/garnier-ultra-doux-shampooing-erable-guerisseur-250-ml\\\/#primaryimage\"},\"thumbnailUrl\":\"https:\\\/\\\/nirigs.com\\\/wp-content\\\/uploads\\\/2024\\\/09\\\/GARNIER-ULTRA-DOUX-Shampooing-Erable-Guerisseur-250ML-.jpg\",\"datePublished\":\"2024-10-02T15:10:03+00:00\",\"dateModified\":\"2025-03-13T14:59:07+00:00\",\"breadcrumb\":{\"@id\":\"https:\\\/\\\/nirigs.com\\\/product\\\/garnier-ultra-doux-shampooing-erable-guerisseur-250-ml\\\/#breadcrumb\"},\"inLanguage\":\"en-US\",\"potentialAction\":[{\"@type\":\"ReadAction\",\"target\":[\"https:\\\/\\\/nirigs.com\\\/product\\\/garnier-ultra-doux-shampooing-erable-guerisseur-250-ml\\\/\"]}]},{\"@type\":\"ImageObject\",\"inLanguage\":\"en-US\",\"@id\":\"https:\\\/\\\/nirigs.com\\\/product\\\/garnier-ultra-doux-shampooing-erable-guerisseur-250-ml\\\/#primaryimage\",\"url\":\"https:\\\/\\\/nirigs.com\\\/wp-content\\\/uploads\\\/2024\\\/09\\\/GARNIER-ULTRA-DOUX-Shampooing-Erable-Guerisseur-250ML-.jpg\",\"contentUrl\":\"https:\\\/\\\/nirigs.com\\\/wp-content\\\/uploads\\\/2024\\\/09\\\/GARNIER-ULTRA-DOUX-Shampooing-Erable-Guerisseur-250ML-.jpg\",\"width\":1000,\"height\":1000},{\"@type\":\"BreadcrumbList\",\"@id\":\"https:\\\/\\\/nirigs.com\\\/product\\\/garnier-ultra-doux-shampooing-erable-guerisseur-250-ml\\\/#breadcrumb\",\"itemListElement\":[{\"@type\":\"ListItem\",\"position\":1,\"name\":\"Home\",\"item\":\"https:\\\/\\\/nirigs.com\\\/\"},{\"@type\":\"ListItem\",\"position\":2,\"name\":\"Parcourir\",\"item\":\"https:\\\/\\\/nirigs.com\\\/boutique\\\/\"},{\"@type\":\"ListItem\",\"position\":3,\"name\":\"GARNIER &#8211; ULTRA DOUX Shampooing Erable Gu\u00e9risseur &#8211; 250 ml\"}]},{\"@type\":\"WebSite\",\"@id\":\"https:\\\/\\\/nirigs.com\\\/#website\",\"url\":\"https:\\\/\\\/nirigs.com\\\/\",\"name\":\"Nirigs.com\",\"description\":\"Simplifiez vos achats du quotidien \u00e0 Djibouti\",\"publisher\":{\"@id\":\"https:\\\/\\\/nirigs.com\\\/#organization\"},\"potentialAction\":[{\"@type\":\"SearchAction\",\"target\":{\"@type\":\"EntryPoint\",\"urlTemplate\":\"https:\\\/\\\/nirigs.com\\\/?s={search_term_string}\"},\"query-input\":{\"@type\":\"PropertyValueSpecification\",\"valueRequired\":true,\"valueName\":\"search_term_string\"}}],\"inLanguage\":\"en-US\"},{\"@type\":\"Organization\",\"@id\":\"https:\\\/\\\/nirigs.com\\\/#organization\",\"name\":\"Nirigs\",\"url\":\"https:\\\/\\\/nirigs.com\\\/\",\"logo\":{\"@type\":\"ImageObject\",\"inLanguage\":\"en-US\",\"@id\":\"https:\\\/\\\/nirigs.com\\\/#\\\/schema\\\/logo\\\/image\\\/\",\"url\":\"https:\\\/\\\/nirigs.com\\\/wp-content\\\/uploads\\\/2025\\\/04\\\/Design-sans-titre-27.png\",\"contentUrl\":\"https:\\\/\\\/nirigs.com\\\/wp-content\\\/uploads\\\/2025\\\/04\\\/Design-sans-titre-27.png\",\"width\":500,\"height\":500,\"caption\":\"Nirigs\"},\"image\":{\"@id\":\"https:\\\/\\\/nirigs.com\\\/#\\\/schema\\\/logo\\\/image\\\/\"}}]}<\/script>\n<!-- \/ Yoast SEO plugin. -->","yoast_head_json":{"title":"GARNIER - ULTRA DOUX Shampooing Erable Gu\u00e9risseur - 250 ml - NIRIGS","robots":{"index":"index","follow":"follow","max-snippet":"max-snippet:-1","max-image-preview":"max-image-preview:large","max-video-preview":"max-video-preview:-1"},"canonical":"https:\/\/nirigs.com\/en\/product\/garnier-ultra-doux-shampooing-erable-guerisseur-250-ml\/","og_locale":"en_US","og_type":"article","og_title":"GARNIER - ULTRA DOUX Shampooing Erable Gu\u00e9risseur - 250 ml - NIRIGS","og_description":"Le shampooing Ultra Doux \u00c9rable Gu\u00e9risseur de Garnier est notre rem\u00e8de r\u00e9parateur intense, \u00e0 base de s\u00e8ve d\u2019\u00e9rable canadien r\u00e9paratrice","og_url":"https:\/\/nirigs.com\/en\/product\/garnier-ultra-doux-shampooing-erable-guerisseur-250-ml\/","og_site_name":"NIRIGS","article_modified_time":"2025-03-13T14:59:07+00:00","og_image":[{"width":1000,"height":1000,"url":"https:\/\/nirigs.com\/wp-content\/uploads\/2024\/09\/GARNIER-ULTRA-DOUX-Shampooing-Erable-Guerisseur-250ML-.jpg","type":"image\/jpeg"}],"twitter_card":"summary_large_image","twitter_misc":{"Est. reading time":"1 minute"},"schema":{"@context":"https:\/\/schema.org","@graph":[{"@type":"WebPage","@id":"https:\/\/nirigs.com\/product\/garnier-ultra-doux-shampooing-erable-guerisseur-250-ml\/","url":"https:\/\/nirigs.com\/product\/garnier-ultra-doux-shampooing-erable-guerisseur-250-ml\/","name":"GARNIER - ULTRA DOUX Shampooing Erable Gu\u00e9risseur - 250 ml - NIRIGS","isPartOf":{"@id":"https:\/\/nirigs.com\/#website"},"primaryImageOfPage":{"@id":"https:\/\/nirigs.com\/product\/garnier-ultra-doux-shampooing-erable-guerisseur-250-ml\/#primaryimage"},"image":{"@id":"https:\/\/nirigs.com\/product\/garnier-ultra-doux-shampooing-erable-guerisseur-250-ml\/#primaryimage"},"thumbnailUrl":"https:\/\/nirigs.com\/wp-content\/uploads\/2024\/09\/GARNIER-ULTRA-DOUX-Shampooing-Erable-Guerisseur-250ML-.jpg","datePublished":"2024-10-02T15:10:03+00:00","dateModified":"2025-03-13T14:59:07+00:00","breadcrumb":{"@id":"https:\/\/nirigs.com\/product\/garnier-ultra-doux-shampooing-erable-guerisseur-250-ml\/#breadcrumb"},"inLanguage":"en-US","potentialAction":[{"@type":"ReadAction","target":["https:\/\/nirigs.com\/product\/garnier-ultra-doux-shampooing-erable-guerisseur-250-ml\/"]}]},{"@type":"ImageObject","inLanguage":"en-US","@id":"https:\/\/nirigs.com\/product\/garnier-ultra-doux-shampooing-erable-guerisseur-250-ml\/#primaryimage","url":"https:\/\/nirigs.com\/wp-content\/uploads\/2024\/09\/GARNIER-ULTRA-DOUX-Shampooing-Erable-Guerisseur-250ML-.jpg","contentUrl":"https:\/\/nirigs.com\/wp-content\/uploads\/2024\/09\/GARNIER-ULTRA-DOUX-Shampooing-Erable-Guerisseur-250ML-.jpg","width":1000,"height":1000},{"@type":"BreadcrumbList","@id":"https:\/\/nirigs.com\/product\/garnier-ultra-doux-shampooing-erable-guerisseur-250-ml\/#breadcrumb","itemListElement":[{"@type":"ListItem","position":1,"name":"Home","item":"https:\/\/nirigs.com\/"},{"@type":"ListItem","position":2,"name":"Parcourir","item":"https:\/\/nirigs.com\/boutique\/"},{"@type":"ListItem","position":3,"name":"GARNIER &#8211; ULTRA DOUX Shampooing Erable Gu\u00e9risseur &#8211; 250 ml"}]},{"@type":"WebSite","@id":"https:\/\/nirigs.com\/#website","url":"https:\/\/nirigs.com\/","name":"Nirigs.com","description":"Simplifiez vos achats du quotidien \u00e0 Djibouti","publisher":{"@id":"https:\/\/nirigs.com\/#organization"},"potentialAction":[{"@type":"SearchAction","target":{"@type":"EntryPoint","urlTemplate":"https:\/\/nirigs.com\/?s={search_term_string}"},"query-input":{"@type":"PropertyValueSpecification","valueRequired":true,"valueName":"search_term_string"}}],"inLanguage":"en-US"},{"@type":"Organization","@id":"https:\/\/nirigs.com\/#organization","name":"Nirigs","url":"https:\/\/nirigs.com\/","logo":{"@type":"ImageObject","inLanguage":"en-US","@id":"https:\/\/nirigs.com\/#\/schema\/logo\/image\/","url":"https:\/\/nirigs.com\/wp-content\/uploads\/2025\/04\/Design-sans-titre-27.png","contentUrl":"https:\/\/nirigs.com\/wp-content\/uploads\/2025\/04\/Design-sans-titre-27.png","width":500,"height":500,"caption":"Nirigs"},"image":{"@id":"https:\/\/nirigs.com\/#\/schema\/logo\/image\/"}}]}},"brands":[{"id":1091,"name":"Garnier","slug":"garnier"}],"_links":{"self":[{"href":"https:\/\/nirigs.com\/en\/wp-json\/wp\/v2\/product\/22229","targetHints":{"allow":["GET"]}}],"collection":[{"href":"https:\/\/nirigs.com\/en\/wp-json\/wp\/v2\/product"}],"about":[{"href":"https:\/\/nirigs.com\/en\/wp-json\/wp\/v2\/types\/product"}],"replies":[{"embeddable":true,"href":"https:\/\/nirigs.com\/en\/wp-json\/wp\/v2\/comments?post=22229"}],"version-history":[{"count":6,"href":"https:\/\/nirigs.com\/en\/wp-json\/wp\/v2\/product\/22229\/revisions"}],"predecessor-version":[{"id":24882,"href":"https:\/\/nirigs.com\/en\/wp-json\/wp\/v2\/product\/22229\/revisions\/24882"}],"wp:featuredmedia":[{"embeddable":true,"href":"https:\/\/nirigs.com\/en\/wp-json\/wp\/v2\/media\/22231"}],"wp:attachment":[{"href":"https:\/\/nirigs.com\/en\/wp-json\/wp\/v2\/media?parent=22229"}],"wp:term":[{"taxonomy":"pwb-brand","embeddable":true,"href":"https:\/\/nirigs.com\/en\/wp-json\/wp\/v2\/pwb-brand?post=22229"},{"taxonomy":"product_brand","embeddable":true,"href":"https:\/\/nirigs.com\/en\/wp-json\/wp\/v2\/product_brand?post=22229"},{"taxonomy":"product_cat","embeddable":true,"href":"https:\/\/nirigs.com\/en\/wp-json\/wp\/v2\/product_cat?post=22229"},{"taxonomy":"product_tag","embeddable":true,"href":"https:\/\/nirigs.com\/en\/wp-json\/wp\/v2\/product_tag?post=22229"}],"curies":[{"name":"wp","href":"https:\/\/api.w.org\/{rel}","templated":true}]}}