{"id":22216,"date":"2024-10-02T17:50:08","date_gmt":"2024-10-02T14:50:08","guid":{"rendered":"https:\/\/nirigs.com\/?post_type=product&#038;p=22216"},"modified":"2025-04-22T11:27:32","modified_gmt":"2025-04-22T08:27:32","slug":"garnier-masque-cheveux-remede-nourissant-cheveux-secs-lait-de-coco-ultra-doux-340-ml","status":"publish","type":"product","link":"https:\/\/nirigs.com\/en\/product\/garnier-masque-cheveux-remede-nourissant-cheveux-secs-lait-de-coco-ultra-doux-340-ml\/","title":{"rendered":"GARNIER &#8211; Masque Cheveux Rem\u00e8de Nourissant Cheveux Secs Lait de Coco ULTRA DOUX &#8211; 340 ml"},"content":{"rendered":"<p>Masque Rem\u00e8de Assouplissant Garnier Ultra Doux au lait de coco &amp; macadamia pour nourrir intens\u00e9ment, discipliner et d\u00e9m\u00ealer les cheveux. En 1 minute, vos cheveux sont plus nourris et 3X plus doux. Envelopp\u00e9s de soin, vos cheveux sont intens\u00e9ment nourris sans \u00eatre alourdis. Vos cheveux sont plus souples, plus doux et vraiment plus faciles \u00e0 coiffer. Jour apr\u00e8s jour, ils retrouvent leur brillance et rayonnent de beaut\u00e9.<\/p>\n<h4>Use<\/h4>\n<ul>\n<li>Appliquez sur les longueurs et pointes essor\u00e9es.<\/li>\n<li>Laisser poser entre 3 et 5 minutes pour un r\u00e9sultat optimal<\/li>\n<li>Rincez.<\/li>\n<\/ul>\n<h4>Ingredients<\/h4>\n<p>1217468 B &#8211; INGREDIENTS: AQUA \/ WATER &#8211; CETEARYL ALCOHOL &#8211; GLYCERIN &#8211; ISOPROPYL MYRISTATE &#8211; STEARAMIDOPROPYL DIMETHYLAMINE &#8211; GLYCINE SOJA OIL \/ SOYBEAN OIL &#8211; PARFUM \/ FRAGRANCE &#8211; MACADAMIA INTEGRIFOLIA SEED OIL &#8211; HELIANTHUS ANNUUS SEED OIL \/ SUNFLOWER SEED OIL &#8211; COCOS NUCIFERA OIL \/ COCONUT OIL &#8211; COCO-CAPRYLATE\/CAPRATE &#8211; HYDROXYPROPYL GUAR HYDROXYPROPYLTRIMONIUM CHLORIDE &#8211; CAPRYLYL GLYCOL &#8211; TARTARIC ACID &#8211; CETYL ESTERS &#8211; BENZOIC ACID &#8211; LINALOOL &#8211; LIMONENE &#8211; BENZYL ALCOHOL &#8211; BENZYL SALICYLATE (F.I.L. Z70020150\/1).<\/p>","protected":false},"excerpt":{"rendered":"<p><br data-mce-bogus=\"1\"><\/p>","protected":false},"featured_media":22217,"comment_status":"open","ping_status":"closed","template":"","meta":[],"pwb-brand":[1091],"product_brand":[],"product_cat":[267,1022,1024,1027],"product_tag":[],"class_list":{"0":"post-22216","1":"product","2":"type-product","3":"status-publish","4":"has-post-thumbnail","6":"pwb-brand-garnier","7":"product_cat-beaute-et-soins","8":"product_cat-coiffures-et-soins-des-cheveux","9":"product_cat-soins-des-cheveux","10":"product_cat-soins-et-masques-pour-les-cheveux","12":"first","13":"instock","14":"shipping-taxable","15":"purchasable","16":"product-type-simple"},"yoast_head":"<!-- This site is optimized with the Yoast SEO plugin v27.4 - https:\/\/yoast.com\/product\/yoast-seo-wordpress\/ -->\n<title>GARNIER - Masque Cheveux Rem\u00e8de Nourissant Cheveux Secs Lait de Coco ULTRA DOUX - 340 ml - NIRIGS<\/title>\n<meta name=\"robots\" content=\"index, follow, max-snippet:-1, max-image-preview:large, max-video-preview:-1\" \/>\n<link rel=\"canonical\" href=\"https:\/\/nirigs.com\/en\/product\/garnier-masque-cheveux-remede-nourissant-cheveux-secs-lait-de-coco-ultra-doux-340-ml\/\" \/>\n<meta property=\"og:locale\" content=\"en_US\" \/>\n<meta property=\"og:type\" content=\"article\" \/>\n<meta property=\"og:title\" content=\"GARNIER - Masque Cheveux Rem\u00e8de Nourissant Cheveux Secs Lait de Coco ULTRA DOUX - 340 ml - NIRIGS\" \/>\n<meta property=\"og:url\" content=\"https:\/\/nirigs.com\/en\/product\/garnier-masque-cheveux-remede-nourissant-cheveux-secs-lait-de-coco-ultra-doux-340-ml\/\" \/>\n<meta property=\"og:site_name\" content=\"NIRIGS\" \/>\n<meta property=\"article:modified_time\" content=\"2025-04-22T08:27:32+00:00\" \/>\n<meta property=\"og:image\" content=\"https:\/\/nirigs.com\/wp-content\/uploads\/2024\/09\/GARNIER-Masque-Cheveux-Remede-Nourissant-Cheveux-Secs-Lait-de-Coco-ULTRA-DOUX-340ML.jpg\" \/>\n\t<meta property=\"og:image:width\" content=\"1000\" \/>\n\t<meta property=\"og:image:height\" content=\"1000\" \/>\n\t<meta property=\"og:image:type\" content=\"image\/jpeg\" \/>\n<meta name=\"twitter:card\" content=\"summary_large_image\" \/>\n<meta name=\"twitter:label1\" content=\"Est. reading time\" \/>\n\t<meta name=\"twitter:data1\" content=\"1 minute\" \/>\n<script type=\"application\/ld+json\" class=\"yoast-schema-graph\">{\"@context\":\"https:\\\/\\\/schema.org\",\"@graph\":[{\"@type\":\"WebPage\",\"@id\":\"https:\\\/\\\/nirigs.com\\\/product\\\/garnier-masque-cheveux-remede-nourissant-cheveux-secs-lait-de-coco-ultra-doux-340-ml\\\/\",\"url\":\"https:\\\/\\\/nirigs.com\\\/product\\\/garnier-masque-cheveux-remede-nourissant-cheveux-secs-lait-de-coco-ultra-doux-340-ml\\\/\",\"name\":\"GARNIER - Masque Cheveux Rem\u00e8de Nourissant Cheveux Secs Lait de Coco ULTRA DOUX - 340 ml - NIRIGS\",\"isPartOf\":{\"@id\":\"https:\\\/\\\/nirigs.com\\\/#website\"},\"primaryImageOfPage\":{\"@id\":\"https:\\\/\\\/nirigs.com\\\/product\\\/garnier-masque-cheveux-remede-nourissant-cheveux-secs-lait-de-coco-ultra-doux-340-ml\\\/#primaryimage\"},\"image\":{\"@id\":\"https:\\\/\\\/nirigs.com\\\/product\\\/garnier-masque-cheveux-remede-nourissant-cheveux-secs-lait-de-coco-ultra-doux-340-ml\\\/#primaryimage\"},\"thumbnailUrl\":\"https:\\\/\\\/nirigs.com\\\/wp-content\\\/uploads\\\/2024\\\/09\\\/GARNIER-Masque-Cheveux-Remede-Nourissant-Cheveux-Secs-Lait-de-Coco-ULTRA-DOUX-340ML.jpg\",\"datePublished\":\"2024-10-02T14:50:08+00:00\",\"dateModified\":\"2025-04-22T08:27:32+00:00\",\"breadcrumb\":{\"@id\":\"https:\\\/\\\/nirigs.com\\\/product\\\/garnier-masque-cheveux-remede-nourissant-cheveux-secs-lait-de-coco-ultra-doux-340-ml\\\/#breadcrumb\"},\"inLanguage\":\"en-US\",\"potentialAction\":[{\"@type\":\"ReadAction\",\"target\":[\"https:\\\/\\\/nirigs.com\\\/product\\\/garnier-masque-cheveux-remede-nourissant-cheveux-secs-lait-de-coco-ultra-doux-340-ml\\\/\"]}]},{\"@type\":\"ImageObject\",\"inLanguage\":\"en-US\",\"@id\":\"https:\\\/\\\/nirigs.com\\\/product\\\/garnier-masque-cheveux-remede-nourissant-cheveux-secs-lait-de-coco-ultra-doux-340-ml\\\/#primaryimage\",\"url\":\"https:\\\/\\\/nirigs.com\\\/wp-content\\\/uploads\\\/2024\\\/09\\\/GARNIER-Masque-Cheveux-Remede-Nourissant-Cheveux-Secs-Lait-de-Coco-ULTRA-DOUX-340ML.jpg\",\"contentUrl\":\"https:\\\/\\\/nirigs.com\\\/wp-content\\\/uploads\\\/2024\\\/09\\\/GARNIER-Masque-Cheveux-Remede-Nourissant-Cheveux-Secs-Lait-de-Coco-ULTRA-DOUX-340ML.jpg\",\"width\":1000,\"height\":1000},{\"@type\":\"BreadcrumbList\",\"@id\":\"https:\\\/\\\/nirigs.com\\\/product\\\/garnier-masque-cheveux-remede-nourissant-cheveux-secs-lait-de-coco-ultra-doux-340-ml\\\/#breadcrumb\",\"itemListElement\":[{\"@type\":\"ListItem\",\"position\":1,\"name\":\"Home\",\"item\":\"https:\\\/\\\/nirigs.com\\\/\"},{\"@type\":\"ListItem\",\"position\":2,\"name\":\"Parcourir\",\"item\":\"https:\\\/\\\/nirigs.com\\\/boutique\\\/\"},{\"@type\":\"ListItem\",\"position\":3,\"name\":\"GARNIER &#8211; Masque Cheveux Rem\u00e8de Nourissant Cheveux Secs Lait de Coco ULTRA DOUX &#8211; 340 ml\"}]},{\"@type\":\"WebSite\",\"@id\":\"https:\\\/\\\/nirigs.com\\\/#website\",\"url\":\"https:\\\/\\\/nirigs.com\\\/\",\"name\":\"Nirigs.com\",\"description\":\"Simplifiez vos achats du quotidien \u00e0 Djibouti\",\"publisher\":{\"@id\":\"https:\\\/\\\/nirigs.com\\\/#organization\"},\"potentialAction\":[{\"@type\":\"SearchAction\",\"target\":{\"@type\":\"EntryPoint\",\"urlTemplate\":\"https:\\\/\\\/nirigs.com\\\/?s={search_term_string}\"},\"query-input\":{\"@type\":\"PropertyValueSpecification\",\"valueRequired\":true,\"valueName\":\"search_term_string\"}}],\"inLanguage\":\"en-US\"},{\"@type\":\"Organization\",\"@id\":\"https:\\\/\\\/nirigs.com\\\/#organization\",\"name\":\"Nirigs\",\"url\":\"https:\\\/\\\/nirigs.com\\\/\",\"logo\":{\"@type\":\"ImageObject\",\"inLanguage\":\"en-US\",\"@id\":\"https:\\\/\\\/nirigs.com\\\/#\\\/schema\\\/logo\\\/image\\\/\",\"url\":\"https:\\\/\\\/nirigs.com\\\/wp-content\\\/uploads\\\/2025\\\/04\\\/Design-sans-titre-27.png\",\"contentUrl\":\"https:\\\/\\\/nirigs.com\\\/wp-content\\\/uploads\\\/2025\\\/04\\\/Design-sans-titre-27.png\",\"width\":500,\"height\":500,\"caption\":\"Nirigs\"},\"image\":{\"@id\":\"https:\\\/\\\/nirigs.com\\\/#\\\/schema\\\/logo\\\/image\\\/\"}}]}<\/script>\n<!-- \/ Yoast SEO plugin. -->","yoast_head_json":{"title":"GARNIER - Masque Cheveux Rem\u00e8de Nourissant Cheveux Secs Lait de Coco ULTRA DOUX - 340 ml - NIRIGS","robots":{"index":"index","follow":"follow","max-snippet":"max-snippet:-1","max-image-preview":"max-image-preview:large","max-video-preview":"max-video-preview:-1"},"canonical":"https:\/\/nirigs.com\/en\/product\/garnier-masque-cheveux-remede-nourissant-cheveux-secs-lait-de-coco-ultra-doux-340-ml\/","og_locale":"en_US","og_type":"article","og_title":"GARNIER - Masque Cheveux Rem\u00e8de Nourissant Cheveux Secs Lait de Coco ULTRA DOUX - 340 ml - NIRIGS","og_url":"https:\/\/nirigs.com\/en\/product\/garnier-masque-cheveux-remede-nourissant-cheveux-secs-lait-de-coco-ultra-doux-340-ml\/","og_site_name":"NIRIGS","article_modified_time":"2025-04-22T08:27:32+00:00","og_image":[{"width":1000,"height":1000,"url":"https:\/\/nirigs.com\/wp-content\/uploads\/2024\/09\/GARNIER-Masque-Cheveux-Remede-Nourissant-Cheveux-Secs-Lait-de-Coco-ULTRA-DOUX-340ML.jpg","type":"image\/jpeg"}],"twitter_card":"summary_large_image","twitter_misc":{"Est. reading time":"1 minute"},"schema":{"@context":"https:\/\/schema.org","@graph":[{"@type":"WebPage","@id":"https:\/\/nirigs.com\/product\/garnier-masque-cheveux-remede-nourissant-cheveux-secs-lait-de-coco-ultra-doux-340-ml\/","url":"https:\/\/nirigs.com\/product\/garnier-masque-cheveux-remede-nourissant-cheveux-secs-lait-de-coco-ultra-doux-340-ml\/","name":"GARNIER - Masque Cheveux Rem\u00e8de Nourissant Cheveux Secs Lait de Coco ULTRA DOUX - 340 ml - NIRIGS","isPartOf":{"@id":"https:\/\/nirigs.com\/#website"},"primaryImageOfPage":{"@id":"https:\/\/nirigs.com\/product\/garnier-masque-cheveux-remede-nourissant-cheveux-secs-lait-de-coco-ultra-doux-340-ml\/#primaryimage"},"image":{"@id":"https:\/\/nirigs.com\/product\/garnier-masque-cheveux-remede-nourissant-cheveux-secs-lait-de-coco-ultra-doux-340-ml\/#primaryimage"},"thumbnailUrl":"https:\/\/nirigs.com\/wp-content\/uploads\/2024\/09\/GARNIER-Masque-Cheveux-Remede-Nourissant-Cheveux-Secs-Lait-de-Coco-ULTRA-DOUX-340ML.jpg","datePublished":"2024-10-02T14:50:08+00:00","dateModified":"2025-04-22T08:27:32+00:00","breadcrumb":{"@id":"https:\/\/nirigs.com\/product\/garnier-masque-cheveux-remede-nourissant-cheveux-secs-lait-de-coco-ultra-doux-340-ml\/#breadcrumb"},"inLanguage":"en-US","potentialAction":[{"@type":"ReadAction","target":["https:\/\/nirigs.com\/product\/garnier-masque-cheveux-remede-nourissant-cheveux-secs-lait-de-coco-ultra-doux-340-ml\/"]}]},{"@type":"ImageObject","inLanguage":"en-US","@id":"https:\/\/nirigs.com\/product\/garnier-masque-cheveux-remede-nourissant-cheveux-secs-lait-de-coco-ultra-doux-340-ml\/#primaryimage","url":"https:\/\/nirigs.com\/wp-content\/uploads\/2024\/09\/GARNIER-Masque-Cheveux-Remede-Nourissant-Cheveux-Secs-Lait-de-Coco-ULTRA-DOUX-340ML.jpg","contentUrl":"https:\/\/nirigs.com\/wp-content\/uploads\/2024\/09\/GARNIER-Masque-Cheveux-Remede-Nourissant-Cheveux-Secs-Lait-de-Coco-ULTRA-DOUX-340ML.jpg","width":1000,"height":1000},{"@type":"BreadcrumbList","@id":"https:\/\/nirigs.com\/product\/garnier-masque-cheveux-remede-nourissant-cheveux-secs-lait-de-coco-ultra-doux-340-ml\/#breadcrumb","itemListElement":[{"@type":"ListItem","position":1,"name":"Home","item":"https:\/\/nirigs.com\/"},{"@type":"ListItem","position":2,"name":"Parcourir","item":"https:\/\/nirigs.com\/boutique\/"},{"@type":"ListItem","position":3,"name":"GARNIER &#8211; Masque Cheveux Rem\u00e8de Nourissant Cheveux Secs Lait de Coco ULTRA DOUX &#8211; 340 ml"}]},{"@type":"WebSite","@id":"https:\/\/nirigs.com\/#website","url":"https:\/\/nirigs.com\/","name":"Nirigs.com","description":"Simplifiez vos achats du quotidien \u00e0 Djibouti","publisher":{"@id":"https:\/\/nirigs.com\/#organization"},"potentialAction":[{"@type":"SearchAction","target":{"@type":"EntryPoint","urlTemplate":"https:\/\/nirigs.com\/?s={search_term_string}"},"query-input":{"@type":"PropertyValueSpecification","valueRequired":true,"valueName":"search_term_string"}}],"inLanguage":"en-US"},{"@type":"Organization","@id":"https:\/\/nirigs.com\/#organization","name":"Nirigs","url":"https:\/\/nirigs.com\/","logo":{"@type":"ImageObject","inLanguage":"en-US","@id":"https:\/\/nirigs.com\/#\/schema\/logo\/image\/","url":"https:\/\/nirigs.com\/wp-content\/uploads\/2025\/04\/Design-sans-titre-27.png","contentUrl":"https:\/\/nirigs.com\/wp-content\/uploads\/2025\/04\/Design-sans-titre-27.png","width":500,"height":500,"caption":"Nirigs"},"image":{"@id":"https:\/\/nirigs.com\/#\/schema\/logo\/image\/"}}]}},"brands":[{"id":1091,"name":"Garnier","slug":"garnier"}],"_links":{"self":[{"href":"https:\/\/nirigs.com\/en\/wp-json\/wp\/v2\/product\/22216","targetHints":{"allow":["GET"]}}],"collection":[{"href":"https:\/\/nirigs.com\/en\/wp-json\/wp\/v2\/product"}],"about":[{"href":"https:\/\/nirigs.com\/en\/wp-json\/wp\/v2\/types\/product"}],"replies":[{"embeddable":true,"href":"https:\/\/nirigs.com\/en\/wp-json\/wp\/v2\/comments?post=22216"}],"version-history":[{"count":7,"href":"https:\/\/nirigs.com\/en\/wp-json\/wp\/v2\/product\/22216\/revisions"}],"predecessor-version":[{"id":26971,"href":"https:\/\/nirigs.com\/en\/wp-json\/wp\/v2\/product\/22216\/revisions\/26971"}],"wp:featuredmedia":[{"embeddable":true,"href":"https:\/\/nirigs.com\/en\/wp-json\/wp\/v2\/media\/22217"}],"wp:attachment":[{"href":"https:\/\/nirigs.com\/en\/wp-json\/wp\/v2\/media?parent=22216"}],"wp:term":[{"taxonomy":"pwb-brand","embeddable":true,"href":"https:\/\/nirigs.com\/en\/wp-json\/wp\/v2\/pwb-brand?post=22216"},{"taxonomy":"product_brand","embeddable":true,"href":"https:\/\/nirigs.com\/en\/wp-json\/wp\/v2\/product_brand?post=22216"},{"taxonomy":"product_cat","embeddable":true,"href":"https:\/\/nirigs.com\/en\/wp-json\/wp\/v2\/product_cat?post=22216"},{"taxonomy":"product_tag","embeddable":true,"href":"https:\/\/nirigs.com\/en\/wp-json\/wp\/v2\/product_tag?post=22216"}],"curies":[{"name":"wp","href":"https:\/\/api.w.org\/{rel}","templated":true}]}}