{"id":22212,"date":"2024-10-02T18:09:52","date_gmt":"2024-10-02T15:09:52","guid":{"rendered":"https:\/\/nirigs.com\/?post_type=product&#038;p=22212"},"modified":"2025-03-13T17:59:16","modified_gmt":"2025-03-13T14:59:16","slug":"garnier-ultra-doux-shampooing-assouplissant-lait-de-coco-300-ml","status":"publish","type":"product","link":"https:\/\/nirigs.com\/en\/product\/garnier-ultra-doux-shampooing-assouplissant-lait-de-coco-300-ml\/","title":{"rendered":"Garnier &#8211; Ultra Doux Shampooing Assouplissant lait de coco &#8211; 300 ml"},"content":{"rendered":"<p>CR\u00c8ME DE COCO ET MACADAMIA POUR LES CHEVEUX NORMAUX \u00c0 SECS Garnier Ultra Doux cr\u00e9e sa recette de nutrition, sp\u00e9cialement con\u00e7ue pour nourrir et assouplir les cheveux normaux \u00e0 secs sans les alourdir.<\/p>\n<p>Elle associe deux ingr\u00e9dients nourrissants :<\/p>\n<p>\u2022 La Cr\u00e8me de Coco, m\u00e9lange onctueux d&rsquo;Huile et de Lait de Coco pour nourrir et assouplir intens\u00e9ment.<\/p>\n<p>\u2022 La Noix de Macadamia, aux vertues nutritives exceptionnelles, offrant souplesse et douceur aux cheveux. R\u00e9sultat : intens\u00e9ment nourris, vos cheveux sont plus souples, brillants, doux au toucher et rayonnent de beaut\u00e9. Sa texture cr\u00e9meuse au parfum gourmand enveloppe g\u00e9n\u00e9reusement les cheveux de soin.<\/p>\n<h4>Use<\/h4>\n<ul>\n<li>Apply to wet hair.<\/li>\n<li>Massage thoroughly over entire scalp.<\/li>\n<li>Rinse off.<\/li>\n<\/ul>\n<h4>Ingredients<\/h4>\n<p>AQUA \/ WATER \u2022 SODIUM LAURETH SULFATE \u2022 COCO-BETAINE \u2022 GLYCERIN \u2022 GLYCOL DISTEARATE \u2022 SODIUM CHLORIDE \u2022 PARFUM \/ FRAGRANCE \u2022 MACADAMIA INTEGRIFOLIA SEED OIL \u2022 COCOS NUCIFERA OIL \/ COCONUT OIL \u2022 CARBOMER \u2022 PPG-5-CETETH-20 \u2022 SODIUM HYDROXIDE \u2022 CITRIC ACID \u2022 POLYQUATERNIUM-10 \u2022 SODIUM BENZOATE \u2022 LINALOOL \u2022 LIMONENE \u2022 BENZYL ALCOHOL \u2022 BENZYL SALICYLATE (F.I.L. Z290484\/1).<\/p>","protected":false},"excerpt":{"rendered":"<p>CR\u00c8ME DE COCO ET MACADAMIA POUR LES CHEVEUX NORMAUX \u00c0 SECS Garnier Ultra Doux cr\u00e9e sa recette de nutrition, sp\u00e9cialement<\/p>","protected":false},"featured_media":22213,"comment_status":"open","ping_status":"closed","template":"","meta":[],"pwb-brand":[1091],"product_brand":[],"product_cat":[267,1022,1026,1024],"product_tag":[],"class_list":{"0":"post-22212","1":"product","2":"type-product","3":"status-publish","4":"has-post-thumbnail","6":"pwb-brand-garnier","7":"product_cat-beaute-et-soins","8":"product_cat-coiffures-et-soins-des-cheveux","9":"product_cat-shampooings","10":"product_cat-soins-des-cheveux","12":"first","13":"instock","14":"shipping-taxable","15":"purchasable","16":"product-type-simple"},"yoast_head":"<!-- This site is optimized with the Yoast SEO plugin v27.5 - https:\/\/yoast.com\/product\/yoast-seo-wordpress\/ -->\n<title>Garnier - Ultra Doux Shampooing Assouplissant lait de coco - 300 ml - NIRIGS<\/title>\n<meta name=\"robots\" content=\"index, follow, max-snippet:-1, max-image-preview:large, max-video-preview:-1\" \/>\n<link rel=\"canonical\" href=\"https:\/\/nirigs.com\/en\/product\/garnier-ultra-doux-shampooing-assouplissant-lait-de-coco-300-ml\/\" \/>\n<meta property=\"og:locale\" content=\"en_US\" \/>\n<meta property=\"og:type\" content=\"article\" \/>\n<meta property=\"og:title\" content=\"Garnier - Ultra Doux Shampooing Assouplissant lait de coco - 300 ml - NIRIGS\" \/>\n<meta property=\"og:description\" content=\"CR\u00c8ME DE COCO ET MACADAMIA POUR LES CHEVEUX NORMAUX \u00c0 SECS Garnier Ultra Doux cr\u00e9e sa recette de nutrition, sp\u00e9cialement\" \/>\n<meta property=\"og:url\" content=\"https:\/\/nirigs.com\/en\/product\/garnier-ultra-doux-shampooing-assouplissant-lait-de-coco-300-ml\/\" \/>\n<meta property=\"og:site_name\" content=\"NIRIGS\" \/>\n<meta property=\"article:modified_time\" content=\"2025-03-13T14:59:16+00:00\" \/>\n<meta property=\"og:image\" content=\"https:\/\/nirigs.com\/wp-content\/uploads\/2024\/09\/Garnier-Ultra-Doux-Shampooing-Assouplissant-lait-de-coco-300-ml.jpg\" \/>\n\t<meta property=\"og:image:width\" content=\"1000\" \/>\n\t<meta property=\"og:image:height\" content=\"1000\" \/>\n\t<meta property=\"og:image:type\" content=\"image\/jpeg\" \/>\n<meta name=\"twitter:card\" content=\"summary_large_image\" \/>\n<meta name=\"twitter:label1\" content=\"Est. reading time\" \/>\n\t<meta name=\"twitter:data1\" content=\"1 minute\" \/>\n<script type=\"application\/ld+json\" class=\"yoast-schema-graph\">{\"@context\":\"https:\\\/\\\/schema.org\",\"@graph\":[{\"@type\":\"WebPage\",\"@id\":\"https:\\\/\\\/nirigs.com\\\/product\\\/garnier-ultra-doux-shampooing-assouplissant-lait-de-coco-300-ml\\\/\",\"url\":\"https:\\\/\\\/nirigs.com\\\/product\\\/garnier-ultra-doux-shampooing-assouplissant-lait-de-coco-300-ml\\\/\",\"name\":\"Garnier - Ultra Doux Shampooing Assouplissant lait de coco - 300 ml - NIRIGS\",\"isPartOf\":{\"@id\":\"https:\\\/\\\/nirigs.com\\\/#website\"},\"primaryImageOfPage\":{\"@id\":\"https:\\\/\\\/nirigs.com\\\/product\\\/garnier-ultra-doux-shampooing-assouplissant-lait-de-coco-300-ml\\\/#primaryimage\"},\"image\":{\"@id\":\"https:\\\/\\\/nirigs.com\\\/product\\\/garnier-ultra-doux-shampooing-assouplissant-lait-de-coco-300-ml\\\/#primaryimage\"},\"thumbnailUrl\":\"https:\\\/\\\/nirigs.com\\\/wp-content\\\/uploads\\\/2024\\\/09\\\/Garnier-Ultra-Doux-Shampooing-Assouplissant-lait-de-coco-300-ml.jpg\",\"datePublished\":\"2024-10-02T15:09:52+00:00\",\"dateModified\":\"2025-03-13T14:59:16+00:00\",\"breadcrumb\":{\"@id\":\"https:\\\/\\\/nirigs.com\\\/product\\\/garnier-ultra-doux-shampooing-assouplissant-lait-de-coco-300-ml\\\/#breadcrumb\"},\"inLanguage\":\"en-US\",\"potentialAction\":[{\"@type\":\"ReadAction\",\"target\":[\"https:\\\/\\\/nirigs.com\\\/product\\\/garnier-ultra-doux-shampooing-assouplissant-lait-de-coco-300-ml\\\/\"]}]},{\"@type\":\"ImageObject\",\"inLanguage\":\"en-US\",\"@id\":\"https:\\\/\\\/nirigs.com\\\/product\\\/garnier-ultra-doux-shampooing-assouplissant-lait-de-coco-300-ml\\\/#primaryimage\",\"url\":\"https:\\\/\\\/nirigs.com\\\/wp-content\\\/uploads\\\/2024\\\/09\\\/Garnier-Ultra-Doux-Shampooing-Assouplissant-lait-de-coco-300-ml.jpg\",\"contentUrl\":\"https:\\\/\\\/nirigs.com\\\/wp-content\\\/uploads\\\/2024\\\/09\\\/Garnier-Ultra-Doux-Shampooing-Assouplissant-lait-de-coco-300-ml.jpg\",\"width\":1000,\"height\":1000},{\"@type\":\"BreadcrumbList\",\"@id\":\"https:\\\/\\\/nirigs.com\\\/product\\\/garnier-ultra-doux-shampooing-assouplissant-lait-de-coco-300-ml\\\/#breadcrumb\",\"itemListElement\":[{\"@type\":\"ListItem\",\"position\":1,\"name\":\"Home\",\"item\":\"https:\\\/\\\/nirigs.com\\\/\"},{\"@type\":\"ListItem\",\"position\":2,\"name\":\"Parcourir\",\"item\":\"https:\\\/\\\/nirigs.com\\\/boutique\\\/\"},{\"@type\":\"ListItem\",\"position\":3,\"name\":\"Garnier &#8211; Ultra Doux Shampooing Assouplissant lait de coco &#8211; 300 ml\"}]},{\"@type\":\"WebSite\",\"@id\":\"https:\\\/\\\/nirigs.com\\\/#website\",\"url\":\"https:\\\/\\\/nirigs.com\\\/\",\"name\":\"Nirigs.com\",\"description\":\"Simplifiez vos achats du quotidien \u00e0 Djibouti\",\"publisher\":{\"@id\":\"https:\\\/\\\/nirigs.com\\\/#organization\"},\"potentialAction\":[{\"@type\":\"SearchAction\",\"target\":{\"@type\":\"EntryPoint\",\"urlTemplate\":\"https:\\\/\\\/nirigs.com\\\/?s={search_term_string}\"},\"query-input\":{\"@type\":\"PropertyValueSpecification\",\"valueRequired\":true,\"valueName\":\"search_term_string\"}}],\"inLanguage\":\"en-US\"},{\"@type\":\"Organization\",\"@id\":\"https:\\\/\\\/nirigs.com\\\/#organization\",\"name\":\"Nirigs\",\"url\":\"https:\\\/\\\/nirigs.com\\\/\",\"logo\":{\"@type\":\"ImageObject\",\"inLanguage\":\"en-US\",\"@id\":\"https:\\\/\\\/nirigs.com\\\/#\\\/schema\\\/logo\\\/image\\\/\",\"url\":\"https:\\\/\\\/nirigs.com\\\/wp-content\\\/uploads\\\/2025\\\/04\\\/Design-sans-titre-27.png\",\"contentUrl\":\"https:\\\/\\\/nirigs.com\\\/wp-content\\\/uploads\\\/2025\\\/04\\\/Design-sans-titre-27.png\",\"width\":500,\"height\":500,\"caption\":\"Nirigs\"},\"image\":{\"@id\":\"https:\\\/\\\/nirigs.com\\\/#\\\/schema\\\/logo\\\/image\\\/\"}}]}<\/script>\n<!-- \/ Yoast SEO plugin. -->","yoast_head_json":{"title":"Garnier - Ultra Doux Shampooing Assouplissant lait de coco - 300 ml - NIRIGS","robots":{"index":"index","follow":"follow","max-snippet":"max-snippet:-1","max-image-preview":"max-image-preview:large","max-video-preview":"max-video-preview:-1"},"canonical":"https:\/\/nirigs.com\/en\/product\/garnier-ultra-doux-shampooing-assouplissant-lait-de-coco-300-ml\/","og_locale":"en_US","og_type":"article","og_title":"Garnier - Ultra Doux Shampooing Assouplissant lait de coco - 300 ml - NIRIGS","og_description":"CR\u00c8ME DE COCO ET MACADAMIA POUR LES CHEVEUX NORMAUX \u00c0 SECS Garnier Ultra Doux cr\u00e9e sa recette de nutrition, sp\u00e9cialement","og_url":"https:\/\/nirigs.com\/en\/product\/garnier-ultra-doux-shampooing-assouplissant-lait-de-coco-300-ml\/","og_site_name":"NIRIGS","article_modified_time":"2025-03-13T14:59:16+00:00","og_image":[{"width":1000,"height":1000,"url":"https:\/\/nirigs.com\/wp-content\/uploads\/2024\/09\/Garnier-Ultra-Doux-Shampooing-Assouplissant-lait-de-coco-300-ml.jpg","type":"image\/jpeg"}],"twitter_card":"summary_large_image","twitter_misc":{"Est. reading time":"1 minute"},"schema":{"@context":"https:\/\/schema.org","@graph":[{"@type":"WebPage","@id":"https:\/\/nirigs.com\/product\/garnier-ultra-doux-shampooing-assouplissant-lait-de-coco-300-ml\/","url":"https:\/\/nirigs.com\/product\/garnier-ultra-doux-shampooing-assouplissant-lait-de-coco-300-ml\/","name":"Garnier - Ultra Doux Shampooing Assouplissant lait de coco - 300 ml - NIRIGS","isPartOf":{"@id":"https:\/\/nirigs.com\/#website"},"primaryImageOfPage":{"@id":"https:\/\/nirigs.com\/product\/garnier-ultra-doux-shampooing-assouplissant-lait-de-coco-300-ml\/#primaryimage"},"image":{"@id":"https:\/\/nirigs.com\/product\/garnier-ultra-doux-shampooing-assouplissant-lait-de-coco-300-ml\/#primaryimage"},"thumbnailUrl":"https:\/\/nirigs.com\/wp-content\/uploads\/2024\/09\/Garnier-Ultra-Doux-Shampooing-Assouplissant-lait-de-coco-300-ml.jpg","datePublished":"2024-10-02T15:09:52+00:00","dateModified":"2025-03-13T14:59:16+00:00","breadcrumb":{"@id":"https:\/\/nirigs.com\/product\/garnier-ultra-doux-shampooing-assouplissant-lait-de-coco-300-ml\/#breadcrumb"},"inLanguage":"en-US","potentialAction":[{"@type":"ReadAction","target":["https:\/\/nirigs.com\/product\/garnier-ultra-doux-shampooing-assouplissant-lait-de-coco-300-ml\/"]}]},{"@type":"ImageObject","inLanguage":"en-US","@id":"https:\/\/nirigs.com\/product\/garnier-ultra-doux-shampooing-assouplissant-lait-de-coco-300-ml\/#primaryimage","url":"https:\/\/nirigs.com\/wp-content\/uploads\/2024\/09\/Garnier-Ultra-Doux-Shampooing-Assouplissant-lait-de-coco-300-ml.jpg","contentUrl":"https:\/\/nirigs.com\/wp-content\/uploads\/2024\/09\/Garnier-Ultra-Doux-Shampooing-Assouplissant-lait-de-coco-300-ml.jpg","width":1000,"height":1000},{"@type":"BreadcrumbList","@id":"https:\/\/nirigs.com\/product\/garnier-ultra-doux-shampooing-assouplissant-lait-de-coco-300-ml\/#breadcrumb","itemListElement":[{"@type":"ListItem","position":1,"name":"Home","item":"https:\/\/nirigs.com\/"},{"@type":"ListItem","position":2,"name":"Parcourir","item":"https:\/\/nirigs.com\/boutique\/"},{"@type":"ListItem","position":3,"name":"Garnier &#8211; Ultra Doux Shampooing Assouplissant lait de coco &#8211; 300 ml"}]},{"@type":"WebSite","@id":"https:\/\/nirigs.com\/#website","url":"https:\/\/nirigs.com\/","name":"Nirigs.com","description":"Simplifiez vos achats du quotidien \u00e0 Djibouti","publisher":{"@id":"https:\/\/nirigs.com\/#organization"},"potentialAction":[{"@type":"SearchAction","target":{"@type":"EntryPoint","urlTemplate":"https:\/\/nirigs.com\/?s={search_term_string}"},"query-input":{"@type":"PropertyValueSpecification","valueRequired":true,"valueName":"search_term_string"}}],"inLanguage":"en-US"},{"@type":"Organization","@id":"https:\/\/nirigs.com\/#organization","name":"Nirigs","url":"https:\/\/nirigs.com\/","logo":{"@type":"ImageObject","inLanguage":"en-US","@id":"https:\/\/nirigs.com\/#\/schema\/logo\/image\/","url":"https:\/\/nirigs.com\/wp-content\/uploads\/2025\/04\/Design-sans-titre-27.png","contentUrl":"https:\/\/nirigs.com\/wp-content\/uploads\/2025\/04\/Design-sans-titre-27.png","width":500,"height":500,"caption":"Nirigs"},"image":{"@id":"https:\/\/nirigs.com\/#\/schema\/logo\/image\/"}}]}},"brands":[{"id":1091,"name":"Garnier","slug":"garnier"}],"_links":{"self":[{"href":"https:\/\/nirigs.com\/en\/wp-json\/wp\/v2\/product\/22212","targetHints":{"allow":["GET"]}}],"collection":[{"href":"https:\/\/nirigs.com\/en\/wp-json\/wp\/v2\/product"}],"about":[{"href":"https:\/\/nirigs.com\/en\/wp-json\/wp\/v2\/types\/product"}],"replies":[{"embeddable":true,"href":"https:\/\/nirigs.com\/en\/wp-json\/wp\/v2\/comments?post=22212"}],"version-history":[{"count":5,"href":"https:\/\/nirigs.com\/en\/wp-json\/wp\/v2\/product\/22212\/revisions"}],"predecessor-version":[{"id":24885,"href":"https:\/\/nirigs.com\/en\/wp-json\/wp\/v2\/product\/22212\/revisions\/24885"}],"wp:featuredmedia":[{"embeddable":true,"href":"https:\/\/nirigs.com\/en\/wp-json\/wp\/v2\/media\/22213"}],"wp:attachment":[{"href":"https:\/\/nirigs.com\/en\/wp-json\/wp\/v2\/media?parent=22212"}],"wp:term":[{"taxonomy":"pwb-brand","embeddable":true,"href":"https:\/\/nirigs.com\/en\/wp-json\/wp\/v2\/pwb-brand?post=22212"},{"taxonomy":"product_brand","embeddable":true,"href":"https:\/\/nirigs.com\/en\/wp-json\/wp\/v2\/product_brand?post=22212"},{"taxonomy":"product_cat","embeddable":true,"href":"https:\/\/nirigs.com\/en\/wp-json\/wp\/v2\/product_cat?post=22212"},{"taxonomy":"product_tag","embeddable":true,"href":"https:\/\/nirigs.com\/en\/wp-json\/wp\/v2\/product_tag?post=22212"}],"curies":[{"name":"wp","href":"https:\/\/api.w.org\/{rel}","templated":true}]}}