{"id":22195,"date":"2024-10-02T18:06:12","date_gmt":"2024-10-02T15:06:12","guid":{"rendered":"https:\/\/nirigs.com\/?post_type=product&#038;p=22195"},"modified":"2025-03-13T17:59:39","modified_gmt":"2025-03-13T14:59:39","slug":"garnier-ultra-doux-infusion-deau-de-riz-et-conditionneur-damidon-200-ml","status":"publish","type":"product","link":"https:\/\/nirigs.com\/en\/product\/garnier-ultra-doux-infusion-deau-de-riz-et-conditionneur-damidon-200-ml\/","title":{"rendered":"Garnier - Ultra Gentle Rice water infusion and starch conditioner - 200 ml"},"content":{"rendered":"<p>Plus les cheveux sont longs, plus ils deviennent r\u00eaches et ternes. Notre nouveau Garnier Ultra Doux pour cheveux longs, enrichi d&rsquo;eau de riz et d&rsquo;amidon, retient et fixe l&rsquo;hydratation pour repulper instantan\u00e9ment les cheveux. Repulp\u00e9e \u00e0 l&rsquo;int\u00e9rieur, la fibre est liss\u00e9e \u00e0 l&rsquo;ext\u00e9rieur : les cuticules sont scell\u00e9es et refl\u00e8tent parfaitement la lumi\u00e8re.<\/p>\n<p>R\u00e9sultat :<\/p>\n<ul>\n<li>Lissage et 72h de brillance.<\/li>\n<li>97% d&rsquo;ingr\u00e9dients d&rsquo;origine naturelle.<\/li>\n<li>Sans silicone, facile \u00e0 doser et \u00e0 fondre sur les cheveux.<\/li>\n<li>Il est renforc\u00e9 par des actifs d&rsquo;origine v\u00e9g\u00e9tale.<\/li>\n<li>Aide au d\u00e9m\u00ealage des cheveux longs.<\/li>\n<\/ul>\n<h4>Use<\/h4>\n<ul>\n<li>Apr\u00e8s le shampooing \u00e0 l&rsquo;infusion d&rsquo;eau de riz et \u00e0 l&rsquo;amidon.<\/li>\n<li>Appliquer sur les longueurs.<\/li>\n<li>Massez.<\/li>\n<li>Rinse off.<\/li>\n<\/ul>\n<h4>Ingredient<\/h4>\n<p><span data-iopelement=\"AQUA \/ WATER\">AQUA \/ WATER<\/span>\u00a0\u2022\u00a0<span data-iopelement=\"CETEARYL ALCOHOL\">CETEARYL ALCOHOL<\/span>\u00a0\u2022\u00a0<span data-iopelement=\"GLYCERIN\">GLYCERIN<\/span>\u00a0\u2022\u00a0<span data-iopelement=\"ISOPROPYL MYRISTATE\">ISOPROPYL MYRISTATE<\/span>\u00a0\u2022\u00a0<span data-iopelement=\"STEARAMIDOPROPYL DIMETHYLAMINE\">STEARAMIDOPROPYL DIMETHYLAMINE<\/span>\u00a0\u2022 GLYCINE SOJA OIL \/ SOYBEAN OIL \u2022 HELIANTHUS ANNUUS SEED OIL \/ SUNFLOWER SEED OIL \u2022 SACCHAROMYCES\/RICE FERMENT FILTRATE \u2022\u00a0<span data-iopelement=\"COCO-CAPRYLATE\/CAPRATE\">COCO-CAPRYLATE\/CAPRATE<\/span>\u00a0\u2022\u00a0<span data-iopelement=\"HYDROGENATED STARCH HYDROLYSATE\">HYDROGENATED STARCH HYDROLYSATE<\/span>\u00a0\u2022\u00a0<span data-iopelement=\"HYDROXYPROPYL GUAR HYDROXYPROPYLTRIMONIUM CHLORIDE\">HYDROXYPROPYL GUAR HYDROXYPROPYLTRIMONIUM CHLORIDE<\/span>\u00a0\u2022\u00a0<span data-iopelement=\"CAPRYLYL GLYCOL\">CAPRYLYL GLYCOL<\/span>\u00a0\u2022\u00a0<span data-iopelement=\"PENTYLENE GLYCOL\">PENTYLENE GLYCOL<\/span>\u00a0\u2022\u00a0<span data-iopelement=\"TARTARIC ACID\">TARTARIC ACID<\/span>\u00a0\u2022\u00a0<span data-iopelement=\"CETYL ESTERS\">CETYL ESTERS<\/span>\u00a0\u2022\u00a0<span data-iopelement=\"BENZOIC ACID\">BENZOIC ACID<\/span>\u00a0\u2022\u00a0<span data-iopelement=\"LINALOOL\">LINALOOL<\/span>\u00a0\u2022 PARFUM \/ FRAGRANCE (F.I.L. Z70037386\/1).<\/p>\n<p>&nbsp;<\/p>","protected":false},"excerpt":{"rendered":"<p>Plus les cheveux sont longs, plus ils deviennent r\u00eaches et ternes. Notre nouveau Garnier Ultra Doux pour cheveux longs, enrichi<\/p>","protected":false},"featured_media":22670,"comment_status":"open","ping_status":"closed","template":"","meta":[],"pwb-brand":[1091],"product_brand":[],"product_cat":[1025,267,1022,1024],"product_tag":[],"class_list":{"0":"post-22195","1":"product","2":"type-product","3":"status-publish","4":"has-post-thumbnail","6":"pwb-brand-garnier","7":"product_cat-apres-shampooings","8":"product_cat-beaute-et-soins","9":"product_cat-coiffures-et-soins-des-cheveux","10":"product_cat-soins-des-cheveux","12":"first","13":"instock","14":"shipping-taxable","15":"purchasable","16":"product-type-simple"},"yoast_head":"<!-- This site is optimized with the Yoast SEO plugin v27.1.1 - https:\/\/yoast.com\/product\/yoast-seo-wordpress\/ -->\n<title>Garnier - Ultra Doux Infusion d&#039;eau de riz et conditionneur d&#039;amidon - 200 ml - NIRIGS<\/title>\n<meta name=\"robots\" content=\"index, follow, max-snippet:-1, max-image-preview:large, max-video-preview:-1\" \/>\n<link rel=\"canonical\" href=\"https:\/\/nirigs.com\/en\/product\/garnier-ultra-doux-infusion-deau-de-riz-et-conditionneur-damidon-200-ml\/\" \/>\n<meta property=\"og:locale\" content=\"en_US\" \/>\n<meta property=\"og:type\" content=\"article\" \/>\n<meta property=\"og:title\" content=\"Garnier - Ultra Doux Infusion d&#039;eau de riz et conditionneur d&#039;amidon - 200 ml - NIRIGS\" \/>\n<meta property=\"og:description\" content=\"Plus les cheveux sont longs, plus ils deviennent r\u00eaches et ternes. Notre nouveau Garnier Ultra Doux pour cheveux longs, enrichi\" \/>\n<meta property=\"og:url\" content=\"https:\/\/nirigs.com\/en\/product\/garnier-ultra-doux-infusion-deau-de-riz-et-conditionneur-damidon-200-ml\/\" \/>\n<meta property=\"og:site_name\" content=\"NIRIGS\" \/>\n<meta property=\"article:modified_time\" content=\"2025-03-13T14:59:39+00:00\" \/>\n<meta property=\"og:image\" content=\"https:\/\/nirigs.com\/wp-content\/uploads\/2024\/09\/Garnier-Ultra-Doux-Infusion-deau-de-riz-et-conditionneur-damidon-200-ml.jpg\" \/>\n\t<meta property=\"og:image:width\" content=\"1000\" \/>\n\t<meta property=\"og:image:height\" content=\"1000\" \/>\n\t<meta property=\"og:image:type\" content=\"image\/jpeg\" \/>\n<meta name=\"twitter:card\" content=\"summary_large_image\" \/>\n<meta name=\"twitter:label1\" content=\"Est. reading time\" \/>\n\t<meta name=\"twitter:data1\" content=\"1 minute\" \/>\n<script type=\"application\/ld+json\" class=\"yoast-schema-graph\">{\"@context\":\"https:\/\/schema.org\",\"@graph\":[{\"@type\":\"WebPage\",\"@id\":\"https:\/\/nirigs.com\/product\/garnier-ultra-doux-infusion-deau-de-riz-et-conditionneur-damidon-200-ml\/\",\"url\":\"https:\/\/nirigs.com\/product\/garnier-ultra-doux-infusion-deau-de-riz-et-conditionneur-damidon-200-ml\/\",\"name\":\"Garnier - Ultra Doux Infusion d'eau de riz et conditionneur d'amidon - 200 ml - NIRIGS\",\"isPartOf\":{\"@id\":\"https:\/\/nirigs.com\/#website\"},\"primaryImageOfPage\":{\"@id\":\"https:\/\/nirigs.com\/product\/garnier-ultra-doux-infusion-deau-de-riz-et-conditionneur-damidon-200-ml\/#primaryimage\"},\"image\":{\"@id\":\"https:\/\/nirigs.com\/product\/garnier-ultra-doux-infusion-deau-de-riz-et-conditionneur-damidon-200-ml\/#primaryimage\"},\"thumbnailUrl\":\"https:\/\/nirigs.com\/wp-content\/uploads\/2024\/09\/Garnier-Ultra-Doux-Infusion-deau-de-riz-et-conditionneur-damidon-200-ml.jpg\",\"datePublished\":\"2024-10-02T15:06:12+00:00\",\"dateModified\":\"2025-03-13T14:59:39+00:00\",\"breadcrumb\":{\"@id\":\"https:\/\/nirigs.com\/product\/garnier-ultra-doux-infusion-deau-de-riz-et-conditionneur-damidon-200-ml\/#breadcrumb\"},\"inLanguage\":\"en-US\",\"potentialAction\":[{\"@type\":\"ReadAction\",\"target\":[\"https:\/\/nirigs.com\/product\/garnier-ultra-doux-infusion-deau-de-riz-et-conditionneur-damidon-200-ml\/\"]}]},{\"@type\":\"ImageObject\",\"inLanguage\":\"en-US\",\"@id\":\"https:\/\/nirigs.com\/product\/garnier-ultra-doux-infusion-deau-de-riz-et-conditionneur-damidon-200-ml\/#primaryimage\",\"url\":\"https:\/\/nirigs.com\/wp-content\/uploads\/2024\/09\/Garnier-Ultra-Doux-Infusion-deau-de-riz-et-conditionneur-damidon-200-ml.jpg\",\"contentUrl\":\"https:\/\/nirigs.com\/wp-content\/uploads\/2024\/09\/Garnier-Ultra-Doux-Infusion-deau-de-riz-et-conditionneur-damidon-200-ml.jpg\",\"width\":1000,\"height\":1000},{\"@type\":\"BreadcrumbList\",\"@id\":\"https:\/\/nirigs.com\/product\/garnier-ultra-doux-infusion-deau-de-riz-et-conditionneur-damidon-200-ml\/#breadcrumb\",\"itemListElement\":[{\"@type\":\"ListItem\",\"position\":1,\"name\":\"Home\",\"item\":\"https:\/\/nirigs.com\/\"},{\"@type\":\"ListItem\",\"position\":2,\"name\":\"Parcourir\",\"item\":\"https:\/\/nirigs.com\/boutique\/\"},{\"@type\":\"ListItem\",\"position\":3,\"name\":\"Garnier &#8211; Ultra Doux Infusion d&rsquo;eau de riz et conditionneur d&rsquo;amidon &#8211; 200 ml\"}]},{\"@type\":\"WebSite\",\"@id\":\"https:\/\/nirigs.com\/#website\",\"url\":\"https:\/\/nirigs.com\/\",\"name\":\"Nirigs.com\",\"description\":\"Simplifiez vos achats du quotidien \u00e0 Djibouti\",\"publisher\":{\"@id\":\"https:\/\/nirigs.com\/#organization\"},\"potentialAction\":[{\"@type\":\"SearchAction\",\"target\":{\"@type\":\"EntryPoint\",\"urlTemplate\":\"https:\/\/nirigs.com\/?s={search_term_string}\"},\"query-input\":{\"@type\":\"PropertyValueSpecification\",\"valueRequired\":true,\"valueName\":\"search_term_string\"}}],\"inLanguage\":\"en-US\"},{\"@type\":\"Organization\",\"@id\":\"https:\/\/nirigs.com\/#organization\",\"name\":\"Nirigs\",\"url\":\"https:\/\/nirigs.com\/\",\"logo\":{\"@type\":\"ImageObject\",\"inLanguage\":\"en-US\",\"@id\":\"https:\/\/nirigs.com\/#\/schema\/logo\/image\/\",\"url\":\"https:\/\/nirigs.com\/wp-content\/uploads\/2025\/04\/Design-sans-titre-27.png\",\"contentUrl\":\"https:\/\/nirigs.com\/wp-content\/uploads\/2025\/04\/Design-sans-titre-27.png\",\"width\":500,\"height\":500,\"caption\":\"Nirigs\"},\"image\":{\"@id\":\"https:\/\/nirigs.com\/#\/schema\/logo\/image\/\"}}]}<\/script>\n<!-- \/ Yoast SEO plugin. -->","yoast_head_json":{"title":"Garnier - Ultra Doux Infusion d'eau de riz et conditionneur d'amidon - 200 ml - NIRIGS","robots":{"index":"index","follow":"follow","max-snippet":"max-snippet:-1","max-image-preview":"max-image-preview:large","max-video-preview":"max-video-preview:-1"},"canonical":"https:\/\/nirigs.com\/en\/product\/garnier-ultra-doux-infusion-deau-de-riz-et-conditionneur-damidon-200-ml\/","og_locale":"en_US","og_type":"article","og_title":"Garnier - Ultra Doux Infusion d'eau de riz et conditionneur d'amidon - 200 ml - NIRIGS","og_description":"Plus les cheveux sont longs, plus ils deviennent r\u00eaches et ternes. Notre nouveau Garnier Ultra Doux pour cheveux longs, enrichi","og_url":"https:\/\/nirigs.com\/en\/product\/garnier-ultra-doux-infusion-deau-de-riz-et-conditionneur-damidon-200-ml\/","og_site_name":"NIRIGS","article_modified_time":"2025-03-13T14:59:39+00:00","og_image":[{"width":1000,"height":1000,"url":"https:\/\/nirigs.com\/wp-content\/uploads\/2024\/09\/Garnier-Ultra-Doux-Infusion-deau-de-riz-et-conditionneur-damidon-200-ml.jpg","type":"image\/jpeg"}],"twitter_card":"summary_large_image","twitter_misc":{"Est. reading time":"1 minute"},"schema":{"@context":"https:\/\/schema.org","@graph":[{"@type":"WebPage","@id":"https:\/\/nirigs.com\/product\/garnier-ultra-doux-infusion-deau-de-riz-et-conditionneur-damidon-200-ml\/","url":"https:\/\/nirigs.com\/product\/garnier-ultra-doux-infusion-deau-de-riz-et-conditionneur-damidon-200-ml\/","name":"Garnier - Ultra Doux Infusion d'eau de riz et conditionneur d'amidon - 200 ml - NIRIGS","isPartOf":{"@id":"https:\/\/nirigs.com\/#website"},"primaryImageOfPage":{"@id":"https:\/\/nirigs.com\/product\/garnier-ultra-doux-infusion-deau-de-riz-et-conditionneur-damidon-200-ml\/#primaryimage"},"image":{"@id":"https:\/\/nirigs.com\/product\/garnier-ultra-doux-infusion-deau-de-riz-et-conditionneur-damidon-200-ml\/#primaryimage"},"thumbnailUrl":"https:\/\/nirigs.com\/wp-content\/uploads\/2024\/09\/Garnier-Ultra-Doux-Infusion-deau-de-riz-et-conditionneur-damidon-200-ml.jpg","datePublished":"2024-10-02T15:06:12+00:00","dateModified":"2025-03-13T14:59:39+00:00","breadcrumb":{"@id":"https:\/\/nirigs.com\/product\/garnier-ultra-doux-infusion-deau-de-riz-et-conditionneur-damidon-200-ml\/#breadcrumb"},"inLanguage":"en-US","potentialAction":[{"@type":"ReadAction","target":["https:\/\/nirigs.com\/product\/garnier-ultra-doux-infusion-deau-de-riz-et-conditionneur-damidon-200-ml\/"]}]},{"@type":"ImageObject","inLanguage":"en-US","@id":"https:\/\/nirigs.com\/product\/garnier-ultra-doux-infusion-deau-de-riz-et-conditionneur-damidon-200-ml\/#primaryimage","url":"https:\/\/nirigs.com\/wp-content\/uploads\/2024\/09\/Garnier-Ultra-Doux-Infusion-deau-de-riz-et-conditionneur-damidon-200-ml.jpg","contentUrl":"https:\/\/nirigs.com\/wp-content\/uploads\/2024\/09\/Garnier-Ultra-Doux-Infusion-deau-de-riz-et-conditionneur-damidon-200-ml.jpg","width":1000,"height":1000},{"@type":"BreadcrumbList","@id":"https:\/\/nirigs.com\/product\/garnier-ultra-doux-infusion-deau-de-riz-et-conditionneur-damidon-200-ml\/#breadcrumb","itemListElement":[{"@type":"ListItem","position":1,"name":"Home","item":"https:\/\/nirigs.com\/"},{"@type":"ListItem","position":2,"name":"Parcourir","item":"https:\/\/nirigs.com\/boutique\/"},{"@type":"ListItem","position":3,"name":"Garnier &#8211; Ultra Doux Infusion d&rsquo;eau de riz et conditionneur d&rsquo;amidon &#8211; 200 ml"}]},{"@type":"WebSite","@id":"https:\/\/nirigs.com\/#website","url":"https:\/\/nirigs.com\/","name":"Nirigs.com","description":"Simplifiez vos achats du quotidien \u00e0 Djibouti","publisher":{"@id":"https:\/\/nirigs.com\/#organization"},"potentialAction":[{"@type":"SearchAction","target":{"@type":"EntryPoint","urlTemplate":"https:\/\/nirigs.com\/?s={search_term_string}"},"query-input":{"@type":"PropertyValueSpecification","valueRequired":true,"valueName":"search_term_string"}}],"inLanguage":"en-US"},{"@type":"Organization","@id":"https:\/\/nirigs.com\/#organization","name":"Nirigs","url":"https:\/\/nirigs.com\/","logo":{"@type":"ImageObject","inLanguage":"en-US","@id":"https:\/\/nirigs.com\/#\/schema\/logo\/image\/","url":"https:\/\/nirigs.com\/wp-content\/uploads\/2025\/04\/Design-sans-titre-27.png","contentUrl":"https:\/\/nirigs.com\/wp-content\/uploads\/2025\/04\/Design-sans-titre-27.png","width":500,"height":500,"caption":"Nirigs"},"image":{"@id":"https:\/\/nirigs.com\/#\/schema\/logo\/image\/"}}]}},"brands":[{"id":1091,"name":"Garnier","slug":"garnier"}],"_links":{"self":[{"href":"https:\/\/nirigs.com\/en\/wp-json\/wp\/v2\/product\/22195","targetHints":{"allow":["GET"]}}],"collection":[{"href":"https:\/\/nirigs.com\/en\/wp-json\/wp\/v2\/product"}],"about":[{"href":"https:\/\/nirigs.com\/en\/wp-json\/wp\/v2\/types\/product"}],"replies":[{"embeddable":true,"href":"https:\/\/nirigs.com\/en\/wp-json\/wp\/v2\/comments?post=22195"}],"version-history":[{"count":7,"href":"https:\/\/nirigs.com\/en\/wp-json\/wp\/v2\/product\/22195\/revisions"}],"predecessor-version":[{"id":24894,"href":"https:\/\/nirigs.com\/en\/wp-json\/wp\/v2\/product\/22195\/revisions\/24894"}],"wp:featuredmedia":[{"embeddable":true,"href":"https:\/\/nirigs.com\/en\/wp-json\/wp\/v2\/media\/22670"}],"wp:attachment":[{"href":"https:\/\/nirigs.com\/en\/wp-json\/wp\/v2\/media?parent=22195"}],"wp:term":[{"taxonomy":"pwb-brand","embeddable":true,"href":"https:\/\/nirigs.com\/en\/wp-json\/wp\/v2\/pwb-brand?post=22195"},{"taxonomy":"product_brand","embeddable":true,"href":"https:\/\/nirigs.com\/en\/wp-json\/wp\/v2\/product_brand?post=22195"},{"taxonomy":"product_cat","embeddable":true,"href":"https:\/\/nirigs.com\/en\/wp-json\/wp\/v2\/product_cat?post=22195"},{"taxonomy":"product_tag","embeddable":true,"href":"https:\/\/nirigs.com\/en\/wp-json\/wp\/v2\/product_tag?post=22195"}],"curies":[{"name":"wp","href":"https:\/\/api.w.org\/{rel}","templated":true}]}}