{"id":22186,"date":"2024-10-02T17:40:06","date_gmt":"2024-10-02T14:40:06","guid":{"rendered":"https:\/\/nirigs.com\/?post_type=product&#038;p=22186"},"modified":"2025-04-22T11:42:14","modified_gmt":"2025-04-22T08:42:14","slug":"garnier-ultra-doux-shampooing-lissant-douceur-and-brillance-a-linfusion-deau-de-riz-cheveux-rebelles-et-indisciplines-250-ml","status":"publish","type":"product","link":"https:\/\/nirigs.com\/en\/product\/garnier-ultra-doux-shampooing-lissant-douceur-and-brillance-a-linfusion-deau-de-riz-cheveux-rebelles-et-indisciplines-250-ml\/","title":{"rendered":"Garnier &#8211; Ultra Doux &#8211; Shampooing Lissant Douceur and Brillance \u00e0 l&rsquo;Infusion d&rsquo;Eau de Riz &#8211; Cheveux Rebelles et Indisciplin\u00e9s &#8211; 250 ml"},"content":{"rendered":"<p><span class=\"a-list-item\">Enrichi en Eau de Riz &amp; en Amidon, ce rem\u00e8de retient l&rsquo;hydratation pour un cheveu repulp\u00e9 de l&rsquo;int\u00e9rieur instantan\u00e9ment. Ainsi repulp\u00e9e, la surface de la fibre est liss\u00e9e et refl\u00e8te parfaitement la lumi\u00e8re. <\/span><span class=\"a-list-item\">R\u00e9sultats : les cheveux sont lisses et ultra brillants jusqu&rsquo;\u00e0 72h.\u00a0<\/span><\/p>\n<h4>Use<\/h4>\n<p>Appliquer sur cheveux mouill\u00e9s<\/p>\n<ul>\n<li>Masser soigneusement sur l&rsquo;ensemble du cuir chevelu<\/li>\n<li>Rinse off.<\/li>\n<\/ul>\n<h4>Ingredient<\/h4>\n<p><span data-iopelement=\"AQUA \/ WATER\">AQUA \/ WATER<\/span>\u00a0\u2022\u00a0<span data-iopelement=\"AMMONIUM LAURYL SULFATE\">AMMONIUM LAURYL SULFATE<\/span>\u00a0\u2022\u00a0<span data-iopelement=\"SODIUM CHLORIDE\">SODIUM CHLORIDE<\/span>\u00a0\u2022\u00a0<span data-iopelement=\"COCAMIDOPROPYL BETAINE\">COCAMIDOPROPYL BETAINE<\/span>\u00a0\u2022\u00a0<span data-iopelement=\"SORBITOL\">SORBITOL<\/span>\u00a0\u2022 SACCHAROMYCES\/RICE FERMENT FILTRATE \u2022\u00a0<span data-iopelement=\"TRIETHYL CITRATE\">TRIETHYL CITRATE<\/span>\u00a0\u2022\u00a0<span data-iopelement=\"SODIUM HYDROXIDE\">SODIUM HYDROXIDE<\/span>\u00a0\u2022\u00a0<span data-iopelement=\"GUAR HYDROXYPROPYLTRIMONIUM CHLORIDE\">GUAR HYDROXYPROPYLTRIMONIUM CHLORIDE<\/span>\u00a0\u2022\u00a0<span data-iopelement=\"CITRIC ACID\">CITRIC ACID<\/span>\u00a0\u2022\u00a0<span data-iopelement=\"PENTYLENE GLYCOL\">PENTYLENE GLYCOL<\/span>\u00a0\u2022\u00a0<span data-iopelement=\"SODIUM BENZOATE\">SODIUM BENZOATE<\/span>\u00a0\u2022\u00a0<span data-iopelement=\"BENZOIC ACID\">BENZOIC ACID<\/span>\u00a0\u2022\u00a0<span data-iopelement=\"LINALOOL\">LINALOOL<\/span>\u00a0\u2022 PARFUM \/ FRAGRANCE (F.I.L. Z70037382\/3).<\/p>","protected":false},"excerpt":{"rendered":"<p><br data-mce-bogus=\"1\"><\/p>","protected":false},"featured_media":22190,"comment_status":"open","ping_status":"closed","template":"","meta":[],"pwb-brand":[1091],"product_brand":[],"product_cat":[267,1022,1026,1024],"product_tag":[],"class_list":{"0":"post-22186","1":"product","2":"type-product","3":"status-publish","4":"has-post-thumbnail","6":"pwb-brand-garnier","7":"product_cat-beaute-et-soins","8":"product_cat-coiffures-et-soins-des-cheveux","9":"product_cat-shampooings","10":"product_cat-soins-des-cheveux","12":"first","13":"instock","14":"shipping-taxable","15":"purchasable","16":"product-type-simple"},"yoast_head":"<!-- This site is optimized with the Yoast SEO plugin v27.1.1 - https:\/\/yoast.com\/product\/yoast-seo-wordpress\/ -->\n<title>Garnier - Ultra Doux - Shampooing Lissant Douceur and Brillance \u00e0 l&#039;Infusion d&#039;Eau de Riz - Cheveux Rebelles et Indisciplin\u00e9s - 250 ml - NIRIGS<\/title>\n<meta name=\"robots\" content=\"index, follow, max-snippet:-1, max-image-preview:large, max-video-preview:-1\" \/>\n<link rel=\"canonical\" href=\"https:\/\/nirigs.com\/en\/product\/garnier-ultra-doux-shampooing-lissant-douceur-and-brillance-a-linfusion-deau-de-riz-cheveux-rebelles-et-indisciplines-250-ml\/\" \/>\n<meta property=\"og:locale\" content=\"en_US\" \/>\n<meta property=\"og:type\" content=\"article\" \/>\n<meta property=\"og:title\" content=\"Garnier - Ultra Doux - Shampooing Lissant Douceur and Brillance \u00e0 l&#039;Infusion d&#039;Eau de Riz - Cheveux Rebelles et Indisciplin\u00e9s - 250 ml - NIRIGS\" \/>\n<meta property=\"og:url\" content=\"https:\/\/nirigs.com\/en\/product\/garnier-ultra-doux-shampooing-lissant-douceur-and-brillance-a-linfusion-deau-de-riz-cheveux-rebelles-et-indisciplines-250-ml\/\" \/>\n<meta property=\"og:site_name\" content=\"NIRIGS\" \/>\n<meta property=\"article:modified_time\" content=\"2025-04-22T08:42:14+00:00\" \/>\n<meta property=\"og:image\" content=\"https:\/\/nirigs.com\/wp-content\/uploads\/2024\/09\/Garnier-Ultra-Doux-Shampooing-Lissant-Douceur-Brillance-a-lInfusion-dEau-de-Riz-Cheveux-Rebelles-et-Indisciplines-250-ml-1.jpg\" \/>\n\t<meta property=\"og:image:width\" content=\"1000\" \/>\n\t<meta property=\"og:image:height\" content=\"1000\" \/>\n\t<meta property=\"og:image:type\" content=\"image\/jpeg\" \/>\n<meta name=\"twitter:card\" content=\"summary_large_image\" \/>\n<script type=\"application\/ld+json\" class=\"yoast-schema-graph\">{\"@context\":\"https:\/\/schema.org\",\"@graph\":[{\"@type\":\"WebPage\",\"@id\":\"https:\/\/nirigs.com\/product\/garnier-ultra-doux-shampooing-lissant-douceur-and-brillance-a-linfusion-deau-de-riz-cheveux-rebelles-et-indisciplines-250-ml\/\",\"url\":\"https:\/\/nirigs.com\/product\/garnier-ultra-doux-shampooing-lissant-douceur-and-brillance-a-linfusion-deau-de-riz-cheveux-rebelles-et-indisciplines-250-ml\/\",\"name\":\"Garnier - Ultra Doux - Shampooing Lissant Douceur and Brillance \u00e0 l'Infusion d'Eau de Riz - Cheveux Rebelles et Indisciplin\u00e9s - 250 ml - NIRIGS\",\"isPartOf\":{\"@id\":\"https:\/\/nirigs.com\/#website\"},\"primaryImageOfPage\":{\"@id\":\"https:\/\/nirigs.com\/product\/garnier-ultra-doux-shampooing-lissant-douceur-and-brillance-a-linfusion-deau-de-riz-cheveux-rebelles-et-indisciplines-250-ml\/#primaryimage\"},\"image\":{\"@id\":\"https:\/\/nirigs.com\/product\/garnier-ultra-doux-shampooing-lissant-douceur-and-brillance-a-linfusion-deau-de-riz-cheveux-rebelles-et-indisciplines-250-ml\/#primaryimage\"},\"thumbnailUrl\":\"https:\/\/nirigs.com\/wp-content\/uploads\/2024\/09\/Garnier-Ultra-Doux-Shampooing-Lissant-Douceur-Brillance-a-lInfusion-dEau-de-Riz-Cheveux-Rebelles-et-Indisciplines-250-ml-1.jpg\",\"datePublished\":\"2024-10-02T14:40:06+00:00\",\"dateModified\":\"2025-04-22T08:42:14+00:00\",\"breadcrumb\":{\"@id\":\"https:\/\/nirigs.com\/product\/garnier-ultra-doux-shampooing-lissant-douceur-and-brillance-a-linfusion-deau-de-riz-cheveux-rebelles-et-indisciplines-250-ml\/#breadcrumb\"},\"inLanguage\":\"en-US\",\"potentialAction\":[{\"@type\":\"ReadAction\",\"target\":[\"https:\/\/nirigs.com\/product\/garnier-ultra-doux-shampooing-lissant-douceur-and-brillance-a-linfusion-deau-de-riz-cheveux-rebelles-et-indisciplines-250-ml\/\"]}]},{\"@type\":\"ImageObject\",\"inLanguage\":\"en-US\",\"@id\":\"https:\/\/nirigs.com\/product\/garnier-ultra-doux-shampooing-lissant-douceur-and-brillance-a-linfusion-deau-de-riz-cheveux-rebelles-et-indisciplines-250-ml\/#primaryimage\",\"url\":\"https:\/\/nirigs.com\/wp-content\/uploads\/2024\/09\/Garnier-Ultra-Doux-Shampooing-Lissant-Douceur-Brillance-a-lInfusion-dEau-de-Riz-Cheveux-Rebelles-et-Indisciplines-250-ml-1.jpg\",\"contentUrl\":\"https:\/\/nirigs.com\/wp-content\/uploads\/2024\/09\/Garnier-Ultra-Doux-Shampooing-Lissant-Douceur-Brillance-a-lInfusion-dEau-de-Riz-Cheveux-Rebelles-et-Indisciplines-250-ml-1.jpg\",\"width\":1000,\"height\":1000},{\"@type\":\"BreadcrumbList\",\"@id\":\"https:\/\/nirigs.com\/product\/garnier-ultra-doux-shampooing-lissant-douceur-and-brillance-a-linfusion-deau-de-riz-cheveux-rebelles-et-indisciplines-250-ml\/#breadcrumb\",\"itemListElement\":[{\"@type\":\"ListItem\",\"position\":1,\"name\":\"Home\",\"item\":\"https:\/\/nirigs.com\/\"},{\"@type\":\"ListItem\",\"position\":2,\"name\":\"Parcourir\",\"item\":\"https:\/\/nirigs.com\/boutique\/\"},{\"@type\":\"ListItem\",\"position\":3,\"name\":\"Garnier &#8211; Ultra Doux &#8211; Shampooing Lissant Douceur and Brillance \u00e0 l&rsquo;Infusion d&rsquo;Eau de Riz &#8211; Cheveux Rebelles et Indisciplin\u00e9s &#8211; 250 ml\"}]},{\"@type\":\"WebSite\",\"@id\":\"https:\/\/nirigs.com\/#website\",\"url\":\"https:\/\/nirigs.com\/\",\"name\":\"Nirigs.com\",\"description\":\"Simplifiez vos achats du quotidien \u00e0 Djibouti\",\"publisher\":{\"@id\":\"https:\/\/nirigs.com\/#organization\"},\"potentialAction\":[{\"@type\":\"SearchAction\",\"target\":{\"@type\":\"EntryPoint\",\"urlTemplate\":\"https:\/\/nirigs.com\/?s={search_term_string}\"},\"query-input\":{\"@type\":\"PropertyValueSpecification\",\"valueRequired\":true,\"valueName\":\"search_term_string\"}}],\"inLanguage\":\"en-US\"},{\"@type\":\"Organization\",\"@id\":\"https:\/\/nirigs.com\/#organization\",\"name\":\"Nirigs\",\"url\":\"https:\/\/nirigs.com\/\",\"logo\":{\"@type\":\"ImageObject\",\"inLanguage\":\"en-US\",\"@id\":\"https:\/\/nirigs.com\/#\/schema\/logo\/image\/\",\"url\":\"https:\/\/nirigs.com\/wp-content\/uploads\/2025\/04\/Design-sans-titre-27.png\",\"contentUrl\":\"https:\/\/nirigs.com\/wp-content\/uploads\/2025\/04\/Design-sans-titre-27.png\",\"width\":500,\"height\":500,\"caption\":\"Nirigs\"},\"image\":{\"@id\":\"https:\/\/nirigs.com\/#\/schema\/logo\/image\/\"}}]}<\/script>\n<!-- \/ Yoast SEO plugin. -->","yoast_head_json":{"title":"Garnier - Ultra Doux - Shampooing Lissant Douceur and Brillance \u00e0 l'Infusion d'Eau de Riz - Cheveux Rebelles et Indisciplin\u00e9s - 250 ml - NIRIGS","robots":{"index":"index","follow":"follow","max-snippet":"max-snippet:-1","max-image-preview":"max-image-preview:large","max-video-preview":"max-video-preview:-1"},"canonical":"https:\/\/nirigs.com\/en\/product\/garnier-ultra-doux-shampooing-lissant-douceur-and-brillance-a-linfusion-deau-de-riz-cheveux-rebelles-et-indisciplines-250-ml\/","og_locale":"en_US","og_type":"article","og_title":"Garnier - Ultra Doux - Shampooing Lissant Douceur and Brillance \u00e0 l'Infusion d'Eau de Riz - Cheveux Rebelles et Indisciplin\u00e9s - 250 ml - NIRIGS","og_url":"https:\/\/nirigs.com\/en\/product\/garnier-ultra-doux-shampooing-lissant-douceur-and-brillance-a-linfusion-deau-de-riz-cheveux-rebelles-et-indisciplines-250-ml\/","og_site_name":"NIRIGS","article_modified_time":"2025-04-22T08:42:14+00:00","og_image":[{"width":1000,"height":1000,"url":"https:\/\/nirigs.com\/wp-content\/uploads\/2024\/09\/Garnier-Ultra-Doux-Shampooing-Lissant-Douceur-Brillance-a-lInfusion-dEau-de-Riz-Cheveux-Rebelles-et-Indisciplines-250-ml-1.jpg","type":"image\/jpeg"}],"twitter_card":"summary_large_image","schema":{"@context":"https:\/\/schema.org","@graph":[{"@type":"WebPage","@id":"https:\/\/nirigs.com\/product\/garnier-ultra-doux-shampooing-lissant-douceur-and-brillance-a-linfusion-deau-de-riz-cheveux-rebelles-et-indisciplines-250-ml\/","url":"https:\/\/nirigs.com\/product\/garnier-ultra-doux-shampooing-lissant-douceur-and-brillance-a-linfusion-deau-de-riz-cheveux-rebelles-et-indisciplines-250-ml\/","name":"Garnier - Ultra Doux - Shampooing Lissant Douceur and Brillance \u00e0 l'Infusion d'Eau de Riz - Cheveux Rebelles et Indisciplin\u00e9s - 250 ml - NIRIGS","isPartOf":{"@id":"https:\/\/nirigs.com\/#website"},"primaryImageOfPage":{"@id":"https:\/\/nirigs.com\/product\/garnier-ultra-doux-shampooing-lissant-douceur-and-brillance-a-linfusion-deau-de-riz-cheveux-rebelles-et-indisciplines-250-ml\/#primaryimage"},"image":{"@id":"https:\/\/nirigs.com\/product\/garnier-ultra-doux-shampooing-lissant-douceur-and-brillance-a-linfusion-deau-de-riz-cheveux-rebelles-et-indisciplines-250-ml\/#primaryimage"},"thumbnailUrl":"https:\/\/nirigs.com\/wp-content\/uploads\/2024\/09\/Garnier-Ultra-Doux-Shampooing-Lissant-Douceur-Brillance-a-lInfusion-dEau-de-Riz-Cheveux-Rebelles-et-Indisciplines-250-ml-1.jpg","datePublished":"2024-10-02T14:40:06+00:00","dateModified":"2025-04-22T08:42:14+00:00","breadcrumb":{"@id":"https:\/\/nirigs.com\/product\/garnier-ultra-doux-shampooing-lissant-douceur-and-brillance-a-linfusion-deau-de-riz-cheveux-rebelles-et-indisciplines-250-ml\/#breadcrumb"},"inLanguage":"en-US","potentialAction":[{"@type":"ReadAction","target":["https:\/\/nirigs.com\/product\/garnier-ultra-doux-shampooing-lissant-douceur-and-brillance-a-linfusion-deau-de-riz-cheveux-rebelles-et-indisciplines-250-ml\/"]}]},{"@type":"ImageObject","inLanguage":"en-US","@id":"https:\/\/nirigs.com\/product\/garnier-ultra-doux-shampooing-lissant-douceur-and-brillance-a-linfusion-deau-de-riz-cheveux-rebelles-et-indisciplines-250-ml\/#primaryimage","url":"https:\/\/nirigs.com\/wp-content\/uploads\/2024\/09\/Garnier-Ultra-Doux-Shampooing-Lissant-Douceur-Brillance-a-lInfusion-dEau-de-Riz-Cheveux-Rebelles-et-Indisciplines-250-ml-1.jpg","contentUrl":"https:\/\/nirigs.com\/wp-content\/uploads\/2024\/09\/Garnier-Ultra-Doux-Shampooing-Lissant-Douceur-Brillance-a-lInfusion-dEau-de-Riz-Cheveux-Rebelles-et-Indisciplines-250-ml-1.jpg","width":1000,"height":1000},{"@type":"BreadcrumbList","@id":"https:\/\/nirigs.com\/product\/garnier-ultra-doux-shampooing-lissant-douceur-and-brillance-a-linfusion-deau-de-riz-cheveux-rebelles-et-indisciplines-250-ml\/#breadcrumb","itemListElement":[{"@type":"ListItem","position":1,"name":"Home","item":"https:\/\/nirigs.com\/"},{"@type":"ListItem","position":2,"name":"Parcourir","item":"https:\/\/nirigs.com\/boutique\/"},{"@type":"ListItem","position":3,"name":"Garnier &#8211; Ultra Doux &#8211; Shampooing Lissant Douceur and Brillance \u00e0 l&rsquo;Infusion d&rsquo;Eau de Riz &#8211; Cheveux Rebelles et Indisciplin\u00e9s &#8211; 250 ml"}]},{"@type":"WebSite","@id":"https:\/\/nirigs.com\/#website","url":"https:\/\/nirigs.com\/","name":"Nirigs.com","description":"Simplifiez vos achats du quotidien \u00e0 Djibouti","publisher":{"@id":"https:\/\/nirigs.com\/#organization"},"potentialAction":[{"@type":"SearchAction","target":{"@type":"EntryPoint","urlTemplate":"https:\/\/nirigs.com\/?s={search_term_string}"},"query-input":{"@type":"PropertyValueSpecification","valueRequired":true,"valueName":"search_term_string"}}],"inLanguage":"en-US"},{"@type":"Organization","@id":"https:\/\/nirigs.com\/#organization","name":"Nirigs","url":"https:\/\/nirigs.com\/","logo":{"@type":"ImageObject","inLanguage":"en-US","@id":"https:\/\/nirigs.com\/#\/schema\/logo\/image\/","url":"https:\/\/nirigs.com\/wp-content\/uploads\/2025\/04\/Design-sans-titre-27.png","contentUrl":"https:\/\/nirigs.com\/wp-content\/uploads\/2025\/04\/Design-sans-titre-27.png","width":500,"height":500,"caption":"Nirigs"},"image":{"@id":"https:\/\/nirigs.com\/#\/schema\/logo\/image\/"}}]}},"brands":[{"id":1091,"name":"Garnier","slug":"garnier"}],"_links":{"self":[{"href":"https:\/\/nirigs.com\/en\/wp-json\/wp\/v2\/product\/22186","targetHints":{"allow":["GET"]}}],"collection":[{"href":"https:\/\/nirigs.com\/en\/wp-json\/wp\/v2\/product"}],"about":[{"href":"https:\/\/nirigs.com\/en\/wp-json\/wp\/v2\/types\/product"}],"replies":[{"embeddable":true,"href":"https:\/\/nirigs.com\/en\/wp-json\/wp\/v2\/comments?post=22186"}],"version-history":[{"count":6,"href":"https:\/\/nirigs.com\/en\/wp-json\/wp\/v2\/product\/22186\/revisions"}],"predecessor-version":[{"id":26999,"href":"https:\/\/nirigs.com\/en\/wp-json\/wp\/v2\/product\/22186\/revisions\/26999"}],"wp:featuredmedia":[{"embeddable":true,"href":"https:\/\/nirigs.com\/en\/wp-json\/wp\/v2\/media\/22190"}],"wp:attachment":[{"href":"https:\/\/nirigs.com\/en\/wp-json\/wp\/v2\/media?parent=22186"}],"wp:term":[{"taxonomy":"pwb-brand","embeddable":true,"href":"https:\/\/nirigs.com\/en\/wp-json\/wp\/v2\/pwb-brand?post=22186"},{"taxonomy":"product_brand","embeddable":true,"href":"https:\/\/nirigs.com\/en\/wp-json\/wp\/v2\/product_brand?post=22186"},{"taxonomy":"product_cat","embeddable":true,"href":"https:\/\/nirigs.com\/en\/wp-json\/wp\/v2\/product_cat?post=22186"},{"taxonomy":"product_tag","embeddable":true,"href":"https:\/\/nirigs.com\/en\/wp-json\/wp\/v2\/product_tag?post=22186"}],"curies":[{"name":"wp","href":"https:\/\/api.w.org\/{rel}","templated":true}]}}