{"id":22177,"date":"2024-10-02T18:03:52","date_gmt":"2024-10-02T15:03:52","guid":{"rendered":"https:\/\/nirigs.com\/?post_type=product&#038;p=22177"},"modified":"2025-03-13T18:00:08","modified_gmt":"2025-03-13T15:00:08","slug":"garnier-ultra-doux-apres-shampooing-sans-rincage-huile-dargan-camelia-200-ml","status":"publish","type":"product","link":"https:\/\/nirigs.com\/en\/product\/garnier-ultra-doux-apres-shampooing-sans-rincage-huile-dargan-camelia-200-ml\/","title":{"rendered":"Garnier &#8211; Ultra Doux Apr\u00e8s-Shampooing sans rin\u00e7age huile d&rsquo;argan cam\u00e9lia &#8211; 200 ml"},"content":{"rendered":"<p>Notre premier apr\u00e8s-shampooing sans rin\u00e7age \u00e0 l&rsquo;huile d&rsquo;argan issue du commerce \u00e9quitable et \u00e0 l&rsquo;huile de cam\u00e9lia dans une formule \u00e0 98% d&rsquo;origine naturelle. Formul\u00e9 sans silicone, ne laisse pas de r\u00e9sidu gras.<\/p>\n<div id=\"search-content\">\n<div class=\"container\">\n<div class=\"row\">\n<div class=\"col-xs-12 col-sm-12 product-note-collapse-list\">\n<div class=\"collapse-list row pdp-collapse\">\n<div class=\"col-xs-12 col-sm-7 col-md-8 collapse-content\">\n<div class=\"product-note\">\n<div id=\"product_information\" class=\"collapse collapse-active\">\n<div id=\"collapse712133\" class=\"collapse__content collapse__content--collapsed\">\n<div class=\"product-note__description richtext\">\n<p><u>R\u00e9sultat<\/u> : les cheveux sont nourris et faciles \u00e0 d\u00e9m\u00ealer jusqu\u2019aux pointes. Eclatants de sant\u00e9, ils sont souples et retrouvent leur brillance naturelle.<\/p>\n<\/div>\n<\/div>\n<\/div>\n<\/div>\n<\/div>\n<\/div>\n<\/div>\n<\/div>\n<\/div>\n<\/div>\n<h4>Use<\/h4>\n<ul>\n<li>Apr\u00e8s le shampooing, appliquer une noix sur cheveux mouill\u00e9s.<\/li>\n<li>Ne pas rincer.<\/li>\n<li>Lavez-vous les mains.<\/li>\n<li>S\u00e9cher et coiffer avec ou sans s\u00e8che-cheveux.<\/li>\n<\/ul>\n<h4>Ingredients<\/h4>\n<p>1229030 C &#8211; INGREDIENTS: AQUA \/ WATER \u2022 GLYCERIN \u2022 CETEARYL ALCOHOL \u2022 HELIANTHUS ANNUUS SEED OIL \/ SUNFLOWER SEED OIL \u2022 ARGANIA SPINOSA KERNEL OIL \u2022 CAMELLIA OLEIFERA SEED OIL \u2022 STEARAMIDOPROPYL DIMETHYLAMINE \u2022 GLYCERYL STEARATE \u2022 HYDROXYPROPYL GUAR \u2022 CAPRYLYL GLYCOL \u2022 TARTARIC ACID \u2022 CETYL ESTERS \u2022 TOCOPHEROL \u2022 SALICYLIC ACID \u2022 CARAMEL \u2022 LINALOOL \u2022 GERANIOL \u2022 LIMONENE \u2022 CITRONELLOL \u2022 BENZYL ALCOHOL \u2022 PARFUM \/ FRAGRANCE (F.I.L. Z285783\/1).<\/p>","protected":false},"excerpt":{"rendered":"<p>Notre premier apr\u00e8s-shampooing sans rin\u00e7age \u00e0 l&rsquo;huile d&rsquo;argan issue du commerce \u00e9quitable et \u00e0 l&rsquo;huile de cam\u00e9lia dans une formule<\/p>","protected":false},"featured_media":22180,"comment_status":"open","ping_status":"closed","template":"","meta":[],"pwb-brand":[1091],"product_brand":[],"product_cat":[1025,267,1022,1024],"product_tag":[],"class_list":{"0":"post-22177","1":"product","2":"type-product","3":"status-publish","4":"has-post-thumbnail","6":"pwb-brand-garnier","7":"product_cat-apres-shampooings","8":"product_cat-beaute-et-soins","9":"product_cat-coiffures-et-soins-des-cheveux","10":"product_cat-soins-des-cheveux","12":"first","13":"instock","14":"shipping-taxable","15":"purchasable","16":"product-type-simple"},"yoast_head":"<!-- This site is optimized with the Yoast SEO plugin v27.4 - https:\/\/yoast.com\/product\/yoast-seo-wordpress\/ -->\n<title>Garnier - Ultra Doux Apr\u00e8s-Shampooing sans rin\u00e7age huile d&#039;argan cam\u00e9lia - 200 ml - NIRIGS<\/title>\n<meta name=\"robots\" content=\"index, follow, max-snippet:-1, max-image-preview:large, max-video-preview:-1\" \/>\n<link rel=\"canonical\" href=\"https:\/\/nirigs.com\/en\/product\/garnier-ultra-doux-apres-shampooing-sans-rincage-huile-dargan-camelia-200-ml\/\" \/>\n<meta property=\"og:locale\" content=\"en_US\" \/>\n<meta property=\"og:type\" content=\"article\" \/>\n<meta property=\"og:title\" content=\"Garnier - Ultra Doux Apr\u00e8s-Shampooing sans rin\u00e7age huile d&#039;argan cam\u00e9lia - 200 ml - NIRIGS\" \/>\n<meta property=\"og:description\" content=\"Notre premier apr\u00e8s-shampooing sans rin\u00e7age \u00e0 l&rsquo;huile d&rsquo;argan issue du commerce \u00e9quitable et \u00e0 l&rsquo;huile de cam\u00e9lia dans une formule\" \/>\n<meta property=\"og:url\" content=\"https:\/\/nirigs.com\/en\/product\/garnier-ultra-doux-apres-shampooing-sans-rincage-huile-dargan-camelia-200-ml\/\" \/>\n<meta property=\"og:site_name\" content=\"NIRIGS\" \/>\n<meta property=\"article:modified_time\" content=\"2025-03-13T15:00:08+00:00\" \/>\n<meta property=\"og:image\" content=\"https:\/\/nirigs.com\/wp-content\/uploads\/2024\/09\/Garnier-Ultra-Doux-Apres-Shampooing-sans-rincage-huile-dargan-camelia-200ml-2.jpg\" \/>\n\t<meta property=\"og:image:width\" content=\"1000\" \/>\n\t<meta property=\"og:image:height\" content=\"1000\" \/>\n\t<meta property=\"og:image:type\" content=\"image\/jpeg\" \/>\n<meta name=\"twitter:card\" content=\"summary_large_image\" \/>\n<meta name=\"twitter:label1\" content=\"Est. reading time\" \/>\n\t<meta name=\"twitter:data1\" content=\"1 minute\" \/>\n<script type=\"application\/ld+json\" class=\"yoast-schema-graph\">{\"@context\":\"https:\\\/\\\/schema.org\",\"@graph\":[{\"@type\":\"WebPage\",\"@id\":\"https:\\\/\\\/nirigs.com\\\/product\\\/garnier-ultra-doux-apres-shampooing-sans-rincage-huile-dargan-camelia-200-ml\\\/\",\"url\":\"https:\\\/\\\/nirigs.com\\\/product\\\/garnier-ultra-doux-apres-shampooing-sans-rincage-huile-dargan-camelia-200-ml\\\/\",\"name\":\"Garnier - Ultra Doux Apr\u00e8s-Shampooing sans rin\u00e7age huile d'argan cam\u00e9lia - 200 ml - NIRIGS\",\"isPartOf\":{\"@id\":\"https:\\\/\\\/nirigs.com\\\/#website\"},\"primaryImageOfPage\":{\"@id\":\"https:\\\/\\\/nirigs.com\\\/product\\\/garnier-ultra-doux-apres-shampooing-sans-rincage-huile-dargan-camelia-200-ml\\\/#primaryimage\"},\"image\":{\"@id\":\"https:\\\/\\\/nirigs.com\\\/product\\\/garnier-ultra-doux-apres-shampooing-sans-rincage-huile-dargan-camelia-200-ml\\\/#primaryimage\"},\"thumbnailUrl\":\"https:\\\/\\\/nirigs.com\\\/wp-content\\\/uploads\\\/2024\\\/09\\\/Garnier-Ultra-Doux-Apres-Shampooing-sans-rincage-huile-dargan-camelia-200ml-2.jpg\",\"datePublished\":\"2024-10-02T15:03:52+00:00\",\"dateModified\":\"2025-03-13T15:00:08+00:00\",\"breadcrumb\":{\"@id\":\"https:\\\/\\\/nirigs.com\\\/product\\\/garnier-ultra-doux-apres-shampooing-sans-rincage-huile-dargan-camelia-200-ml\\\/#breadcrumb\"},\"inLanguage\":\"en-US\",\"potentialAction\":[{\"@type\":\"ReadAction\",\"target\":[\"https:\\\/\\\/nirigs.com\\\/product\\\/garnier-ultra-doux-apres-shampooing-sans-rincage-huile-dargan-camelia-200-ml\\\/\"]}]},{\"@type\":\"ImageObject\",\"inLanguage\":\"en-US\",\"@id\":\"https:\\\/\\\/nirigs.com\\\/product\\\/garnier-ultra-doux-apres-shampooing-sans-rincage-huile-dargan-camelia-200-ml\\\/#primaryimage\",\"url\":\"https:\\\/\\\/nirigs.com\\\/wp-content\\\/uploads\\\/2024\\\/09\\\/Garnier-Ultra-Doux-Apres-Shampooing-sans-rincage-huile-dargan-camelia-200ml-2.jpg\",\"contentUrl\":\"https:\\\/\\\/nirigs.com\\\/wp-content\\\/uploads\\\/2024\\\/09\\\/Garnier-Ultra-Doux-Apres-Shampooing-sans-rincage-huile-dargan-camelia-200ml-2.jpg\",\"width\":1000,\"height\":1000},{\"@type\":\"BreadcrumbList\",\"@id\":\"https:\\\/\\\/nirigs.com\\\/product\\\/garnier-ultra-doux-apres-shampooing-sans-rincage-huile-dargan-camelia-200-ml\\\/#breadcrumb\",\"itemListElement\":[{\"@type\":\"ListItem\",\"position\":1,\"name\":\"Home\",\"item\":\"https:\\\/\\\/nirigs.com\\\/\"},{\"@type\":\"ListItem\",\"position\":2,\"name\":\"Parcourir\",\"item\":\"https:\\\/\\\/nirigs.com\\\/boutique\\\/\"},{\"@type\":\"ListItem\",\"position\":3,\"name\":\"Garnier &#8211; Ultra Doux Apr\u00e8s-Shampooing sans rin\u00e7age huile d&rsquo;argan cam\u00e9lia &#8211; 200 ml\"}]},{\"@type\":\"WebSite\",\"@id\":\"https:\\\/\\\/nirigs.com\\\/#website\",\"url\":\"https:\\\/\\\/nirigs.com\\\/\",\"name\":\"Nirigs.com\",\"description\":\"Simplifiez vos achats du quotidien \u00e0 Djibouti\",\"publisher\":{\"@id\":\"https:\\\/\\\/nirigs.com\\\/#organization\"},\"potentialAction\":[{\"@type\":\"SearchAction\",\"target\":{\"@type\":\"EntryPoint\",\"urlTemplate\":\"https:\\\/\\\/nirigs.com\\\/?s={search_term_string}\"},\"query-input\":{\"@type\":\"PropertyValueSpecification\",\"valueRequired\":true,\"valueName\":\"search_term_string\"}}],\"inLanguage\":\"en-US\"},{\"@type\":\"Organization\",\"@id\":\"https:\\\/\\\/nirigs.com\\\/#organization\",\"name\":\"Nirigs\",\"url\":\"https:\\\/\\\/nirigs.com\\\/\",\"logo\":{\"@type\":\"ImageObject\",\"inLanguage\":\"en-US\",\"@id\":\"https:\\\/\\\/nirigs.com\\\/#\\\/schema\\\/logo\\\/image\\\/\",\"url\":\"https:\\\/\\\/nirigs.com\\\/wp-content\\\/uploads\\\/2025\\\/04\\\/Design-sans-titre-27.png\",\"contentUrl\":\"https:\\\/\\\/nirigs.com\\\/wp-content\\\/uploads\\\/2025\\\/04\\\/Design-sans-titre-27.png\",\"width\":500,\"height\":500,\"caption\":\"Nirigs\"},\"image\":{\"@id\":\"https:\\\/\\\/nirigs.com\\\/#\\\/schema\\\/logo\\\/image\\\/\"}}]}<\/script>\n<!-- \/ Yoast SEO plugin. -->","yoast_head_json":{"title":"Garnier - Ultra Doux Apr\u00e8s-Shampooing sans rin\u00e7age huile d'argan cam\u00e9lia - 200 ml - NIRIGS","robots":{"index":"index","follow":"follow","max-snippet":"max-snippet:-1","max-image-preview":"max-image-preview:large","max-video-preview":"max-video-preview:-1"},"canonical":"https:\/\/nirigs.com\/en\/product\/garnier-ultra-doux-apres-shampooing-sans-rincage-huile-dargan-camelia-200-ml\/","og_locale":"en_US","og_type":"article","og_title":"Garnier - Ultra Doux Apr\u00e8s-Shampooing sans rin\u00e7age huile d'argan cam\u00e9lia - 200 ml - NIRIGS","og_description":"Notre premier apr\u00e8s-shampooing sans rin\u00e7age \u00e0 l&rsquo;huile d&rsquo;argan issue du commerce \u00e9quitable et \u00e0 l&rsquo;huile de cam\u00e9lia dans une formule","og_url":"https:\/\/nirigs.com\/en\/product\/garnier-ultra-doux-apres-shampooing-sans-rincage-huile-dargan-camelia-200-ml\/","og_site_name":"NIRIGS","article_modified_time":"2025-03-13T15:00:08+00:00","og_image":[{"width":1000,"height":1000,"url":"https:\/\/nirigs.com\/wp-content\/uploads\/2024\/09\/Garnier-Ultra-Doux-Apres-Shampooing-sans-rincage-huile-dargan-camelia-200ml-2.jpg","type":"image\/jpeg"}],"twitter_card":"summary_large_image","twitter_misc":{"Est. reading time":"1 minute"},"schema":{"@context":"https:\/\/schema.org","@graph":[{"@type":"WebPage","@id":"https:\/\/nirigs.com\/product\/garnier-ultra-doux-apres-shampooing-sans-rincage-huile-dargan-camelia-200-ml\/","url":"https:\/\/nirigs.com\/product\/garnier-ultra-doux-apres-shampooing-sans-rincage-huile-dargan-camelia-200-ml\/","name":"Garnier - Ultra Doux Apr\u00e8s-Shampooing sans rin\u00e7age huile d'argan cam\u00e9lia - 200 ml - NIRIGS","isPartOf":{"@id":"https:\/\/nirigs.com\/#website"},"primaryImageOfPage":{"@id":"https:\/\/nirigs.com\/product\/garnier-ultra-doux-apres-shampooing-sans-rincage-huile-dargan-camelia-200-ml\/#primaryimage"},"image":{"@id":"https:\/\/nirigs.com\/product\/garnier-ultra-doux-apres-shampooing-sans-rincage-huile-dargan-camelia-200-ml\/#primaryimage"},"thumbnailUrl":"https:\/\/nirigs.com\/wp-content\/uploads\/2024\/09\/Garnier-Ultra-Doux-Apres-Shampooing-sans-rincage-huile-dargan-camelia-200ml-2.jpg","datePublished":"2024-10-02T15:03:52+00:00","dateModified":"2025-03-13T15:00:08+00:00","breadcrumb":{"@id":"https:\/\/nirigs.com\/product\/garnier-ultra-doux-apres-shampooing-sans-rincage-huile-dargan-camelia-200-ml\/#breadcrumb"},"inLanguage":"en-US","potentialAction":[{"@type":"ReadAction","target":["https:\/\/nirigs.com\/product\/garnier-ultra-doux-apres-shampooing-sans-rincage-huile-dargan-camelia-200-ml\/"]}]},{"@type":"ImageObject","inLanguage":"en-US","@id":"https:\/\/nirigs.com\/product\/garnier-ultra-doux-apres-shampooing-sans-rincage-huile-dargan-camelia-200-ml\/#primaryimage","url":"https:\/\/nirigs.com\/wp-content\/uploads\/2024\/09\/Garnier-Ultra-Doux-Apres-Shampooing-sans-rincage-huile-dargan-camelia-200ml-2.jpg","contentUrl":"https:\/\/nirigs.com\/wp-content\/uploads\/2024\/09\/Garnier-Ultra-Doux-Apres-Shampooing-sans-rincage-huile-dargan-camelia-200ml-2.jpg","width":1000,"height":1000},{"@type":"BreadcrumbList","@id":"https:\/\/nirigs.com\/product\/garnier-ultra-doux-apres-shampooing-sans-rincage-huile-dargan-camelia-200-ml\/#breadcrumb","itemListElement":[{"@type":"ListItem","position":1,"name":"Home","item":"https:\/\/nirigs.com\/"},{"@type":"ListItem","position":2,"name":"Parcourir","item":"https:\/\/nirigs.com\/boutique\/"},{"@type":"ListItem","position":3,"name":"Garnier &#8211; Ultra Doux Apr\u00e8s-Shampooing sans rin\u00e7age huile d&rsquo;argan cam\u00e9lia &#8211; 200 ml"}]},{"@type":"WebSite","@id":"https:\/\/nirigs.com\/#website","url":"https:\/\/nirigs.com\/","name":"Nirigs.com","description":"Simplifiez vos achats du quotidien \u00e0 Djibouti","publisher":{"@id":"https:\/\/nirigs.com\/#organization"},"potentialAction":[{"@type":"SearchAction","target":{"@type":"EntryPoint","urlTemplate":"https:\/\/nirigs.com\/?s={search_term_string}"},"query-input":{"@type":"PropertyValueSpecification","valueRequired":true,"valueName":"search_term_string"}}],"inLanguage":"en-US"},{"@type":"Organization","@id":"https:\/\/nirigs.com\/#organization","name":"Nirigs","url":"https:\/\/nirigs.com\/","logo":{"@type":"ImageObject","inLanguage":"en-US","@id":"https:\/\/nirigs.com\/#\/schema\/logo\/image\/","url":"https:\/\/nirigs.com\/wp-content\/uploads\/2025\/04\/Design-sans-titre-27.png","contentUrl":"https:\/\/nirigs.com\/wp-content\/uploads\/2025\/04\/Design-sans-titre-27.png","width":500,"height":500,"caption":"Nirigs"},"image":{"@id":"https:\/\/nirigs.com\/#\/schema\/logo\/image\/"}}]}},"brands":[{"id":1091,"name":"Garnier","slug":"garnier"}],"_links":{"self":[{"href":"https:\/\/nirigs.com\/en\/wp-json\/wp\/v2\/product\/22177","targetHints":{"allow":["GET"]}}],"collection":[{"href":"https:\/\/nirigs.com\/en\/wp-json\/wp\/v2\/product"}],"about":[{"href":"https:\/\/nirigs.com\/en\/wp-json\/wp\/v2\/types\/product"}],"replies":[{"embeddable":true,"href":"https:\/\/nirigs.com\/en\/wp-json\/wp\/v2\/comments?post=22177"}],"version-history":[{"count":5,"href":"https:\/\/nirigs.com\/en\/wp-json\/wp\/v2\/product\/22177\/revisions"}],"predecessor-version":[{"id":24901,"href":"https:\/\/nirigs.com\/en\/wp-json\/wp\/v2\/product\/22177\/revisions\/24901"}],"wp:featuredmedia":[{"embeddable":true,"href":"https:\/\/nirigs.com\/en\/wp-json\/wp\/v2\/media\/22180"}],"wp:attachment":[{"href":"https:\/\/nirigs.com\/en\/wp-json\/wp\/v2\/media?parent=22177"}],"wp:term":[{"taxonomy":"pwb-brand","embeddable":true,"href":"https:\/\/nirigs.com\/en\/wp-json\/wp\/v2\/pwb-brand?post=22177"},{"taxonomy":"product_brand","embeddable":true,"href":"https:\/\/nirigs.com\/en\/wp-json\/wp\/v2\/product_brand?post=22177"},{"taxonomy":"product_cat","embeddable":true,"href":"https:\/\/nirigs.com\/en\/wp-json\/wp\/v2\/product_cat?post=22177"},{"taxonomy":"product_tag","embeddable":true,"href":"https:\/\/nirigs.com\/en\/wp-json\/wp\/v2\/product_tag?post=22177"}],"curies":[{"name":"wp","href":"https:\/\/api.w.org\/{rel}","templated":true}]}}