{"id":22027,"date":"2024-10-15T17:53:55","date_gmt":"2024-10-15T14:53:55","guid":{"rendered":"https:\/\/nirigs.com\/?post_type=product&#038;p=22027"},"modified":"2026-02-23T16:37:25","modified_gmt":"2026-02-23T13:37:25","slug":"nana-serviette-maxi-extra-nuit-8-pieces","status":"publish","type":"product","link":"https:\/\/nirigs.com\/en\/product\/nana-serviette-maxi-extra-nuit-8-pieces\/","title":{"rendered":"NANA - 8-piece maxi extra night towel"},"content":{"rendered":"<p>Nana serviette est con\u00e7ue pour vous offrir \u00e0 la fois un confort optimal et une incroyable protection. Nous avons associ\u00e9 sa forme sp\u00e9cifique con\u00e7ue pour \u00e9pouser vos courbes \u00e0 une triple protection int\u00e9gr\u00e9e pour que vous vous sentiez capable de tout!<\/p>\n<ul>\n<li>Forme diff\u00e9renci\u00e9e \u00e0 l&rsquo;avant et \u00e0 l&rsquo;arri\u00e8re pour \u00e9pouser vos courbes<\/li>\n<li>Barri\u00e8res int\u00e9grales<\/li>\n<li>C\u0153ur con\u00e7u pour une absorption rapide<\/li>\n<li>Murs anti fuite<\/li>\n<li>Avec ailettes<\/li>\n<\/ul>\n<h4>Use<\/h4>\n<ul>\n<li>Application : D\u00e9collez les adh\u00e9sifs et placez la serviette sur votre sous-v\u00eatement, en vous assurant qu\u2019elle est bien centr\u00e9e pour une couverture compl\u00e8te.<\/li>\n<li>Changement : Remplacez la serviette avant de vous coucher ou selon vos besoins pour une protection optimale tout au long de la nuit.<\/li>\n<li>\u00c9limination : Jetez la serviette usag\u00e9e dans une poubelle appropri\u00e9e. \u00c9vitez de la jeter dans les toilettes pour \u00e9viter les obstructions.<br \/>\nLes Serviettes Hygi\u00e9niques Nana Maxi Extra Nuit \u2013 8 unit\u00e9s vous offrent une protection sup\u00e9rieure pour une nuit sereine et confortable, vous permettant de dormir en toute confiance.<\/li>\n<\/ul>\n<p>Ingredient<\/p>\n<p>Voile de surface en Polypropylene, C\u0153ur absorbant en fibres de cellulose et micro billes super absorbantes, couche ext\u00e9rieure en poly\u00e9thyl\u00e8ne, colle.<\/p>","protected":false},"excerpt":{"rendered":"<p>Nana serviette est con\u00e7ue pour vous offrir \u00e0 la fois un confort optimal et une incroyable protection. Nous avons associ\u00e9<\/p>","protected":false},"featured_media":22028,"comment_status":"closed","ping_status":"closed","template":"","meta":[],"pwb-brand":[1092],"product_brand":[],"product_cat":[267,1088,1089,1090],"product_tag":[],"class_list":{"0":"post-22027","1":"product","2":"type-product","3":"status-publish","4":"has-post-thumbnail","6":"pwb-brand-nana","7":"product_cat-beaute-et-soins","8":"product_cat-hygiene-et-sante","9":"product_cat-hygiene-et-soins-intimes","10":"product_cat-serviettes-hygieniques","12":"first","13":"instock","14":"shipping-taxable","15":"purchasable","16":"product-type-simple"},"yoast_head":"<!-- This site is optimized with the Yoast SEO plugin v27.1.1 - https:\/\/yoast.com\/product\/yoast-seo-wordpress\/ -->\n<title>NANA - Serviette maxi extra nuit 8 pi\u00e8ces - NIRIGS<\/title>\n<meta name=\"robots\" content=\"index, follow, max-snippet:-1, max-image-preview:large, max-video-preview:-1\" \/>\n<link rel=\"canonical\" href=\"https:\/\/nirigs.com\/en\/product\/nana-serviette-maxi-extra-nuit-8-pieces\/\" \/>\n<meta property=\"og:locale\" content=\"en_US\" \/>\n<meta property=\"og:type\" content=\"article\" \/>\n<meta property=\"og:title\" content=\"NANA - Serviette maxi extra nuit 8 pi\u00e8ces - NIRIGS\" \/>\n<meta property=\"og:description\" content=\"Nana serviette est con\u00e7ue pour vous offrir \u00e0 la fois un confort optimal et une incroyable protection. Nous avons associ\u00e9\" \/>\n<meta property=\"og:url\" content=\"https:\/\/nirigs.com\/en\/product\/nana-serviette-maxi-extra-nuit-8-pieces\/\" \/>\n<meta property=\"og:site_name\" content=\"NIRIGS\" \/>\n<meta property=\"article:modified_time\" content=\"2026-02-23T13:37:25+00:00\" \/>\n<meta property=\"og:image\" content=\"https:\/\/nirigs.com\/wp-content\/uploads\/2024\/09\/NANA-serviette-maxi-extra-nuit-8-pieces.jpg\" \/>\n\t<meta property=\"og:image:width\" content=\"1000\" \/>\n\t<meta property=\"og:image:height\" content=\"1000\" \/>\n\t<meta property=\"og:image:type\" content=\"image\/jpeg\" \/>\n<meta name=\"twitter:card\" content=\"summary_large_image\" \/>\n<meta name=\"twitter:label1\" content=\"Est. reading time\" \/>\n\t<meta name=\"twitter:data1\" content=\"1 minute\" \/>\n<script type=\"application\/ld+json\" class=\"yoast-schema-graph\">{\"@context\":\"https:\/\/schema.org\",\"@graph\":[{\"@type\":\"WebPage\",\"@id\":\"https:\/\/nirigs.com\/product\/nana-serviette-maxi-extra-nuit-8-pieces\/\",\"url\":\"https:\/\/nirigs.com\/product\/nana-serviette-maxi-extra-nuit-8-pieces\/\",\"name\":\"NANA - Serviette maxi extra nuit 8 pi\u00e8ces - NIRIGS\",\"isPartOf\":{\"@id\":\"https:\/\/nirigs.com\/#website\"},\"primaryImageOfPage\":{\"@id\":\"https:\/\/nirigs.com\/product\/nana-serviette-maxi-extra-nuit-8-pieces\/#primaryimage\"},\"image\":{\"@id\":\"https:\/\/nirigs.com\/product\/nana-serviette-maxi-extra-nuit-8-pieces\/#primaryimage\"},\"thumbnailUrl\":\"https:\/\/nirigs.com\/wp-content\/uploads\/2024\/09\/NANA-serviette-maxi-extra-nuit-8-pieces.jpg\",\"datePublished\":\"2024-10-15T14:53:55+00:00\",\"dateModified\":\"2026-02-23T13:37:25+00:00\",\"breadcrumb\":{\"@id\":\"https:\/\/nirigs.com\/product\/nana-serviette-maxi-extra-nuit-8-pieces\/#breadcrumb\"},\"inLanguage\":\"en-US\",\"potentialAction\":[{\"@type\":\"ReadAction\",\"target\":[\"https:\/\/nirigs.com\/product\/nana-serviette-maxi-extra-nuit-8-pieces\/\"]}]},{\"@type\":\"ImageObject\",\"inLanguage\":\"en-US\",\"@id\":\"https:\/\/nirigs.com\/product\/nana-serviette-maxi-extra-nuit-8-pieces\/#primaryimage\",\"url\":\"https:\/\/nirigs.com\/wp-content\/uploads\/2024\/09\/NANA-serviette-maxi-extra-nuit-8-pieces.jpg\",\"contentUrl\":\"https:\/\/nirigs.com\/wp-content\/uploads\/2024\/09\/NANA-serviette-maxi-extra-nuit-8-pieces.jpg\",\"width\":1000,\"height\":1000},{\"@type\":\"BreadcrumbList\",\"@id\":\"https:\/\/nirigs.com\/product\/nana-serviette-maxi-extra-nuit-8-pieces\/#breadcrumb\",\"itemListElement\":[{\"@type\":\"ListItem\",\"position\":1,\"name\":\"Home\",\"item\":\"https:\/\/nirigs.com\/\"},{\"@type\":\"ListItem\",\"position\":2,\"name\":\"Parcourir\",\"item\":\"https:\/\/nirigs.com\/boutique\/\"},{\"@type\":\"ListItem\",\"position\":3,\"name\":\"NANA &#8211; Serviette maxi extra nuit 8 pi\u00e8ces\"}]},{\"@type\":\"WebSite\",\"@id\":\"https:\/\/nirigs.com\/#website\",\"url\":\"https:\/\/nirigs.com\/\",\"name\":\"Nirigs.com\",\"description\":\"Simplifiez vos achats du quotidien \u00e0 Djibouti\",\"publisher\":{\"@id\":\"https:\/\/nirigs.com\/#organization\"},\"potentialAction\":[{\"@type\":\"SearchAction\",\"target\":{\"@type\":\"EntryPoint\",\"urlTemplate\":\"https:\/\/nirigs.com\/?s={search_term_string}\"},\"query-input\":{\"@type\":\"PropertyValueSpecification\",\"valueRequired\":true,\"valueName\":\"search_term_string\"}}],\"inLanguage\":\"en-US\"},{\"@type\":\"Organization\",\"@id\":\"https:\/\/nirigs.com\/#organization\",\"name\":\"Nirigs\",\"url\":\"https:\/\/nirigs.com\/\",\"logo\":{\"@type\":\"ImageObject\",\"inLanguage\":\"en-US\",\"@id\":\"https:\/\/nirigs.com\/#\/schema\/logo\/image\/\",\"url\":\"https:\/\/nirigs.com\/wp-content\/uploads\/2025\/04\/Design-sans-titre-27.png\",\"contentUrl\":\"https:\/\/nirigs.com\/wp-content\/uploads\/2025\/04\/Design-sans-titre-27.png\",\"width\":500,\"height\":500,\"caption\":\"Nirigs\"},\"image\":{\"@id\":\"https:\/\/nirigs.com\/#\/schema\/logo\/image\/\"}}]}<\/script>\n<!-- \/ Yoast SEO plugin. -->","yoast_head_json":{"title":"NANA - Serviette maxi extra nuit 8 pi\u00e8ces - NIRIGS","robots":{"index":"index","follow":"follow","max-snippet":"max-snippet:-1","max-image-preview":"max-image-preview:large","max-video-preview":"max-video-preview:-1"},"canonical":"https:\/\/nirigs.com\/en\/product\/nana-serviette-maxi-extra-nuit-8-pieces\/","og_locale":"en_US","og_type":"article","og_title":"NANA - Serviette maxi extra nuit 8 pi\u00e8ces - NIRIGS","og_description":"Nana serviette est con\u00e7ue pour vous offrir \u00e0 la fois un confort optimal et une incroyable protection. Nous avons associ\u00e9","og_url":"https:\/\/nirigs.com\/en\/product\/nana-serviette-maxi-extra-nuit-8-pieces\/","og_site_name":"NIRIGS","article_modified_time":"2026-02-23T13:37:25+00:00","og_image":[{"width":1000,"height":1000,"url":"https:\/\/nirigs.com\/wp-content\/uploads\/2024\/09\/NANA-serviette-maxi-extra-nuit-8-pieces.jpg","type":"image\/jpeg"}],"twitter_card":"summary_large_image","twitter_misc":{"Est. reading time":"1 minute"},"schema":{"@context":"https:\/\/schema.org","@graph":[{"@type":"WebPage","@id":"https:\/\/nirigs.com\/product\/nana-serviette-maxi-extra-nuit-8-pieces\/","url":"https:\/\/nirigs.com\/product\/nana-serviette-maxi-extra-nuit-8-pieces\/","name":"NANA - Serviette maxi extra nuit 8 pi\u00e8ces - NIRIGS","isPartOf":{"@id":"https:\/\/nirigs.com\/#website"},"primaryImageOfPage":{"@id":"https:\/\/nirigs.com\/product\/nana-serviette-maxi-extra-nuit-8-pieces\/#primaryimage"},"image":{"@id":"https:\/\/nirigs.com\/product\/nana-serviette-maxi-extra-nuit-8-pieces\/#primaryimage"},"thumbnailUrl":"https:\/\/nirigs.com\/wp-content\/uploads\/2024\/09\/NANA-serviette-maxi-extra-nuit-8-pieces.jpg","datePublished":"2024-10-15T14:53:55+00:00","dateModified":"2026-02-23T13:37:25+00:00","breadcrumb":{"@id":"https:\/\/nirigs.com\/product\/nana-serviette-maxi-extra-nuit-8-pieces\/#breadcrumb"},"inLanguage":"en-US","potentialAction":[{"@type":"ReadAction","target":["https:\/\/nirigs.com\/product\/nana-serviette-maxi-extra-nuit-8-pieces\/"]}]},{"@type":"ImageObject","inLanguage":"en-US","@id":"https:\/\/nirigs.com\/product\/nana-serviette-maxi-extra-nuit-8-pieces\/#primaryimage","url":"https:\/\/nirigs.com\/wp-content\/uploads\/2024\/09\/NANA-serviette-maxi-extra-nuit-8-pieces.jpg","contentUrl":"https:\/\/nirigs.com\/wp-content\/uploads\/2024\/09\/NANA-serviette-maxi-extra-nuit-8-pieces.jpg","width":1000,"height":1000},{"@type":"BreadcrumbList","@id":"https:\/\/nirigs.com\/product\/nana-serviette-maxi-extra-nuit-8-pieces\/#breadcrumb","itemListElement":[{"@type":"ListItem","position":1,"name":"Home","item":"https:\/\/nirigs.com\/"},{"@type":"ListItem","position":2,"name":"Parcourir","item":"https:\/\/nirigs.com\/boutique\/"},{"@type":"ListItem","position":3,"name":"NANA &#8211; Serviette maxi extra nuit 8 pi\u00e8ces"}]},{"@type":"WebSite","@id":"https:\/\/nirigs.com\/#website","url":"https:\/\/nirigs.com\/","name":"Nirigs.com","description":"Simplifiez vos achats du quotidien \u00e0 Djibouti","publisher":{"@id":"https:\/\/nirigs.com\/#organization"},"potentialAction":[{"@type":"SearchAction","target":{"@type":"EntryPoint","urlTemplate":"https:\/\/nirigs.com\/?s={search_term_string}"},"query-input":{"@type":"PropertyValueSpecification","valueRequired":true,"valueName":"search_term_string"}}],"inLanguage":"en-US"},{"@type":"Organization","@id":"https:\/\/nirigs.com\/#organization","name":"Nirigs","url":"https:\/\/nirigs.com\/","logo":{"@type":"ImageObject","inLanguage":"en-US","@id":"https:\/\/nirigs.com\/#\/schema\/logo\/image\/","url":"https:\/\/nirigs.com\/wp-content\/uploads\/2025\/04\/Design-sans-titre-27.png","contentUrl":"https:\/\/nirigs.com\/wp-content\/uploads\/2025\/04\/Design-sans-titre-27.png","width":500,"height":500,"caption":"Nirigs"},"image":{"@id":"https:\/\/nirigs.com\/#\/schema\/logo\/image\/"}}]}},"brands":[{"id":1092,"name":"Nana","slug":"nana"}],"_links":{"self":[{"href":"https:\/\/nirigs.com\/en\/wp-json\/wp\/v2\/product\/22027","targetHints":{"allow":["GET"]}}],"collection":[{"href":"https:\/\/nirigs.com\/en\/wp-json\/wp\/v2\/product"}],"about":[{"href":"https:\/\/nirigs.com\/en\/wp-json\/wp\/v2\/types\/product"}],"replies":[{"embeddable":true,"href":"https:\/\/nirigs.com\/en\/wp-json\/wp\/v2\/comments?post=22027"}],"version-history":[{"count":5,"href":"https:\/\/nirigs.com\/en\/wp-json\/wp\/v2\/product\/22027\/revisions"}],"predecessor-version":[{"id":25248,"href":"https:\/\/nirigs.com\/en\/wp-json\/wp\/v2\/product\/22027\/revisions\/25248"}],"wp:featuredmedia":[{"embeddable":true,"href":"https:\/\/nirigs.com\/en\/wp-json\/wp\/v2\/media\/22028"}],"wp:attachment":[{"href":"https:\/\/nirigs.com\/en\/wp-json\/wp\/v2\/media?parent=22027"}],"wp:term":[{"taxonomy":"pwb-brand","embeddable":true,"href":"https:\/\/nirigs.com\/en\/wp-json\/wp\/v2\/pwb-brand?post=22027"},{"taxonomy":"product_brand","embeddable":true,"href":"https:\/\/nirigs.com\/en\/wp-json\/wp\/v2\/product_brand?post=22027"},{"taxonomy":"product_cat","embeddable":true,"href":"https:\/\/nirigs.com\/en\/wp-json\/wp\/v2\/product_cat?post=22027"},{"taxonomy":"product_tag","embeddable":true,"href":"https:\/\/nirigs.com\/en\/wp-json\/wp\/v2\/product_tag?post=22027"}],"curies":[{"name":"wp","href":"https:\/\/api.w.org\/{rel}","templated":true}]}}