{"id":21982,"date":"2024-10-02T18:03:28","date_gmt":"2024-10-02T15:03:28","guid":{"rendered":"https:\/\/nirigs.com\/?post_type=product&#038;p=21982"},"modified":"2025-03-13T18:00:17","modified_gmt":"2025-03-13T15:00:17","slug":"ushuaia-rituels-dasie-shampooing-douche-volcanique-300-ml","status":"publish","type":"product","link":"https:\/\/nirigs.com\/en\/product\/ushuaia-rituels-dasie-shampooing-douche-volcanique-300-ml\/","title":{"rendered":"Ushua\u00efa - Rituels d'Asie VOLCANIC Shower Shampoo - 300 ml"},"content":{"rendered":"<p>Shampooing Douche gla\u00e7ant Ushua\u00efa, \u00e0 la Roche Volcanique d&rsquo;Asie Mineure : un parfum menthol\u00e9 pour un effet gla\u00e7ant qui r\u00e9veille tout le corps. Une douche engag\u00e9e par nature: flacon en plastique recycl\u00e9, formule v\u00e9gan et biodegradable. Une formule respectueuse : PH neutre et test\u00e9 sous-contr\u00f4le dermatologique.<\/p>\n<h4><strong>Use\u00a0<\/strong><\/h4>\n<ul>\n<li>Appliquez sur une peau pr\u00e9alablement mouill\u00e9.<\/li>\n<li>Faites mousser.<\/li>\n<li>Puis rincez.<\/li>\n<\/ul>\n<h4>Ingredients<\/h4>\n<p>800313 15 &#8211; INGREDIENTS: AQUA \/ WATER \u2022 SODIUM LAURETH SULFATE \u2022 GLYCERIN \u2022 COCO-BETAINE \u2022 SODIUM CHLORIDE \u2022 PARFUM \/ FRAGRANCE \u2022 PPG-5-CETETH-20 \u2022 CI 14700 \/ RED 4 \u2022 CI 19140 \/ YELLOW 5 \u2022 CI 17200 \/ RED 33 \u2022 CI 42090 \/ BLUE 1 \u2022 COCAMIDE MEA \u2022 LINALOOL \u2022 GLYCOL DISTEARATE \u2022 SODIUM HYDROXIDE \u2022 SODIUM BENZOATE \u2022 SALICYLIC ACID \u2022 PERLITE \u2022 CITRIC ACID \u2022 CITRONELLOL \u2022 MENTHOL \u2022 ACRYLATES COPOLYMER \u2022 POLYQUATERNIUM-7 (F.I.L. C216661\/1).<\/p>","protected":false},"excerpt":{"rendered":"<p>Shampooing Douche gla\u00e7ant Ushua\u00efa, \u00e0 la Roche Volcanique d&rsquo;Asie Mineure : un parfum menthol\u00e9 pour un effet gla\u00e7ant qui r\u00e9veille<\/p>","protected":false},"featured_media":21984,"comment_status":"open","ping_status":"closed","template":"","meta":[],"pwb-brand":[1095],"product_brand":[],"product_cat":[267,1022,1026,1024],"product_tag":[],"class_list":{"0":"post-21982","1":"product","2":"type-product","3":"status-publish","4":"has-post-thumbnail","6":"pwb-brand-ushuaia","7":"product_cat-beaute-et-soins","8":"product_cat-coiffures-et-soins-des-cheveux","9":"product_cat-shampooings","10":"product_cat-soins-des-cheveux","12":"first","13":"instock","14":"shipping-taxable","15":"purchasable","16":"product-type-simple"},"yoast_head":"<!-- This site is optimized with the Yoast SEO plugin v27.1.1 - https:\/\/yoast.com\/product\/yoast-seo-wordpress\/ -->\n<title>Ushua\u00efa - Rituels d&#039;Asie Shampooing Douche VOLCANIQUE - 300 ml - NIRIGS<\/title>\n<meta name=\"robots\" content=\"index, follow, max-snippet:-1, max-image-preview:large, max-video-preview:-1\" \/>\n<link rel=\"canonical\" href=\"https:\/\/nirigs.com\/en\/product\/ushuaia-rituels-dasie-shampooing-douche-volcanique-300-ml\/\" \/>\n<meta property=\"og:locale\" content=\"en_US\" \/>\n<meta property=\"og:type\" content=\"article\" \/>\n<meta property=\"og:title\" content=\"Ushua\u00efa - Rituels d&#039;Asie Shampooing Douche VOLCANIQUE - 300 ml - NIRIGS\" \/>\n<meta property=\"og:description\" content=\"Shampooing Douche gla\u00e7ant Ushua\u00efa, \u00e0 la Roche Volcanique d&rsquo;Asie Mineure : un parfum menthol\u00e9 pour un effet gla\u00e7ant qui r\u00e9veille\" \/>\n<meta property=\"og:url\" content=\"https:\/\/nirigs.com\/en\/product\/ushuaia-rituels-dasie-shampooing-douche-volcanique-300-ml\/\" \/>\n<meta property=\"og:site_name\" content=\"NIRIGS\" \/>\n<meta property=\"article:modified_time\" content=\"2025-03-13T15:00:17+00:00\" \/>\n<meta property=\"og:image\" content=\"https:\/\/nirigs.com\/wp-content\/uploads\/2024\/09\/Ushuaia-Rituels-dAsie-Shampooing-Douche-VOLCANIQUE-300ml.jpg\" \/>\n\t<meta property=\"og:image:width\" content=\"1000\" \/>\n\t<meta property=\"og:image:height\" content=\"1000\" \/>\n\t<meta property=\"og:image:type\" content=\"image\/jpeg\" \/>\n<meta name=\"twitter:card\" content=\"summary_large_image\" \/>\n<meta name=\"twitter:label1\" content=\"Est. reading time\" \/>\n\t<meta name=\"twitter:data1\" content=\"1 minute\" \/>\n<script type=\"application\/ld+json\" class=\"yoast-schema-graph\">{\"@context\":\"https:\/\/schema.org\",\"@graph\":[{\"@type\":\"WebPage\",\"@id\":\"https:\/\/nirigs.com\/product\/ushuaia-rituels-dasie-shampooing-douche-volcanique-300-ml\/\",\"url\":\"https:\/\/nirigs.com\/product\/ushuaia-rituels-dasie-shampooing-douche-volcanique-300-ml\/\",\"name\":\"Ushua\u00efa - Rituels d'Asie Shampooing Douche VOLCANIQUE - 300 ml - NIRIGS\",\"isPartOf\":{\"@id\":\"https:\/\/nirigs.com\/#website\"},\"primaryImageOfPage\":{\"@id\":\"https:\/\/nirigs.com\/product\/ushuaia-rituels-dasie-shampooing-douche-volcanique-300-ml\/#primaryimage\"},\"image\":{\"@id\":\"https:\/\/nirigs.com\/product\/ushuaia-rituels-dasie-shampooing-douche-volcanique-300-ml\/#primaryimage\"},\"thumbnailUrl\":\"https:\/\/nirigs.com\/wp-content\/uploads\/2024\/09\/Ushuaia-Rituels-dAsie-Shampooing-Douche-VOLCANIQUE-300ml.jpg\",\"datePublished\":\"2024-10-02T15:03:28+00:00\",\"dateModified\":\"2025-03-13T15:00:17+00:00\",\"breadcrumb\":{\"@id\":\"https:\/\/nirigs.com\/product\/ushuaia-rituels-dasie-shampooing-douche-volcanique-300-ml\/#breadcrumb\"},\"inLanguage\":\"en-US\",\"potentialAction\":[{\"@type\":\"ReadAction\",\"target\":[\"https:\/\/nirigs.com\/product\/ushuaia-rituels-dasie-shampooing-douche-volcanique-300-ml\/\"]}]},{\"@type\":\"ImageObject\",\"inLanguage\":\"en-US\",\"@id\":\"https:\/\/nirigs.com\/product\/ushuaia-rituels-dasie-shampooing-douche-volcanique-300-ml\/#primaryimage\",\"url\":\"https:\/\/nirigs.com\/wp-content\/uploads\/2024\/09\/Ushuaia-Rituels-dAsie-Shampooing-Douche-VOLCANIQUE-300ml.jpg\",\"contentUrl\":\"https:\/\/nirigs.com\/wp-content\/uploads\/2024\/09\/Ushuaia-Rituels-dAsie-Shampooing-Douche-VOLCANIQUE-300ml.jpg\",\"width\":1000,\"height\":1000},{\"@type\":\"BreadcrumbList\",\"@id\":\"https:\/\/nirigs.com\/product\/ushuaia-rituels-dasie-shampooing-douche-volcanique-300-ml\/#breadcrumb\",\"itemListElement\":[{\"@type\":\"ListItem\",\"position\":1,\"name\":\"Home\",\"item\":\"https:\/\/nirigs.com\/\"},{\"@type\":\"ListItem\",\"position\":2,\"name\":\"Parcourir\",\"item\":\"https:\/\/nirigs.com\/boutique\/\"},{\"@type\":\"ListItem\",\"position\":3,\"name\":\"Ushua\u00efa &#8211; Rituels d&rsquo;Asie Shampooing Douche VOLCANIQUE &#8211; 300 ml\"}]},{\"@type\":\"WebSite\",\"@id\":\"https:\/\/nirigs.com\/#website\",\"url\":\"https:\/\/nirigs.com\/\",\"name\":\"Nirigs.com\",\"description\":\"Simplifiez vos achats du quotidien \u00e0 Djibouti\",\"publisher\":{\"@id\":\"https:\/\/nirigs.com\/#organization\"},\"potentialAction\":[{\"@type\":\"SearchAction\",\"target\":{\"@type\":\"EntryPoint\",\"urlTemplate\":\"https:\/\/nirigs.com\/?s={search_term_string}\"},\"query-input\":{\"@type\":\"PropertyValueSpecification\",\"valueRequired\":true,\"valueName\":\"search_term_string\"}}],\"inLanguage\":\"en-US\"},{\"@type\":\"Organization\",\"@id\":\"https:\/\/nirigs.com\/#organization\",\"name\":\"Nirigs\",\"url\":\"https:\/\/nirigs.com\/\",\"logo\":{\"@type\":\"ImageObject\",\"inLanguage\":\"en-US\",\"@id\":\"https:\/\/nirigs.com\/#\/schema\/logo\/image\/\",\"url\":\"https:\/\/nirigs.com\/wp-content\/uploads\/2025\/04\/Design-sans-titre-27.png\",\"contentUrl\":\"https:\/\/nirigs.com\/wp-content\/uploads\/2025\/04\/Design-sans-titre-27.png\",\"width\":500,\"height\":500,\"caption\":\"Nirigs\"},\"image\":{\"@id\":\"https:\/\/nirigs.com\/#\/schema\/logo\/image\/\"}}]}<\/script>\n<!-- \/ Yoast SEO plugin. -->","yoast_head_json":{"title":"Ushua\u00efa - Rituels d'Asie Shampooing Douche VOLCANIQUE - 300 ml - NIRIGS","robots":{"index":"index","follow":"follow","max-snippet":"max-snippet:-1","max-image-preview":"max-image-preview:large","max-video-preview":"max-video-preview:-1"},"canonical":"https:\/\/nirigs.com\/en\/product\/ushuaia-rituels-dasie-shampooing-douche-volcanique-300-ml\/","og_locale":"en_US","og_type":"article","og_title":"Ushua\u00efa - Rituels d'Asie Shampooing Douche VOLCANIQUE - 300 ml - NIRIGS","og_description":"Shampooing Douche gla\u00e7ant Ushua\u00efa, \u00e0 la Roche Volcanique d&rsquo;Asie Mineure : un parfum menthol\u00e9 pour un effet gla\u00e7ant qui r\u00e9veille","og_url":"https:\/\/nirigs.com\/en\/product\/ushuaia-rituels-dasie-shampooing-douche-volcanique-300-ml\/","og_site_name":"NIRIGS","article_modified_time":"2025-03-13T15:00:17+00:00","og_image":[{"width":1000,"height":1000,"url":"https:\/\/nirigs.com\/wp-content\/uploads\/2024\/09\/Ushuaia-Rituels-dAsie-Shampooing-Douche-VOLCANIQUE-300ml.jpg","type":"image\/jpeg"}],"twitter_card":"summary_large_image","twitter_misc":{"Est. reading time":"1 minute"},"schema":{"@context":"https:\/\/schema.org","@graph":[{"@type":"WebPage","@id":"https:\/\/nirigs.com\/product\/ushuaia-rituels-dasie-shampooing-douche-volcanique-300-ml\/","url":"https:\/\/nirigs.com\/product\/ushuaia-rituels-dasie-shampooing-douche-volcanique-300-ml\/","name":"Ushua\u00efa - Rituels d'Asie Shampooing Douche VOLCANIQUE - 300 ml - NIRIGS","isPartOf":{"@id":"https:\/\/nirigs.com\/#website"},"primaryImageOfPage":{"@id":"https:\/\/nirigs.com\/product\/ushuaia-rituels-dasie-shampooing-douche-volcanique-300-ml\/#primaryimage"},"image":{"@id":"https:\/\/nirigs.com\/product\/ushuaia-rituels-dasie-shampooing-douche-volcanique-300-ml\/#primaryimage"},"thumbnailUrl":"https:\/\/nirigs.com\/wp-content\/uploads\/2024\/09\/Ushuaia-Rituels-dAsie-Shampooing-Douche-VOLCANIQUE-300ml.jpg","datePublished":"2024-10-02T15:03:28+00:00","dateModified":"2025-03-13T15:00:17+00:00","breadcrumb":{"@id":"https:\/\/nirigs.com\/product\/ushuaia-rituels-dasie-shampooing-douche-volcanique-300-ml\/#breadcrumb"},"inLanguage":"en-US","potentialAction":[{"@type":"ReadAction","target":["https:\/\/nirigs.com\/product\/ushuaia-rituels-dasie-shampooing-douche-volcanique-300-ml\/"]}]},{"@type":"ImageObject","inLanguage":"en-US","@id":"https:\/\/nirigs.com\/product\/ushuaia-rituels-dasie-shampooing-douche-volcanique-300-ml\/#primaryimage","url":"https:\/\/nirigs.com\/wp-content\/uploads\/2024\/09\/Ushuaia-Rituels-dAsie-Shampooing-Douche-VOLCANIQUE-300ml.jpg","contentUrl":"https:\/\/nirigs.com\/wp-content\/uploads\/2024\/09\/Ushuaia-Rituels-dAsie-Shampooing-Douche-VOLCANIQUE-300ml.jpg","width":1000,"height":1000},{"@type":"BreadcrumbList","@id":"https:\/\/nirigs.com\/product\/ushuaia-rituels-dasie-shampooing-douche-volcanique-300-ml\/#breadcrumb","itemListElement":[{"@type":"ListItem","position":1,"name":"Home","item":"https:\/\/nirigs.com\/"},{"@type":"ListItem","position":2,"name":"Parcourir","item":"https:\/\/nirigs.com\/boutique\/"},{"@type":"ListItem","position":3,"name":"Ushua\u00efa &#8211; Rituels d&rsquo;Asie Shampooing Douche VOLCANIQUE &#8211; 300 ml"}]},{"@type":"WebSite","@id":"https:\/\/nirigs.com\/#website","url":"https:\/\/nirigs.com\/","name":"Nirigs.com","description":"Simplifiez vos achats du quotidien \u00e0 Djibouti","publisher":{"@id":"https:\/\/nirigs.com\/#organization"},"potentialAction":[{"@type":"SearchAction","target":{"@type":"EntryPoint","urlTemplate":"https:\/\/nirigs.com\/?s={search_term_string}"},"query-input":{"@type":"PropertyValueSpecification","valueRequired":true,"valueName":"search_term_string"}}],"inLanguage":"en-US"},{"@type":"Organization","@id":"https:\/\/nirigs.com\/#organization","name":"Nirigs","url":"https:\/\/nirigs.com\/","logo":{"@type":"ImageObject","inLanguage":"en-US","@id":"https:\/\/nirigs.com\/#\/schema\/logo\/image\/","url":"https:\/\/nirigs.com\/wp-content\/uploads\/2025\/04\/Design-sans-titre-27.png","contentUrl":"https:\/\/nirigs.com\/wp-content\/uploads\/2025\/04\/Design-sans-titre-27.png","width":500,"height":500,"caption":"Nirigs"},"image":{"@id":"https:\/\/nirigs.com\/#\/schema\/logo\/image\/"}}]}},"brands":[{"id":1095,"name":"Ushua\u00efa","slug":"ushuaia"}],"_links":{"self":[{"href":"https:\/\/nirigs.com\/en\/wp-json\/wp\/v2\/product\/21982","targetHints":{"allow":["GET"]}}],"collection":[{"href":"https:\/\/nirigs.com\/en\/wp-json\/wp\/v2\/product"}],"about":[{"href":"https:\/\/nirigs.com\/en\/wp-json\/wp\/v2\/types\/product"}],"replies":[{"embeddable":true,"href":"https:\/\/nirigs.com\/en\/wp-json\/wp\/v2\/comments?post=21982"}],"version-history":[{"count":5,"href":"https:\/\/nirigs.com\/en\/wp-json\/wp\/v2\/product\/21982\/revisions"}],"predecessor-version":[{"id":24905,"href":"https:\/\/nirigs.com\/en\/wp-json\/wp\/v2\/product\/21982\/revisions\/24905"}],"wp:featuredmedia":[{"embeddable":true,"href":"https:\/\/nirigs.com\/en\/wp-json\/wp\/v2\/media\/21984"}],"wp:attachment":[{"href":"https:\/\/nirigs.com\/en\/wp-json\/wp\/v2\/media?parent=21982"}],"wp:term":[{"taxonomy":"pwb-brand","embeddable":true,"href":"https:\/\/nirigs.com\/en\/wp-json\/wp\/v2\/pwb-brand?post=21982"},{"taxonomy":"product_brand","embeddable":true,"href":"https:\/\/nirigs.com\/en\/wp-json\/wp\/v2\/product_brand?post=21982"},{"taxonomy":"product_cat","embeddable":true,"href":"https:\/\/nirigs.com\/en\/wp-json\/wp\/v2\/product_cat?post=21982"},{"taxonomy":"product_tag","embeddable":true,"href":"https:\/\/nirigs.com\/en\/wp-json\/wp\/v2\/product_tag?post=21982"}],"curies":[{"name":"wp","href":"https:\/\/api.w.org\/{rel}","templated":true}]}}