{"id":21959,"date":"2024-10-02T18:03:05","date_gmt":"2024-10-02T15:03:05","guid":{"rendered":"https:\/\/nirigs.com\/?post_type=product&#038;p=21959"},"modified":"2025-03-13T18:05:21","modified_gmt":"2025-03-13T15:05:21","slug":"ushuaia-gel-douche-grenade-300-ml","status":"publish","type":"product","link":"https:\/\/nirigs.com\/en\/product\/ushuaia-gel-douche-grenade-300-ml\/","title":{"rendered":"Ushua\u00efa - Pomegranate Shower Gel - 300 ml"},"content":{"rendered":"<p>Gel douche hydratant Ushua\u00efa, \u00e0 la Grenade des A\u00e7ores :<\/p>\n<ul>\n<li>Un parfum frais et fruit\u00e9, aux notes p\u00e9tillantes et gourmandes qui vitalisent vos sens.<\/li>\n<li>Une douche engag\u00e9e par nature: flacon en plastique recycl\u00e9, formule v\u00e9gan et biod\u00e9gradable.<\/li>\n<li>Une formule respectueuse : PH neutre et test\u00e9e sous contr\u00f4le dermatologique. Ushua\u00efa, engag\u00e9e par nature depuis plus de 25 ans, vous propose un moment d&rsquo;\u00e9vasion et de plaisir avec ses gels douches parfum\u00e9s. Votre peau est douce, parfum\u00e9e et hydrat\u00e9e.<\/li>\n<\/ul>\n<h4>Use<\/h4>\n<ul>\n<li><span class=\"a-list-item\">Appliquez sur une peau pr\u00e9alablement mouill\u00e9s <\/span><\/li>\n<li><span class=\"a-list-item\">Faites mousser <\/span><\/li>\n<li><span class=\"a-list-item\">Puis rincez<\/span><\/li>\n<\/ul>\n<h4>Ingredients<\/h4>\n<p>AQUA \/ WATER \u2022 SODIUM LAURETH SULFATE \u2022 SODIUM CHLORIDE \u2022 GLYCERIN \u2022 COCO-BETAINE \u2022 PUNICA GRANATUM EXTRACT \u2022 CITRIC ACID \u2022 SODIUM HYDROXIDE \u2022 POLYQUATERNIUM-7 \u2022 PPG-5-CETETH-20 \u2022 BENZYL ALCOHOL \u2022 BENZYL SALICYLATE \u2022 CITRONELLOL \u2022 LIMONENE \u2022 LINALOOL \u2022 CI 17200 \/ RED 33 \u2022 CI 19140 \/ YELLOW 5 \u2022 SODIUM BENZOATE \u2022 PARFUM \/ FRAGRANCE (F.I.L. C274519\/1).<\/p>","protected":false},"excerpt":{"rendered":"<p>Gel douche hydratant Ushua\u00efa, \u00e0 la Grenade des A\u00e7ores : Un parfum frais et fruit\u00e9, aux notes p\u00e9tillantes et gourmandes<\/p>","protected":false},"featured_media":21960,"comment_status":"open","ping_status":"closed","template":"","meta":[],"pwb-brand":[1095],"product_brand":[],"product_cat":[1049,267,1081,1077],"product_tag":[],"class_list":{"0":"post-21959","1":"product","2":"type-product","3":"status-publish","4":"has-post-thumbnail","6":"pwb-brand-ushuaia","7":"product_cat-bain-savons-et-soin-du-corps","8":"product_cat-beaute-et-soins","9":"product_cat-gels-douche","10":"product_cat-savons-et-gels-douche","12":"first","13":"instock","14":"shipping-taxable","15":"purchasable","16":"product-type-simple"},"yoast_head":"<!-- This site is optimized with the Yoast SEO plugin v27.1.1 - https:\/\/yoast.com\/product\/yoast-seo-wordpress\/ -->\n<title>Ushua\u00efa - Gel Douche Grenade - 300 ml - NIRIGS<\/title>\n<meta name=\"robots\" content=\"index, follow, max-snippet:-1, max-image-preview:large, max-video-preview:-1\" \/>\n<link rel=\"canonical\" href=\"https:\/\/nirigs.com\/en\/product\/ushuaia-gel-douche-grenade-300-ml\/\" \/>\n<meta property=\"og:locale\" content=\"en_US\" \/>\n<meta property=\"og:type\" content=\"article\" \/>\n<meta property=\"og:title\" content=\"Ushua\u00efa - Gel Douche Grenade - 300 ml - NIRIGS\" \/>\n<meta property=\"og:description\" content=\"Gel douche hydratant Ushua\u00efa, \u00e0 la Grenade des A\u00e7ores : Un parfum frais et fruit\u00e9, aux notes p\u00e9tillantes et gourmandes\" \/>\n<meta property=\"og:url\" content=\"https:\/\/nirigs.com\/en\/product\/ushuaia-gel-douche-grenade-300-ml\/\" \/>\n<meta property=\"og:site_name\" content=\"NIRIGS\" \/>\n<meta property=\"article:modified_time\" content=\"2025-03-13T15:05:21+00:00\" \/>\n<meta property=\"og:image\" content=\"https:\/\/nirigs.com\/wp-content\/uploads\/2024\/09\/Ushuaia-Gel-Douche-Grenade-300ml.jpg\" \/>\n\t<meta property=\"og:image:width\" content=\"1000\" \/>\n\t<meta property=\"og:image:height\" content=\"1000\" \/>\n\t<meta property=\"og:image:type\" content=\"image\/jpeg\" \/>\n<meta name=\"twitter:card\" content=\"summary_large_image\" \/>\n<meta name=\"twitter:label1\" content=\"Est. reading time\" \/>\n\t<meta name=\"twitter:data1\" content=\"1 minute\" \/>\n<script type=\"application\/ld+json\" class=\"yoast-schema-graph\">{\"@context\":\"https:\/\/schema.org\",\"@graph\":[{\"@type\":\"WebPage\",\"@id\":\"https:\/\/nirigs.com\/product\/ushuaia-gel-douche-grenade-300-ml\/\",\"url\":\"https:\/\/nirigs.com\/product\/ushuaia-gel-douche-grenade-300-ml\/\",\"name\":\"Ushua\u00efa - Gel Douche Grenade - 300 ml - NIRIGS\",\"isPartOf\":{\"@id\":\"https:\/\/nirigs.com\/#website\"},\"primaryImageOfPage\":{\"@id\":\"https:\/\/nirigs.com\/product\/ushuaia-gel-douche-grenade-300-ml\/#primaryimage\"},\"image\":{\"@id\":\"https:\/\/nirigs.com\/product\/ushuaia-gel-douche-grenade-300-ml\/#primaryimage\"},\"thumbnailUrl\":\"https:\/\/nirigs.com\/wp-content\/uploads\/2024\/09\/Ushuaia-Gel-Douche-Grenade-300ml.jpg\",\"datePublished\":\"2024-10-02T15:03:05+00:00\",\"dateModified\":\"2025-03-13T15:05:21+00:00\",\"breadcrumb\":{\"@id\":\"https:\/\/nirigs.com\/product\/ushuaia-gel-douche-grenade-300-ml\/#breadcrumb\"},\"inLanguage\":\"en-US\",\"potentialAction\":[{\"@type\":\"ReadAction\",\"target\":[\"https:\/\/nirigs.com\/product\/ushuaia-gel-douche-grenade-300-ml\/\"]}]},{\"@type\":\"ImageObject\",\"inLanguage\":\"en-US\",\"@id\":\"https:\/\/nirigs.com\/product\/ushuaia-gel-douche-grenade-300-ml\/#primaryimage\",\"url\":\"https:\/\/nirigs.com\/wp-content\/uploads\/2024\/09\/Ushuaia-Gel-Douche-Grenade-300ml.jpg\",\"contentUrl\":\"https:\/\/nirigs.com\/wp-content\/uploads\/2024\/09\/Ushuaia-Gel-Douche-Grenade-300ml.jpg\",\"width\":1000,\"height\":1000},{\"@type\":\"BreadcrumbList\",\"@id\":\"https:\/\/nirigs.com\/product\/ushuaia-gel-douche-grenade-300-ml\/#breadcrumb\",\"itemListElement\":[{\"@type\":\"ListItem\",\"position\":1,\"name\":\"Home\",\"item\":\"https:\/\/nirigs.com\/\"},{\"@type\":\"ListItem\",\"position\":2,\"name\":\"Parcourir\",\"item\":\"https:\/\/nirigs.com\/boutique\/\"},{\"@type\":\"ListItem\",\"position\":3,\"name\":\"Ushua\u00efa &#8211; Gel Douche Grenade &#8211; 300 ml\"}]},{\"@type\":\"WebSite\",\"@id\":\"https:\/\/nirigs.com\/#website\",\"url\":\"https:\/\/nirigs.com\/\",\"name\":\"Nirigs.com\",\"description\":\"Simplifiez vos achats du quotidien \u00e0 Djibouti\",\"publisher\":{\"@id\":\"https:\/\/nirigs.com\/#organization\"},\"potentialAction\":[{\"@type\":\"SearchAction\",\"target\":{\"@type\":\"EntryPoint\",\"urlTemplate\":\"https:\/\/nirigs.com\/?s={search_term_string}\"},\"query-input\":{\"@type\":\"PropertyValueSpecification\",\"valueRequired\":true,\"valueName\":\"search_term_string\"}}],\"inLanguage\":\"en-US\"},{\"@type\":\"Organization\",\"@id\":\"https:\/\/nirigs.com\/#organization\",\"name\":\"Nirigs\",\"url\":\"https:\/\/nirigs.com\/\",\"logo\":{\"@type\":\"ImageObject\",\"inLanguage\":\"en-US\",\"@id\":\"https:\/\/nirigs.com\/#\/schema\/logo\/image\/\",\"url\":\"https:\/\/nirigs.com\/wp-content\/uploads\/2025\/04\/Design-sans-titre-27.png\",\"contentUrl\":\"https:\/\/nirigs.com\/wp-content\/uploads\/2025\/04\/Design-sans-titre-27.png\",\"width\":500,\"height\":500,\"caption\":\"Nirigs\"},\"image\":{\"@id\":\"https:\/\/nirigs.com\/#\/schema\/logo\/image\/\"}}]}<\/script>\n<!-- \/ Yoast SEO plugin. -->","yoast_head_json":{"title":"Ushua\u00efa - Gel Douche Grenade - 300 ml - NIRIGS","robots":{"index":"index","follow":"follow","max-snippet":"max-snippet:-1","max-image-preview":"max-image-preview:large","max-video-preview":"max-video-preview:-1"},"canonical":"https:\/\/nirigs.com\/en\/product\/ushuaia-gel-douche-grenade-300-ml\/","og_locale":"en_US","og_type":"article","og_title":"Ushua\u00efa - Gel Douche Grenade - 300 ml - NIRIGS","og_description":"Gel douche hydratant Ushua\u00efa, \u00e0 la Grenade des A\u00e7ores : Un parfum frais et fruit\u00e9, aux notes p\u00e9tillantes et gourmandes","og_url":"https:\/\/nirigs.com\/en\/product\/ushuaia-gel-douche-grenade-300-ml\/","og_site_name":"NIRIGS","article_modified_time":"2025-03-13T15:05:21+00:00","og_image":[{"width":1000,"height":1000,"url":"https:\/\/nirigs.com\/wp-content\/uploads\/2024\/09\/Ushuaia-Gel-Douche-Grenade-300ml.jpg","type":"image\/jpeg"}],"twitter_card":"summary_large_image","twitter_misc":{"Est. reading time":"1 minute"},"schema":{"@context":"https:\/\/schema.org","@graph":[{"@type":"WebPage","@id":"https:\/\/nirigs.com\/product\/ushuaia-gel-douche-grenade-300-ml\/","url":"https:\/\/nirigs.com\/product\/ushuaia-gel-douche-grenade-300-ml\/","name":"Ushua\u00efa - Gel Douche Grenade - 300 ml - NIRIGS","isPartOf":{"@id":"https:\/\/nirigs.com\/#website"},"primaryImageOfPage":{"@id":"https:\/\/nirigs.com\/product\/ushuaia-gel-douche-grenade-300-ml\/#primaryimage"},"image":{"@id":"https:\/\/nirigs.com\/product\/ushuaia-gel-douche-grenade-300-ml\/#primaryimage"},"thumbnailUrl":"https:\/\/nirigs.com\/wp-content\/uploads\/2024\/09\/Ushuaia-Gel-Douche-Grenade-300ml.jpg","datePublished":"2024-10-02T15:03:05+00:00","dateModified":"2025-03-13T15:05:21+00:00","breadcrumb":{"@id":"https:\/\/nirigs.com\/product\/ushuaia-gel-douche-grenade-300-ml\/#breadcrumb"},"inLanguage":"en-US","potentialAction":[{"@type":"ReadAction","target":["https:\/\/nirigs.com\/product\/ushuaia-gel-douche-grenade-300-ml\/"]}]},{"@type":"ImageObject","inLanguage":"en-US","@id":"https:\/\/nirigs.com\/product\/ushuaia-gel-douche-grenade-300-ml\/#primaryimage","url":"https:\/\/nirigs.com\/wp-content\/uploads\/2024\/09\/Ushuaia-Gel-Douche-Grenade-300ml.jpg","contentUrl":"https:\/\/nirigs.com\/wp-content\/uploads\/2024\/09\/Ushuaia-Gel-Douche-Grenade-300ml.jpg","width":1000,"height":1000},{"@type":"BreadcrumbList","@id":"https:\/\/nirigs.com\/product\/ushuaia-gel-douche-grenade-300-ml\/#breadcrumb","itemListElement":[{"@type":"ListItem","position":1,"name":"Home","item":"https:\/\/nirigs.com\/"},{"@type":"ListItem","position":2,"name":"Parcourir","item":"https:\/\/nirigs.com\/boutique\/"},{"@type":"ListItem","position":3,"name":"Ushua\u00efa &#8211; Gel Douche Grenade &#8211; 300 ml"}]},{"@type":"WebSite","@id":"https:\/\/nirigs.com\/#website","url":"https:\/\/nirigs.com\/","name":"Nirigs.com","description":"Simplifiez vos achats du quotidien \u00e0 Djibouti","publisher":{"@id":"https:\/\/nirigs.com\/#organization"},"potentialAction":[{"@type":"SearchAction","target":{"@type":"EntryPoint","urlTemplate":"https:\/\/nirigs.com\/?s={search_term_string}"},"query-input":{"@type":"PropertyValueSpecification","valueRequired":true,"valueName":"search_term_string"}}],"inLanguage":"en-US"},{"@type":"Organization","@id":"https:\/\/nirigs.com\/#organization","name":"Nirigs","url":"https:\/\/nirigs.com\/","logo":{"@type":"ImageObject","inLanguage":"en-US","@id":"https:\/\/nirigs.com\/#\/schema\/logo\/image\/","url":"https:\/\/nirigs.com\/wp-content\/uploads\/2025\/04\/Design-sans-titre-27.png","contentUrl":"https:\/\/nirigs.com\/wp-content\/uploads\/2025\/04\/Design-sans-titre-27.png","width":500,"height":500,"caption":"Nirigs"},"image":{"@id":"https:\/\/nirigs.com\/#\/schema\/logo\/image\/"}}]}},"brands":[{"id":1095,"name":"Ushua\u00efa","slug":"ushuaia"}],"_links":{"self":[{"href":"https:\/\/nirigs.com\/en\/wp-json\/wp\/v2\/product\/21959","targetHints":{"allow":["GET"]}}],"collection":[{"href":"https:\/\/nirigs.com\/en\/wp-json\/wp\/v2\/product"}],"about":[{"href":"https:\/\/nirigs.com\/en\/wp-json\/wp\/v2\/types\/product"}],"replies":[{"embeddable":true,"href":"https:\/\/nirigs.com\/en\/wp-json\/wp\/v2\/comments?post=21959"}],"version-history":[{"count":6,"href":"https:\/\/nirigs.com\/en\/wp-json\/wp\/v2\/product\/21959\/revisions"}],"predecessor-version":[{"id":24912,"href":"https:\/\/nirigs.com\/en\/wp-json\/wp\/v2\/product\/21959\/revisions\/24912"}],"wp:featuredmedia":[{"embeddable":true,"href":"https:\/\/nirigs.com\/en\/wp-json\/wp\/v2\/media\/21960"}],"wp:attachment":[{"href":"https:\/\/nirigs.com\/en\/wp-json\/wp\/v2\/media?parent=21959"}],"wp:term":[{"taxonomy":"pwb-brand","embeddable":true,"href":"https:\/\/nirigs.com\/en\/wp-json\/wp\/v2\/pwb-brand?post=21959"},{"taxonomy":"product_brand","embeddable":true,"href":"https:\/\/nirigs.com\/en\/wp-json\/wp\/v2\/product_brand?post=21959"},{"taxonomy":"product_cat","embeddable":true,"href":"https:\/\/nirigs.com\/en\/wp-json\/wp\/v2\/product_cat?post=21959"},{"taxonomy":"product_tag","embeddable":true,"href":"https:\/\/nirigs.com\/en\/wp-json\/wp\/v2\/product_tag?post=21959"}],"curies":[{"name":"wp","href":"https:\/\/api.w.org\/{rel}","templated":true}]}}