{"id":21950,"date":"2024-10-02T17:51:45","date_gmt":"2024-10-02T14:51:45","guid":{"rendered":"https:\/\/nirigs.com\/?post_type=product&#038;p=21950"},"modified":"2025-04-22T11:23:36","modified_gmt":"2025-04-22T08:23:36","slug":"loreal-paris-revitalift-soin-anti-age-hydratant-and-raffermissant-creme-de-jour-anti-rides-et-extra-fermete-enrichi-en-pro-retinol-pour-tous-types-de-peaux-50-ml","status":"publish","type":"product","link":"https:\/\/nirigs.com\/en\/product\/loreal-paris-revitalift-soin-anti-age-hydratant-and-raffermissant-creme-de-jour-anti-rides-et-extra-fermete-enrichi-en-pro-retinol-pour-tous-types-de-peaux-50-ml\/","title":{"rendered":"L'Or\u00e9al Paris - Revitalift - Anti-Aging Moisturizing and Firming Cream - Anti-Wrinkle and Extra-Firming Day Cream - Enriched with Pro-Retinol - For All Skin Types - 50 ml"},"content":{"rendered":"<p>Depuis 25 ans, le soin jour Revitalift de L\u2019Or\u00e9al Paris r\u00e9pond aux besoins anti-rides de millions de femmes. D\u00e9clin\u00e9 en une gamme compl\u00e8te de soins anti-\u00e2ge, il allie efficacit\u00e9 et s\u00e9curit\u00e9. D\u00e8s 35 ans, la peau du visage s\u2019affine et devient plus fragile. Elle est donc facilement affect\u00e9e par les agressions ext\u00e9rieures au fil des changements de saisons. Son exposition \u00e0 l\u2019air libre lui fait perdre sa fermet\u00e9, sa capacit\u00e9 \u00e0 synth\u00e9tiser du collag\u00e8ne et ternit son teint.<\/p>\n<p>Les ridules et les rides s\u2019installent progressivement. Pour prendre soin de votre peau, adoptez le soin de jour extra-fermet\u00e9 Revitalift ! Sa formule compos\u00e9e de Fibrelastyl et de Pro-R\u00e9tinol Avanc\u00e9 agit efficacement contre les signes de l\u2019\u00e2ge. Le Pro-R\u00e9tinol A est un actif puissant inspir\u00e9 des proc\u00e9dures dermatologiques qui aide \u00e0 lisser la surface de la peau et \u00e0 unifier le teint. Imm\u00e9diatement, la peau est hydrat\u00e9e et tonifi\u00e9e.<\/p>\n<h4>Use<\/h4>\n<p>Tous les jours,<\/p>\n<ul>\n<li>Appliquez la cr\u00e8me de jour sur le visage et le cou propres en effectuant des mouvements circulaires ascendants.<\/li>\n<li>\u00c9tirez les plis des rides d\u2019une main pour d\u00e9gager la peau et faciliter la p\u00e9n\u00e9tration de la cr\u00e8me, puis appliquez le produit en massant lentement (par mouvements circulaires pour traiter les rides du front et des yeux ; par un mouvement de palper-rouler pour les rides du contour de la bouche).<\/li>\n<li>Compl\u00e9tez votre routine de soin anti-\u00e2ge avec les produits Revitalift de L\u2019Or\u00e9al Paris.<\/li>\n<\/ul>\n<h4>Ingredients<\/h4>\n<p>Aqua \/ Water, Cyclohexasiloxane, Glycerin, Myristyl Myristate, Butyrospermum Parkii Butter \/ Shea Butter, Stearic Acid, Limnanthes Alba Seed Oil \/ Meadowfoam Seed Oil, Isopropyl Isostearate, Caprylic\/Capric Triglyceride, Palmitic Acid, Peg-100 Stearate, Cera Alba \/ Beeswax, Glyceryl Stearate, Glycine Soja Protein \/ Soybean Protein, Hydrolyzed Soy Protein, Acetyl Trifluoromethylphenyl Valylglycine, Disodium Edta, Faex Extract \/ Yeast Extract, Hydroxyacetophenone, Salicyloyl Phytosphingosine, Triethanolamine, Retinyl Palmitate, Cetyl Alcohol, Stearyl Alcohol, Acrylamide\/Sodium Acryloyldimethyltaurate Copolymer, Acrylonitrile\/Methyl Methacrylate\/Vinylidene Chloride Copolymer, Caprylyl Glycol, Citric Acid, Ethylhexylglycerin, Isobutane, Isohexadecane, Myristic Acid, Peg-20 Stearate, Pentylene Glycol, Polysorbate 80, Sodium Cocoyl Glutamate, Sorbitan Oleate, Dimethicone, Alpha-Isomethyl Ionone, Benzyl Alcohol, Benzyl Salicylate, Citronellol, Geraniol, Hexyl Cinnamal, Limonene, Linalool, Phenoxyethanol, Potassium Sorbate, Sodium Benzoate, Tocopherol, Parfum \/ Fragrance (F.I.L. B223562\/2).<\/p>","protected":false},"excerpt":{"rendered":"<p><br data-mce-bogus=\"1\"><\/p>","protected":false},"featured_media":21956,"comment_status":"open","ping_status":"closed","template":"","meta":[],"pwb-brand":[588],"product_brand":[],"product_cat":[267,1045,1032,1029,1041],"product_tag":[],"class_list":{"0":"post-21950","1":"product","2":"type-product","3":"status-publish","4":"has-post-thumbnail","6":"pwb-brand-loreal-paris","7":"product_cat-beaute-et-soins","8":"product_cat-soin-de-jour","9":"product_cat-soins-du-visage","10":"product_cat-soins-pour-la-peau","11":"product_cat-soins-visage-hydratants","13":"first","14":"instock","15":"shipping-taxable","16":"purchasable","17":"product-type-simple"},"yoast_head":"<!-- This site is optimized with the Yoast SEO plugin v27.1.1 - https:\/\/yoast.com\/product\/yoast-seo-wordpress\/ -->\n<title>L&#039;Or\u00e9al Paris - Revitalift - Soin Anti-\u00c2ge Hydratant and Raffermissant - Cr\u00e8me de Jour Anti-Rides et Extra-Fermet\u00e9 - Enrichi en Pro-R\u00e9tinol - Pour Tous Types de Peaux - 50 ml - NIRIGS<\/title>\n<meta name=\"robots\" content=\"index, follow, max-snippet:-1, max-image-preview:large, max-video-preview:-1\" \/>\n<link rel=\"canonical\" href=\"https:\/\/nirigs.com\/en\/product\/loreal-paris-revitalift-soin-anti-age-hydratant-and-raffermissant-creme-de-jour-anti-rides-et-extra-fermete-enrichi-en-pro-retinol-pour-tous-types-de-peaux-50-ml\/\" \/>\n<meta property=\"og:locale\" content=\"en_US\" \/>\n<meta property=\"og:type\" content=\"article\" \/>\n<meta property=\"og:title\" content=\"L&#039;Or\u00e9al Paris - Revitalift - Soin Anti-\u00c2ge Hydratant and Raffermissant - Cr\u00e8me de Jour Anti-Rides et Extra-Fermet\u00e9 - Enrichi en Pro-R\u00e9tinol - Pour Tous Types de Peaux - 50 ml - NIRIGS\" \/>\n<meta property=\"og:url\" content=\"https:\/\/nirigs.com\/en\/product\/loreal-paris-revitalift-soin-anti-age-hydratant-and-raffermissant-creme-de-jour-anti-rides-et-extra-fermete-enrichi-en-pro-retinol-pour-tous-types-de-peaux-50-ml\/\" \/>\n<meta property=\"og:site_name\" content=\"NIRIGS\" \/>\n<meta property=\"article:modified_time\" content=\"2025-04-22T08:23:36+00:00\" \/>\n<meta property=\"og:image\" content=\"https:\/\/nirigs.com\/wp-content\/uploads\/2024\/09\/LOreal-Paris-Revitalift-Soin-Anti-Age-Hydratant-Raffermissant-Creme-de-Jour-Anti-Rides-Extra-Fermete-Enrichi-en-Pro-Retinol-Pour-Tous-Types-de-Peaux-50-ml-1.jpg\" \/>\n\t<meta property=\"og:image:width\" content=\"1000\" \/>\n\t<meta property=\"og:image:height\" content=\"1000\" \/>\n\t<meta property=\"og:image:type\" content=\"image\/jpeg\" \/>\n<meta name=\"twitter:card\" content=\"summary_large_image\" \/>\n<meta name=\"twitter:label1\" content=\"Est. reading time\" \/>\n\t<meta name=\"twitter:data1\" content=\"2 minutes\" \/>\n<script type=\"application\/ld+json\" class=\"yoast-schema-graph\">{\"@context\":\"https:\/\/schema.org\",\"@graph\":[{\"@type\":\"WebPage\",\"@id\":\"https:\/\/nirigs.com\/product\/loreal-paris-revitalift-soin-anti-age-hydratant-and-raffermissant-creme-de-jour-anti-rides-et-extra-fermete-enrichi-en-pro-retinol-pour-tous-types-de-peaux-50-ml\/\",\"url\":\"https:\/\/nirigs.com\/product\/loreal-paris-revitalift-soin-anti-age-hydratant-and-raffermissant-creme-de-jour-anti-rides-et-extra-fermete-enrichi-en-pro-retinol-pour-tous-types-de-peaux-50-ml\/\",\"name\":\"L'Or\u00e9al Paris - Revitalift - Soin Anti-\u00c2ge Hydratant and Raffermissant - Cr\u00e8me de Jour Anti-Rides et Extra-Fermet\u00e9 - Enrichi en Pro-R\u00e9tinol - Pour Tous Types de Peaux - 50 ml - NIRIGS\",\"isPartOf\":{\"@id\":\"https:\/\/nirigs.com\/#website\"},\"primaryImageOfPage\":{\"@id\":\"https:\/\/nirigs.com\/product\/loreal-paris-revitalift-soin-anti-age-hydratant-and-raffermissant-creme-de-jour-anti-rides-et-extra-fermete-enrichi-en-pro-retinol-pour-tous-types-de-peaux-50-ml\/#primaryimage\"},\"image\":{\"@id\":\"https:\/\/nirigs.com\/product\/loreal-paris-revitalift-soin-anti-age-hydratant-and-raffermissant-creme-de-jour-anti-rides-et-extra-fermete-enrichi-en-pro-retinol-pour-tous-types-de-peaux-50-ml\/#primaryimage\"},\"thumbnailUrl\":\"https:\/\/nirigs.com\/wp-content\/uploads\/2024\/09\/LOreal-Paris-Revitalift-Soin-Anti-Age-Hydratant-Raffermissant-Creme-de-Jour-Anti-Rides-Extra-Fermete-Enrichi-en-Pro-Retinol-Pour-Tous-Types-de-Peaux-50-ml-1.jpg\",\"datePublished\":\"2024-10-02T14:51:45+00:00\",\"dateModified\":\"2025-04-22T08:23:36+00:00\",\"breadcrumb\":{\"@id\":\"https:\/\/nirigs.com\/product\/loreal-paris-revitalift-soin-anti-age-hydratant-and-raffermissant-creme-de-jour-anti-rides-et-extra-fermete-enrichi-en-pro-retinol-pour-tous-types-de-peaux-50-ml\/#breadcrumb\"},\"inLanguage\":\"en-US\",\"potentialAction\":[{\"@type\":\"ReadAction\",\"target\":[\"https:\/\/nirigs.com\/product\/loreal-paris-revitalift-soin-anti-age-hydratant-and-raffermissant-creme-de-jour-anti-rides-et-extra-fermete-enrichi-en-pro-retinol-pour-tous-types-de-peaux-50-ml\/\"]}]},{\"@type\":\"ImageObject\",\"inLanguage\":\"en-US\",\"@id\":\"https:\/\/nirigs.com\/product\/loreal-paris-revitalift-soin-anti-age-hydratant-and-raffermissant-creme-de-jour-anti-rides-et-extra-fermete-enrichi-en-pro-retinol-pour-tous-types-de-peaux-50-ml\/#primaryimage\",\"url\":\"https:\/\/nirigs.com\/wp-content\/uploads\/2024\/09\/LOreal-Paris-Revitalift-Soin-Anti-Age-Hydratant-Raffermissant-Creme-de-Jour-Anti-Rides-Extra-Fermete-Enrichi-en-Pro-Retinol-Pour-Tous-Types-de-Peaux-50-ml-1.jpg\",\"contentUrl\":\"https:\/\/nirigs.com\/wp-content\/uploads\/2024\/09\/LOreal-Paris-Revitalift-Soin-Anti-Age-Hydratant-Raffermissant-Creme-de-Jour-Anti-Rides-Extra-Fermete-Enrichi-en-Pro-Retinol-Pour-Tous-Types-de-Peaux-50-ml-1.jpg\",\"width\":1000,\"height\":1000},{\"@type\":\"BreadcrumbList\",\"@id\":\"https:\/\/nirigs.com\/product\/loreal-paris-revitalift-soin-anti-age-hydratant-and-raffermissant-creme-de-jour-anti-rides-et-extra-fermete-enrichi-en-pro-retinol-pour-tous-types-de-peaux-50-ml\/#breadcrumb\",\"itemListElement\":[{\"@type\":\"ListItem\",\"position\":1,\"name\":\"Home\",\"item\":\"https:\/\/nirigs.com\/\"},{\"@type\":\"ListItem\",\"position\":2,\"name\":\"Parcourir\",\"item\":\"https:\/\/nirigs.com\/boutique\/\"},{\"@type\":\"ListItem\",\"position\":3,\"name\":\"L&rsquo;Or\u00e9al Paris &#8211; Revitalift &#8211; Soin Anti-\u00c2ge Hydratant and Raffermissant &#8211; Cr\u00e8me de Jour Anti-Rides et Extra-Fermet\u00e9 &#8211; Enrichi en Pro-R\u00e9tinol &#8211; Pour Tous Types de Peaux &#8211; 50 ml\"}]},{\"@type\":\"WebSite\",\"@id\":\"https:\/\/nirigs.com\/#website\",\"url\":\"https:\/\/nirigs.com\/\",\"name\":\"Nirigs.com\",\"description\":\"Simplifiez vos achats du quotidien \u00e0 Djibouti\",\"publisher\":{\"@id\":\"https:\/\/nirigs.com\/#organization\"},\"potentialAction\":[{\"@type\":\"SearchAction\",\"target\":{\"@type\":\"EntryPoint\",\"urlTemplate\":\"https:\/\/nirigs.com\/?s={search_term_string}\"},\"query-input\":{\"@type\":\"PropertyValueSpecification\",\"valueRequired\":true,\"valueName\":\"search_term_string\"}}],\"inLanguage\":\"en-US\"},{\"@type\":\"Organization\",\"@id\":\"https:\/\/nirigs.com\/#organization\",\"name\":\"Nirigs\",\"url\":\"https:\/\/nirigs.com\/\",\"logo\":{\"@type\":\"ImageObject\",\"inLanguage\":\"en-US\",\"@id\":\"https:\/\/nirigs.com\/#\/schema\/logo\/image\/\",\"url\":\"https:\/\/nirigs.com\/wp-content\/uploads\/2025\/04\/Design-sans-titre-27.png\",\"contentUrl\":\"https:\/\/nirigs.com\/wp-content\/uploads\/2025\/04\/Design-sans-titre-27.png\",\"width\":500,\"height\":500,\"caption\":\"Nirigs\"},\"image\":{\"@id\":\"https:\/\/nirigs.com\/#\/schema\/logo\/image\/\"}}]}<\/script>\n<!-- \/ Yoast SEO plugin. -->","yoast_head_json":{"title":"L'Or\u00e9al Paris - Revitalift - Soin Anti-\u00c2ge Hydratant and Raffermissant - Cr\u00e8me de Jour Anti-Rides et Extra-Fermet\u00e9 - Enrichi en Pro-R\u00e9tinol - Pour Tous Types de Peaux - 50 ml - NIRIGS","robots":{"index":"index","follow":"follow","max-snippet":"max-snippet:-1","max-image-preview":"max-image-preview:large","max-video-preview":"max-video-preview:-1"},"canonical":"https:\/\/nirigs.com\/en\/product\/loreal-paris-revitalift-soin-anti-age-hydratant-and-raffermissant-creme-de-jour-anti-rides-et-extra-fermete-enrichi-en-pro-retinol-pour-tous-types-de-peaux-50-ml\/","og_locale":"en_US","og_type":"article","og_title":"L'Or\u00e9al Paris - Revitalift - Soin Anti-\u00c2ge Hydratant and Raffermissant - Cr\u00e8me de Jour Anti-Rides et Extra-Fermet\u00e9 - Enrichi en Pro-R\u00e9tinol - Pour Tous Types de Peaux - 50 ml - NIRIGS","og_url":"https:\/\/nirigs.com\/en\/product\/loreal-paris-revitalift-soin-anti-age-hydratant-and-raffermissant-creme-de-jour-anti-rides-et-extra-fermete-enrichi-en-pro-retinol-pour-tous-types-de-peaux-50-ml\/","og_site_name":"NIRIGS","article_modified_time":"2025-04-22T08:23:36+00:00","og_image":[{"width":1000,"height":1000,"url":"https:\/\/nirigs.com\/wp-content\/uploads\/2024\/09\/LOreal-Paris-Revitalift-Soin-Anti-Age-Hydratant-Raffermissant-Creme-de-Jour-Anti-Rides-Extra-Fermete-Enrichi-en-Pro-Retinol-Pour-Tous-Types-de-Peaux-50-ml-1.jpg","type":"image\/jpeg"}],"twitter_card":"summary_large_image","twitter_misc":{"Est. reading time":"2 minutes"},"schema":{"@context":"https:\/\/schema.org","@graph":[{"@type":"WebPage","@id":"https:\/\/nirigs.com\/product\/loreal-paris-revitalift-soin-anti-age-hydratant-and-raffermissant-creme-de-jour-anti-rides-et-extra-fermete-enrichi-en-pro-retinol-pour-tous-types-de-peaux-50-ml\/","url":"https:\/\/nirigs.com\/product\/loreal-paris-revitalift-soin-anti-age-hydratant-and-raffermissant-creme-de-jour-anti-rides-et-extra-fermete-enrichi-en-pro-retinol-pour-tous-types-de-peaux-50-ml\/","name":"L'Or\u00e9al Paris - Revitalift - Soin Anti-\u00c2ge Hydratant and Raffermissant - Cr\u00e8me de Jour Anti-Rides et Extra-Fermet\u00e9 - Enrichi en Pro-R\u00e9tinol - Pour Tous Types de Peaux - 50 ml - NIRIGS","isPartOf":{"@id":"https:\/\/nirigs.com\/#website"},"primaryImageOfPage":{"@id":"https:\/\/nirigs.com\/product\/loreal-paris-revitalift-soin-anti-age-hydratant-and-raffermissant-creme-de-jour-anti-rides-et-extra-fermete-enrichi-en-pro-retinol-pour-tous-types-de-peaux-50-ml\/#primaryimage"},"image":{"@id":"https:\/\/nirigs.com\/product\/loreal-paris-revitalift-soin-anti-age-hydratant-and-raffermissant-creme-de-jour-anti-rides-et-extra-fermete-enrichi-en-pro-retinol-pour-tous-types-de-peaux-50-ml\/#primaryimage"},"thumbnailUrl":"https:\/\/nirigs.com\/wp-content\/uploads\/2024\/09\/LOreal-Paris-Revitalift-Soin-Anti-Age-Hydratant-Raffermissant-Creme-de-Jour-Anti-Rides-Extra-Fermete-Enrichi-en-Pro-Retinol-Pour-Tous-Types-de-Peaux-50-ml-1.jpg","datePublished":"2024-10-02T14:51:45+00:00","dateModified":"2025-04-22T08:23:36+00:00","breadcrumb":{"@id":"https:\/\/nirigs.com\/product\/loreal-paris-revitalift-soin-anti-age-hydratant-and-raffermissant-creme-de-jour-anti-rides-et-extra-fermete-enrichi-en-pro-retinol-pour-tous-types-de-peaux-50-ml\/#breadcrumb"},"inLanguage":"en-US","potentialAction":[{"@type":"ReadAction","target":["https:\/\/nirigs.com\/product\/loreal-paris-revitalift-soin-anti-age-hydratant-and-raffermissant-creme-de-jour-anti-rides-et-extra-fermete-enrichi-en-pro-retinol-pour-tous-types-de-peaux-50-ml\/"]}]},{"@type":"ImageObject","inLanguage":"en-US","@id":"https:\/\/nirigs.com\/product\/loreal-paris-revitalift-soin-anti-age-hydratant-and-raffermissant-creme-de-jour-anti-rides-et-extra-fermete-enrichi-en-pro-retinol-pour-tous-types-de-peaux-50-ml\/#primaryimage","url":"https:\/\/nirigs.com\/wp-content\/uploads\/2024\/09\/LOreal-Paris-Revitalift-Soin-Anti-Age-Hydratant-Raffermissant-Creme-de-Jour-Anti-Rides-Extra-Fermete-Enrichi-en-Pro-Retinol-Pour-Tous-Types-de-Peaux-50-ml-1.jpg","contentUrl":"https:\/\/nirigs.com\/wp-content\/uploads\/2024\/09\/LOreal-Paris-Revitalift-Soin-Anti-Age-Hydratant-Raffermissant-Creme-de-Jour-Anti-Rides-Extra-Fermete-Enrichi-en-Pro-Retinol-Pour-Tous-Types-de-Peaux-50-ml-1.jpg","width":1000,"height":1000},{"@type":"BreadcrumbList","@id":"https:\/\/nirigs.com\/product\/loreal-paris-revitalift-soin-anti-age-hydratant-and-raffermissant-creme-de-jour-anti-rides-et-extra-fermete-enrichi-en-pro-retinol-pour-tous-types-de-peaux-50-ml\/#breadcrumb","itemListElement":[{"@type":"ListItem","position":1,"name":"Home","item":"https:\/\/nirigs.com\/"},{"@type":"ListItem","position":2,"name":"Parcourir","item":"https:\/\/nirigs.com\/boutique\/"},{"@type":"ListItem","position":3,"name":"L&rsquo;Or\u00e9al Paris &#8211; Revitalift &#8211; Soin Anti-\u00c2ge Hydratant and Raffermissant &#8211; Cr\u00e8me de Jour Anti-Rides et Extra-Fermet\u00e9 &#8211; Enrichi en Pro-R\u00e9tinol &#8211; Pour Tous Types de Peaux &#8211; 50 ml"}]},{"@type":"WebSite","@id":"https:\/\/nirigs.com\/#website","url":"https:\/\/nirigs.com\/","name":"Nirigs.com","description":"Simplifiez vos achats du quotidien \u00e0 Djibouti","publisher":{"@id":"https:\/\/nirigs.com\/#organization"},"potentialAction":[{"@type":"SearchAction","target":{"@type":"EntryPoint","urlTemplate":"https:\/\/nirigs.com\/?s={search_term_string}"},"query-input":{"@type":"PropertyValueSpecification","valueRequired":true,"valueName":"search_term_string"}}],"inLanguage":"en-US"},{"@type":"Organization","@id":"https:\/\/nirigs.com\/#organization","name":"Nirigs","url":"https:\/\/nirigs.com\/","logo":{"@type":"ImageObject","inLanguage":"en-US","@id":"https:\/\/nirigs.com\/#\/schema\/logo\/image\/","url":"https:\/\/nirigs.com\/wp-content\/uploads\/2025\/04\/Design-sans-titre-27.png","contentUrl":"https:\/\/nirigs.com\/wp-content\/uploads\/2025\/04\/Design-sans-titre-27.png","width":500,"height":500,"caption":"Nirigs"},"image":{"@id":"https:\/\/nirigs.com\/#\/schema\/logo\/image\/"}}]}},"brands":[{"id":588,"name":"L'Or\u00e9al Paris","slug":"loreal-paris"}],"_links":{"self":[{"href":"https:\/\/nirigs.com\/en\/wp-json\/wp\/v2\/product\/21950","targetHints":{"allow":["GET"]}}],"collection":[{"href":"https:\/\/nirigs.com\/en\/wp-json\/wp\/v2\/product"}],"about":[{"href":"https:\/\/nirigs.com\/en\/wp-json\/wp\/v2\/types\/product"}],"replies":[{"embeddable":true,"href":"https:\/\/nirigs.com\/en\/wp-json\/wp\/v2\/comments?post=21950"}],"version-history":[{"count":9,"href":"https:\/\/nirigs.com\/en\/wp-json\/wp\/v2\/product\/21950\/revisions"}],"predecessor-version":[{"id":26963,"href":"https:\/\/nirigs.com\/en\/wp-json\/wp\/v2\/product\/21950\/revisions\/26963"}],"wp:featuredmedia":[{"embeddable":true,"href":"https:\/\/nirigs.com\/en\/wp-json\/wp\/v2\/media\/21956"}],"wp:attachment":[{"href":"https:\/\/nirigs.com\/en\/wp-json\/wp\/v2\/media?parent=21950"}],"wp:term":[{"taxonomy":"pwb-brand","embeddable":true,"href":"https:\/\/nirigs.com\/en\/wp-json\/wp\/v2\/pwb-brand?post=21950"},{"taxonomy":"product_brand","embeddable":true,"href":"https:\/\/nirigs.com\/en\/wp-json\/wp\/v2\/product_brand?post=21950"},{"taxonomy":"product_cat","embeddable":true,"href":"https:\/\/nirigs.com\/en\/wp-json\/wp\/v2\/product_cat?post=21950"},{"taxonomy":"product_tag","embeddable":true,"href":"https:\/\/nirigs.com\/en\/wp-json\/wp\/v2\/product_tag?post=21950"}],"curies":[{"name":"wp","href":"https:\/\/api.w.org\/{rel}","templated":true}]}}