{"id":21929,"date":"2024-10-02T18:11:46","date_gmt":"2024-10-02T15:11:46","guid":{"rendered":"https:\/\/nirigs.com\/?post_type=product&#038;p=21929"},"modified":"2025-03-13T17:51:20","modified_gmt":"2025-03-13T14:51:20","slug":"loreal-paris-age-expertise-soin-de-jour-35-50-ml","status":"publish","type":"product","link":"https:\/\/nirigs.com\/en\/product\/loreal-paris-age-expertise-soin-de-jour-35-50-ml\/","title":{"rendered":"L'Or\u00e9al Paris - Age Expertise Day Care 35+ Collagen - 50 ml"},"content":{"rendered":"<p>\u00c0 partir de 35 ans la concentration de collag\u00e8ne dans la peau diminue. Elle perd de son \u00e9lasticit\u00e9 et se rel\u00e2che, rides et ridules commencent \u00e0 appara\u00eetre.<\/p>\n<p>Le soin anti-rides hydratant Age Expertise 35+ est un soin du jour enrichi en biosph\u00e8res de collag\u00e8ne qui s&rsquo;infiltrent dans l&rsquo;\u00e9piderme et peuvent tripler leur volume initial tout en hydratant la peau du visage en profondeur.<\/p>\n<p>Les 1\u00e8res rides sont r\u00e9duites, la peau est souple, rebondie et hydrat\u00e9e pendant 24 heures.<br \/>\nUNE CR\u00c8ME ANTI-RIDES HYDRANTE D\u00c8S 35 ANS.<\/p>\n<p>Une cr\u00e8me anti-rides de jour \u00e0 la texture l\u00e9g\u00e8re et onctueuse, enrichie en Collag\u00e8ne pour augmenter le volume de l&rsquo;\u00e9piderme<br \/>\nUN SOIN ANTI-\u00c2GE TRIPLE ACTION.<\/p>\n<ul>\n<li>R\u00e9duit les 1\u00e8res rides : repulp\u00e9e, la peau parait plus jeune<\/li>\n<li>Renforce l&rsquo;\u00e9lasticit\u00e9 : la peau est plus tonique et rebondie<\/li>\n<li>Hydrate pendant 24h<\/li>\n<\/ul>\n<h4>Utilisation<\/h4>\n<p>Appliquez tous les jours sur le visage et le cou bien nettoy\u00e9s par mouvements circulaires pour une meilleure p\u00e9n\u00e9tration.<\/p>\n<h4>Ingr\u00e9dients<\/h4>\n<p>AQUA \/ WATER \u2022 DIMETHICONE \u2022 GLYCERIN \u2022 PARAFFINUM LIQUIDUM \/ MINERAL OIL \u2022 NYLON-66 \u2022 MYRISTYL MYRISTATE \u2022 DIPROPYLENE GLYCOL \u2022 STEARIC ACID \u2022 PALMITIC ACID \u2022 PEG-100 STEARATE \u2022 GLYCERYL STEARATE \u2022 LITHIUM MAGNESIUM SODIUM SILICATE [NANO] \/ LITHIUM MAGNESIUM SODIUM SILICATE \u2022 BOSWELLIA SERRATA GUM \u2022 VACCINIUM MYRTILLUS FRUIT EXTRACT \u2022 ATELOCOLLAGEN \u2022 MANGANESE GLUCONATE \u2022 PENTAERYTHRITYL TETRAISOSTEARATE \u2022 SODIUM CHONDROITIN SULFATE \u2022 TRIETHANOLAMINE \u2022 TOCOPHERYL ACETATE \u2022 CETYL ALCOHOL \u2022 STEARYL ALCOHOL \u2022 AMMONIUM POLYACRYLOYLDIMETHYL TAURATE \u2022 BUTYLENE GLYCOL \u2022 CAPRYLYL GLYCOL \u2022 CI 77891 \/ TITANIUM DIOXIDE \u2022 MYRISTIC ACID \u2022 PEG-20 STEARATE \u2022 PROPYLENE GLYCOL \u2022 SILICA DIMETHYL SILYLATE [NANO] \/ SILICA DIMETHYL SILYLATE \u2022 SOLUBLE COLLAGEN \u2022 SORBITOL \u2022 TRISODIUM EDTA \u2022 ALPHA-ISOMETHYL IONONE \u2022 BENZYL ALCOHOL \u2022 BENZYL SALICYLATE \u2022 CITRONELLOL \u2022 HEXYL CINNAMAL \u2022 LINALOOL \u2022 HEXYLENE GLYCOL \u2022 PHENOXYETHANOL \u2022 POTASSIUM SORBATE \u2022 PARFUM \/ FRAGRANCE (F.I.L. B236010\/1).<\/p>\n","protected":false},"excerpt":{"rendered":"<p>\u00c0 partir de 35 ans la concentration de collag\u00e8ne dans la peau diminue. Elle perd de son \u00e9lasticit\u00e9 et se<\/p>","protected":false},"featured_media":22963,"comment_status":"open","ping_status":"closed","template":"","meta":[],"pwb-brand":[588],"product_brand":[],"product_cat":[267,1045,1032,1029,1041],"product_tag":[],"class_list":{"0":"post-21929","1":"product","2":"type-product","3":"status-publish","4":"has-post-thumbnail","6":"pwb-brand-loreal-paris","7":"product_cat-beaute-et-soins","8":"product_cat-soin-de-jour","9":"product_cat-soins-du-visage","10":"product_cat-soins-pour-la-peau","11":"product_cat-soins-visage-hydratants","13":"first","14":"instock","15":"shipping-taxable","16":"purchasable","17":"product-type-simple"},"yoast_head":"<!-- This site is optimized with the Yoast SEO plugin v27.1.1 - https:\/\/yoast.com\/product\/yoast-seo-wordpress\/ -->\n<title>L&#039;Or\u00e9al Paris - Age Expertise Soin de Jour 35+ collag\u00e8ne - 50 ml - NIRIGS<\/title>\n<meta name=\"robots\" content=\"index, follow, max-snippet:-1, max-image-preview:large, max-video-preview:-1\" \/>\n<link rel=\"canonical\" href=\"https:\/\/nirigs.com\/en\/product\/loreal-paris-age-expertise-soin-de-jour-35-50-ml\/\" \/>\n<meta property=\"og:locale\" content=\"en_US\" \/>\n<meta property=\"og:type\" content=\"article\" \/>\n<meta property=\"og:title\" content=\"L&#039;Or\u00e9al Paris - Age Expertise Soin de Jour 35+ collag\u00e8ne - 50 ml - NIRIGS\" \/>\n<meta property=\"og:description\" content=\"\u00c0 partir de 35 ans la concentration de collag\u00e8ne dans la peau diminue. Elle perd de son \u00e9lasticit\u00e9 et se\" \/>\n<meta property=\"og:url\" content=\"https:\/\/nirigs.com\/en\/product\/loreal-paris-age-expertise-soin-de-jour-35-50-ml\/\" \/>\n<meta property=\"og:site_name\" content=\"NIRIGS\" \/>\n<meta property=\"article:modified_time\" content=\"2025-03-13T14:51:20+00:00\" \/>\n<meta property=\"og:image\" content=\"https:\/\/nirigs.com\/wp-content\/uploads\/2024\/10\/LOreal-Paris-Age-Expertise-Soin-de-Jour-35-collagene-50-ml.jpg\" \/>\n\t<meta property=\"og:image:width\" content=\"1000\" \/>\n\t<meta property=\"og:image:height\" content=\"1000\" \/>\n\t<meta property=\"og:image:type\" content=\"image\/jpeg\" \/>\n<meta name=\"twitter:card\" content=\"summary_large_image\" \/>\n<meta name=\"twitter:label1\" content=\"Est. reading time\" \/>\n\t<meta name=\"twitter:data1\" content=\"1 minute\" \/>\n<script type=\"application\/ld+json\" class=\"yoast-schema-graph\">{\"@context\":\"https:\/\/schema.org\",\"@graph\":[{\"@type\":\"WebPage\",\"@id\":\"https:\/\/nirigs.com\/product\/loreal-paris-age-expertise-soin-de-jour-35-50-ml\/\",\"url\":\"https:\/\/nirigs.com\/product\/loreal-paris-age-expertise-soin-de-jour-35-50-ml\/\",\"name\":\"L'Or\u00e9al Paris - Age Expertise Soin de Jour 35+ collag\u00e8ne - 50 ml - NIRIGS\",\"isPartOf\":{\"@id\":\"https:\/\/nirigs.com\/#website\"},\"primaryImageOfPage\":{\"@id\":\"https:\/\/nirigs.com\/product\/loreal-paris-age-expertise-soin-de-jour-35-50-ml\/#primaryimage\"},\"image\":{\"@id\":\"https:\/\/nirigs.com\/product\/loreal-paris-age-expertise-soin-de-jour-35-50-ml\/#primaryimage\"},\"thumbnailUrl\":\"https:\/\/nirigs.com\/wp-content\/uploads\/2024\/10\/LOreal-Paris-Age-Expertise-Soin-de-Jour-35-collagene-50-ml.jpg\",\"datePublished\":\"2024-10-02T15:11:46+00:00\",\"dateModified\":\"2025-03-13T14:51:20+00:00\",\"breadcrumb\":{\"@id\":\"https:\/\/nirigs.com\/product\/loreal-paris-age-expertise-soin-de-jour-35-50-ml\/#breadcrumb\"},\"inLanguage\":\"en-US\",\"potentialAction\":[{\"@type\":\"ReadAction\",\"target\":[\"https:\/\/nirigs.com\/product\/loreal-paris-age-expertise-soin-de-jour-35-50-ml\/\"]}]},{\"@type\":\"ImageObject\",\"inLanguage\":\"en-US\",\"@id\":\"https:\/\/nirigs.com\/product\/loreal-paris-age-expertise-soin-de-jour-35-50-ml\/#primaryimage\",\"url\":\"https:\/\/nirigs.com\/wp-content\/uploads\/2024\/10\/LOreal-Paris-Age-Expertise-Soin-de-Jour-35-collagene-50-ml.jpg\",\"contentUrl\":\"https:\/\/nirigs.com\/wp-content\/uploads\/2024\/10\/LOreal-Paris-Age-Expertise-Soin-de-Jour-35-collagene-50-ml.jpg\",\"width\":1000,\"height\":1000},{\"@type\":\"BreadcrumbList\",\"@id\":\"https:\/\/nirigs.com\/product\/loreal-paris-age-expertise-soin-de-jour-35-50-ml\/#breadcrumb\",\"itemListElement\":[{\"@type\":\"ListItem\",\"position\":1,\"name\":\"Home\",\"item\":\"https:\/\/nirigs.com\/\"},{\"@type\":\"ListItem\",\"position\":2,\"name\":\"Parcourir\",\"item\":\"https:\/\/nirigs.com\/boutique\/\"},{\"@type\":\"ListItem\",\"position\":3,\"name\":\"L&rsquo;Or\u00e9al Paris &#8211; Age Expertise Soin de Jour 35+ collag\u00e8ne &#8211; 50 ml\"}]},{\"@type\":\"WebSite\",\"@id\":\"https:\/\/nirigs.com\/#website\",\"url\":\"https:\/\/nirigs.com\/\",\"name\":\"Nirigs.com\",\"description\":\"Simplifiez vos achats du quotidien \u00e0 Djibouti\",\"publisher\":{\"@id\":\"https:\/\/nirigs.com\/#organization\"},\"potentialAction\":[{\"@type\":\"SearchAction\",\"target\":{\"@type\":\"EntryPoint\",\"urlTemplate\":\"https:\/\/nirigs.com\/?s={search_term_string}\"},\"query-input\":{\"@type\":\"PropertyValueSpecification\",\"valueRequired\":true,\"valueName\":\"search_term_string\"}}],\"inLanguage\":\"en-US\"},{\"@type\":\"Organization\",\"@id\":\"https:\/\/nirigs.com\/#organization\",\"name\":\"Nirigs\",\"url\":\"https:\/\/nirigs.com\/\",\"logo\":{\"@type\":\"ImageObject\",\"inLanguage\":\"en-US\",\"@id\":\"https:\/\/nirigs.com\/#\/schema\/logo\/image\/\",\"url\":\"https:\/\/nirigs.com\/wp-content\/uploads\/2025\/04\/Design-sans-titre-27.png\",\"contentUrl\":\"https:\/\/nirigs.com\/wp-content\/uploads\/2025\/04\/Design-sans-titre-27.png\",\"width\":500,\"height\":500,\"caption\":\"Nirigs\"},\"image\":{\"@id\":\"https:\/\/nirigs.com\/#\/schema\/logo\/image\/\"}}]}<\/script>\n<!-- \/ Yoast SEO plugin. -->","yoast_head_json":{"title":"L'Or\u00e9al Paris - Age Expertise Soin de Jour 35+ collag\u00e8ne - 50 ml - NIRIGS","robots":{"index":"index","follow":"follow","max-snippet":"max-snippet:-1","max-image-preview":"max-image-preview:large","max-video-preview":"max-video-preview:-1"},"canonical":"https:\/\/nirigs.com\/en\/product\/loreal-paris-age-expertise-soin-de-jour-35-50-ml\/","og_locale":"en_US","og_type":"article","og_title":"L'Or\u00e9al Paris - Age Expertise Soin de Jour 35+ collag\u00e8ne - 50 ml - NIRIGS","og_description":"\u00c0 partir de 35 ans la concentration de collag\u00e8ne dans la peau diminue. Elle perd de son \u00e9lasticit\u00e9 et se","og_url":"https:\/\/nirigs.com\/en\/product\/loreal-paris-age-expertise-soin-de-jour-35-50-ml\/","og_site_name":"NIRIGS","article_modified_time":"2025-03-13T14:51:20+00:00","og_image":[{"width":1000,"height":1000,"url":"https:\/\/nirigs.com\/wp-content\/uploads\/2024\/10\/LOreal-Paris-Age-Expertise-Soin-de-Jour-35-collagene-50-ml.jpg","type":"image\/jpeg"}],"twitter_card":"summary_large_image","twitter_misc":{"Est. reading time":"1 minute"},"schema":{"@context":"https:\/\/schema.org","@graph":[{"@type":"WebPage","@id":"https:\/\/nirigs.com\/product\/loreal-paris-age-expertise-soin-de-jour-35-50-ml\/","url":"https:\/\/nirigs.com\/product\/loreal-paris-age-expertise-soin-de-jour-35-50-ml\/","name":"L'Or\u00e9al Paris - Age Expertise Soin de Jour 35+ collag\u00e8ne - 50 ml - NIRIGS","isPartOf":{"@id":"https:\/\/nirigs.com\/#website"},"primaryImageOfPage":{"@id":"https:\/\/nirigs.com\/product\/loreal-paris-age-expertise-soin-de-jour-35-50-ml\/#primaryimage"},"image":{"@id":"https:\/\/nirigs.com\/product\/loreal-paris-age-expertise-soin-de-jour-35-50-ml\/#primaryimage"},"thumbnailUrl":"https:\/\/nirigs.com\/wp-content\/uploads\/2024\/10\/LOreal-Paris-Age-Expertise-Soin-de-Jour-35-collagene-50-ml.jpg","datePublished":"2024-10-02T15:11:46+00:00","dateModified":"2025-03-13T14:51:20+00:00","breadcrumb":{"@id":"https:\/\/nirigs.com\/product\/loreal-paris-age-expertise-soin-de-jour-35-50-ml\/#breadcrumb"},"inLanguage":"en-US","potentialAction":[{"@type":"ReadAction","target":["https:\/\/nirigs.com\/product\/loreal-paris-age-expertise-soin-de-jour-35-50-ml\/"]}]},{"@type":"ImageObject","inLanguage":"en-US","@id":"https:\/\/nirigs.com\/product\/loreal-paris-age-expertise-soin-de-jour-35-50-ml\/#primaryimage","url":"https:\/\/nirigs.com\/wp-content\/uploads\/2024\/10\/LOreal-Paris-Age-Expertise-Soin-de-Jour-35-collagene-50-ml.jpg","contentUrl":"https:\/\/nirigs.com\/wp-content\/uploads\/2024\/10\/LOreal-Paris-Age-Expertise-Soin-de-Jour-35-collagene-50-ml.jpg","width":1000,"height":1000},{"@type":"BreadcrumbList","@id":"https:\/\/nirigs.com\/product\/loreal-paris-age-expertise-soin-de-jour-35-50-ml\/#breadcrumb","itemListElement":[{"@type":"ListItem","position":1,"name":"Home","item":"https:\/\/nirigs.com\/"},{"@type":"ListItem","position":2,"name":"Parcourir","item":"https:\/\/nirigs.com\/boutique\/"},{"@type":"ListItem","position":3,"name":"L&rsquo;Or\u00e9al Paris &#8211; Age Expertise Soin de Jour 35+ collag\u00e8ne &#8211; 50 ml"}]},{"@type":"WebSite","@id":"https:\/\/nirigs.com\/#website","url":"https:\/\/nirigs.com\/","name":"Nirigs.com","description":"Simplifiez vos achats du quotidien \u00e0 Djibouti","publisher":{"@id":"https:\/\/nirigs.com\/#organization"},"potentialAction":[{"@type":"SearchAction","target":{"@type":"EntryPoint","urlTemplate":"https:\/\/nirigs.com\/?s={search_term_string}"},"query-input":{"@type":"PropertyValueSpecification","valueRequired":true,"valueName":"search_term_string"}}],"inLanguage":"en-US"},{"@type":"Organization","@id":"https:\/\/nirigs.com\/#organization","name":"Nirigs","url":"https:\/\/nirigs.com\/","logo":{"@type":"ImageObject","inLanguage":"en-US","@id":"https:\/\/nirigs.com\/#\/schema\/logo\/image\/","url":"https:\/\/nirigs.com\/wp-content\/uploads\/2025\/04\/Design-sans-titre-27.png","contentUrl":"https:\/\/nirigs.com\/wp-content\/uploads\/2025\/04\/Design-sans-titre-27.png","width":500,"height":500,"caption":"Nirigs"},"image":{"@id":"https:\/\/nirigs.com\/#\/schema\/logo\/image\/"}}]}},"brands":[{"id":588,"name":"L'Or\u00e9al Paris","slug":"loreal-paris"}],"_links":{"self":[{"href":"https:\/\/nirigs.com\/en\/wp-json\/wp\/v2\/product\/21929","targetHints":{"allow":["GET"]}}],"collection":[{"href":"https:\/\/nirigs.com\/en\/wp-json\/wp\/v2\/product"}],"about":[{"href":"https:\/\/nirigs.com\/en\/wp-json\/wp\/v2\/types\/product"}],"replies":[{"embeddable":true,"href":"https:\/\/nirigs.com\/en\/wp-json\/wp\/v2\/comments?post=21929"}],"version-history":[{"count":8,"href":"https:\/\/nirigs.com\/en\/wp-json\/wp\/v2\/product\/21929\/revisions"}],"predecessor-version":[{"id":22962,"href":"https:\/\/nirigs.com\/en\/wp-json\/wp\/v2\/product\/21929\/revisions\/22962"}],"wp:featuredmedia":[{"embeddable":true,"href":"https:\/\/nirigs.com\/en\/wp-json\/wp\/v2\/media\/22963"}],"wp:attachment":[{"href":"https:\/\/nirigs.com\/en\/wp-json\/wp\/v2\/media?parent=21929"}],"wp:term":[{"taxonomy":"pwb-brand","embeddable":true,"href":"https:\/\/nirigs.com\/en\/wp-json\/wp\/v2\/pwb-brand?post=21929"},{"taxonomy":"product_brand","embeddable":true,"href":"https:\/\/nirigs.com\/en\/wp-json\/wp\/v2\/product_brand?post=21929"},{"taxonomy":"product_cat","embeddable":true,"href":"https:\/\/nirigs.com\/en\/wp-json\/wp\/v2\/product_cat?post=21929"},{"taxonomy":"product_tag","embeddable":true,"href":"https:\/\/nirigs.com\/en\/wp-json\/wp\/v2\/product_tag?post=21929"}],"curies":[{"name":"wp","href":"https:\/\/api.w.org\/{rel}","templated":true}]}}