{"id":21913,"date":"2024-10-02T17:52:54","date_gmt":"2024-10-02T14:52:54","guid":{"rendered":"https:\/\/nirigs.com\/?post_type=product&#038;p=21913"},"modified":"2025-06-06T14:12:39","modified_gmt":"2025-06-06T11:12:39","slug":"mixa-intensif-peaux-seches-lait-corps-nutritif-satinant-400-ml","status":"publish","type":"product","link":"https:\/\/nirigs.com\/en\/product\/mixa-intensif-peaux-seches-lait-corps-nutritif-satinant-400-ml\/","title":{"rendered":"Mixa - Intensif Peaux S\u00e8ches Nourishing Satin Body Lotion - 400 ml"},"content":{"rendered":"<p>D\u00e9couvrez le Lait Corps Nutritif Satinant, formul\u00e9 aux beurres d&rsquo;origine naturelle. Il contient de l&rsquo;huile de karit\u00e9 nourrissante et de la glyc\u00e9rine v\u00e9g\u00e9tale pour hydrater intens\u00e9ment la peau.<\/p>\n<p>Le Lait Corps Nutritif Satinant nourrit imm\u00e9diatement et intens\u00e9ment la peau. Sp\u00e9cialement con\u00e7u pour les peaux mates \u00e0 fonc\u00e9es, elles retrouvent leur \u00e9clat naturel. Jour apr\u00e8s jour, la peau est liss\u00e9e, douce et satin\u00e9e.<\/p>\n<p>Une formule l\u00e9g\u00e8re et non collante qui p\u00e9n\u00e8tre instantan\u00e9ment, sans laisser de film gras sur la peau et hypoallerg\u00e9nique pour minimiser les risques d&rsquo;allergies.<\/p>\n<h4>Use<\/h4>\n<p>Appliquer sur le corps \u00e0 tout moment de la journ\u00e9e.<\/p>\n<h4>Ingredients<\/h4>\n<p>603923 13 &#8211; INGREDIENTS: AQUA \/ WATER \u2022 BUTYROSPERMUM PARKII BUTTER \/ SHEA BUTTER \u2022 CYCLOHEXASILOXANE \u2022 GLYCERIN \u2022 GLYCERYL STEARATE \u2022 CETYL ALCOHOL \u2022 PEG-40 STEARATE \u2022 CITRIC ACID \u2022 PENTAERYTHRITYL TETRA-DI-T-BUTYL HYDROXYHYDROCINNAMATE \u2022 PHENOXYETHANOL \u2022 SODIUM BENZOATE \u2022 SORBITAN TRISTEARATE \u2022 THEOBROMA CACAO BUTTER \/ COCOA SEED BUTTER \u2022 PARFUM \/ FRAGRANCE (F.I.L. B34865\/1).<\/p>","protected":false},"excerpt":{"rendered":"<p>D\u00e9couvrez le Lait Corps Nutritif Satinant, formul\u00e9 aux beurres d&rsquo;origine naturelle. Il contient de l&rsquo;huile de karit\u00e9 nourrissante et de<\/p>","protected":false},"featured_media":21914,"comment_status":"open","ping_status":"closed","template":"","meta":[],"pwb-brand":[1065],"product_brand":[],"product_cat":[1049,267,1084,1078],"product_tag":[],"class_list":{"0":"post-21913","1":"product","2":"type-product","3":"status-publish","4":"has-post-thumbnail","6":"pwb-brand-mixa","7":"product_cat-bain-savons-et-soin-du-corps","8":"product_cat-beaute-et-soins","9":"product_cat-lait-et-lotions-pour-le-corps-soins-pour-le-corps-et-gommages","10":"product_cat-soins-pour-le-corps-et-gommages","12":"first","13":"instock","14":"shipping-taxable","15":"purchasable","16":"product-type-simple"},"yoast_head":"<!-- This site is optimized with the Yoast SEO plugin v27.1.1 - https:\/\/yoast.com\/product\/yoast-seo-wordpress\/ -->\n<title>Mixa - Intensif Peaux S\u00e8ches Lait corps nutritif satinant - 400 ml - NIRIGS<\/title>\n<meta name=\"robots\" content=\"index, follow, max-snippet:-1, max-image-preview:large, max-video-preview:-1\" \/>\n<link rel=\"canonical\" href=\"https:\/\/nirigs.com\/en\/product\/mixa-intensif-peaux-seches-lait-corps-nutritif-satinant-400-ml\/\" \/>\n<meta property=\"og:locale\" content=\"en_US\" \/>\n<meta property=\"og:type\" content=\"article\" \/>\n<meta property=\"og:title\" content=\"Mixa - Intensif Peaux S\u00e8ches Lait corps nutritif satinant - 400 ml - NIRIGS\" \/>\n<meta property=\"og:description\" content=\"D\u00e9couvrez le Lait Corps Nutritif Satinant, formul\u00e9 aux beurres d&rsquo;origine naturelle. Il contient de l&rsquo;huile de karit\u00e9 nourrissante et de\" \/>\n<meta property=\"og:url\" content=\"https:\/\/nirigs.com\/en\/product\/mixa-intensif-peaux-seches-lait-corps-nutritif-satinant-400-ml\/\" \/>\n<meta property=\"og:site_name\" content=\"NIRIGS\" \/>\n<meta property=\"article:modified_time\" content=\"2025-06-06T11:12:39+00:00\" \/>\n<meta property=\"og:image\" content=\"https:\/\/nirigs.com\/wp-content\/uploads\/2024\/09\/Mixa-Intensif-Peaux-Seches-Lait-corps-nutritif-satinant-400ML.jpg\" \/>\n\t<meta property=\"og:image:width\" content=\"1000\" \/>\n\t<meta property=\"og:image:height\" content=\"1000\" \/>\n\t<meta property=\"og:image:type\" content=\"image\/jpeg\" \/>\n<meta name=\"twitter:card\" content=\"summary_large_image\" \/>\n<meta name=\"twitter:label1\" content=\"Est. reading time\" \/>\n\t<meta name=\"twitter:data1\" content=\"1 minute\" \/>\n<script type=\"application\/ld+json\" class=\"yoast-schema-graph\">{\"@context\":\"https:\/\/schema.org\",\"@graph\":[{\"@type\":\"WebPage\",\"@id\":\"https:\/\/nirigs.com\/product\/mixa-intensif-peaux-seches-lait-corps-nutritif-satinant-400-ml\/\",\"url\":\"https:\/\/nirigs.com\/product\/mixa-intensif-peaux-seches-lait-corps-nutritif-satinant-400-ml\/\",\"name\":\"Mixa - Intensif Peaux S\u00e8ches Lait corps nutritif satinant - 400 ml - NIRIGS\",\"isPartOf\":{\"@id\":\"https:\/\/nirigs.com\/#website\"},\"primaryImageOfPage\":{\"@id\":\"https:\/\/nirigs.com\/product\/mixa-intensif-peaux-seches-lait-corps-nutritif-satinant-400-ml\/#primaryimage\"},\"image\":{\"@id\":\"https:\/\/nirigs.com\/product\/mixa-intensif-peaux-seches-lait-corps-nutritif-satinant-400-ml\/#primaryimage\"},\"thumbnailUrl\":\"https:\/\/nirigs.com\/wp-content\/uploads\/2024\/09\/Mixa-Intensif-Peaux-Seches-Lait-corps-nutritif-satinant-400ML.jpg\",\"datePublished\":\"2024-10-02T14:52:54+00:00\",\"dateModified\":\"2025-06-06T11:12:39+00:00\",\"breadcrumb\":{\"@id\":\"https:\/\/nirigs.com\/product\/mixa-intensif-peaux-seches-lait-corps-nutritif-satinant-400-ml\/#breadcrumb\"},\"inLanguage\":\"en-US\",\"potentialAction\":[{\"@type\":\"ReadAction\",\"target\":[\"https:\/\/nirigs.com\/product\/mixa-intensif-peaux-seches-lait-corps-nutritif-satinant-400-ml\/\"]}]},{\"@type\":\"ImageObject\",\"inLanguage\":\"en-US\",\"@id\":\"https:\/\/nirigs.com\/product\/mixa-intensif-peaux-seches-lait-corps-nutritif-satinant-400-ml\/#primaryimage\",\"url\":\"https:\/\/nirigs.com\/wp-content\/uploads\/2024\/09\/Mixa-Intensif-Peaux-Seches-Lait-corps-nutritif-satinant-400ML.jpg\",\"contentUrl\":\"https:\/\/nirigs.com\/wp-content\/uploads\/2024\/09\/Mixa-Intensif-Peaux-Seches-Lait-corps-nutritif-satinant-400ML.jpg\",\"width\":1000,\"height\":1000},{\"@type\":\"BreadcrumbList\",\"@id\":\"https:\/\/nirigs.com\/product\/mixa-intensif-peaux-seches-lait-corps-nutritif-satinant-400-ml\/#breadcrumb\",\"itemListElement\":[{\"@type\":\"ListItem\",\"position\":1,\"name\":\"Home\",\"item\":\"https:\/\/nirigs.com\/\"},{\"@type\":\"ListItem\",\"position\":2,\"name\":\"Parcourir\",\"item\":\"https:\/\/nirigs.com\/boutique\/\"},{\"@type\":\"ListItem\",\"position\":3,\"name\":\"Mixa &#8211; Intensif Peaux S\u00e8ches Lait corps nutritif satinant &#8211; 400 ml\"}]},{\"@type\":\"WebSite\",\"@id\":\"https:\/\/nirigs.com\/#website\",\"url\":\"https:\/\/nirigs.com\/\",\"name\":\"Nirigs.com\",\"description\":\"Simplifiez vos achats du quotidien \u00e0 Djibouti\",\"publisher\":{\"@id\":\"https:\/\/nirigs.com\/#organization\"},\"potentialAction\":[{\"@type\":\"SearchAction\",\"target\":{\"@type\":\"EntryPoint\",\"urlTemplate\":\"https:\/\/nirigs.com\/?s={search_term_string}\"},\"query-input\":{\"@type\":\"PropertyValueSpecification\",\"valueRequired\":true,\"valueName\":\"search_term_string\"}}],\"inLanguage\":\"en-US\"},{\"@type\":\"Organization\",\"@id\":\"https:\/\/nirigs.com\/#organization\",\"name\":\"Nirigs\",\"url\":\"https:\/\/nirigs.com\/\",\"logo\":{\"@type\":\"ImageObject\",\"inLanguage\":\"en-US\",\"@id\":\"https:\/\/nirigs.com\/#\/schema\/logo\/image\/\",\"url\":\"https:\/\/nirigs.com\/wp-content\/uploads\/2025\/04\/Design-sans-titre-27.png\",\"contentUrl\":\"https:\/\/nirigs.com\/wp-content\/uploads\/2025\/04\/Design-sans-titre-27.png\",\"width\":500,\"height\":500,\"caption\":\"Nirigs\"},\"image\":{\"@id\":\"https:\/\/nirigs.com\/#\/schema\/logo\/image\/\"}}]}<\/script>\n<!-- \/ Yoast SEO plugin. -->","yoast_head_json":{"title":"Mixa - Intensif Peaux S\u00e8ches Lait corps nutritif satinant - 400 ml - NIRIGS","robots":{"index":"index","follow":"follow","max-snippet":"max-snippet:-1","max-image-preview":"max-image-preview:large","max-video-preview":"max-video-preview:-1"},"canonical":"https:\/\/nirigs.com\/en\/product\/mixa-intensif-peaux-seches-lait-corps-nutritif-satinant-400-ml\/","og_locale":"en_US","og_type":"article","og_title":"Mixa - Intensif Peaux S\u00e8ches Lait corps nutritif satinant - 400 ml - NIRIGS","og_description":"D\u00e9couvrez le Lait Corps Nutritif Satinant, formul\u00e9 aux beurres d&rsquo;origine naturelle. Il contient de l&rsquo;huile de karit\u00e9 nourrissante et de","og_url":"https:\/\/nirigs.com\/en\/product\/mixa-intensif-peaux-seches-lait-corps-nutritif-satinant-400-ml\/","og_site_name":"NIRIGS","article_modified_time":"2025-06-06T11:12:39+00:00","og_image":[{"width":1000,"height":1000,"url":"https:\/\/nirigs.com\/wp-content\/uploads\/2024\/09\/Mixa-Intensif-Peaux-Seches-Lait-corps-nutritif-satinant-400ML.jpg","type":"image\/jpeg"}],"twitter_card":"summary_large_image","twitter_misc":{"Est. reading time":"1 minute"},"schema":{"@context":"https:\/\/schema.org","@graph":[{"@type":"WebPage","@id":"https:\/\/nirigs.com\/product\/mixa-intensif-peaux-seches-lait-corps-nutritif-satinant-400-ml\/","url":"https:\/\/nirigs.com\/product\/mixa-intensif-peaux-seches-lait-corps-nutritif-satinant-400-ml\/","name":"Mixa - Intensif Peaux S\u00e8ches Lait corps nutritif satinant - 400 ml - NIRIGS","isPartOf":{"@id":"https:\/\/nirigs.com\/#website"},"primaryImageOfPage":{"@id":"https:\/\/nirigs.com\/product\/mixa-intensif-peaux-seches-lait-corps-nutritif-satinant-400-ml\/#primaryimage"},"image":{"@id":"https:\/\/nirigs.com\/product\/mixa-intensif-peaux-seches-lait-corps-nutritif-satinant-400-ml\/#primaryimage"},"thumbnailUrl":"https:\/\/nirigs.com\/wp-content\/uploads\/2024\/09\/Mixa-Intensif-Peaux-Seches-Lait-corps-nutritif-satinant-400ML.jpg","datePublished":"2024-10-02T14:52:54+00:00","dateModified":"2025-06-06T11:12:39+00:00","breadcrumb":{"@id":"https:\/\/nirigs.com\/product\/mixa-intensif-peaux-seches-lait-corps-nutritif-satinant-400-ml\/#breadcrumb"},"inLanguage":"en-US","potentialAction":[{"@type":"ReadAction","target":["https:\/\/nirigs.com\/product\/mixa-intensif-peaux-seches-lait-corps-nutritif-satinant-400-ml\/"]}]},{"@type":"ImageObject","inLanguage":"en-US","@id":"https:\/\/nirigs.com\/product\/mixa-intensif-peaux-seches-lait-corps-nutritif-satinant-400-ml\/#primaryimage","url":"https:\/\/nirigs.com\/wp-content\/uploads\/2024\/09\/Mixa-Intensif-Peaux-Seches-Lait-corps-nutritif-satinant-400ML.jpg","contentUrl":"https:\/\/nirigs.com\/wp-content\/uploads\/2024\/09\/Mixa-Intensif-Peaux-Seches-Lait-corps-nutritif-satinant-400ML.jpg","width":1000,"height":1000},{"@type":"BreadcrumbList","@id":"https:\/\/nirigs.com\/product\/mixa-intensif-peaux-seches-lait-corps-nutritif-satinant-400-ml\/#breadcrumb","itemListElement":[{"@type":"ListItem","position":1,"name":"Home","item":"https:\/\/nirigs.com\/"},{"@type":"ListItem","position":2,"name":"Parcourir","item":"https:\/\/nirigs.com\/boutique\/"},{"@type":"ListItem","position":3,"name":"Mixa &#8211; Intensif Peaux S\u00e8ches Lait corps nutritif satinant &#8211; 400 ml"}]},{"@type":"WebSite","@id":"https:\/\/nirigs.com\/#website","url":"https:\/\/nirigs.com\/","name":"Nirigs.com","description":"Simplifiez vos achats du quotidien \u00e0 Djibouti","publisher":{"@id":"https:\/\/nirigs.com\/#organization"},"potentialAction":[{"@type":"SearchAction","target":{"@type":"EntryPoint","urlTemplate":"https:\/\/nirigs.com\/?s={search_term_string}"},"query-input":{"@type":"PropertyValueSpecification","valueRequired":true,"valueName":"search_term_string"}}],"inLanguage":"en-US"},{"@type":"Organization","@id":"https:\/\/nirigs.com\/#organization","name":"Nirigs","url":"https:\/\/nirigs.com\/","logo":{"@type":"ImageObject","inLanguage":"en-US","@id":"https:\/\/nirigs.com\/#\/schema\/logo\/image\/","url":"https:\/\/nirigs.com\/wp-content\/uploads\/2025\/04\/Design-sans-titre-27.png","contentUrl":"https:\/\/nirigs.com\/wp-content\/uploads\/2025\/04\/Design-sans-titre-27.png","width":500,"height":500,"caption":"Nirigs"},"image":{"@id":"https:\/\/nirigs.com\/#\/schema\/logo\/image\/"}}]}},"brands":[{"id":1065,"name":"Mixa","slug":"mixa"}],"_links":{"self":[{"href":"https:\/\/nirigs.com\/en\/wp-json\/wp\/v2\/product\/21913","targetHints":{"allow":["GET"]}}],"collection":[{"href":"https:\/\/nirigs.com\/en\/wp-json\/wp\/v2\/product"}],"about":[{"href":"https:\/\/nirigs.com\/en\/wp-json\/wp\/v2\/types\/product"}],"replies":[{"embeddable":true,"href":"https:\/\/nirigs.com\/en\/wp-json\/wp\/v2\/comments?post=21913"}],"version-history":[{"count":7,"href":"https:\/\/nirigs.com\/en\/wp-json\/wp\/v2\/product\/21913\/revisions"}],"predecessor-version":[{"id":24940,"href":"https:\/\/nirigs.com\/en\/wp-json\/wp\/v2\/product\/21913\/revisions\/24940"}],"wp:featuredmedia":[{"embeddable":true,"href":"https:\/\/nirigs.com\/en\/wp-json\/wp\/v2\/media\/21914"}],"wp:attachment":[{"href":"https:\/\/nirigs.com\/en\/wp-json\/wp\/v2\/media?parent=21913"}],"wp:term":[{"taxonomy":"pwb-brand","embeddable":true,"href":"https:\/\/nirigs.com\/en\/wp-json\/wp\/v2\/pwb-brand?post=21913"},{"taxonomy":"product_brand","embeddable":true,"href":"https:\/\/nirigs.com\/en\/wp-json\/wp\/v2\/product_brand?post=21913"},{"taxonomy":"product_cat","embeddable":true,"href":"https:\/\/nirigs.com\/en\/wp-json\/wp\/v2\/product_cat?post=21913"},{"taxonomy":"product_tag","embeddable":true,"href":"https:\/\/nirigs.com\/en\/wp-json\/wp\/v2\/product_tag?post=21913"}],"curies":[{"name":"wp","href":"https:\/\/api.w.org\/{rel}","templated":true}]}}