{"id":21886,"date":"2024-10-02T17:52:45","date_gmt":"2024-10-02T14:52:45","guid":{"rendered":"https:\/\/nirigs.com\/?post_type=product&#038;p=21886"},"modified":"2025-04-22T10:49:05","modified_gmt":"2025-04-22T07:49:05","slug":"mixa-ceramide-deep-moisture-skin-strengthening-cream-400-ml","status":"publish","type":"product","link":"https:\/\/nirigs.com\/en\/product\/mixa-ceramide-deep-moisture-skin-strengthening-cream-400-ml\/","title":{"rendered":"Mixa &#8211; Cr\u00e8me c\u00e9ramide protection et nourrisante &#8211; 400 ml"},"content":{"rendered":"<p>D\u00e9couvrez la nouvelle gamme innovante de Mixa avec la Cr\u00e8me C\u00e9ramide Protection Nourrissante Protectrice de la gamme Expert Peau Sensible, id\u00e9ale pour le visage, le corps et les mains.<\/p>\n<p>Cette cr\u00e8me nourrit et r\u00e9pare la peau en renfor\u00e7ant la barri\u00e8re cutan\u00e9e pour mieux prot\u00e9ger contre la s\u00e9cheresse s\u00e9v\u00e8re, les variations de temp\u00e9rature et la pollution. Formul\u00e9e pour les peaux tr\u00e8s s\u00e8ches, elle offre des soins hydratants et protecteurs hautement concentr\u00e9s, respectant la sensibilit\u00e9 de la peau.<\/p>\n<p>Hypoallerg\u00e9nique, non grasse, non collante et \u00e0 absorption instantan\u00e9e, cette cr\u00e8me est adapt\u00e9e aux besoins des peaux sensibles. Cliniquement prouv\u00e9, cette cr\u00e8me r\u00e9duit la s\u00e9cheresse de 60 % apr\u00e8s seulement deux semaines d\u2019utilisation, selon un test clinique r\u00e9alis\u00e9 sur 24 femmes. Jour apr\u00e8s jour, la barri\u00e8re cutan\u00e9e est renforc\u00e9e pour offrir une protection optimale contre les agressions ext\u00e9rieures.<\/p>\n<p>La formule contient des c\u00e9ramides, naturellement pr\u00e9sents dans la peau, qui jouent un r\u00f4le essentiel dans le renforcement de la barri\u00e8re cutan\u00e9e. Le squalane aide \u00e0 maintenir l\u2019hydratation de la peau, tandis que la glyc\u00e9rine offre une hydratation intense et une protection durable.<\/p>\n<p>Test\u00e9e sous contr\u00f4le m\u00e9dical, cette cr\u00e8me offre des r\u00e9sultats cliniquement prouv\u00e9s. Appliquez-la sur le corps \u00e0 tout moment de la journ\u00e9e pour b\u00e9n\u00e9ficier de ses bienfaits hydratants et protecteurs.<\/p>\n<h4>Use<\/h4>\n<p>La cr\u00e8me fortifiante pour la peau Mixa Ceramide Deep Moisture peut \u00eatre utilis\u00e9e pour soigner les peaux s\u00e8ches et stress\u00e9es du visage, du corps et des mains. Pour ce faire, appliquez la cr\u00e8me sur la peau apr\u00e8s l&rsquo;avoir nettoy\u00e9e et si n\u00e9cessaire, puis massez-la en effectuant de l\u00e9gers mouvements circulaires.<\/p>\n<p>Laissez ensuite le soin s&rsquo;impr\u00e9gner pendant un court instant avant de l&rsquo;appliquer. Lors de l&rsquo;application de la cr\u00e8me, \u00e9viter le contour des yeux. Ne pas avaler. Tenir hors de port\u00e9e des enfants.<\/p>\n<h4>Ingredients:<\/h4>\n<p>Aqua\/water, glycerine, butyro. Parkii Butter\/Shea Butter, ISOPROPYL PALMITATE, PROPANEDIOL, CETYL Alcohol, Myristyle Myristate, Zea Mays Starch \/ Corn. STARCH, SQUALANE, CARBOMER, SODIUM HYDROXIDE, 2-OLEAMIDO- 1,3-OCTADECANEDIOL, HYDROXYACETOPHENONE, HYDROXYPALMITOYL SPHINGANINE, CAPRYLYL GLYCOL, CITRIC ACID, POLYGLYCERYL-3 Methylglucose distearate, tocopherol. (F.I.L. Z292460\/2).<\/p>","protected":false},"excerpt":{"rendered":"<p><\/p>","protected":false},"featured_media":21891,"comment_status":"open","ping_status":"closed","template":"","meta":[],"pwb-brand":[1065],"product_brand":[],"product_cat":[1049,267,1085,1078],"product_tag":[],"class_list":{"0":"post-21886","1":"product","2":"type-product","3":"status-publish","4":"has-post-thumbnail","6":"pwb-brand-mixa","7":"product_cat-bain-savons-et-soin-du-corps","8":"product_cat-beaute-et-soins","9":"product_cat-cremes-pour-le-corps-soins-pour-le-corps-et-gommages","10":"product_cat-soins-pour-le-corps-et-gommages","12":"first","13":"instock","14":"shipping-taxable","15":"purchasable","16":"product-type-simple"},"yoast_head":"<!-- This site is optimized with the Yoast SEO plugin v27.4 - https:\/\/yoast.com\/product\/yoast-seo-wordpress\/ -->\n<title>Mixa - Cr\u00e8me c\u00e9ramide protection et nourrisante - 400 ml - NIRIGS<\/title>\n<meta name=\"robots\" content=\"index, follow, max-snippet:-1, max-image-preview:large, max-video-preview:-1\" \/>\n<link rel=\"canonical\" href=\"https:\/\/nirigs.com\/en\/product\/mixa-ceramide-deep-moisture-skin-strengthening-cream-400-ml\/\" \/>\n<meta property=\"og:locale\" content=\"en_US\" \/>\n<meta property=\"og:type\" content=\"article\" \/>\n<meta property=\"og:title\" content=\"Mixa - Cr\u00e8me c\u00e9ramide protection et nourrisante - 400 ml - NIRIGS\" \/>\n<meta property=\"og:url\" content=\"https:\/\/nirigs.com\/en\/product\/mixa-ceramide-deep-moisture-skin-strengthening-cream-400-ml\/\" \/>\n<meta property=\"og:site_name\" content=\"NIRIGS\" \/>\n<meta property=\"article:modified_time\" content=\"2025-04-22T07:49:05+00:00\" \/>\n<meta property=\"og:image\" content=\"https:\/\/nirigs.com\/wp-content\/uploads\/2024\/09\/Mixa-Ceramide-Deep-Moisture-Skin-Strengthening-Cream-400ML.jpg\" \/>\n\t<meta property=\"og:image:width\" content=\"1000\" \/>\n\t<meta property=\"og:image:height\" content=\"1000\" \/>\n\t<meta property=\"og:image:type\" content=\"image\/jpeg\" \/>\n<meta name=\"twitter:card\" content=\"summary_large_image\" \/>\n<meta name=\"twitter:label1\" content=\"Est. reading time\" \/>\n\t<meta name=\"twitter:data1\" content=\"2 minutes\" \/>\n<script type=\"application\/ld+json\" class=\"yoast-schema-graph\">{\"@context\":\"https:\\\/\\\/schema.org\",\"@graph\":[{\"@type\":\"WebPage\",\"@id\":\"https:\\\/\\\/nirigs.com\\\/product\\\/mixa-ceramide-deep-moisture-skin-strengthening-cream-400-ml\\\/\",\"url\":\"https:\\\/\\\/nirigs.com\\\/product\\\/mixa-ceramide-deep-moisture-skin-strengthening-cream-400-ml\\\/\",\"name\":\"Mixa - Cr\u00e8me c\u00e9ramide protection et nourrisante - 400 ml - NIRIGS\",\"isPartOf\":{\"@id\":\"https:\\\/\\\/nirigs.com\\\/#website\"},\"primaryImageOfPage\":{\"@id\":\"https:\\\/\\\/nirigs.com\\\/product\\\/mixa-ceramide-deep-moisture-skin-strengthening-cream-400-ml\\\/#primaryimage\"},\"image\":{\"@id\":\"https:\\\/\\\/nirigs.com\\\/product\\\/mixa-ceramide-deep-moisture-skin-strengthening-cream-400-ml\\\/#primaryimage\"},\"thumbnailUrl\":\"https:\\\/\\\/nirigs.com\\\/wp-content\\\/uploads\\\/2024\\\/09\\\/Mixa-Ceramide-Deep-Moisture-Skin-Strengthening-Cream-400ML.jpg\",\"datePublished\":\"2024-10-02T14:52:45+00:00\",\"dateModified\":\"2025-04-22T07:49:05+00:00\",\"breadcrumb\":{\"@id\":\"https:\\\/\\\/nirigs.com\\\/product\\\/mixa-ceramide-deep-moisture-skin-strengthening-cream-400-ml\\\/#breadcrumb\"},\"inLanguage\":\"en-US\",\"potentialAction\":[{\"@type\":\"ReadAction\",\"target\":[\"https:\\\/\\\/nirigs.com\\\/product\\\/mixa-ceramide-deep-moisture-skin-strengthening-cream-400-ml\\\/\"]}]},{\"@type\":\"ImageObject\",\"inLanguage\":\"en-US\",\"@id\":\"https:\\\/\\\/nirigs.com\\\/product\\\/mixa-ceramide-deep-moisture-skin-strengthening-cream-400-ml\\\/#primaryimage\",\"url\":\"https:\\\/\\\/nirigs.com\\\/wp-content\\\/uploads\\\/2024\\\/09\\\/Mixa-Ceramide-Deep-Moisture-Skin-Strengthening-Cream-400ML.jpg\",\"contentUrl\":\"https:\\\/\\\/nirigs.com\\\/wp-content\\\/uploads\\\/2024\\\/09\\\/Mixa-Ceramide-Deep-Moisture-Skin-Strengthening-Cream-400ML.jpg\",\"width\":1000,\"height\":1000},{\"@type\":\"BreadcrumbList\",\"@id\":\"https:\\\/\\\/nirigs.com\\\/product\\\/mixa-ceramide-deep-moisture-skin-strengthening-cream-400-ml\\\/#breadcrumb\",\"itemListElement\":[{\"@type\":\"ListItem\",\"position\":1,\"name\":\"Home\",\"item\":\"https:\\\/\\\/nirigs.com\\\/\"},{\"@type\":\"ListItem\",\"position\":2,\"name\":\"Parcourir\",\"item\":\"https:\\\/\\\/nirigs.com\\\/boutique\\\/\"},{\"@type\":\"ListItem\",\"position\":3,\"name\":\"Mixa &#8211; Cr\u00e8me c\u00e9ramide protection et nourrisante &#8211; 400 ml\"}]},{\"@type\":\"WebSite\",\"@id\":\"https:\\\/\\\/nirigs.com\\\/#website\",\"url\":\"https:\\\/\\\/nirigs.com\\\/\",\"name\":\"Nirigs.com\",\"description\":\"Simplifiez vos achats du quotidien \u00e0 Djibouti\",\"publisher\":{\"@id\":\"https:\\\/\\\/nirigs.com\\\/#organization\"},\"potentialAction\":[{\"@type\":\"SearchAction\",\"target\":{\"@type\":\"EntryPoint\",\"urlTemplate\":\"https:\\\/\\\/nirigs.com\\\/?s={search_term_string}\"},\"query-input\":{\"@type\":\"PropertyValueSpecification\",\"valueRequired\":true,\"valueName\":\"search_term_string\"}}],\"inLanguage\":\"en-US\"},{\"@type\":\"Organization\",\"@id\":\"https:\\\/\\\/nirigs.com\\\/#organization\",\"name\":\"Nirigs\",\"url\":\"https:\\\/\\\/nirigs.com\\\/\",\"logo\":{\"@type\":\"ImageObject\",\"inLanguage\":\"en-US\",\"@id\":\"https:\\\/\\\/nirigs.com\\\/#\\\/schema\\\/logo\\\/image\\\/\",\"url\":\"https:\\\/\\\/nirigs.com\\\/wp-content\\\/uploads\\\/2025\\\/04\\\/Design-sans-titre-27.png\",\"contentUrl\":\"https:\\\/\\\/nirigs.com\\\/wp-content\\\/uploads\\\/2025\\\/04\\\/Design-sans-titre-27.png\",\"width\":500,\"height\":500,\"caption\":\"Nirigs\"},\"image\":{\"@id\":\"https:\\\/\\\/nirigs.com\\\/#\\\/schema\\\/logo\\\/image\\\/\"}}]}<\/script>\n<!-- \/ Yoast SEO plugin. -->","yoast_head_json":{"title":"Mixa - Cr\u00e8me c\u00e9ramide protection et nourrisante - 400 ml - NIRIGS","robots":{"index":"index","follow":"follow","max-snippet":"max-snippet:-1","max-image-preview":"max-image-preview:large","max-video-preview":"max-video-preview:-1"},"canonical":"https:\/\/nirigs.com\/en\/product\/mixa-ceramide-deep-moisture-skin-strengthening-cream-400-ml\/","og_locale":"en_US","og_type":"article","og_title":"Mixa - Cr\u00e8me c\u00e9ramide protection et nourrisante - 400 ml - NIRIGS","og_url":"https:\/\/nirigs.com\/en\/product\/mixa-ceramide-deep-moisture-skin-strengthening-cream-400-ml\/","og_site_name":"NIRIGS","article_modified_time":"2025-04-22T07:49:05+00:00","og_image":[{"width":1000,"height":1000,"url":"https:\/\/nirigs.com\/wp-content\/uploads\/2024\/09\/Mixa-Ceramide-Deep-Moisture-Skin-Strengthening-Cream-400ML.jpg","type":"image\/jpeg"}],"twitter_card":"summary_large_image","twitter_misc":{"Est. reading time":"2 minutes"},"schema":{"@context":"https:\/\/schema.org","@graph":[{"@type":"WebPage","@id":"https:\/\/nirigs.com\/product\/mixa-ceramide-deep-moisture-skin-strengthening-cream-400-ml\/","url":"https:\/\/nirigs.com\/product\/mixa-ceramide-deep-moisture-skin-strengthening-cream-400-ml\/","name":"Mixa - Cr\u00e8me c\u00e9ramide protection et nourrisante - 400 ml - NIRIGS","isPartOf":{"@id":"https:\/\/nirigs.com\/#website"},"primaryImageOfPage":{"@id":"https:\/\/nirigs.com\/product\/mixa-ceramide-deep-moisture-skin-strengthening-cream-400-ml\/#primaryimage"},"image":{"@id":"https:\/\/nirigs.com\/product\/mixa-ceramide-deep-moisture-skin-strengthening-cream-400-ml\/#primaryimage"},"thumbnailUrl":"https:\/\/nirigs.com\/wp-content\/uploads\/2024\/09\/Mixa-Ceramide-Deep-Moisture-Skin-Strengthening-Cream-400ML.jpg","datePublished":"2024-10-02T14:52:45+00:00","dateModified":"2025-04-22T07:49:05+00:00","breadcrumb":{"@id":"https:\/\/nirigs.com\/product\/mixa-ceramide-deep-moisture-skin-strengthening-cream-400-ml\/#breadcrumb"},"inLanguage":"en-US","potentialAction":[{"@type":"ReadAction","target":["https:\/\/nirigs.com\/product\/mixa-ceramide-deep-moisture-skin-strengthening-cream-400-ml\/"]}]},{"@type":"ImageObject","inLanguage":"en-US","@id":"https:\/\/nirigs.com\/product\/mixa-ceramide-deep-moisture-skin-strengthening-cream-400-ml\/#primaryimage","url":"https:\/\/nirigs.com\/wp-content\/uploads\/2024\/09\/Mixa-Ceramide-Deep-Moisture-Skin-Strengthening-Cream-400ML.jpg","contentUrl":"https:\/\/nirigs.com\/wp-content\/uploads\/2024\/09\/Mixa-Ceramide-Deep-Moisture-Skin-Strengthening-Cream-400ML.jpg","width":1000,"height":1000},{"@type":"BreadcrumbList","@id":"https:\/\/nirigs.com\/product\/mixa-ceramide-deep-moisture-skin-strengthening-cream-400-ml\/#breadcrumb","itemListElement":[{"@type":"ListItem","position":1,"name":"Home","item":"https:\/\/nirigs.com\/"},{"@type":"ListItem","position":2,"name":"Parcourir","item":"https:\/\/nirigs.com\/boutique\/"},{"@type":"ListItem","position":3,"name":"Mixa &#8211; Cr\u00e8me c\u00e9ramide protection et nourrisante &#8211; 400 ml"}]},{"@type":"WebSite","@id":"https:\/\/nirigs.com\/#website","url":"https:\/\/nirigs.com\/","name":"Nirigs.com","description":"Simplifiez vos achats du quotidien \u00e0 Djibouti","publisher":{"@id":"https:\/\/nirigs.com\/#organization"},"potentialAction":[{"@type":"SearchAction","target":{"@type":"EntryPoint","urlTemplate":"https:\/\/nirigs.com\/?s={search_term_string}"},"query-input":{"@type":"PropertyValueSpecification","valueRequired":true,"valueName":"search_term_string"}}],"inLanguage":"en-US"},{"@type":"Organization","@id":"https:\/\/nirigs.com\/#organization","name":"Nirigs","url":"https:\/\/nirigs.com\/","logo":{"@type":"ImageObject","inLanguage":"en-US","@id":"https:\/\/nirigs.com\/#\/schema\/logo\/image\/","url":"https:\/\/nirigs.com\/wp-content\/uploads\/2025\/04\/Design-sans-titre-27.png","contentUrl":"https:\/\/nirigs.com\/wp-content\/uploads\/2025\/04\/Design-sans-titre-27.png","width":500,"height":500,"caption":"Nirigs"},"image":{"@id":"https:\/\/nirigs.com\/#\/schema\/logo\/image\/"}}]}},"brands":[{"id":1065,"name":"Mixa","slug":"mixa"}],"_links":{"self":[{"href":"https:\/\/nirigs.com\/en\/wp-json\/wp\/v2\/product\/21886","targetHints":{"allow":["GET"]}}],"collection":[{"href":"https:\/\/nirigs.com\/en\/wp-json\/wp\/v2\/product"}],"about":[{"href":"https:\/\/nirigs.com\/en\/wp-json\/wp\/v2\/types\/product"}],"replies":[{"embeddable":true,"href":"https:\/\/nirigs.com\/en\/wp-json\/wp\/v2\/comments?post=21886"}],"version-history":[{"count":8,"href":"https:\/\/nirigs.com\/en\/wp-json\/wp\/v2\/product\/21886\/revisions"}],"predecessor-version":[{"id":26957,"href":"https:\/\/nirigs.com\/en\/wp-json\/wp\/v2\/product\/21886\/revisions\/26957"}],"wp:featuredmedia":[{"embeddable":true,"href":"https:\/\/nirigs.com\/en\/wp-json\/wp\/v2\/media\/21891"}],"wp:attachment":[{"href":"https:\/\/nirigs.com\/en\/wp-json\/wp\/v2\/media?parent=21886"}],"wp:term":[{"taxonomy":"pwb-brand","embeddable":true,"href":"https:\/\/nirigs.com\/en\/wp-json\/wp\/v2\/pwb-brand?post=21886"},{"taxonomy":"product_brand","embeddable":true,"href":"https:\/\/nirigs.com\/en\/wp-json\/wp\/v2\/product_brand?post=21886"},{"taxonomy":"product_cat","embeddable":true,"href":"https:\/\/nirigs.com\/en\/wp-json\/wp\/v2\/product_cat?post=21886"},{"taxonomy":"product_tag","embeddable":true,"href":"https:\/\/nirigs.com\/en\/wp-json\/wp\/v2\/product_tag?post=21886"}],"curies":[{"name":"wp","href":"https:\/\/api.w.org\/{rel}","templated":true}]}}