{"id":21836,"date":"2024-10-15T17:32:14","date_gmt":"2024-10-15T14:32:14","guid":{"rendered":"https:\/\/nirigs.com\/?post_type=product&#038;p=21836"},"modified":"2025-02-02T11:31:06","modified_gmt":"2025-02-02T08:31:06","slug":"narta-invisimax-homme-200-ml","status":"publish","type":"product","link":"https:\/\/nirigs.com\/en\/product\/narta-invisimax-homme-200-ml\/","title":{"rendered":"NARTA - INVISIMAX HOMME - 200 ml"},"content":{"rendered":"<p>L&rsquo;anti-transpirant Narta Homme Invisimax vous assure une efficacit\u00e9 anti-traces pour se d\u00e9barrasser des traces blanches sur les v\u00eatements. Sa fra\u00eecheur intense vous garantit une sensation de bien-\u00eatre durable. Il respecte votre peau et le m\u00e9canisme naturel de transpiration.<\/p>\n<h4>Use<\/h4>\n<p>Bien agiter avant chaque utilisation. Vaporiser \u00e0 15cm des aisselles. A utiliser sur une peau propre.<\/p>\n<h4>Ingredients<\/h4>\n<p>ISOBUTANE \u2022 ALUMINUM CHLOROHYDRATE \u2022 ISODODECANE \u2022 COCOS NUCIFERA OIL \/ COCONUT OIL \u2022 PARFUM \/ FRAGRANCE \u2022 ISOPROPYL PALMITATE \u2022 PANTHENOL \u2022 DISTEARDIMONIUM HECTORITE \u2022 PROPYLENE CARBONATE \u2022 DIMETHICONE \u2022 DIMETHICONOL \u2022 BENZYL ALCOHOL \u2022 BENZYL SALICYLATE \u2022 CITRONELLOL \u2022 GERANIOL \u2022 HEXYL CINNAMAL \u2022 LIMONENE \u2022 LINALOOL (F.I.L. C267387\/1).<\/p>","protected":false},"excerpt":{"rendered":"<p>L&rsquo;anti-transpirant Narta Homme Invisimax vous assure une efficacit\u00e9 anti-traces pour se d\u00e9barrasser des traces blanches sur les v\u00eatements. Sa fra\u00eecheur<\/p>","protected":false},"featured_media":21838,"comment_status":"open","ping_status":"closed","template":"","meta":[],"pwb-brand":[1094],"product_brand":[],"product_cat":[1103,1049,267,1076],"product_tag":[],"class_list":{"0":"post-21836","1":"product","2":"type-product","3":"status-publish","4":"has-post-thumbnail","6":"pwb-brand-narta","7":"product_cat-anti-transpirants","8":"product_cat-bain-savons-et-soin-du-corps","9":"product_cat-beaute-et-soins","10":"product_cat-desodorisants-et-anti-transpirants","12":"first","13":"instock","14":"shipping-taxable","15":"purchasable","16":"product-type-simple"},"yoast_head":"<!-- This site is optimized with the Yoast SEO plugin v27.1.1 - https:\/\/yoast.com\/product\/yoast-seo-wordpress\/ -->\n<title>NARTA - INVISIMAX HOMME - 200 ml - NIRIGS<\/title>\n<meta name=\"robots\" content=\"index, follow, max-snippet:-1, max-image-preview:large, max-video-preview:-1\" \/>\n<link rel=\"canonical\" href=\"https:\/\/nirigs.com\/en\/product\/narta-invisimax-homme-200-ml\/\" \/>\n<meta property=\"og:locale\" content=\"en_US\" \/>\n<meta property=\"og:type\" content=\"article\" \/>\n<meta property=\"og:title\" content=\"NARTA - INVISIMAX HOMME - 200 ml - NIRIGS\" \/>\n<meta property=\"og:description\" content=\"L&rsquo;anti-transpirant Narta Homme Invisimax vous assure une efficacit\u00e9 anti-traces pour se d\u00e9barrasser des traces blanches sur les v\u00eatements. Sa fra\u00eecheur\" \/>\n<meta property=\"og:url\" content=\"https:\/\/nirigs.com\/en\/product\/narta-invisimax-homme-200-ml\/\" \/>\n<meta property=\"og:site_name\" content=\"NIRIGS\" \/>\n<meta property=\"article:modified_time\" content=\"2025-02-02T08:31:06+00:00\" \/>\n<meta property=\"og:image\" content=\"https:\/\/nirigs.com\/wp-content\/uploads\/2024\/09\/NARTA-INVISIMAX-HOMME-200ML.jpg\" \/>\n\t<meta property=\"og:image:width\" content=\"1000\" \/>\n\t<meta property=\"og:image:height\" content=\"1000\" \/>\n\t<meta property=\"og:image:type\" content=\"image\/jpeg\" \/>\n<meta name=\"twitter:card\" content=\"summary_large_image\" \/>\n<script type=\"application\/ld+json\" class=\"yoast-schema-graph\">{\"@context\":\"https:\/\/schema.org\",\"@graph\":[{\"@type\":\"WebPage\",\"@id\":\"https:\/\/nirigs.com\/product\/narta-invisimax-homme-200-ml\/\",\"url\":\"https:\/\/nirigs.com\/product\/narta-invisimax-homme-200-ml\/\",\"name\":\"NARTA - INVISIMAX HOMME - 200 ml - NIRIGS\",\"isPartOf\":{\"@id\":\"https:\/\/nirigs.com\/#website\"},\"primaryImageOfPage\":{\"@id\":\"https:\/\/nirigs.com\/product\/narta-invisimax-homme-200-ml\/#primaryimage\"},\"image\":{\"@id\":\"https:\/\/nirigs.com\/product\/narta-invisimax-homme-200-ml\/#primaryimage\"},\"thumbnailUrl\":\"https:\/\/nirigs.com\/wp-content\/uploads\/2024\/09\/NARTA-INVISIMAX-HOMME-200ML.jpg\",\"datePublished\":\"2024-10-15T14:32:14+00:00\",\"dateModified\":\"2025-02-02T08:31:06+00:00\",\"breadcrumb\":{\"@id\":\"https:\/\/nirigs.com\/product\/narta-invisimax-homme-200-ml\/#breadcrumb\"},\"inLanguage\":\"en-US\",\"potentialAction\":[{\"@type\":\"ReadAction\",\"target\":[\"https:\/\/nirigs.com\/product\/narta-invisimax-homme-200-ml\/\"]}]},{\"@type\":\"ImageObject\",\"inLanguage\":\"en-US\",\"@id\":\"https:\/\/nirigs.com\/product\/narta-invisimax-homme-200-ml\/#primaryimage\",\"url\":\"https:\/\/nirigs.com\/wp-content\/uploads\/2024\/09\/NARTA-INVISIMAX-HOMME-200ML.jpg\",\"contentUrl\":\"https:\/\/nirigs.com\/wp-content\/uploads\/2024\/09\/NARTA-INVISIMAX-HOMME-200ML.jpg\",\"width\":1000,\"height\":1000},{\"@type\":\"BreadcrumbList\",\"@id\":\"https:\/\/nirigs.com\/product\/narta-invisimax-homme-200-ml\/#breadcrumb\",\"itemListElement\":[{\"@type\":\"ListItem\",\"position\":1,\"name\":\"Home\",\"item\":\"https:\/\/nirigs.com\/\"},{\"@type\":\"ListItem\",\"position\":2,\"name\":\"Parcourir\",\"item\":\"https:\/\/nirigs.com\/boutique\/\"},{\"@type\":\"ListItem\",\"position\":3,\"name\":\"NARTA &#8211; INVISIMAX HOMME &#8211; 200 ml\"}]},{\"@type\":\"WebSite\",\"@id\":\"https:\/\/nirigs.com\/#website\",\"url\":\"https:\/\/nirigs.com\/\",\"name\":\"Nirigs.com\",\"description\":\"Simplifiez vos achats du quotidien \u00e0 Djibouti\",\"publisher\":{\"@id\":\"https:\/\/nirigs.com\/#organization\"},\"potentialAction\":[{\"@type\":\"SearchAction\",\"target\":{\"@type\":\"EntryPoint\",\"urlTemplate\":\"https:\/\/nirigs.com\/?s={search_term_string}\"},\"query-input\":{\"@type\":\"PropertyValueSpecification\",\"valueRequired\":true,\"valueName\":\"search_term_string\"}}],\"inLanguage\":\"en-US\"},{\"@type\":\"Organization\",\"@id\":\"https:\/\/nirigs.com\/#organization\",\"name\":\"Nirigs\",\"url\":\"https:\/\/nirigs.com\/\",\"logo\":{\"@type\":\"ImageObject\",\"inLanguage\":\"en-US\",\"@id\":\"https:\/\/nirigs.com\/#\/schema\/logo\/image\/\",\"url\":\"https:\/\/nirigs.com\/wp-content\/uploads\/2025\/04\/Design-sans-titre-27.png\",\"contentUrl\":\"https:\/\/nirigs.com\/wp-content\/uploads\/2025\/04\/Design-sans-titre-27.png\",\"width\":500,\"height\":500,\"caption\":\"Nirigs\"},\"image\":{\"@id\":\"https:\/\/nirigs.com\/#\/schema\/logo\/image\/\"}}]}<\/script>\n<!-- \/ Yoast SEO plugin. -->","yoast_head_json":{"title":"NARTA - INVISIMAX HOMME - 200 ml - NIRIGS","robots":{"index":"index","follow":"follow","max-snippet":"max-snippet:-1","max-image-preview":"max-image-preview:large","max-video-preview":"max-video-preview:-1"},"canonical":"https:\/\/nirigs.com\/en\/product\/narta-invisimax-homme-200-ml\/","og_locale":"en_US","og_type":"article","og_title":"NARTA - INVISIMAX HOMME - 200 ml - NIRIGS","og_description":"L&rsquo;anti-transpirant Narta Homme Invisimax vous assure une efficacit\u00e9 anti-traces pour se d\u00e9barrasser des traces blanches sur les v\u00eatements. Sa fra\u00eecheur","og_url":"https:\/\/nirigs.com\/en\/product\/narta-invisimax-homme-200-ml\/","og_site_name":"NIRIGS","article_modified_time":"2025-02-02T08:31:06+00:00","og_image":[{"width":1000,"height":1000,"url":"https:\/\/nirigs.com\/wp-content\/uploads\/2024\/09\/NARTA-INVISIMAX-HOMME-200ML.jpg","type":"image\/jpeg"}],"twitter_card":"summary_large_image","schema":{"@context":"https:\/\/schema.org","@graph":[{"@type":"WebPage","@id":"https:\/\/nirigs.com\/product\/narta-invisimax-homme-200-ml\/","url":"https:\/\/nirigs.com\/product\/narta-invisimax-homme-200-ml\/","name":"NARTA - INVISIMAX HOMME - 200 ml - NIRIGS","isPartOf":{"@id":"https:\/\/nirigs.com\/#website"},"primaryImageOfPage":{"@id":"https:\/\/nirigs.com\/product\/narta-invisimax-homme-200-ml\/#primaryimage"},"image":{"@id":"https:\/\/nirigs.com\/product\/narta-invisimax-homme-200-ml\/#primaryimage"},"thumbnailUrl":"https:\/\/nirigs.com\/wp-content\/uploads\/2024\/09\/NARTA-INVISIMAX-HOMME-200ML.jpg","datePublished":"2024-10-15T14:32:14+00:00","dateModified":"2025-02-02T08:31:06+00:00","breadcrumb":{"@id":"https:\/\/nirigs.com\/product\/narta-invisimax-homme-200-ml\/#breadcrumb"},"inLanguage":"en-US","potentialAction":[{"@type":"ReadAction","target":["https:\/\/nirigs.com\/product\/narta-invisimax-homme-200-ml\/"]}]},{"@type":"ImageObject","inLanguage":"en-US","@id":"https:\/\/nirigs.com\/product\/narta-invisimax-homme-200-ml\/#primaryimage","url":"https:\/\/nirigs.com\/wp-content\/uploads\/2024\/09\/NARTA-INVISIMAX-HOMME-200ML.jpg","contentUrl":"https:\/\/nirigs.com\/wp-content\/uploads\/2024\/09\/NARTA-INVISIMAX-HOMME-200ML.jpg","width":1000,"height":1000},{"@type":"BreadcrumbList","@id":"https:\/\/nirigs.com\/product\/narta-invisimax-homme-200-ml\/#breadcrumb","itemListElement":[{"@type":"ListItem","position":1,"name":"Home","item":"https:\/\/nirigs.com\/"},{"@type":"ListItem","position":2,"name":"Parcourir","item":"https:\/\/nirigs.com\/boutique\/"},{"@type":"ListItem","position":3,"name":"NARTA &#8211; INVISIMAX HOMME &#8211; 200 ml"}]},{"@type":"WebSite","@id":"https:\/\/nirigs.com\/#website","url":"https:\/\/nirigs.com\/","name":"Nirigs.com","description":"Simplifiez vos achats du quotidien \u00e0 Djibouti","publisher":{"@id":"https:\/\/nirigs.com\/#organization"},"potentialAction":[{"@type":"SearchAction","target":{"@type":"EntryPoint","urlTemplate":"https:\/\/nirigs.com\/?s={search_term_string}"},"query-input":{"@type":"PropertyValueSpecification","valueRequired":true,"valueName":"search_term_string"}}],"inLanguage":"en-US"},{"@type":"Organization","@id":"https:\/\/nirigs.com\/#organization","name":"Nirigs","url":"https:\/\/nirigs.com\/","logo":{"@type":"ImageObject","inLanguage":"en-US","@id":"https:\/\/nirigs.com\/#\/schema\/logo\/image\/","url":"https:\/\/nirigs.com\/wp-content\/uploads\/2025\/04\/Design-sans-titre-27.png","contentUrl":"https:\/\/nirigs.com\/wp-content\/uploads\/2025\/04\/Design-sans-titre-27.png","width":500,"height":500,"caption":"Nirigs"},"image":{"@id":"https:\/\/nirigs.com\/#\/schema\/logo\/image\/"}}]}},"brands":[{"id":1094,"name":"Narta","slug":"narta"}],"_links":{"self":[{"href":"https:\/\/nirigs.com\/en\/wp-json\/wp\/v2\/product\/21836","targetHints":{"allow":["GET"]}}],"collection":[{"href":"https:\/\/nirigs.com\/en\/wp-json\/wp\/v2\/product"}],"about":[{"href":"https:\/\/nirigs.com\/en\/wp-json\/wp\/v2\/types\/product"}],"replies":[{"embeddable":true,"href":"https:\/\/nirigs.com\/en\/wp-json\/wp\/v2\/comments?post=21836"}],"version-history":[{"count":4,"href":"https:\/\/nirigs.com\/en\/wp-json\/wp\/v2\/product\/21836\/revisions"}],"predecessor-version":[{"id":25220,"href":"https:\/\/nirigs.com\/en\/wp-json\/wp\/v2\/product\/21836\/revisions\/25220"}],"wp:featuredmedia":[{"embeddable":true,"href":"https:\/\/nirigs.com\/en\/wp-json\/wp\/v2\/media\/21838"}],"wp:attachment":[{"href":"https:\/\/nirigs.com\/en\/wp-json\/wp\/v2\/media?parent=21836"}],"wp:term":[{"taxonomy":"pwb-brand","embeddable":true,"href":"https:\/\/nirigs.com\/en\/wp-json\/wp\/v2\/pwb-brand?post=21836"},{"taxonomy":"product_brand","embeddable":true,"href":"https:\/\/nirigs.com\/en\/wp-json\/wp\/v2\/product_brand?post=21836"},{"taxonomy":"product_cat","embeddable":true,"href":"https:\/\/nirigs.com\/en\/wp-json\/wp\/v2\/product_cat?post=21836"},{"taxonomy":"product_tag","embeddable":true,"href":"https:\/\/nirigs.com\/en\/wp-json\/wp\/v2\/product_tag?post=21836"}],"curies":[{"name":"wp","href":"https:\/\/api.w.org\/{rel}","templated":true}]}}