{"id":21807,"date":"2024-10-02T17:16:57","date_gmt":"2024-10-02T14:16:57","guid":{"rendered":"https:\/\/nirigs.com\/?post_type=product&#038;p=21807"},"modified":"2025-04-22T18:17:52","modified_gmt":"2025-04-22T15:17:52","slug":"loreal-paris-men-expert-magnesium-defense-sensitive-gel-douche-300-ml","status":"publish","type":"product","link":"https:\/\/nirigs.com\/en\/product\/loreal-paris-men-expert-magnesium-defense-sensitive-gel-douche-300-ml\/","title":{"rendered":"L'Or\u00e9al Paris - Men Expert Magnesium Defense Sensitive Shower Gel - 300 ml"},"content":{"rendered":"<p>Le gel douche Men Expert Magnesium Defence pr\u00e9sente une formule hypoallerg\u00e9nique qui ne contient que les ingr\u00e9dients essentiels, parfaits pour les hommes \u00e0 la peau sensible.<\/p>\n<p>Formul\u00e9 avec du magn\u00e9sium, un min\u00e9ral naturellement pr\u00e9sent dans le corps humain, ce gel douche nettoie sans irriter et augmente la r\u00e9sistance de la peau en renfor\u00e7ant sa barri\u00e8re protectrice naturelle.<\/p>\n<p>Apr\u00e8s chaque application, la peau sensible est apais\u00e9e, r\u00e9confort\u00e9e et intens\u00e9ment hydrat\u00e9e. De plus, le Gel Douche D\u00e9fense Magn\u00e9sium aide \u00e0 prot\u00e9ger la peau des agressions environnementales qui peuvent l&rsquo;irriter au quotidien.<\/p>\n<p>Ajoutez ce gel douche \u00e0 votre routine de douche pour profiter d&rsquo;une exp\u00e9rience rafra\u00eechissante qui nettoie et fortifie votre peau. Il peut \u00eatre utilis\u00e9 sur tous les types de peau, y compris les peaux sensibles, sans provoquer d&rsquo;irritation.<\/p>\n<h4>Use<\/h4>\n<p>* Convient au corps, au visage et aux cheveux :<\/p>\n<ul>\n<li>Appliquer sur la peau ou les cheveux mouill\u00e9s,<\/li>\n<li>Lathering<\/li>\n<li>Rinse off.<\/li>\n<\/ul>\n<h4>Ingredients<\/h4>\n<p>AQUA \/ WATER \u2022 SODIUM LAURETH SULFATE \u2022 GLYCERIN \u2022 SODIUM CHLORIDE \u2022 COCO &#8211; B E TA I N E \u2022 PA R F U M \/ FRAGRANCE \u2022 C I T R I C AC I D \u2022 MAGNESIUM PCA \u2022 SODIUM HYDROXIDE \u2022 PENTYLENE GLYCOL \u2022 SODIUM BENZOATE. (F.I.L. Z287661\/1).<\/p>","protected":false},"excerpt":{"rendered":"<p><br data-mce-bogus=\"1\"><\/p>","protected":false},"featured_media":22628,"comment_status":"open","ping_status":"closed","template":"","meta":[],"pwb-brand":[588],"product_brand":[],"product_cat":[1049,267,1081,1077],"product_tag":[],"class_list":{"0":"post-21807","1":"product","2":"type-product","3":"status-publish","4":"has-post-thumbnail","6":"pwb-brand-loreal-paris","7":"product_cat-bain-savons-et-soin-du-corps","8":"product_cat-beaute-et-soins","9":"product_cat-gels-douche","10":"product_cat-savons-et-gels-douche","12":"first","13":"instock","14":"shipping-taxable","15":"purchasable","16":"product-type-simple"},"yoast_head":"<!-- This site is optimized with the Yoast SEO plugin v27.1.1 - https:\/\/yoast.com\/product\/yoast-seo-wordpress\/ -->\n<title>L&#039;Or\u00e9al Paris - Men Expert Magnesium Defense Sensitive Gel Douche - 300 ml - NIRIGS<\/title>\n<meta name=\"robots\" content=\"index, follow, max-snippet:-1, max-image-preview:large, max-video-preview:-1\" \/>\n<link rel=\"canonical\" href=\"https:\/\/nirigs.com\/en\/product\/loreal-paris-men-expert-magnesium-defense-sensitive-gel-douche-300-ml\/\" \/>\n<meta property=\"og:locale\" content=\"en_US\" \/>\n<meta property=\"og:type\" content=\"article\" \/>\n<meta property=\"og:title\" content=\"L&#039;Or\u00e9al Paris - Men Expert Magnesium Defense Sensitive Gel Douche - 300 ml - NIRIGS\" \/>\n<meta property=\"og:url\" content=\"https:\/\/nirigs.com\/en\/product\/loreal-paris-men-expert-magnesium-defense-sensitive-gel-douche-300-ml\/\" \/>\n<meta property=\"og:site_name\" content=\"NIRIGS\" \/>\n<meta property=\"article:modified_time\" content=\"2025-04-22T15:17:52+00:00\" \/>\n<meta property=\"og:image\" content=\"https:\/\/nirigs.com\/wp-content\/uploads\/2024\/09\/LOreal-Paris-Men-Expert-Magnesium-Defense-Sensitive-Gel-Douche-300-ml.jpg\" \/>\n\t<meta property=\"og:image:width\" content=\"1000\" \/>\n\t<meta property=\"og:image:height\" content=\"1000\" \/>\n\t<meta property=\"og:image:type\" content=\"image\/jpeg\" \/>\n<meta name=\"twitter:card\" content=\"summary_large_image\" \/>\n<meta name=\"twitter:label1\" content=\"Est. reading time\" \/>\n\t<meta name=\"twitter:data1\" content=\"1 minute\" \/>\n<script type=\"application\/ld+json\" class=\"yoast-schema-graph\">{\"@context\":\"https:\/\/schema.org\",\"@graph\":[{\"@type\":\"WebPage\",\"@id\":\"https:\/\/nirigs.com\/product\/loreal-paris-men-expert-magnesium-defense-sensitive-gel-douche-300-ml\/\",\"url\":\"https:\/\/nirigs.com\/product\/loreal-paris-men-expert-magnesium-defense-sensitive-gel-douche-300-ml\/\",\"name\":\"L'Or\u00e9al Paris - Men Expert Magnesium Defense Sensitive Gel Douche - 300 ml - NIRIGS\",\"isPartOf\":{\"@id\":\"https:\/\/nirigs.com\/#website\"},\"primaryImageOfPage\":{\"@id\":\"https:\/\/nirigs.com\/product\/loreal-paris-men-expert-magnesium-defense-sensitive-gel-douche-300-ml\/#primaryimage\"},\"image\":{\"@id\":\"https:\/\/nirigs.com\/product\/loreal-paris-men-expert-magnesium-defense-sensitive-gel-douche-300-ml\/#primaryimage\"},\"thumbnailUrl\":\"https:\/\/nirigs.com\/wp-content\/uploads\/2024\/09\/LOreal-Paris-Men-Expert-Magnesium-Defense-Sensitive-Gel-Douche-300-ml.jpg\",\"datePublished\":\"2024-10-02T14:16:57+00:00\",\"dateModified\":\"2025-04-22T15:17:52+00:00\",\"breadcrumb\":{\"@id\":\"https:\/\/nirigs.com\/product\/loreal-paris-men-expert-magnesium-defense-sensitive-gel-douche-300-ml\/#breadcrumb\"},\"inLanguage\":\"en-US\",\"potentialAction\":[{\"@type\":\"ReadAction\",\"target\":[\"https:\/\/nirigs.com\/product\/loreal-paris-men-expert-magnesium-defense-sensitive-gel-douche-300-ml\/\"]}]},{\"@type\":\"ImageObject\",\"inLanguage\":\"en-US\",\"@id\":\"https:\/\/nirigs.com\/product\/loreal-paris-men-expert-magnesium-defense-sensitive-gel-douche-300-ml\/#primaryimage\",\"url\":\"https:\/\/nirigs.com\/wp-content\/uploads\/2024\/09\/LOreal-Paris-Men-Expert-Magnesium-Defense-Sensitive-Gel-Douche-300-ml.jpg\",\"contentUrl\":\"https:\/\/nirigs.com\/wp-content\/uploads\/2024\/09\/LOreal-Paris-Men-Expert-Magnesium-Defense-Sensitive-Gel-Douche-300-ml.jpg\",\"width\":1000,\"height\":1000},{\"@type\":\"BreadcrumbList\",\"@id\":\"https:\/\/nirigs.com\/product\/loreal-paris-men-expert-magnesium-defense-sensitive-gel-douche-300-ml\/#breadcrumb\",\"itemListElement\":[{\"@type\":\"ListItem\",\"position\":1,\"name\":\"Home\",\"item\":\"https:\/\/nirigs.com\/\"},{\"@type\":\"ListItem\",\"position\":2,\"name\":\"Parcourir\",\"item\":\"https:\/\/nirigs.com\/boutique\/\"},{\"@type\":\"ListItem\",\"position\":3,\"name\":\"L&rsquo;Or\u00e9al Paris &#8211; Men Expert Magnesium Defense Sensitive Gel Douche &#8211; 300 ml\"}]},{\"@type\":\"WebSite\",\"@id\":\"https:\/\/nirigs.com\/#website\",\"url\":\"https:\/\/nirigs.com\/\",\"name\":\"Nirigs.com\",\"description\":\"Simplifiez vos achats du quotidien \u00e0 Djibouti\",\"publisher\":{\"@id\":\"https:\/\/nirigs.com\/#organization\"},\"potentialAction\":[{\"@type\":\"SearchAction\",\"target\":{\"@type\":\"EntryPoint\",\"urlTemplate\":\"https:\/\/nirigs.com\/?s={search_term_string}\"},\"query-input\":{\"@type\":\"PropertyValueSpecification\",\"valueRequired\":true,\"valueName\":\"search_term_string\"}}],\"inLanguage\":\"en-US\"},{\"@type\":\"Organization\",\"@id\":\"https:\/\/nirigs.com\/#organization\",\"name\":\"Nirigs\",\"url\":\"https:\/\/nirigs.com\/\",\"logo\":{\"@type\":\"ImageObject\",\"inLanguage\":\"en-US\",\"@id\":\"https:\/\/nirigs.com\/#\/schema\/logo\/image\/\",\"url\":\"https:\/\/nirigs.com\/wp-content\/uploads\/2025\/04\/Design-sans-titre-27.png\",\"contentUrl\":\"https:\/\/nirigs.com\/wp-content\/uploads\/2025\/04\/Design-sans-titre-27.png\",\"width\":500,\"height\":500,\"caption\":\"Nirigs\"},\"image\":{\"@id\":\"https:\/\/nirigs.com\/#\/schema\/logo\/image\/\"}}]}<\/script>\n<!-- \/ Yoast SEO plugin. -->","yoast_head_json":{"title":"L'Or\u00e9al Paris - Men Expert Magnesium Defense Sensitive Gel Douche - 300 ml - NIRIGS","robots":{"index":"index","follow":"follow","max-snippet":"max-snippet:-1","max-image-preview":"max-image-preview:large","max-video-preview":"max-video-preview:-1"},"canonical":"https:\/\/nirigs.com\/en\/product\/loreal-paris-men-expert-magnesium-defense-sensitive-gel-douche-300-ml\/","og_locale":"en_US","og_type":"article","og_title":"L'Or\u00e9al Paris - Men Expert Magnesium Defense Sensitive Gel Douche - 300 ml - NIRIGS","og_url":"https:\/\/nirigs.com\/en\/product\/loreal-paris-men-expert-magnesium-defense-sensitive-gel-douche-300-ml\/","og_site_name":"NIRIGS","article_modified_time":"2025-04-22T15:17:52+00:00","og_image":[{"width":1000,"height":1000,"url":"https:\/\/nirigs.com\/wp-content\/uploads\/2024\/09\/LOreal-Paris-Men-Expert-Magnesium-Defense-Sensitive-Gel-Douche-300-ml.jpg","type":"image\/jpeg"}],"twitter_card":"summary_large_image","twitter_misc":{"Est. reading time":"1 minute"},"schema":{"@context":"https:\/\/schema.org","@graph":[{"@type":"WebPage","@id":"https:\/\/nirigs.com\/product\/loreal-paris-men-expert-magnesium-defense-sensitive-gel-douche-300-ml\/","url":"https:\/\/nirigs.com\/product\/loreal-paris-men-expert-magnesium-defense-sensitive-gel-douche-300-ml\/","name":"L'Or\u00e9al Paris - Men Expert Magnesium Defense Sensitive Gel Douche - 300 ml - NIRIGS","isPartOf":{"@id":"https:\/\/nirigs.com\/#website"},"primaryImageOfPage":{"@id":"https:\/\/nirigs.com\/product\/loreal-paris-men-expert-magnesium-defense-sensitive-gel-douche-300-ml\/#primaryimage"},"image":{"@id":"https:\/\/nirigs.com\/product\/loreal-paris-men-expert-magnesium-defense-sensitive-gel-douche-300-ml\/#primaryimage"},"thumbnailUrl":"https:\/\/nirigs.com\/wp-content\/uploads\/2024\/09\/LOreal-Paris-Men-Expert-Magnesium-Defense-Sensitive-Gel-Douche-300-ml.jpg","datePublished":"2024-10-02T14:16:57+00:00","dateModified":"2025-04-22T15:17:52+00:00","breadcrumb":{"@id":"https:\/\/nirigs.com\/product\/loreal-paris-men-expert-magnesium-defense-sensitive-gel-douche-300-ml\/#breadcrumb"},"inLanguage":"en-US","potentialAction":[{"@type":"ReadAction","target":["https:\/\/nirigs.com\/product\/loreal-paris-men-expert-magnesium-defense-sensitive-gel-douche-300-ml\/"]}]},{"@type":"ImageObject","inLanguage":"en-US","@id":"https:\/\/nirigs.com\/product\/loreal-paris-men-expert-magnesium-defense-sensitive-gel-douche-300-ml\/#primaryimage","url":"https:\/\/nirigs.com\/wp-content\/uploads\/2024\/09\/LOreal-Paris-Men-Expert-Magnesium-Defense-Sensitive-Gel-Douche-300-ml.jpg","contentUrl":"https:\/\/nirigs.com\/wp-content\/uploads\/2024\/09\/LOreal-Paris-Men-Expert-Magnesium-Defense-Sensitive-Gel-Douche-300-ml.jpg","width":1000,"height":1000},{"@type":"BreadcrumbList","@id":"https:\/\/nirigs.com\/product\/loreal-paris-men-expert-magnesium-defense-sensitive-gel-douche-300-ml\/#breadcrumb","itemListElement":[{"@type":"ListItem","position":1,"name":"Home","item":"https:\/\/nirigs.com\/"},{"@type":"ListItem","position":2,"name":"Parcourir","item":"https:\/\/nirigs.com\/boutique\/"},{"@type":"ListItem","position":3,"name":"L&rsquo;Or\u00e9al Paris &#8211; Men Expert Magnesium Defense Sensitive Gel Douche &#8211; 300 ml"}]},{"@type":"WebSite","@id":"https:\/\/nirigs.com\/#website","url":"https:\/\/nirigs.com\/","name":"Nirigs.com","description":"Simplifiez vos achats du quotidien \u00e0 Djibouti","publisher":{"@id":"https:\/\/nirigs.com\/#organization"},"potentialAction":[{"@type":"SearchAction","target":{"@type":"EntryPoint","urlTemplate":"https:\/\/nirigs.com\/?s={search_term_string}"},"query-input":{"@type":"PropertyValueSpecification","valueRequired":true,"valueName":"search_term_string"}}],"inLanguage":"en-US"},{"@type":"Organization","@id":"https:\/\/nirigs.com\/#organization","name":"Nirigs","url":"https:\/\/nirigs.com\/","logo":{"@type":"ImageObject","inLanguage":"en-US","@id":"https:\/\/nirigs.com\/#\/schema\/logo\/image\/","url":"https:\/\/nirigs.com\/wp-content\/uploads\/2025\/04\/Design-sans-titre-27.png","contentUrl":"https:\/\/nirigs.com\/wp-content\/uploads\/2025\/04\/Design-sans-titre-27.png","width":500,"height":500,"caption":"Nirigs"},"image":{"@id":"https:\/\/nirigs.com\/#\/schema\/logo\/image\/"}}]}},"brands":[{"id":588,"name":"L'Or\u00e9al Paris","slug":"loreal-paris"}],"_links":{"self":[{"href":"https:\/\/nirigs.com\/en\/wp-json\/wp\/v2\/product\/21807","targetHints":{"allow":["GET"]}}],"collection":[{"href":"https:\/\/nirigs.com\/en\/wp-json\/wp\/v2\/product"}],"about":[{"href":"https:\/\/nirigs.com\/en\/wp-json\/wp\/v2\/types\/product"}],"replies":[{"embeddable":true,"href":"https:\/\/nirigs.com\/en\/wp-json\/wp\/v2\/comments?post=21807"}],"version-history":[{"count":8,"href":"https:\/\/nirigs.com\/en\/wp-json\/wp\/v2\/product\/21807\/revisions"}],"predecessor-version":[{"id":27040,"href":"https:\/\/nirigs.com\/en\/wp-json\/wp\/v2\/product\/21807\/revisions\/27040"}],"wp:featuredmedia":[{"embeddable":true,"href":"https:\/\/nirigs.com\/en\/wp-json\/wp\/v2\/media\/22628"}],"wp:attachment":[{"href":"https:\/\/nirigs.com\/en\/wp-json\/wp\/v2\/media?parent=21807"}],"wp:term":[{"taxonomy":"pwb-brand","embeddable":true,"href":"https:\/\/nirigs.com\/en\/wp-json\/wp\/v2\/pwb-brand?post=21807"},{"taxonomy":"product_brand","embeddable":true,"href":"https:\/\/nirigs.com\/en\/wp-json\/wp\/v2\/product_brand?post=21807"},{"taxonomy":"product_cat","embeddable":true,"href":"https:\/\/nirigs.com\/en\/wp-json\/wp\/v2\/product_cat?post=21807"},{"taxonomy":"product_tag","embeddable":true,"href":"https:\/\/nirigs.com\/en\/wp-json\/wp\/v2\/product_tag?post=21807"}],"curies":[{"name":"wp","href":"https:\/\/api.w.org\/{rel}","templated":true}]}}