{"id":21799,"date":"2024-10-02T17:52:35","date_gmt":"2024-10-02T14:52:35","guid":{"rendered":"https:\/\/nirigs.com\/?post_type=product&#038;p=21799"},"modified":"2025-04-22T11:07:02","modified_gmt":"2025-04-22T08:07:02","slug":"loreal-men-expert-gel-douche-pour-homme-hydra-sensitive-300-ml","status":"publish","type":"product","link":"https:\/\/nirigs.com\/en\/product\/loreal-men-expert-gel-douche-pour-homme-hydra-sensitive-300-ml\/","title":{"rendered":"L'Or\u00e9al Men Expert - Hydra Sensitive Shower Gel for Men - 300 ml"},"content":{"rendered":"<p>L&rsquo;Or\u00e9al Paris Men Expert Hydra Sensitive Birch Juice Shower Gel for Men est le soin optimal pour les peaux stress\u00e9es par le rasage quotidien, le vent, le froid ou la pollution.<\/p>\n<p>La formule du gel douche est enrichie en jus de bouleau. Il d\u00e9barrasse ainsi en douceur la peau des impuret\u00e9s et l&rsquo;apaise en m\u00eame temps. Le gel hydrate la peau pendant 24 heures &#8211; pour une sensation de peau souple et nourrie.<\/p>\n<p>Le gel douche pour hommes L&rsquo;Or\u00e9al Paris Men Expert Hydra Sensitive Birch Juice ne contient ni parab\u00e8nes ni colorants. De plus, le gel douche est adapt\u00e9 \u00e0 l&rsquo;ensemble du corps et peut donc \u00e9galement \u00eatre utilis\u00e9 pour nettoyer le cuir chevelu et le visage.<\/p>\n<h4>Use<\/h4>\n<p>Appliquer le Bodywash sur la peau humide selon les besoins, faire mousser et rincer. Id\u00e9al apr\u00e8s le sport.<\/p>\n<h4>Ingredients<\/h4>\n<div>\n<p>ACRYLATES COPOLYMER, BETULA ALBA JUICE, CITRIC ACID, CITRONELLOL, COCO-BETAINE, EUGENOL, GLYCOL DISTEARATE, LIMONENE, LINALOOL, PPG-5-CETETH-20, PARFUM \/ FRAGRANCE, PENTYLENE GLYCOL, POLYQUATERNIUM-7, POTASSIUM SORBATE, SALICYLIC ACID, SODIUM BENZOATE, SODIUM HYDROXIDE, SODIUM LAURETH SULFATE.<\/p>\n<\/div>\n<p class=\"font-italic mt-3\"><\/p>","protected":false},"excerpt":{"rendered":"<p><br data-mce-bogus=\"1\"><\/p>","protected":false},"featured_media":22758,"comment_status":"open","ping_status":"closed","template":"","meta":[],"pwb-brand":[1104],"product_brand":[],"product_cat":[1049,267,1081,1077],"product_tag":[],"class_list":{"0":"post-21799","1":"product","2":"type-product","3":"status-publish","4":"has-post-thumbnail","6":"pwb-brand-loreal-men-expert","7":"product_cat-bain-savons-et-soin-du-corps","8":"product_cat-beaute-et-soins","9":"product_cat-gels-douche","10":"product_cat-savons-et-gels-douche","12":"first","13":"instock","14":"shipping-taxable","15":"purchasable","16":"product-type-simple"},"yoast_head":"<!-- This site is optimized with the Yoast SEO plugin v27.1.1 - https:\/\/yoast.com\/product\/yoast-seo-wordpress\/ -->\n<title>L\u2019Or\u00e9al Men Expert \u2013 Gel douche pour homme Hydra sensitive - 300 ml - NIRIGS<\/title>\n<meta name=\"robots\" content=\"index, follow, max-snippet:-1, max-image-preview:large, max-video-preview:-1\" \/>\n<link rel=\"canonical\" href=\"https:\/\/nirigs.com\/en\/product\/loreal-men-expert-gel-douche-pour-homme-hydra-sensitive-300-ml\/\" \/>\n<meta property=\"og:locale\" content=\"en_US\" \/>\n<meta property=\"og:type\" content=\"article\" \/>\n<meta property=\"og:title\" content=\"L\u2019Or\u00e9al Men Expert \u2013 Gel douche pour homme Hydra sensitive - 300 ml - NIRIGS\" \/>\n<meta property=\"og:url\" content=\"https:\/\/nirigs.com\/en\/product\/loreal-men-expert-gel-douche-pour-homme-hydra-sensitive-300-ml\/\" \/>\n<meta property=\"og:site_name\" content=\"NIRIGS\" \/>\n<meta property=\"article:modified_time\" content=\"2025-04-22T08:07:02+00:00\" \/>\n<meta property=\"og:image\" content=\"https:\/\/nirigs.com\/wp-content\/uploads\/2024\/09\/LOreal-Men-Expert-\u2013-Gel-douche-pour-homme-Hydra-sensitive-300-ml.jpg\" \/>\n\t<meta property=\"og:image:width\" content=\"1000\" \/>\n\t<meta property=\"og:image:height\" content=\"1000\" \/>\n\t<meta property=\"og:image:type\" content=\"image\/jpeg\" \/>\n<meta name=\"twitter:card\" content=\"summary_large_image\" \/>\n<meta name=\"twitter:label1\" content=\"Est. reading time\" \/>\n\t<meta name=\"twitter:data1\" content=\"1 minute\" \/>\n<script type=\"application\/ld+json\" class=\"yoast-schema-graph\">{\"@context\":\"https:\/\/schema.org\",\"@graph\":[{\"@type\":\"WebPage\",\"@id\":\"https:\/\/nirigs.com\/product\/loreal-men-expert-gel-douche-pour-homme-hydra-sensitive-300-ml\/\",\"url\":\"https:\/\/nirigs.com\/product\/loreal-men-expert-gel-douche-pour-homme-hydra-sensitive-300-ml\/\",\"name\":\"L\u2019Or\u00e9al Men Expert \u2013 Gel douche pour homme Hydra sensitive - 300 ml - NIRIGS\",\"isPartOf\":{\"@id\":\"https:\/\/nirigs.com\/#website\"},\"primaryImageOfPage\":{\"@id\":\"https:\/\/nirigs.com\/product\/loreal-men-expert-gel-douche-pour-homme-hydra-sensitive-300-ml\/#primaryimage\"},\"image\":{\"@id\":\"https:\/\/nirigs.com\/product\/loreal-men-expert-gel-douche-pour-homme-hydra-sensitive-300-ml\/#primaryimage\"},\"thumbnailUrl\":\"https:\/\/nirigs.com\/wp-content\/uploads\/2024\/09\/LOreal-Men-Expert-\u2013-Gel-douche-pour-homme-Hydra-sensitive-300-ml.jpg\",\"datePublished\":\"2024-10-02T14:52:35+00:00\",\"dateModified\":\"2025-04-22T08:07:02+00:00\",\"breadcrumb\":{\"@id\":\"https:\/\/nirigs.com\/product\/loreal-men-expert-gel-douche-pour-homme-hydra-sensitive-300-ml\/#breadcrumb\"},\"inLanguage\":\"en-US\",\"potentialAction\":[{\"@type\":\"ReadAction\",\"target\":[\"https:\/\/nirigs.com\/product\/loreal-men-expert-gel-douche-pour-homme-hydra-sensitive-300-ml\/\"]}]},{\"@type\":\"ImageObject\",\"inLanguage\":\"en-US\",\"@id\":\"https:\/\/nirigs.com\/product\/loreal-men-expert-gel-douche-pour-homme-hydra-sensitive-300-ml\/#primaryimage\",\"url\":\"https:\/\/nirigs.com\/wp-content\/uploads\/2024\/09\/LOreal-Men-Expert-\u2013-Gel-douche-pour-homme-Hydra-sensitive-300-ml.jpg\",\"contentUrl\":\"https:\/\/nirigs.com\/wp-content\/uploads\/2024\/09\/LOreal-Men-Expert-\u2013-Gel-douche-pour-homme-Hydra-sensitive-300-ml.jpg\",\"width\":1000,\"height\":1000},{\"@type\":\"BreadcrumbList\",\"@id\":\"https:\/\/nirigs.com\/product\/loreal-men-expert-gel-douche-pour-homme-hydra-sensitive-300-ml\/#breadcrumb\",\"itemListElement\":[{\"@type\":\"ListItem\",\"position\":1,\"name\":\"Home\",\"item\":\"https:\/\/nirigs.com\/\"},{\"@type\":\"ListItem\",\"position\":2,\"name\":\"Parcourir\",\"item\":\"https:\/\/nirigs.com\/boutique\/\"},{\"@type\":\"ListItem\",\"position\":3,\"name\":\"L\u2019Or\u00e9al Men Expert \u2013 Gel douche pour homme Hydra sensitive &#8211; 300 ml\"}]},{\"@type\":\"WebSite\",\"@id\":\"https:\/\/nirigs.com\/#website\",\"url\":\"https:\/\/nirigs.com\/\",\"name\":\"Nirigs.com\",\"description\":\"Simplifiez vos achats du quotidien \u00e0 Djibouti\",\"publisher\":{\"@id\":\"https:\/\/nirigs.com\/#organization\"},\"potentialAction\":[{\"@type\":\"SearchAction\",\"target\":{\"@type\":\"EntryPoint\",\"urlTemplate\":\"https:\/\/nirigs.com\/?s={search_term_string}\"},\"query-input\":{\"@type\":\"PropertyValueSpecification\",\"valueRequired\":true,\"valueName\":\"search_term_string\"}}],\"inLanguage\":\"en-US\"},{\"@type\":\"Organization\",\"@id\":\"https:\/\/nirigs.com\/#organization\",\"name\":\"Nirigs\",\"url\":\"https:\/\/nirigs.com\/\",\"logo\":{\"@type\":\"ImageObject\",\"inLanguage\":\"en-US\",\"@id\":\"https:\/\/nirigs.com\/#\/schema\/logo\/image\/\",\"url\":\"https:\/\/nirigs.com\/wp-content\/uploads\/2025\/04\/Design-sans-titre-27.png\",\"contentUrl\":\"https:\/\/nirigs.com\/wp-content\/uploads\/2025\/04\/Design-sans-titre-27.png\",\"width\":500,\"height\":500,\"caption\":\"Nirigs\"},\"image\":{\"@id\":\"https:\/\/nirigs.com\/#\/schema\/logo\/image\/\"}}]}<\/script>\n<!-- \/ Yoast SEO plugin. -->","yoast_head_json":{"title":"L\u2019Or\u00e9al Men Expert \u2013 Gel douche pour homme Hydra sensitive - 300 ml - NIRIGS","robots":{"index":"index","follow":"follow","max-snippet":"max-snippet:-1","max-image-preview":"max-image-preview:large","max-video-preview":"max-video-preview:-1"},"canonical":"https:\/\/nirigs.com\/en\/product\/loreal-men-expert-gel-douche-pour-homme-hydra-sensitive-300-ml\/","og_locale":"en_US","og_type":"article","og_title":"L\u2019Or\u00e9al Men Expert \u2013 Gel douche pour homme Hydra sensitive - 300 ml - NIRIGS","og_url":"https:\/\/nirigs.com\/en\/product\/loreal-men-expert-gel-douche-pour-homme-hydra-sensitive-300-ml\/","og_site_name":"NIRIGS","article_modified_time":"2025-04-22T08:07:02+00:00","og_image":[{"width":1000,"height":1000,"url":"https:\/\/nirigs.com\/wp-content\/uploads\/2024\/09\/LOreal-Men-Expert-\u2013-Gel-douche-pour-homme-Hydra-sensitive-300-ml.jpg","type":"image\/jpeg"}],"twitter_card":"summary_large_image","twitter_misc":{"Est. reading time":"1 minute"},"schema":{"@context":"https:\/\/schema.org","@graph":[{"@type":"WebPage","@id":"https:\/\/nirigs.com\/product\/loreal-men-expert-gel-douche-pour-homme-hydra-sensitive-300-ml\/","url":"https:\/\/nirigs.com\/product\/loreal-men-expert-gel-douche-pour-homme-hydra-sensitive-300-ml\/","name":"L\u2019Or\u00e9al Men Expert \u2013 Gel douche pour homme Hydra sensitive - 300 ml - NIRIGS","isPartOf":{"@id":"https:\/\/nirigs.com\/#website"},"primaryImageOfPage":{"@id":"https:\/\/nirigs.com\/product\/loreal-men-expert-gel-douche-pour-homme-hydra-sensitive-300-ml\/#primaryimage"},"image":{"@id":"https:\/\/nirigs.com\/product\/loreal-men-expert-gel-douche-pour-homme-hydra-sensitive-300-ml\/#primaryimage"},"thumbnailUrl":"https:\/\/nirigs.com\/wp-content\/uploads\/2024\/09\/LOreal-Men-Expert-\u2013-Gel-douche-pour-homme-Hydra-sensitive-300-ml.jpg","datePublished":"2024-10-02T14:52:35+00:00","dateModified":"2025-04-22T08:07:02+00:00","breadcrumb":{"@id":"https:\/\/nirigs.com\/product\/loreal-men-expert-gel-douche-pour-homme-hydra-sensitive-300-ml\/#breadcrumb"},"inLanguage":"en-US","potentialAction":[{"@type":"ReadAction","target":["https:\/\/nirigs.com\/product\/loreal-men-expert-gel-douche-pour-homme-hydra-sensitive-300-ml\/"]}]},{"@type":"ImageObject","inLanguage":"en-US","@id":"https:\/\/nirigs.com\/product\/loreal-men-expert-gel-douche-pour-homme-hydra-sensitive-300-ml\/#primaryimage","url":"https:\/\/nirigs.com\/wp-content\/uploads\/2024\/09\/LOreal-Men-Expert-\u2013-Gel-douche-pour-homme-Hydra-sensitive-300-ml.jpg","contentUrl":"https:\/\/nirigs.com\/wp-content\/uploads\/2024\/09\/LOreal-Men-Expert-\u2013-Gel-douche-pour-homme-Hydra-sensitive-300-ml.jpg","width":1000,"height":1000},{"@type":"BreadcrumbList","@id":"https:\/\/nirigs.com\/product\/loreal-men-expert-gel-douche-pour-homme-hydra-sensitive-300-ml\/#breadcrumb","itemListElement":[{"@type":"ListItem","position":1,"name":"Home","item":"https:\/\/nirigs.com\/"},{"@type":"ListItem","position":2,"name":"Parcourir","item":"https:\/\/nirigs.com\/boutique\/"},{"@type":"ListItem","position":3,"name":"L\u2019Or\u00e9al Men Expert \u2013 Gel douche pour homme Hydra sensitive &#8211; 300 ml"}]},{"@type":"WebSite","@id":"https:\/\/nirigs.com\/#website","url":"https:\/\/nirigs.com\/","name":"Nirigs.com","description":"Simplifiez vos achats du quotidien \u00e0 Djibouti","publisher":{"@id":"https:\/\/nirigs.com\/#organization"},"potentialAction":[{"@type":"SearchAction","target":{"@type":"EntryPoint","urlTemplate":"https:\/\/nirigs.com\/?s={search_term_string}"},"query-input":{"@type":"PropertyValueSpecification","valueRequired":true,"valueName":"search_term_string"}}],"inLanguage":"en-US"},{"@type":"Organization","@id":"https:\/\/nirigs.com\/#organization","name":"Nirigs","url":"https:\/\/nirigs.com\/","logo":{"@type":"ImageObject","inLanguage":"en-US","@id":"https:\/\/nirigs.com\/#\/schema\/logo\/image\/","url":"https:\/\/nirigs.com\/wp-content\/uploads\/2025\/04\/Design-sans-titre-27.png","contentUrl":"https:\/\/nirigs.com\/wp-content\/uploads\/2025\/04\/Design-sans-titre-27.png","width":500,"height":500,"caption":"Nirigs"},"image":{"@id":"https:\/\/nirigs.com\/#\/schema\/logo\/image\/"}}]}},"brands":[{"id":1104,"name":"L'Or\u00e9al Men Expert","slug":"loreal-men-expert"}],"_links":{"self":[{"href":"https:\/\/nirigs.com\/en\/wp-json\/wp\/v2\/product\/21799","targetHints":{"allow":["GET"]}}],"collection":[{"href":"https:\/\/nirigs.com\/en\/wp-json\/wp\/v2\/product"}],"about":[{"href":"https:\/\/nirigs.com\/en\/wp-json\/wp\/v2\/types\/product"}],"replies":[{"embeddable":true,"href":"https:\/\/nirigs.com\/en\/wp-json\/wp\/v2\/comments?post=21799"}],"version-history":[{"count":6,"href":"https:\/\/nirigs.com\/en\/wp-json\/wp\/v2\/product\/21799\/revisions"}],"predecessor-version":[{"id":26958,"href":"https:\/\/nirigs.com\/en\/wp-json\/wp\/v2\/product\/21799\/revisions\/26958"}],"wp:featuredmedia":[{"embeddable":true,"href":"https:\/\/nirigs.com\/en\/wp-json\/wp\/v2\/media\/22758"}],"wp:attachment":[{"href":"https:\/\/nirigs.com\/en\/wp-json\/wp\/v2\/media?parent=21799"}],"wp:term":[{"taxonomy":"pwb-brand","embeddable":true,"href":"https:\/\/nirigs.com\/en\/wp-json\/wp\/v2\/pwb-brand?post=21799"},{"taxonomy":"product_brand","embeddable":true,"href":"https:\/\/nirigs.com\/en\/wp-json\/wp\/v2\/product_brand?post=21799"},{"taxonomy":"product_cat","embeddable":true,"href":"https:\/\/nirigs.com\/en\/wp-json\/wp\/v2\/product_cat?post=21799"},{"taxonomy":"product_tag","embeddable":true,"href":"https:\/\/nirigs.com\/en\/wp-json\/wp\/v2\/product_tag?post=21799"}],"curies":[{"name":"wp","href":"https:\/\/api.w.org\/{rel}","templated":true}]}}