{"id":21795,"date":"2024-10-02T17:52:27","date_gmt":"2024-10-02T14:52:27","guid":{"rendered":"https:\/\/nirigs.com\/?post_type=product&#038;p=21795"},"modified":"2025-04-22T11:11:07","modified_gmt":"2025-04-22T08:11:07","slug":"loreal-men-expert-stop-stress-gel-douche-300-ml","status":"publish","type":"product","link":"https:\/\/nirigs.com\/en\/product\/loreal-men-expert-stop-stress-gel-douche-300-ml\/","title":{"rendered":"L'Or\u00e9al-Men Expert - Stop Stress Shower Gel - 300 ml"},"content":{"rendered":"<p>Le 1er gel douche relaxant enrichi d&rsquo;un parfum frais bois\u00e9 et fruit\u00e9 pour une sensation de bien-\u00eatre instantan\u00e9e. Le pouvoir de la douche Stop Stress quel que soit le niveau de stress de votre journ\u00e9e, la douche Stop Stress aidera votre corps \u00e0 \u00e9vacuer la pression et les tensions accumul\u00e9es. En cas de contact avec les yeux, rincez abondamment \u00e0 l&rsquo;eau.<\/p>\n<p>Test\u00e9 sous contr\u00f4le ophtalmologique et dermatologique. Stress, rythme intense\u2026 toute la journ\u00e9e votre corps accumule de la tension. D\u00e9couvrez le pouvoir relaxant d\u2019un gel douche au parfum bois\u00e9 et fruit\u00e9 enti\u00e8rement con\u00e7u pour aider \u00e0 apaiser votre corps.<\/p>\n<h4>Use<\/h4>\n<p>Facile ! Il permet de nettoyer le corps, le visage et les cheveux en un seul geste. en cas de contact avec les yeux, rincer abondamment \u00e0 l\u2019eau.<\/p>\n<h4>Ingredients<\/h4>\n<p>Aqua\/water, sodium laureth sulfate, glycerin, coco-betaine, sodium chloride, parfum\/fragrance, Cl 14700\/red4, Cl 17200\/red 33, sodium benzoate, sodium hydroxide, theobroma cacao extract\/cocoa extract, PPG-5-ceteth-20, salicylic acid, polyquaternium-7, limonene, linalool, pentylene glycol, mentha piperita extract\/peppermint extract, alpha-isomethyl ionone, citronellol, butylene glycol, vitis vinifera seed extract\/grape seed extract, citric acid, coumarin. (F.I.L. C214507\/1).<\/p>","protected":false},"excerpt":{"rendered":"<p><br data-mce-bogus=\"1\"><\/p>","protected":false},"featured_media":21797,"comment_status":"open","ping_status":"closed","template":"","meta":[],"pwb-brand":[1104],"product_brand":[],"product_cat":[1049,267,1081,1077],"product_tag":[],"class_list":{"0":"post-21795","1":"product","2":"type-product","3":"status-publish","4":"has-post-thumbnail","6":"pwb-brand-loreal-men-expert","7":"product_cat-bain-savons-et-soin-du-corps","8":"product_cat-beaute-et-soins","9":"product_cat-gels-douche","10":"product_cat-savons-et-gels-douche","12":"first","13":"instock","14":"shipping-taxable","15":"purchasable","16":"product-type-simple"},"yoast_head":"<!-- This site is optimized with the Yoast SEO plugin v27.1.1 - https:\/\/yoast.com\/product\/yoast-seo-wordpress\/ -->\n<title>L&#039;Or\u00e9al-Men Expert - Stop Stress Gel Douche - 300 ml - NIRIGS<\/title>\n<meta name=\"robots\" content=\"index, follow, max-snippet:-1, max-image-preview:large, max-video-preview:-1\" \/>\n<link rel=\"canonical\" href=\"https:\/\/nirigs.com\/en\/product\/loreal-men-expert-stop-stress-gel-douche-300-ml\/\" \/>\n<meta property=\"og:locale\" content=\"en_US\" \/>\n<meta property=\"og:type\" content=\"article\" \/>\n<meta property=\"og:title\" content=\"L&#039;Or\u00e9al-Men Expert - Stop Stress Gel Douche - 300 ml - NIRIGS\" \/>\n<meta property=\"og:url\" content=\"https:\/\/nirigs.com\/en\/product\/loreal-men-expert-stop-stress-gel-douche-300-ml\/\" \/>\n<meta property=\"og:site_name\" content=\"NIRIGS\" \/>\n<meta property=\"article:modified_time\" content=\"2025-04-22T08:11:07+00:00\" \/>\n<meta property=\"og:image\" content=\"https:\/\/nirigs.com\/wp-content\/uploads\/2024\/09\/LOreal-Men-Expert-Stop-Stress-Gel-Douche-300-ml-Lot-de-1.jpg\" \/>\n\t<meta property=\"og:image:width\" content=\"1000\" \/>\n\t<meta property=\"og:image:height\" content=\"1000\" \/>\n\t<meta property=\"og:image:type\" content=\"image\/jpeg\" \/>\n<meta name=\"twitter:card\" content=\"summary_large_image\" \/>\n<meta name=\"twitter:label1\" content=\"Est. reading time\" \/>\n\t<meta name=\"twitter:data1\" content=\"1 minute\" \/>\n<script type=\"application\/ld+json\" class=\"yoast-schema-graph\">{\"@context\":\"https:\/\/schema.org\",\"@graph\":[{\"@type\":\"WebPage\",\"@id\":\"https:\/\/nirigs.com\/product\/loreal-men-expert-stop-stress-gel-douche-300-ml\/\",\"url\":\"https:\/\/nirigs.com\/product\/loreal-men-expert-stop-stress-gel-douche-300-ml\/\",\"name\":\"L'Or\u00e9al-Men Expert - Stop Stress Gel Douche - 300 ml - NIRIGS\",\"isPartOf\":{\"@id\":\"https:\/\/nirigs.com\/#website\"},\"primaryImageOfPage\":{\"@id\":\"https:\/\/nirigs.com\/product\/loreal-men-expert-stop-stress-gel-douche-300-ml\/#primaryimage\"},\"image\":{\"@id\":\"https:\/\/nirigs.com\/product\/loreal-men-expert-stop-stress-gel-douche-300-ml\/#primaryimage\"},\"thumbnailUrl\":\"https:\/\/nirigs.com\/wp-content\/uploads\/2024\/09\/LOreal-Men-Expert-Stop-Stress-Gel-Douche-300-ml-Lot-de-1.jpg\",\"datePublished\":\"2024-10-02T14:52:27+00:00\",\"dateModified\":\"2025-04-22T08:11:07+00:00\",\"breadcrumb\":{\"@id\":\"https:\/\/nirigs.com\/product\/loreal-men-expert-stop-stress-gel-douche-300-ml\/#breadcrumb\"},\"inLanguage\":\"en-US\",\"potentialAction\":[{\"@type\":\"ReadAction\",\"target\":[\"https:\/\/nirigs.com\/product\/loreal-men-expert-stop-stress-gel-douche-300-ml\/\"]}]},{\"@type\":\"ImageObject\",\"inLanguage\":\"en-US\",\"@id\":\"https:\/\/nirigs.com\/product\/loreal-men-expert-stop-stress-gel-douche-300-ml\/#primaryimage\",\"url\":\"https:\/\/nirigs.com\/wp-content\/uploads\/2024\/09\/LOreal-Men-Expert-Stop-Stress-Gel-Douche-300-ml-Lot-de-1.jpg\",\"contentUrl\":\"https:\/\/nirigs.com\/wp-content\/uploads\/2024\/09\/LOreal-Men-Expert-Stop-Stress-Gel-Douche-300-ml-Lot-de-1.jpg\",\"width\":1000,\"height\":1000},{\"@type\":\"BreadcrumbList\",\"@id\":\"https:\/\/nirigs.com\/product\/loreal-men-expert-stop-stress-gel-douche-300-ml\/#breadcrumb\",\"itemListElement\":[{\"@type\":\"ListItem\",\"position\":1,\"name\":\"Home\",\"item\":\"https:\/\/nirigs.com\/\"},{\"@type\":\"ListItem\",\"position\":2,\"name\":\"Parcourir\",\"item\":\"https:\/\/nirigs.com\/boutique\/\"},{\"@type\":\"ListItem\",\"position\":3,\"name\":\"L&rsquo;Or\u00e9al-Men Expert &#8211; Stop Stress Gel Douche &#8211; 300 ml\"}]},{\"@type\":\"WebSite\",\"@id\":\"https:\/\/nirigs.com\/#website\",\"url\":\"https:\/\/nirigs.com\/\",\"name\":\"Nirigs.com\",\"description\":\"Simplifiez vos achats du quotidien \u00e0 Djibouti\",\"publisher\":{\"@id\":\"https:\/\/nirigs.com\/#organization\"},\"potentialAction\":[{\"@type\":\"SearchAction\",\"target\":{\"@type\":\"EntryPoint\",\"urlTemplate\":\"https:\/\/nirigs.com\/?s={search_term_string}\"},\"query-input\":{\"@type\":\"PropertyValueSpecification\",\"valueRequired\":true,\"valueName\":\"search_term_string\"}}],\"inLanguage\":\"en-US\"},{\"@type\":\"Organization\",\"@id\":\"https:\/\/nirigs.com\/#organization\",\"name\":\"Nirigs\",\"url\":\"https:\/\/nirigs.com\/\",\"logo\":{\"@type\":\"ImageObject\",\"inLanguage\":\"en-US\",\"@id\":\"https:\/\/nirigs.com\/#\/schema\/logo\/image\/\",\"url\":\"https:\/\/nirigs.com\/wp-content\/uploads\/2025\/04\/Design-sans-titre-27.png\",\"contentUrl\":\"https:\/\/nirigs.com\/wp-content\/uploads\/2025\/04\/Design-sans-titre-27.png\",\"width\":500,\"height\":500,\"caption\":\"Nirigs\"},\"image\":{\"@id\":\"https:\/\/nirigs.com\/#\/schema\/logo\/image\/\"}}]}<\/script>\n<!-- \/ Yoast SEO plugin. -->","yoast_head_json":{"title":"L'Or\u00e9al-Men Expert - Stop Stress Gel Douche - 300 ml - NIRIGS","robots":{"index":"index","follow":"follow","max-snippet":"max-snippet:-1","max-image-preview":"max-image-preview:large","max-video-preview":"max-video-preview:-1"},"canonical":"https:\/\/nirigs.com\/en\/product\/loreal-men-expert-stop-stress-gel-douche-300-ml\/","og_locale":"en_US","og_type":"article","og_title":"L'Or\u00e9al-Men Expert - Stop Stress Gel Douche - 300 ml - NIRIGS","og_url":"https:\/\/nirigs.com\/en\/product\/loreal-men-expert-stop-stress-gel-douche-300-ml\/","og_site_name":"NIRIGS","article_modified_time":"2025-04-22T08:11:07+00:00","og_image":[{"width":1000,"height":1000,"url":"https:\/\/nirigs.com\/wp-content\/uploads\/2024\/09\/LOreal-Men-Expert-Stop-Stress-Gel-Douche-300-ml-Lot-de-1.jpg","type":"image\/jpeg"}],"twitter_card":"summary_large_image","twitter_misc":{"Est. reading time":"1 minute"},"schema":{"@context":"https:\/\/schema.org","@graph":[{"@type":"WebPage","@id":"https:\/\/nirigs.com\/product\/loreal-men-expert-stop-stress-gel-douche-300-ml\/","url":"https:\/\/nirigs.com\/product\/loreal-men-expert-stop-stress-gel-douche-300-ml\/","name":"L'Or\u00e9al-Men Expert - Stop Stress Gel Douche - 300 ml - NIRIGS","isPartOf":{"@id":"https:\/\/nirigs.com\/#website"},"primaryImageOfPage":{"@id":"https:\/\/nirigs.com\/product\/loreal-men-expert-stop-stress-gel-douche-300-ml\/#primaryimage"},"image":{"@id":"https:\/\/nirigs.com\/product\/loreal-men-expert-stop-stress-gel-douche-300-ml\/#primaryimage"},"thumbnailUrl":"https:\/\/nirigs.com\/wp-content\/uploads\/2024\/09\/LOreal-Men-Expert-Stop-Stress-Gel-Douche-300-ml-Lot-de-1.jpg","datePublished":"2024-10-02T14:52:27+00:00","dateModified":"2025-04-22T08:11:07+00:00","breadcrumb":{"@id":"https:\/\/nirigs.com\/product\/loreal-men-expert-stop-stress-gel-douche-300-ml\/#breadcrumb"},"inLanguage":"en-US","potentialAction":[{"@type":"ReadAction","target":["https:\/\/nirigs.com\/product\/loreal-men-expert-stop-stress-gel-douche-300-ml\/"]}]},{"@type":"ImageObject","inLanguage":"en-US","@id":"https:\/\/nirigs.com\/product\/loreal-men-expert-stop-stress-gel-douche-300-ml\/#primaryimage","url":"https:\/\/nirigs.com\/wp-content\/uploads\/2024\/09\/LOreal-Men-Expert-Stop-Stress-Gel-Douche-300-ml-Lot-de-1.jpg","contentUrl":"https:\/\/nirigs.com\/wp-content\/uploads\/2024\/09\/LOreal-Men-Expert-Stop-Stress-Gel-Douche-300-ml-Lot-de-1.jpg","width":1000,"height":1000},{"@type":"BreadcrumbList","@id":"https:\/\/nirigs.com\/product\/loreal-men-expert-stop-stress-gel-douche-300-ml\/#breadcrumb","itemListElement":[{"@type":"ListItem","position":1,"name":"Home","item":"https:\/\/nirigs.com\/"},{"@type":"ListItem","position":2,"name":"Parcourir","item":"https:\/\/nirigs.com\/boutique\/"},{"@type":"ListItem","position":3,"name":"L&rsquo;Or\u00e9al-Men Expert &#8211; Stop Stress Gel Douche &#8211; 300 ml"}]},{"@type":"WebSite","@id":"https:\/\/nirigs.com\/#website","url":"https:\/\/nirigs.com\/","name":"Nirigs.com","description":"Simplifiez vos achats du quotidien \u00e0 Djibouti","publisher":{"@id":"https:\/\/nirigs.com\/#organization"},"potentialAction":[{"@type":"SearchAction","target":{"@type":"EntryPoint","urlTemplate":"https:\/\/nirigs.com\/?s={search_term_string}"},"query-input":{"@type":"PropertyValueSpecification","valueRequired":true,"valueName":"search_term_string"}}],"inLanguage":"en-US"},{"@type":"Organization","@id":"https:\/\/nirigs.com\/#organization","name":"Nirigs","url":"https:\/\/nirigs.com\/","logo":{"@type":"ImageObject","inLanguage":"en-US","@id":"https:\/\/nirigs.com\/#\/schema\/logo\/image\/","url":"https:\/\/nirigs.com\/wp-content\/uploads\/2025\/04\/Design-sans-titre-27.png","contentUrl":"https:\/\/nirigs.com\/wp-content\/uploads\/2025\/04\/Design-sans-titre-27.png","width":500,"height":500,"caption":"Nirigs"},"image":{"@id":"https:\/\/nirigs.com\/#\/schema\/logo\/image\/"}}]}},"brands":[{"id":1104,"name":"L'Or\u00e9al Men Expert","slug":"loreal-men-expert"}],"_links":{"self":[{"href":"https:\/\/nirigs.com\/en\/wp-json\/wp\/v2\/product\/21795","targetHints":{"allow":["GET"]}}],"collection":[{"href":"https:\/\/nirigs.com\/en\/wp-json\/wp\/v2\/product"}],"about":[{"href":"https:\/\/nirigs.com\/en\/wp-json\/wp\/v2\/types\/product"}],"replies":[{"embeddable":true,"href":"https:\/\/nirigs.com\/en\/wp-json\/wp\/v2\/comments?post=21795"}],"version-history":[{"count":5,"href":"https:\/\/nirigs.com\/en\/wp-json\/wp\/v2\/product\/21795\/revisions"}],"predecessor-version":[{"id":26959,"href":"https:\/\/nirigs.com\/en\/wp-json\/wp\/v2\/product\/21795\/revisions\/26959"}],"wp:featuredmedia":[{"embeddable":true,"href":"https:\/\/nirigs.com\/en\/wp-json\/wp\/v2\/media\/21797"}],"wp:attachment":[{"href":"https:\/\/nirigs.com\/en\/wp-json\/wp\/v2\/media?parent=21795"}],"wp:term":[{"taxonomy":"pwb-brand","embeddable":true,"href":"https:\/\/nirigs.com\/en\/wp-json\/wp\/v2\/pwb-brand?post=21795"},{"taxonomy":"product_brand","embeddable":true,"href":"https:\/\/nirigs.com\/en\/wp-json\/wp\/v2\/product_brand?post=21795"},{"taxonomy":"product_cat","embeddable":true,"href":"https:\/\/nirigs.com\/en\/wp-json\/wp\/v2\/product_cat?post=21795"},{"taxonomy":"product_tag","embeddable":true,"href":"https:\/\/nirigs.com\/en\/wp-json\/wp\/v2\/product_tag?post=21795"}],"curies":[{"name":"wp","href":"https:\/\/api.w.org\/{rel}","templated":true}]}}